{"id":1530,"date":"2023-11-17T17:16:59","date_gmt":"2023-11-17T17:16:59","guid":{"rendered":"https:\/\/exceladvisor.org\/tr\/acik-secenek-2\/"},"modified":"2023-12-10T06:07:25","modified_gmt":"2023-12-10T06:07:25","slug":"acik-secenek-2","status":"publish","type":"page","link":"https:\/\/exceladvisor.org\/tr\/acik-secenek-2\/","title":{"rendered":"Vba&#39;da a\u00e7\u0131k se\u00e7enek ifadesi nas\u0131l kullan\u0131l\u0131r?"},"content":{"rendered":"<div class=\"excel-icerikten-once\" id=\"excel-2043076298\"><script type=\"text\/javascript\">\r\n\tatOptions = {\r\n\t\t'key' : 'c1158f160081d6540a8409e6925dab94',\r\n\t\t'format' : 'iframe',\r\n\t\t'height' : 250,\r\n\t\t'width' : 300,\r\n\t\t'params' : {}\r\n\t};\r\n<\/script>\r\n<script type=\"text\/javascript\" src=\"\/\/www.highperformanceformat.com\/c1158f160081d6540a8409e6925dab94\/invoke.js\"><\/script><\/div> <h2 class=\"wp-block-heading\">Anahtar noktalar\u0131<\/h2><ul><li> A\u00e7\u0131k se\u00e7ene\u011fi t\u00fcm <a href=\"https:\/\/exceladvisor.org\/tr\/degiskenler\/\">de\u011fi\u015fkenleri<\/a> bildirmenizi gerektirir.<\/li><li> Bu, bir <a href=\"https:\/\/exceladvisor.org\/tr\/modul\/\">mod\u00fcl\u00fcn<\/a> ba\u015flang\u0131c\u0131nda kullanabilece\u011finiz bir bildirimdir.<\/li><li> Manuel olarak girebilir veya se\u00e7eneklerden etkinle\u015ftirebilirsiniz.<\/li><li> Option Explicit&#8217;i yaln\u0131zca bir kez kullanmal\u0131s\u0131n\u0131z.<\/li><li> Ayr\u0131ca de\u011fi\u015fkenleri kullan\u0131rken <a href=\"https:\/\/exceladvisor.org\/tr\/hata-yonetimi\/\">yaz\u0131m hatalar\u0131n\u0131<\/a> tan\u0131mlaman\u0131za da yard\u0131mc\u0131 olur.<\/li><\/ul><h2 class=\"wp-block-heading\"> A\u00e7\u0131k VBA se\u00e7ene\u011fi nedir<\/h2><p> Option Explicit, sizi t\u00fcm de\u011fi\u015fkenleri bildirmeye zorlamak i\u00e7in mod\u00fcl\u00fcn ba\u015flang\u0131c\u0131nda kullanabilece\u011finiz bir ifadedir. Bu ifadeyi ekledi\u011finizde, kodu \u00e7al\u0131\u015ft\u0131rd\u0131\u011f\u0131n\u0131zda VBA size bir derleme hatas\u0131 g\u00f6sterir ve ayr\u0131ca kodda bildirmeniz gereken de\u011fi\u015fkeni de vurgular. <\/p><div class=\"wp-block-image\"><figure class=\"aligncenter size-large is-resized\"><img loading=\"lazy\" decoding=\"async\" class=\"wp-image-49733\" src=\"https:\/\/exceladvisor.org\/wp-content\/uploads\/2023\/08\/1-option-vba-explicite.png\" sizes=\"auto, \" srcset=\"\" alt=\"vba-se\u00e7enek-a\u00e7\u0131k\" width=\"325\" height=\"127\"><\/figure><\/div><p> Bir mod\u00fcl\u00fcn ba\u015f\u0131na a\u00e7\u0131k bir se\u00e7enek ekledi\u011finizde, VBA bunun alt\u0131na bir ay\u0131r\u0131c\u0131 \u00e7izgi ekler ve ard\u0131ndan bir prosed\u00fcr yazmaya ba\u015flayabilirsiniz. A\u00e7\u0131k bildirim se\u00e7ene\u011finiz oldu\u011funda ve bir prosed\u00fcr \u00e7al\u0131\u015ft\u0131rd\u0131\u011f\u0131n\u0131zda, VBA bildirilmemi\u015f bir de\u011fi\u015fken olup olmad\u0131\u011f\u0131n\u0131 kontrol eder ve size bir hata mesaj\u0131 g\u00f6sterir. <\/p><pre class=\"wp-block-code\"> <code class=\"language-visual-basic\" lang=\"visual-basic\">Option Explicit Sub myMacro() a = 50 MsgBox a End Sub<\/code><\/pre><div class=\"wp-block-image\"><figure class=\"aligncenter size-large is-resized\"><img loading=\"lazy\" decoding=\"async\" class=\"wp-image-49734\" src=\"https:\/\/exceladvisor.org\/wp-content\/uploads\/2023\/08\/2-vba-ajoute-une-ligne-de-separation.png\" sizes=\"auto, \" srcset=\"\" alt=\"vba-add ay\u0131r\u0131c\u0131 sat\u0131r\u0131\" width=\"387\" height=\"218\"><\/figure><\/div><p> Yukar\u0131da bir de\u011fi\u015fken bildirilmedi\u011finde ald\u0131\u011f\u0131n\u0131z mesaj yer almaktad\u0131r.<\/p><h2 class=\"wp-block-heading\"> VBA&#8217;da a\u00e7\u0131k se\u00e7ene\u011fi etkinle\u015ftir<\/h2><p> <strong>Bir mod\u00fclde a\u00e7\u0131k se\u00e7enek bildirimini etkinle\u015ftirmek i\u00e7in \u015fu ad\u0131mlar\u0131 izleyin.<\/strong><\/p><ol><li> \u00d6ncelikle Visual Basic D\u00fczenleyicisi&#8217;ni a\u00e7\u0131n ve Ara\u00e7lar men\u00fcs\u00fcnde Se\u00e7enekler&#8217;e t\u0131klay\u0131n. <br><img loading=\"lazy\" decoding=\"async\" title=\"3-vba'da-a\u00e7\u0131k-etkinle\u015ftirme se\u00e7ene\u011fi\" src=\"https:\/\/exceladvisor.org\/wp-content\/uploads\/2023\/08\/3-activer-loption-explicite-dans-vba.png\" sizes=\"auto, \" srcset=\"\" alt=\"activate-option-explicit-in-vba\" width=\"521\" height=\"210\"><\/li><li> Bundan sonra se\u00e7eneklerde edit\u00f6r sekmesine gidin ve \u201cDe\u011fi\u015fken bildirimi gerektir\u201d kutusunu i\u015faretleyin. <br><img loading=\"lazy\" decoding=\"async\" title=\"4 sekmeli d\u00fczenleyici ve onay i\u015fareti\" src=\"https:\/\/exceladvisor.org\/wp-content\/uploads\/2023\/08\/4-onglet-de-lediteur-et-coche.png\" sizes=\"auto, \" srcset=\"\" alt=\"editor-tab-and-tick-mark\" width=\"525\" height=\"373\"><\/li><li> Sonunda Tamam&#8217;\u0131 t\u0131klay\u0131n.<\/li><li> Bunu yapt\u0131\u011f\u0131n\u0131zda, her yeni mod\u00fcl ekledi\u011finizde VBA a\u00e7\u0131k bir se\u00e7enek ekleyecektir.<\/li><\/ol><p> Ancak bu bildirimi mevcut mod\u00fcl\u00fcn\u00fcze eklemez, dolay\u0131s\u0131yla bunlar\u0131 mevcut mod\u00fcllerin her birine tek tek manuel olarak eklemeniz gerekir.<\/p><h2 class=\"wp-block-heading\"> Manuel olarak nas\u0131l eklenir?<\/h2><p> Bahsetti\u011fim gibi Option Explicit deyiminin ilk mod\u00fcl prosed\u00fcr\u00fcnden (Sub veya Function) \u00f6nce gelmesi gerekir. Bu nedenle, bu bildirimi ilk prosed\u00fcr\u00fcn \u00fcst\u00fcne (genel bildirimler alan\u0131) eklemeniz ve yaln\u0131zca bir kez ekledi\u011finizden emin olman\u0131z gerekir. <\/p><div class=\"wp-block-image\"><figure class=\"aligncenter size-large is-resized\"><img loading=\"lazy\" decoding=\"async\" class=\"wp-image-49738\" src=\"https:\/\/exceladvisor.org\/wp-content\/uploads\/2023\/08\/5-zones-de-declarations-generales.png\" sizes=\"auto, \" srcset=\"\" alt=\"genel-bildirimler-alan\u0131\" width=\"344\" height=\"392\"><\/figure><\/div><p> Bunu bir prosed\u00fcr\u00fcn i\u00e7ine veya iki prosed\u00fcr aras\u0131na eklerseniz, mod\u00fcl\u00fcn kodlar\u0131ndan herhangi birini \u00e7al\u0131\u015ft\u0131rmay\u0131 denedi\u011finizde VBA size bir hata g\u00f6sterecektir. <\/p><div class=\"wp-block-image\"><figure class=\"aligncenter size-large is-resized\"><img loading=\"lazy\" decoding=\"async\" class=\"wp-image-49739\" src=\"https:\/\/exceladvisor.org\/wp-content\/uploads\/2023\/08\/6-vba-vous-montrera-une-erreur.png\" sizes=\"auto, \" srcset=\"\" alt=\"vba-size-bir-hata-g\u00f6sterecek\" width=\"488\" height=\"305\"><\/figure><\/div><h2 class=\"wp-block-heading\"> \u00d6rnekler (Option Explicit Statement&#8217;\u0131 kullanmak neden iyi bir al\u0131\u015fkanl\u0131kt\u0131r)<\/h2><p> Option Explicit ifadesinin neden \u015fiddetle tavsiye edildi\u011fini anlaman\u0131z i\u00e7in size bir \u00f6rnek g\u00f6stereyim. A\u015fa\u011f\u0131daki koda bak\u0131n.<\/p><pre class=\"wp-block-code\"> <code class=\"language-visual-basic\" lang=\"visual-basic\">Sub myMacro() Dim myText As String myText = \"Puneet\" MsgBox MyTxt End Sub<\/code><\/pre><p> Bu kodda &#8220;myText&#8221; de\u011fi\u015fkenini string olarak tan\u0131mlad\u0131m ve ard\u0131ndan bu de\u011fi\u015fkenin de\u011ferini ayarlad\u0131m. Ve sonunda de\u011fi\u015fkenin de\u011ferini g\u00f6steren bir <a href=\"https:\/\/exceladvisor.org\/tr\/vba-mesaj-kutusu\/\">mesaj kutusu<\/a> kulland\u0131m ancak dikkatli bakarsan\u0131z bu de\u011fi\u015fkeni &#8220;myText&#8221; yerine &#8220;MyTxt&#8221; olarak yanl\u0131\u015f yazm\u0131\u015f\u0131m. <\/p><div class=\"wp-block-image\"><figure class=\"aligncenter size-large is-resized\"><img loading=\"lazy\" decoding=\"async\" class=\"wp-image-49740\" src=\"https:\/\/exceladvisor.org\/wp-content\/uploads\/2023\/08\/7-a-declare-une-variable.png\" sizes=\"auto, \" srcset=\"\" alt=\"beyan edilen de\u011fi\u015fken\" width=\"284\" height=\"219\"><\/figure><\/div><p> \u015eimdi <a href=\"https:\/\/exceladvisor.org\/tr\/makro-2yi-calistir\/\">bu kodu<\/a> \u00e7al\u0131\u015ft\u0131rd\u0131\u011f\u0131mda bana bo\u015f bir <a href=\"https:\/\/exceladvisor.org\/tr\/vba-mesaj-kutusu\/\">mesaj kutusu<\/a> g\u00f6steriyor. <\/p><div class=\"wp-block-image\"><figure class=\"aligncenter size-large is-resized\"><img loading=\"lazy\" decoding=\"async\" class=\"wp-image-49741\" src=\"https:\/\/exceladvisor.org\/wp-content\/uploads\/2023\/08\/8-boite-de-message-vide.png\" sizes=\"auto, \" srcset=\"\" alt=\"bo\u015f mesaj kutusu\" width=\"136\" height=\"146\"><\/figure><\/div><p> Buradaki as\u0131l sorunu anlaman\u0131za yard\u0131mc\u0131 olmak i\u00e7in 2 dakikan\u0131za ihtiyac\u0131m var. De\u011fi\u015fken ad\u0131n\u0131 yanl\u0131\u015f yazd\u0131\u011f\u0131mda VBA bunu ayr\u0131 bir de\u011fi\u015fken olarak al\u0131yor ve a\u00e7\u0131k se\u00e7enek ifadesini kullanmad\u0131\u011f\u0131m i\u00e7in bana hata g\u00f6stermiyor. <\/p><div class=\"wp-block-image\"><figure class=\"aligncenter size-large is-resized\"><img loading=\"lazy\" decoding=\"async\" class=\"wp-image-49742\" src=\"https:\/\/exceladvisor.org\/wp-content\/uploads\/2023\/08\/9-mal-tape-le-nom-de-la-variable.png\" sizes=\"auto, \" srcset=\"\" alt=\"de\u011fi\u015fken ad\u0131nda yaz\u0131m hatas\u0131\" width=\"278\" height=\"184\"><\/figure><\/div><p> Bu nedenle mesaj kutusu kendisine hi\u00e7bir de\u011fer atanmam\u0131\u015f ikinci (yanl\u0131\u015f yaz\u0131lm\u0131\u015f) de\u011fi\u015fkeni kullan\u0131r. \u015eimdi bir saniye d\u00fc\u015f\u00fcn\u00fcn; Uzun kod yazarsan\u0131z ve a\u00e7\u0131k se\u00e7enek ifadeleri kullanm\u0131yorsan\u0131z, kodun tamam\u0131n\u0131 tekrar okuyana kadar bu hatan\u0131n izini s\u00fcrmek zor olacakt\u0131r.<\/p><p> Ancak a\u00e7\u0131k bildirim se\u00e7ene\u011fi A\u00c7IK oldu\u011funda bu kodu \u00e7al\u0131\u015ft\u0131rd\u0131\u011f\u0131mda bir hata al\u0131yorum. <\/p><div class=\"wp-block-image\"><figure class=\"aligncenter size-large is-resized\"><img loading=\"lazy\" decoding=\"async\" class=\"wp-image-49743\" src=\"https:\/\/exceladvisor.org\/wp-content\/uploads\/2023\/08\/10-utiliser-loption-explicite.png\" sizes=\"auto, \" srcset=\"\" alt=\"kullan\u0131m se\u00e7ene\u011fi-a\u00e7\u0131k\" width=\"540\" height=\"293\"><\/figure><\/div><pre class=\"wp-block-code\"> <code class=\"language-visual-basic\" lang=\"visual-basic\">Option Explicit Sub myMacro() Dim myText As String myText = \"Puneet\" MsgBox MyTxt End Sub<\/code><\/pre><div class=\"gb-container gb-container-4db6181c gb-container-mt\"> <a class=\"gb-button gb-button-c5897111 gb-button-text gb-button-mt-button\" href=\"https:\/\/exceladvisor.org\/tr\/vba\/\">VBA nedir<\/a><h2 class=\"gb-headline gb-headline-665e5f6b gb-headline-text gb-headline-mt-heading\"> \u0130lgili e\u011fitimler <\/h2><div class=\"gb-grid-wrapper gb-grid-wrapper-a20baf7c gb-grid-wrapper-mt-grid\"><div class=\"gb-grid-column gb-grid-column-65ddf67e\"><div class=\"gb-container gb-container-65ddf67e\"><ul><li> <a href=\"https:\/\/exceladvisor.org\/tr\/kuresel-degisken\/\">VBA&#8217;da global (genel) bir de\u011fi\u015fken bildirin<\/a><\/li><li> <a href=\"https:\/\/exceladvisor.org\/tr\/degisken-aralik\/\">VBA&#8217;da de\u011fi\u015fken olarak bir aral\u0131k veya h\u00fccre kullanma<\/a><\/li><li> <a href=\"https:\/\/exceladvisor.org\/tr\/degisken-mesaj-kutusu\/\">Mesaj kutusundaki de\u011fi\u015fken<\/a><\/li><li> <a href=\"https:\/\/exceladvisor.org\/tr\/sabitler\/\">Sabit VBA<\/a><\/li><li> <a href=\"https:\/\/exceladvisor.org\/tr\/zayif\/\">Lo\u015f VBA talimat\u0131<\/a> <\/li><\/ul><\/div><\/div><div class=\"gb-grid-column gb-grid-column-50067b57\"><div class=\"gb-container gb-container-50067b57\"><\/div><\/div><\/div><\/div>","protected":false},"excerpt":{"rendered":"","protected":false},"author":1,"featured_media":0,"parent":0,"menu_order":0,"comment_status":"open","ping_status":"closed","template":"","meta":{"ub_ctt_via":"","footnotes":""},"class_list":["post-1530","page","type-page","status-publish","hentry"],"featured_image_src":null,"yoast_head":"<!-- This site is optimized with the Yoast SEO plugin v25.4 - https:\/\/yoast.com\/wordpress\/plugins\/seo\/ -->\n<title>\u25b7 VBA&#039;da a\u00e7\u0131k se\u00e7enek ifadesi nas\u0131l kullan\u0131l\u0131r?<\/title>\n<meta name=\"description\" content=\"A\u00e7\u0131k se\u00e7enek, sizi t\u00fcm de\u011fi\u015fkenleri bildirmeye zorlamak i\u00e7in mod\u00fcl\u00fcn ba\u015flang\u0131c\u0131nda kullanabilece\u011finiz bir ifadedir. Ne zaman\" \/>\n<meta name=\"robots\" content=\"index, follow, max-snippet:-1, max-image-preview:large, max-video-preview:-1\" \/>\n<link rel=\"canonical\" href=\"https:\/\/exceladvisor.org\/tr\/acik-secenek-2\/\" \/>\n<meta property=\"og:locale\" content=\"tr_TR\" \/>\n<meta property=\"og:type\" content=\"article\" \/>\n<meta property=\"og:title\" content=\"\u25b7 VBA&#039;da a\u00e7\u0131k se\u00e7enek ifadesi nas\u0131l kullan\u0131l\u0131r?\" \/>\n<meta property=\"og:description\" content=\"A\u00e7\u0131k se\u00e7enek, sizi t\u00fcm de\u011fi\u015fkenleri bildirmeye zorlamak i\u00e7in mod\u00fcl\u00fcn ba\u015flang\u0131c\u0131nda kullanabilece\u011finiz bir ifadedir. Ne zaman\" \/>\n<meta property=\"og:url\" content=\"https:\/\/exceladvisor.org\/tr\/acik-secenek-2\/\" \/>\n<meta property=\"og:site_name\" content=\"Excel Advisor\" \/>\n<meta property=\"article:modified_time\" content=\"2023-12-10T06:07:25+00:00\" \/>\n<meta property=\"og:image\" content=\"https:\/\/exceladvisor.org\/wp-content\/uploads\/2023\/08\/1-option-vba-explicite.png\" \/>\n<meta name=\"twitter:card\" content=\"summary_large_image\" \/>\n<meta name=\"twitter:label1\" content=\"Tahmini okuma s\u00fcresi\" \/>\n\t<meta name=\"twitter:data1\" content=\"3 dakika\" \/>\n<script type=\"application\/ld+json\" class=\"yoast-schema-graph\">{\"@context\":\"https:\/\/schema.org\",\"@graph\":[{\"@type\":\"WebPage\",\"@id\":\"https:\/\/exceladvisor.org\/tr\/acik-secenek-2\/\",\"url\":\"https:\/\/exceladvisor.org\/tr\/acik-secenek-2\/\",\"name\":\"\u25b7 VBA&#39;da a\u00e7\u0131k se\u00e7enek ifadesi nas\u0131l kullan\u0131l\u0131r?\",\"isPartOf\":{\"@id\":\"https:\/\/exceladvisor.org\/tr\/#website\"},\"primaryImageOfPage\":{\"@id\":\"https:\/\/exceladvisor.org\/tr\/acik-secenek-2\/#primaryimage\"},\"image\":{\"@id\":\"https:\/\/exceladvisor.org\/tr\/acik-secenek-2\/#primaryimage\"},\"thumbnailUrl\":\"https:\/\/exceladvisor.org\/wp-content\/uploads\/2023\/08\/1-option-vba-explicite.png\",\"datePublished\":\"2023-11-17T17:16:59+00:00\",\"dateModified\":\"2023-12-10T06:07:25+00:00\",\"description\":\"A\u00e7\u0131k se\u00e7enek, sizi t\u00fcm de\u011fi\u015fkenleri bildirmeye zorlamak i\u00e7in mod\u00fcl\u00fcn ba\u015flang\u0131c\u0131nda kullanabilece\u011finiz bir ifadedir. Ne zaman\",\"breadcrumb\":{\"@id\":\"https:\/\/exceladvisor.org\/tr\/acik-secenek-2\/#breadcrumb\"},\"inLanguage\":\"tr\",\"potentialAction\":[{\"@type\":\"ReadAction\",\"target\":[\"https:\/\/exceladvisor.org\/tr\/acik-secenek-2\/\"]}]},{\"@type\":\"ImageObject\",\"inLanguage\":\"tr\",\"@id\":\"https:\/\/exceladvisor.org\/tr\/acik-secenek-2\/#primaryimage\",\"url\":\"https:\/\/exceladvisor.org\/wp-content\/uploads\/2023\/08\/1-option-vba-explicite.png\",\"contentUrl\":\"https:\/\/exceladvisor.org\/wp-content\/uploads\/2023\/08\/1-option-vba-explicite.png\"},{\"@type\":\"BreadcrumbList\",\"@id\":\"https:\/\/exceladvisor.org\/tr\/acik-secenek-2\/#breadcrumb\",\"itemListElement\":[{\"@type\":\"ListItem\",\"position\":1,\"name\":\"Ev\",\"item\":\"https:\/\/exceladvisor.org\/tr\/\"},{\"@type\":\"ListItem\",\"position\":2,\"name\":\"Vba&#39;da a\u00e7\u0131k se\u00e7enek ifadesi nas\u0131l kullan\u0131l\u0131r?\"}]},{\"@type\":\"WebSite\",\"@id\":\"https:\/\/exceladvisor.org\/tr\/#website\",\"url\":\"https:\/\/exceladvisor.org\/tr\/\",\"name\":\"Excel Advisor\",\"description\":\"Veri hakimiyetine y\u00f6nelik nihai rehberiniz!\",\"publisher\":{\"@id\":\"https:\/\/exceladvisor.org\/tr\/#organization\"},\"potentialAction\":[{\"@type\":\"SearchAction\",\"target\":{\"@type\":\"EntryPoint\",\"urlTemplate\":\"https:\/\/exceladvisor.org\/tr\/?s={search_term_string}\"},\"query-input\":{\"@type\":\"PropertyValueSpecification\",\"valueRequired\":true,\"valueName\":\"search_term_string\"}}],\"inLanguage\":\"tr\"},{\"@type\":\"Organization\",\"@id\":\"https:\/\/exceladvisor.org\/tr\/#organization\",\"name\":\"Excel Advisor\",\"url\":\"https:\/\/exceladvisor.org\/tr\/\",\"logo\":{\"@type\":\"ImageObject\",\"inLanguage\":\"tr\",\"@id\":\"https:\/\/exceladvisor.org\/tr\/#\/schema\/logo\/image\/\",\"url\":\"https:\/\/exceladvisor.org\/tr\/wp-content\/uploads\/2023\/12\/exceladvisor.org_.png\",\"contentUrl\":\"https:\/\/exceladvisor.org\/tr\/wp-content\/uploads\/2023\/12\/exceladvisor.org_.png\",\"width\":105,\"height\":36,\"caption\":\"Excel Advisor\"},\"image\":{\"@id\":\"https:\/\/exceladvisor.org\/tr\/#\/schema\/logo\/image\/\"}}]}<\/script>\n<!-- \/ Yoast SEO plugin. -->","yoast_head_json":{"title":"\u25b7 VBA&#39;da a\u00e7\u0131k se\u00e7enek ifadesi nas\u0131l kullan\u0131l\u0131r?","description":"A\u00e7\u0131k se\u00e7enek, sizi t\u00fcm de\u011fi\u015fkenleri bildirmeye zorlamak i\u00e7in mod\u00fcl\u00fcn ba\u015flang\u0131c\u0131nda kullanabilece\u011finiz bir ifadedir. Ne zaman","robots":{"index":"index","follow":"follow","max-snippet":"max-snippet:-1","max-image-preview":"max-image-preview:large","max-video-preview":"max-video-preview:-1"},"canonical":"https:\/\/exceladvisor.org\/tr\/acik-secenek-2\/","og_locale":"tr_TR","og_type":"article","og_title":"\u25b7 VBA&#39;da a\u00e7\u0131k se\u00e7enek ifadesi nas\u0131l kullan\u0131l\u0131r?","og_description":"A\u00e7\u0131k se\u00e7enek, sizi t\u00fcm de\u011fi\u015fkenleri bildirmeye zorlamak i\u00e7in mod\u00fcl\u00fcn ba\u015flang\u0131c\u0131nda kullanabilece\u011finiz bir ifadedir. Ne zaman","og_url":"https:\/\/exceladvisor.org\/tr\/acik-secenek-2\/","og_site_name":"Excel Advisor","article_modified_time":"2023-12-10T06:07:25+00:00","og_image":[{"url":"https:\/\/exceladvisor.org\/wp-content\/uploads\/2023\/08\/1-option-vba-explicite.png","type":"","width":"","height":""}],"twitter_card":"summary_large_image","twitter_misc":{"Tahmini okuma s\u00fcresi":"3 dakika"},"schema":{"@context":"https:\/\/schema.org","@graph":[{"@type":"WebPage","@id":"https:\/\/exceladvisor.org\/tr\/acik-secenek-2\/","url":"https:\/\/exceladvisor.org\/tr\/acik-secenek-2\/","name":"\u25b7 VBA&#39;da a\u00e7\u0131k se\u00e7enek ifadesi nas\u0131l kullan\u0131l\u0131r?","isPartOf":{"@id":"https:\/\/exceladvisor.org\/tr\/#website"},"primaryImageOfPage":{"@id":"https:\/\/exceladvisor.org\/tr\/acik-secenek-2\/#primaryimage"},"image":{"@id":"https:\/\/exceladvisor.org\/tr\/acik-secenek-2\/#primaryimage"},"thumbnailUrl":"https:\/\/exceladvisor.org\/wp-content\/uploads\/2023\/08\/1-option-vba-explicite.png","datePublished":"2023-11-17T17:16:59+00:00","dateModified":"2023-12-10T06:07:25+00:00","description":"A\u00e7\u0131k se\u00e7enek, sizi t\u00fcm de\u011fi\u015fkenleri bildirmeye zorlamak i\u00e7in mod\u00fcl\u00fcn ba\u015flang\u0131c\u0131nda kullanabilece\u011finiz bir ifadedir. Ne zaman","breadcrumb":{"@id":"https:\/\/exceladvisor.org\/tr\/acik-secenek-2\/#breadcrumb"},"inLanguage":"tr","potentialAction":[{"@type":"ReadAction","target":["https:\/\/exceladvisor.org\/tr\/acik-secenek-2\/"]}]},{"@type":"ImageObject","inLanguage":"tr","@id":"https:\/\/exceladvisor.org\/tr\/acik-secenek-2\/#primaryimage","url":"https:\/\/exceladvisor.org\/wp-content\/uploads\/2023\/08\/1-option-vba-explicite.png","contentUrl":"https:\/\/exceladvisor.org\/wp-content\/uploads\/2023\/08\/1-option-vba-explicite.png"},{"@type":"BreadcrumbList","@id":"https:\/\/exceladvisor.org\/tr\/acik-secenek-2\/#breadcrumb","itemListElement":[{"@type":"ListItem","position":1,"name":"Ev","item":"https:\/\/exceladvisor.org\/tr\/"},{"@type":"ListItem","position":2,"name":"Vba&#39;da a\u00e7\u0131k se\u00e7enek ifadesi nas\u0131l kullan\u0131l\u0131r?"}]},{"@type":"WebSite","@id":"https:\/\/exceladvisor.org\/tr\/#website","url":"https:\/\/exceladvisor.org\/tr\/","name":"Excel Advisor","description":"Veri hakimiyetine y\u00f6nelik nihai rehberiniz!","publisher":{"@id":"https:\/\/exceladvisor.org\/tr\/#organization"},"potentialAction":[{"@type":"SearchAction","target":{"@type":"EntryPoint","urlTemplate":"https:\/\/exceladvisor.org\/tr\/?s={search_term_string}"},"query-input":{"@type":"PropertyValueSpecification","valueRequired":true,"valueName":"search_term_string"}}],"inLanguage":"tr"},{"@type":"Organization","@id":"https:\/\/exceladvisor.org\/tr\/#organization","name":"Excel Advisor","url":"https:\/\/exceladvisor.org\/tr\/","logo":{"@type":"ImageObject","inLanguage":"tr","@id":"https:\/\/exceladvisor.org\/tr\/#\/schema\/logo\/image\/","url":"https:\/\/exceladvisor.org\/tr\/wp-content\/uploads\/2023\/12\/exceladvisor.org_.png","contentUrl":"https:\/\/exceladvisor.org\/tr\/wp-content\/uploads\/2023\/12\/exceladvisor.org_.png","width":105,"height":36,"caption":"Excel Advisor"},"image":{"@id":"https:\/\/exceladvisor.org\/tr\/#\/schema\/logo\/image\/"}}]}},"yoast_meta":{"yoast_wpseo_title":"","yoast_wpseo_metadesc":"","yoast_wpseo_canonical":""},"_links":{"self":[{"href":"https:\/\/exceladvisor.org\/tr\/wp-json\/wp\/v2\/pages\/1530","targetHints":{"allow":["GET"]}}],"collection":[{"href":"https:\/\/exceladvisor.org\/tr\/wp-json\/wp\/v2\/pages"}],"about":[{"href":"https:\/\/exceladvisor.org\/tr\/wp-json\/wp\/v2\/types\/page"}],"author":[{"embeddable":true,"href":"https:\/\/exceladvisor.org\/tr\/wp-json\/wp\/v2\/users\/1"}],"replies":[{"embeddable":true,"href":"https:\/\/exceladvisor.org\/tr\/wp-json\/wp\/v2\/comments?post=1530"}],"version-history":[{"count":1,"href":"https:\/\/exceladvisor.org\/tr\/wp-json\/wp\/v2\/pages\/1530\/revisions"}],"predecessor-version":[{"id":2929,"href":"https:\/\/exceladvisor.org\/tr\/wp-json\/wp\/v2\/pages\/1530\/revisions\/2929"}],"wp:attachment":[{"href":"https:\/\/exceladvisor.org\/tr\/wp-json\/wp\/v2\/media?parent=1530"}],"curies":[{"name":"wp","href":"https:\/\/api.w.org\/{rel}","templated":true}]}}