{"id":1532,"date":"2023-11-17T16:04:13","date_gmt":"2023-11-17T16:04:13","guid":{"rendered":"https:\/\/exceladvisor.org\/tr\/formulu-gizle\/"},"modified":"2023-12-10T06:00:31","modified_gmt":"2023-12-10T06:00:31","slug":"formulu-gizle","status":"publish","type":"page","link":"https:\/\/exceladvisor.org\/tr\/formulu-gizle\/","title":{"rendered":"Excel&#39;de bir form\u00fcl nas\u0131l gizlenir?"},"content":{"rendered":"<div class=\"excel-icerikten-once\" id=\"excel-1648739379\"><script type=\"text\/javascript\">\r\n\tatOptions = {\r\n\t\t'key' : 'c1158f160081d6540a8409e6925dab94',\r\n\t\t'format' : 'iframe',\r\n\t\t'height' : 250,\r\n\t\t'width' : 300,\r\n\t\t'params' : {}\r\n\t};\r\n<\/script>\r\n<script type=\"text\/javascript\" src=\"\/\/www.highperformanceformat.com\/c1158f160081d6540a8409e6925dab94\/invoke.js\"><\/script><\/div> <figure class=\"wp-block-embed is-type-video is-provider-youtube wp-block-embed-youtube wp-embed-aspect-16-9 wp-has-aspect-ratio\"><div class=\"wp-block-embed__wrapper\"><\/div><\/figure><p> Bazen Excel dosyalar\u0131n\u0131 ba\u015fkalar\u0131na g\u00f6nderirsiniz ve onlar form\u00fclleri de\u011fi\u015ftirirler. Veya bazen form\u00fcl\u00fc ba\u015fkalar\u0131na g\u00f6stermek istemezsiniz.<\/p><p> Bir form\u00fcl\u00fc gizlemek bunu yapman\u0131n kolay bir yoludur; b\u00f6ylece ba\u015fkalar\u0131 hangi form\u00fcl\u00fc kulland\u0131\u011f\u0131n\u0131z\u0131 ve bunun nas\u0131l hesapland\u0131\u011f\u0131n\u0131 g\u00f6remez.<\/p><p> \u015eimdi soru, form\u00fcl\u00fcn Excel&#8217;deki bir h\u00fccrede nas\u0131l gizlenece\u011fidir.<\/p><p> Ancak bunu yapmadan \u00f6nce, bir h\u00fccredeki form\u00fcl\u00fc g\u00f6r\u00fcnt\u00fclemenin iki yolu oldu\u011funu a\u00e7\u0131kl\u0131\u011fa kavu\u015ftural\u0131m: birincisi h\u00fccreyi d\u00fczenleyerek, ikincisi form\u00fcl \u00e7ubu\u011fundan.<\/p><p> Her ikisini de \u00f6nlemek i\u00e7in kullanabilece\u011finiz bir yol var m\u0131? Evet, orada. Excel&#8217;de bunun basit bir yolu var ve bug\u00fcn bu basit hileyi sizinle payla\u015fmak istiyorum.<\/p><h2 id=\"tab-con-1\" class=\"wp-block-heading\"> Ad\u0131m 1: Koruma \u00c7al\u0131\u015fma Sayfas\u0131n\u0131 Kald\u0131rma<\/h2><p> Bu noktada, bir h\u00fccreye t\u0131klad\u0131\u011f\u0131n\u0131zda form\u00fcl\u00fcn tamam\u0131 form\u00fcl \u00e7ubu\u011funda g\u00f6r\u00fcnt\u00fclenir. <\/p><div class=\"wp-block-image\"><figure class=\"aligncenter\"><img decoding=\"async\" src=\"https:\/\/exceladvisor.org\/wp-content\/uploads\/2023\/08\/masquer-la-formule-dans-Excel-saffiche-dans-la-barre-de-formule.png\" sizes=\"\" srcset=\"\" alt=\"\"><\/figure><\/div><ul><li> \u00d6ncelikle e-tablonuzun korunmad\u0131\u011f\u0131ndan emin olman\u0131z gerekir.<\/li><li> Bunu yapmak i\u00e7in inceleme sekmesine gidin ve grubu koruyun.<\/li><li> Burada \u201cE-tablonun korumas\u0131n\u0131 kald\u0131r\u201d d\u00fc\u011fmesini bulursan\u0131z, bu, e-tablonuzun korundu\u011fu ve korumas\u0131n\u0131 kald\u0131rman\u0131z gerekti\u011fi anlam\u0131na gelir. <\/li><\/ul><div class=\"wp-block-image\"><figure class=\"aligncenter\"><img decoding=\"async\" src=\"https:\/\/exceladvisor.org\/wp-content\/uploads\/2023\/08\/deproteger-une-feuille-de-calcul-masquer-la-formule-dans-excel-1.png\" sizes=\"\" srcset=\"\" alt=\"\"><\/figure><\/div><ul><li> Korumay\u0131 kald\u0131rmak i\u00e7in bu d\u00fc\u011fmeye t\u0131klay\u0131n.<\/li><\/ul><p> E\u011fer \u201cSayfay\u0131 Koru\u201d butonunuz varsa bu \u00e7al\u0131\u015fma sayfan\u0131z\u0131n korunmad\u0131\u011f\u0131 anlam\u0131na gelir. Bu durumda yukar\u0131daki ad\u0131mlar\u0131 atlay\u0131n ve buradan ba\u015flay\u0131n.<\/p><h2 id=\"tab-con-2\" class=\"wp-block-heading\"> Ad\u0131m 2: Form\u00fcl\u00fc Gizle se\u00e7ene\u011fini etkinle\u015ftirin<\/h2><ul><li> \u015eimdi h\u00fccreyi veya h\u00fccre aral\u0131\u011f\u0131n\u0131 se\u00e7in veya form\u00fclleri gizlemek istedi\u011finiz biti\u015fik olmayan t\u00fcm h\u00fccreleri se\u00e7in.<\/li><li> Bundan sonra sa\u011f t\u0131klay\u0131n ve h\u00fccreyi bi\u00e7imlendir se\u00e7ene\u011fini se\u00e7in. <\/li><\/ul><div class=\"wp-block-image\"><figure class=\"aligncenter\"><img decoding=\"async\" src=\"https:\/\/exceladvisor.org\/wp-content\/uploads\/2023\/08\/clic-droit-et-formater-la-formule-de-masquage-de-cellule-dans-excel-1.png\" sizes=\"\" srcset=\"\" alt=\"\"><\/figure><\/div><ul><li> H\u00fccreleri Bi\u00e7imlendir se\u00e7ene\u011finden Koruma sekmesine gidin.<\/li><li> Koruma sekmesinde kontrol etmeniz gereken iki onay kutusu vard\u0131r; ilki kilitli, ikincisi ise gizlidir.<\/li><li> Her ikisini de i\u015faretleyin ve Tamam&#8217;a t\u0131klay\u0131n. <\/li><\/ul><div class=\"wp-block-image\"><figure class=\"aligncenter\"><img decoding=\"async\" src=\"https:\/\/exceladvisor.org\/wp-content\/uploads\/2023\/08\/coche-verrouillee-masquee-pour-masquer-la-formule-dans-Excel-1.png\" sizes=\"\" srcset=\"\" alt=\"\"><\/figure><\/div><p> \u0130\u015faretledi\u011finiz bu se\u00e7enekler yukar\u0131da tart\u0131\u015ft\u0131\u011f\u0131m\u0131z her iki sorunu da \u00e7\u00f6zer.<\/p><p> Kilitli se\u00e7ene\u011fi bir h\u00fccrenin d\u00fczenlenmesini k\u0131s\u0131tlar ve gizli se\u00e7enek bir form\u00fcl\u00fc form\u00fcl \u00e7ubu\u011fundan gizler. \u015eimdi son ad\u0131m \u00e7al\u0131\u015fma sayfas\u0131n\u0131 korumakt\u0131r.<\/p><h2 id=\"tab-con-3\" class=\"wp-block-heading\"> 3. Ad\u0131m: E-tabloyu koruyun<\/h2><ul><li> \u00c7al\u0131\u015fma sayfas\u0131 sekmesine sa\u011f t\u0131klay\u0131n ve ard\u0131ndan \u201cSayfay\u0131 Koru\u201d se\u00e7ene\u011fine t\u0131klay\u0131n.<\/li><li> Burada bir \u015fifre girmeniz gerekiyor. Bir \u015fifre girmek i\u00e7in (iki kez). <\/li><\/ul><div class=\"wp-block-image\"><figure class=\"aligncenter\"><img decoding=\"async\" src=\"https:\/\/exceladvisor.org\/wp-content\/uploads\/2023\/08\/proteger-une-feuille-de-calcul-masquer-la-formule-dans-excel-1.png\" sizes=\"\" srcset=\"\" alt=\"\"><\/figure><\/div><ul><li> Ve sonunda Tamam&#8217;a t\u0131klay\u0131n.<\/li><\/ul><p> Art\u0131k se\u00e7ti\u011finiz t\u00fcm h\u00fccrelerin form\u00fcl \u00e7ubu\u011funda gizli bir form\u00fcl\u00fc var. <\/p><div class=\"wp-block-image\"><figure class=\"aligncenter\"><img decoding=\"async\" src=\"https:\/\/exceladvisor.org\/wp-content\/uploads\/2023\/08\/une-fois-que-vous-avez-cache-une-formule-dans-excel-1.png\" sizes=\"\" srcset=\"\" alt=\"\"><\/figure><\/div><p> Bu dosyay\u0131 herhangi birine g\u00f6nderirseniz, bu \u00e7al\u0131\u015fma sayfas\u0131 korumas\u0131z olmad\u0131\u011f\u0131 s\u00fcrece form\u00fcl\u00fc g\u00f6remez veya d\u00fczenleyemez.<\/p><h2 class=\"wp-block-heading\"> Gizli form\u00fcller nas\u0131l bulunur?<\/h2><p> Yukar\u0131daki ad\u0131mlar\u0131 kullanarak bir dosyay\u0131 korudu\u011funuzda, \u00e7al\u0131\u015fma sayfas\u0131n\u0131 koruma alt\u0131na alana kadar form\u00fcl\u00fc g\u00f6remezsiniz bile. Ancak bunlar\u0131 yaln\u0131zca bulunduklar\u0131 korumal\u0131 bir e-tablodan bulmak istiyorsan\u0131z &#8220;\u00d6zel&#8217;e Git&#8221; se\u00e7ene\u011fini kullanabilirsiniz.<\/p><ul><li> Ana Sayfa sekmesine gidin -&gt; D\u00fczenle -&gt; Bul ve Se\u00e7 -&gt; \u00d6zel&#8217;e gidin.<\/li><li> \u201cForm\u00fcller\u201d se\u00e7ene\u011fini ve d\u00f6rt alt se\u00e7ene\u011fi (Say\u0131lar, Metin, Mant\u0131k, Hatalar) se\u00e7in ve Tamam&#8217;a t\u0131klay\u0131n.<\/li><li> Tamam&#8217;\u0131 t\u0131klatt\u0131\u011f\u0131n\u0131zda Excel, \u00e7al\u0131\u015fma sayfas\u0131nda form\u00fcllerinizin bulundu\u011fu t\u00fcm h\u00fccreleri se\u00e7ecektir.<\/li><\/ul><p class=\"content-box-green\"> <strong>\u00c7al\u0131\u015fma sayfas\u0131n\u0131 korumadan form\u00fcl\u00fc gizleme:<\/strong> Eminim akl\u0131n\u0131zda \u015fu fikir vard\u0131r, \u00e7al\u0131\u015fma sayfas\u0131n\u0131 korumadan bir form\u00fcl\u00fc nas\u0131l gizleyebilirim? Korkar\u0131m bunun ba\u015fka bir y\u00f6ntemi yok. Bu tarafa gitmelisin. Bildi\u011fim tek \u015fey, \u00e7al\u0131\u015fma kitab\u0131 a\u00e7\u0131ld\u0131\u011f\u0131nda \u00e7al\u0131\u015fan ve <a href=\"https:\/\/exceladvisor.org\/tr\/excel-formul-cubugu\/\">form\u00fcl \u00e7ubu\u011funu<\/a> gizleyen bir makro kodu olu\u015fturmakt\u0131r. Ancak yine s\u00f6yl\u00fcyorum bu kal\u0131c\u0131 bir \u00e7\u00f6z\u00fcm de\u011fil.<\/p><h2 class=\"wp-block-heading\"> \u00c7\u00f6z\u00fcm<\/h2><p> Bu se\u00e7enek yaln\u0131zca form\u00fclleri gizlemenize yard\u0131mc\u0131 olmakla kalmaz, ayn\u0131 zamanda ba\u015fkalar\u0131ndan gizlemek istedi\u011finiz \u00f6nemli hesaplamalar\u0131n\u0131z varsa da yard\u0131mc\u0131 olur.<\/p><p> Birisi \u015fifreyi bulana kadar form\u00fcller gizli ve g\u00fcvenlidir. Umar\u0131m bu ipucu e-tablolar\u0131n\u0131z\u0131 y\u00f6netmenize yard\u0131mc\u0131 olur.<\/p><p> Daha \u00f6nce hi\u00e7 bir form\u00fcl\u00fc saklamay\u0131 denediniz mi? L\u00fctfen yorum k\u0131sm\u0131nda d\u00fc\u015f\u00fcncelerinizi benimle payla\u015f\u0131n, sizden haber almay\u0131 \u00e7ok isterim. Ve bu ipucunu arkada\u015flar\u0131n\u0131zla payla\u015fmay\u0131 unutmay\u0131n.<\/p><div class=\"gb-container gb-container-0df56012 gb-container-mt\"> <a class=\"gb-button gb-button-f9f432f4 gb-button-text gb-button-mt-button\" href=\"https:\/\/exceladvisor.org\/tr\/formuller\/\">Excel form\u00fcllerinin listesi<\/a><h2 class=\"gb-headline gb-headline-233444e8 gb-headline-text gb-headline-mt-heading\"> \u0130lgili form\u00fcller <\/h2><div class=\"gb-grid-wrapper gb-grid-wrapper-a16fa65c gb-grid-wrapper-mt-grid\"><div class=\"gb-grid-column gb-grid-column-50d07e0d\"><div class=\"gb-container gb-container-50d07e0d\"><ul><li> <a href=\"https:\/\/exceladvisor.org\/tr\/referans-3d\/\">Excel&#8217;de 3 boyutlu referans<\/a><\/li><li> <a href=\"https:\/\/exceladvisor.org\/tr\/joker-karakterler-2\/\">Excel&#8217;de joker karakterler<\/a><\/li><li> <a href=\"https:\/\/exceladvisor.org\/tr\/r1c1\/\">Excel&#8217;de R1C1 referans stili<\/a> <\/li><\/ul><\/div><\/div><div class=\"gb-grid-column gb-grid-column-5b4a0cf9\"><div class=\"gb-container gb-container-5b4a0cf9\"><\/div><\/div><\/div><\/div>","protected":false},"excerpt":{"rendered":"","protected":false},"author":1,"featured_media":0,"parent":0,"menu_order":0,"comment_status":"open","ping_status":"closed","template":"","meta":{"ub_ctt_via":"","footnotes":""},"class_list":["post-1532","page","type-page","status-publish","hentry"],"featured_image_src":null,"yoast_head":"<!-- This site is optimized with the Yoast SEO plugin v25.4 - https:\/\/yoast.com\/wordpress\/plugins\/seo\/ -->\n<title>Excel&#039;de bir form\u00fcl nas\u0131l gizlenir? (E\u011fitim 2023)<\/title>\n<meta name=\"description\" content=\"Bir form\u00fcl\u00fc gizlemek bunu yapman\u0131n kolay bir yoludur; b\u00f6ylece ba\u015fkalar\u0131 hangi form\u00fcl\u00fc kulland\u0131\u011f\u0131n\u0131z\u0131 veya ne oldu\u011funu g\u00f6remez.\" \/>\n<meta name=\"robots\" content=\"index, follow, max-snippet:-1, max-image-preview:large, max-video-preview:-1\" \/>\n<link rel=\"canonical\" href=\"https:\/\/exceladvisor.org\/tr\/formulu-gizle\/\" \/>\n<meta property=\"og:locale\" content=\"tr_TR\" \/>\n<meta property=\"og:type\" content=\"article\" \/>\n<meta property=\"og:title\" content=\"Excel&#039;de bir form\u00fcl nas\u0131l gizlenir? (E\u011fitim 2023)\" \/>\n<meta property=\"og:description\" content=\"Bir form\u00fcl\u00fc gizlemek bunu yapman\u0131n kolay bir yoludur; b\u00f6ylece ba\u015fkalar\u0131 hangi form\u00fcl\u00fc kulland\u0131\u011f\u0131n\u0131z\u0131 veya ne oldu\u011funu g\u00f6remez.\" \/>\n<meta property=\"og:url\" content=\"https:\/\/exceladvisor.org\/tr\/formulu-gizle\/\" \/>\n<meta property=\"og:site_name\" content=\"Excel Advisor\" \/>\n<meta property=\"article:modified_time\" content=\"2023-12-10T06:00:31+00:00\" \/>\n<meta property=\"og:image\" content=\"https:\/\/exceladvisor.org\/wp-content\/uploads\/2023\/08\/masquer-la-formule-dans-Excel-saffiche-dans-la-barre-de-formule.png\" \/>\n<meta name=\"twitter:card\" content=\"summary_large_image\" \/>\n<meta name=\"twitter:label1\" content=\"Tahmini okuma s\u00fcresi\" \/>\n\t<meta name=\"twitter:data1\" content=\"4 dakika\" \/>\n<script type=\"application\/ld+json\" class=\"yoast-schema-graph\">{\"@context\":\"https:\/\/schema.org\",\"@graph\":[{\"@type\":\"WebPage\",\"@id\":\"https:\/\/exceladvisor.org\/tr\/formulu-gizle\/\",\"url\":\"https:\/\/exceladvisor.org\/tr\/formulu-gizle\/\",\"name\":\"Excel&#39;de bir form\u00fcl nas\u0131l gizlenir? (E\u011fitim 2023)\",\"isPartOf\":{\"@id\":\"https:\/\/exceladvisor.org\/tr\/#website\"},\"primaryImageOfPage\":{\"@id\":\"https:\/\/exceladvisor.org\/tr\/formulu-gizle\/#primaryimage\"},\"image\":{\"@id\":\"https:\/\/exceladvisor.org\/tr\/formulu-gizle\/#primaryimage\"},\"thumbnailUrl\":\"https:\/\/exceladvisor.org\/wp-content\/uploads\/2023\/08\/masquer-la-formule-dans-Excel-saffiche-dans-la-barre-de-formule.png\",\"datePublished\":\"2023-11-17T16:04:13+00:00\",\"dateModified\":\"2023-12-10T06:00:31+00:00\",\"description\":\"Bir form\u00fcl\u00fc gizlemek bunu yapman\u0131n kolay bir yoludur; b\u00f6ylece ba\u015fkalar\u0131 hangi form\u00fcl\u00fc kulland\u0131\u011f\u0131n\u0131z\u0131 veya ne oldu\u011funu g\u00f6remez.\",\"breadcrumb\":{\"@id\":\"https:\/\/exceladvisor.org\/tr\/formulu-gizle\/#breadcrumb\"},\"inLanguage\":\"tr\",\"potentialAction\":[{\"@type\":\"ReadAction\",\"target\":[\"https:\/\/exceladvisor.org\/tr\/formulu-gizle\/\"]}]},{\"@type\":\"ImageObject\",\"inLanguage\":\"tr\",\"@id\":\"https:\/\/exceladvisor.org\/tr\/formulu-gizle\/#primaryimage\",\"url\":\"https:\/\/exceladvisor.org\/wp-content\/uploads\/2023\/08\/masquer-la-formule-dans-Excel-saffiche-dans-la-barre-de-formule.png\",\"contentUrl\":\"https:\/\/exceladvisor.org\/wp-content\/uploads\/2023\/08\/masquer-la-formule-dans-Excel-saffiche-dans-la-barre-de-formule.png\"},{\"@type\":\"BreadcrumbList\",\"@id\":\"https:\/\/exceladvisor.org\/tr\/formulu-gizle\/#breadcrumb\",\"itemListElement\":[{\"@type\":\"ListItem\",\"position\":1,\"name\":\"Ev\",\"item\":\"https:\/\/exceladvisor.org\/tr\/\"},{\"@type\":\"ListItem\",\"position\":2,\"name\":\"Excel&#39;de bir form\u00fcl nas\u0131l gizlenir?\"}]},{\"@type\":\"WebSite\",\"@id\":\"https:\/\/exceladvisor.org\/tr\/#website\",\"url\":\"https:\/\/exceladvisor.org\/tr\/\",\"name\":\"Excel Advisor\",\"description\":\"Veri hakimiyetine y\u00f6nelik nihai rehberiniz!\",\"publisher\":{\"@id\":\"https:\/\/exceladvisor.org\/tr\/#organization\"},\"potentialAction\":[{\"@type\":\"SearchAction\",\"target\":{\"@type\":\"EntryPoint\",\"urlTemplate\":\"https:\/\/exceladvisor.org\/tr\/?s={search_term_string}\"},\"query-input\":{\"@type\":\"PropertyValueSpecification\",\"valueRequired\":true,\"valueName\":\"search_term_string\"}}],\"inLanguage\":\"tr\"},{\"@type\":\"Organization\",\"@id\":\"https:\/\/exceladvisor.org\/tr\/#organization\",\"name\":\"Excel Advisor\",\"url\":\"https:\/\/exceladvisor.org\/tr\/\",\"logo\":{\"@type\":\"ImageObject\",\"inLanguage\":\"tr\",\"@id\":\"https:\/\/exceladvisor.org\/tr\/#\/schema\/logo\/image\/\",\"url\":\"https:\/\/exceladvisor.org\/tr\/wp-content\/uploads\/2023\/12\/exceladvisor.org_.png\",\"contentUrl\":\"https:\/\/exceladvisor.org\/tr\/wp-content\/uploads\/2023\/12\/exceladvisor.org_.png\",\"width\":105,\"height\":36,\"caption\":\"Excel Advisor\"},\"image\":{\"@id\":\"https:\/\/exceladvisor.org\/tr\/#\/schema\/logo\/image\/\"}}]}<\/script>\n<!-- \/ Yoast SEO plugin. -->","yoast_head_json":{"title":"Excel&#39;de bir form\u00fcl nas\u0131l gizlenir? (E\u011fitim 2023)","description":"Bir form\u00fcl\u00fc gizlemek bunu yapman\u0131n kolay bir yoludur; b\u00f6ylece ba\u015fkalar\u0131 hangi form\u00fcl\u00fc kulland\u0131\u011f\u0131n\u0131z\u0131 veya ne oldu\u011funu g\u00f6remez.","robots":{"index":"index","follow":"follow","max-snippet":"max-snippet:-1","max-image-preview":"max-image-preview:large","max-video-preview":"max-video-preview:-1"},"canonical":"https:\/\/exceladvisor.org\/tr\/formulu-gizle\/","og_locale":"tr_TR","og_type":"article","og_title":"Excel&#39;de bir form\u00fcl nas\u0131l gizlenir? (E\u011fitim 2023)","og_description":"Bir form\u00fcl\u00fc gizlemek bunu yapman\u0131n kolay bir yoludur; b\u00f6ylece ba\u015fkalar\u0131 hangi form\u00fcl\u00fc kulland\u0131\u011f\u0131n\u0131z\u0131 veya ne oldu\u011funu g\u00f6remez.","og_url":"https:\/\/exceladvisor.org\/tr\/formulu-gizle\/","og_site_name":"Excel Advisor","article_modified_time":"2023-12-10T06:00:31+00:00","og_image":[{"url":"https:\/\/exceladvisor.org\/wp-content\/uploads\/2023\/08\/masquer-la-formule-dans-Excel-saffiche-dans-la-barre-de-formule.png","type":"","width":"","height":""}],"twitter_card":"summary_large_image","twitter_misc":{"Tahmini okuma s\u00fcresi":"4 dakika"},"schema":{"@context":"https:\/\/schema.org","@graph":[{"@type":"WebPage","@id":"https:\/\/exceladvisor.org\/tr\/formulu-gizle\/","url":"https:\/\/exceladvisor.org\/tr\/formulu-gizle\/","name":"Excel&#39;de bir form\u00fcl nas\u0131l gizlenir? (E\u011fitim 2023)","isPartOf":{"@id":"https:\/\/exceladvisor.org\/tr\/#website"},"primaryImageOfPage":{"@id":"https:\/\/exceladvisor.org\/tr\/formulu-gizle\/#primaryimage"},"image":{"@id":"https:\/\/exceladvisor.org\/tr\/formulu-gizle\/#primaryimage"},"thumbnailUrl":"https:\/\/exceladvisor.org\/wp-content\/uploads\/2023\/08\/masquer-la-formule-dans-Excel-saffiche-dans-la-barre-de-formule.png","datePublished":"2023-11-17T16:04:13+00:00","dateModified":"2023-12-10T06:00:31+00:00","description":"Bir form\u00fcl\u00fc gizlemek bunu yapman\u0131n kolay bir yoludur; b\u00f6ylece ba\u015fkalar\u0131 hangi form\u00fcl\u00fc kulland\u0131\u011f\u0131n\u0131z\u0131 veya ne oldu\u011funu g\u00f6remez.","breadcrumb":{"@id":"https:\/\/exceladvisor.org\/tr\/formulu-gizle\/#breadcrumb"},"inLanguage":"tr","potentialAction":[{"@type":"ReadAction","target":["https:\/\/exceladvisor.org\/tr\/formulu-gizle\/"]}]},{"@type":"ImageObject","inLanguage":"tr","@id":"https:\/\/exceladvisor.org\/tr\/formulu-gizle\/#primaryimage","url":"https:\/\/exceladvisor.org\/wp-content\/uploads\/2023\/08\/masquer-la-formule-dans-Excel-saffiche-dans-la-barre-de-formule.png","contentUrl":"https:\/\/exceladvisor.org\/wp-content\/uploads\/2023\/08\/masquer-la-formule-dans-Excel-saffiche-dans-la-barre-de-formule.png"},{"@type":"BreadcrumbList","@id":"https:\/\/exceladvisor.org\/tr\/formulu-gizle\/#breadcrumb","itemListElement":[{"@type":"ListItem","position":1,"name":"Ev","item":"https:\/\/exceladvisor.org\/tr\/"},{"@type":"ListItem","position":2,"name":"Excel&#39;de bir form\u00fcl nas\u0131l gizlenir?"}]},{"@type":"WebSite","@id":"https:\/\/exceladvisor.org\/tr\/#website","url":"https:\/\/exceladvisor.org\/tr\/","name":"Excel Advisor","description":"Veri hakimiyetine y\u00f6nelik nihai rehberiniz!","publisher":{"@id":"https:\/\/exceladvisor.org\/tr\/#organization"},"potentialAction":[{"@type":"SearchAction","target":{"@type":"EntryPoint","urlTemplate":"https:\/\/exceladvisor.org\/tr\/?s={search_term_string}"},"query-input":{"@type":"PropertyValueSpecification","valueRequired":true,"valueName":"search_term_string"}}],"inLanguage":"tr"},{"@type":"Organization","@id":"https:\/\/exceladvisor.org\/tr\/#organization","name":"Excel Advisor","url":"https:\/\/exceladvisor.org\/tr\/","logo":{"@type":"ImageObject","inLanguage":"tr","@id":"https:\/\/exceladvisor.org\/tr\/#\/schema\/logo\/image\/","url":"https:\/\/exceladvisor.org\/tr\/wp-content\/uploads\/2023\/12\/exceladvisor.org_.png","contentUrl":"https:\/\/exceladvisor.org\/tr\/wp-content\/uploads\/2023\/12\/exceladvisor.org_.png","width":105,"height":36,"caption":"Excel Advisor"},"image":{"@id":"https:\/\/exceladvisor.org\/tr\/#\/schema\/logo\/image\/"}}]}},"yoast_meta":{"yoast_wpseo_title":"","yoast_wpseo_metadesc":"","yoast_wpseo_canonical":""},"_links":{"self":[{"href":"https:\/\/exceladvisor.org\/tr\/wp-json\/wp\/v2\/pages\/1532","targetHints":{"allow":["GET"]}}],"collection":[{"href":"https:\/\/exceladvisor.org\/tr\/wp-json\/wp\/v2\/pages"}],"about":[{"href":"https:\/\/exceladvisor.org\/tr\/wp-json\/wp\/v2\/types\/page"}],"author":[{"embeddable":true,"href":"https:\/\/exceladvisor.org\/tr\/wp-json\/wp\/v2\/users\/1"}],"replies":[{"embeddable":true,"href":"https:\/\/exceladvisor.org\/tr\/wp-json\/wp\/v2\/comments?post=1532"}],"version-history":[{"count":1,"href":"https:\/\/exceladvisor.org\/tr\/wp-json\/wp\/v2\/pages\/1532\/revisions"}],"predecessor-version":[{"id":2413,"href":"https:\/\/exceladvisor.org\/tr\/wp-json\/wp\/v2\/pages\/1532\/revisions\/2413"}],"wp:attachment":[{"href":"https:\/\/exceladvisor.org\/tr\/wp-json\/wp\/v2\/media?parent=1532"}],"curies":[{"name":"wp","href":"https:\/\/api.w.org\/{rel}","templated":true}]}}