{"id":1534,"date":"2023-11-17T15:12:06","date_gmt":"2023-11-17T15:12:06","guid":{"rendered":"https:\/\/exceladvisor.org\/tr\/bir-sayfayi-sil-1\/"},"modified":"2023-12-10T06:06:25","modified_gmt":"2023-12-10T06:06:25","slug":"bir-sayfayi-sil-1","status":"publish","type":"page","link":"https:\/\/exceladvisor.org\/tr\/bir-sayfayi-sil-1\/","title":{"rendered":"Vba kullanarak bir sayfay\u0131 nas\u0131l silebilirim?"},"content":{"rendered":"<div class=\"excel-icerikten-once\" id=\"excel-1238477674\"><script type=\"text\/javascript\">\r\n\tatOptions = {\r\n\t\t'key' : 'c1158f160081d6540a8409e6925dab94',\r\n\t\t'format' : 'iframe',\r\n\t\t'height' : 250,\r\n\t\t'width' : 300,\r\n\t\t'params' : {}\r\n\t};\r\n<\/script>\r\n<script type=\"text\/javascript\" src=\"\/\/www.highperformanceformat.com\/c1158f160081d6540a8409e6925dab94\/invoke.js\"><\/script><\/div> <p><strong>VBA kullanarak bir sayfay\u0131 silmek i\u00e7in VBA Silme y\u00f6ntemini kullanman\u0131z gerekir.<\/strong> Silmek istedi\u011finiz sayfay\u0131 belirtmeniz ve ard\u0131ndan bu y\u00f6ntemi kullanman\u0131z gerekir. Diyelim ki &#8220;Sayfa1&#8243;i silmek istiyorsan\u0131z, sayfa1&#8217;den bahsetmeniz, ard\u0131ndan nokta (.) yazman\u0131z ve sonuna &#8220;Sil&#8221; yazman\u0131z gerekir.<\/p><p> Bu e\u011fitimde VBA kodunu kullanarak bir sayfay\u0131 silmek i\u00e7in kullanabilece\u011finiz farkl\u0131 yollar\u0131 g\u00f6rece\u011fiz. <a href=\"https:\/\/exceladvisor.org\/tr\/gelistirici-sekmesi-ekle\/\">\u015eeritte geli\u015ftirici sekmesinin<\/a> bulundu\u011fundan emin olun, buradan <a href=\"https:\/\/exceladvisor.org\/tr\/temel-gorsel-duzenleyici\/\">g\u00f6rsel temel d\u00fczenleyiciye eri\u015febilirsiniz<\/a> .<\/p><h2 class=\"wp-block-heading\"> Ad\u0131n\u0131 kullanarak bir sayfay\u0131 silme<\/h2><p> Her sayfan\u0131n bir ad\u0131 vard\u0131r ve bu ad\u0131 kullanarak bir sayfay\u0131 silmek i\u00e7in yazma kodunu kullanabilirsiniz. Diyelim ki &#8220;Veri&#8221; \u00e7al\u0131\u015fma sayfas\u0131n\u0131 silmek istiyorsunuz, kod \u015f\u00f6yle olacakt\u0131r: <\/p><pre class=\"wp-block-code\"> <code class=\"language-visual-basic\" lang=\"visual-basic\">Sub vba_delete_sheet() Sheets(\"Data\").Delete End Sub<\/code><\/pre><div class=\"wp-block-image\"><figure class=\"aligncenter size-large is-resized\"><img loading=\"lazy\" decoding=\"async\" class=\"wp-image-52001\" src=\"https:\/\/exceladvisor.org\/wp-content\/uploads\/2023\/08\/2-ecrire-un-code-supprimer.png\" sizes=\"auto, \" srcset=\"\" alt=\"kod yazma-silme\" width=\"374\" height=\"289\"><\/figure><\/div><h2 class=\"wp-block-heading\"> Bir sayfay\u0131 uyar\u0131 vermeden silin (istem)<\/h2><p> Bir \u00e7al\u0131\u015fma sayfas\u0131n\u0131 sildi\u011finizde Excel, onu silmek mi yoksa iptal etmek mi istedi\u011finizi onaylayan bir mesaj g\u00f6r\u00fcnt\u00fcler. Ve VBA kodunu kulland\u0131\u011f\u0131n\u0131zda bu durumda Excel de bunu yapacakt\u0131r. <\/p><div class=\"wp-block-image\"><figure class=\"aligncenter size-large is-resized\"><img loading=\"lazy\" decoding=\"async\" class=\"wp-image-52002\" src=\"https:\/\/exceladvisor.org\/wp-content\/uploads\/2023\/08\/3-boite-de-dialogue-pour-confirmer-la-suppression-ou-lannulation.png\" sizes=\"auto, \" srcset=\"\" alt=\"Silme veya iptal i\u015flemini onaylamak i\u00e7in ileti\u015fim kutusu\" width=\"530\" height=\"230\"><\/figure><\/div><p> Bu sorunu \u00e7\u00f6zmek i\u00e7in, bir sayfay\u0131 silmek \u00fczere ekran g\u00fcncellemeyi devre d\u0131\u015f\u0131 b\u0131rakabilir ve ard\u0131ndan etkinle\u015ftirebilirsiniz. <\/p><pre class=\"wp-block-code\"> <code class=\"language-visual-basic\" lang=\"visual-basic\">Application.DisplayAlerts = False Sheets(\"Data\").Delete Application.DisplayAlerts = True<\/code><\/pre><div class=\"wp-block-image\"><figure class=\"aligncenter size-large is-resized\"><img loading=\"lazy\" decoding=\"async\" class=\"wp-image-52003\" src=\"https:\/\/exceladvisor.org\/wp-content\/uploads\/2023\/08\/4-desactiver-lalerte-de-la-boite-de-dialogue.png\" sizes=\"auto, \" srcset=\"\" alt=\"ileti\u015fim uyar\u0131s\u0131n\u0131 devre d\u0131\u015f\u0131 b\u0131rak\" width=\"419\" height=\"243\"><\/figure><\/div><h2 class=\"wp-block-heading\"> Bir h\u00fccrenin sayfas\u0131n\u0131n ad\u0131<\/h2><p> \u015eimdi \u00e7al\u0131\u015fma sayfas\u0131 ad\u0131n\u0131 kullanmak i\u00e7in bir h\u00fccre de\u011feri kullanmak istedi\u011finizi varsayal\u0131m. Bu durumda bunu yapmak i\u00e7in <a href=\"https:\/\/exceladvisor.org\/tr\/aralik-1\/\">VBA range nesnesini<\/a> kullanman\u0131z gerekir. <\/p><div class=\"wp-block-image\"><figure class=\"aligncenter size-large is-resized\"><img loading=\"lazy\" decoding=\"async\" class=\"wp-image-52004\" src=\"https:\/\/exceladvisor.org\/wp-content\/uploads\/2023\/08\/5-utiliser-une-valeur-de-cellule-pour-utiliser-le-nom-de-la-feuille-de-calcul.png\" sizes=\"auto, \" srcset=\"\" alt=\"\u00e7al\u0131\u015fma sayfas\u0131n\u0131n ad\u0131n\u0131 kullanmak i\u00e7in bir h\u00fccre de\u011feri kullan\u0131n\" width=\"467\" height=\"272\"><\/figure><\/div><h2 class=\"wp-block-heading\"> Sayfa numaras\u0131n\u0131 kullanarak sayfay\u0131 sil<\/h2><p> Bu do\u011fru. Silmek i\u00e7in sayfa numaras\u0131n\u0131 kullanabilirsiniz. \u0130\u015fte kod. <\/p><pre class=\"wp-block-code\"> <code class=\"language-visual-basic\" lang=\"visual-basic\">Sub vba_delete_sheet() Sheets(1).Delete End Sub<\/code><\/pre><div class=\"wp-block-image\"><figure class=\"aligncenter size-large is-resized\"><img loading=\"lazy\" decoding=\"async\" class=\"wp-image-52005\" src=\"https:\/\/exceladvisor.org\/wp-content\/uploads\/2023\/08\/6-utiliser-le-numero-de-feuille-pour-le-supprimer.png\" sizes=\"auto, \" srcset=\"\" alt=\"silmek i\u00e7in sayfa numaras\u0131n\u0131 kullan\" width=\"311\" height=\"172\"><\/figure><\/div><h2 class=\"wp-block-heading\"> Etkin sayfay\u0131 sil<\/h2><p> Etkin sayfay\u0131 silmek i\u00e7in sayfay\u0131 belirtmek amac\u0131yla sayfa ad\u0131n\u0131 kullanmak yerine &#8220;ActiveSheet&#8221; nesnesini kullanabilirsiniz. <\/p><pre class=\"wp-block-code\"> <code class=\"language-visual-basic\" lang=\"visual-basic\">ActiveSheet.Delete<\/code><\/pre><div class=\"wp-block-image\"><figure class=\"aligncenter size-large is-resized\"><img loading=\"lazy\" decoding=\"async\" class=\"wp-image-52006\" src=\"https:\/\/exceladvisor.org\/wp-content\/uploads\/2023\/08\/7-pour-supprimer-la-feuille-active-utiliser-la-feuille-active.png\" sizes=\"auto, \" srcset=\"\" alt=\"-silmek-etkin-sayfa-kullan\u0131m-etkin-sayfa\" width=\"293\" height=\"173\"><\/figure><\/div><p> Dedi\u011fim gibi bu i\u015flem aktif sayfay\u0131 siler ve silmeden \u00f6nce <a href=\"https:\/\/exceladvisor.org\/tr\/sayfayi-etkinlestir\/\">aktif hale<\/a> getirebilirsiniz. Ancak a\u00e7\u0131k\u00e7as\u0131 bunu yapman\u0131za gerek yok \u00e7\u00fcnk\u00fc bu e\u011fitimin ba\u015f\u0131nda g\u00f6rd\u00fc\u011f\u00fcm\u00fcz gibi bir sayfaya ba\u015fvurabilir ve onu silebilirsiniz.<\/p><h2 class=\"wp-block-heading\"> Silmeden \u00f6nce sayfan\u0131n mevcut olup olmad\u0131\u011f\u0131n\u0131 kontrol edin<\/h2><p> Kodu, sayfan\u0131n var olup olmad\u0131\u011f\u0131n\u0131 kontrol edebilecek ve ard\u0131ndan silebilecek \u015fekilde de yazabilirsiniz. <\/p><pre class=\"wp-block-code\"> <code class=\"language-visual-basic\" lang=\"visual-basic\">Sub check_sheet_delete() Dim ws As Worksheet Dim mySheet As Variant mySheet = InputBox(\"enter sheet name\") Application.DisplayAlerts = False For Each ws In ThisWorkbook.Worksheets If mySheet = ws.Name Then ws.Delete End If Next ws Application.DisplayAlerts = True End Sub<\/code><\/pre><div class=\"wp-block-image\"><figure class=\"aligncenter size-large is-resized\"><img loading=\"lazy\" decoding=\"async\" class=\"wp-image-52007\" src=\"https:\/\/exceladvisor.org\/wp-content\/uploads\/2023\/08\/8-ecrire-un-code-pour-verifier-si-la-feuille-existe.png\" sizes=\"auto, \" srcset=\"\" alt=\"sayfan\u0131n mevcut olup olmad\u0131\u011f\u0131n\u0131 kontrol etmek i\u00e7in kod yazma\" width=\"481\" height=\"443\"><\/figure><\/div><p> Bu kodda, t\u00fcm \u00e7al\u0131\u015fma sayfalar\u0131n\u0131 yinelemek i\u00e7in <a href=\"https:\/\/exceladvisor.org\/tr\/dongu-icin\/\">FOR HER&#8217;ye<\/a> sahipsiniz. Ve ard\u0131ndan, ad\u0131 giri\u015f kutusuna yazd\u0131\u011f\u0131n\u0131z isme e\u015fitse sayfay\u0131 silmek i\u00e7in bir <a href=\"https:\/\/exceladvisor.org\/tr\/eger-2\/\">IF BEYANI<\/a> .<\/p><h2 class=\"wp-block-heading\"> \u00c7al\u0131\u015fma kitab\u0131ndaki t\u00fcm \u00e7al\u0131\u015fma sayfalar\u0131n\u0131 sil<\/h2><p> Eminim akl\u0131n\u0131zda bu soru vard\u0131r ama korkar\u0131m \u00e7al\u0131\u015fma kitab\u0131ndaki t\u00fcm \u00e7al\u0131\u015fma sayfalar\u0131n\u0131 silmek imkans\u0131zd\u0131r. En az bir \u00e7al\u0131\u015fma sayfan\u0131z kald\u0131.<\/p><p> Ama bu soruna bir \u00e7\u00f6z\u00fcm buldum. Yeni bir bo\u015f sayfa ekleyebilir, ard\u0131ndan orada bulunan t\u00fcm sayfalar\u0131 silebilirsiniz.<\/p><p> <strong>\u0130\u015fte kod:<\/strong> Bu kod <a href=\"https:\/\/exceladvisor.org\/tr\/yeni-bir-sayfa-ekle-1\/\">yeni bir sayfa ekler<\/a> ve di\u011fer t\u00fcm sayfalar\u0131 siler.<\/p><pre class=\"wp-block-code\"> <code class=\"language-visual-basic\" lang=\"visual-basic\">Sub vba_delete_all_worksheets() Dim ws As Worksheet Dim mySheet As String mySheet = \"BlankSheet-\" &amp; Format(Now, \"SS\") Sheets.Add.Name = mySheet Application.DisplayAlerts = False For Each ws In ThisWorkbook.Worksheets If ws.Name &lt;&gt; mySheet Then ws.Delete End If Next ws Application.DisplayAlerts = True End Sub<\/code><\/pre><div class=\"gb-container gb-container-4db6181c gb-container-mt\"> <a class=\"gb-button gb-button-c5897111 gb-button-text gb-button-mt-button\" href=\"https:\/\/exceladvisor.org\/tr\/vba\/\">VBA nedir<\/a><h2 class=\"gb-headline gb-headline-665e5f6b gb-headline-text gb-headline-mt-heading\"> \u0130lgili e\u011fitimler <\/h2><div class=\"gb-grid-wrapper gb-grid-wrapper-a20baf7c gb-grid-wrapper-mt-grid\"><div class=\"gb-grid-column gb-grid-column-65ddf67e\"><div class=\"gb-container gb-container-65ddf67e\"><ul><li> <a href=\"https:\/\/exceladvisor.org\/tr\/temiz-sayfa\/\">Excel&#8217;de VBA kullanarak bir sayfan\u0131n tamam\u0131n\u0131 TEM\u0130ZLEY\u0130N<\/a><\/li><li> <a href=\"https:\/\/exceladvisor.org\/tr\/sayfayi-kopyala\/\">VBA&#8217;y\u0131 kullanarak Excel&#8217;de bir sayfay\u0131 kopyalay\u0131n ve ta\u015f\u0131y\u0131n<\/a><\/li><li> <a href=\"https:\/\/exceladvisor.org\/tr\/yapraklari-say\/\">Excel&#8217;de VBA kullanan COUNT Sayfa<\/a><\/li><li> <a href=\"https:\/\/exceladvisor.org\/tr\/sayfayi-gizle\/\">Excel&#8217;de VBA kullanarak bir sayfay\u0131 gizleme ve g\u00f6sterme<\/a><\/li><li> <a href=\"https:\/\/exceladvisor.org\/tr\/yapragi-korumak\/\">Excel&#8217;de VBA kullanarak bir sayfay\u0131 KORUMA ve KORUMADAN KALDIRMA<\/a> <\/li><\/ul><\/div><\/div><div class=\"gb-grid-column gb-grid-column-50067b57\"><div class=\"gb-container gb-container-50067b57\"><\/div><\/div><\/div><\/div>","protected":false},"excerpt":{"rendered":"","protected":false},"author":1,"featured_media":0,"parent":0,"menu_order":0,"comment_status":"open","ping_status":"closed","template":"","meta":{"ub_ctt_via":"","footnotes":""},"class_list":["post-1534","page","type-page","status-publish","hentry"],"featured_image_src":null,"yoast_head":"<!-- This site is optimized with the Yoast SEO plugin v25.4 - https:\/\/yoast.com\/wordpress\/plugins\/seo\/ -->\n<title>\u25b7 VBA kodunu kullanarak bir sayfay\u0131 nas\u0131l silebilirim?<\/title>\n<meta name=\"description\" content=\"Bu e\u011fitimde, bir SAYFAYI S\u0130LMEK i\u00e7in VBA&#039;n\u0131n nas\u0131l kullan\u0131laca\u011f\u0131 g\u00f6sterilmektedir. Ayr\u0131ca kullanabilece\u011finiz farkl\u0131 y\u00f6ntemleri de kapsar.\" \/>\n<meta name=\"robots\" content=\"index, follow, max-snippet:-1, max-image-preview:large, max-video-preview:-1\" \/>\n<link rel=\"canonical\" href=\"https:\/\/exceladvisor.org\/tr\/bir-sayfayi-sil-1\/\" \/>\n<meta property=\"og:locale\" content=\"tr_TR\" \/>\n<meta property=\"og:type\" content=\"article\" \/>\n<meta property=\"og:title\" content=\"\u25b7 VBA kodunu kullanarak bir sayfay\u0131 nas\u0131l silebilirim?\" \/>\n<meta property=\"og:description\" content=\"Bu e\u011fitimde, bir SAYFAYI S\u0130LMEK i\u00e7in VBA&#039;n\u0131n nas\u0131l kullan\u0131laca\u011f\u0131 g\u00f6sterilmektedir. Ayr\u0131ca kullanabilece\u011finiz farkl\u0131 y\u00f6ntemleri de kapsar.\" \/>\n<meta property=\"og:url\" content=\"https:\/\/exceladvisor.org\/tr\/bir-sayfayi-sil-1\/\" \/>\n<meta property=\"og:site_name\" content=\"Excel Advisor\" \/>\n<meta property=\"article:modified_time\" content=\"2023-12-10T06:06:25+00:00\" \/>\n<meta property=\"og:image\" content=\"https:\/\/exceladvisor.org\/wp-content\/uploads\/2023\/08\/2-ecrire-un-code-supprimer.png\" \/>\n<meta name=\"twitter:card\" content=\"summary_large_image\" \/>\n<meta name=\"twitter:label1\" content=\"Tahmini okuma s\u00fcresi\" \/>\n\t<meta name=\"twitter:data1\" content=\"3 dakika\" \/>\n<script type=\"application\/ld+json\" class=\"yoast-schema-graph\">{\"@context\":\"https:\/\/schema.org\",\"@graph\":[{\"@type\":\"WebPage\",\"@id\":\"https:\/\/exceladvisor.org\/tr\/bir-sayfayi-sil-1\/\",\"url\":\"https:\/\/exceladvisor.org\/tr\/bir-sayfayi-sil-1\/\",\"name\":\"\u25b7 VBA kodunu kullanarak bir sayfay\u0131 nas\u0131l silebilirim?\",\"isPartOf\":{\"@id\":\"https:\/\/exceladvisor.org\/tr\/#website\"},\"primaryImageOfPage\":{\"@id\":\"https:\/\/exceladvisor.org\/tr\/bir-sayfayi-sil-1\/#primaryimage\"},\"image\":{\"@id\":\"https:\/\/exceladvisor.org\/tr\/bir-sayfayi-sil-1\/#primaryimage\"},\"thumbnailUrl\":\"https:\/\/exceladvisor.org\/wp-content\/uploads\/2023\/08\/2-ecrire-un-code-supprimer.png\",\"datePublished\":\"2023-11-17T15:12:06+00:00\",\"dateModified\":\"2023-12-10T06:06:25+00:00\",\"description\":\"Bu e\u011fitimde, bir SAYFAYI S\u0130LMEK i\u00e7in VBA&#39;n\u0131n nas\u0131l kullan\u0131laca\u011f\u0131 g\u00f6sterilmektedir. Ayr\u0131ca kullanabilece\u011finiz farkl\u0131 y\u00f6ntemleri de kapsar.\",\"breadcrumb\":{\"@id\":\"https:\/\/exceladvisor.org\/tr\/bir-sayfayi-sil-1\/#breadcrumb\"},\"inLanguage\":\"tr\",\"potentialAction\":[{\"@type\":\"ReadAction\",\"target\":[\"https:\/\/exceladvisor.org\/tr\/bir-sayfayi-sil-1\/\"]}]},{\"@type\":\"ImageObject\",\"inLanguage\":\"tr\",\"@id\":\"https:\/\/exceladvisor.org\/tr\/bir-sayfayi-sil-1\/#primaryimage\",\"url\":\"https:\/\/exceladvisor.org\/wp-content\/uploads\/2023\/08\/2-ecrire-un-code-supprimer.png\",\"contentUrl\":\"https:\/\/exceladvisor.org\/wp-content\/uploads\/2023\/08\/2-ecrire-un-code-supprimer.png\"},{\"@type\":\"BreadcrumbList\",\"@id\":\"https:\/\/exceladvisor.org\/tr\/bir-sayfayi-sil-1\/#breadcrumb\",\"itemListElement\":[{\"@type\":\"ListItem\",\"position\":1,\"name\":\"Ev\",\"item\":\"https:\/\/exceladvisor.org\/tr\/\"},{\"@type\":\"ListItem\",\"position\":2,\"name\":\"Vba kullanarak bir sayfay\u0131 nas\u0131l silebilirim?\"}]},{\"@type\":\"WebSite\",\"@id\":\"https:\/\/exceladvisor.org\/tr\/#website\",\"url\":\"https:\/\/exceladvisor.org\/tr\/\",\"name\":\"Excel Advisor\",\"description\":\"Veri hakimiyetine y\u00f6nelik nihai rehberiniz!\",\"publisher\":{\"@id\":\"https:\/\/exceladvisor.org\/tr\/#organization\"},\"potentialAction\":[{\"@type\":\"SearchAction\",\"target\":{\"@type\":\"EntryPoint\",\"urlTemplate\":\"https:\/\/exceladvisor.org\/tr\/?s={search_term_string}\"},\"query-input\":{\"@type\":\"PropertyValueSpecification\",\"valueRequired\":true,\"valueName\":\"search_term_string\"}}],\"inLanguage\":\"tr\"},{\"@type\":\"Organization\",\"@id\":\"https:\/\/exceladvisor.org\/tr\/#organization\",\"name\":\"Excel Advisor\",\"url\":\"https:\/\/exceladvisor.org\/tr\/\",\"logo\":{\"@type\":\"ImageObject\",\"inLanguage\":\"tr\",\"@id\":\"https:\/\/exceladvisor.org\/tr\/#\/schema\/logo\/image\/\",\"url\":\"https:\/\/exceladvisor.org\/tr\/wp-content\/uploads\/2023\/12\/exceladvisor.org_.png\",\"contentUrl\":\"https:\/\/exceladvisor.org\/tr\/wp-content\/uploads\/2023\/12\/exceladvisor.org_.png\",\"width\":105,\"height\":36,\"caption\":\"Excel Advisor\"},\"image\":{\"@id\":\"https:\/\/exceladvisor.org\/tr\/#\/schema\/logo\/image\/\"}}]}<\/script>\n<!-- \/ Yoast SEO plugin. -->","yoast_head_json":{"title":"\u25b7 VBA kodunu kullanarak bir sayfay\u0131 nas\u0131l silebilirim?","description":"Bu e\u011fitimde, bir SAYFAYI S\u0130LMEK i\u00e7in VBA&#39;n\u0131n nas\u0131l kullan\u0131laca\u011f\u0131 g\u00f6sterilmektedir. Ayr\u0131ca kullanabilece\u011finiz farkl\u0131 y\u00f6ntemleri de kapsar.","robots":{"index":"index","follow":"follow","max-snippet":"max-snippet:-1","max-image-preview":"max-image-preview:large","max-video-preview":"max-video-preview:-1"},"canonical":"https:\/\/exceladvisor.org\/tr\/bir-sayfayi-sil-1\/","og_locale":"tr_TR","og_type":"article","og_title":"\u25b7 VBA kodunu kullanarak bir sayfay\u0131 nas\u0131l silebilirim?","og_description":"Bu e\u011fitimde, bir SAYFAYI S\u0130LMEK i\u00e7in VBA&#39;n\u0131n nas\u0131l kullan\u0131laca\u011f\u0131 g\u00f6sterilmektedir. Ayr\u0131ca kullanabilece\u011finiz farkl\u0131 y\u00f6ntemleri de kapsar.","og_url":"https:\/\/exceladvisor.org\/tr\/bir-sayfayi-sil-1\/","og_site_name":"Excel Advisor","article_modified_time":"2023-12-10T06:06:25+00:00","og_image":[{"url":"https:\/\/exceladvisor.org\/wp-content\/uploads\/2023\/08\/2-ecrire-un-code-supprimer.png","type":"","width":"","height":""}],"twitter_card":"summary_large_image","twitter_misc":{"Tahmini okuma s\u00fcresi":"3 dakika"},"schema":{"@context":"https:\/\/schema.org","@graph":[{"@type":"WebPage","@id":"https:\/\/exceladvisor.org\/tr\/bir-sayfayi-sil-1\/","url":"https:\/\/exceladvisor.org\/tr\/bir-sayfayi-sil-1\/","name":"\u25b7 VBA kodunu kullanarak bir sayfay\u0131 nas\u0131l silebilirim?","isPartOf":{"@id":"https:\/\/exceladvisor.org\/tr\/#website"},"primaryImageOfPage":{"@id":"https:\/\/exceladvisor.org\/tr\/bir-sayfayi-sil-1\/#primaryimage"},"image":{"@id":"https:\/\/exceladvisor.org\/tr\/bir-sayfayi-sil-1\/#primaryimage"},"thumbnailUrl":"https:\/\/exceladvisor.org\/wp-content\/uploads\/2023\/08\/2-ecrire-un-code-supprimer.png","datePublished":"2023-11-17T15:12:06+00:00","dateModified":"2023-12-10T06:06:25+00:00","description":"Bu e\u011fitimde, bir SAYFAYI S\u0130LMEK i\u00e7in VBA&#39;n\u0131n nas\u0131l kullan\u0131laca\u011f\u0131 g\u00f6sterilmektedir. Ayr\u0131ca kullanabilece\u011finiz farkl\u0131 y\u00f6ntemleri de kapsar.","breadcrumb":{"@id":"https:\/\/exceladvisor.org\/tr\/bir-sayfayi-sil-1\/#breadcrumb"},"inLanguage":"tr","potentialAction":[{"@type":"ReadAction","target":["https:\/\/exceladvisor.org\/tr\/bir-sayfayi-sil-1\/"]}]},{"@type":"ImageObject","inLanguage":"tr","@id":"https:\/\/exceladvisor.org\/tr\/bir-sayfayi-sil-1\/#primaryimage","url":"https:\/\/exceladvisor.org\/wp-content\/uploads\/2023\/08\/2-ecrire-un-code-supprimer.png","contentUrl":"https:\/\/exceladvisor.org\/wp-content\/uploads\/2023\/08\/2-ecrire-un-code-supprimer.png"},{"@type":"BreadcrumbList","@id":"https:\/\/exceladvisor.org\/tr\/bir-sayfayi-sil-1\/#breadcrumb","itemListElement":[{"@type":"ListItem","position":1,"name":"Ev","item":"https:\/\/exceladvisor.org\/tr\/"},{"@type":"ListItem","position":2,"name":"Vba kullanarak bir sayfay\u0131 nas\u0131l silebilirim?"}]},{"@type":"WebSite","@id":"https:\/\/exceladvisor.org\/tr\/#website","url":"https:\/\/exceladvisor.org\/tr\/","name":"Excel Advisor","description":"Veri hakimiyetine y\u00f6nelik nihai rehberiniz!","publisher":{"@id":"https:\/\/exceladvisor.org\/tr\/#organization"},"potentialAction":[{"@type":"SearchAction","target":{"@type":"EntryPoint","urlTemplate":"https:\/\/exceladvisor.org\/tr\/?s={search_term_string}"},"query-input":{"@type":"PropertyValueSpecification","valueRequired":true,"valueName":"search_term_string"}}],"inLanguage":"tr"},{"@type":"Organization","@id":"https:\/\/exceladvisor.org\/tr\/#organization","name":"Excel Advisor","url":"https:\/\/exceladvisor.org\/tr\/","logo":{"@type":"ImageObject","inLanguage":"tr","@id":"https:\/\/exceladvisor.org\/tr\/#\/schema\/logo\/image\/","url":"https:\/\/exceladvisor.org\/tr\/wp-content\/uploads\/2023\/12\/exceladvisor.org_.png","contentUrl":"https:\/\/exceladvisor.org\/tr\/wp-content\/uploads\/2023\/12\/exceladvisor.org_.png","width":105,"height":36,"caption":"Excel Advisor"},"image":{"@id":"https:\/\/exceladvisor.org\/tr\/#\/schema\/logo\/image\/"}}]}},"yoast_meta":{"yoast_wpseo_title":"","yoast_wpseo_metadesc":"","yoast_wpseo_canonical":""},"_links":{"self":[{"href":"https:\/\/exceladvisor.org\/tr\/wp-json\/wp\/v2\/pages\/1534","targetHints":{"allow":["GET"]}}],"collection":[{"href":"https:\/\/exceladvisor.org\/tr\/wp-json\/wp\/v2\/pages"}],"about":[{"href":"https:\/\/exceladvisor.org\/tr\/wp-json\/wp\/v2\/types\/page"}],"author":[{"embeddable":true,"href":"https:\/\/exceladvisor.org\/tr\/wp-json\/wp\/v2\/users\/1"}],"replies":[{"embeddable":true,"href":"https:\/\/exceladvisor.org\/tr\/wp-json\/wp\/v2\/comments?post=1534"}],"version-history":[{"count":1,"href":"https:\/\/exceladvisor.org\/tr\/wp-json\/wp\/v2\/pages\/1534\/revisions"}],"predecessor-version":[{"id":2869,"href":"https:\/\/exceladvisor.org\/tr\/wp-json\/wp\/v2\/pages\/1534\/revisions\/2869"}],"wp:attachment":[{"href":"https:\/\/exceladvisor.org\/tr\/wp-json\/wp\/v2\/media?parent=1534"}],"curies":[{"name":"wp","href":"https:\/\/api.w.org\/{rel}","templated":true}]}}