{"id":1536,"date":"2023-11-17T13:44:50","date_gmt":"2023-11-17T13:44:50","guid":{"rendered":"https:\/\/exceladvisor.org\/tr\/sayfayi-kopyala\/"},"modified":"2023-12-10T06:06:24","modified_gmt":"2023-12-10T06:06:24","slug":"sayfayi-kopyala","status":"publish","type":"page","link":"https:\/\/exceladvisor.org\/tr\/sayfayi-kopyala\/","title":{"rendered":"Vba kullanarak bir sayfay\u0131 nas\u0131l kopyalayabilir ve ta\u015f\u0131yabilirim?"},"content":{"rendered":"<div class=\"excel-icerikten-once\" id=\"excel-3004746941\"><script type=\"text\/javascript\">\r\n\tatOptions = {\r\n\t\t'key' : 'c1158f160081d6540a8409e6925dab94',\r\n\t\t'format' : 'iframe',\r\n\t\t'height' : 250,\r\n\t\t'width' : 300,\r\n\t\t'params' : {}\r\n\t};\r\n<\/script>\r\n<script type=\"text\/javascript\" src=\"\/\/www.highperformanceformat.com\/c1158f160081d6540a8409e6925dab94\/invoke.js\"><\/script><\/div> <p>VBA kodunu kullanarak Excel&#8217;de bir sayfay\u0131 kopyalay\u0131p ta\u015f\u0131yabilirsiniz ve bu e\u011fitimde bunu yapman\u0131n farkl\u0131 yollar\u0131n\u0131 \u00f6\u011frenece\u011fiz.<\/p><h2 class=\"wp-block-heading\"> Ayn\u0131 \u00e7al\u0131\u015fma kitab\u0131ndaki bir sayfay\u0131 kopyalama<\/h2><p> Ayn\u0131 \u00e7al\u0131\u015fma kitab\u0131ndaki bir sayfay\u0131 kopyalamak istiyorsan\u0131z kopyalama y\u00f6ntemini kulland\u0131\u011f\u0131n\u0131z yerde a\u015fa\u011f\u0131daki kodu kullanabilirsiniz.<\/p><pre class=\"wp-block-code\"> <code class=\"language-visual-basic\" lang=\"visual-basic\">Sheets(\"Sheet5\").Copy Before:=Sheets(1)<\/code><\/pre><p> Bu kodda sayfa1 \u00e7al\u0131\u015fma kitab\u0131n\u0131n ilk sayfas\u0131d\u0131r ve bu kodu \u00e7al\u0131\u015ft\u0131rd\u0131\u011f\u0131n\u0131zda \u00e7al\u0131\u015fma kitab\u0131n\u0131n ilk sayfas\u0131ndan \u00f6nceki &#8220;Sayfa5&#8221; isimli sayfay\u0131 kopyalar. <\/p><div class=\"wp-block-image\"><figure class=\"aligncenter size-large is-resized\"><img loading=\"lazy\" decoding=\"async\" class=\"wp-image-52324\" src=\"https:\/\/exceladvisor.org\/wp-content\/uploads\/2023\/08\/1-copier-une-feuille-dans-le-meme-classeur.png\" sizes=\"auto, \" srcset=\"\" alt=\"bir sayfay\u0131 ayn\u0131 klas\u00f6re kopyala\" width=\"510\" height=\"277\"><\/figure><\/div><p> Ve e\u011fer ilk sayfadan sonra kopyalamak isterseniz kod a\u015fa\u011f\u0131daki gibi olacakt\u0131r.<\/p><pre class=\"wp-block-code\"> <code class=\"language-visual-basic\" lang=\"visual-basic\">Sheets(\"Sheet5\").Copy After:=Sheets(1)<\/code><\/pre><p> Ve e\u011fer ilk sayfadan sonra kopyalamak isterseniz kod a\u015fa\u011f\u0131daki gibi olacakt\u0131r.<\/p><pre class=\"wp-block-code\"> <code class=\"language-visual-basic\" lang=\"visual-basic\">Sheets(\"Sheet5\").Copy Before:=Sheets(\"Sheet3\") Sheets(\"Sheet5\").Copy After:=Sheets(\"Sheet3\")<\/code><\/pre><p> Bu VBA kodunu \u00e7al\u0131\u015ft\u0131rd\u0131\u011f\u0131n\u0131zda, &#8220;Sayfa5&#8243;i &#8220;Sayfa3&#8243;ten \u00f6nce ve sonra kopyalar. <\/p><div class=\"wp-block-image\"><figure class=\"aligncenter size-large is-resized\"><img loading=\"lazy\" decoding=\"async\" class=\"wp-image-52326\" src=\"https:\/\/exceladvisor.org\/wp-content\/uploads\/2023\/08\/3-code-vba-si-vous-voulez-le-copier-apres-la-premiere-feuille.png\" sizes=\"auto, \" srcset=\"\" alt=\"vba kodunu ilk sayfadan sonra kopyalamak istiyorsan\u0131z\" width=\"631\" height=\"299\"><\/figure><\/div><p> A\u015fa\u011f\u0131daki kod sat\u0131r\u0131yla \u00e7al\u0131\u015fma kitab\u0131n\u0131n son sayfas\u0131ndan sonraki bir sayfay\u0131 kopyalayabilirsiniz. Sayfa say\u0131s\u0131n\u0131 almak i\u00e7insheet.count&#8217;u kullan\u0131r, ard\u0131ndan sayfay\u0131 en son kopyalamak i\u00e7in count&#8217;u kullan\u0131r. <\/p><pre class=\"wp-block-code\"> <code class=\"language-visual-basic\" lang=\"visual-basic\">Sheets(\"myNewSheet\").Move After:=Sheets(Sheets.Count)<\/code><\/pre><div class=\"wp-block-image\"><figure class=\"aligncenter size-large is-resized\"><img loading=\"lazy\" decoding=\"async\" class=\"wp-image-52325\" src=\"https:\/\/exceladvisor.org\/wp-content\/uploads\/2023\/08\/2-copier-une-feuille-apres-la-derniere-feuille-du-classeur.png\" sizes=\"auto, \" srcset=\"\" alt=\"ciltleyicideki son sayfadan sonra bir sayfay\u0131 kopyala\" width=\"656\" height=\"285\"><\/figure><\/div><p class=\"content-box-grey\"> <em>Yararl\u0131 ba\u011flant\u0131lar: <a href=\"https:\/\/exceladvisor.org\/tr\/makro-2yi-calistir\/\">Makro \u00e7al\u0131\u015ft\u0131rma<\/a> \u2013 <a href=\"https:\/\/exceladvisor.org\/tr\/makro-kaydet\/\">Makro kaydedici<\/a> \u2013 <a href=\"https:\/\/exceladvisor.org\/tr\/temel-gorsel-duzenleyici\/\">Visual Basic D\u00fczenleyici<\/a> \u2013 <a href=\"https:\/\/exceladvisor.org\/tr\/kisisel-makro-not-defteri\/\">Ki\u015fisel Makrolar El Kitab\u0131<\/a><\/em><\/p><h2 class=\"wp-block-heading\"> Ayn\u0131 \u00e7al\u0131\u015fma kitab\u0131ndaki bir sayfay\u0131 yeni bir adla kopyalama<\/h2><p> Ve e\u011fer bir sayfay\u0131 kopyalay\u0131p an\u0131nda yeniden adland\u0131rmak istiyorsan\u0131z, t\u0131pk\u0131 a\u015fa\u011f\u0131daki kod gibi name \u00f6zelli\u011fini kullanman\u0131z gerekir. <\/p><pre class=\"wp-block-code\"> <code class=\"language-visual-basic\" lang=\"visual-basic\">Sheets(\"Sheet5\").Move Before:=Sheets(1) ActiveSheet.Name = \"myNewSheet\"<\/code><\/pre><div class=\"wp-block-image\"><figure class=\"aligncenter size-large is-resized\"><img loading=\"lazy\" decoding=\"async\" class=\"wp-image-52327\" src=\"https:\/\/exceladvisor.org\/wp-content\/uploads\/2023\/08\/4-copier-une-feuille-dans-le-meme-classeur-avec-le-nouveau-nom.png\" sizes=\"auto, \" srcset=\"\" alt=\"bir sayfay\u0131 yeni adla-ayn\u0131-\u00e7al\u0131\u015fma kitab\u0131na kopyala\" width=\"480\" height=\"290\"><\/figure><\/div><h2 class=\"wp-block-heading\"> Ayn\u0131 \u00e7al\u0131\u015fma kitab\u0131ndaki bir sayfay\u0131 ta\u015f\u0131ma<\/h2><p> Ayn\u0131 \u00e7al\u0131\u015fma kitab\u0131ndaki bir sayfay\u0131 ta\u015f\u0131mak i\u00e7in a\u015fa\u011f\u0131daki koddaki gibi ta\u015f\u0131ma y\u00f6ntemini kullanman\u0131z gerekir. <\/p><pre class=\"wp-block-code\"> <code class=\"language-visual-basic\" lang=\"visual-basic\">Sheets(\"Sheet5\").Move After:=Sheets(1)<\/code><\/pre><div class=\"wp-block-image\"><figure class=\"aligncenter size-large is-resized\"><img loading=\"lazy\" decoding=\"async\" class=\"wp-image-52328\" src=\"https:\/\/exceladvisor.org\/wp-content\/uploads\/2023\/08\/5-deplacer-une-feuille-dans-le-meme-classeur.png\" sizes=\"auto, \" srcset=\"\" alt=\"ayn\u0131 ciltleyicide bir sayfay\u0131 ta\u015f\u0131\" width=\"527\" height=\"311\"><\/figure><\/div><p> Bu kod, yukar\u0131daki anl\u0131k g\u00f6r\u00fcnt\u00fcde g\u00f6rebilece\u011finiz gibi &#8220;Sayfa5&#8243;i &#8220;Sayfa2&#8243;nin \u00f6n\u00fcne ta\u015f\u0131yacakt\u0131r.<\/p><h2 class=\"wp-block-heading\"> Bir sayfay\u0131 yeni \u00e7al\u0131\u015fma kitab\u0131na kopyalama<\/h2><p> Ge\u00e7erli \u00e7al\u0131\u015fma kitab\u0131nda bir sayfa tan\u0131mlamadan kopyalama y\u00f6ntemini kulland\u0131\u011f\u0131n\u0131zda, VBA yeni bir \u00e7al\u0131\u015fma kitab\u0131 a\u00e7ar ve bu sayfay\u0131 o \u00e7al\u0131\u015fma kitab\u0131na kopyalar.<\/p><pre class=\"wp-block-code\"> <code class=\"language-visual-basic\" lang=\"visual-basic\">Sheets(\"Sheet5\").Copy<\/code><\/pre><p> Ve bir sayfay\u0131 yeni bir \u00e7al\u0131\u015fma kitab\u0131na ta\u015f\u0131mak i\u00e7in.<\/p><pre class=\"wp-block-code\"> <code class=\"language-visual-basic\" lang=\"visual-basic\">Sheets(\"Sheet5\").Move<\/code><\/pre><h2 class=\"wp-block-heading\"> Birden \u00e7ok sayfay\u0131 yeni \u00e7al\u0131\u015fma kitab\u0131na kopyalama<\/h2><p> Yeni \u00e7al\u0131\u015fma kitab\u0131na ayn\u0131 anda birden fazla sayfa eklemek istiyorsan\u0131z a\u015fa\u011f\u0131daki gibi bir kod kullan\u0131n.<\/p><pre class=\"wp-block-code\"> <code class=\"language-visual-basic\" lang=\"visual-basic\">Sheets(Array(\"Sheet2\", \"Sheet3\", \"Sheet4\", \"Sheet5\")).Copy<\/code><\/pre><p> Yukar\u0131daki kod bir dizi sayfa olu\u015fturur ve ard\u0131ndan bunlar\u0131n hepsini yeni bir \u00e7al\u0131\u015fma kitab\u0131na kopyalar.<\/p><h2 class=\"wp-block-heading\"> Bir sayfay\u0131 ba\u015fka bir \u00e7al\u0131\u015fma kitab\u0131na kopyalama<\/h2><p> Bir sayfay\u0131 zaten a\u00e7\u0131k olan ba\u015fka bir \u00e7al\u0131\u015fma kitab\u0131na kopyalamak istiyorsan\u0131z, \u00e7al\u0131\u015fma kitab\u0131n\u0131n ad\u0131n\u0131 ba\u011f\u0131ms\u0131z de\u011fi\u015fkenden sonra veya \u00f6nce belirtebilirsiniz.<\/p><pre class=\"wp-block-code\"> <code class=\"language-visual-basic\" lang=\"visual-basic\">Sheets(\"Sheet1\").Copy Before:=Workbooks(\"Book1.xlsx\").Sheets(1)<\/code><\/pre><p> Yukar\u0131daki kod, Sayfa1&#8217;i etkin \u00e7al\u0131\u015fma kitab\u0131ndan kopyalar ve onu zaten a\u00e7\u0131k olan Kitap1.xlsx&#8217;in ilk sayfas\u0131n\u0131n \u00f6ncesine ekler.<\/p><p> Ve e\u011fer onu ta\u015f\u0131mak istersen.<\/p><pre class=\"wp-block-code\"> <code class=\"language-visual-basic\" lang=\"visual-basic\">Sheets(\"Sheet1\").Move Before:=Workbooks(\"Book1.xlsx\").Sheets(1)<\/code><\/pre><h2 class=\"wp-block-heading\"> Bir sayfay\u0131 kapal\u0131 bir \u00e7al\u0131\u015fma kitab\u0131na kopyalama<\/h2><p> Bir sayfay\u0131 kapal\u0131 bir \u00e7al\u0131\u015fma kitab\u0131na kopyalaman\u0131n bir yolu vard\u0131r ve onu a\u00e7man\u0131za gerek yoktur. A\u015fa\u011f\u0131daki koda bak\u0131n.<\/p><pre class=\"wp-block-code\"> <code class=\"language-visual-basic\" lang=\"visual-basic\">Sub vba_copy_sheet() Dim mybook As Workbook Application.ScreenUpdating = False Set mybook = _ Workbooks.Open _ (\"C:UsersDellDesktopsamplefile.xlsx\") Workbooks(\"Book1.xlsx\").Sheets(\"Sheet2\").Copy Before:=mybook.Sheets(1) mybook.Close SaveChanges:=True Application.ScreenUpdating = True End Sub<\/code><\/pre><p> Bu kodda myBook de\u011fi\u015fkeniniz ve ona atanm\u0131\u015f bir \u00e7al\u0131\u015fma kitab\u0131n\u0131z var. Kodun g\u00f6revi arka u\u00e7ta ger\u00e7ekle\u015ftirebilmesi i\u00e7in ekran g\u00fcncellemeyi devre d\u0131\u015f\u0131 b\u0131rakt\u0131k.<\/p><h2 class=\"wp-block-heading\"> Ba\u015fka bir \u00e7al\u0131\u015fma kitab\u0131ndan bir sayfay\u0131 a\u00e7madan kopyalama<\/h2><p> Ayn\u0131 \u015fekilde kapal\u0131 bir \u00e7al\u0131\u015fma kitab\u0131ndan bir sayfay\u0131 kopyalay\u0131p ta\u015f\u0131yabilirsiniz. A\u015fa\u011f\u0131daki koda bak\u0131n.<\/p><pre class=\"wp-block-code\"> <code class=\"language-visual-basic\" lang=\"visual-basic\">Sub vba_copy_sheet() Dim mybook As Workbook Application.ScreenUpdating = False Set mybook = _ Workbooks.Open _ (\"C:UsersDellDesktopsamplefile.xlsx\") mybook.Sheets(\"mySheet\").Copy Before:=Workbooks(\"Book1.xlsx\").Sheets(1) mybook.Close SaveChanges:=True Application.ScreenUpdating = True End Sub<\/code><\/pre><div class=\"gb-container gb-container-4db6181c gb-container-mt\"> <a class=\"gb-button gb-button-c5897111 gb-button-text gb-button-mt-button\" href=\"https:\/\/exceladvisor.org\/tr\/vba\/\">VBA nedir<\/a><h2 class=\"gb-headline gb-headline-665e5f6b gb-headline-text gb-headline-mt-heading\"> \u0130lgili e\u011fitimler <\/h2><div class=\"gb-grid-wrapper gb-grid-wrapper-a20baf7c gb-grid-wrapper-mt-grid\"><div class=\"gb-grid-column gb-grid-column-65ddf67e\"><div class=\"gb-container gb-container-65ddf67e\"><ul><li> <a href=\"https:\/\/exceladvisor.org\/tr\/temiz-sayfa\/\">Excel&#8217;de VBA kullanarak bir sayfan\u0131n tamam\u0131n\u0131 TEM\u0130ZLEY\u0130N<\/a><\/li><li> <a href=\"https:\/\/exceladvisor.org\/tr\/yapraklari-say\/\">Excel&#8217;de VBA kullanan COUNT Sayfa<\/a><\/li><li> <a href=\"https:\/\/exceladvisor.org\/tr\/bir-sayfayi-sil-1\/\">Excel&#8217;de VBA kullanarak bir SAYFAYI S\u0130L\u0130N<\/a><\/li><li> <a href=\"https:\/\/exceladvisor.org\/tr\/sayfayi-gizle\/\">Excel&#8217;de VBA kullanarak bir sayfay\u0131 gizleme ve g\u00f6sterme<\/a><\/li><li> <a href=\"https:\/\/exceladvisor.org\/tr\/yapragi-korumak\/\">Excel&#8217;de VBA kullanarak bir sayfay\u0131 KORUMA ve KORUMADAN KALDIRMA<\/a><\/li><\/ul><\/div><\/div><\/div><\/div>","protected":false},"excerpt":{"rendered":"","protected":false},"author":1,"featured_media":0,"parent":0,"menu_order":0,"comment_status":"open","ping_status":"closed","template":"","meta":{"ub_ctt_via":"","footnotes":""},"class_list":["post-1536","page","type-page","status-publish","hentry"],"featured_image_src":null,"yoast_head":"<!-- This site is optimized with the Yoast SEO plugin v25.4 - https:\/\/yoast.com\/wordpress\/plugins\/seo\/ -->\n<title>VBA kullanarak Excel&#039;de bir sayfay\u0131 nas\u0131l kopyalayabilirim\/ta\u015f\u0131yabilirim?<\/title>\n<meta name=\"description\" content=\"VBA kodunu kullanarak Excel&#039;de bir sayfay\u0131 nas\u0131l kopyalayaca\u011f\u0131n\u0131z\u0131 \u00f6\u011frenin. Ayr\u0131ca bir sayfay\u0131 bir \u00e7al\u0131\u015fma kitab\u0131ndan di\u011ferine ta\u015f\u0131yabilirsiniz.\" \/>\n<meta name=\"robots\" content=\"index, follow, max-snippet:-1, max-image-preview:large, max-video-preview:-1\" \/>\n<link rel=\"canonical\" href=\"https:\/\/exceladvisor.org\/tr\/sayfayi-kopyala\/\" \/>\n<meta property=\"og:locale\" content=\"tr_TR\" \/>\n<meta property=\"og:type\" content=\"article\" \/>\n<meta property=\"og:title\" content=\"VBA kullanarak Excel&#039;de bir sayfay\u0131 nas\u0131l kopyalayabilirim\/ta\u015f\u0131yabilirim?\" \/>\n<meta property=\"og:description\" content=\"VBA kodunu kullanarak Excel&#039;de bir sayfay\u0131 nas\u0131l kopyalayaca\u011f\u0131n\u0131z\u0131 \u00f6\u011frenin. Ayr\u0131ca bir sayfay\u0131 bir \u00e7al\u0131\u015fma kitab\u0131ndan di\u011ferine ta\u015f\u0131yabilirsiniz.\" \/>\n<meta property=\"og:url\" content=\"https:\/\/exceladvisor.org\/tr\/sayfayi-kopyala\/\" \/>\n<meta property=\"og:site_name\" content=\"Excel Advisor\" \/>\n<meta property=\"article:modified_time\" content=\"2023-12-10T06:06:24+00:00\" \/>\n<meta property=\"og:image\" content=\"https:\/\/exceladvisor.org\/wp-content\/uploads\/2023\/08\/1-copier-une-feuille-dans-le-meme-classeur.png\" \/>\n<meta name=\"twitter:card\" content=\"summary_large_image\" \/>\n<meta name=\"twitter:label1\" content=\"Tahmini okuma s\u00fcresi\" \/>\n\t<meta name=\"twitter:data1\" content=\"4 dakika\" \/>\n<script type=\"application\/ld+json\" class=\"yoast-schema-graph\">{\"@context\":\"https:\/\/schema.org\",\"@graph\":[{\"@type\":\"WebPage\",\"@id\":\"https:\/\/exceladvisor.org\/tr\/sayfayi-kopyala\/\",\"url\":\"https:\/\/exceladvisor.org\/tr\/sayfayi-kopyala\/\",\"name\":\"VBA kullanarak Excel&#39;de bir sayfay\u0131 nas\u0131l kopyalayabilirim\/ta\u015f\u0131yabilirim?\",\"isPartOf\":{\"@id\":\"https:\/\/exceladvisor.org\/tr\/#website\"},\"primaryImageOfPage\":{\"@id\":\"https:\/\/exceladvisor.org\/tr\/sayfayi-kopyala\/#primaryimage\"},\"image\":{\"@id\":\"https:\/\/exceladvisor.org\/tr\/sayfayi-kopyala\/#primaryimage\"},\"thumbnailUrl\":\"https:\/\/exceladvisor.org\/wp-content\/uploads\/2023\/08\/1-copier-une-feuille-dans-le-meme-classeur.png\",\"datePublished\":\"2023-11-17T13:44:50+00:00\",\"dateModified\":\"2023-12-10T06:06:24+00:00\",\"description\":\"VBA kodunu kullanarak Excel&#39;de bir sayfay\u0131 nas\u0131l kopyalayaca\u011f\u0131n\u0131z\u0131 \u00f6\u011frenin. Ayr\u0131ca bir sayfay\u0131 bir \u00e7al\u0131\u015fma kitab\u0131ndan di\u011ferine ta\u015f\u0131yabilirsiniz.\",\"breadcrumb\":{\"@id\":\"https:\/\/exceladvisor.org\/tr\/sayfayi-kopyala\/#breadcrumb\"},\"inLanguage\":\"tr\",\"potentialAction\":[{\"@type\":\"ReadAction\",\"target\":[\"https:\/\/exceladvisor.org\/tr\/sayfayi-kopyala\/\"]}]},{\"@type\":\"ImageObject\",\"inLanguage\":\"tr\",\"@id\":\"https:\/\/exceladvisor.org\/tr\/sayfayi-kopyala\/#primaryimage\",\"url\":\"https:\/\/exceladvisor.org\/wp-content\/uploads\/2023\/08\/1-copier-une-feuille-dans-le-meme-classeur.png\",\"contentUrl\":\"https:\/\/exceladvisor.org\/wp-content\/uploads\/2023\/08\/1-copier-une-feuille-dans-le-meme-classeur.png\"},{\"@type\":\"BreadcrumbList\",\"@id\":\"https:\/\/exceladvisor.org\/tr\/sayfayi-kopyala\/#breadcrumb\",\"itemListElement\":[{\"@type\":\"ListItem\",\"position\":1,\"name\":\"Ev\",\"item\":\"https:\/\/exceladvisor.org\/tr\/\"},{\"@type\":\"ListItem\",\"position\":2,\"name\":\"Vba kullanarak bir sayfay\u0131 nas\u0131l kopyalayabilir ve ta\u015f\u0131yabilirim?\"}]},{\"@type\":\"WebSite\",\"@id\":\"https:\/\/exceladvisor.org\/tr\/#website\",\"url\":\"https:\/\/exceladvisor.org\/tr\/\",\"name\":\"Excel Advisor\",\"description\":\"Veri hakimiyetine y\u00f6nelik nihai rehberiniz!\",\"publisher\":{\"@id\":\"https:\/\/exceladvisor.org\/tr\/#organization\"},\"potentialAction\":[{\"@type\":\"SearchAction\",\"target\":{\"@type\":\"EntryPoint\",\"urlTemplate\":\"https:\/\/exceladvisor.org\/tr\/?s={search_term_string}\"},\"query-input\":{\"@type\":\"PropertyValueSpecification\",\"valueRequired\":true,\"valueName\":\"search_term_string\"}}],\"inLanguage\":\"tr\"},{\"@type\":\"Organization\",\"@id\":\"https:\/\/exceladvisor.org\/tr\/#organization\",\"name\":\"Excel Advisor\",\"url\":\"https:\/\/exceladvisor.org\/tr\/\",\"logo\":{\"@type\":\"ImageObject\",\"inLanguage\":\"tr\",\"@id\":\"https:\/\/exceladvisor.org\/tr\/#\/schema\/logo\/image\/\",\"url\":\"https:\/\/exceladvisor.org\/tr\/wp-content\/uploads\/2023\/12\/exceladvisor.org_.png\",\"contentUrl\":\"https:\/\/exceladvisor.org\/tr\/wp-content\/uploads\/2023\/12\/exceladvisor.org_.png\",\"width\":105,\"height\":36,\"caption\":\"Excel Advisor\"},\"image\":{\"@id\":\"https:\/\/exceladvisor.org\/tr\/#\/schema\/logo\/image\/\"}}]}<\/script>\n<!-- \/ Yoast SEO plugin. -->","yoast_head_json":{"title":"VBA kullanarak Excel&#39;de bir sayfay\u0131 nas\u0131l kopyalayabilirim\/ta\u015f\u0131yabilirim?","description":"VBA kodunu kullanarak Excel&#39;de bir sayfay\u0131 nas\u0131l kopyalayaca\u011f\u0131n\u0131z\u0131 \u00f6\u011frenin. Ayr\u0131ca bir sayfay\u0131 bir \u00e7al\u0131\u015fma kitab\u0131ndan di\u011ferine ta\u015f\u0131yabilirsiniz.","robots":{"index":"index","follow":"follow","max-snippet":"max-snippet:-1","max-image-preview":"max-image-preview:large","max-video-preview":"max-video-preview:-1"},"canonical":"https:\/\/exceladvisor.org\/tr\/sayfayi-kopyala\/","og_locale":"tr_TR","og_type":"article","og_title":"VBA kullanarak Excel&#39;de bir sayfay\u0131 nas\u0131l kopyalayabilirim\/ta\u015f\u0131yabilirim?","og_description":"VBA kodunu kullanarak Excel&#39;de bir sayfay\u0131 nas\u0131l kopyalayaca\u011f\u0131n\u0131z\u0131 \u00f6\u011frenin. Ayr\u0131ca bir sayfay\u0131 bir \u00e7al\u0131\u015fma kitab\u0131ndan di\u011ferine ta\u015f\u0131yabilirsiniz.","og_url":"https:\/\/exceladvisor.org\/tr\/sayfayi-kopyala\/","og_site_name":"Excel Advisor","article_modified_time":"2023-12-10T06:06:24+00:00","og_image":[{"url":"https:\/\/exceladvisor.org\/wp-content\/uploads\/2023\/08\/1-copier-une-feuille-dans-le-meme-classeur.png","type":"","width":"","height":""}],"twitter_card":"summary_large_image","twitter_misc":{"Tahmini okuma s\u00fcresi":"4 dakika"},"schema":{"@context":"https:\/\/schema.org","@graph":[{"@type":"WebPage","@id":"https:\/\/exceladvisor.org\/tr\/sayfayi-kopyala\/","url":"https:\/\/exceladvisor.org\/tr\/sayfayi-kopyala\/","name":"VBA kullanarak Excel&#39;de bir sayfay\u0131 nas\u0131l kopyalayabilirim\/ta\u015f\u0131yabilirim?","isPartOf":{"@id":"https:\/\/exceladvisor.org\/tr\/#website"},"primaryImageOfPage":{"@id":"https:\/\/exceladvisor.org\/tr\/sayfayi-kopyala\/#primaryimage"},"image":{"@id":"https:\/\/exceladvisor.org\/tr\/sayfayi-kopyala\/#primaryimage"},"thumbnailUrl":"https:\/\/exceladvisor.org\/wp-content\/uploads\/2023\/08\/1-copier-une-feuille-dans-le-meme-classeur.png","datePublished":"2023-11-17T13:44:50+00:00","dateModified":"2023-12-10T06:06:24+00:00","description":"VBA kodunu kullanarak Excel&#39;de bir sayfay\u0131 nas\u0131l kopyalayaca\u011f\u0131n\u0131z\u0131 \u00f6\u011frenin. Ayr\u0131ca bir sayfay\u0131 bir \u00e7al\u0131\u015fma kitab\u0131ndan di\u011ferine ta\u015f\u0131yabilirsiniz.","breadcrumb":{"@id":"https:\/\/exceladvisor.org\/tr\/sayfayi-kopyala\/#breadcrumb"},"inLanguage":"tr","potentialAction":[{"@type":"ReadAction","target":["https:\/\/exceladvisor.org\/tr\/sayfayi-kopyala\/"]}]},{"@type":"ImageObject","inLanguage":"tr","@id":"https:\/\/exceladvisor.org\/tr\/sayfayi-kopyala\/#primaryimage","url":"https:\/\/exceladvisor.org\/wp-content\/uploads\/2023\/08\/1-copier-une-feuille-dans-le-meme-classeur.png","contentUrl":"https:\/\/exceladvisor.org\/wp-content\/uploads\/2023\/08\/1-copier-une-feuille-dans-le-meme-classeur.png"},{"@type":"BreadcrumbList","@id":"https:\/\/exceladvisor.org\/tr\/sayfayi-kopyala\/#breadcrumb","itemListElement":[{"@type":"ListItem","position":1,"name":"Ev","item":"https:\/\/exceladvisor.org\/tr\/"},{"@type":"ListItem","position":2,"name":"Vba kullanarak bir sayfay\u0131 nas\u0131l kopyalayabilir ve ta\u015f\u0131yabilirim?"}]},{"@type":"WebSite","@id":"https:\/\/exceladvisor.org\/tr\/#website","url":"https:\/\/exceladvisor.org\/tr\/","name":"Excel Advisor","description":"Veri hakimiyetine y\u00f6nelik nihai rehberiniz!","publisher":{"@id":"https:\/\/exceladvisor.org\/tr\/#organization"},"potentialAction":[{"@type":"SearchAction","target":{"@type":"EntryPoint","urlTemplate":"https:\/\/exceladvisor.org\/tr\/?s={search_term_string}"},"query-input":{"@type":"PropertyValueSpecification","valueRequired":true,"valueName":"search_term_string"}}],"inLanguage":"tr"},{"@type":"Organization","@id":"https:\/\/exceladvisor.org\/tr\/#organization","name":"Excel Advisor","url":"https:\/\/exceladvisor.org\/tr\/","logo":{"@type":"ImageObject","inLanguage":"tr","@id":"https:\/\/exceladvisor.org\/tr\/#\/schema\/logo\/image\/","url":"https:\/\/exceladvisor.org\/tr\/wp-content\/uploads\/2023\/12\/exceladvisor.org_.png","contentUrl":"https:\/\/exceladvisor.org\/tr\/wp-content\/uploads\/2023\/12\/exceladvisor.org_.png","width":105,"height":36,"caption":"Excel Advisor"},"image":{"@id":"https:\/\/exceladvisor.org\/tr\/#\/schema\/logo\/image\/"}}]}},"yoast_meta":{"yoast_wpseo_title":"","yoast_wpseo_metadesc":"","yoast_wpseo_canonical":""},"_links":{"self":[{"href":"https:\/\/exceladvisor.org\/tr\/wp-json\/wp\/v2\/pages\/1536","targetHints":{"allow":["GET"]}}],"collection":[{"href":"https:\/\/exceladvisor.org\/tr\/wp-json\/wp\/v2\/pages"}],"about":[{"href":"https:\/\/exceladvisor.org\/tr\/wp-json\/wp\/v2\/types\/page"}],"author":[{"embeddable":true,"href":"https:\/\/exceladvisor.org\/tr\/wp-json\/wp\/v2\/users\/1"}],"replies":[{"embeddable":true,"href":"https:\/\/exceladvisor.org\/tr\/wp-json\/wp\/v2\/comments?post=1536"}],"version-history":[{"count":1,"href":"https:\/\/exceladvisor.org\/tr\/wp-json\/wp\/v2\/pages\/1536\/revisions"}],"predecessor-version":[{"id":2868,"href":"https:\/\/exceladvisor.org\/tr\/wp-json\/wp\/v2\/pages\/1536\/revisions\/2868"}],"wp:attachment":[{"href":"https:\/\/exceladvisor.org\/tr\/wp-json\/wp\/v2\/media?parent=1536"}],"curies":[{"name":"wp","href":"https:\/\/api.w.org\/{rel}","templated":true}]}}