{"id":1537,"date":"2023-11-17T13:34:11","date_gmt":"2023-11-17T13:34:11","guid":{"rendered":"https:\/\/exceladvisor.org\/tr\/kontrol-sayfasi-mevcut\/"},"modified":"2023-12-10T06:06:33","modified_gmt":"2023-12-10T06:06:33","slug":"kontrol-sayfasi-mevcut","status":"publish","type":"page","link":"https:\/\/exceladvisor.org\/tr\/kontrol-sayfasi-mevcut\/","title":{"rendered":"Vba kullan\u0131larak bir sayfan\u0131n mevcut olup olmad\u0131\u011f\u0131 nas\u0131l kontrol edilir?"},"content":{"rendered":"<div class=\"excel-icerikten-once\" id=\"excel-164567378\"><script type=\"text\/javascript\">\r\n\tatOptions = {\r\n\t\t'key' : 'c1158f160081d6540a8409e6925dab94',\r\n\t\t'format' : 'iframe',\r\n\t\t'height' : 250,\r\n\t\t'width' : 300,\r\n\t\t'params' : {}\r\n\t};\r\n<\/script>\r\n<script type=\"text\/javascript\" src=\"\/\/www.highperformanceformat.com\/c1158f160081d6540a8409e6925dab94\/invoke.js\"><\/script><\/div> <p>Bir sayfa olu\u015fturmak, silmek, ta\u015f\u0131mak veya kopyalamak istiyorsan\u0131z bu sayfan\u0131n var olup olmad\u0131\u011f\u0131n\u0131 bilmeniz gerekir.<\/p><p> Sayfan\u0131n var olup olmad\u0131\u011f\u0131n\u0131 kontrol etmek amac\u0131yla kod yazmak i\u00e7in, \u00e7al\u0131\u015fma kitab\u0131ndaki her sayfan\u0131n i\u00e7inden ge\u00e7en ve sa\u011flad\u0131\u011f\u0131n\u0131z adla e\u015fle\u015fen bir d\u00f6ng\u00fcye ihtiyac\u0131n\u0131z vard\u0131r. Ancak olay \u015fu ki, bunun i\u00e7in iki farkl\u0131 d\u00f6ng\u00fc kullanabilirsiniz ( <a href=\"https:\/\/exceladvisor.org\/tr\/dongu-icin\/\">Sonraki ve Her Biri \u0130\u00e7in<\/a> ) ve bug\u00fcn her ikisini de kullanaca\u011f\u0131z.<\/p><p> Bu derste bunu yapman\u0131n farkl\u0131 yollar\u0131na bakaca\u011f\u0131z. Bu nedenle, <a href=\"https:\/\/exceladvisor.org\/tr\/gelistirici-sekmesi-ekle\/\">\u015feridinizde Geli\u015ftirici sekmesinin<\/a> bulundu\u011fundan emin olun ve bu kodu yazmak i\u00e7in <a href=\"https:\/\/exceladvisor.org\/tr\/temel-gorsel-duzenleyici\/\">VBA d\u00fczenleyicisini<\/a> a\u00e7\u0131n.<\/p><h2 class=\"wp-block-heading\"> Ge\u00e7erli \u00e7al\u0131\u015fma kitab\u0131nda bir sayfan\u0131n olup olmad\u0131\u011f\u0131n\u0131 kontrol edin<\/h2><p> Bu d\u00f6ng\u00fcyle, \u00e7al\u0131\u015fma kitab\u0131ndaki t\u00fcm sayfalara ba\u015fvurabilir ve sayfa ad\u0131n\u0131 aramak istedi\u011finiz sayfan\u0131n ad\u0131yla e\u015fle\u015ftirmek i\u00e7in bunlar aras\u0131nda tek tek dola\u015fabilirsiniz.<\/p><p> Bu ad\u0131mlar\u0131 takip et:<\/p><ol><li> \u0130lk olarak, d\u00f6ng\u00fcy\u00fc \u00e7al\u0131\u015ft\u0131r\u0131rken sayfa i\u00e7in kullan\u0131lacak ve aramak istedi\u011finiz sayfan\u0131n ad\u0131n\u0131 saklayacak bir de\u011fi\u015fken bildirin. <br><img loading=\"lazy\" decoding=\"async\" title=\"1-sayfa-i\u00e7in-kullan\u0131lacak-bir-de\u011fi\u015fkeni-bildirin\" src=\"https:\/\/exceladvisor.org\/wp-content\/uploads\/2023\/08\/1-declarer-une-variable-a-utiliser-pour-la-feuille.png\" sizes=\"auto, \" srcset=\"\" alt=\"declare-a-variable-to-use-for-the-sheet\" width=\"356\" height=\"215\"><\/li><li> Ard\u0131ndan, aramak istedi\u011finiz sayfan\u0131n ad\u0131n\u0131 girmek i\u00e7in giri\u015f kutusu i\u00e7in bir kod sat\u0131r\u0131 yaz\u0131n. <br><img loading=\"lazy\" decoding=\"async\" title=\"Bir giri\u015f alan\u0131 i\u00e7in 2 sat\u0131rl\u0131k kod\" src=\"https:\/\/exceladvisor.org\/wp-content\/uploads\/2023\/08\/2-lignes-de-code-pour-une-zone-de-saisie.png\" sizes=\"auto, \" srcset=\"\" alt=\"line-of-code-for-an-input-box\" width=\"473\" height=\"211\"><\/li><li> Bundan sonra d\u00f6ng\u00fcn\u00fcze For Every anahtar s\u00f6zc\u00fc\u011f\u00fcyle ba\u015flay\u0131n. Ve \u00e7al\u0131\u015fma kitab\u0131ndaki her \u00e7al\u0131\u015fma sayfas\u0131na ba\u015fvurmak i\u00e7in <a href=\"https:\/\/exceladvisor.org\/tr\/degiskenler\/\">de\u011fi\u015fkeni kullan\u0131n<\/a> . <br><img loading=\"lazy\" decoding=\"async\" title=\"3-d\u00f6ng\u00fcn\u00fcz\u00fc-ba\u015flat\u0131n\" src=\"https:\/\/exceladvisor.org\/wp-content\/uploads\/2023\/08\/3-commencez-votre-boucle.png\" sizes=\"auto, \" srcset=\"\" alt=\"start-your-loop\" width=\"461\" height=\"325\"><\/li><li> Buradan sayfa ad\u0131n\u0131 giri\u015f kutusuna girdi\u011finiz adla e\u015fle\u015ftirmek i\u00e7in <a href=\"https:\/\/exceladvisor.org\/tr\/degiskenler\/\">IF THEN ELSE<\/a> deyimini yazman\u0131z, ard\u0131ndan e\u015fle\u015fme bulunursa bir mesaj kutusu g\u00f6r\u00fcnt\u00fclemeniz ve prosed\u00fcrden \u00e7\u0131kman\u0131z gerekir. <br><img loading=\"lazy\" decoding=\"async\" title=\"4-if-o zaman-else-yaz\" src=\"https:\/\/exceladvisor.org\/wp-content\/uploads\/2023\/08\/4-ecrire-un-si-alors-sinon.png\" sizes=\"auto, \" srcset=\"\" alt=\"write-an-if-then-else\" width=\"516\" height=\"331\"><\/li><li> Sonunda, e\u015fle\u015fme bulunamazsa sizi bilgilendirecek bir <a href=\"https:\/\/exceladvisor.org\/tr\/vba-mesaj-kutusu\/\">mesaj kutusu<\/a> . <br><img loading=\"lazy\" decoding=\"async\" title=\"G\u00f6r\u00fcnt\u00fclenecek 5 mesaj kutusu\" src=\"https:\/\/exceladvisor.org\/wp-content\/uploads\/2023\/08\/5-boite-de-message-a-afficher.png\" sizes=\"auto, \" srcset=\"\" alt=\"message-box-to-show\" width=\"668\" height=\"513\"><\/li><\/ol><p class=\"content-box-grey\"> <em>Yararl\u0131 ba\u011flant\u0131lar: <a href=\"https:\/\/exceladvisor.org\/tr\/makro-2yi-calistir\/\">Makro \u00e7al\u0131\u015ft\u0131rma<\/a> \u2013 <a href=\"https:\/\/exceladvisor.org\/tr\/makro-kaydet\/\">Makro kaydedici<\/a> \u2013 <a href=\"https:\/\/exceladvisor.org\/tr\/temel-gorsel-duzenleyici\/\">Visual Basic D\u00fczenleyici<\/a> \u2013 <a href=\"https:\/\/exceladvisor.org\/tr\/kisisel-makro-not-defteri\/\">Ki\u015fisel Makrolar El Kitab\u0131<\/a><\/em><\/p><p> <strong>Tam kod:<\/strong><\/p><pre class=\"wp-block-code\"> <code class=\"language-visual-basic\" lang=\"visual-basic\">Sub vba_check_sheet() Dim sht As Worksheet Dim shtName As String shtName = InputBox(Prompt:=\"Enter the sheet name\", _ Title:=\"Search Sheet\") For Each sht In ThisWorkbook.Worksheets If sht.Name = shtName Then MsgBox \"Yes! \" &amp; shtName &amp; \" is there in the workbook.\" Exit Sub End If Next sht MsgBox \"No! \" &amp; shtName &amp; \"is not there in the workbook.\" End Sub<\/code><\/pre><p> <strong>Nas\u0131l \u00e7al\u0131\u015ft\u0131\u011f\u0131n\u0131 anlatay\u0131m:<\/strong> Bu kodu \u00e7al\u0131\u015ft\u0131rd\u0131\u011f\u0131n\u0131zda, aramak istedi\u011finiz sayfan\u0131n ad\u0131n\u0131 girmeniz gereken yere bir mesaj gelecektir.<\/p><p> Bundan sonra, ad\u0131 girdi\u011finiz adla e\u015fle\u015ftirmek i\u00e7in her sayfan\u0131n \u00fczerinden ge\u00e7er ve ad bir sayfayla e\u015fle\u015firse size bir mesaj, e\u015fle\u015fme yoksa ba\u015fka bir mesaj g\u00f6sterir.<\/p><p> Bir sayfan\u0131n var olup olmad\u0131\u011f\u0131n\u0131 kontrol etmek i\u00e7in ba\u015fka bir kod.<\/p><pre class=\"wp-block-code\"> <code class=\"language-visual-basic\" lang=\"visual-basic\">Sub vba_check_sheet() Dim sht As Worksheet Dim shtName As String Dim i As Long i = Sheets.Count shtName = InputBox(Prompt:=\"Enter the sheet name\", _ Title:=\"Search Sheet\") For i = 1 To i If Sheets(i).Name = shtName Then MsgBox \"Yes! \" &amp; shtName &amp; \" is there in the workbook.\" Exit Sub End If Next i MsgBox \"No! \" &amp; shtName &amp; \" is not there in the workbook.\" End Sub<\/code><\/pre><p> Bu kod FOR NEXT d\u00f6ng\u00fcs\u00fcn\u00fc kullan\u0131r ve \u00e7al\u0131\u015fma kitab\u0131ndaki toplam sayfa say\u0131s\u0131n\u0131 kullan\u0131r ve buna ba\u011fl\u0131 olarak, girdi\u011finiz adla e\u015fle\u015fen her sayfada d\u00f6ng\u00fc yapar.<\/p><h2 class=\"wp-block-heading\"> Sayfan\u0131n kapal\u0131 \u00e7al\u0131\u015fma kitab\u0131nda olup olmad\u0131\u011f\u0131n\u0131 kontrol edin<\/h2><p> A\u015fa\u011f\u0131daki kodda kapal\u0131 bir \u00e7al\u0131\u015fma kitab\u0131ndaki sayfa ad\u0131n\u0131 arayan bir d\u00f6ng\u00fcn\u00fcz var. Dosyaya ba\u015fvurmak i\u00e7in dosya adresini kulland\u0131k.<\/p><pre class=\"wp-block-code\"> <code class=\"language-visual-basic\" lang=\"visual-basic\">Sub vba_check_sheet() Dim wb As Workbook Dim sht As Worksheet Dim shtName As String shtName = InputBox(Prompt:=\"Enter the sheet name\", _ Title:=\"Search Sheet\") Application.ScreenUpdating = False Set wb = Workbooks.Open _ (\"C:UsersDellDesktopsample-file.xlsx\") For Each sht In wb.Worksheets If sht.Name = shtName Then wb.Close SaveChanges:=True MsgBox \"Yes! \" &amp; shtName &amp; \" is there in the workbook.\" _ , vbInformation, \"Found\" Exit Sub End If Next sht Application.ScreenUpdating = False MsgBox \"No! \" &amp; shtName _ &amp; \" is not there in the workbook.\", _ vbCritical, \"Not Found\" End Sub<\/code><\/pre><p> Bu makroyu \u00e7al\u0131\u015ft\u0131rd\u0131\u011f\u0131n\u0131zda, ekran g\u00fcncellemeyi devre d\u0131\u015f\u0131 b\u0131rakt\u0131\u011f\u0131n\u0131zda arkadaki dosyay\u0131 a\u00e7ar ve t\u00fcm sayfalar\u0131 ge\u00e7tikten sonra ekran g\u00fcncellemeyi etkinle\u015ftirecek koda sahip olursunuz. &#8216;ekran.<\/p><p class=\"qt-tip\"> <strong>Not:<\/strong> G\u00f6rd\u00fc\u011f\u00fcn\u00fcz gibi, dosya konumu adresinde dosya uzant\u0131s\u0131 bulunmaktad\u0131r, bu da ona ba\u015fvurmak i\u00e7in do\u011fru dosya uzant\u0131s\u0131na sahip olman\u0131z gerekti\u011fi anlam\u0131na gelir.<\/p><div class=\"gb-container gb-container-4db6181c gb-container-mt\"> <a class=\"gb-button gb-button-c5897111 gb-button-text gb-button-mt-button\" href=\"https:\/\/exceladvisor.org\/tr\/vba\/\">VBA nedir<\/a><h2 class=\"gb-headline gb-headline-665e5f6b gb-headline-text gb-headline-mt-heading\"> \u0130lgili e\u011fitimler <\/h2><div class=\"gb-grid-wrapper gb-grid-wrapper-a20baf7c gb-grid-wrapper-mt-grid\"><div class=\"gb-grid-column gb-grid-column-65ddf67e\"><div class=\"gb-container gb-container-65ddf67e\"><ul><li> <a href=\"https:\/\/exceladvisor.org\/tr\/temiz-sayfa\/\">Excel&#8217;de VBA kullanarak bir sayfan\u0131n tamam\u0131n\u0131 TEM\u0130ZLEY\u0130N<\/a><\/li><li> <a href=\"https:\/\/exceladvisor.org\/tr\/sayfayi-kopyala\/\">VBA&#8217;y\u0131 kullanarak Excel&#8217;de bir sayfay\u0131 kopyalay\u0131n ve ta\u015f\u0131y\u0131n<\/a><\/li><li> <a href=\"https:\/\/exceladvisor.org\/tr\/yapraklari-say\/\">Excel&#8217;de VBA kullanan COUNT Sayfa<\/a><\/li><li> <a href=\"https:\/\/exceladvisor.org\/tr\/bir-sayfayi-sil-1\/\">Excel&#8217;de VBA kullanarak bir SAYFAYI S\u0130L\u0130N<\/a><\/li><li> <a href=\"https:\/\/exceladvisor.org\/tr\/sayfayi-gizle\/\">Excel&#8217;de VBA kullanarak bir sayfay\u0131 gizleme ve g\u00f6sterme<\/a><\/li><\/ul><\/div><\/div><\/div><\/div>","protected":false},"excerpt":{"rendered":"","protected":false},"author":1,"featured_media":0,"parent":0,"menu_order":0,"comment_status":"open","ping_status":"closed","template":"","meta":{"ub_ctt_via":"","footnotes":""},"class_list":["post-1537","page","type-page","status-publish","hentry"],"featured_image_src":null,"yoast_head":"<!-- This site is optimized with the Yoast SEO plugin v25.4 - https:\/\/yoast.com\/wordpress\/plugins\/seo\/ -->\n<title>Excel&#039;de VBA kullan\u0131larak bir sayfan\u0131n mevcut olup olmad\u0131\u011f\u0131 nas\u0131l kontrol edilir?<\/title>\n<meta name=\"description\" content=\"Bir sayfa olu\u015fturmak, silmek, ta\u015f\u0131mak veya kopyalamak istiyorsan\u0131z bu sayfan\u0131n var olup olmad\u0131\u011f\u0131n\u0131 bilmeniz gerekir.\" \/>\n<meta name=\"robots\" content=\"index, follow, max-snippet:-1, max-image-preview:large, max-video-preview:-1\" \/>\n<link rel=\"canonical\" href=\"https:\/\/exceladvisor.org\/tr\/kontrol-sayfasi-mevcut\/\" \/>\n<meta property=\"og:locale\" content=\"tr_TR\" \/>\n<meta property=\"og:type\" content=\"article\" \/>\n<meta property=\"og:title\" content=\"Excel&#039;de VBA kullan\u0131larak bir sayfan\u0131n mevcut olup olmad\u0131\u011f\u0131 nas\u0131l kontrol edilir?\" \/>\n<meta property=\"og:description\" content=\"Bir sayfa olu\u015fturmak, silmek, ta\u015f\u0131mak veya kopyalamak istiyorsan\u0131z bu sayfan\u0131n var olup olmad\u0131\u011f\u0131n\u0131 bilmeniz gerekir.\" \/>\n<meta property=\"og:url\" content=\"https:\/\/exceladvisor.org\/tr\/kontrol-sayfasi-mevcut\/\" \/>\n<meta property=\"og:site_name\" content=\"Excel Advisor\" \/>\n<meta property=\"article:modified_time\" content=\"2023-12-10T06:06:33+00:00\" \/>\n<meta property=\"og:image\" content=\"https:\/\/exceladvisor.org\/wp-content\/uploads\/2023\/08\/1-declarer-une-variable-a-utiliser-pour-la-feuille.png\" \/>\n<meta name=\"twitter:card\" content=\"summary_large_image\" \/>\n<meta name=\"twitter:label1\" content=\"Tahmini okuma s\u00fcresi\" \/>\n\t<meta name=\"twitter:data1\" content=\"4 dakika\" \/>\n<script type=\"application\/ld+json\" class=\"yoast-schema-graph\">{\"@context\":\"https:\/\/schema.org\",\"@graph\":[{\"@type\":\"WebPage\",\"@id\":\"https:\/\/exceladvisor.org\/tr\/kontrol-sayfasi-mevcut\/\",\"url\":\"https:\/\/exceladvisor.org\/tr\/kontrol-sayfasi-mevcut\/\",\"name\":\"Excel&#39;de VBA kullan\u0131larak bir sayfan\u0131n mevcut olup olmad\u0131\u011f\u0131 nas\u0131l kontrol edilir?\",\"isPartOf\":{\"@id\":\"https:\/\/exceladvisor.org\/tr\/#website\"},\"primaryImageOfPage\":{\"@id\":\"https:\/\/exceladvisor.org\/tr\/kontrol-sayfasi-mevcut\/#primaryimage\"},\"image\":{\"@id\":\"https:\/\/exceladvisor.org\/tr\/kontrol-sayfasi-mevcut\/#primaryimage\"},\"thumbnailUrl\":\"https:\/\/exceladvisor.org\/wp-content\/uploads\/2023\/08\/1-declarer-une-variable-a-utiliser-pour-la-feuille.png\",\"datePublished\":\"2023-11-17T13:34:11+00:00\",\"dateModified\":\"2023-12-10T06:06:33+00:00\",\"description\":\"Bir sayfa olu\u015fturmak, silmek, ta\u015f\u0131mak veya kopyalamak istiyorsan\u0131z bu sayfan\u0131n var olup olmad\u0131\u011f\u0131n\u0131 bilmeniz gerekir.\",\"breadcrumb\":{\"@id\":\"https:\/\/exceladvisor.org\/tr\/kontrol-sayfasi-mevcut\/#breadcrumb\"},\"inLanguage\":\"tr\",\"potentialAction\":[{\"@type\":\"ReadAction\",\"target\":[\"https:\/\/exceladvisor.org\/tr\/kontrol-sayfasi-mevcut\/\"]}]},{\"@type\":\"ImageObject\",\"inLanguage\":\"tr\",\"@id\":\"https:\/\/exceladvisor.org\/tr\/kontrol-sayfasi-mevcut\/#primaryimage\",\"url\":\"https:\/\/exceladvisor.org\/wp-content\/uploads\/2023\/08\/1-declarer-une-variable-a-utiliser-pour-la-feuille.png\",\"contentUrl\":\"https:\/\/exceladvisor.org\/wp-content\/uploads\/2023\/08\/1-declarer-une-variable-a-utiliser-pour-la-feuille.png\"},{\"@type\":\"BreadcrumbList\",\"@id\":\"https:\/\/exceladvisor.org\/tr\/kontrol-sayfasi-mevcut\/#breadcrumb\",\"itemListElement\":[{\"@type\":\"ListItem\",\"position\":1,\"name\":\"Ev\",\"item\":\"https:\/\/exceladvisor.org\/tr\/\"},{\"@type\":\"ListItem\",\"position\":2,\"name\":\"Vba kullan\u0131larak bir sayfan\u0131n mevcut olup olmad\u0131\u011f\u0131 nas\u0131l kontrol edilir?\"}]},{\"@type\":\"WebSite\",\"@id\":\"https:\/\/exceladvisor.org\/tr\/#website\",\"url\":\"https:\/\/exceladvisor.org\/tr\/\",\"name\":\"Excel Advisor\",\"description\":\"Veri hakimiyetine y\u00f6nelik nihai rehberiniz!\",\"publisher\":{\"@id\":\"https:\/\/exceladvisor.org\/tr\/#organization\"},\"potentialAction\":[{\"@type\":\"SearchAction\",\"target\":{\"@type\":\"EntryPoint\",\"urlTemplate\":\"https:\/\/exceladvisor.org\/tr\/?s={search_term_string}\"},\"query-input\":{\"@type\":\"PropertyValueSpecification\",\"valueRequired\":true,\"valueName\":\"search_term_string\"}}],\"inLanguage\":\"tr\"},{\"@type\":\"Organization\",\"@id\":\"https:\/\/exceladvisor.org\/tr\/#organization\",\"name\":\"Excel Advisor\",\"url\":\"https:\/\/exceladvisor.org\/tr\/\",\"logo\":{\"@type\":\"ImageObject\",\"inLanguage\":\"tr\",\"@id\":\"https:\/\/exceladvisor.org\/tr\/#\/schema\/logo\/image\/\",\"url\":\"https:\/\/exceladvisor.org\/tr\/wp-content\/uploads\/2023\/12\/exceladvisor.org_.png\",\"contentUrl\":\"https:\/\/exceladvisor.org\/tr\/wp-content\/uploads\/2023\/12\/exceladvisor.org_.png\",\"width\":105,\"height\":36,\"caption\":\"Excel Advisor\"},\"image\":{\"@id\":\"https:\/\/exceladvisor.org\/tr\/#\/schema\/logo\/image\/\"}}]}<\/script>\n<!-- \/ Yoast SEO plugin. -->","yoast_head_json":{"title":"Excel&#39;de VBA kullan\u0131larak bir sayfan\u0131n mevcut olup olmad\u0131\u011f\u0131 nas\u0131l kontrol edilir?","description":"Bir sayfa olu\u015fturmak, silmek, ta\u015f\u0131mak veya kopyalamak istiyorsan\u0131z bu sayfan\u0131n var olup olmad\u0131\u011f\u0131n\u0131 bilmeniz gerekir.","robots":{"index":"index","follow":"follow","max-snippet":"max-snippet:-1","max-image-preview":"max-image-preview:large","max-video-preview":"max-video-preview:-1"},"canonical":"https:\/\/exceladvisor.org\/tr\/kontrol-sayfasi-mevcut\/","og_locale":"tr_TR","og_type":"article","og_title":"Excel&#39;de VBA kullan\u0131larak bir sayfan\u0131n mevcut olup olmad\u0131\u011f\u0131 nas\u0131l kontrol edilir?","og_description":"Bir sayfa olu\u015fturmak, silmek, ta\u015f\u0131mak veya kopyalamak istiyorsan\u0131z bu sayfan\u0131n var olup olmad\u0131\u011f\u0131n\u0131 bilmeniz gerekir.","og_url":"https:\/\/exceladvisor.org\/tr\/kontrol-sayfasi-mevcut\/","og_site_name":"Excel Advisor","article_modified_time":"2023-12-10T06:06:33+00:00","og_image":[{"url":"https:\/\/exceladvisor.org\/wp-content\/uploads\/2023\/08\/1-declarer-une-variable-a-utiliser-pour-la-feuille.png","type":"","width":"","height":""}],"twitter_card":"summary_large_image","twitter_misc":{"Tahmini okuma s\u00fcresi":"4 dakika"},"schema":{"@context":"https:\/\/schema.org","@graph":[{"@type":"WebPage","@id":"https:\/\/exceladvisor.org\/tr\/kontrol-sayfasi-mevcut\/","url":"https:\/\/exceladvisor.org\/tr\/kontrol-sayfasi-mevcut\/","name":"Excel&#39;de VBA kullan\u0131larak bir sayfan\u0131n mevcut olup olmad\u0131\u011f\u0131 nas\u0131l kontrol edilir?","isPartOf":{"@id":"https:\/\/exceladvisor.org\/tr\/#website"},"primaryImageOfPage":{"@id":"https:\/\/exceladvisor.org\/tr\/kontrol-sayfasi-mevcut\/#primaryimage"},"image":{"@id":"https:\/\/exceladvisor.org\/tr\/kontrol-sayfasi-mevcut\/#primaryimage"},"thumbnailUrl":"https:\/\/exceladvisor.org\/wp-content\/uploads\/2023\/08\/1-declarer-une-variable-a-utiliser-pour-la-feuille.png","datePublished":"2023-11-17T13:34:11+00:00","dateModified":"2023-12-10T06:06:33+00:00","description":"Bir sayfa olu\u015fturmak, silmek, ta\u015f\u0131mak veya kopyalamak istiyorsan\u0131z bu sayfan\u0131n var olup olmad\u0131\u011f\u0131n\u0131 bilmeniz gerekir.","breadcrumb":{"@id":"https:\/\/exceladvisor.org\/tr\/kontrol-sayfasi-mevcut\/#breadcrumb"},"inLanguage":"tr","potentialAction":[{"@type":"ReadAction","target":["https:\/\/exceladvisor.org\/tr\/kontrol-sayfasi-mevcut\/"]}]},{"@type":"ImageObject","inLanguage":"tr","@id":"https:\/\/exceladvisor.org\/tr\/kontrol-sayfasi-mevcut\/#primaryimage","url":"https:\/\/exceladvisor.org\/wp-content\/uploads\/2023\/08\/1-declarer-une-variable-a-utiliser-pour-la-feuille.png","contentUrl":"https:\/\/exceladvisor.org\/wp-content\/uploads\/2023\/08\/1-declarer-une-variable-a-utiliser-pour-la-feuille.png"},{"@type":"BreadcrumbList","@id":"https:\/\/exceladvisor.org\/tr\/kontrol-sayfasi-mevcut\/#breadcrumb","itemListElement":[{"@type":"ListItem","position":1,"name":"Ev","item":"https:\/\/exceladvisor.org\/tr\/"},{"@type":"ListItem","position":2,"name":"Vba kullan\u0131larak bir sayfan\u0131n mevcut olup olmad\u0131\u011f\u0131 nas\u0131l kontrol edilir?"}]},{"@type":"WebSite","@id":"https:\/\/exceladvisor.org\/tr\/#website","url":"https:\/\/exceladvisor.org\/tr\/","name":"Excel Advisor","description":"Veri hakimiyetine y\u00f6nelik nihai rehberiniz!","publisher":{"@id":"https:\/\/exceladvisor.org\/tr\/#organization"},"potentialAction":[{"@type":"SearchAction","target":{"@type":"EntryPoint","urlTemplate":"https:\/\/exceladvisor.org\/tr\/?s={search_term_string}"},"query-input":{"@type":"PropertyValueSpecification","valueRequired":true,"valueName":"search_term_string"}}],"inLanguage":"tr"},{"@type":"Organization","@id":"https:\/\/exceladvisor.org\/tr\/#organization","name":"Excel Advisor","url":"https:\/\/exceladvisor.org\/tr\/","logo":{"@type":"ImageObject","inLanguage":"tr","@id":"https:\/\/exceladvisor.org\/tr\/#\/schema\/logo\/image\/","url":"https:\/\/exceladvisor.org\/tr\/wp-content\/uploads\/2023\/12\/exceladvisor.org_.png","contentUrl":"https:\/\/exceladvisor.org\/tr\/wp-content\/uploads\/2023\/12\/exceladvisor.org_.png","width":105,"height":36,"caption":"Excel Advisor"},"image":{"@id":"https:\/\/exceladvisor.org\/tr\/#\/schema\/logo\/image\/"}}]}},"yoast_meta":{"yoast_wpseo_title":"","yoast_wpseo_metadesc":"","yoast_wpseo_canonical":""},"_links":{"self":[{"href":"https:\/\/exceladvisor.org\/tr\/wp-json\/wp\/v2\/pages\/1537","targetHints":{"allow":["GET"]}}],"collection":[{"href":"https:\/\/exceladvisor.org\/tr\/wp-json\/wp\/v2\/pages"}],"about":[{"href":"https:\/\/exceladvisor.org\/tr\/wp-json\/wp\/v2\/types\/page"}],"author":[{"embeddable":true,"href":"https:\/\/exceladvisor.org\/tr\/wp-json\/wp\/v2\/users\/1"}],"replies":[{"embeddable":true,"href":"https:\/\/exceladvisor.org\/tr\/wp-json\/wp\/v2\/comments?post=1537"}],"version-history":[{"count":1,"href":"https:\/\/exceladvisor.org\/tr\/wp-json\/wp\/v2\/pages\/1537\/revisions"}],"predecessor-version":[{"id":2877,"href":"https:\/\/exceladvisor.org\/tr\/wp-json\/wp\/v2\/pages\/1537\/revisions\/2877"}],"wp:attachment":[{"href":"https:\/\/exceladvisor.org\/tr\/wp-json\/wp\/v2\/media?parent=1537"}],"curies":[{"name":"wp","href":"https:\/\/api.w.org\/{rel}","templated":true}]}}