{"id":1540,"date":"2023-11-17T11:53:36","date_gmt":"2023-11-17T11:53:36","guid":{"rendered":"https:\/\/exceladvisor.org\/tr\/calisma-kitabini-etkinlestir\/"},"modified":"2023-12-10T06:04:51","modified_gmt":"2023-12-10T06:04:51","slug":"calisma-kitabini-etkinlestir","status":"publish","type":"page","link":"https:\/\/exceladvisor.org\/tr\/calisma-kitabini-etkinlestir\/","title":{"rendered":"Vba arac\u0131l\u0131\u011f\u0131yla bir excel \u00e7al\u0131\u015fma kitab\u0131 nas\u0131l etkinle\u015ftirilir?"},"content":{"rendered":"<div class=\"excel-icerikten-once\" id=\"excel-2427395109\"><script type=\"text\/javascript\">\r\n\tatOptions = {\r\n\t\t'key' : 'c1158f160081d6540a8409e6925dab94',\r\n\t\t'format' : 'iframe',\r\n\t\t'height' : 250,\r\n\t\t'width' : 300,\r\n\t\t'params' : {}\r\n\t};\r\n<\/script>\r\n<script type=\"text\/javascript\" src=\"\/\/www.highperformanceformat.com\/c1158f160081d6540a8409e6925dab94\/invoke.js\"><\/script><\/div> <p>Ayn\u0131 anda birden fazla \u00e7al\u0131\u015fma kitab\u0131yla \u00e7al\u0131\u015ft\u0131\u011f\u0131n\u0131zda yani ayn\u0131 anda birden fazla a\u00e7\u0131k \u00e7al\u0131\u015fma kitab\u0131n\u0131z oldu\u011funda, \u00fczerinde \u00e7al\u0131\u015fmak istedi\u011finiz \u00e7al\u0131\u015fma kitab\u0131n\u0131 etkinle\u015ftirmenize yard\u0131mc\u0131 olabilecek y\u00f6ntemi bilmeniz gerekir. <\/p><div class=\"wp-block-image\"><figure class=\"aligncenter size-large is-resized\"><img loading=\"lazy\" decoding=\"async\" class=\"wp-image-52783\" src=\"https:\/\/exceladvisor.org\/wp-content\/uploads\/2023\/08\/1-classeur-active.png\" sizes=\"auto, \" srcset=\"\" alt=\"\u00e7al\u0131\u015fma kitab\u0131n\u0131 etkinle\u015ftir\" width=\"404\" height=\"67\"><\/figure><\/div><p> VBA kullanarak bir \u00e7al\u0131\u015fma kitab\u0131n\u0131 etkinle\u015ftirmek i\u00e7in Workbook.Activate y\u00f6ntemini kullanman\u0131z gerekir. Bu y\u00f6ntemde Workbook nesnesini kullanarak \u00e7al\u0131\u015fma kitab\u0131 ad\u0131n\u0131 belirtmeniz gerekir. Ayr\u0131ca \u00e7al\u0131\u015fma kitab\u0131 ad\u0131 yerine \u00e7al\u0131\u015fma kitab\u0131 numaras\u0131n\u0131 kullanman\u0131za da olanak tan\u0131r, ancak yaln\u0131zca a\u00e7\u0131k \u00e7al\u0131\u015fma kitaplar\u0131na ba\u015fvurabilirsiniz.<\/p><p> Bu derste bu y\u00f6ntemi kullanman\u0131n farkl\u0131 yollar\u0131na bakaca\u011f\u0131z.<\/p><h2 class=\"wp-block-heading\"> \u00c7al\u0131\u015fma kitab\u0131n\u0131 etkinle\u015ftirme ad\u0131mlar\u0131 <\/h2><div class=\"wp-block-image\"><figure class=\"aligncenter size-large is-resized\"><img loading=\"lazy\" decoding=\"async\" class=\"wp-image-52784\" src=\"https:\/\/exceladvisor.org\/wp-content\/uploads\/2023\/08\/2-types-de-classeurs.png\" sizes=\"auto, \" srcset=\"\" alt=\"tip ba\u011flay\u0131c\u0131lar\" width=\"447\" height=\"211\"><\/figure><\/div><ol type=\"1\"><li> Ciltleyici nesnesini kullanmak i\u00e7in \u201cBinders\u201d yaz\u0131n.<\/li><li> \u00c7al\u0131\u015fma kitab\u0131n\u0131n ad\u0131n\u0131 \u00e7ift t\u0131rnak i\u00e7inde belirtin.<\/li><li> \u00d6zelliklerin ve y\u00f6ntemlerin listesini almak i\u00e7in bir nokta (.) girin.<\/li><li> Listeden Etkinle\u015ftirme y\u00f6ntemini se\u00e7in veya siz de girebilirsiniz.<\/li><li> Sonunda \u00e7al\u0131\u015fma kitab\u0131n\u0131 etkinle\u015ftirmek i\u00e7in kodu \u00e7al\u0131\u015ft\u0131r\u0131n.<\/li><\/ol><pre class=\"wp-block-code\"> <code class=\"language-visual-basic\" lang=\"visual-basic\">Sub vba_activate_workbook() Workbooks(\"Book3\").Activate End Sub<\/code><\/pre><p class=\"qt-tip\"> <strong>Not:<\/strong> A\u00e7\u0131k olmayan bir \u00e7al\u0131\u015fma kitab\u0131n\u0131 etkinle\u015ftirmeye \u00e7al\u0131\u015f\u0131rsan\u0131z VBA bir hata g\u00f6r\u00fcnt\u00fcler. <\/p><div class=\"wp-block-image\"><figure class=\"aligncenter size-large is-resized\"><img loading=\"lazy\" decoding=\"async\" class=\"wp-image-52785\" src=\"https:\/\/exceladvisor.org\/wp-content\/uploads\/2023\/08\/3-vba-affichera-une-erreur.png\" sizes=\"auto, \" srcset=\"\" alt=\"vba-bir-hata-g\u00f6sterecek\" width=\"444\" height=\"317\"><\/figure><\/div><p> <strong>\u0130lgili:<\/strong> <a href=\"https:\/\/exceladvisor.org\/tr\/sayfayi-etkinlestir\/\"><strong>VBA Kullanarak Bir Elektronik Tabloyu Etkinle\u015ftirme<\/strong><\/a><\/p><p class=\"content-box-grey\"> <em>Yararl\u0131 ba\u011flant\u0131lar: <a href=\"https:\/\/exceladvisor.org\/tr\/makro-2yi-calistir\/\">Makro \u00e7al\u0131\u015ft\u0131rma<\/a> \u2013 <a href=\"https:\/\/exceladvisor.org\/tr\/makro-kaydet\/\">Makro kaydedici<\/a> \u2013 <a href=\"https:\/\/exceladvisor.org\/tr\/temel-gorsel-duzenleyici\/\">Visual Basic D\u00fczenleyici<\/a> \u2013 <a href=\"https:\/\/exceladvisor.org\/tr\/kisisel-makro-not-defteri\/\">Ki\u015fisel Makrolar El Kitab\u0131<\/a><\/em><\/p><h2 class=\"wp-block-heading\"> Numaray\u0131 kullanarak \u00e7al\u0131\u015fma kitab\u0131n\u0131 etkinle\u015ftirme<\/h2><p> Birden fazla \u00e7al\u0131\u015fma kitab\u0131n\u0131z a\u00e7\u0131k oldu\u011funda, bu \u00e7al\u0131\u015fma kitaplar\u0131n\u0131n t\u00fcm\u00fc \u00e7al\u0131\u015fma kitab\u0131 koleksiyonunun par\u00e7as\u0131 haline gelir ve ba\u015fvurabilece\u011finiz bir numaraya sahip olur ve ard\u0131ndan onunla etkinle\u015ftirme y\u00f6ntemini kullanabilirsiniz. \u0130\u015fte kod: <\/p><pre class=\"wp-block-code\"> <code class=\"language-visual-basic\" lang=\"visual-basic\">Sub vba_activate_workbook() Workbooks(2).Activate End Sub<\/code><\/pre><div class=\"wp-block-image\"><figure class=\"aligncenter size-large is-resized\"><img loading=\"lazy\" decoding=\"async\" class=\"wp-image-52786\" src=\"https:\/\/exceladvisor.org\/wp-content\/uploads\/2023\/08\/4-activer-un-classeur-en-utilisant-le-numero.png\" sizes=\"auto, \" srcset=\"\" alt=\"numaray\u0131 kullanarak bir ciltleyiciyi etkinle\u015ftir\" width=\"401\" height=\"218\"><\/figure><\/div><p> Var olmayan bir say\u0131y\u0131 kullanarak bir \u00e7al\u0131\u015fma kitab\u0131n\u0131 etkinle\u015ftirmeye \u00e7al\u0131\u015f\u0131rsan\u0131z, VBA size bir \u00c7al\u0131\u015fma zaman\u0131 hatas\u0131 &#8216;9&#8217; (Abonelik Aral\u0131k D\u0131\u015f\u0131nda) g\u00f6sterecektir. <\/p><div class=\"wp-block-image\"><figure class=\"aligncenter size-large is-resized\"><img loading=\"lazy\" decoding=\"async\" class=\"wp-image-52787\" src=\"https:\/\/exceladvisor.org\/wp-content\/uploads\/2023\/08\/5-vba-affichera-lerreur-dexecution-9.png\" sizes=\"auto, \" srcset=\"\" alt=\"vba-\u00e7al\u0131\u015fma zaman\u0131-hatas\u0131n\u0131-9 g\u00f6sterecek\" width=\"400\" height=\"272\"><\/figure><\/div><h2 class=\"wp-block-heading\"> Bu \u00e7al\u0131\u015fma kitab\u0131n\u0131 etkinle\u015ftir<\/h2><p> ThisWorkbook \u00f6zelli\u011fini kullanarak kod yazd\u0131\u011f\u0131n\u0131z \u00e7al\u0131\u015fma kitab\u0131na ba\u015fvurabilirsiniz. Diyelim ki ayn\u0131 anda a\u00e7\u0131k olan be\u015f \u00e7al\u0131\u015fma kitab\u0131n\u0131z var ama &#8220;Kitap1.xlsm&#8221; \u00fczerinde \u00e7al\u0131\u015f\u0131yorsunuz, yani a\u015fa\u011f\u0131daki kodu \u00e7al\u0131\u015ft\u0131rd\u0131\u011f\u0131n\u0131zda &#8220;Kitap1.xlsm&#8221; aktif hale gelecektir.<\/p><pre class=\"wp-block-code\"> <code class=\"language-visual-basic\" lang=\"visual-basic\">Sub vba_activate_workbook() ThisWorkbook.Activate End Sub<\/code><\/pre><h2 class=\"wp-block-heading\"> Bir \u00e7al\u0131\u015fma kitab\u0131n\u0131 etkinle\u015ftirmeden \u00f6nce kontrol edin<\/h2><p> Dedi\u011fim gibi a\u00e7\u0131k olmayan bir \u00e7al\u0131\u015fma kitab\u0131n\u0131 aktif etmeye \u00e7al\u0131\u015ft\u0131\u011f\u0131n\u0131zda VBA size hata g\u00f6steriyor. Bu sorunu \u00e7\u00f6zmenin en iyi yolu, \u00f6nce \u00e7al\u0131\u015fma kitab\u0131n\u0131n ad\u0131n\u0131 (a\u00e7\u0131k olup olmad\u0131\u011f\u0131n\u0131) kontrol edip ard\u0131ndan etkinle\u015ftirmektir.<\/p><pre class=\"wp-block-code\"> <code class=\"language-visual-basic\" lang=\"visual-basic\">Sub vba_activate_workbook() Dim wb As Workbook For Each wb In Workbooks If wb.Name = \"Book3.xlsx\" Then wb.Activate MsgBox \"Workbook found and activated\" Exit Sub End If Next wb MsgBox \"Not found\" End Sub<\/code><\/pre><p> Yukar\u0131daki kodu kullanarak bir \u00e7al\u0131\u015fma kitab\u0131 ad\u0131 belirleyebilirsiniz; bu, \u00f6ncelikle bu \u00e7al\u0131\u015fma kitab\u0131n\u0131 t\u00fcm a\u00e7\u0131k \u00e7al\u0131\u015fma kitaplar\u0131nda kontrol edecek ve \u00e7al\u0131\u015fma kitab\u0131n\u0131 bulursa etkinle\u015ftirecektir.<\/p><h2 class=\"wp-block-heading\"> Yorumlar<\/h2><ul><li> \u00c7al\u0131\u015fma kitab\u0131 ad\u0131n\u0131 kullan\u0131rken do\u011fru dosya uzant\u0131s\u0131n\u0131 kulland\u0131\u011f\u0131n\u0131zdan emin olun.<\/li><li> Hen\u00fcz kaydedilmemi\u015f bir \u00e7al\u0131\u015fma kitab\u0131n\u0131 etkinle\u015ftirmek istiyorsan\u0131z, dosya uzant\u0131s\u0131n\u0131 eklemeden yaln\u0131zca o \u00e7al\u0131\u015fma kitab\u0131n\u0131n ad\u0131n\u0131 kullanmal\u0131s\u0131n\u0131z.<\/li><\/ul><div class=\"gb-container gb-container-4db6181c gb-container-mt\"> <a class=\"gb-button gb-button-c5897111 gb-button-text gb-button-mt-button\" href=\"https:\/\/exceladvisor.org\/tr\/vba\/\">VBA nedir<\/a><h2 class=\"gb-headline gb-headline-665e5f6b gb-headline-text gb-headline-mt-heading\"> \u0130lgili e\u011fitimler <\/h2><div class=\"gb-grid-wrapper gb-grid-wrapper-a20baf7c gb-grid-wrapper-mt-grid\"><div class=\"gb-grid-column gb-grid-column-65ddf67e\"><div class=\"gb-container gb-container-65ddf67e\"><ul><li> <a href=\"https:\/\/exceladvisor.org\/tr\/excel-dosyasini-kopyala\/\">VBA kullanarak bir Excel dosyas\u0131n\u0131 (\u00e7al\u0131\u015fma kitab\u0131n\u0131) kopyalama<\/a><\/li><li> <a href=\"https:\/\/exceladvisor.org\/tr\/calisma-kitabini-kapat\/\">VBA \u00c7al\u0131\u015fma kitab\u0131n\u0131 kapat (Excel dosyas\u0131)<\/a><\/li><li> <a href=\"https:\/\/exceladvisor.org\/tr\/calisma-kitaplarini-birlestir\/\">VBA \u00c7al\u0131\u015fma Kitaplar\u0131n\u0131 Birle\u015ftir (Excel Dosyalar\u0131)<\/a><\/li><li> <a href=\"https:\/\/exceladvisor.org\/tr\/calisma-kitabi-olustur\/\">VBA Yeni bir \u00e7al\u0131\u015fma kitab\u0131 olu\u015fturun (Excel dosyas\u0131)<\/a><\/li><li> <a href=\"https:\/\/exceladvisor.org\/tr\/dosyayi-sil\/\">VBA \u00c7al\u0131\u015fma Kitab\u0131n\u0131 Silme (Excel Dosyas\u0131)<\/a><\/li><\/ul><\/div><\/div><\/div><\/div>","protected":false},"excerpt":{"rendered":"","protected":false},"author":1,"featured_media":0,"parent":0,"menu_order":0,"comment_status":"open","ping_status":"closed","template":"","meta":{"ub_ctt_via":"","footnotes":""},"class_list":["post-1540","page","type-page","status-publish","hentry"],"featured_image_src":null,"yoast_head":"<!-- This site is optimized with the Yoast SEO plugin v25.4 - https:\/\/yoast.com\/wordpress\/plugins\/seo\/ -->\n<title>\u25b7 Excel \u00e7al\u0131\u015fma kitab\u0131 VBA arac\u0131l\u0131\u011f\u0131yla nas\u0131l etkinle\u015ftirilir? (E\u011fitim 2023)<\/title>\n<meta name=\"description\" content=\"Ayn\u0131 anda birden fazla \u00e7al\u0131\u015fma kitab\u0131n\u0131z a\u00e7\u0131k oldu\u011funda, bu y\u00f6ntem b\u00fcy\u00fck \u00f6l\u00e7\u00fcde zaman kazanman\u0131za yard\u0131mc\u0131 olabilir.\" \/>\n<meta name=\"robots\" content=\"index, follow, max-snippet:-1, max-image-preview:large, max-video-preview:-1\" \/>\n<link rel=\"canonical\" href=\"https:\/\/exceladvisor.org\/tr\/calisma-kitabini-etkinlestir\/\" \/>\n<meta property=\"og:locale\" content=\"tr_TR\" \/>\n<meta property=\"og:type\" content=\"article\" \/>\n<meta property=\"og:title\" content=\"\u25b7 Excel \u00e7al\u0131\u015fma kitab\u0131 VBA arac\u0131l\u0131\u011f\u0131yla nas\u0131l etkinle\u015ftirilir? (E\u011fitim 2023)\" \/>\n<meta property=\"og:description\" content=\"Ayn\u0131 anda birden fazla \u00e7al\u0131\u015fma kitab\u0131n\u0131z a\u00e7\u0131k oldu\u011funda, bu y\u00f6ntem b\u00fcy\u00fck \u00f6l\u00e7\u00fcde zaman kazanman\u0131za yard\u0131mc\u0131 olabilir.\" \/>\n<meta property=\"og:url\" content=\"https:\/\/exceladvisor.org\/tr\/calisma-kitabini-etkinlestir\/\" \/>\n<meta property=\"og:site_name\" content=\"Excel Advisor\" \/>\n<meta property=\"article:modified_time\" content=\"2023-12-10T06:04:51+00:00\" \/>\n<meta property=\"og:image\" content=\"https:\/\/exceladvisor.org\/wp-content\/uploads\/2023\/08\/1-classeur-active.png\" \/>\n<meta name=\"twitter:card\" content=\"summary_large_image\" \/>\n<meta name=\"twitter:label1\" content=\"Tahmini okuma s\u00fcresi\" \/>\n\t<meta name=\"twitter:data1\" content=\"3 dakika\" \/>\n<script type=\"application\/ld+json\" class=\"yoast-schema-graph\">{\"@context\":\"https:\/\/schema.org\",\"@graph\":[{\"@type\":\"WebPage\",\"@id\":\"https:\/\/exceladvisor.org\/tr\/calisma-kitabini-etkinlestir\/\",\"url\":\"https:\/\/exceladvisor.org\/tr\/calisma-kitabini-etkinlestir\/\",\"name\":\"\u25b7 Excel \u00e7al\u0131\u015fma kitab\u0131 VBA arac\u0131l\u0131\u011f\u0131yla nas\u0131l etkinle\u015ftirilir? (E\u011fitim 2023)\",\"isPartOf\":{\"@id\":\"https:\/\/exceladvisor.org\/tr\/#website\"},\"primaryImageOfPage\":{\"@id\":\"https:\/\/exceladvisor.org\/tr\/calisma-kitabini-etkinlestir\/#primaryimage\"},\"image\":{\"@id\":\"https:\/\/exceladvisor.org\/tr\/calisma-kitabini-etkinlestir\/#primaryimage\"},\"thumbnailUrl\":\"https:\/\/exceladvisor.org\/wp-content\/uploads\/2023\/08\/1-classeur-active.png\",\"datePublished\":\"2023-11-17T11:53:36+00:00\",\"dateModified\":\"2023-12-10T06:04:51+00:00\",\"description\":\"Ayn\u0131 anda birden fazla \u00e7al\u0131\u015fma kitab\u0131n\u0131z a\u00e7\u0131k oldu\u011funda, bu y\u00f6ntem b\u00fcy\u00fck \u00f6l\u00e7\u00fcde zaman kazanman\u0131za yard\u0131mc\u0131 olabilir.\",\"breadcrumb\":{\"@id\":\"https:\/\/exceladvisor.org\/tr\/calisma-kitabini-etkinlestir\/#breadcrumb\"},\"inLanguage\":\"tr\",\"potentialAction\":[{\"@type\":\"ReadAction\",\"target\":[\"https:\/\/exceladvisor.org\/tr\/calisma-kitabini-etkinlestir\/\"]}]},{\"@type\":\"ImageObject\",\"inLanguage\":\"tr\",\"@id\":\"https:\/\/exceladvisor.org\/tr\/calisma-kitabini-etkinlestir\/#primaryimage\",\"url\":\"https:\/\/exceladvisor.org\/wp-content\/uploads\/2023\/08\/1-classeur-active.png\",\"contentUrl\":\"https:\/\/exceladvisor.org\/wp-content\/uploads\/2023\/08\/1-classeur-active.png\"},{\"@type\":\"BreadcrumbList\",\"@id\":\"https:\/\/exceladvisor.org\/tr\/calisma-kitabini-etkinlestir\/#breadcrumb\",\"itemListElement\":[{\"@type\":\"ListItem\",\"position\":1,\"name\":\"Ev\",\"item\":\"https:\/\/exceladvisor.org\/tr\/\"},{\"@type\":\"ListItem\",\"position\":2,\"name\":\"Vba arac\u0131l\u0131\u011f\u0131yla bir excel \u00e7al\u0131\u015fma kitab\u0131 nas\u0131l etkinle\u015ftirilir?\"}]},{\"@type\":\"WebSite\",\"@id\":\"https:\/\/exceladvisor.org\/tr\/#website\",\"url\":\"https:\/\/exceladvisor.org\/tr\/\",\"name\":\"Excel Advisor\",\"description\":\"Veri hakimiyetine y\u00f6nelik nihai rehberiniz!\",\"publisher\":{\"@id\":\"https:\/\/exceladvisor.org\/tr\/#organization\"},\"potentialAction\":[{\"@type\":\"SearchAction\",\"target\":{\"@type\":\"EntryPoint\",\"urlTemplate\":\"https:\/\/exceladvisor.org\/tr\/?s={search_term_string}\"},\"query-input\":{\"@type\":\"PropertyValueSpecification\",\"valueRequired\":true,\"valueName\":\"search_term_string\"}}],\"inLanguage\":\"tr\"},{\"@type\":\"Organization\",\"@id\":\"https:\/\/exceladvisor.org\/tr\/#organization\",\"name\":\"Excel Advisor\",\"url\":\"https:\/\/exceladvisor.org\/tr\/\",\"logo\":{\"@type\":\"ImageObject\",\"inLanguage\":\"tr\",\"@id\":\"https:\/\/exceladvisor.org\/tr\/#\/schema\/logo\/image\/\",\"url\":\"https:\/\/exceladvisor.org\/tr\/wp-content\/uploads\/2023\/12\/exceladvisor.org_.png\",\"contentUrl\":\"https:\/\/exceladvisor.org\/tr\/wp-content\/uploads\/2023\/12\/exceladvisor.org_.png\",\"width\":105,\"height\":36,\"caption\":\"Excel Advisor\"},\"image\":{\"@id\":\"https:\/\/exceladvisor.org\/tr\/#\/schema\/logo\/image\/\"}}]}<\/script>\n<!-- \/ Yoast SEO plugin. -->","yoast_head_json":{"title":"\u25b7 Excel \u00e7al\u0131\u015fma kitab\u0131 VBA arac\u0131l\u0131\u011f\u0131yla nas\u0131l etkinle\u015ftirilir? (E\u011fitim 2023)","description":"Ayn\u0131 anda birden fazla \u00e7al\u0131\u015fma kitab\u0131n\u0131z a\u00e7\u0131k oldu\u011funda, bu y\u00f6ntem b\u00fcy\u00fck \u00f6l\u00e7\u00fcde zaman kazanman\u0131za yard\u0131mc\u0131 olabilir.","robots":{"index":"index","follow":"follow","max-snippet":"max-snippet:-1","max-image-preview":"max-image-preview:large","max-video-preview":"max-video-preview:-1"},"canonical":"https:\/\/exceladvisor.org\/tr\/calisma-kitabini-etkinlestir\/","og_locale":"tr_TR","og_type":"article","og_title":"\u25b7 Excel \u00e7al\u0131\u015fma kitab\u0131 VBA arac\u0131l\u0131\u011f\u0131yla nas\u0131l etkinle\u015ftirilir? (E\u011fitim 2023)","og_description":"Ayn\u0131 anda birden fazla \u00e7al\u0131\u015fma kitab\u0131n\u0131z a\u00e7\u0131k oldu\u011funda, bu y\u00f6ntem b\u00fcy\u00fck \u00f6l\u00e7\u00fcde zaman kazanman\u0131za yard\u0131mc\u0131 olabilir.","og_url":"https:\/\/exceladvisor.org\/tr\/calisma-kitabini-etkinlestir\/","og_site_name":"Excel Advisor","article_modified_time":"2023-12-10T06:04:51+00:00","og_image":[{"url":"https:\/\/exceladvisor.org\/wp-content\/uploads\/2023\/08\/1-classeur-active.png","type":"","width":"","height":""}],"twitter_card":"summary_large_image","twitter_misc":{"Tahmini okuma s\u00fcresi":"3 dakika"},"schema":{"@context":"https:\/\/schema.org","@graph":[{"@type":"WebPage","@id":"https:\/\/exceladvisor.org\/tr\/calisma-kitabini-etkinlestir\/","url":"https:\/\/exceladvisor.org\/tr\/calisma-kitabini-etkinlestir\/","name":"\u25b7 Excel \u00e7al\u0131\u015fma kitab\u0131 VBA arac\u0131l\u0131\u011f\u0131yla nas\u0131l etkinle\u015ftirilir? (E\u011fitim 2023)","isPartOf":{"@id":"https:\/\/exceladvisor.org\/tr\/#website"},"primaryImageOfPage":{"@id":"https:\/\/exceladvisor.org\/tr\/calisma-kitabini-etkinlestir\/#primaryimage"},"image":{"@id":"https:\/\/exceladvisor.org\/tr\/calisma-kitabini-etkinlestir\/#primaryimage"},"thumbnailUrl":"https:\/\/exceladvisor.org\/wp-content\/uploads\/2023\/08\/1-classeur-active.png","datePublished":"2023-11-17T11:53:36+00:00","dateModified":"2023-12-10T06:04:51+00:00","description":"Ayn\u0131 anda birden fazla \u00e7al\u0131\u015fma kitab\u0131n\u0131z a\u00e7\u0131k oldu\u011funda, bu y\u00f6ntem b\u00fcy\u00fck \u00f6l\u00e7\u00fcde zaman kazanman\u0131za yard\u0131mc\u0131 olabilir.","breadcrumb":{"@id":"https:\/\/exceladvisor.org\/tr\/calisma-kitabini-etkinlestir\/#breadcrumb"},"inLanguage":"tr","potentialAction":[{"@type":"ReadAction","target":["https:\/\/exceladvisor.org\/tr\/calisma-kitabini-etkinlestir\/"]}]},{"@type":"ImageObject","inLanguage":"tr","@id":"https:\/\/exceladvisor.org\/tr\/calisma-kitabini-etkinlestir\/#primaryimage","url":"https:\/\/exceladvisor.org\/wp-content\/uploads\/2023\/08\/1-classeur-active.png","contentUrl":"https:\/\/exceladvisor.org\/wp-content\/uploads\/2023\/08\/1-classeur-active.png"},{"@type":"BreadcrumbList","@id":"https:\/\/exceladvisor.org\/tr\/calisma-kitabini-etkinlestir\/#breadcrumb","itemListElement":[{"@type":"ListItem","position":1,"name":"Ev","item":"https:\/\/exceladvisor.org\/tr\/"},{"@type":"ListItem","position":2,"name":"Vba arac\u0131l\u0131\u011f\u0131yla bir excel \u00e7al\u0131\u015fma kitab\u0131 nas\u0131l etkinle\u015ftirilir?"}]},{"@type":"WebSite","@id":"https:\/\/exceladvisor.org\/tr\/#website","url":"https:\/\/exceladvisor.org\/tr\/","name":"Excel Advisor","description":"Veri hakimiyetine y\u00f6nelik nihai rehberiniz!","publisher":{"@id":"https:\/\/exceladvisor.org\/tr\/#organization"},"potentialAction":[{"@type":"SearchAction","target":{"@type":"EntryPoint","urlTemplate":"https:\/\/exceladvisor.org\/tr\/?s={search_term_string}"},"query-input":{"@type":"PropertyValueSpecification","valueRequired":true,"valueName":"search_term_string"}}],"inLanguage":"tr"},{"@type":"Organization","@id":"https:\/\/exceladvisor.org\/tr\/#organization","name":"Excel Advisor","url":"https:\/\/exceladvisor.org\/tr\/","logo":{"@type":"ImageObject","inLanguage":"tr","@id":"https:\/\/exceladvisor.org\/tr\/#\/schema\/logo\/image\/","url":"https:\/\/exceladvisor.org\/tr\/wp-content\/uploads\/2023\/12\/exceladvisor.org_.png","contentUrl":"https:\/\/exceladvisor.org\/tr\/wp-content\/uploads\/2023\/12\/exceladvisor.org_.png","width":105,"height":36,"caption":"Excel Advisor"},"image":{"@id":"https:\/\/exceladvisor.org\/tr\/#\/schema\/logo\/image\/"}}]}},"yoast_meta":{"yoast_wpseo_title":"","yoast_wpseo_metadesc":"","yoast_wpseo_canonical":""},"_links":{"self":[{"href":"https:\/\/exceladvisor.org\/tr\/wp-json\/wp\/v2\/pages\/1540","targetHints":{"allow":["GET"]}}],"collection":[{"href":"https:\/\/exceladvisor.org\/tr\/wp-json\/wp\/v2\/pages"}],"about":[{"href":"https:\/\/exceladvisor.org\/tr\/wp-json\/wp\/v2\/types\/page"}],"author":[{"embeddable":true,"href":"https:\/\/exceladvisor.org\/tr\/wp-json\/wp\/v2\/users\/1"}],"replies":[{"embeddable":true,"href":"https:\/\/exceladvisor.org\/tr\/wp-json\/wp\/v2\/comments?post=1540"}],"version-history":[{"count":1,"href":"https:\/\/exceladvisor.org\/tr\/wp-json\/wp\/v2\/pages\/1540\/revisions"}],"predecessor-version":[{"id":2768,"href":"https:\/\/exceladvisor.org\/tr\/wp-json\/wp\/v2\/pages\/1540\/revisions\/2768"}],"wp:attachment":[{"href":"https:\/\/exceladvisor.org\/tr\/wp-json\/wp\/v2\/media?parent=1540"}],"curies":[{"name":"wp","href":"https:\/\/api.w.org\/{rel}","templated":true}]}}