{"id":1542,"date":"2023-11-17T11:16:22","date_gmt":"2023-11-17T11:16:22","guid":{"rendered":"https:\/\/exceladvisor.org\/tr\/calisma-kitabini-kapat\/"},"modified":"2023-12-10T06:06:16","modified_gmt":"2023-12-10T06:06:16","slug":"calisma-kitabini-kapat","status":"publish","type":"page","link":"https:\/\/exceladvisor.org\/tr\/calisma-kitabini-kapat\/","title":{"rendered":"Vba kullanarak bir excel \u00e7al\u0131\u015fma kitab\u0131 nas\u0131l kapat\u0131l\u0131r?"},"content":{"rendered":"<div class=\"excel-icerikten-once\" id=\"excel-677006797\"><script type=\"text\/javascript\">\r\n\tatOptions = {\r\n\t\t'key' : 'c1158f160081d6540a8409e6925dab94',\r\n\t\t'format' : 'iframe',\r\n\t\t'height' : 250,\r\n\t\t'width' : 300,\r\n\t\t'params' : {}\r\n\t};\r\n<\/script>\r\n<script type=\"text\/javascript\" src=\"\/\/www.highperformanceformat.com\/c1158f160081d6540a8409e6925dab94\/invoke.js\"><\/script><\/div> <p>Bir Excel dosyas\u0131n\u0131 kapatmak i\u00e7in \u201cKapat\u201d y\u00f6ntemini kullanman\u0131z gerekir. Bu y\u00f6ntemle de\u011fi\u015fiklikleri kaydetmek isteyip istemedi\u011finizi belirleyebilirsiniz. Hen\u00fcz kaydedilmemi\u015f bir dosyay\u0131 kaydedip kapatmak istiyorsan\u0131z, kapatmadan \u00f6nce dosyay\u0131 kaydetmek istedi\u011finiz yolu belirtebilirsiniz.<\/p><p> \u0130\u015fte close y\u00f6nteminin s\u00f6zdizimi. <\/p><pre class=\"wp-block-code\"> <code class=\"language-visual-basic\" lang=\"visual-basic\">Workbook.Close (SaveChanges, FileName, RouteWorkbook)<\/code><\/pre><div class=\"wp-block-image\"><figure class=\"aligncenter size-large is-resized\"><img loading=\"lazy\" decoding=\"async\" class=\"wp-image-53194\" src=\"https:\/\/exceladvisor.org\/wp-content\/uploads\/2023\/08\/1-fermer-un-classeur-en-utilisant-vba.png\" sizes=\"auto, \" srcset=\"\" alt=\"vba ile \u00e7al\u0131\u015fma kitab\u0131n\u0131 kapatma\" width=\"599\" height=\"179\"><\/figure><\/div><h2 class=\"wp-block-heading\"> <strong>\u00c7al\u0131\u015fma kitab\u0131n\u0131 kapatma ad\u0131mlar\u0131<\/strong><\/h2><ol type=\"1\"><li> Kapatmak istedi\u011finiz \u00e7al\u0131\u015fma kitab\u0131n\u0131 belirtin.<\/li><li> Bu \u00e7al\u0131\u015fma kitab\u0131yla kapatma y\u00f6ntemini kullan\u0131n.<\/li><li> Kod y\u00f6nteminde dosyay\u0131 kaydetmek isteyip istemedi\u011finizi belirtin.<\/li><li> Sonunda kapatmadan \u00f6nce dosyay\u0131 kaydetmek istedi\u011finiz yolun yolunu belirtin.<\/li><\/ol><p> Bu derste, VBA kullanarak Excel&#8217;de bir \u00e7al\u0131\u015fma kitab\u0131n\u0131 kapatman\u0131n farkl\u0131 yollar\u0131na bakaca\u011f\u0131z.<\/p><p class=\"content-box-grey\"> <em>Yararl\u0131 ba\u011flant\u0131lar: <a href=\"https:\/\/exceladvisor.org\/tr\/makro-2yi-calistir\/\">Makro \u00e7al\u0131\u015ft\u0131rma<\/a> \u2013 <a href=\"https:\/\/exceladvisor.org\/tr\/makro-kaydet\/\">Makro kaydedici<\/a> \u2013 <a href=\"https:\/\/exceladvisor.org\/tr\/temel-gorsel-duzenleyici\/\">Visual Basic D\u00fczenleyici<\/a> \u2013 <a href=\"https:\/\/exceladvisor.org\/tr\/kisisel-makro-not-defteri\/\">Ki\u015fisel Makrolar El Kitab\u0131<\/a><\/em><\/p><h2 class=\"wp-block-heading\"> <strong>\u00c7al\u0131\u015fma kitab\u0131n\u0131 kaydetmeden kapatma<\/strong><\/h2><p> Aktif olan \u00e7al\u0131\u015fma kitab\u0131n\u0131 kaydetmeden kaydetmek istiyorsan\u0131z bu \u015fekilde bir kod kullanman\u0131z gerekmektedir.<\/p><pre class=\"wp-block-code\"> <code class=\"language-visual-basic\" lang=\"visual-basic\">ActiveWorkbook.Close SaveChanges:=False<\/code><\/pre><p> Bu kodda \u201cSaveChanges\u201d arg\u00fcman\u0131 i\u00e7in \u201cFalse\u201d de\u011ferini belirttim. Dolay\u0131s\u0131yla VBA, \u00e7al\u0131\u015fma kitab\u0131nda kaydedilmeyen herhangi bir de\u011fi\u015fiklik olup olmad\u0131\u011f\u0131n\u0131 dikkate almaz. Belirli bir \u00e7al\u0131\u015fma kitab\u0131n\u0131 kapatmak istiyorsan\u0131z o \u00e7al\u0131\u015fma kitab\u0131n\u0131n ad\u0131n\u0131 kullanabilirsiniz. T\u0131pk\u0131 a\u015fa\u011f\u0131daki kod gibi.<\/p><pre class=\"wp-block-code\"> <code class=\"language-visual-basic\" lang=\"visual-basic\">Workbooks(\"book1\").Close SaveChanges:=False<\/code><\/pre><p> \u00c7al\u0131\u015fma kitab\u0131nda verileriniz varsa ve &#8220;De\u011fi\u015fiklikleri Kaydet&#8221; ba\u011f\u0131ms\u0131z de\u011fi\u015fkenini g\u00f6z ard\u0131 ederseniz, Excel, \u00e7al\u0131\u015fma kitab\u0131n\u0131 kaydetmek isteyip istemedi\u011finizi onaylamak i\u00e7in bir ileti\u015fim kutusu g\u00f6r\u00fcnt\u00fcler. \u00d6nemli olan \u015fudur: iste\u011fe ba\u011fl\u0131 olsa bile &#8220;SaveChanges&#8221; arg\u00fcman\u0131n\u0131 belirtmek daha iyidir.<\/p><h2 class=\"wp-block-heading\"> <strong>\u00c7al\u0131\u015fma kitab\u0131n\u0131 kaydettikten sonra kapat\u0131n<\/strong><\/h2><p> G\u00f6rd\u00fc\u011f\u00fcn\u00fcz gibi CLOSE metodunda yol konumunu belirtmek i\u00e7in bir arg\u00fcman var. Diyelim ki &#8220;Kitap6&#8243;y\u0131 masa\u00fcst\u00fcndeki klas\u00f6re kaydetmek istiyorsunuz. Kullanman\u0131z gereken kod burada.<\/p><pre class=\"wp-block-code\"> <code class=\"language-visual-basic\" lang=\"visual-basic\">Workbooks(\"Book6\").Close _ SaveChanges:=True, _ Filename:=\"C:UsersDellDesktopmyFoldermyFile.xlsx\"<\/code><\/pre><p> Bu kod, \u201cKitap6\u201d \u00e7al\u0131\u015fma kitab\u0131n\u0131 masa\u00fcst\u00fcmde \u201cmyFILE.xlsx\u201d ad\u0131 alt\u0131nda kay\u0131tl\u0131 klas\u00f6re kaydedecektir. <strong>Ancak dikkat etmeniz gereken bir \u015fey var:<\/strong> Zaten ayn\u0131 adda bir \u00e7al\u0131\u015fma kitab\u0131n\u0131z varsa, bu dosya yenisiyle de\u011fi\u015ftirilecektir.<\/p><p> Endi\u015felenmeyin, kullanabilece\u011finiz bir \u00e7\u00f6z\u00fcm var. A\u015fa\u011f\u0131daki kod, kullanmak istedi\u011finiz adda bir dosya olup olmad\u0131\u011f\u0131n\u0131 kontrol eder.<\/p><pre class=\"wp-block-code\"> <code class=\"language-visual-basic\" lang=\"visual-basic\">Sub vba_close_workbook() Dim wbCheck As String wbCheck = Dir(\"C:UsersDellDesktopmyFoldermyFile.xlsx\") If wbCheck = \"\" Then Workbooks(\"Book6\").Close _ SaveChanges:=True, _ Filename:=\"C:UsersDellDesktopmyFoldermyFile.xlsx\" Else MsgBox \"Error! Name already used.\" End If End Sub<\/code><\/pre><div class=\"gb-container gb-container-4db6181c gb-container-mt\"> <a class=\"gb-button gb-button-c5897111 gb-button-text gb-button-mt-button\" href=\"https:\/\/exceladvisor.org\/tr\/vba\/\">VBA nedir<\/a><h2 class=\"gb-headline gb-headline-665e5f6b gb-headline-text gb-headline-mt-heading\"> \u0130lgili e\u011fitimler <\/h2><div class=\"gb-grid-wrapper gb-grid-wrapper-a20baf7c gb-grid-wrapper-mt-grid\"><div class=\"gb-grid-column gb-grid-column-65ddf67e\"><div class=\"gb-container gb-container-65ddf67e\"><ul><li> <a href=\"https:\/\/exceladvisor.org\/tr\/excel-dosyasini-kopyala\/\">VBA kullanarak bir Excel dosyas\u0131n\u0131 (\u00e7al\u0131\u015fma kitab\u0131n\u0131) kopyalama<\/a><\/li><li> <a href=\"https:\/\/exceladvisor.org\/tr\/calisma-kitabini-etkinlestir\/\">VBA \u00c7al\u0131\u015fma Kitab\u0131n\u0131 Etkinle\u015ftir (Excel Dosyas\u0131)<\/a><\/li><li> <a href=\"https:\/\/exceladvisor.org\/tr\/calisma-kitaplarini-birlestir\/\">VBA \u00c7al\u0131\u015fma Kitaplar\u0131n\u0131 Birle\u015ftir (Excel Dosyalar\u0131)<\/a><\/li><li> <a href=\"https:\/\/exceladvisor.org\/tr\/calisma-kitabi-olustur\/\">VBA Yeni bir \u00e7al\u0131\u015fma kitab\u0131 olu\u015fturun (Excel dosyas\u0131)<\/a><\/li><li> <a href=\"https:\/\/exceladvisor.org\/tr\/dosyayi-sil\/\">VBA \u00c7al\u0131\u015fma Kitab\u0131n\u0131 Silme (Excel Dosyas\u0131)<\/a><\/li><\/ul><\/div><\/div><\/div><\/div>","protected":false},"excerpt":{"rendered":"","protected":false},"author":1,"featured_media":0,"parent":0,"menu_order":0,"comment_status":"open","ping_status":"closed","template":"","meta":{"ub_ctt_via":"","footnotes":""},"class_list":["post-1542","page","type-page","status-publish","hentry"],"featured_image_src":null,"yoast_head":"<!-- This site is optimized with the Yoast SEO plugin v25.4 - https:\/\/yoast.com\/wordpress\/plugins\/seo\/ -->\n<title>VBA kullanarak bir Excel \u00e7al\u0131\u015fma kitab\u0131 nas\u0131l kapat\u0131l\u0131r?<\/title>\n<meta name=\"description\" content=\"Bu e\u011fitimde, VBA kodunu kullanarak bir \u00e7al\u0131\u015fma kitab\u0131n\u0131n nas\u0131l kapat\u0131laca\u011f\u0131 a\u00e7\u0131klanmaktad\u0131r (dosyay\u0131 kaydetmeden veya kapatmadan \u00f6nce kaydetmeden).\" \/>\n<meta name=\"robots\" content=\"index, follow, max-snippet:-1, max-image-preview:large, max-video-preview:-1\" \/>\n<link rel=\"canonical\" href=\"https:\/\/exceladvisor.org\/tr\/calisma-kitabini-kapat\/\" \/>\n<meta property=\"og:locale\" content=\"tr_TR\" \/>\n<meta property=\"og:type\" content=\"article\" \/>\n<meta property=\"og:title\" content=\"VBA kullanarak bir Excel \u00e7al\u0131\u015fma kitab\u0131 nas\u0131l kapat\u0131l\u0131r?\" \/>\n<meta property=\"og:description\" content=\"Bu e\u011fitimde, VBA kodunu kullanarak bir \u00e7al\u0131\u015fma kitab\u0131n\u0131n nas\u0131l kapat\u0131laca\u011f\u0131 a\u00e7\u0131klanmaktad\u0131r (dosyay\u0131 kaydetmeden veya kapatmadan \u00f6nce kaydetmeden).\" \/>\n<meta property=\"og:url\" content=\"https:\/\/exceladvisor.org\/tr\/calisma-kitabini-kapat\/\" \/>\n<meta property=\"og:site_name\" content=\"Excel Advisor\" \/>\n<meta property=\"article:modified_time\" content=\"2023-12-10T06:06:16+00:00\" \/>\n<meta property=\"og:image\" content=\"https:\/\/exceladvisor.org\/wp-content\/uploads\/2023\/08\/1-fermer-un-classeur-en-utilisant-vba.png\" \/>\n<meta name=\"twitter:card\" content=\"summary_large_image\" \/>\n<meta name=\"twitter:label1\" content=\"Tahmini okuma s\u00fcresi\" \/>\n\t<meta name=\"twitter:data1\" content=\"2 dakika\" \/>\n<script type=\"application\/ld+json\" class=\"yoast-schema-graph\">{\"@context\":\"https:\/\/schema.org\",\"@graph\":[{\"@type\":\"WebPage\",\"@id\":\"https:\/\/exceladvisor.org\/tr\/calisma-kitabini-kapat\/\",\"url\":\"https:\/\/exceladvisor.org\/tr\/calisma-kitabini-kapat\/\",\"name\":\"VBA kullanarak bir Excel \u00e7al\u0131\u015fma kitab\u0131 nas\u0131l kapat\u0131l\u0131r?\",\"isPartOf\":{\"@id\":\"https:\/\/exceladvisor.org\/tr\/#website\"},\"primaryImageOfPage\":{\"@id\":\"https:\/\/exceladvisor.org\/tr\/calisma-kitabini-kapat\/#primaryimage\"},\"image\":{\"@id\":\"https:\/\/exceladvisor.org\/tr\/calisma-kitabini-kapat\/#primaryimage\"},\"thumbnailUrl\":\"https:\/\/exceladvisor.org\/wp-content\/uploads\/2023\/08\/1-fermer-un-classeur-en-utilisant-vba.png\",\"datePublished\":\"2023-11-17T11:16:22+00:00\",\"dateModified\":\"2023-12-10T06:06:16+00:00\",\"description\":\"Bu e\u011fitimde, VBA kodunu kullanarak bir \u00e7al\u0131\u015fma kitab\u0131n\u0131n nas\u0131l kapat\u0131laca\u011f\u0131 a\u00e7\u0131klanmaktad\u0131r (dosyay\u0131 kaydetmeden veya kapatmadan \u00f6nce kaydetmeden).\",\"breadcrumb\":{\"@id\":\"https:\/\/exceladvisor.org\/tr\/calisma-kitabini-kapat\/#breadcrumb\"},\"inLanguage\":\"tr\",\"potentialAction\":[{\"@type\":\"ReadAction\",\"target\":[\"https:\/\/exceladvisor.org\/tr\/calisma-kitabini-kapat\/\"]}]},{\"@type\":\"ImageObject\",\"inLanguage\":\"tr\",\"@id\":\"https:\/\/exceladvisor.org\/tr\/calisma-kitabini-kapat\/#primaryimage\",\"url\":\"https:\/\/exceladvisor.org\/wp-content\/uploads\/2023\/08\/1-fermer-un-classeur-en-utilisant-vba.png\",\"contentUrl\":\"https:\/\/exceladvisor.org\/wp-content\/uploads\/2023\/08\/1-fermer-un-classeur-en-utilisant-vba.png\"},{\"@type\":\"BreadcrumbList\",\"@id\":\"https:\/\/exceladvisor.org\/tr\/calisma-kitabini-kapat\/#breadcrumb\",\"itemListElement\":[{\"@type\":\"ListItem\",\"position\":1,\"name\":\"Ev\",\"item\":\"https:\/\/exceladvisor.org\/tr\/\"},{\"@type\":\"ListItem\",\"position\":2,\"name\":\"Vba kullanarak bir excel \u00e7al\u0131\u015fma kitab\u0131 nas\u0131l kapat\u0131l\u0131r?\"}]},{\"@type\":\"WebSite\",\"@id\":\"https:\/\/exceladvisor.org\/tr\/#website\",\"url\":\"https:\/\/exceladvisor.org\/tr\/\",\"name\":\"Excel Advisor\",\"description\":\"Veri hakimiyetine y\u00f6nelik nihai rehberiniz!\",\"publisher\":{\"@id\":\"https:\/\/exceladvisor.org\/tr\/#organization\"},\"potentialAction\":[{\"@type\":\"SearchAction\",\"target\":{\"@type\":\"EntryPoint\",\"urlTemplate\":\"https:\/\/exceladvisor.org\/tr\/?s={search_term_string}\"},\"query-input\":{\"@type\":\"PropertyValueSpecification\",\"valueRequired\":true,\"valueName\":\"search_term_string\"}}],\"inLanguage\":\"tr\"},{\"@type\":\"Organization\",\"@id\":\"https:\/\/exceladvisor.org\/tr\/#organization\",\"name\":\"Excel Advisor\",\"url\":\"https:\/\/exceladvisor.org\/tr\/\",\"logo\":{\"@type\":\"ImageObject\",\"inLanguage\":\"tr\",\"@id\":\"https:\/\/exceladvisor.org\/tr\/#\/schema\/logo\/image\/\",\"url\":\"https:\/\/exceladvisor.org\/tr\/wp-content\/uploads\/2023\/12\/exceladvisor.org_.png\",\"contentUrl\":\"https:\/\/exceladvisor.org\/tr\/wp-content\/uploads\/2023\/12\/exceladvisor.org_.png\",\"width\":105,\"height\":36,\"caption\":\"Excel Advisor\"},\"image\":{\"@id\":\"https:\/\/exceladvisor.org\/tr\/#\/schema\/logo\/image\/\"}}]}<\/script>\n<!-- \/ Yoast SEO plugin. -->","yoast_head_json":{"title":"VBA kullanarak bir Excel \u00e7al\u0131\u015fma kitab\u0131 nas\u0131l kapat\u0131l\u0131r?","description":"Bu e\u011fitimde, VBA kodunu kullanarak bir \u00e7al\u0131\u015fma kitab\u0131n\u0131n nas\u0131l kapat\u0131laca\u011f\u0131 a\u00e7\u0131klanmaktad\u0131r (dosyay\u0131 kaydetmeden veya kapatmadan \u00f6nce kaydetmeden).","robots":{"index":"index","follow":"follow","max-snippet":"max-snippet:-1","max-image-preview":"max-image-preview:large","max-video-preview":"max-video-preview:-1"},"canonical":"https:\/\/exceladvisor.org\/tr\/calisma-kitabini-kapat\/","og_locale":"tr_TR","og_type":"article","og_title":"VBA kullanarak bir Excel \u00e7al\u0131\u015fma kitab\u0131 nas\u0131l kapat\u0131l\u0131r?","og_description":"Bu e\u011fitimde, VBA kodunu kullanarak bir \u00e7al\u0131\u015fma kitab\u0131n\u0131n nas\u0131l kapat\u0131laca\u011f\u0131 a\u00e7\u0131klanmaktad\u0131r (dosyay\u0131 kaydetmeden veya kapatmadan \u00f6nce kaydetmeden).","og_url":"https:\/\/exceladvisor.org\/tr\/calisma-kitabini-kapat\/","og_site_name":"Excel Advisor","article_modified_time":"2023-12-10T06:06:16+00:00","og_image":[{"url":"https:\/\/exceladvisor.org\/wp-content\/uploads\/2023\/08\/1-fermer-un-classeur-en-utilisant-vba.png","type":"","width":"","height":""}],"twitter_card":"summary_large_image","twitter_misc":{"Tahmini okuma s\u00fcresi":"2 dakika"},"schema":{"@context":"https:\/\/schema.org","@graph":[{"@type":"WebPage","@id":"https:\/\/exceladvisor.org\/tr\/calisma-kitabini-kapat\/","url":"https:\/\/exceladvisor.org\/tr\/calisma-kitabini-kapat\/","name":"VBA kullanarak bir Excel \u00e7al\u0131\u015fma kitab\u0131 nas\u0131l kapat\u0131l\u0131r?","isPartOf":{"@id":"https:\/\/exceladvisor.org\/tr\/#website"},"primaryImageOfPage":{"@id":"https:\/\/exceladvisor.org\/tr\/calisma-kitabini-kapat\/#primaryimage"},"image":{"@id":"https:\/\/exceladvisor.org\/tr\/calisma-kitabini-kapat\/#primaryimage"},"thumbnailUrl":"https:\/\/exceladvisor.org\/wp-content\/uploads\/2023\/08\/1-fermer-un-classeur-en-utilisant-vba.png","datePublished":"2023-11-17T11:16:22+00:00","dateModified":"2023-12-10T06:06:16+00:00","description":"Bu e\u011fitimde, VBA kodunu kullanarak bir \u00e7al\u0131\u015fma kitab\u0131n\u0131n nas\u0131l kapat\u0131laca\u011f\u0131 a\u00e7\u0131klanmaktad\u0131r (dosyay\u0131 kaydetmeden veya kapatmadan \u00f6nce kaydetmeden).","breadcrumb":{"@id":"https:\/\/exceladvisor.org\/tr\/calisma-kitabini-kapat\/#breadcrumb"},"inLanguage":"tr","potentialAction":[{"@type":"ReadAction","target":["https:\/\/exceladvisor.org\/tr\/calisma-kitabini-kapat\/"]}]},{"@type":"ImageObject","inLanguage":"tr","@id":"https:\/\/exceladvisor.org\/tr\/calisma-kitabini-kapat\/#primaryimage","url":"https:\/\/exceladvisor.org\/wp-content\/uploads\/2023\/08\/1-fermer-un-classeur-en-utilisant-vba.png","contentUrl":"https:\/\/exceladvisor.org\/wp-content\/uploads\/2023\/08\/1-fermer-un-classeur-en-utilisant-vba.png"},{"@type":"BreadcrumbList","@id":"https:\/\/exceladvisor.org\/tr\/calisma-kitabini-kapat\/#breadcrumb","itemListElement":[{"@type":"ListItem","position":1,"name":"Ev","item":"https:\/\/exceladvisor.org\/tr\/"},{"@type":"ListItem","position":2,"name":"Vba kullanarak bir excel \u00e7al\u0131\u015fma kitab\u0131 nas\u0131l kapat\u0131l\u0131r?"}]},{"@type":"WebSite","@id":"https:\/\/exceladvisor.org\/tr\/#website","url":"https:\/\/exceladvisor.org\/tr\/","name":"Excel Advisor","description":"Veri hakimiyetine y\u00f6nelik nihai rehberiniz!","publisher":{"@id":"https:\/\/exceladvisor.org\/tr\/#organization"},"potentialAction":[{"@type":"SearchAction","target":{"@type":"EntryPoint","urlTemplate":"https:\/\/exceladvisor.org\/tr\/?s={search_term_string}"},"query-input":{"@type":"PropertyValueSpecification","valueRequired":true,"valueName":"search_term_string"}}],"inLanguage":"tr"},{"@type":"Organization","@id":"https:\/\/exceladvisor.org\/tr\/#organization","name":"Excel Advisor","url":"https:\/\/exceladvisor.org\/tr\/","logo":{"@type":"ImageObject","inLanguage":"tr","@id":"https:\/\/exceladvisor.org\/tr\/#\/schema\/logo\/image\/","url":"https:\/\/exceladvisor.org\/tr\/wp-content\/uploads\/2023\/12\/exceladvisor.org_.png","contentUrl":"https:\/\/exceladvisor.org\/tr\/wp-content\/uploads\/2023\/12\/exceladvisor.org_.png","width":105,"height":36,"caption":"Excel Advisor"},"image":{"@id":"https:\/\/exceladvisor.org\/tr\/#\/schema\/logo\/image\/"}}]}},"yoast_meta":{"yoast_wpseo_title":"","yoast_wpseo_metadesc":"","yoast_wpseo_canonical":""},"_links":{"self":[{"href":"https:\/\/exceladvisor.org\/tr\/wp-json\/wp\/v2\/pages\/1542","targetHints":{"allow":["GET"]}}],"collection":[{"href":"https:\/\/exceladvisor.org\/tr\/wp-json\/wp\/v2\/pages"}],"about":[{"href":"https:\/\/exceladvisor.org\/tr\/wp-json\/wp\/v2\/types\/page"}],"author":[{"embeddable":true,"href":"https:\/\/exceladvisor.org\/tr\/wp-json\/wp\/v2\/users\/1"}],"replies":[{"embeddable":true,"href":"https:\/\/exceladvisor.org\/tr\/wp-json\/wp\/v2\/comments?post=1542"}],"version-history":[{"count":1,"href":"https:\/\/exceladvisor.org\/tr\/wp-json\/wp\/v2\/pages\/1542\/revisions"}],"predecessor-version":[{"id":2860,"href":"https:\/\/exceladvisor.org\/tr\/wp-json\/wp\/v2\/pages\/1542\/revisions\/2860"}],"wp:attachment":[{"href":"https:\/\/exceladvisor.org\/tr\/wp-json\/wp\/v2\/media?parent=1542"}],"curies":[{"name":"wp","href":"https:\/\/api.w.org\/{rel}","templated":true}]}}