{"id":1543,"date":"2023-11-17T11:10:09","date_gmt":"2023-11-17T11:10:09","guid":{"rendered":"https:\/\/exceladvisor.org\/tr\/dosyayi-sil\/"},"modified":"2023-12-10T06:02:53","modified_gmt":"2023-12-10T06:02:53","slug":"dosyayi-sil","status":"publish","type":"page","link":"https:\/\/exceladvisor.org\/tr\/dosyayi-sil\/","title":{"rendered":"Excel&#39;de vba kullanarak bir dosyay\u0131 nas\u0131l silebilirim?"},"content":{"rendered":"<div class=\"excel-icerikten-once\" id=\"excel-250995365\"><script type=\"text\/javascript\">\r\n\tatOptions = {\r\n\t\t'key' : 'c1158f160081d6540a8409e6925dab94',\r\n\t\t'format' : 'iframe',\r\n\t\t'height' : 250,\r\n\t\t'width' : 300,\r\n\t\t'params' : {}\r\n\t};\r\n<\/script>\r\n<script type=\"text\/javascript\" src=\"\/\/www.highperformanceformat.com\/c1158f160081d6540a8409e6925dab94\/invoke.js\"><\/script><\/div> <p>Bir Excel dosyas\u0131n\u0131 bir klas\u00f6rden silmek i\u00e7in iki farkl\u0131 y\u00f6ntem kullanabilirsiniz. \u0130lk y\u00f6ntem, silmek istedi\u011finiz dosyaya referans vermek i\u00e7in dosya yolunu alan \u201cKill\u201d ifadesidir. \u0130kinci y\u00f6ntem, bir dosyay\u0131 silmek i\u00e7in ili\u015fkili bir y\u00f6nteme sahip olan FileSystemObject nesnesidir.<\/p><p> Bu kodlar\u0131 kullanmak i\u00e7in geli\u015ftirici sekmesinden VBE&#8217;ye (Kod D\u00fczenleyici) gidin.<\/p><h2 class=\"wp-block-heading\"> VBA kullanarak bir dosyay\u0131 silin (Kill i\u015flevi)<\/h2><p> \u00d6ld\u00fcrme \u00f6zelli\u011fi, tek bir dosyay\u0131 veya birden \u00e7ok dosyay\u0131 silmenize ve birden \u00e7ok dosyay\u0131 silmek i\u00e7in joker karakterler kullanman\u0131za yard\u0131mc\u0131 olur. A\u015fa\u011f\u0131da dosyay\u0131 masa\u00fcst\u00fcndeki klas\u00f6rden silen tek sat\u0131rl\u0131k kod verilmi\u015ftir. <\/p><pre class=\"wp-block-code\"> <code class=\"language-visual-basic\" lang=\"visual-basic\">Kill \"C:UsersDellDesktopSample Datafile-one.xlsx\"<\/code><\/pre><div class=\"wp-block-image\"><figure class=\"aligncenter size-large is-resized\"><img loading=\"lazy\" decoding=\"async\" class=\"wp-image-53303\" src=\"https:\/\/exceladvisor.org\/wp-content\/uploads\/2023\/08\/1-supprimer-un-fichier-en-utilisant-la-fonction-vba-kill.png\" sizes=\"auto, \" srcset=\"\" alt=\"vba kill i\u015flevini kullanarak bir dosyay\u0131 silin\" width=\"695\" height=\"167\"><\/figure><\/div><p> Silmeyi belirtti\u011finiz \u00e7al\u0131\u015fma kitab\u0131 mevcut de\u011filse bu kod size bir hata g\u00f6sterecektir.<\/p><p class=\"content-box-grey\"> <em>Yararl\u0131 ba\u011flant\u0131lar: <a href=\"https:\/\/exceladvisor.org\/tr\/makro-2yi-calistir\/\">Makro \u00e7al\u0131\u015ft\u0131rma<\/a> \u2013 <a href=\"https:\/\/exceladvisor.org\/tr\/makro-kaydet\/\">Makro kaydedici<\/a> \u2013 <a href=\"https:\/\/exceladvisor.org\/tr\/temel-gorsel-duzenleyici\/\">Visual Basic D\u00fczenleyici<\/a> \u2013 <a href=\"https:\/\/exceladvisor.org\/tr\/kisisel-makro-not-defteri\/\">Ki\u015fisel Makrolar El Kitab\u0131<\/a><\/em><\/p><h2 class=\"wp-block-heading\"> VBA kullanarak bir klas\u00f6rdeki t\u00fcm dosyalar\u0131 silin<\/h2><p> Ve bir klas\u00f6rdeki t\u00fcm dosyalar\u0131 silmek istiyorsan\u0131z joker karakter kullanabilirsiniz. <\/p><pre class=\"wp-block-code\"> <code class=\"language-visual-basic\" lang=\"visual-basic\">Kill \"C:UsersDellDesktopSample Data*.xl*\"<\/code><\/pre><div class=\"wp-block-image\"><figure class=\"aligncenter size-large is-resized\"><img loading=\"lazy\" decoding=\"async\" class=\"wp-image-53304\" src=\"https:\/\/exceladvisor.org\/wp-content\/uploads\/2023\/08\/2-supprimer-tous-les-fichiers-dun-dossier-a-laide-de-vba.png\" sizes=\"auto, \" srcset=\"\" alt=\"vba kullanarak bir klas\u00f6rdeki t\u00fcm dosyalar\u0131 silin\" width=\"693\" height=\"196\"><\/figure><\/div><h2 class=\"wp-block-heading\"> FileSystemObject (Object) kullanarak bir dosyay\u0131 silin<\/h2><p> Dosya sistemi nesnesi bilgisayar\u0131n dosya sistemine eri\u015fmenizi sa\u011flar. Buradan daha fazlas\u0131n\u0131 \u00f6\u011frenebilirsiniz ama \u015fimdi bir dosyay\u0131 silmek i\u00e7in kod yazal\u0131m.<\/p><ul><li> \u00d6ncelikle kodda kullan\u0131lacak de\u011fi\u015fkenleri Binder ve FileSystemObject olarak bildirmeniz gerekiyor. <br><img loading=\"lazy\" decoding=\"async\" title=\"3-dosya sistemi nesnesini kullanarak bir dosyay\u0131 silin\" src=\"https:\/\/exceladvisor.org\/wp-content\/uploads\/2023\/08\/3-supprimer-un-fichier-a-laide-de-lobjet-systeme-de-fichiers.png\" sizes=\"auto, \" srcset=\"\" alt=\"delete a file using the file system object\" width=\"354\" height=\"198\"><\/li><li> Bundan sonra, FileSystemObject&#8217;i FSO de\u011fi\u015fkenine atayarak d\u00f6nd\u00fcrmek i\u00e7in create object i\u015flevini kullan\u0131n. <br><img loading=\"lazy\" decoding=\"async\" title=\"4 nesne olu\u015fturma i\u015flevi\" src=\"https:\/\/exceladvisor.org\/wp-content\/uploads\/2023\/08\/4-creer-une-fonction-dobjet.png\" sizes=\"auto, \" srcset=\"\" alt=\"create object function\" width=\"509\" height=\"186\"><\/li><li> Daha sonra silmek istedi\u011finiz dosyaya gitmek i\u00e7in yolu \u201cmyFile\u201d de\u011fi\u015fkenine atay\u0131n. <br><img loading=\"lazy\" decoding=\"async\" title=\"5-dosyam\u0131n-yolunu-atay\u0131n\" src=\"https:\/\/exceladvisor.org\/wp-content\/uploads\/2023\/08\/5-assigner-le-chemin-au-myfile.png\" sizes=\"auto, \" srcset=\"\" alt=\"assign the path to the myfile\" width=\"516\" height=\"239\"><\/li><li> Sonunda dosyay\u0131 silmek i\u00e7in \u201cDeleteFile\u201d y\u00f6ntemini kullan\u0131n (buna bak\u0131n). <br><img loading=\"lazy\" decoding=\"async\" title=\"6-dosya silme y\u00f6ntemini kullan\u0131n\" src=\"https:\/\/exceladvisor.org\/wp-content\/uploads\/2023\/08\/6-utiliser-la-methode-de-suppression-de-fichier.png\" sizes=\"auto, \" srcset=\"\" alt=\"use the delete file method\" width=\"513\" height=\"315\"><\/li><\/ul><p> <strong>Tam kod<\/strong><\/p><pre class=\"wp-block-code\"> <code class=\"language-visual-basic\" lang=\"visual-basic\">Sub vba_delete_file() Dim FSO Dim myFile As String Set FSO = CreateObject(\"Scripting.FileSystemObject\") myFile = \"C:UsersDellDesktopSample Datafile1.xlsx\" FSO.DeleteFile myFile, True End Sub<\/code><\/pre><p> Diyelim ki bir dosyay\u0131 (var olup olmad\u0131\u011f\u0131n\u0131) kontrol edebilecek ve ard\u0131ndan silebilecek bir kod yazman\u0131z gerekiyor. \u0130\u015fte ihtiyac\u0131n\u0131z olan kod.<\/p><pre class=\"wp-block-code\"> <code class=\"language-visual-basic\" lang=\"visual-basic\">Sub vba_delete_file() Dim FSO Dim myFile As String Set FSO = CreateObject(\"Scripting.FileSystemObject\") myFile = \"C:UsersDellDesktopSample Datafile1.xlsx\" If FSO.FileExists(myFile) Then FSO.DeleteFile myFile, True MsgBox \"Deleted\" Else MsgBox \"There's no workbook with this name.\" End If End Sub<\/code><\/pre><div class=\"gb-container gb-container-4db6181c gb-container-mt\"> <a class=\"gb-button gb-button-c5897111 gb-button-text gb-button-mt-button\" href=\"https:\/\/exceladvisor.org\/tr\/vba\/\">VBA nedir<\/a><h2 class=\"gb-headline gb-headline-665e5f6b gb-headline-text gb-headline-mt-heading\"> \u0130lgili e\u011fitimler <\/h2><div class=\"gb-grid-wrapper gb-grid-wrapper-a20baf7c gb-grid-wrapper-mt-grid\"><div class=\"gb-grid-column gb-grid-column-65ddf67e\"><div class=\"gb-container gb-container-65ddf67e\"><ul><li> <a href=\"https:\/\/exceladvisor.org\/tr\/excel-dosyasini-kopyala\/\">VBA kullanarak bir Excel dosyas\u0131n\u0131 (\u00e7al\u0131\u015fma kitab\u0131n\u0131) kopyalama<\/a><\/li><li> <a href=\"https:\/\/exceladvisor.org\/tr\/calisma-kitabini-etkinlestir\/\">VBA \u00c7al\u0131\u015fma Kitab\u0131n\u0131 Etkinle\u015ftir (Excel Dosyas\u0131)<\/a><\/li><li> <a href=\"https:\/\/exceladvisor.org\/tr\/calisma-kitabini-kapat\/\">VBA \u00c7al\u0131\u015fma kitab\u0131n\u0131 kapat (Excel dosyas\u0131)<\/a><\/li><li> <a href=\"https:\/\/exceladvisor.org\/tr\/calisma-kitaplarini-birlestir\/\">VBA \u00c7al\u0131\u015fma Kitaplar\u0131n\u0131 Birle\u015ftir (Excel Dosyalar\u0131)<\/a><\/li><li> <a href=\"https:\/\/exceladvisor.org\/tr\/calisma-kitabi-olustur\/\">VBA Yeni bir \u00e7al\u0131\u015fma kitab\u0131 olu\u015fturun (Excel dosyas\u0131)<\/a><\/li><\/ul><\/div><\/div><\/div><\/div>","protected":false},"excerpt":{"rendered":"","protected":false},"author":1,"featured_media":0,"parent":0,"menu_order":0,"comment_status":"open","ping_status":"closed","template":"","meta":{"ub_ctt_via":"","footnotes":""},"class_list":["post-1543","page","type-page","status-publish","hentry"],"featured_image_src":null,"yoast_head":"<!-- This site is optimized with the Yoast SEO plugin v25.4 - https:\/\/yoast.com\/wordpress\/plugins\/seo\/ -->\n<title>Excel&#039;de VBA kullanarak bir dosyay\u0131 nas\u0131l silebilirim?<\/title>\n<meta name=\"description\" content=\"Bu e\u011fitimde VBA kodunu kullanarak bir \u00e7al\u0131\u015fma kitab\u0131n\u0131n nas\u0131l silinece\u011fi a\u00e7\u0131klanmaktad\u0131r. \u0130ki farkl\u0131 y\u00f6ntemi kapsar.\" \/>\n<meta name=\"robots\" content=\"index, follow, max-snippet:-1, max-image-preview:large, max-video-preview:-1\" \/>\n<link rel=\"canonical\" href=\"https:\/\/exceladvisor.org\/tr\/dosyayi-sil\/\" \/>\n<meta property=\"og:locale\" content=\"tr_TR\" \/>\n<meta property=\"og:type\" content=\"article\" \/>\n<meta property=\"og:title\" content=\"Excel&#039;de VBA kullanarak bir dosyay\u0131 nas\u0131l silebilirim?\" \/>\n<meta property=\"og:description\" content=\"Bu e\u011fitimde VBA kodunu kullanarak bir \u00e7al\u0131\u015fma kitab\u0131n\u0131n nas\u0131l silinece\u011fi a\u00e7\u0131klanmaktad\u0131r. \u0130ki farkl\u0131 y\u00f6ntemi kapsar.\" \/>\n<meta property=\"og:url\" content=\"https:\/\/exceladvisor.org\/tr\/dosyayi-sil\/\" \/>\n<meta property=\"og:site_name\" content=\"Excel Advisor\" \/>\n<meta property=\"article:modified_time\" content=\"2023-12-10T06:02:53+00:00\" \/>\n<meta property=\"og:image\" content=\"https:\/\/exceladvisor.org\/wp-content\/uploads\/2023\/08\/1-supprimer-un-fichier-en-utilisant-la-fonction-vba-kill.png\" \/>\n<meta name=\"twitter:card\" content=\"summary_large_image\" \/>\n<meta name=\"twitter:label1\" content=\"Tahmini okuma s\u00fcresi\" \/>\n\t<meta name=\"twitter:data1\" content=\"2 dakika\" \/>\n<script type=\"application\/ld+json\" class=\"yoast-schema-graph\">{\"@context\":\"https:\/\/schema.org\",\"@graph\":[{\"@type\":\"WebPage\",\"@id\":\"https:\/\/exceladvisor.org\/tr\/dosyayi-sil\/\",\"url\":\"https:\/\/exceladvisor.org\/tr\/dosyayi-sil\/\",\"name\":\"Excel&#39;de VBA kullanarak bir dosyay\u0131 nas\u0131l silebilirim?\",\"isPartOf\":{\"@id\":\"https:\/\/exceladvisor.org\/tr\/#website\"},\"primaryImageOfPage\":{\"@id\":\"https:\/\/exceladvisor.org\/tr\/dosyayi-sil\/#primaryimage\"},\"image\":{\"@id\":\"https:\/\/exceladvisor.org\/tr\/dosyayi-sil\/#primaryimage\"},\"thumbnailUrl\":\"https:\/\/exceladvisor.org\/wp-content\/uploads\/2023\/08\/1-supprimer-un-fichier-en-utilisant-la-fonction-vba-kill.png\",\"datePublished\":\"2023-11-17T11:10:09+00:00\",\"dateModified\":\"2023-12-10T06:02:53+00:00\",\"description\":\"Bu e\u011fitimde VBA kodunu kullanarak bir \u00e7al\u0131\u015fma kitab\u0131n\u0131n nas\u0131l silinece\u011fi a\u00e7\u0131klanmaktad\u0131r. \u0130ki farkl\u0131 y\u00f6ntemi kapsar.\",\"breadcrumb\":{\"@id\":\"https:\/\/exceladvisor.org\/tr\/dosyayi-sil\/#breadcrumb\"},\"inLanguage\":\"tr\",\"potentialAction\":[{\"@type\":\"ReadAction\",\"target\":[\"https:\/\/exceladvisor.org\/tr\/dosyayi-sil\/\"]}]},{\"@type\":\"ImageObject\",\"inLanguage\":\"tr\",\"@id\":\"https:\/\/exceladvisor.org\/tr\/dosyayi-sil\/#primaryimage\",\"url\":\"https:\/\/exceladvisor.org\/wp-content\/uploads\/2023\/08\/1-supprimer-un-fichier-en-utilisant-la-fonction-vba-kill.png\",\"contentUrl\":\"https:\/\/exceladvisor.org\/wp-content\/uploads\/2023\/08\/1-supprimer-un-fichier-en-utilisant-la-fonction-vba-kill.png\"},{\"@type\":\"BreadcrumbList\",\"@id\":\"https:\/\/exceladvisor.org\/tr\/dosyayi-sil\/#breadcrumb\",\"itemListElement\":[{\"@type\":\"ListItem\",\"position\":1,\"name\":\"Ev\",\"item\":\"https:\/\/exceladvisor.org\/tr\/\"},{\"@type\":\"ListItem\",\"position\":2,\"name\":\"Excel&#39;de vba kullanarak bir dosyay\u0131 nas\u0131l silebilirim?\"}]},{\"@type\":\"WebSite\",\"@id\":\"https:\/\/exceladvisor.org\/tr\/#website\",\"url\":\"https:\/\/exceladvisor.org\/tr\/\",\"name\":\"Excel Advisor\",\"description\":\"Veri hakimiyetine y\u00f6nelik nihai rehberiniz!\",\"publisher\":{\"@id\":\"https:\/\/exceladvisor.org\/tr\/#organization\"},\"potentialAction\":[{\"@type\":\"SearchAction\",\"target\":{\"@type\":\"EntryPoint\",\"urlTemplate\":\"https:\/\/exceladvisor.org\/tr\/?s={search_term_string}\"},\"query-input\":{\"@type\":\"PropertyValueSpecification\",\"valueRequired\":true,\"valueName\":\"search_term_string\"}}],\"inLanguage\":\"tr\"},{\"@type\":\"Organization\",\"@id\":\"https:\/\/exceladvisor.org\/tr\/#organization\",\"name\":\"Excel Advisor\",\"url\":\"https:\/\/exceladvisor.org\/tr\/\",\"logo\":{\"@type\":\"ImageObject\",\"inLanguage\":\"tr\",\"@id\":\"https:\/\/exceladvisor.org\/tr\/#\/schema\/logo\/image\/\",\"url\":\"https:\/\/exceladvisor.org\/tr\/wp-content\/uploads\/2023\/12\/exceladvisor.org_.png\",\"contentUrl\":\"https:\/\/exceladvisor.org\/tr\/wp-content\/uploads\/2023\/12\/exceladvisor.org_.png\",\"width\":105,\"height\":36,\"caption\":\"Excel Advisor\"},\"image\":{\"@id\":\"https:\/\/exceladvisor.org\/tr\/#\/schema\/logo\/image\/\"}}]}<\/script>\n<!-- \/ Yoast SEO plugin. -->","yoast_head_json":{"title":"Excel&#39;de VBA kullanarak bir dosyay\u0131 nas\u0131l silebilirim?","description":"Bu e\u011fitimde VBA kodunu kullanarak bir \u00e7al\u0131\u015fma kitab\u0131n\u0131n nas\u0131l silinece\u011fi a\u00e7\u0131klanmaktad\u0131r. \u0130ki farkl\u0131 y\u00f6ntemi kapsar.","robots":{"index":"index","follow":"follow","max-snippet":"max-snippet:-1","max-image-preview":"max-image-preview:large","max-video-preview":"max-video-preview:-1"},"canonical":"https:\/\/exceladvisor.org\/tr\/dosyayi-sil\/","og_locale":"tr_TR","og_type":"article","og_title":"Excel&#39;de VBA kullanarak bir dosyay\u0131 nas\u0131l silebilirim?","og_description":"Bu e\u011fitimde VBA kodunu kullanarak bir \u00e7al\u0131\u015fma kitab\u0131n\u0131n nas\u0131l silinece\u011fi a\u00e7\u0131klanmaktad\u0131r. \u0130ki farkl\u0131 y\u00f6ntemi kapsar.","og_url":"https:\/\/exceladvisor.org\/tr\/dosyayi-sil\/","og_site_name":"Excel Advisor","article_modified_time":"2023-12-10T06:02:53+00:00","og_image":[{"url":"https:\/\/exceladvisor.org\/wp-content\/uploads\/2023\/08\/1-supprimer-un-fichier-en-utilisant-la-fonction-vba-kill.png","type":"","width":"","height":""}],"twitter_card":"summary_large_image","twitter_misc":{"Tahmini okuma s\u00fcresi":"2 dakika"},"schema":{"@context":"https:\/\/schema.org","@graph":[{"@type":"WebPage","@id":"https:\/\/exceladvisor.org\/tr\/dosyayi-sil\/","url":"https:\/\/exceladvisor.org\/tr\/dosyayi-sil\/","name":"Excel&#39;de VBA kullanarak bir dosyay\u0131 nas\u0131l silebilirim?","isPartOf":{"@id":"https:\/\/exceladvisor.org\/tr\/#website"},"primaryImageOfPage":{"@id":"https:\/\/exceladvisor.org\/tr\/dosyayi-sil\/#primaryimage"},"image":{"@id":"https:\/\/exceladvisor.org\/tr\/dosyayi-sil\/#primaryimage"},"thumbnailUrl":"https:\/\/exceladvisor.org\/wp-content\/uploads\/2023\/08\/1-supprimer-un-fichier-en-utilisant-la-fonction-vba-kill.png","datePublished":"2023-11-17T11:10:09+00:00","dateModified":"2023-12-10T06:02:53+00:00","description":"Bu e\u011fitimde VBA kodunu kullanarak bir \u00e7al\u0131\u015fma kitab\u0131n\u0131n nas\u0131l silinece\u011fi a\u00e7\u0131klanmaktad\u0131r. \u0130ki farkl\u0131 y\u00f6ntemi kapsar.","breadcrumb":{"@id":"https:\/\/exceladvisor.org\/tr\/dosyayi-sil\/#breadcrumb"},"inLanguage":"tr","potentialAction":[{"@type":"ReadAction","target":["https:\/\/exceladvisor.org\/tr\/dosyayi-sil\/"]}]},{"@type":"ImageObject","inLanguage":"tr","@id":"https:\/\/exceladvisor.org\/tr\/dosyayi-sil\/#primaryimage","url":"https:\/\/exceladvisor.org\/wp-content\/uploads\/2023\/08\/1-supprimer-un-fichier-en-utilisant-la-fonction-vba-kill.png","contentUrl":"https:\/\/exceladvisor.org\/wp-content\/uploads\/2023\/08\/1-supprimer-un-fichier-en-utilisant-la-fonction-vba-kill.png"},{"@type":"BreadcrumbList","@id":"https:\/\/exceladvisor.org\/tr\/dosyayi-sil\/#breadcrumb","itemListElement":[{"@type":"ListItem","position":1,"name":"Ev","item":"https:\/\/exceladvisor.org\/tr\/"},{"@type":"ListItem","position":2,"name":"Excel&#39;de vba kullanarak bir dosyay\u0131 nas\u0131l silebilirim?"}]},{"@type":"WebSite","@id":"https:\/\/exceladvisor.org\/tr\/#website","url":"https:\/\/exceladvisor.org\/tr\/","name":"Excel Advisor","description":"Veri hakimiyetine y\u00f6nelik nihai rehberiniz!","publisher":{"@id":"https:\/\/exceladvisor.org\/tr\/#organization"},"potentialAction":[{"@type":"SearchAction","target":{"@type":"EntryPoint","urlTemplate":"https:\/\/exceladvisor.org\/tr\/?s={search_term_string}"},"query-input":{"@type":"PropertyValueSpecification","valueRequired":true,"valueName":"search_term_string"}}],"inLanguage":"tr"},{"@type":"Organization","@id":"https:\/\/exceladvisor.org\/tr\/#organization","name":"Excel Advisor","url":"https:\/\/exceladvisor.org\/tr\/","logo":{"@type":"ImageObject","inLanguage":"tr","@id":"https:\/\/exceladvisor.org\/tr\/#\/schema\/logo\/image\/","url":"https:\/\/exceladvisor.org\/tr\/wp-content\/uploads\/2023\/12\/exceladvisor.org_.png","contentUrl":"https:\/\/exceladvisor.org\/tr\/wp-content\/uploads\/2023\/12\/exceladvisor.org_.png","width":105,"height":36,"caption":"Excel Advisor"},"image":{"@id":"https:\/\/exceladvisor.org\/tr\/#\/schema\/logo\/image\/"}}]}},"yoast_meta":{"yoast_wpseo_title":"","yoast_wpseo_metadesc":"","yoast_wpseo_canonical":""},"_links":{"self":[{"href":"https:\/\/exceladvisor.org\/tr\/wp-json\/wp\/v2\/pages\/1543","targetHints":{"allow":["GET"]}}],"collection":[{"href":"https:\/\/exceladvisor.org\/tr\/wp-json\/wp\/v2\/pages"}],"about":[{"href":"https:\/\/exceladvisor.org\/tr\/wp-json\/wp\/v2\/types\/page"}],"author":[{"embeddable":true,"href":"https:\/\/exceladvisor.org\/tr\/wp-json\/wp\/v2\/users\/1"}],"replies":[{"embeddable":true,"href":"https:\/\/exceladvisor.org\/tr\/wp-json\/wp\/v2\/comments?post=1543"}],"version-history":[{"count":1,"href":"https:\/\/exceladvisor.org\/tr\/wp-json\/wp\/v2\/pages\/1543\/revisions"}],"predecessor-version":[{"id":2623,"href":"https:\/\/exceladvisor.org\/tr\/wp-json\/wp\/v2\/pages\/1543\/revisions\/2623"}],"wp:attachment":[{"href":"https:\/\/exceladvisor.org\/tr\/wp-json\/wp\/v2\/media?parent=1543"}],"curies":[{"name":"wp","href":"https:\/\/api.w.org\/{rel}","templated":true}]}}