{"id":1544,"date":"2023-11-17T10:49:24","date_gmt":"2023-11-17T10:49:24","guid":{"rendered":"https:\/\/exceladvisor.org\/tr\/calisma-kitaplarini-birlestir\/"},"modified":"2023-12-10T06:06:26","modified_gmt":"2023-12-10T06:06:26","slug":"calisma-kitaplarini-birlestir","status":"publish","type":"page","link":"https:\/\/exceladvisor.org\/tr\/calisma-kitaplarini-birlestir\/","title":{"rendered":"Vba kullanarak birden fazla excel \u00e7al\u0131\u015fma kitab\u0131 nas\u0131l birle\u015ftirilir?"},"content":{"rendered":"<div class=\"excel-icerikten-once\" id=\"excel-1144090557\"><script type=\"text\/javascript\">\r\n\tatOptions = {\r\n\t\t'key' : 'c1158f160081d6540a8409e6925dab94',\r\n\t\t'format' : 'iframe',\r\n\t\t'height' : 250,\r\n\t\t'width' : 300,\r\n\t\t'params' : {}\r\n\t};\r\n<\/script>\r\n<script type=\"text\/javascript\" src=\"\/\/www.highperformanceformat.com\/c1158f160081d6540a8409e6925dab94\/invoke.js\"><\/script><\/div> <p>Birden \u00e7ok Excel \u00e7al\u0131\u015fma kitab\u0131n\u0131 birle\u015ftirmek i\u00e7in, hangi dosyalar\u0131 birle\u015ftirmek istedi\u011finizi se\u00e7menize olanak tan\u0131yan bir kod kullanman\u0131z gerekir veya belirli bir yol konumuna ba\u015fvurabilir ve ge\u00e7erli \u00e7al\u0131\u015fma kitab\u0131ndaki t\u00fcm Excel dosyalar\u0131n\u0131 birle\u015ftirebilirsiniz.<\/p><h2 class=\"wp-block-heading\"> VBA birden fazla \u00e7al\u0131\u015fma kitab\u0131n\u0131 birle\u015ftirir<\/h2><p> Yol de\u011fi\u015fkeninde (sistem masa\u00fcst\u00fcmdeki bir klas\u00f6r) bahsetti\u011fim konumu kullanan a\u015fa\u011f\u0131daki kodu kullanabilirsiniz.<\/p><pre class=\"wp-block-code\"> <code class=\"language-visual-basic\" lang=\"visual-basic\">Dim Path As String Dim Filename As String Dim Sheet As Worksheet Path = \"C:UsersDellDesktopsample-data\" Filename = Dir(Path &amp; \"*.xlsx\") Do While Filename &lt;&gt; \"\" Workbooks.Open Filename:=Path &amp; Filename, ReadOnly:=True For Each Sheet In ActiveWorkbook.Sheets Sheet.Copy After:=ThisWorkbook.Sheets(1) Next Sheet Workbooks(Filename).Close Filename = Dir() Loop<\/code><\/pre><h2 class=\"wp-block-heading\"> VBA Kullanarak Excel Dosyalar\u0131n\u0131 Birle\u015ftirme Ad\u0131mlar\u0131<\/h2><ol><li> Visual Basic D\u00fczenleyicisini a\u00e7\u0131n (\u015eeritte zaten varsa Geli\u015ftirici sekmesini etkinle\u015ftirdi\u011finizden emin olun). <br><img loading=\"lazy\" decoding=\"async\" title=\"1-a\u00e7\u0131k-g\u00f6rsel-temel-d\u00fczenleyici\" src=\"https:\/\/exceladvisor.org\/wp-content\/uploads\/2023\/08\/1-ouvrir-lediteur-de-base-visuel.png\" sizes=\"auto, \" srcset=\"\" alt=\"open the visual basic editor\" width=\"591\" height=\"138\"><\/li><li> Bundan sonra, mevcut \u00e7al\u0131\u015fma kitab\u0131n\u0131 proje penceresinden (control + r) bulun ve i\u00e7ine yeni bir mod\u00fcl ekleyin. <br><img loading=\"lazy\" decoding=\"async\" title=\"2-ge\u00e7erli-\u00e7al\u0131\u015fma kitab\u0131n\u0131 bulun\" src=\"https:\/\/exceladvisor.org\/wp-content\/uploads\/2023\/08\/2-localiser-le-classeur-en-cours.png\" sizes=\"auto, \" srcset=\"\" alt=\"locate the current workbook\" width=\"454\" height=\"379\"><\/li><li> Mod\u00fclde, sahip oldu\u011funuz kodu (oldu\u011fu gibi) yap\u0131\u015ft\u0131rman\u0131z gereken bir kod penceresine sahip olacaks\u0131n\u0131z (\u00fczerine \u00e7ift t\u0131klay\u0131n). <br><img loading=\"lazy\" decoding=\"async\" title=\"Mod\u00fcldeki 3 kodlu pencere\" src=\"https:\/\/exceladvisor.org\/wp-content\/uploads\/2023\/08\/3-fenetre-de-code-dans-le-module.png\" sizes=\"auto, \" srcset=\"\" alt=\"code window in the module\" width=\"634\" height=\"227\"><\/li><li> Buradan, birle\u015ftirmek istedi\u011finiz t\u00fcm Excel dosyalar\u0131n\u0131n bulundu\u011fu klas\u00f6r konumuyla yol de\u011fi\u015fkeninin de\u011ferini de\u011fi\u015ftirmeniz gerekir. <br><img loading=\"lazy\" decoding=\"async\" title=\"Yol de\u011fi\u015fkeninin 4-de\u011fer de\u011fi\u015fimi\" src=\"https:\/\/exceladvisor.org\/wp-content\/uploads\/2023\/08\/4-modifier-la-valeur-de-la-variable-de-chemin.png\" sizes=\"auto, \" srcset=\"\" alt=\"change the value for the path variable\" width=\"479\" height=\"369\"><\/li><li> Sonunda kodu \u00e7al\u0131\u015ft\u0131r\u0131n ve \u00e7al\u0131\u015fma kitab\u0131ndaki t\u00fcm \u00e7al\u0131\u015fma sayfalar\u0131n\u0131 ge\u00e7erli dosyada al\u0131n.<\/li><\/ol><p class=\"content-box-grey\"> <em>Yararl\u0131 ba\u011flant\u0131lar: <a href=\"https:\/\/exceladvisor.org\/tr\/makro-2yi-calistir\/\">Makro \u00e7al\u0131\u015ft\u0131rma<\/a> \u2013 <a href=\"https:\/\/exceladvisor.org\/tr\/makro-kaydet\/\">Makro kaydedici<\/a> \u2013 <a href=\"https:\/\/exceladvisor.org\/tr\/temel-gorsel-duzenleyici\/\">Visual Basic D\u00fczenleyici<\/a> \u2013 <a href=\"https:\/\/exceladvisor.org\/tr\/kisisel-makro-not-defteri\/\">Ki\u015fisel Makrolar El Kitab\u0131<\/a><\/em><\/p><p> Bu kod her dosyay\u0131 tek tek a\u00e7ar ve her \u00e7al\u0131\u015fma sayfas\u0131n\u0131 tek tek kopyalay\u0131p ayn\u0131 isimdeki mevcut dosyaya yap\u0131\u015ft\u0131r\u0131r. \u0130\u015fte ayn\u0131 kod, ancak her \u015feyi arka u\u00e7ta \u00e7al\u0131\u015ft\u0131rmak i\u00e7in ekran ba\u015flang\u0131\u00e7ta false olarak g\u00fcncelleniyor.<\/p><pre class=\"wp-block-code\"> <code class=\"language-visual-basic\" lang=\"visual-basic\">Dim Path As String Dim Filename As String Dim Sheet As Worksheet Application.ScreenUpdating = False Path = \"C:UsersDellDesktopsample-data\" Filename = Dir(Path &amp; \"*.xlsx\") Do While Filename &lt;&gt; \"\" Workbooks.Open Filename:=Path &amp; Filename, ReadOnly:=True For Each Sheet In ActiveWorkbook.Sheets Sheet.Copy After:=ThisWorkbook.Sheets(1) Next Sheet Workbooks(Filename).Close Filename = Dir() Loop Application.ScreenUpdating = True End Sub<\/code><\/pre><p class=\"qt-tip\"> <strong>Not:<\/strong> Birden fazla \u00e7al\u0131\u015fma kitab\u0131ndaki verileri tek bir tabloda nas\u0131l birle\u015ftirece\u011finizi \u00f6\u011frenmek istiyorsan\u0131z bu k\u0131lavuza mutlaka g\u00f6z at\u0131n.<\/p><div class=\"gb-container gb-container-4db6181c gb-container-mt\"> <a class=\"gb-button gb-button-c5897111 gb-button-text gb-button-mt-button\" href=\"https:\/\/exceladvisor.org\/tr\/vba\/\">VBA nedir<\/a><h2 class=\"gb-headline gb-headline-665e5f6b gb-headline-text gb-headline-mt-heading\"> \u0130lgili e\u011fitimler <\/h2><div class=\"gb-grid-wrapper gb-grid-wrapper-a20baf7c gb-grid-wrapper-mt-grid\"><div class=\"gb-grid-column gb-grid-column-65ddf67e\"><div class=\"gb-container gb-container-65ddf67e\"><ul><li> <a href=\"https:\/\/exceladvisor.org\/tr\/excel-dosyasini-kopyala\/\">VBA kullanarak bir Excel dosyas\u0131n\u0131 (\u00e7al\u0131\u015fma kitab\u0131n\u0131) kopyalama<\/a><\/li><li> <a href=\"https:\/\/exceladvisor.org\/tr\/calisma-kitabini-etkinlestir\/\">VBA \u00c7al\u0131\u015fma Kitab\u0131n\u0131 Etkinle\u015ftir (Excel Dosyas\u0131)<\/a><\/li><li> <a href=\"https:\/\/exceladvisor.org\/tr\/calisma-kitabini-kapat\/\">VBA \u00c7al\u0131\u015fma kitab\u0131n\u0131 kapat (Excel dosyas\u0131)<\/a><\/li><li> <a href=\"https:\/\/exceladvisor.org\/tr\/calisma-kitabi-olustur\/\">VBA Yeni bir \u00e7al\u0131\u015fma kitab\u0131 olu\u015fturun (Excel dosyas\u0131)<\/a><\/li><li> <a href=\"https:\/\/exceladvisor.org\/tr\/dosyayi-sil\/\">VBA \u00c7al\u0131\u015fma Kitab\u0131n\u0131 Silme (Excel Dosyas\u0131)<\/a><\/li><\/ul><\/div><\/div><\/div><\/div>","protected":false},"excerpt":{"rendered":"","protected":false},"author":1,"featured_media":0,"parent":0,"menu_order":0,"comment_status":"open","ping_status":"closed","template":"","meta":{"ub_ctt_via":"","footnotes":""},"class_list":["post-1544","page","type-page","status-publish","hentry"],"featured_image_src":null,"yoast_head":"<!-- This site is optimized with the Yoast SEO plugin v25.4 - https:\/\/yoast.com\/wordpress\/plugins\/seo\/ -->\n<title>\u25b7 Birden fazla Excel \u00e7al\u0131\u015fma kitab\u0131 VBA arac\u0131l\u0131\u011f\u0131yla nas\u0131l birle\u015ftirilir?<\/title>\n<meta name=\"description\" content=\"Bu e\u011fitimde, birden fazla Excel dosyas\u0131n\u0131 tek bir dosyada birle\u015ftirmek i\u00e7in VBA&#039;n\u0131n nas\u0131l kullan\u0131laca\u011f\u0131 a\u00e7\u0131klanmaktad\u0131r.\" \/>\n<meta name=\"robots\" content=\"index, follow, max-snippet:-1, max-image-preview:large, max-video-preview:-1\" \/>\n<link rel=\"canonical\" href=\"https:\/\/exceladvisor.org\/tr\/calisma-kitaplarini-birlestir\/\" \/>\n<meta property=\"og:locale\" content=\"tr_TR\" \/>\n<meta property=\"og:type\" content=\"article\" \/>\n<meta property=\"og:title\" content=\"\u25b7 Birden fazla Excel \u00e7al\u0131\u015fma kitab\u0131 VBA arac\u0131l\u0131\u011f\u0131yla nas\u0131l birle\u015ftirilir?\" \/>\n<meta property=\"og:description\" content=\"Bu e\u011fitimde, birden fazla Excel dosyas\u0131n\u0131 tek bir dosyada birle\u015ftirmek i\u00e7in VBA&#039;n\u0131n nas\u0131l kullan\u0131laca\u011f\u0131 a\u00e7\u0131klanmaktad\u0131r.\" \/>\n<meta property=\"og:url\" content=\"https:\/\/exceladvisor.org\/tr\/calisma-kitaplarini-birlestir\/\" \/>\n<meta property=\"og:site_name\" content=\"Excel Advisor\" \/>\n<meta property=\"article:modified_time\" content=\"2023-12-10T06:06:26+00:00\" \/>\n<meta property=\"og:image\" content=\"https:\/\/exceladvisor.org\/wp-content\/uploads\/2023\/08\/1-ouvrir-lediteur-de-base-visuel.png\" \/>\n<meta name=\"twitter:card\" content=\"summary_large_image\" \/>\n<meta name=\"twitter:label1\" content=\"Tahmini okuma s\u00fcresi\" \/>\n\t<meta name=\"twitter:data1\" content=\"2 dakika\" \/>\n<script type=\"application\/ld+json\" class=\"yoast-schema-graph\">{\"@context\":\"https:\/\/schema.org\",\"@graph\":[{\"@type\":\"WebPage\",\"@id\":\"https:\/\/exceladvisor.org\/tr\/calisma-kitaplarini-birlestir\/\",\"url\":\"https:\/\/exceladvisor.org\/tr\/calisma-kitaplarini-birlestir\/\",\"name\":\"\u25b7 Birden fazla Excel \u00e7al\u0131\u015fma kitab\u0131 VBA arac\u0131l\u0131\u011f\u0131yla nas\u0131l birle\u015ftirilir?\",\"isPartOf\":{\"@id\":\"https:\/\/exceladvisor.org\/tr\/#website\"},\"primaryImageOfPage\":{\"@id\":\"https:\/\/exceladvisor.org\/tr\/calisma-kitaplarini-birlestir\/#primaryimage\"},\"image\":{\"@id\":\"https:\/\/exceladvisor.org\/tr\/calisma-kitaplarini-birlestir\/#primaryimage\"},\"thumbnailUrl\":\"https:\/\/exceladvisor.org\/wp-content\/uploads\/2023\/08\/1-ouvrir-lediteur-de-base-visuel.png\",\"datePublished\":\"2023-11-17T10:49:24+00:00\",\"dateModified\":\"2023-12-10T06:06:26+00:00\",\"description\":\"Bu e\u011fitimde, birden fazla Excel dosyas\u0131n\u0131 tek bir dosyada birle\u015ftirmek i\u00e7in VBA&#39;n\u0131n nas\u0131l kullan\u0131laca\u011f\u0131 a\u00e7\u0131klanmaktad\u0131r.\",\"breadcrumb\":{\"@id\":\"https:\/\/exceladvisor.org\/tr\/calisma-kitaplarini-birlestir\/#breadcrumb\"},\"inLanguage\":\"tr\",\"potentialAction\":[{\"@type\":\"ReadAction\",\"target\":[\"https:\/\/exceladvisor.org\/tr\/calisma-kitaplarini-birlestir\/\"]}]},{\"@type\":\"ImageObject\",\"inLanguage\":\"tr\",\"@id\":\"https:\/\/exceladvisor.org\/tr\/calisma-kitaplarini-birlestir\/#primaryimage\",\"url\":\"https:\/\/exceladvisor.org\/wp-content\/uploads\/2023\/08\/1-ouvrir-lediteur-de-base-visuel.png\",\"contentUrl\":\"https:\/\/exceladvisor.org\/wp-content\/uploads\/2023\/08\/1-ouvrir-lediteur-de-base-visuel.png\"},{\"@type\":\"BreadcrumbList\",\"@id\":\"https:\/\/exceladvisor.org\/tr\/calisma-kitaplarini-birlestir\/#breadcrumb\",\"itemListElement\":[{\"@type\":\"ListItem\",\"position\":1,\"name\":\"Ev\",\"item\":\"https:\/\/exceladvisor.org\/tr\/\"},{\"@type\":\"ListItem\",\"position\":2,\"name\":\"Vba kullanarak birden fazla excel \u00e7al\u0131\u015fma kitab\u0131 nas\u0131l birle\u015ftirilir?\"}]},{\"@type\":\"WebSite\",\"@id\":\"https:\/\/exceladvisor.org\/tr\/#website\",\"url\":\"https:\/\/exceladvisor.org\/tr\/\",\"name\":\"Excel Advisor\",\"description\":\"Veri hakimiyetine y\u00f6nelik nihai rehberiniz!\",\"publisher\":{\"@id\":\"https:\/\/exceladvisor.org\/tr\/#organization\"},\"potentialAction\":[{\"@type\":\"SearchAction\",\"target\":{\"@type\":\"EntryPoint\",\"urlTemplate\":\"https:\/\/exceladvisor.org\/tr\/?s={search_term_string}\"},\"query-input\":{\"@type\":\"PropertyValueSpecification\",\"valueRequired\":true,\"valueName\":\"search_term_string\"}}],\"inLanguage\":\"tr\"},{\"@type\":\"Organization\",\"@id\":\"https:\/\/exceladvisor.org\/tr\/#organization\",\"name\":\"Excel Advisor\",\"url\":\"https:\/\/exceladvisor.org\/tr\/\",\"logo\":{\"@type\":\"ImageObject\",\"inLanguage\":\"tr\",\"@id\":\"https:\/\/exceladvisor.org\/tr\/#\/schema\/logo\/image\/\",\"url\":\"https:\/\/exceladvisor.org\/tr\/wp-content\/uploads\/2023\/12\/exceladvisor.org_.png\",\"contentUrl\":\"https:\/\/exceladvisor.org\/tr\/wp-content\/uploads\/2023\/12\/exceladvisor.org_.png\",\"width\":105,\"height\":36,\"caption\":\"Excel Advisor\"},\"image\":{\"@id\":\"https:\/\/exceladvisor.org\/tr\/#\/schema\/logo\/image\/\"}}]}<\/script>\n<!-- \/ Yoast SEO plugin. -->","yoast_head_json":{"title":"\u25b7 Birden fazla Excel \u00e7al\u0131\u015fma kitab\u0131 VBA arac\u0131l\u0131\u011f\u0131yla nas\u0131l birle\u015ftirilir?","description":"Bu e\u011fitimde, birden fazla Excel dosyas\u0131n\u0131 tek bir dosyada birle\u015ftirmek i\u00e7in VBA&#39;n\u0131n nas\u0131l kullan\u0131laca\u011f\u0131 a\u00e7\u0131klanmaktad\u0131r.","robots":{"index":"index","follow":"follow","max-snippet":"max-snippet:-1","max-image-preview":"max-image-preview:large","max-video-preview":"max-video-preview:-1"},"canonical":"https:\/\/exceladvisor.org\/tr\/calisma-kitaplarini-birlestir\/","og_locale":"tr_TR","og_type":"article","og_title":"\u25b7 Birden fazla Excel \u00e7al\u0131\u015fma kitab\u0131 VBA arac\u0131l\u0131\u011f\u0131yla nas\u0131l birle\u015ftirilir?","og_description":"Bu e\u011fitimde, birden fazla Excel dosyas\u0131n\u0131 tek bir dosyada birle\u015ftirmek i\u00e7in VBA&#39;n\u0131n nas\u0131l kullan\u0131laca\u011f\u0131 a\u00e7\u0131klanmaktad\u0131r.","og_url":"https:\/\/exceladvisor.org\/tr\/calisma-kitaplarini-birlestir\/","og_site_name":"Excel Advisor","article_modified_time":"2023-12-10T06:06:26+00:00","og_image":[{"url":"https:\/\/exceladvisor.org\/wp-content\/uploads\/2023\/08\/1-ouvrir-lediteur-de-base-visuel.png","type":"","width":"","height":""}],"twitter_card":"summary_large_image","twitter_misc":{"Tahmini okuma s\u00fcresi":"2 dakika"},"schema":{"@context":"https:\/\/schema.org","@graph":[{"@type":"WebPage","@id":"https:\/\/exceladvisor.org\/tr\/calisma-kitaplarini-birlestir\/","url":"https:\/\/exceladvisor.org\/tr\/calisma-kitaplarini-birlestir\/","name":"\u25b7 Birden fazla Excel \u00e7al\u0131\u015fma kitab\u0131 VBA arac\u0131l\u0131\u011f\u0131yla nas\u0131l birle\u015ftirilir?","isPartOf":{"@id":"https:\/\/exceladvisor.org\/tr\/#website"},"primaryImageOfPage":{"@id":"https:\/\/exceladvisor.org\/tr\/calisma-kitaplarini-birlestir\/#primaryimage"},"image":{"@id":"https:\/\/exceladvisor.org\/tr\/calisma-kitaplarini-birlestir\/#primaryimage"},"thumbnailUrl":"https:\/\/exceladvisor.org\/wp-content\/uploads\/2023\/08\/1-ouvrir-lediteur-de-base-visuel.png","datePublished":"2023-11-17T10:49:24+00:00","dateModified":"2023-12-10T06:06:26+00:00","description":"Bu e\u011fitimde, birden fazla Excel dosyas\u0131n\u0131 tek bir dosyada birle\u015ftirmek i\u00e7in VBA&#39;n\u0131n nas\u0131l kullan\u0131laca\u011f\u0131 a\u00e7\u0131klanmaktad\u0131r.","breadcrumb":{"@id":"https:\/\/exceladvisor.org\/tr\/calisma-kitaplarini-birlestir\/#breadcrumb"},"inLanguage":"tr","potentialAction":[{"@type":"ReadAction","target":["https:\/\/exceladvisor.org\/tr\/calisma-kitaplarini-birlestir\/"]}]},{"@type":"ImageObject","inLanguage":"tr","@id":"https:\/\/exceladvisor.org\/tr\/calisma-kitaplarini-birlestir\/#primaryimage","url":"https:\/\/exceladvisor.org\/wp-content\/uploads\/2023\/08\/1-ouvrir-lediteur-de-base-visuel.png","contentUrl":"https:\/\/exceladvisor.org\/wp-content\/uploads\/2023\/08\/1-ouvrir-lediteur-de-base-visuel.png"},{"@type":"BreadcrumbList","@id":"https:\/\/exceladvisor.org\/tr\/calisma-kitaplarini-birlestir\/#breadcrumb","itemListElement":[{"@type":"ListItem","position":1,"name":"Ev","item":"https:\/\/exceladvisor.org\/tr\/"},{"@type":"ListItem","position":2,"name":"Vba kullanarak birden fazla excel \u00e7al\u0131\u015fma kitab\u0131 nas\u0131l birle\u015ftirilir?"}]},{"@type":"WebSite","@id":"https:\/\/exceladvisor.org\/tr\/#website","url":"https:\/\/exceladvisor.org\/tr\/","name":"Excel Advisor","description":"Veri hakimiyetine y\u00f6nelik nihai rehberiniz!","publisher":{"@id":"https:\/\/exceladvisor.org\/tr\/#organization"},"potentialAction":[{"@type":"SearchAction","target":{"@type":"EntryPoint","urlTemplate":"https:\/\/exceladvisor.org\/tr\/?s={search_term_string}"},"query-input":{"@type":"PropertyValueSpecification","valueRequired":true,"valueName":"search_term_string"}}],"inLanguage":"tr"},{"@type":"Organization","@id":"https:\/\/exceladvisor.org\/tr\/#organization","name":"Excel Advisor","url":"https:\/\/exceladvisor.org\/tr\/","logo":{"@type":"ImageObject","inLanguage":"tr","@id":"https:\/\/exceladvisor.org\/tr\/#\/schema\/logo\/image\/","url":"https:\/\/exceladvisor.org\/tr\/wp-content\/uploads\/2023\/12\/exceladvisor.org_.png","contentUrl":"https:\/\/exceladvisor.org\/tr\/wp-content\/uploads\/2023\/12\/exceladvisor.org_.png","width":105,"height":36,"caption":"Excel Advisor"},"image":{"@id":"https:\/\/exceladvisor.org\/tr\/#\/schema\/logo\/image\/"}}]}},"yoast_meta":{"yoast_wpseo_title":"","yoast_wpseo_metadesc":"","yoast_wpseo_canonical":""},"_links":{"self":[{"href":"https:\/\/exceladvisor.org\/tr\/wp-json\/wp\/v2\/pages\/1544","targetHints":{"allow":["GET"]}}],"collection":[{"href":"https:\/\/exceladvisor.org\/tr\/wp-json\/wp\/v2\/pages"}],"about":[{"href":"https:\/\/exceladvisor.org\/tr\/wp-json\/wp\/v2\/types\/page"}],"author":[{"embeddable":true,"href":"https:\/\/exceladvisor.org\/tr\/wp-json\/wp\/v2\/users\/1"}],"replies":[{"embeddable":true,"href":"https:\/\/exceladvisor.org\/tr\/wp-json\/wp\/v2\/comments?post=1544"}],"version-history":[{"count":1,"href":"https:\/\/exceladvisor.org\/tr\/wp-json\/wp\/v2\/pages\/1544\/revisions"}],"predecessor-version":[{"id":2870,"href":"https:\/\/exceladvisor.org\/tr\/wp-json\/wp\/v2\/pages\/1544\/revisions\/2870"}],"wp:attachment":[{"href":"https:\/\/exceladvisor.org\/tr\/wp-json\/wp\/v2\/media?parent=1544"}],"curies":[{"name":"wp","href":"https:\/\/api.w.org\/{rel}","templated":true}]}}