{"id":1547,"date":"2023-11-17T09:53:59","date_gmt":"2023-11-17T09:53:59","guid":{"rendered":"https:\/\/exceladvisor.org\/tr\/calisma-kitabini-gosteri-gizle\/"},"modified":"2023-12-10T06:00:25","modified_gmt":"2023-12-10T06:00:25","slug":"calisma-kitabini-gosteri-gizle","status":"publish","type":"page","link":"https:\/\/exceladvisor.org\/tr\/calisma-kitabini-gosteri-gizle\/","title":{"rendered":"Excel&#39;de bir \u00e7al\u0131\u015fma kitab\u0131 nas\u0131l gizlenir ve g\u00f6sterilir?"},"content":{"rendered":"<div class=\"excel-icerikten-once\" id=\"excel-1421606705\"><script type=\"text\/javascript\">\r\n\tatOptions = {\r\n\t\t'key' : 'c1158f160081d6540a8409e6925dab94',\r\n\t\t'format' : 'iframe',\r\n\t\t'height' : 250,\r\n\t\t'width' : 300,\r\n\t\t'params' : {}\r\n\t};\r\n<\/script>\r\n<script type=\"text\/javascript\" src=\"\/\/www.highperformanceformat.com\/c1158f160081d6540a8409e6925dab94\/invoke.js\"><\/script><\/div> <p>Birden fazla Excel \u00e7al\u0131\u015fma kitab\u0131yla (dosyas\u0131yla) \u00e7al\u0131\u015f\u0131rken, bunlar\u0131 kapatmak yerine gizleyebilir ve ihtiya\u00e7 duydu\u011funuzda g\u00f6sterebilirsiniz.<\/p><p> Excel&#8217;de, bir \u00e7al\u0131\u015fma kitab\u0131n\u0131 yaln\u0131zca bir d\u00fc\u011fmeye t\u0131klayarak gizleme ve g\u00f6sterme olana\u011f\u0131na sahipsiniz ve dedi\u011fim gibi, bir \u00e7al\u0131\u015fma kitab\u0131n\u0131 gizlemek, onu kapataca\u011f\u0131n\u0131z anlam\u0131na gelmez.<\/p><p> Bu derste \u00e7al\u0131\u015fma kitab\u0131n\u0131 gizleme ve g\u00f6sterme se\u00e7ene\u011fini kullanaca\u011f\u0131z. <\/p><div class=\"wp-block-image\"><figure class=\"aligncenter size-full is-resized\"><img loading=\"lazy\" decoding=\"async\" class=\"wp-image-72395\" src=\"https:\/\/exceladvisor.org\/wp-content\/uploads\/2023\/08\/1-masquer-un-classeur.png\" sizes=\"auto, \" srcset=\"\" alt=\"bir klas\u00f6r\u00fc gizleme\" width=\"809\" height=\"162\"><\/figure><\/div><h2 class=\"wp-block-heading\"> \u00c7al\u0131\u015fma kitab\u0131n\u0131 gizleme (Excel dosyas\u0131)<\/h2><p> \u015eu anda Excel&#8217;imde a\u00e7\u0131k d\u00f6rt \u00e7al\u0131\u015fma kitab\u0131m var ve bu d\u00f6rt \u00e7al\u0131\u015fma kitab\u0131ndan ikisini gizlemek istiyorum. \u00c7al\u0131\u015ft\u0131rmak i\u00e7in a\u015fa\u011f\u0131daki ad\u0131mlar\u0131 kullanabilirsiniz.<\/p><ol type=\"1\"><li> \u00d6ncelikle gizlemek istedi\u011finiz \u00e7al\u0131\u015fma kitab\u0131na gitmeniz gerekir.<\/li><li> Bundan sonra \u015fu adrese gidin:<mark class=\"has-inline-color\" style=\"background-color: #49d295;\"> Ekran sekmesi<\/mark> .<\/li><li> G\u00f6r\u00fcn\u00fcm sekmesinde, &#8220;Pencere&#8221; grubunuz var;<mark class=\"has-inline-color\" style=\"background-color: #49d295;\"> Saklamak<\/mark> d\u00fc\u011fme.<\/li><li> Sonunda, o anda etkin olan \u00e7al\u0131\u015fma kitab\u0131n\u0131 gizlemek i\u00e7in Gizle d\u00fc\u011fmesini t\u0131klay\u0131n. <\/li><\/ol><div class=\"wp-block-image\"><figure class=\"aligncenter size-full is-resized\"><img loading=\"lazy\" decoding=\"async\" class=\"wp-image-72396\" src=\"https:\/\/exceladvisor.org\/wp-content\/uploads\/2023\/08\/2-onglet-de-vue-bouton-cache.png\" sizes=\"auto, \" srcset=\"\" alt=\"sekmeyi g\u00f6ster-gizli d\u00fc\u011fme\" width=\"762\" height=\"329\"><\/figure><\/div><p> Ve \u201cGizle\u201d butonuna bast\u0131\u011f\u0131n\u0131z anda dosya kapal\u0131 gibi g\u00f6r\u00fcn\u00fcyor ama art\u0131k gizlenmi\u015f durumda.<\/p><h2 class=\"wp-block-heading\"> \u00c7al\u0131\u015fma kitab\u0131n\u0131 g\u00f6r\u00fcnt\u00fcleme (Excel dosyas\u0131)<\/h2><p> Bir \u00e7al\u0131\u015fma kitab\u0131n\u0131 gizledi\u011finizde, <strong><mark class=\"has-inline-color\" style=\"background-color: #49d295;\">Gizle d\u00fc\u011fmesinin hemen alt\u0131ndaki G\u00f6ster d\u00fc\u011fmesini kullanarak onu gizleyebilirsiniz<\/mark><\/strong> . <\/p><div class=\"wp-block-image\"><figure class=\"aligncenter size-full is-resized\"><img loading=\"lazy\" decoding=\"async\" class=\"wp-image-72397\" src=\"https:\/\/exceladvisor.org\/wp-content\/uploads\/2023\/08\/3-afficher-la-boite-de-dialogue.png\" sizes=\"auto, \" srcset=\"\" alt=\"diyalo\u011fu g\u00f6ster\" width=\"739\" height=\"287\"><\/figure><\/div><ol type=\"1\"><li> \u0130lk \u00f6nce G\u00f6r\u00fcn\u00fcm sekmesine gidin.<\/li><li> Bundan sonra, Pencere grubunda &#8220;g\u00f6ster&#8221; ad\u0131nda bir d\u00fc\u011fme bulunur (bir veya daha fazla gizli \u00e7al\u0131\u015fma kitab\u0131n\u0131z oldu\u011funda bu d\u00fc\u011fme etkinle\u015ftirilir).<\/li><li> \u015eimdi, \u00e7al\u0131\u015fma kitab\u0131n\u0131 g\u00f6r\u00fcnt\u00fclemek \u00fczere ileti\u015fim kutusunu g\u00f6r\u00fcnt\u00fclemek i\u00e7in G\u00f6r\u00fcnt\u00fcle d\u00fc\u011fmesini t\u0131klay\u0131n.<\/li><li> Sonunda ileti\u015fim kutusunda g\u00f6r\u00fcnt\u00fclemek istedi\u011finiz \u00e7al\u0131\u015fma kitab\u0131n\u0131 se\u00e7in ve Tamam&#8217;a t\u0131klay\u0131n.<\/li><\/ol><h2 class=\"wp-block-heading\"> \u00c7al\u0131\u015fma kitab\u0131n\u0131 gizlemek ve g\u00f6stermek i\u00e7in klavye k\u0131sayollar\u0131<\/h2><p> Bir \u00e7al\u0131\u015fma kitab\u0131n\u0131 gizlemek ve g\u00f6stermek i\u00e7in <a href=\"https:\/\/exceladvisor.org\/tr\/klavye-kisayollari\/\">klavye k\u0131sayollar\u0131n\u0131<\/a> da kullanabilirsiniz:<\/p><ul><li> Alt \u21e2 W \u21e2 H: \u00e7al\u0131\u015fma kitab\u0131n\u0131 g\u00f6r\u00fcnt\u00fclemek i\u00e7in.<\/li><li> Alt \u21e2 W \u21e2 U: Bir \u00e7al\u0131\u015fma kitab\u0131n\u0131 buradan g\u00f6r\u00fcnt\u00fclemek \u00fczere G\u00f6r\u00fcn\u00fcm ileti\u015fim kutusunu a\u00e7mak i\u00e7in.<\/li><\/ul><div class=\"gb-container gb-container-4db6181c gb-container-mt\"> <a class=\"gb-button gb-button-c5897111 gb-button-text gb-button-mt-button\" href=\"https:\/\/exceladvisor.org\/tr\/excelin-temelleri\/\">Microsoft Excel Temelleri (Bile\u015fenler, Par\u00e7alar ve Bilgi Notlar\u0131)<\/a><h2 class=\"gb-headline gb-headline-665e5f6b gb-headline-text gb-headline-mt-heading\"> \u0130lgili e\u011fitimler <\/h2><div class=\"gb-grid-wrapper gb-grid-wrapper-a20baf7c gb-grid-wrapper-mt-grid\"><div class=\"gb-grid-column gb-grid-column-65ddf67e\"><div class=\"gb-container gb-container-65ddf67e\"><ul><li> <a href=\"https:\/\/exceladvisor.org\/tr\/bozuk-excel-dosyasini-onar\/\">Bozuk Excel Dosyas\u0131n\u0131 Onar<\/a><\/li><li> <a href=\"https:\/\/exceladvisor.org\/tr\/kaydedilmemis-dosyalari-kurtar\/\">Excel \u00e7\u00f6kt\u00fc\u011f\u00fcnde kaydedilmemi\u015f Excel dosyalar\u0131n\u0131 kurtar\u0131n<\/a><\/li><li> Excel dosyas\u0131n\u0131 (\u00e7al\u0131\u015fma kitab\u0131n\u0131) CSV format\u0131nda (XLSX TO CSV) kaydedin<\/li><li> <a href=\"https:\/\/exceladvisor.org\/tr\/calisma-kitabini-kopyala\/\">Excel \u00e7al\u0131\u015fma kitab\u0131n\u0131n (dosya) bir kopyas\u0131n\u0131 olu\u015fturun<\/a><\/li><li> <a href=\"https:\/\/exceladvisor.org\/tr\/metin-dosyasini-ac\/\">Excel&#8217;de bir metin dosyas\u0131 nas\u0131l a\u00e7\u0131l\u0131r (.TXT)<\/a> <\/li><\/ul><\/div><\/div><div class=\"gb-grid-column gb-grid-column-50067b57\"><div class=\"gb-container gb-container-50067b57\"><\/div><\/div><\/div><\/div>","protected":false},"excerpt":{"rendered":"","protected":false},"author":1,"featured_media":0,"parent":0,"menu_order":0,"comment_status":"open","ping_status":"closed","template":"","meta":{"ub_ctt_via":"","footnotes":""},"class_list":["post-1547","page","type-page","status-publish","hentry"],"featured_image_src":null,"yoast_head":"<!-- This site is optimized with the Yoast SEO plugin v25.4 - https:\/\/yoast.com\/wordpress\/plugins\/seo\/ -->\n<title>\u25b7 Excel&#039;de bir \u00e7al\u0131\u015fma kitab\u0131 nas\u0131l gizlenir ve g\u00f6sterilir?<\/title>\n<meta name=\"description\" content=\"Bu derste, G\u00f6r\u00fcn\u00fcm sekmesindeki d\u00fc\u011fmeyi + a&#039;y\u0131 kullanarak bir \u00e7al\u0131\u015fma kitab\u0131n\u0131 nas\u0131l gizleyece\u011fimizi ve g\u00f6sterece\u011fimizi \u00f6\u011frenece\u011fiz.\" \/>\n<meta name=\"robots\" content=\"index, follow, max-snippet:-1, max-image-preview:large, max-video-preview:-1\" \/>\n<link rel=\"canonical\" href=\"https:\/\/exceladvisor.org\/tr\/calisma-kitabini-gosteri-gizle\/\" \/>\n<meta property=\"og:locale\" content=\"tr_TR\" \/>\n<meta property=\"og:type\" content=\"article\" \/>\n<meta property=\"og:title\" content=\"\u25b7 Excel&#039;de bir \u00e7al\u0131\u015fma kitab\u0131 nas\u0131l gizlenir ve g\u00f6sterilir?\" \/>\n<meta property=\"og:description\" content=\"Bu derste, G\u00f6r\u00fcn\u00fcm sekmesindeki d\u00fc\u011fmeyi + a&#039;y\u0131 kullanarak bir \u00e7al\u0131\u015fma kitab\u0131n\u0131 nas\u0131l gizleyece\u011fimizi ve g\u00f6sterece\u011fimizi \u00f6\u011frenece\u011fiz.\" \/>\n<meta property=\"og:url\" content=\"https:\/\/exceladvisor.org\/tr\/calisma-kitabini-gosteri-gizle\/\" \/>\n<meta property=\"og:site_name\" content=\"Excel Advisor\" \/>\n<meta property=\"article:modified_time\" content=\"2023-12-10T06:00:25+00:00\" \/>\n<meta property=\"og:image\" content=\"https:\/\/exceladvisor.org\/wp-content\/uploads\/2023\/08\/1-masquer-un-classeur.png\" \/>\n<meta name=\"twitter:card\" content=\"summary_large_image\" \/>\n<meta name=\"twitter:label1\" content=\"Tahmini okuma s\u00fcresi\" \/>\n\t<meta name=\"twitter:data1\" content=\"2 dakika\" \/>\n<script type=\"application\/ld+json\" class=\"yoast-schema-graph\">{\"@context\":\"https:\/\/schema.org\",\"@graph\":[{\"@type\":\"WebPage\",\"@id\":\"https:\/\/exceladvisor.org\/tr\/calisma-kitabini-gosteri-gizle\/\",\"url\":\"https:\/\/exceladvisor.org\/tr\/calisma-kitabini-gosteri-gizle\/\",\"name\":\"\u25b7 Excel&#39;de bir \u00e7al\u0131\u015fma kitab\u0131 nas\u0131l gizlenir ve g\u00f6sterilir?\",\"isPartOf\":{\"@id\":\"https:\/\/exceladvisor.org\/tr\/#website\"},\"primaryImageOfPage\":{\"@id\":\"https:\/\/exceladvisor.org\/tr\/calisma-kitabini-gosteri-gizle\/#primaryimage\"},\"image\":{\"@id\":\"https:\/\/exceladvisor.org\/tr\/calisma-kitabini-gosteri-gizle\/#primaryimage\"},\"thumbnailUrl\":\"https:\/\/exceladvisor.org\/wp-content\/uploads\/2023\/08\/1-masquer-un-classeur.png\",\"datePublished\":\"2023-11-17T09:53:59+00:00\",\"dateModified\":\"2023-12-10T06:00:25+00:00\",\"description\":\"Bu derste, G\u00f6r\u00fcn\u00fcm sekmesindeki d\u00fc\u011fmeyi + a&#39;y\u0131 kullanarak bir \u00e7al\u0131\u015fma kitab\u0131n\u0131 nas\u0131l gizleyece\u011fimizi ve g\u00f6sterece\u011fimizi \u00f6\u011frenece\u011fiz.\",\"breadcrumb\":{\"@id\":\"https:\/\/exceladvisor.org\/tr\/calisma-kitabini-gosteri-gizle\/#breadcrumb\"},\"inLanguage\":\"tr\",\"potentialAction\":[{\"@type\":\"ReadAction\",\"target\":[\"https:\/\/exceladvisor.org\/tr\/calisma-kitabini-gosteri-gizle\/\"]}]},{\"@type\":\"ImageObject\",\"inLanguage\":\"tr\",\"@id\":\"https:\/\/exceladvisor.org\/tr\/calisma-kitabini-gosteri-gizle\/#primaryimage\",\"url\":\"https:\/\/exceladvisor.org\/wp-content\/uploads\/2023\/08\/1-masquer-un-classeur.png\",\"contentUrl\":\"https:\/\/exceladvisor.org\/wp-content\/uploads\/2023\/08\/1-masquer-un-classeur.png\"},{\"@type\":\"BreadcrumbList\",\"@id\":\"https:\/\/exceladvisor.org\/tr\/calisma-kitabini-gosteri-gizle\/#breadcrumb\",\"itemListElement\":[{\"@type\":\"ListItem\",\"position\":1,\"name\":\"Ev\",\"item\":\"https:\/\/exceladvisor.org\/tr\/\"},{\"@type\":\"ListItem\",\"position\":2,\"name\":\"Excel&#39;de bir \u00e7al\u0131\u015fma kitab\u0131 nas\u0131l gizlenir ve g\u00f6sterilir?\"}]},{\"@type\":\"WebSite\",\"@id\":\"https:\/\/exceladvisor.org\/tr\/#website\",\"url\":\"https:\/\/exceladvisor.org\/tr\/\",\"name\":\"Excel Advisor\",\"description\":\"Veri hakimiyetine y\u00f6nelik nihai rehberiniz!\",\"publisher\":{\"@id\":\"https:\/\/exceladvisor.org\/tr\/#organization\"},\"potentialAction\":[{\"@type\":\"SearchAction\",\"target\":{\"@type\":\"EntryPoint\",\"urlTemplate\":\"https:\/\/exceladvisor.org\/tr\/?s={search_term_string}\"},\"query-input\":{\"@type\":\"PropertyValueSpecification\",\"valueRequired\":true,\"valueName\":\"search_term_string\"}}],\"inLanguage\":\"tr\"},{\"@type\":\"Organization\",\"@id\":\"https:\/\/exceladvisor.org\/tr\/#organization\",\"name\":\"Excel Advisor\",\"url\":\"https:\/\/exceladvisor.org\/tr\/\",\"logo\":{\"@type\":\"ImageObject\",\"inLanguage\":\"tr\",\"@id\":\"https:\/\/exceladvisor.org\/tr\/#\/schema\/logo\/image\/\",\"url\":\"https:\/\/exceladvisor.org\/tr\/wp-content\/uploads\/2023\/12\/exceladvisor.org_.png\",\"contentUrl\":\"https:\/\/exceladvisor.org\/tr\/wp-content\/uploads\/2023\/12\/exceladvisor.org_.png\",\"width\":105,\"height\":36,\"caption\":\"Excel Advisor\"},\"image\":{\"@id\":\"https:\/\/exceladvisor.org\/tr\/#\/schema\/logo\/image\/\"}}]}<\/script>\n<!-- \/ Yoast SEO plugin. -->","yoast_head_json":{"title":"\u25b7 Excel&#39;de bir \u00e7al\u0131\u015fma kitab\u0131 nas\u0131l gizlenir ve g\u00f6sterilir?","description":"Bu derste, G\u00f6r\u00fcn\u00fcm sekmesindeki d\u00fc\u011fmeyi + a&#39;y\u0131 kullanarak bir \u00e7al\u0131\u015fma kitab\u0131n\u0131 nas\u0131l gizleyece\u011fimizi ve g\u00f6sterece\u011fimizi \u00f6\u011frenece\u011fiz.","robots":{"index":"index","follow":"follow","max-snippet":"max-snippet:-1","max-image-preview":"max-image-preview:large","max-video-preview":"max-video-preview:-1"},"canonical":"https:\/\/exceladvisor.org\/tr\/calisma-kitabini-gosteri-gizle\/","og_locale":"tr_TR","og_type":"article","og_title":"\u25b7 Excel&#39;de bir \u00e7al\u0131\u015fma kitab\u0131 nas\u0131l gizlenir ve g\u00f6sterilir?","og_description":"Bu derste, G\u00f6r\u00fcn\u00fcm sekmesindeki d\u00fc\u011fmeyi + a&#39;y\u0131 kullanarak bir \u00e7al\u0131\u015fma kitab\u0131n\u0131 nas\u0131l gizleyece\u011fimizi ve g\u00f6sterece\u011fimizi \u00f6\u011frenece\u011fiz.","og_url":"https:\/\/exceladvisor.org\/tr\/calisma-kitabini-gosteri-gizle\/","og_site_name":"Excel Advisor","article_modified_time":"2023-12-10T06:00:25+00:00","og_image":[{"url":"https:\/\/exceladvisor.org\/wp-content\/uploads\/2023\/08\/1-masquer-un-classeur.png","type":"","width":"","height":""}],"twitter_card":"summary_large_image","twitter_misc":{"Tahmini okuma s\u00fcresi":"2 dakika"},"schema":{"@context":"https:\/\/schema.org","@graph":[{"@type":"WebPage","@id":"https:\/\/exceladvisor.org\/tr\/calisma-kitabini-gosteri-gizle\/","url":"https:\/\/exceladvisor.org\/tr\/calisma-kitabini-gosteri-gizle\/","name":"\u25b7 Excel&#39;de bir \u00e7al\u0131\u015fma kitab\u0131 nas\u0131l gizlenir ve g\u00f6sterilir?","isPartOf":{"@id":"https:\/\/exceladvisor.org\/tr\/#website"},"primaryImageOfPage":{"@id":"https:\/\/exceladvisor.org\/tr\/calisma-kitabini-gosteri-gizle\/#primaryimage"},"image":{"@id":"https:\/\/exceladvisor.org\/tr\/calisma-kitabini-gosteri-gizle\/#primaryimage"},"thumbnailUrl":"https:\/\/exceladvisor.org\/wp-content\/uploads\/2023\/08\/1-masquer-un-classeur.png","datePublished":"2023-11-17T09:53:59+00:00","dateModified":"2023-12-10T06:00:25+00:00","description":"Bu derste, G\u00f6r\u00fcn\u00fcm sekmesindeki d\u00fc\u011fmeyi + a&#39;y\u0131 kullanarak bir \u00e7al\u0131\u015fma kitab\u0131n\u0131 nas\u0131l gizleyece\u011fimizi ve g\u00f6sterece\u011fimizi \u00f6\u011frenece\u011fiz.","breadcrumb":{"@id":"https:\/\/exceladvisor.org\/tr\/calisma-kitabini-gosteri-gizle\/#breadcrumb"},"inLanguage":"tr","potentialAction":[{"@type":"ReadAction","target":["https:\/\/exceladvisor.org\/tr\/calisma-kitabini-gosteri-gizle\/"]}]},{"@type":"ImageObject","inLanguage":"tr","@id":"https:\/\/exceladvisor.org\/tr\/calisma-kitabini-gosteri-gizle\/#primaryimage","url":"https:\/\/exceladvisor.org\/wp-content\/uploads\/2023\/08\/1-masquer-un-classeur.png","contentUrl":"https:\/\/exceladvisor.org\/wp-content\/uploads\/2023\/08\/1-masquer-un-classeur.png"},{"@type":"BreadcrumbList","@id":"https:\/\/exceladvisor.org\/tr\/calisma-kitabini-gosteri-gizle\/#breadcrumb","itemListElement":[{"@type":"ListItem","position":1,"name":"Ev","item":"https:\/\/exceladvisor.org\/tr\/"},{"@type":"ListItem","position":2,"name":"Excel&#39;de bir \u00e7al\u0131\u015fma kitab\u0131 nas\u0131l gizlenir ve g\u00f6sterilir?"}]},{"@type":"WebSite","@id":"https:\/\/exceladvisor.org\/tr\/#website","url":"https:\/\/exceladvisor.org\/tr\/","name":"Excel Advisor","description":"Veri hakimiyetine y\u00f6nelik nihai rehberiniz!","publisher":{"@id":"https:\/\/exceladvisor.org\/tr\/#organization"},"potentialAction":[{"@type":"SearchAction","target":{"@type":"EntryPoint","urlTemplate":"https:\/\/exceladvisor.org\/tr\/?s={search_term_string}"},"query-input":{"@type":"PropertyValueSpecification","valueRequired":true,"valueName":"search_term_string"}}],"inLanguage":"tr"},{"@type":"Organization","@id":"https:\/\/exceladvisor.org\/tr\/#organization","name":"Excel Advisor","url":"https:\/\/exceladvisor.org\/tr\/","logo":{"@type":"ImageObject","inLanguage":"tr","@id":"https:\/\/exceladvisor.org\/tr\/#\/schema\/logo\/image\/","url":"https:\/\/exceladvisor.org\/tr\/wp-content\/uploads\/2023\/12\/exceladvisor.org_.png","contentUrl":"https:\/\/exceladvisor.org\/tr\/wp-content\/uploads\/2023\/12\/exceladvisor.org_.png","width":105,"height":36,"caption":"Excel Advisor"},"image":{"@id":"https:\/\/exceladvisor.org\/tr\/#\/schema\/logo\/image\/"}}]}},"yoast_meta":{"yoast_wpseo_title":"","yoast_wpseo_metadesc":"","yoast_wpseo_canonical":""},"_links":{"self":[{"href":"https:\/\/exceladvisor.org\/tr\/wp-json\/wp\/v2\/pages\/1547","targetHints":{"allow":["GET"]}}],"collection":[{"href":"https:\/\/exceladvisor.org\/tr\/wp-json\/wp\/v2\/pages"}],"about":[{"href":"https:\/\/exceladvisor.org\/tr\/wp-json\/wp\/v2\/types\/page"}],"author":[{"embeddable":true,"href":"https:\/\/exceladvisor.org\/tr\/wp-json\/wp\/v2\/users\/1"}],"replies":[{"embeddable":true,"href":"https:\/\/exceladvisor.org\/tr\/wp-json\/wp\/v2\/comments?post=1547"}],"version-history":[{"count":1,"href":"https:\/\/exceladvisor.org\/tr\/wp-json\/wp\/v2\/pages\/1547\/revisions"}],"predecessor-version":[{"id":2404,"href":"https:\/\/exceladvisor.org\/tr\/wp-json\/wp\/v2\/pages\/1547\/revisions\/2404"}],"wp:attachment":[{"href":"https:\/\/exceladvisor.org\/tr\/wp-json\/wp\/v2\/media?parent=1547"}],"curies":[{"name":"wp","href":"https:\/\/api.w.org\/{rel}","templated":true}]}}