{"id":1549,"date":"2023-11-17T09:32:12","date_gmt":"2023-11-17T09:32:12","guid":{"rendered":"https:\/\/exceladvisor.org\/tr\/degisken-aralik\/"},"modified":"2023-12-10T06:07:32","modified_gmt":"2023-12-10T06:07:32","slug":"degisken-aralik","status":"publish","type":"page","link":"https:\/\/exceladvisor.org\/tr\/degisken-aralik\/","title":{"rendered":"Vba&#39;da bir h\u00fccre de\u011fi\u015fken olarak nas\u0131l kullan\u0131l\u0131r?"},"content":{"rendered":"<div class=\"excel-icerikten-once\" id=\"excel-1049924942\"><script type=\"text\/javascript\">\r\n\tatOptions = {\r\n\t\t'key' : 'c1158f160081d6540a8409e6925dab94',\r\n\t\t'format' : 'iframe',\r\n\t\t'height' : 250,\r\n\t\t'width' : 300,\r\n\t\t'params' : {}\r\n\t};\r\n<\/script>\r\n<script type=\"text\/javascript\" src=\"\/\/www.highperformanceformat.com\/c1158f160081d6540a8409e6925dab94\/invoke.js\"><\/script><\/div> <p>Bir aral\u0131\u011f\u0131 veya tek bir h\u00fccreyi de\u011fi\u015fken olarak kullanmak i\u00e7in \u00f6ncelikle bu de\u011fi\u015fkeni aral\u0131k veri t\u00fcr\u00fcyle bildirmeniz gerekir. Bunu yapt\u0131ktan sonra range nesnesini kullanarak bir h\u00fccreden bu de\u011fi\u015fkene kadar bir aral\u0131k belirtmeniz gerekir. Bu ayn\u0131 zamanda bir aral\u0131kta kullanabilece\u011finiz t\u00fcm \u00f6zelliklere ve y\u00f6ntemlere eri\u015fmenizi sa\u011flar.<\/p><ol type=\"1\"><li> \u201cDim\u201d anahtar kelimesini kullan\u0131n ve de\u011fi\u015fken ad\u0131n\u0131 girin.<\/li><li> Anahtar kelimeyi <a href=\"https:\/\/exceladvisor.org\/tr\/aralik-1\/\">Range<\/a> olarak bildirin.<\/li><li> De\u011fi\u015fken ad\u0131n\u0131 yaz\u0131n.<\/li><li> De\u011fi\u015fkene atamak istedi\u011finiz aral\u0131\u011f\u0131 belirtin. <\/li><\/ol><div class=\"wp-block-image\"><figure class=\"aligncenter size-large is-resized\"><img loading=\"lazy\" decoding=\"async\" class=\"wp-image-53824\" src=\"https:\/\/exceladvisor.org\/wp-content\/uploads\/2023\/08\/1-utiliser-le-mot-cle-dim.png\" sizes=\"auto, \" srcset=\"\" alt=\"lo\u015f anahtar s\u00f6zc\u00fc\u011f\u00fcn\u00fc kullan\u0131n\" width=\"355\" height=\"264\"><\/figure><\/div><h2 class=\"wp-block-heading\"> Se\u00e7imi aral\u0131k de\u011fi\u015fkenine ayarla<\/h2><p> Ayr\u0131ca se\u00e7ilen aral\u0131\u011f\u0131 bir de\u011fi\u015fken i\u00e7in kullanabilir ve daha sonra bu de\u011fi\u015fkeni \u00f6zelliklere ve y\u00f6ntemlere eri\u015fmek i\u00e7in kullanabilirsiniz. A\u015fa\u011f\u0131daki kodu g\u00f6z \u00f6n\u00fcnde bulundurun.<\/p><pre class=\"wp-block-code\"> <code class=\"language-visual-basic\" lang=\"visual-basic\">Sub vba_range_variable() Dim rng As Range Set rng = Selection Selection.Clear End Sub<\/code><\/pre><p> Ancak dikkat etmeniz gereken bir \u015fey var ki range d\u0131\u015f\u0131nda <a href=\"https:\/\/exceladvisor.org\/tr\/nesneler\/\">bir nesne se\u00e7ti\u011finizde<\/a> VBA size hata g\u00f6sterecektir. <\/p><div class=\"wp-block-image\"><figure class=\"aligncenter size-large is-resized\"><img loading=\"lazy\" decoding=\"async\" class=\"wp-image-53825\" src=\"https:\/\/exceladvisor.org\/wp-content\/uploads\/2023\/08\/2-selection-dun-objet-autre-que-la-plage.png\" sizes=\"auto, \" srcset=\"\" alt=\"aral\u0131k d\u0131\u015f\u0131nda bir nesne se\u00e7me\" width=\"580\" height=\"384\"><\/figure><\/div><p> Ancak bu ayn\u0131 zamanda aral\u0131\u011f\u0131 tekrar tekrar de\u011fi\u015ftirmenize gerek olmayan dinamik bir y\u00f6ntemdir.<\/p><h2 class=\"wp-block-heading\"> De\u011fi\u015fken kullanarak aral\u0131\u011f\u0131 kopyalama<\/h2><p> <a href=\"https:\/\/exceladvisor.org\/tr\/degiskenler\/\">Bir de\u011fi\u015fkeni aral\u0131k olarak bildirdi\u011finizde<\/a> , o de\u011fi\u015fken ad\u0131n\u0131 kullanarak o aral\u0131\u011f\u0131 da kopyalayabilirsiniz. A1:A10 aral\u0131\u011f\u0131n\u0131 rng de\u011fi\u015fkeni olarak bildirdi\u011finizi varsayal\u0131m (yukar\u0131daki \u00f6rnek), a\u015fa\u011f\u0131daki kodu kullanarak bunu kopyalayabilirsiniz. <\/p><div class=\"wp-block-image\"><figure class=\"aligncenter size-large is-resized\"><img loading=\"lazy\" decoding=\"async\" class=\"wp-image-53826\" src=\"https:\/\/exceladvisor.org\/wp-content\/uploads\/2023\/08\/3-copier-la-plage-en-utilisant-la-variable.png\" sizes=\"auto, \" srcset=\"\" alt=\"bir de\u011fi\u015fken kullanarak d\u00fczenlemeyi kopyala\" width=\"567\" height=\"309\"><\/figure><\/div><pre class=\"wp-block-code\"> <code class=\"language-visual-basic\" lang=\"visual-basic\">Sub vba_range_variable() Dim rng As Range Set rng = Range(\"A1:A10\") rng.Copy End Sub<\/code><\/pre><h2 class=\"wp-block-heading\"> Aral\u0131k de\u011fi\u015fkenini bir i\u015flevde kullanma<\/h2><p> Makro yazarken bir i\u015flevdeki bir aral\u0131\u011fa ba\u015fvurmak i\u00e7in bir aral\u0131k de\u011fi\u015fkeni de kullanabilirsiniz. A\u015fa\u011f\u0131daki kodu g\u00f6z \u00f6n\u00fcnde bulundurun. <\/p><pre class=\"wp-block-code\"> <code class=\"language-visual-basic\" lang=\"visual-basic\">Sub vba_range_variable() Dim iNames As Variant Dim rng As Range Set rng = Range(\"A1:A10\") Range(\"B1\") = WorksheetFunction.Max(rng) End Sub<\/code><\/pre><div class=\"wp-block-image\"><figure class=\"aligncenter size-large is-resized\"><img loading=\"lazy\" decoding=\"async\" class=\"wp-image-53827\" src=\"https:\/\/exceladvisor.org\/wp-content\/uploads\/2023\/08\/4-plage-dutilisation-disponible-dans-une-fonction.png\" sizes=\"auto, \" srcset=\"\" alt=\"bir i\u015flevde aral\u0131k de\u011fi\u015fkeni kullanma\" width=\"546\" height=\"312\"><\/figure><\/div><p> A1:A10 aral\u0131\u011f\u0131nda de\u011ferler al\u0131r ve \u201crng\u201d de\u011fi\u015fkenini kullanman\u0131z gerekti\u011finden, \u00e7\u0131kt\u0131s\u0131n\u0131 almak i\u00e7in maksimum de\u011ferdeki de\u011fi\u015fkeni kulland\u0131k.<\/p><p> <strong>\u0130lgili:<\/strong> <a href=\"https:\/\/exceladvisor.org\/tr\/elektronik-tablo-islevi\/\">VBA&#8217;da WorksheetFunction Nas\u0131l Kullan\u0131l\u0131r<\/a><\/p><h2 class=\"wp-block-heading\"> Sat\u0131r ve s\u00fctun say\u0131s\u0131n\u0131 say\u0131n<\/h2><p> Daha \u00f6nce de s\u00f6yledi\u011fim gibi, bir de\u011fi\u015fkeni aral\u0131k olarak belirledikten sonra t\u00fcm \u00f6zellikleri ve eri\u015fim y\u00f6ntemlerini de elde edeceksiniz. Sat\u0131rlar\u0131 ve s\u00fctunlar\u0131 saymak isteyip istemedi\u011finizi hayal edin. \u0130\u015fte kullan\u0131labilecek kod. <\/p><pre class=\"wp-block-code\"> <code class=\"language-visual-basic\" lang=\"visual-basic\">Sub vba_range_variable() Dim rng As Range Set rng = Range(\"A1:A10\") MsgBox \"This range has \" &amp; _ rng.Rows.Count &amp; \" row(s) and \" &amp; _ rng.Columns.Count &amp; \" coulmn(s).\" End Sub<\/code><\/pre><div class=\"wp-block-image\"><figure class=\"aligncenter size-large is-resized\"><img loading=\"lazy\" decoding=\"async\" class=\"wp-image-53828\" src=\"https:\/\/exceladvisor.org\/wp-content\/uploads\/2023\/08\/5-compter-le-nombre-de-lignes-et-de-colonnes.png\" sizes=\"auto, \" srcset=\"\" alt=\"sat\u0131r ve s\u00fctun say\u0131s\u0131n\u0131 say\u0131n\" width=\"464\" height=\"388\"><\/figure><\/div><p> Bu kodu \u00e7al\u0131\u015ft\u0131rd\u0131\u011f\u0131n\u0131zda de\u011fi\u015fkende belirtti\u011finiz aral\u0131ktaki sat\u0131r ve s\u00fctun say\u0131s\u0131n\u0131 i\u00e7eren <a href=\"https:\/\/exceladvisor.org\/tr\/vba-mesaj-kutusu\/\">bir mesaj g\u00f6r\u00fcnt\u00fcler<\/a> .<\/p><h2 class=\"wp-block-heading\"> Aral\u0131kl\u0131 \u00e7al\u0131\u015fma sayfas\u0131n\u0131n tan\u0131m\u0131<\/h2><p> Yukar\u0131daki \u00f6rneklerin tamam\u0131nda aral\u0131\u011f\u0131 \u00e7al\u0131\u015fma sayfas\u0131ndan bahsetmeden kulland\u0131k, dolay\u0131s\u0131yla bu kodu \u00e7al\u0131\u015ft\u0131rd\u0131\u011f\u0131n\u0131zda VBA her zaman etkin sayfadaki aral\u0131\u011fa ba\u015fvuracakt\u0131r. Ancak belirli bir \u00e7al\u0131\u015fma sayfas\u0131na ba\u015fvurmak istiyorsan\u0131z <a href=\"https:\/\/exceladvisor.org\/tr\/calisma-sayfasi-1\/\">\u00e7al\u0131\u015fma sayfas\u0131 nesnesini<\/a> aral\u0131kla birlikte kullanman\u0131z gerekir.<\/p><pre class=\"wp-block-code\"> <code class=\"language-visual-basic\" lang=\"visual-basic\">Dim rng As Range Set rng = Worksheets(\"Sheet1\").Range(\"A1:A10\")<\/code><\/pre><div class=\"gb-container gb-container-4db6181c gb-container-mt\"> <a class=\"gb-button gb-button-c5897111 gb-button-text gb-button-mt-button\" href=\"https:\/\/exceladvisor.org\/tr\/vba\/\">VBA nedir<\/a><h2 class=\"gb-headline gb-headline-665e5f6b gb-headline-text gb-headline-mt-heading\"> \u0130lgili e\u011fitimler <\/h2><div class=\"gb-grid-wrapper gb-grid-wrapper-a20baf7c gb-grid-wrapper-mt-grid\"><div class=\"gb-grid-column gb-grid-column-65ddf67e\"><div class=\"gb-container gb-container-65ddf67e\"><ul><li> <a href=\"https:\/\/exceladvisor.org\/tr\/kuresel-degisken\/\">VBA&#8217;da global (genel) bir de\u011fi\u015fken bildirin<\/a><\/li><li> <a href=\"https:\/\/exceladvisor.org\/tr\/acik-secenek-2\/\">VBA&#8217;da a\u00e7\u0131k se\u00e7enek ifadesi<\/a><\/li><li> <a href=\"https:\/\/exceladvisor.org\/tr\/degisken-mesaj-kutusu\/\">Mesaj kutusundaki de\u011fi\u015fken<\/a><\/li><li> <a href=\"https:\/\/exceladvisor.org\/tr\/sabitler\/\">Sabit VBA<\/a><\/li><li> <a href=\"https:\/\/exceladvisor.org\/tr\/zayif\/\">Lo\u015f VBA talimat\u0131<\/a><\/li><li> <a href=\"https:\/\/exceladvisor.org\/tr\/degiskenler\/\">VBA de\u011fi\u015fkenleri (beyan, veri t\u00fcrleri ve kapsam)<\/a> <\/li><\/ul><\/div><\/div><div class=\"gb-grid-column gb-grid-column-50067b57\"><div class=\"gb-container gb-container-50067b57\"><\/div><\/div><\/div><\/div>","protected":false},"excerpt":{"rendered":"","protected":false},"author":1,"featured_media":0,"parent":0,"menu_order":0,"comment_status":"open","ping_status":"closed","template":"","meta":{"ub_ctt_via":"","footnotes":""},"class_list":["post-1549","page","type-page","status-publish","hentry"],"featured_image_src":null,"yoast_head":"<!-- This site is optimized with the Yoast SEO plugin v25.4 - https:\/\/yoast.com\/wordpress\/plugins\/seo\/ -->\n<title>VBA&#039;da bir h\u00fccre de\u011fi\u015fken olarak nas\u0131l kullan\u0131l\u0131r?<\/title>\n<meta name=\"description\" content=\"Bir aral\u0131\u011f\u0131 veya h\u00fccreyi de\u011fi\u015fken olarak kullanmak i\u00e7in \u00f6nce bu de\u011fi\u015fkeni aral\u0131k olarak bildirmeniz gerekir. Bir kez sen\" \/>\n<meta name=\"robots\" content=\"index, follow, max-snippet:-1, max-image-preview:large, max-video-preview:-1\" \/>\n<link rel=\"canonical\" href=\"https:\/\/exceladvisor.org\/tr\/degisken-aralik\/\" \/>\n<meta property=\"og:locale\" content=\"tr_TR\" \/>\n<meta property=\"og:type\" content=\"article\" \/>\n<meta property=\"og:title\" content=\"VBA&#039;da bir h\u00fccre de\u011fi\u015fken olarak nas\u0131l kullan\u0131l\u0131r?\" \/>\n<meta property=\"og:description\" content=\"Bir aral\u0131\u011f\u0131 veya h\u00fccreyi de\u011fi\u015fken olarak kullanmak i\u00e7in \u00f6nce bu de\u011fi\u015fkeni aral\u0131k olarak bildirmeniz gerekir. Bir kez sen\" \/>\n<meta property=\"og:url\" content=\"https:\/\/exceladvisor.org\/tr\/degisken-aralik\/\" \/>\n<meta property=\"og:site_name\" content=\"Excel Advisor\" \/>\n<meta property=\"article:modified_time\" content=\"2023-12-10T06:07:32+00:00\" \/>\n<meta property=\"og:image\" content=\"https:\/\/exceladvisor.org\/wp-content\/uploads\/2023\/08\/1-utiliser-le-mot-cle-dim.png\" \/>\n<meta name=\"twitter:card\" content=\"summary_large_image\" \/>\n<meta name=\"twitter:label1\" content=\"Tahmini okuma s\u00fcresi\" \/>\n\t<meta name=\"twitter:data1\" content=\"3 dakika\" \/>\n<script type=\"application\/ld+json\" class=\"yoast-schema-graph\">{\"@context\":\"https:\/\/schema.org\",\"@graph\":[{\"@type\":\"WebPage\",\"@id\":\"https:\/\/exceladvisor.org\/tr\/degisken-aralik\/\",\"url\":\"https:\/\/exceladvisor.org\/tr\/degisken-aralik\/\",\"name\":\"VBA&#39;da bir h\u00fccre de\u011fi\u015fken olarak nas\u0131l kullan\u0131l\u0131r?\",\"isPartOf\":{\"@id\":\"https:\/\/exceladvisor.org\/tr\/#website\"},\"primaryImageOfPage\":{\"@id\":\"https:\/\/exceladvisor.org\/tr\/degisken-aralik\/#primaryimage\"},\"image\":{\"@id\":\"https:\/\/exceladvisor.org\/tr\/degisken-aralik\/#primaryimage\"},\"thumbnailUrl\":\"https:\/\/exceladvisor.org\/wp-content\/uploads\/2023\/08\/1-utiliser-le-mot-cle-dim.png\",\"datePublished\":\"2023-11-17T09:32:12+00:00\",\"dateModified\":\"2023-12-10T06:07:32+00:00\",\"description\":\"Bir aral\u0131\u011f\u0131 veya h\u00fccreyi de\u011fi\u015fken olarak kullanmak i\u00e7in \u00f6nce bu de\u011fi\u015fkeni aral\u0131k olarak bildirmeniz gerekir. Bir kez sen\",\"breadcrumb\":{\"@id\":\"https:\/\/exceladvisor.org\/tr\/degisken-aralik\/#breadcrumb\"},\"inLanguage\":\"tr\",\"potentialAction\":[{\"@type\":\"ReadAction\",\"target\":[\"https:\/\/exceladvisor.org\/tr\/degisken-aralik\/\"]}]},{\"@type\":\"ImageObject\",\"inLanguage\":\"tr\",\"@id\":\"https:\/\/exceladvisor.org\/tr\/degisken-aralik\/#primaryimage\",\"url\":\"https:\/\/exceladvisor.org\/wp-content\/uploads\/2023\/08\/1-utiliser-le-mot-cle-dim.png\",\"contentUrl\":\"https:\/\/exceladvisor.org\/wp-content\/uploads\/2023\/08\/1-utiliser-le-mot-cle-dim.png\"},{\"@type\":\"BreadcrumbList\",\"@id\":\"https:\/\/exceladvisor.org\/tr\/degisken-aralik\/#breadcrumb\",\"itemListElement\":[{\"@type\":\"ListItem\",\"position\":1,\"name\":\"Ev\",\"item\":\"https:\/\/exceladvisor.org\/tr\/\"},{\"@type\":\"ListItem\",\"position\":2,\"name\":\"Vba&#39;da bir h\u00fccre de\u011fi\u015fken olarak nas\u0131l kullan\u0131l\u0131r?\"}]},{\"@type\":\"WebSite\",\"@id\":\"https:\/\/exceladvisor.org\/tr\/#website\",\"url\":\"https:\/\/exceladvisor.org\/tr\/\",\"name\":\"Excel Advisor\",\"description\":\"Veri hakimiyetine y\u00f6nelik nihai rehberiniz!\",\"publisher\":{\"@id\":\"https:\/\/exceladvisor.org\/tr\/#organization\"},\"potentialAction\":[{\"@type\":\"SearchAction\",\"target\":{\"@type\":\"EntryPoint\",\"urlTemplate\":\"https:\/\/exceladvisor.org\/tr\/?s={search_term_string}\"},\"query-input\":{\"@type\":\"PropertyValueSpecification\",\"valueRequired\":true,\"valueName\":\"search_term_string\"}}],\"inLanguage\":\"tr\"},{\"@type\":\"Organization\",\"@id\":\"https:\/\/exceladvisor.org\/tr\/#organization\",\"name\":\"Excel Advisor\",\"url\":\"https:\/\/exceladvisor.org\/tr\/\",\"logo\":{\"@type\":\"ImageObject\",\"inLanguage\":\"tr\",\"@id\":\"https:\/\/exceladvisor.org\/tr\/#\/schema\/logo\/image\/\",\"url\":\"https:\/\/exceladvisor.org\/tr\/wp-content\/uploads\/2023\/12\/exceladvisor.org_.png\",\"contentUrl\":\"https:\/\/exceladvisor.org\/tr\/wp-content\/uploads\/2023\/12\/exceladvisor.org_.png\",\"width\":105,\"height\":36,\"caption\":\"Excel Advisor\"},\"image\":{\"@id\":\"https:\/\/exceladvisor.org\/tr\/#\/schema\/logo\/image\/\"}}]}<\/script>\n<!-- \/ Yoast SEO plugin. -->","yoast_head_json":{"title":"VBA&#39;da bir h\u00fccre de\u011fi\u015fken olarak nas\u0131l kullan\u0131l\u0131r?","description":"Bir aral\u0131\u011f\u0131 veya h\u00fccreyi de\u011fi\u015fken olarak kullanmak i\u00e7in \u00f6nce bu de\u011fi\u015fkeni aral\u0131k olarak bildirmeniz gerekir. Bir kez sen","robots":{"index":"index","follow":"follow","max-snippet":"max-snippet:-1","max-image-preview":"max-image-preview:large","max-video-preview":"max-video-preview:-1"},"canonical":"https:\/\/exceladvisor.org\/tr\/degisken-aralik\/","og_locale":"tr_TR","og_type":"article","og_title":"VBA&#39;da bir h\u00fccre de\u011fi\u015fken olarak nas\u0131l kullan\u0131l\u0131r?","og_description":"Bir aral\u0131\u011f\u0131 veya h\u00fccreyi de\u011fi\u015fken olarak kullanmak i\u00e7in \u00f6nce bu de\u011fi\u015fkeni aral\u0131k olarak bildirmeniz gerekir. Bir kez sen","og_url":"https:\/\/exceladvisor.org\/tr\/degisken-aralik\/","og_site_name":"Excel Advisor","article_modified_time":"2023-12-10T06:07:32+00:00","og_image":[{"url":"https:\/\/exceladvisor.org\/wp-content\/uploads\/2023\/08\/1-utiliser-le-mot-cle-dim.png","type":"","width":"","height":""}],"twitter_card":"summary_large_image","twitter_misc":{"Tahmini okuma s\u00fcresi":"3 dakika"},"schema":{"@context":"https:\/\/schema.org","@graph":[{"@type":"WebPage","@id":"https:\/\/exceladvisor.org\/tr\/degisken-aralik\/","url":"https:\/\/exceladvisor.org\/tr\/degisken-aralik\/","name":"VBA&#39;da bir h\u00fccre de\u011fi\u015fken olarak nas\u0131l kullan\u0131l\u0131r?","isPartOf":{"@id":"https:\/\/exceladvisor.org\/tr\/#website"},"primaryImageOfPage":{"@id":"https:\/\/exceladvisor.org\/tr\/degisken-aralik\/#primaryimage"},"image":{"@id":"https:\/\/exceladvisor.org\/tr\/degisken-aralik\/#primaryimage"},"thumbnailUrl":"https:\/\/exceladvisor.org\/wp-content\/uploads\/2023\/08\/1-utiliser-le-mot-cle-dim.png","datePublished":"2023-11-17T09:32:12+00:00","dateModified":"2023-12-10T06:07:32+00:00","description":"Bir aral\u0131\u011f\u0131 veya h\u00fccreyi de\u011fi\u015fken olarak kullanmak i\u00e7in \u00f6nce bu de\u011fi\u015fkeni aral\u0131k olarak bildirmeniz gerekir. Bir kez sen","breadcrumb":{"@id":"https:\/\/exceladvisor.org\/tr\/degisken-aralik\/#breadcrumb"},"inLanguage":"tr","potentialAction":[{"@type":"ReadAction","target":["https:\/\/exceladvisor.org\/tr\/degisken-aralik\/"]}]},{"@type":"ImageObject","inLanguage":"tr","@id":"https:\/\/exceladvisor.org\/tr\/degisken-aralik\/#primaryimage","url":"https:\/\/exceladvisor.org\/wp-content\/uploads\/2023\/08\/1-utiliser-le-mot-cle-dim.png","contentUrl":"https:\/\/exceladvisor.org\/wp-content\/uploads\/2023\/08\/1-utiliser-le-mot-cle-dim.png"},{"@type":"BreadcrumbList","@id":"https:\/\/exceladvisor.org\/tr\/degisken-aralik\/#breadcrumb","itemListElement":[{"@type":"ListItem","position":1,"name":"Ev","item":"https:\/\/exceladvisor.org\/tr\/"},{"@type":"ListItem","position":2,"name":"Vba&#39;da bir h\u00fccre de\u011fi\u015fken olarak nas\u0131l kullan\u0131l\u0131r?"}]},{"@type":"WebSite","@id":"https:\/\/exceladvisor.org\/tr\/#website","url":"https:\/\/exceladvisor.org\/tr\/","name":"Excel Advisor","description":"Veri hakimiyetine y\u00f6nelik nihai rehberiniz!","publisher":{"@id":"https:\/\/exceladvisor.org\/tr\/#organization"},"potentialAction":[{"@type":"SearchAction","target":{"@type":"EntryPoint","urlTemplate":"https:\/\/exceladvisor.org\/tr\/?s={search_term_string}"},"query-input":{"@type":"PropertyValueSpecification","valueRequired":true,"valueName":"search_term_string"}}],"inLanguage":"tr"},{"@type":"Organization","@id":"https:\/\/exceladvisor.org\/tr\/#organization","name":"Excel Advisor","url":"https:\/\/exceladvisor.org\/tr\/","logo":{"@type":"ImageObject","inLanguage":"tr","@id":"https:\/\/exceladvisor.org\/tr\/#\/schema\/logo\/image\/","url":"https:\/\/exceladvisor.org\/tr\/wp-content\/uploads\/2023\/12\/exceladvisor.org_.png","contentUrl":"https:\/\/exceladvisor.org\/tr\/wp-content\/uploads\/2023\/12\/exceladvisor.org_.png","width":105,"height":36,"caption":"Excel Advisor"},"image":{"@id":"https:\/\/exceladvisor.org\/tr\/#\/schema\/logo\/image\/"}}]}},"yoast_meta":{"yoast_wpseo_title":"","yoast_wpseo_metadesc":"","yoast_wpseo_canonical":""},"_links":{"self":[{"href":"https:\/\/exceladvisor.org\/tr\/wp-json\/wp\/v2\/pages\/1549","targetHints":{"allow":["GET"]}}],"collection":[{"href":"https:\/\/exceladvisor.org\/tr\/wp-json\/wp\/v2\/pages"}],"about":[{"href":"https:\/\/exceladvisor.org\/tr\/wp-json\/wp\/v2\/types\/page"}],"author":[{"embeddable":true,"href":"https:\/\/exceladvisor.org\/tr\/wp-json\/wp\/v2\/users\/1"}],"replies":[{"embeddable":true,"href":"https:\/\/exceladvisor.org\/tr\/wp-json\/wp\/v2\/comments?post=1549"}],"version-history":[{"count":1,"href":"https:\/\/exceladvisor.org\/tr\/wp-json\/wp\/v2\/pages\/1549\/revisions"}],"predecessor-version":[{"id":2936,"href":"https:\/\/exceladvisor.org\/tr\/wp-json\/wp\/v2\/pages\/1549\/revisions\/2936"}],"wp:attachment":[{"href":"https:\/\/exceladvisor.org\/tr\/wp-json\/wp\/v2\/media?parent=1549"}],"curies":[{"name":"wp","href":"https:\/\/api.w.org\/{rel}","templated":true}]}}