{"id":1554,"date":"2023-11-17T07:33:43","date_gmt":"2023-11-17T07:33:43","guid":{"rendered":"https:\/\/exceladvisor.org\/tr\/bos-hucre-sayisi\/"},"modified":"2023-12-10T06:00:58","modified_gmt":"2023-12-10T06:00:58","slug":"bos-hucre-sayisi","status":"publish","type":"page","link":"https:\/\/exceladvisor.org\/tr\/bos-hucre-sayisi\/","title":{"rendered":"Excel&#39;de bo\u015f h\u00fccreleri nas\u0131l sayabilirim?"},"content":{"rendered":"<div class=\"excel-icerikten-once\" id=\"excel-2568432228\"><script type=\"text\/javascript\">\r\n\tatOptions = {\r\n\t\t'key' : 'c1158f160081d6540a8409e6925dab94',\r\n\t\t'format' : 'iframe',\r\n\t\t'height' : 250,\r\n\t\t'width' : 300,\r\n\t\t'params' : {}\r\n\t};\r\n<\/script>\r\n<script type=\"text\/javascript\" src=\"\/\/www.highperformanceformat.com\/c1158f160081d6540a8409e6925dab94\/invoke.js\"><\/script><\/div> <p>Excel&#8217;de bo\u015f h\u00fccreleri saymak istiyorsan\u0131z, bo\u015f h\u00fccreleri (herhangi bir de\u011fer olmadan) saymak i\u00e7in \u00f6zel olarak tasarlanm\u0131\u015f COUNTBLANK i\u015flevini kullanabilirsiniz. COUNTBLANK i\u015flevinde bo\u015f h\u00fccreleri saymak istedi\u011finiz aral\u0131\u011fa ba\u015fvurman\u0131z yeterlidir.<\/p><h2 class=\"wp-block-heading\"> BO\u015eLUK SAY i\u015flevini kullan\u0131n<\/h2><p> A\u015fa\u011f\u0131daki \u00f6rnekte A1:A10 aral\u0131\u011f\u0131nda birka\u00e7 de\u011feriniz var ancak birka\u00e7 h\u00fccre bo\u015f. \u015eimdi herhangi bir de\u011fer i\u00e7ermeyen h\u00fccreleri sayman\u0131z gerekiyor. <\/p><div class=\"wp-block-image\"><figure class=\"aligncenter size-full is-resized\"><img loading=\"lazy\" decoding=\"async\" class=\"wp-image-67105\" src=\"https:\/\/exceladvisor.org\/wp-content\/uploads\/2023\/08\/1-plage-avec-des-cellules-vides.png\" sizes=\"auto, \" srcset=\"\" alt=\"bo\u015f h\u00fccreli plaj\" width=\"354\" height=\"315\"><\/figure><\/div><p> Bu form\u00fcl\u00fc yazmak i\u00e7in a\u015fa\u011f\u0131daki ad\u0131mlar\u0131 kullanabilirsiniz:<\/p><ol><li> \u00d6ncelikle B1 h\u00fccresine COUNTBLANK (=COUNTBLANK) fonksiyonunu yazmaya ba\u015flay\u0131n.<\/li><li> Bundan sonra ba\u015flang\u0131\u00e7 parantezlerini yaz\u0131n.<\/li><li> \u015eimdi fonksiyondaki A1:A10 aral\u0131\u011f\u0131na bak\u0131n.<\/li><li> Sonunda bir kapatma parantezi yaz\u0131n ve Enter tu\u015funa bas\u0131n. <\/li><\/ol><div class=\"wp-block-image\"><figure class=\"aligncenter size-full is-resized\"><img loading=\"lazy\" decoding=\"async\" class=\"wp-image-67106\" src=\"https:\/\/exceladvisor.org\/wp-content\/uploads\/2023\/08\/formule-a-2-chiffres.png\" sizes=\"auto, \" srcset=\"\" alt=\"bo\u015f sayma form\u00fcl\u00fc\" width=\"410\" height=\"314\"><\/figure><\/div><pre class=\"wp-block-code\"> <code class=\"language-excel-formula\" lang=\"excel-formula\">=COUNTBLANK(A1:A10)<\/code><\/pre><p> Enter tu\u015funa bast\u0131\u011f\u0131n\u0131zda, belirtilen aral\u0131ktaki bo\u015f h\u00fccrelerin say\u0131s\u0131n\u0131 d\u00f6nd\u00fcr\u00fcr. <\/p><div class=\"wp-block-image\"><figure class=\"aligncenter size-full is-resized\"><img loading=\"lazy\" decoding=\"async\" class=\"wp-image-67107\" src=\"https:\/\/exceladvisor.org\/wp-content\/uploads\/2023\/08\/3-valeur-de-resultat-a-blanc.png\" sizes=\"auto, \" srcset=\"\" alt=\"countblank-sonu\u00e7-de\u011feri\" width=\"424\" height=\"320\"><\/figure><\/div><h2 class=\"wp-block-heading\"> Bo\u015f h\u00fccreleri saymak i\u00e7in COUNTIF kullanma<\/h2><p> Ayr\u0131ca COUNTIF&#8217;i kullanabilir ve bo\u015f h\u00fccreleri saymak i\u00e7in bir ko\u015ful olu\u015fturabilirsiniz. Ayn\u0131 \u00f6rne\u011fi kullanarak bu form\u00fcl\u00fc yazmak i\u00e7in a\u015fa\u011f\u0131daki ad\u0131mlar\u0131 takip edebilirsiniz:<\/p><ol type=\"1\"><li> \u00d6ncelikle B1 h\u00fccresine E\u011eERSAY (=E\u011eERSAY) i\u015flevini yazmaya ba\u015flay\u0131n ve bir ba\u015flang\u0131\u00e7 parantezi girin.<\/li><li> \u015eimdi, de\u011feri olmayan h\u00fccreleri saymak istedi\u011finiz A1:A10 aral\u0131\u011f\u0131na bak\u0131n.<\/li><li> Daha sonra \u00f6l\u00e7\u00fct ba\u011f\u0131ms\u0131z de\u011fi\u015fkenine \u201c=\u201d yaz\u0131n. Bu e\u015fittir operat\u00f6r\u00fc, Excel&#8217;e hi\u00e7bir de\u011ferinizin olmad\u0131\u011f\u0131 h\u00fccreleri saymas\u0131n\u0131 s\u00f6yler \u00e7\u00fcnk\u00fc = operat\u00f6r\u00fcyle hi\u00e7bir \u015fey belirtmemi\u015fsinizdir.<\/li><li> Bundan sonra kapatma parantezlerini yaz\u0131n ve Enter tu\u015funa bas\u0131n. <\/li><\/ol><div class=\"wp-block-image\"><figure class=\"aligncenter size-full is-resized\"><img loading=\"lazy\" decoding=\"async\" class=\"wp-image-67108\" src=\"https:\/\/exceladvisor.org\/wp-content\/uploads\/2023\/08\/4-countif-pour-compter-les-cellules-vides.png\" sizes=\"auto, \" srcset=\"\" alt=\"bo\u015f h\u00fccreleri saymak i\u00e7in sayma\" width=\"436\" height=\"312\"><\/figure><\/div><p> Ve enter tu\u015funa bast\u0131\u011f\u0131n\u0131z anda bo\u015f h\u00fccrelerin say\u0131s\u0131n\u0131 d\u00f6nd\u00fcr\u00fcr. <\/p><div class=\"wp-block-image\"><figure class=\"aligncenter size-full is-resized\"><img loading=\"lazy\" decoding=\"async\" class=\"wp-image-67109\" src=\"https:\/\/exceladvisor.org\/wp-content\/uploads\/2023\/08\/5-comptes-pour-les-cellules-vides.png\" sizes=\"auto, \" srcset=\"\" alt=\"bo\u015f h\u00fccreleri say\" width=\"466\" height=\"328\"><\/figure><\/div><p> Bunun gibi bir form\u00fcl\u00fc \u201c=\u201d&amp;\u201d kriterleriyle de kullanabilirsiniz. Bunu kulland\u0131\u011f\u0131n\u0131zda, Excel&#8217;e yaln\u0131zca de\u011feri olmayan h\u00fccreleri saymas\u0131n\u0131 da s\u00f6yler. <\/p><div class=\"wp-block-image\"><figure class=\"aligncenter size-full is-resized\"><img loading=\"lazy\" decoding=\"async\" class=\"wp-image-67110\" src=\"https:\/\/exceladvisor.org\/wp-content\/uploads\/2023\/08\/6-criteres-de-comptage-pour-les-cellules-vides.png\" sizes=\"auto, \" srcset=\"\" alt=\"bo\u015f h\u00fccreler i\u00e7in kriter say\u0131s\u0131\" width=\"478\" height=\"321\"><\/figure><\/div><div class=\"gb-container gb-container-52dfcee1 gb-container-sample-file\"><h2 class=\"gb-headline gb-headline-e289c143 gb-headline-text gb-headline-4f7959c2\"> Excel dosyas\u0131n\u0131 al\u0131n<\/h2> <a class=\"gb-button gb-button-e88d6bee gb-button-text gb-button-button1\" href=\"https:\/\/exceladvisor.org\/wp-content\/uploads\/2023\/08\/countif-cellules-vides-2.xlsx\" rel=\"nofollow\">\u0130ndirmek<\/a><\/div><div class=\"gb-container gb-container-0df56012 gb-container-mt\"> <a class=\"gb-button gb-button-f9f432f4 gb-button-text gb-button-mt-button\" href=\"https:\/\/exceladvisor.org\/tr\/formuller\/\">Excel form\u00fcllerinin listesi<\/a><h2 class=\"gb-headline gb-headline-233444e8 gb-headline-text gb-headline-mt-heading\"> \u0130lgili form\u00fcller <\/h2><div class=\"gb-grid-wrapper gb-grid-wrapper-a16fa65c gb-grid-wrapper-mt-grid\"><div class=\"gb-grid-column gb-grid-column-50d07e0d\"><div class=\"gb-container gb-container-50d07e0d\"><ul><li> <a href=\"https:\/\/exceladvisor.org\/tr\/iki-sayinin-arasini-saymak\/\">Excel&#8217;de iki say\u0131 (E\u011eERSAY) aras\u0131nda say\u0131n<\/a><\/li><li> <a href=\"https:\/\/exceladvisor.org\/tr\/azsa-say\/\">Excel&#8217;de belirli bir de\u011ferden (COUNTIF) daha az olan h\u00fccreleri say\u0131n<\/a><\/li><li> <a href=\"https:\/\/exceladvisor.org\/tr\/esit-olmayan-hucreleri-say\/\">Excel&#8217;de e\u015fit olmayan h\u00fccreleri say (COUNTIF)<\/a><\/li><li> <a href=\"https:\/\/exceladvisor.org\/tr\/bos-olmayan-hucreleri-say\/\">Excel&#8217;de bo\u015f olmayan h\u00fccreleri sayma<\/a><\/li><li> <a href=\"https:\/\/exceladvisor.org\/tr\/sifirdan-buyuk-hesap\/\">Excel&#8217;de 0&#8217;dan (COUNTIF) b\u00fcy\u00fck say\u0131n<\/a> <\/li><\/ul><\/div><\/div><div class=\"gb-grid-column gb-grid-column-5b4a0cf9\"><div class=\"gb-container gb-container-5b4a0cf9\"><\/div><\/div><\/div><\/div>","protected":false},"excerpt":{"rendered":"","protected":false},"author":1,"featured_media":0,"parent":0,"menu_order":0,"comment_status":"open","ping_status":"closed","template":"","meta":{"ub_ctt_via":"","footnotes":""},"class_list":["post-1554","page","type-page","status-publish","hentry"],"featured_image_src":null,"yoast_head":"<!-- This site is optimized with the Yoast SEO plugin v25.4 - https:\/\/yoast.com\/wordpress\/plugins\/seo\/ -->\n<title>Excel&#039;de bo\u015f h\u00fccreleri nas\u0131l sayabilirim? - Excel Dan\u0131\u015fman\u0131<\/title>\n<meta name=\"description\" content=\"Bu e\u011fitimde, kullan\u0131m\u0131 kolay farkl\u0131 form\u00fcller kullanarak Excel&#039;deki bo\u015f h\u00fccreleri sayman\u0131n farkl\u0131 yollar\u0131n\u0131 \u00f6\u011freneceksiniz.\" \/>\n<meta name=\"robots\" content=\"index, follow, max-snippet:-1, max-image-preview:large, max-video-preview:-1\" \/>\n<link rel=\"canonical\" href=\"https:\/\/exceladvisor.org\/tr\/bos-hucre-sayisi\/\" \/>\n<meta property=\"og:locale\" content=\"tr_TR\" \/>\n<meta property=\"og:type\" content=\"article\" \/>\n<meta property=\"og:title\" content=\"Excel&#039;de bo\u015f h\u00fccreleri nas\u0131l sayabilirim? - Excel Dan\u0131\u015fman\u0131\" \/>\n<meta property=\"og:description\" content=\"Bu e\u011fitimde, kullan\u0131m\u0131 kolay farkl\u0131 form\u00fcller kullanarak Excel&#039;deki bo\u015f h\u00fccreleri sayman\u0131n farkl\u0131 yollar\u0131n\u0131 \u00f6\u011freneceksiniz.\" \/>\n<meta property=\"og:url\" content=\"https:\/\/exceladvisor.org\/tr\/bos-hucre-sayisi\/\" \/>\n<meta property=\"og:site_name\" content=\"Excel Advisor\" \/>\n<meta property=\"article:modified_time\" content=\"2023-12-10T06:00:58+00:00\" \/>\n<meta property=\"og:image\" content=\"https:\/\/exceladvisor.org\/wp-content\/uploads\/2023\/08\/1-plage-avec-des-cellules-vides.png\" \/>\n<meta name=\"twitter:card\" content=\"summary_large_image\" \/>\n<meta name=\"twitter:label1\" content=\"Tahmini okuma s\u00fcresi\" \/>\n\t<meta name=\"twitter:data1\" content=\"2 dakika\" \/>\n<script type=\"application\/ld+json\" class=\"yoast-schema-graph\">{\"@context\":\"https:\/\/schema.org\",\"@graph\":[{\"@type\":\"WebPage\",\"@id\":\"https:\/\/exceladvisor.org\/tr\/bos-hucre-sayisi\/\",\"url\":\"https:\/\/exceladvisor.org\/tr\/bos-hucre-sayisi\/\",\"name\":\"Excel&#39;de bo\u015f h\u00fccreleri nas\u0131l sayabilirim? - Excel Dan\u0131\u015fman\u0131\",\"isPartOf\":{\"@id\":\"https:\/\/exceladvisor.org\/tr\/#website\"},\"primaryImageOfPage\":{\"@id\":\"https:\/\/exceladvisor.org\/tr\/bos-hucre-sayisi\/#primaryimage\"},\"image\":{\"@id\":\"https:\/\/exceladvisor.org\/tr\/bos-hucre-sayisi\/#primaryimage\"},\"thumbnailUrl\":\"https:\/\/exceladvisor.org\/wp-content\/uploads\/2023\/08\/1-plage-avec-des-cellules-vides.png\",\"datePublished\":\"2023-11-17T07:33:43+00:00\",\"dateModified\":\"2023-12-10T06:00:58+00:00\",\"description\":\"Bu e\u011fitimde, kullan\u0131m\u0131 kolay farkl\u0131 form\u00fcller kullanarak Excel&#39;deki bo\u015f h\u00fccreleri sayman\u0131n farkl\u0131 yollar\u0131n\u0131 \u00f6\u011freneceksiniz.\",\"breadcrumb\":{\"@id\":\"https:\/\/exceladvisor.org\/tr\/bos-hucre-sayisi\/#breadcrumb\"},\"inLanguage\":\"tr\",\"potentialAction\":[{\"@type\":\"ReadAction\",\"target\":[\"https:\/\/exceladvisor.org\/tr\/bos-hucre-sayisi\/\"]}]},{\"@type\":\"ImageObject\",\"inLanguage\":\"tr\",\"@id\":\"https:\/\/exceladvisor.org\/tr\/bos-hucre-sayisi\/#primaryimage\",\"url\":\"https:\/\/exceladvisor.org\/wp-content\/uploads\/2023\/08\/1-plage-avec-des-cellules-vides.png\",\"contentUrl\":\"https:\/\/exceladvisor.org\/wp-content\/uploads\/2023\/08\/1-plage-avec-des-cellules-vides.png\"},{\"@type\":\"BreadcrumbList\",\"@id\":\"https:\/\/exceladvisor.org\/tr\/bos-hucre-sayisi\/#breadcrumb\",\"itemListElement\":[{\"@type\":\"ListItem\",\"position\":1,\"name\":\"Ev\",\"item\":\"https:\/\/exceladvisor.org\/tr\/\"},{\"@type\":\"ListItem\",\"position\":2,\"name\":\"Excel&#39;de bo\u015f h\u00fccreleri nas\u0131l sayabilirim?\"}]},{\"@type\":\"WebSite\",\"@id\":\"https:\/\/exceladvisor.org\/tr\/#website\",\"url\":\"https:\/\/exceladvisor.org\/tr\/\",\"name\":\"Excel Advisor\",\"description\":\"Veri hakimiyetine y\u00f6nelik nihai rehberiniz!\",\"publisher\":{\"@id\":\"https:\/\/exceladvisor.org\/tr\/#organization\"},\"potentialAction\":[{\"@type\":\"SearchAction\",\"target\":{\"@type\":\"EntryPoint\",\"urlTemplate\":\"https:\/\/exceladvisor.org\/tr\/?s={search_term_string}\"},\"query-input\":{\"@type\":\"PropertyValueSpecification\",\"valueRequired\":true,\"valueName\":\"search_term_string\"}}],\"inLanguage\":\"tr\"},{\"@type\":\"Organization\",\"@id\":\"https:\/\/exceladvisor.org\/tr\/#organization\",\"name\":\"Excel Advisor\",\"url\":\"https:\/\/exceladvisor.org\/tr\/\",\"logo\":{\"@type\":\"ImageObject\",\"inLanguage\":\"tr\",\"@id\":\"https:\/\/exceladvisor.org\/tr\/#\/schema\/logo\/image\/\",\"url\":\"https:\/\/exceladvisor.org\/tr\/wp-content\/uploads\/2023\/12\/exceladvisor.org_.png\",\"contentUrl\":\"https:\/\/exceladvisor.org\/tr\/wp-content\/uploads\/2023\/12\/exceladvisor.org_.png\",\"width\":105,\"height\":36,\"caption\":\"Excel Advisor\"},\"image\":{\"@id\":\"https:\/\/exceladvisor.org\/tr\/#\/schema\/logo\/image\/\"}}]}<\/script>\n<!-- \/ Yoast SEO plugin. -->","yoast_head_json":{"title":"Excel&#39;de bo\u015f h\u00fccreleri nas\u0131l sayabilirim? - Excel Dan\u0131\u015fman\u0131","description":"Bu e\u011fitimde, kullan\u0131m\u0131 kolay farkl\u0131 form\u00fcller kullanarak Excel&#39;deki bo\u015f h\u00fccreleri sayman\u0131n farkl\u0131 yollar\u0131n\u0131 \u00f6\u011freneceksiniz.","robots":{"index":"index","follow":"follow","max-snippet":"max-snippet:-1","max-image-preview":"max-image-preview:large","max-video-preview":"max-video-preview:-1"},"canonical":"https:\/\/exceladvisor.org\/tr\/bos-hucre-sayisi\/","og_locale":"tr_TR","og_type":"article","og_title":"Excel&#39;de bo\u015f h\u00fccreleri nas\u0131l sayabilirim? - Excel Dan\u0131\u015fman\u0131","og_description":"Bu e\u011fitimde, kullan\u0131m\u0131 kolay farkl\u0131 form\u00fcller kullanarak Excel&#39;deki bo\u015f h\u00fccreleri sayman\u0131n farkl\u0131 yollar\u0131n\u0131 \u00f6\u011freneceksiniz.","og_url":"https:\/\/exceladvisor.org\/tr\/bos-hucre-sayisi\/","og_site_name":"Excel Advisor","article_modified_time":"2023-12-10T06:00:58+00:00","og_image":[{"url":"https:\/\/exceladvisor.org\/wp-content\/uploads\/2023\/08\/1-plage-avec-des-cellules-vides.png","type":"","width":"","height":""}],"twitter_card":"summary_large_image","twitter_misc":{"Tahmini okuma s\u00fcresi":"2 dakika"},"schema":{"@context":"https:\/\/schema.org","@graph":[{"@type":"WebPage","@id":"https:\/\/exceladvisor.org\/tr\/bos-hucre-sayisi\/","url":"https:\/\/exceladvisor.org\/tr\/bos-hucre-sayisi\/","name":"Excel&#39;de bo\u015f h\u00fccreleri nas\u0131l sayabilirim? - Excel Dan\u0131\u015fman\u0131","isPartOf":{"@id":"https:\/\/exceladvisor.org\/tr\/#website"},"primaryImageOfPage":{"@id":"https:\/\/exceladvisor.org\/tr\/bos-hucre-sayisi\/#primaryimage"},"image":{"@id":"https:\/\/exceladvisor.org\/tr\/bos-hucre-sayisi\/#primaryimage"},"thumbnailUrl":"https:\/\/exceladvisor.org\/wp-content\/uploads\/2023\/08\/1-plage-avec-des-cellules-vides.png","datePublished":"2023-11-17T07:33:43+00:00","dateModified":"2023-12-10T06:00:58+00:00","description":"Bu e\u011fitimde, kullan\u0131m\u0131 kolay farkl\u0131 form\u00fcller kullanarak Excel&#39;deki bo\u015f h\u00fccreleri sayman\u0131n farkl\u0131 yollar\u0131n\u0131 \u00f6\u011freneceksiniz.","breadcrumb":{"@id":"https:\/\/exceladvisor.org\/tr\/bos-hucre-sayisi\/#breadcrumb"},"inLanguage":"tr","potentialAction":[{"@type":"ReadAction","target":["https:\/\/exceladvisor.org\/tr\/bos-hucre-sayisi\/"]}]},{"@type":"ImageObject","inLanguage":"tr","@id":"https:\/\/exceladvisor.org\/tr\/bos-hucre-sayisi\/#primaryimage","url":"https:\/\/exceladvisor.org\/wp-content\/uploads\/2023\/08\/1-plage-avec-des-cellules-vides.png","contentUrl":"https:\/\/exceladvisor.org\/wp-content\/uploads\/2023\/08\/1-plage-avec-des-cellules-vides.png"},{"@type":"BreadcrumbList","@id":"https:\/\/exceladvisor.org\/tr\/bos-hucre-sayisi\/#breadcrumb","itemListElement":[{"@type":"ListItem","position":1,"name":"Ev","item":"https:\/\/exceladvisor.org\/tr\/"},{"@type":"ListItem","position":2,"name":"Excel&#39;de bo\u015f h\u00fccreleri nas\u0131l sayabilirim?"}]},{"@type":"WebSite","@id":"https:\/\/exceladvisor.org\/tr\/#website","url":"https:\/\/exceladvisor.org\/tr\/","name":"Excel Advisor","description":"Veri hakimiyetine y\u00f6nelik nihai rehberiniz!","publisher":{"@id":"https:\/\/exceladvisor.org\/tr\/#organization"},"potentialAction":[{"@type":"SearchAction","target":{"@type":"EntryPoint","urlTemplate":"https:\/\/exceladvisor.org\/tr\/?s={search_term_string}"},"query-input":{"@type":"PropertyValueSpecification","valueRequired":true,"valueName":"search_term_string"}}],"inLanguage":"tr"},{"@type":"Organization","@id":"https:\/\/exceladvisor.org\/tr\/#organization","name":"Excel Advisor","url":"https:\/\/exceladvisor.org\/tr\/","logo":{"@type":"ImageObject","inLanguage":"tr","@id":"https:\/\/exceladvisor.org\/tr\/#\/schema\/logo\/image\/","url":"https:\/\/exceladvisor.org\/tr\/wp-content\/uploads\/2023\/12\/exceladvisor.org_.png","contentUrl":"https:\/\/exceladvisor.org\/tr\/wp-content\/uploads\/2023\/12\/exceladvisor.org_.png","width":105,"height":36,"caption":"Excel Advisor"},"image":{"@id":"https:\/\/exceladvisor.org\/tr\/#\/schema\/logo\/image\/"}}]}},"yoast_meta":{"yoast_wpseo_title":"","yoast_wpseo_metadesc":"","yoast_wpseo_canonical":""},"_links":{"self":[{"href":"https:\/\/exceladvisor.org\/tr\/wp-json\/wp\/v2\/pages\/1554","targetHints":{"allow":["GET"]}}],"collection":[{"href":"https:\/\/exceladvisor.org\/tr\/wp-json\/wp\/v2\/pages"}],"about":[{"href":"https:\/\/exceladvisor.org\/tr\/wp-json\/wp\/v2\/types\/page"}],"author":[{"embeddable":true,"href":"https:\/\/exceladvisor.org\/tr\/wp-json\/wp\/v2\/users\/1"}],"replies":[{"embeddable":true,"href":"https:\/\/exceladvisor.org\/tr\/wp-json\/wp\/v2\/comments?post=1554"}],"version-history":[{"count":1,"href":"https:\/\/exceladvisor.org\/tr\/wp-json\/wp\/v2\/pages\/1554\/revisions"}],"predecessor-version":[{"id":2450,"href":"https:\/\/exceladvisor.org\/tr\/wp-json\/wp\/v2\/pages\/1554\/revisions\/2450"}],"wp:attachment":[{"href":"https:\/\/exceladvisor.org\/tr\/wp-json\/wp\/v2\/media?parent=1554"}],"curies":[{"name":"wp","href":"https:\/\/api.w.org\/{rel}","templated":true}]}}