{"id":1555,"date":"2023-11-17T07:16:19","date_gmt":"2023-11-17T07:16:19","guid":{"rendered":"https:\/\/exceladvisor.org\/tr\/dosya-adini-al\/"},"modified":"2023-12-10T06:01:10","modified_gmt":"2023-12-10T06:01:10","slug":"dosya-adini-al","status":"publish","type":"page","link":"https:\/\/exceladvisor.org\/tr\/dosya-adini-al\/","title":{"rendered":"Excel&#39;de dosya ad\u0131 nas\u0131l al\u0131n\u0131r?"},"content":{"rendered":"<div class=\"excel-icerikten-once\" id=\"excel-190583722\"><script type=\"text\/javascript\">\r\n\tatOptions = {\r\n\t\t'key' : 'c1158f160081d6540a8409e6925dab94',\r\n\t\t'format' : 'iframe',\r\n\t\t'height' : 250,\r\n\t\t'width' : 300,\r\n\t\t'params' : {}\r\n\t};\r\n<\/script>\r\n<script type=\"text\/javascript\" src=\"\/\/www.highperformanceformat.com\/c1158f160081d6540a8409e6925dab94\/invoke.js\"><\/script><\/div> <p>Excel&#8217;de dosya ad\u0131n\u0131 almak i\u00e7in do\u011frudan bir i\u015flev yoktur, ancak dosya yolunu almak i\u00e7in CELL i\u015flevini kullanabilirsiniz, ard\u0131ndan dosya ad\u0131n\u0131 ondan \u00e7\u0131karmak i\u00e7in MID i\u015flevini kullanabiliriz.<\/p><p> A\u015fa\u011f\u0131daki ad\u0131mlar\u0131 kullanabilirsiniz:<\/p><ol type=\"1\"><li> \u00d6ncelikle bir h\u00fccreye H\u00dcCRE fonksiyonunu girmeniz gerekir.<\/li><li> Bundan sonra arg\u00fcmanda \u201cdosya ad\u0131n\u0131\u201d belirtmeniz gerekir.<\/li><li> Daha sonra kapan\u0131\u015f parantezlerini girin<\/li><li> Sonunda Enter tu\u015funa bas\u0131n.<\/li><\/ol><pre class=\"wp-block-code\"> <code class=\"language-excel-formula\" lang=\"excel-formula\">=CELL(\"filename\")<\/code><\/pre><p> Bu noktada dosya adresine giden yola sahipsiniz. A\u015fa\u011f\u0131daki \u00f6rnekte yol adresinin D1 h\u00fccresinde oldu\u011funu g\u00f6rebilirsiniz. <\/p><div class=\"wp-block-image\"><figure class=\"aligncenter size-full is-resized\"><img loading=\"lazy\" decoding=\"async\" class=\"wp-image-66806\" src=\"https:\/\/exceladvisor.org\/wp-content\/uploads\/2023\/08\/1-obtenir-le-nom-du-fichier.png\" sizes=\"auto, \" srcset=\"\" alt=\"dosya ad\u0131n\u0131 al\" width=\"565\" height=\"298\"><\/figure><\/div><p> \u015eimdi s\u0131ra bu adresten dosya ismini almak olacak ve bunun i\u00e7in MID + SEARCH fonksiyonlar\u0131n\u0131 kullanaca\u011f\u0131z.<\/p><p> Dikkat etmeniz gereken bir \u015fey var, dosya ad\u0131 k\u00f6\u015feli parantez i\u00e7indedir.<\/p><p> \u015eimdi dosya ad\u0131n\u0131 almak i\u00e7in bir form\u00fcl olu\u015ftural\u0131m.<\/p><ol><li> \u0130lk olarak, arama fonksiyonunu kullanarak ba\u015flang\u0131\u00e7 kancas\u0131n\u0131n konumunu bulmak i\u00e7in ARAMA fonksiyonunu kullan\u0131n. <br><img loading=\"lazy\" decoding=\"async\" title=\"2-pozisyon-bilmek i\u00e7in-arama fonksiyonu\" src=\"https:\/\/exceladvisor.org\/wp-content\/uploads\/2023\/08\/2-fonction-de-recherche-pour-connaitre-la-position.png\" sizes=\"auto, \" srcset=\"\" alt=\"search-function-to-know-the-position\" width=\"535\" height=\"163\"><\/li><li> Daha sonra biti\u015f braketlerinin konumunu bulman\u0131z gerekir. <br><img loading=\"lazy\" decoding=\"async\" title=\"3 konumlu sonland\u0131rma kancalar\u0131\" src=\"https:\/\/exceladvisor.org\/wp-content\/uploads\/2023\/08\/3-position-des-crochets-de-fin.png\" sizes=\"auto, \" srcset=\"\" alt=\"position-of-ending-square-brackets\" width=\"533\" height=\"157\"><\/li><li> Bundan sonra tam yoldan son ad\u0131 almak i\u00e7in MID i\u015flevini kullanman\u0131z gerekir.<\/li><li> Bunun i\u00e7in de arama fonksiyonundan ald\u0131\u011f\u0131n\u0131z de\u011ferleri kullanman\u0131z gereken a\u015fa\u011f\u0131daki form\u00fcl\u00fc kullanmam\u0131z gerekiyor. <br><img loading=\"lazy\" decoding=\"async\" title=\"4-dosya ad\u0131n\u0131 alacak orta i\u015flev\" src=\"https:\/\/exceladvisor.org\/wp-content\/uploads\/2023\/08\/4-fonction-mediane-pour-obtenir-le-nom-du-fichier.png\" sizes=\"auto, \" srcset=\"\" alt=\"mid-function-to-get-file-name\" width=\"532\" height=\"173\"><\/li><\/ol><p> \u015eimdi MID fonksiyonu ile yazd\u0131\u011f\u0131m\u0131z bu form\u00fcl\u00fc anlayal\u0131m. MID i\u015flevinde:<\/p><ol type=\"1\"><li> \u0130lk arg\u00fcmanda dosyan\u0131n tam yolunun bulundu\u011fu h\u00fccreye at\u0131fta bulundunuz.<\/li><li> \u0130kinci arg\u00fcmanda, SEARCH i\u015flevinden ald\u0131\u011f\u0131n\u0131z ba\u015flang\u0131\u00e7 ayrac\u0131 konumunu kulland\u0131n\u0131z ve ard\u0131ndan buna 1 eklediniz.<\/li><li> \u00dc\u00e7\u00fcnc\u00fc arg\u00fcmanda, biti\u015f parantezi konumunu kulland\u0131n\u0131z ve ba\u015flang\u0131\u00e7 parantezi konumunu \u00e7\u0131kard\u0131n\u0131z, ard\u0131ndan 1 \u00e7\u0131kard\u0131n\u0131z. Bu size elde edilecek tam karakter say\u0131s\u0131n\u0131 verir.<\/li><\/ol><p> Burada tek h\u00fccrede sonu\u00e7 alabilmek i\u00e7in t\u00fcm fonksiyonlar\u0131 tek form\u00fclde girdim.<\/p><pre class=\"wp-block-code\"> <code class=\"language-excel-formula\" lang=\"excel-formula\">=MID(CELL(\"filename\"),SEARCH(\"[\",CELL(\"filename\"))+1,SEARCH(\"]\",CELL(\"filename\"))-SEARCH(\"[\",CELL(\"filename\"))-1)<\/code><\/pre><div class=\"gb-container gb-container-0df56012 gb-container-mt\"> <a class=\"gb-button gb-button-f9f432f4 gb-button-text gb-button-mt-button\" href=\"https:\/\/exceladvisor.org\/tr\/formuller\/\">Excel form\u00fcllerinin listesi<\/a><h2 class=\"gb-headline gb-headline-233444e8 gb-headline-text gb-headline-mt-heading\"> \u0130lgili form\u00fcller <\/h2><div class=\"gb-grid-wrapper gb-grid-wrapper-a16fa65c gb-grid-wrapper-mt-grid\"><div class=\"gb-grid-column gb-grid-column-50d07e0d\"><div class=\"gb-container gb-container-50d07e0d\"><ul><li> <a href=\"https:\/\/exceladvisor.org\/tr\/yatay-filtre\/\">Excel&#8217;de yatay filtre olu\u015fturma<\/a><\/li><li> <a href=\"https:\/\/exceladvisor.org\/tr\/yildiz-derecelendirmesi\/\">Excel&#8217;de y\u0131ld\u0131z derecelendirmesi \u015fablonu olu\u015fturma<\/a><\/li><li> <a href=\"https:\/\/exceladvisor.org\/tr\/sayfa-adini-al\/\">Excel&#8217;de sayfa ad\u0131n\u0131 al\u0131n<\/a><\/li><li> <a href=\"https:\/\/exceladvisor.org\/tr\/rastgele-harfler-olustur\/\">Excel&#8217;de h\u0131zla rastgele harfler olu\u015fturun<\/a><\/li><li> <a href=\"https:\/\/exceladvisor.org\/tr\/listeyi-rastgele-hale-getir\/\">Excel&#8217;de bir listeyi rastgele s\u0131ralama (rastgele s\u0131ralama)<\/a> <\/li><\/ul><\/div><\/div><div class=\"gb-grid-column gb-grid-column-5b4a0cf9\"><div class=\"gb-container gb-container-5b4a0cf9\"><\/div><\/div><\/div><\/div>","protected":false},"excerpt":{"rendered":"","protected":false},"author":1,"featured_media":0,"parent":0,"menu_order":0,"comment_status":"open","ping_status":"closed","template":"","meta":{"ub_ctt_via":"","footnotes":""},"class_list":["post-1555","page","type-page","status-publish","hentry"],"featured_image_src":null,"yoast_head":"<!-- This site is optimized with the Yoast SEO plugin v25.4 - https:\/\/yoast.com\/wordpress\/plugins\/seo\/ -->\n<title>Excel&#039;de dosya ad\u0131 nas\u0131l al\u0131n\u0131r? - Excel Dan\u0131\u015fman\u0131<\/title>\n<meta name=\"description\" content=\"Bu e\u011fitimde, kullan\u0131m\u0131 kolay form\u00fclleri kullanarak Excel&#039;de dosya ad\u0131 alman\u0131n farkl\u0131 yollar\u0131n\u0131 \u00f6\u011freneceksiniz.\" \/>\n<meta name=\"robots\" content=\"index, follow, max-snippet:-1, max-image-preview:large, max-video-preview:-1\" \/>\n<link rel=\"canonical\" href=\"https:\/\/exceladvisor.org\/tr\/dosya-adini-al\/\" \/>\n<meta property=\"og:locale\" content=\"tr_TR\" \/>\n<meta property=\"og:type\" content=\"article\" \/>\n<meta property=\"og:title\" content=\"Excel&#039;de dosya ad\u0131 nas\u0131l al\u0131n\u0131r? - Excel Dan\u0131\u015fman\u0131\" \/>\n<meta property=\"og:description\" content=\"Bu e\u011fitimde, kullan\u0131m\u0131 kolay form\u00fclleri kullanarak Excel&#039;de dosya ad\u0131 alman\u0131n farkl\u0131 yollar\u0131n\u0131 \u00f6\u011freneceksiniz.\" \/>\n<meta property=\"og:url\" content=\"https:\/\/exceladvisor.org\/tr\/dosya-adini-al\/\" \/>\n<meta property=\"og:site_name\" content=\"Excel Advisor\" \/>\n<meta property=\"article:modified_time\" content=\"2023-12-10T06:01:10+00:00\" \/>\n<meta property=\"og:image\" content=\"https:\/\/exceladvisor.org\/wp-content\/uploads\/2023\/08\/1-obtenir-le-nom-du-fichier.png\" \/>\n<meta name=\"twitter:card\" content=\"summary_large_image\" \/>\n<meta name=\"twitter:label1\" content=\"Tahmini okuma s\u00fcresi\" \/>\n\t<meta name=\"twitter:data1\" content=\"2 dakika\" \/>\n<script type=\"application\/ld+json\" class=\"yoast-schema-graph\">{\"@context\":\"https:\/\/schema.org\",\"@graph\":[{\"@type\":\"WebPage\",\"@id\":\"https:\/\/exceladvisor.org\/tr\/dosya-adini-al\/\",\"url\":\"https:\/\/exceladvisor.org\/tr\/dosya-adini-al\/\",\"name\":\"Excel&#39;de dosya ad\u0131 nas\u0131l al\u0131n\u0131r? - Excel Dan\u0131\u015fman\u0131\",\"isPartOf\":{\"@id\":\"https:\/\/exceladvisor.org\/tr\/#website\"},\"primaryImageOfPage\":{\"@id\":\"https:\/\/exceladvisor.org\/tr\/dosya-adini-al\/#primaryimage\"},\"image\":{\"@id\":\"https:\/\/exceladvisor.org\/tr\/dosya-adini-al\/#primaryimage\"},\"thumbnailUrl\":\"https:\/\/exceladvisor.org\/wp-content\/uploads\/2023\/08\/1-obtenir-le-nom-du-fichier.png\",\"datePublished\":\"2023-11-17T07:16:19+00:00\",\"dateModified\":\"2023-12-10T06:01:10+00:00\",\"description\":\"Bu e\u011fitimde, kullan\u0131m\u0131 kolay form\u00fclleri kullanarak Excel&#39;de dosya ad\u0131 alman\u0131n farkl\u0131 yollar\u0131n\u0131 \u00f6\u011freneceksiniz.\",\"breadcrumb\":{\"@id\":\"https:\/\/exceladvisor.org\/tr\/dosya-adini-al\/#breadcrumb\"},\"inLanguage\":\"tr\",\"potentialAction\":[{\"@type\":\"ReadAction\",\"target\":[\"https:\/\/exceladvisor.org\/tr\/dosya-adini-al\/\"]}]},{\"@type\":\"ImageObject\",\"inLanguage\":\"tr\",\"@id\":\"https:\/\/exceladvisor.org\/tr\/dosya-adini-al\/#primaryimage\",\"url\":\"https:\/\/exceladvisor.org\/wp-content\/uploads\/2023\/08\/1-obtenir-le-nom-du-fichier.png\",\"contentUrl\":\"https:\/\/exceladvisor.org\/wp-content\/uploads\/2023\/08\/1-obtenir-le-nom-du-fichier.png\"},{\"@type\":\"BreadcrumbList\",\"@id\":\"https:\/\/exceladvisor.org\/tr\/dosya-adini-al\/#breadcrumb\",\"itemListElement\":[{\"@type\":\"ListItem\",\"position\":1,\"name\":\"Ev\",\"item\":\"https:\/\/exceladvisor.org\/tr\/\"},{\"@type\":\"ListItem\",\"position\":2,\"name\":\"Excel&#39;de dosya ad\u0131 nas\u0131l al\u0131n\u0131r?\"}]},{\"@type\":\"WebSite\",\"@id\":\"https:\/\/exceladvisor.org\/tr\/#website\",\"url\":\"https:\/\/exceladvisor.org\/tr\/\",\"name\":\"Excel Advisor\",\"description\":\"Veri hakimiyetine y\u00f6nelik nihai rehberiniz!\",\"publisher\":{\"@id\":\"https:\/\/exceladvisor.org\/tr\/#organization\"},\"potentialAction\":[{\"@type\":\"SearchAction\",\"target\":{\"@type\":\"EntryPoint\",\"urlTemplate\":\"https:\/\/exceladvisor.org\/tr\/?s={search_term_string}\"},\"query-input\":{\"@type\":\"PropertyValueSpecification\",\"valueRequired\":true,\"valueName\":\"search_term_string\"}}],\"inLanguage\":\"tr\"},{\"@type\":\"Organization\",\"@id\":\"https:\/\/exceladvisor.org\/tr\/#organization\",\"name\":\"Excel Advisor\",\"url\":\"https:\/\/exceladvisor.org\/tr\/\",\"logo\":{\"@type\":\"ImageObject\",\"inLanguage\":\"tr\",\"@id\":\"https:\/\/exceladvisor.org\/tr\/#\/schema\/logo\/image\/\",\"url\":\"https:\/\/exceladvisor.org\/tr\/wp-content\/uploads\/2023\/12\/exceladvisor.org_.png\",\"contentUrl\":\"https:\/\/exceladvisor.org\/tr\/wp-content\/uploads\/2023\/12\/exceladvisor.org_.png\",\"width\":105,\"height\":36,\"caption\":\"Excel Advisor\"},\"image\":{\"@id\":\"https:\/\/exceladvisor.org\/tr\/#\/schema\/logo\/image\/\"}}]}<\/script>\n<!-- \/ Yoast SEO plugin. -->","yoast_head_json":{"title":"Excel&#39;de dosya ad\u0131 nas\u0131l al\u0131n\u0131r? - Excel Dan\u0131\u015fman\u0131","description":"Bu e\u011fitimde, kullan\u0131m\u0131 kolay form\u00fclleri kullanarak Excel&#39;de dosya ad\u0131 alman\u0131n farkl\u0131 yollar\u0131n\u0131 \u00f6\u011freneceksiniz.","robots":{"index":"index","follow":"follow","max-snippet":"max-snippet:-1","max-image-preview":"max-image-preview:large","max-video-preview":"max-video-preview:-1"},"canonical":"https:\/\/exceladvisor.org\/tr\/dosya-adini-al\/","og_locale":"tr_TR","og_type":"article","og_title":"Excel&#39;de dosya ad\u0131 nas\u0131l al\u0131n\u0131r? - Excel Dan\u0131\u015fman\u0131","og_description":"Bu e\u011fitimde, kullan\u0131m\u0131 kolay form\u00fclleri kullanarak Excel&#39;de dosya ad\u0131 alman\u0131n farkl\u0131 yollar\u0131n\u0131 \u00f6\u011freneceksiniz.","og_url":"https:\/\/exceladvisor.org\/tr\/dosya-adini-al\/","og_site_name":"Excel Advisor","article_modified_time":"2023-12-10T06:01:10+00:00","og_image":[{"url":"https:\/\/exceladvisor.org\/wp-content\/uploads\/2023\/08\/1-obtenir-le-nom-du-fichier.png","type":"","width":"","height":""}],"twitter_card":"summary_large_image","twitter_misc":{"Tahmini okuma s\u00fcresi":"2 dakika"},"schema":{"@context":"https:\/\/schema.org","@graph":[{"@type":"WebPage","@id":"https:\/\/exceladvisor.org\/tr\/dosya-adini-al\/","url":"https:\/\/exceladvisor.org\/tr\/dosya-adini-al\/","name":"Excel&#39;de dosya ad\u0131 nas\u0131l al\u0131n\u0131r? - Excel Dan\u0131\u015fman\u0131","isPartOf":{"@id":"https:\/\/exceladvisor.org\/tr\/#website"},"primaryImageOfPage":{"@id":"https:\/\/exceladvisor.org\/tr\/dosya-adini-al\/#primaryimage"},"image":{"@id":"https:\/\/exceladvisor.org\/tr\/dosya-adini-al\/#primaryimage"},"thumbnailUrl":"https:\/\/exceladvisor.org\/wp-content\/uploads\/2023\/08\/1-obtenir-le-nom-du-fichier.png","datePublished":"2023-11-17T07:16:19+00:00","dateModified":"2023-12-10T06:01:10+00:00","description":"Bu e\u011fitimde, kullan\u0131m\u0131 kolay form\u00fclleri kullanarak Excel&#39;de dosya ad\u0131 alman\u0131n farkl\u0131 yollar\u0131n\u0131 \u00f6\u011freneceksiniz.","breadcrumb":{"@id":"https:\/\/exceladvisor.org\/tr\/dosya-adini-al\/#breadcrumb"},"inLanguage":"tr","potentialAction":[{"@type":"ReadAction","target":["https:\/\/exceladvisor.org\/tr\/dosya-adini-al\/"]}]},{"@type":"ImageObject","inLanguage":"tr","@id":"https:\/\/exceladvisor.org\/tr\/dosya-adini-al\/#primaryimage","url":"https:\/\/exceladvisor.org\/wp-content\/uploads\/2023\/08\/1-obtenir-le-nom-du-fichier.png","contentUrl":"https:\/\/exceladvisor.org\/wp-content\/uploads\/2023\/08\/1-obtenir-le-nom-du-fichier.png"},{"@type":"BreadcrumbList","@id":"https:\/\/exceladvisor.org\/tr\/dosya-adini-al\/#breadcrumb","itemListElement":[{"@type":"ListItem","position":1,"name":"Ev","item":"https:\/\/exceladvisor.org\/tr\/"},{"@type":"ListItem","position":2,"name":"Excel&#39;de dosya ad\u0131 nas\u0131l al\u0131n\u0131r?"}]},{"@type":"WebSite","@id":"https:\/\/exceladvisor.org\/tr\/#website","url":"https:\/\/exceladvisor.org\/tr\/","name":"Excel Advisor","description":"Veri hakimiyetine y\u00f6nelik nihai rehberiniz!","publisher":{"@id":"https:\/\/exceladvisor.org\/tr\/#organization"},"potentialAction":[{"@type":"SearchAction","target":{"@type":"EntryPoint","urlTemplate":"https:\/\/exceladvisor.org\/tr\/?s={search_term_string}"},"query-input":{"@type":"PropertyValueSpecification","valueRequired":true,"valueName":"search_term_string"}}],"inLanguage":"tr"},{"@type":"Organization","@id":"https:\/\/exceladvisor.org\/tr\/#organization","name":"Excel Advisor","url":"https:\/\/exceladvisor.org\/tr\/","logo":{"@type":"ImageObject","inLanguage":"tr","@id":"https:\/\/exceladvisor.org\/tr\/#\/schema\/logo\/image\/","url":"https:\/\/exceladvisor.org\/tr\/wp-content\/uploads\/2023\/12\/exceladvisor.org_.png","contentUrl":"https:\/\/exceladvisor.org\/tr\/wp-content\/uploads\/2023\/12\/exceladvisor.org_.png","width":105,"height":36,"caption":"Excel Advisor"},"image":{"@id":"https:\/\/exceladvisor.org\/tr\/#\/schema\/logo\/image\/"}}]}},"yoast_meta":{"yoast_wpseo_title":"","yoast_wpseo_metadesc":"","yoast_wpseo_canonical":""},"_links":{"self":[{"href":"https:\/\/exceladvisor.org\/tr\/wp-json\/wp\/v2\/pages\/1555","targetHints":{"allow":["GET"]}}],"collection":[{"href":"https:\/\/exceladvisor.org\/tr\/wp-json\/wp\/v2\/pages"}],"about":[{"href":"https:\/\/exceladvisor.org\/tr\/wp-json\/wp\/v2\/types\/page"}],"author":[{"embeddable":true,"href":"https:\/\/exceladvisor.org\/tr\/wp-json\/wp\/v2\/users\/1"}],"replies":[{"embeddable":true,"href":"https:\/\/exceladvisor.org\/tr\/wp-json\/wp\/v2\/comments?post=1555"}],"version-history":[{"count":1,"href":"https:\/\/exceladvisor.org\/tr\/wp-json\/wp\/v2\/pages\/1555\/revisions"}],"predecessor-version":[{"id":2482,"href":"https:\/\/exceladvisor.org\/tr\/wp-json\/wp\/v2\/pages\/1555\/revisions\/2482"}],"wp:attachment":[{"href":"https:\/\/exceladvisor.org\/tr\/wp-json\/wp\/v2\/media?parent=1555"}],"curies":[{"name":"wp","href":"https:\/\/api.w.org\/{rel}","templated":true}]}}