{"id":1556,"date":"2023-11-17T07:02:42","date_gmt":"2023-11-17T07:02:42","guid":{"rendered":"https:\/\/exceladvisor.org\/tr\/toplam-hucre-sayisini-say\/"},"modified":"2023-12-10T05:58:47","modified_gmt":"2023-12-10T05:58:47","slug":"toplam-hucre-sayisini-say","status":"publish","type":"page","link":"https:\/\/exceladvisor.org\/tr\/toplam-hucre-sayisini-say\/","title":{"rendered":"Bir aral\u0131ktaki toplam h\u00fccre say\u0131s\u0131 nas\u0131l say\u0131l\u0131r?"},"content":{"rendered":"<div class=\"excel-icerikten-once\" id=\"excel-305006919\"><script type=\"text\/javascript\">\r\n\tatOptions = {\r\n\t\t'key' : 'c1158f160081d6540a8409e6925dab94',\r\n\t\t'format' : 'iframe',\r\n\t\t'height' : 250,\r\n\t\t'width' : 300,\r\n\t\t'params' : {}\r\n\t};\r\n<\/script>\r\n<script type=\"text\/javascript\" src=\"\/\/www.highperformanceformat.com\/c1158f160081d6540a8409e6925dab94\/invoke.js\"><\/script><\/div> <p>Excel&#8217;de bir aral\u0131ktaki h\u00fccrelerin say\u0131s\u0131n\u0131 (bo\u015f ve bo\u015f olmayan h\u00fccreler) saymak istiyorsan\u0131z iki farkl\u0131 form\u00fcl kullanabilirsiniz. Bu derste her iki form\u00fcle de bakaca\u011f\u0131z.<\/p><h2 class=\"wp-block-heading\"> H\u00fccre say\u0131s\u0131n\u0131 say\u0131n (Y\u00f6ntem-1)<\/h2><p> A\u015fa\u011f\u0131daki \u00f6rnekte A s\u00fctununda baz\u0131 de\u011ferlerimiz var ve A1:B10 aral\u0131\u011f\u0131ndaki h\u00fccreleri sayman\u0131z gerekiyor. Bunun i\u00e7in de ROWS ve COLUMNS fonksiyonlar\u0131n\u0131 kullanaca\u011f\u0131z.<\/p><p> Form\u00fcl\u00fc yazma ad\u0131mlar\u0131:<\/p><ol type=\"1\"><li> \u00d6ncelikle D1 h\u00fccresine \u201c <code>=ROWS (A1:B10)<\/code> \u201d yaz\u0131n.<\/li><li> Daha sonra de\u011ferleri \u00e7arpmak i\u00e7in y\u0131ld\u0131z i\u015faretini (*) yaz\u0131n.<\/li><li> Daha sonra ayn\u0131 aral\u0131\u011fa (COLUMNS(A1:B10) kar\u015f\u0131l\u0131k gelen COLUMN fonksiyonunu girmeniz gerekmektedir.<\/li><li> Sonunda, sonucu h\u00fccrede g\u00f6r\u00fcnt\u00fclemek i\u00e7in Enter d\u00fc\u011fmesine bas\u0131n. <\/li><\/ol><div class=\"wp-block-image\"><figure class=\"aligncenter size-full is-resized\"><img loading=\"lazy\" decoding=\"async\" class=\"wp-image-66794\" src=\"https:\/\/exceladvisor.org\/wp-content\/uploads\/2023\/08\/1-fonction-lignes-et-colonnes.png\" sizes=\"auto, \" srcset=\"\" alt=\"sat\u0131rlar ve s\u00fctunlar i\u015flevi\" width=\"445\" height=\"273\"><\/figure><\/div><p> Art\u0131k g\u00f6rd\u00fc\u011f\u00fcn\u00fcz gibi Enter tu\u015funa bast\u0131\u011f\u0131n\u0131zda sonu\u00e7ta 20 \u00e7\u0131k\u0131yor \u00e7\u00fcnk\u00fc belirtti\u011finiz aral\u0131kta toplam 20 h\u00fccreniz var. <\/p><div class=\"wp-block-image\"><figure class=\"aligncenter size-full is-resized\"><img loading=\"lazy\" decoding=\"async\" class=\"wp-image-66795\" src=\"https:\/\/exceladvisor.org\/wp-content\/uploads\/2023\/08\/Resultat-de-comptage-de-2-cellules.png\" sizes=\"auto, \" srcset=\"\" alt=\"h\u00fccre say\u0131m\u0131 sonucu\" width=\"496\" height=\"303\"><\/figure><\/div><p> \u015eimdi burada kulland\u0131\u011f\u0131m\u0131z form\u00fcl\u00fc anlamaya \u00e7al\u0131\u015fal\u0131m. \u0130lk b\u00f6l\u00fcmde bir aral\u0131ktaki sat\u0131r say\u0131s\u0131n\u0131 d\u00f6nd\u00fcren ROWS fonksiyonunu kulland\u0131k. Burada A1 ila B10 aral\u0131\u011f\u0131nda on sat\u0131r\u0131n\u0131z oldu\u011fundan 10 de\u011ferini d\u00f6nd\u00fcr\u00fcr. <\/p><div class=\"wp-block-image\"><figure class=\"aligncenter size-full is-resized\"><img loading=\"lazy\" decoding=\"async\" class=\"wp-image-66796\" src=\"https:\/\/exceladvisor.org\/wp-content\/uploads\/2023\/08\/Formule-3-lignes.png\" sizes=\"auto, \" srcset=\"\" alt=\"\u00e7izgiler form\u00fcl\u00fc\" width=\"471\" height=\"332\"><\/figure><\/div><p> \u015eimdi bir dahaki sefere bir aral\u0131ktaki s\u00fctunlar\u0131n say\u0131s\u0131n\u0131 d\u00f6nd\u00fcren COLUMNS i\u015flevine sahip olacaks\u0131n\u0131z. Burada A1 ila B10 aral\u0131\u011f\u0131nda iki s\u00fctununuz oldu\u011fundan 2 de\u011ferini d\u00f6nd\u00fcr\u00fcr. <\/p><div class=\"wp-block-image\"><figure class=\"aligncenter size-full is-resized\"><img loading=\"lazy\" decoding=\"async\" class=\"wp-image-66797\" src=\"https:\/\/exceladvisor.org\/wp-content\/uploads\/2023\/08\/Formule-4-colonnes.png\" sizes=\"auto, \" srcset=\"\" alt=\"form\u00fcl s\u00fctunlar\u0131\" width=\"421\" height=\"286\"><\/figure><\/div><p> Sonu\u00e7ta aral\u0131ktaki toplam h\u00fccre say\u0131s\u0131n\u0131 elde etmek amac\u0131yla sat\u0131rlar\u0131 ve s\u00fctunlar\u0131 \u00e7arpmak i\u00e7in iki de\u011fer aras\u0131nda bir y\u0131ld\u0131z i\u015fareti bulunur.<\/p><h2 class=\"wp-block-heading\"> Bir aral\u0131ktaki h\u00fccreleri saymak i\u00e7in COUNTA \u2013 COUNTBLANK&#8217;\u0131 birle\u015ftirir<\/h2><p> \u0130kinci y\u00f6ntem COUNTA ve COUNTBLANK i\u015flevlerini birle\u015ftirmenizi gerektirir. \u0130ki i\u015flevi birle\u015ftirerek, bir aral\u0131ktaki t\u00fcm bo\u015f olmayan h\u00fccreleri ve t\u00fcm bo\u015f h\u00fccreleri sayabilirsiniz. A\u015fa\u011f\u0131da ilk \u00f6rnekte kulland\u0131\u011f\u0131m\u0131z \u00f6rne\u011fin ayn\u0131s\u0131n\u0131 g\u00f6r\u00fcyoruz.<\/p><p> D1 h\u00fccresine a\u015fa\u011f\u0131daki form\u00fcl\u00fc girebilirsiniz: <\/p><pre class=\"wp-block-code\"> <code class=\"language-excel-formula\" lang=\"excel-formula\">=COUNTA(A1:B10)+COUNTBLANK(A1:B10)<\/code><\/pre><div class=\"wp-block-image\"><figure class=\"aligncenter size-full is-resized\"><img loading=\"lazy\" decoding=\"async\" class=\"wp-image-66798\" src=\"https:\/\/exceladvisor.org\/wp-content\/uploads\/2023\/08\/5-counta-countblank-formule.png\" sizes=\"auto, \" srcset=\"\" alt=\"counta-countblank-form\u00fcl\u00fc\" width=\"546\" height=\"280\"><\/figure><\/div><p> S\u00f6yledi\u011fim gibi bu form\u00fcl iki b\u00f6l\u00fcmde \u00e7al\u0131\u015f\u0131yor:<\/p><ol type=\"1\"><li> COUNTA i\u015flevi, de\u011ferlerin bulundu\u011fu h\u00fccreleri sayar.<\/li><li> COUNTBLANK i\u015flevi, hi\u00e7bir de\u011ferinizin olmad\u0131\u011f\u0131 h\u00fccreleri sayar.<\/li><\/ol><p> Sonu\u00e7ta, iki say\u0131y\u0131 toplayan ve belirtti\u011finiz aral\u0131ktaki toplam h\u00fccre say\u0131s\u0131n\u0131 d\u00f6nd\u00fcren bir &#8220;+ i\u015faretiniz&#8221; olur. <\/p><div class=\"gb-container gb-container-52dfcee1 gb-container-sample-file\"><h2 class=\"gb-headline gb-headline-e289c143 gb-headline-text gb-headline-4f7959c2\"> Excel dosyas\u0131n\u0131 al\u0131n<\/h2> <a class=\"gb-button gb-button-e88d6bee gb-button-text gb-button-button1\" href=\"https:\/\/exceladvisor.org\/wp-content\/uploads\/2023\/08\/compter-les-cellules-dune-plage.xlsx\" rel=\"nofollow\">\u0130ndirmek<\/a><\/div><div class=\"gb-container gb-container-0df56012 gb-container-mt\"> <a class=\"gb-button gb-button-f9f432f4 gb-button-text gb-button-mt-button\" href=\"https:\/\/exceladvisor.org\/tr\/formuller\/\">Excel form\u00fcllerinin listesi<\/a><h2 class=\"gb-headline gb-headline-233444e8 gb-headline-text gb-headline-mt-heading\"> \u0130lgili form\u00fcller <\/h2><div class=\"gb-grid-wrapper gb-grid-wrapper-a16fa65c gb-grid-wrapper-mt-grid\"><div class=\"gb-grid-column gb-grid-column-50d07e0d\"><div class=\"gb-container gb-container-50d07e0d\"><ul><li> <a href=\"https:\/\/exceladvisor.org\/tr\/metin-iceren-hucreleri-say\/\">Excel&#8217;de metin i\u00e7eren h\u00fccreleri sayma<\/a><\/li><li> <a href=\"https:\/\/exceladvisor.org\/tr\/belirli-karakterleri-say\/\">Excel&#8217;de belirli karakterleri say\u0131n<\/a><\/li><li> <a href=\"https:\/\/exceladvisor.org\/tr\/benzersiz-degerleri-sayma-1\/\">Excel&#8217;de benzersiz de\u011ferleri say\u0131n<\/a><\/li><li> <a href=\"https:\/\/exceladvisor.org\/tr\/saymaya-karsi-saymak\/\">COUNT ve COUNTA<\/a><\/li><li> <a href=\"https:\/\/exceladvisor.org\/tr\/kelimeleri-say\/\">Excel&#8217;de kelimeleri sayma<\/a> <\/li><\/ul><\/div><\/div><div class=\"gb-grid-column gb-grid-column-5b4a0cf9\"><div class=\"gb-container gb-container-5b4a0cf9\"><\/div><\/div><\/div><\/div>","protected":false},"excerpt":{"rendered":"","protected":false},"author":1,"featured_media":0,"parent":0,"menu_order":0,"comment_status":"open","ping_status":"closed","template":"","meta":{"ub_ctt_via":"","footnotes":""},"class_list":["post-1556","page","type-page","status-publish","hentry"],"featured_image_src":null,"yoast_head":"<!-- This site is optimized with the Yoast SEO plugin v25.4 - https:\/\/yoast.com\/wordpress\/plugins\/seo\/ -->\n<title>\u25b7 Bir aral\u0131ktaki toplam h\u00fccre say\u0131s\u0131 nas\u0131l say\u0131l\u0131r?<\/title>\n<meta name=\"description\" content=\"Bu e\u011fitimde, Excel&#039;de bir aral\u0131ktaki toplam h\u00fccre say\u0131s\u0131n\u0131 sayman\u0131n farkl\u0131 yollar\u0131n\u0131 \u00f6\u011freneceksiniz.\" \/>\n<meta name=\"robots\" content=\"index, follow, max-snippet:-1, max-image-preview:large, max-video-preview:-1\" \/>\n<link rel=\"canonical\" href=\"https:\/\/exceladvisor.org\/tr\/toplam-hucre-sayisini-say\/\" \/>\n<meta property=\"og:locale\" content=\"tr_TR\" \/>\n<meta property=\"og:type\" content=\"article\" \/>\n<meta property=\"og:title\" content=\"\u25b7 Bir aral\u0131ktaki toplam h\u00fccre say\u0131s\u0131 nas\u0131l say\u0131l\u0131r?\" \/>\n<meta property=\"og:description\" content=\"Bu e\u011fitimde, Excel&#039;de bir aral\u0131ktaki toplam h\u00fccre say\u0131s\u0131n\u0131 sayman\u0131n farkl\u0131 yollar\u0131n\u0131 \u00f6\u011freneceksiniz.\" \/>\n<meta property=\"og:url\" content=\"https:\/\/exceladvisor.org\/tr\/toplam-hucre-sayisini-say\/\" \/>\n<meta property=\"og:site_name\" content=\"Excel Advisor\" \/>\n<meta property=\"article:modified_time\" content=\"2023-12-10T05:58:47+00:00\" \/>\n<meta property=\"og:image\" content=\"https:\/\/exceladvisor.org\/wp-content\/uploads\/2023\/08\/1-fonction-lignes-et-colonnes.png\" \/>\n<meta name=\"twitter:card\" content=\"summary_large_image\" \/>\n<meta name=\"twitter:label1\" content=\"Tahmini okuma s\u00fcresi\" \/>\n\t<meta name=\"twitter:data1\" content=\"2 dakika\" \/>\n<script type=\"application\/ld+json\" class=\"yoast-schema-graph\">{\"@context\":\"https:\/\/schema.org\",\"@graph\":[{\"@type\":\"WebPage\",\"@id\":\"https:\/\/exceladvisor.org\/tr\/toplam-hucre-sayisini-say\/\",\"url\":\"https:\/\/exceladvisor.org\/tr\/toplam-hucre-sayisini-say\/\",\"name\":\"\u25b7 Bir aral\u0131ktaki toplam h\u00fccre say\u0131s\u0131 nas\u0131l say\u0131l\u0131r?\",\"isPartOf\":{\"@id\":\"https:\/\/exceladvisor.org\/tr\/#website\"},\"primaryImageOfPage\":{\"@id\":\"https:\/\/exceladvisor.org\/tr\/toplam-hucre-sayisini-say\/#primaryimage\"},\"image\":{\"@id\":\"https:\/\/exceladvisor.org\/tr\/toplam-hucre-sayisini-say\/#primaryimage\"},\"thumbnailUrl\":\"https:\/\/exceladvisor.org\/wp-content\/uploads\/2023\/08\/1-fonction-lignes-et-colonnes.png\",\"datePublished\":\"2023-11-17T07:02:42+00:00\",\"dateModified\":\"2023-12-10T05:58:47+00:00\",\"description\":\"Bu e\u011fitimde, Excel&#39;de bir aral\u0131ktaki toplam h\u00fccre say\u0131s\u0131n\u0131 sayman\u0131n farkl\u0131 yollar\u0131n\u0131 \u00f6\u011freneceksiniz.\",\"breadcrumb\":{\"@id\":\"https:\/\/exceladvisor.org\/tr\/toplam-hucre-sayisini-say\/#breadcrumb\"},\"inLanguage\":\"tr\",\"potentialAction\":[{\"@type\":\"ReadAction\",\"target\":[\"https:\/\/exceladvisor.org\/tr\/toplam-hucre-sayisini-say\/\"]}]},{\"@type\":\"ImageObject\",\"inLanguage\":\"tr\",\"@id\":\"https:\/\/exceladvisor.org\/tr\/toplam-hucre-sayisini-say\/#primaryimage\",\"url\":\"https:\/\/exceladvisor.org\/wp-content\/uploads\/2023\/08\/1-fonction-lignes-et-colonnes.png\",\"contentUrl\":\"https:\/\/exceladvisor.org\/wp-content\/uploads\/2023\/08\/1-fonction-lignes-et-colonnes.png\"},{\"@type\":\"BreadcrumbList\",\"@id\":\"https:\/\/exceladvisor.org\/tr\/toplam-hucre-sayisini-say\/#breadcrumb\",\"itemListElement\":[{\"@type\":\"ListItem\",\"position\":1,\"name\":\"Ev\",\"item\":\"https:\/\/exceladvisor.org\/tr\/\"},{\"@type\":\"ListItem\",\"position\":2,\"name\":\"Bir aral\u0131ktaki toplam h\u00fccre say\u0131s\u0131 nas\u0131l say\u0131l\u0131r?\"}]},{\"@type\":\"WebSite\",\"@id\":\"https:\/\/exceladvisor.org\/tr\/#website\",\"url\":\"https:\/\/exceladvisor.org\/tr\/\",\"name\":\"Excel Advisor\",\"description\":\"Veri hakimiyetine y\u00f6nelik nihai rehberiniz!\",\"publisher\":{\"@id\":\"https:\/\/exceladvisor.org\/tr\/#organization\"},\"potentialAction\":[{\"@type\":\"SearchAction\",\"target\":{\"@type\":\"EntryPoint\",\"urlTemplate\":\"https:\/\/exceladvisor.org\/tr\/?s={search_term_string}\"},\"query-input\":{\"@type\":\"PropertyValueSpecification\",\"valueRequired\":true,\"valueName\":\"search_term_string\"}}],\"inLanguage\":\"tr\"},{\"@type\":\"Organization\",\"@id\":\"https:\/\/exceladvisor.org\/tr\/#organization\",\"name\":\"Excel Advisor\",\"url\":\"https:\/\/exceladvisor.org\/tr\/\",\"logo\":{\"@type\":\"ImageObject\",\"inLanguage\":\"tr\",\"@id\":\"https:\/\/exceladvisor.org\/tr\/#\/schema\/logo\/image\/\",\"url\":\"https:\/\/exceladvisor.org\/tr\/wp-content\/uploads\/2023\/12\/exceladvisor.org_.png\",\"contentUrl\":\"https:\/\/exceladvisor.org\/tr\/wp-content\/uploads\/2023\/12\/exceladvisor.org_.png\",\"width\":105,\"height\":36,\"caption\":\"Excel Advisor\"},\"image\":{\"@id\":\"https:\/\/exceladvisor.org\/tr\/#\/schema\/logo\/image\/\"}}]}<\/script>\n<!-- \/ Yoast SEO plugin. -->","yoast_head_json":{"title":"\u25b7 Bir aral\u0131ktaki toplam h\u00fccre say\u0131s\u0131 nas\u0131l say\u0131l\u0131r?","description":"Bu e\u011fitimde, Excel&#39;de bir aral\u0131ktaki toplam h\u00fccre say\u0131s\u0131n\u0131 sayman\u0131n farkl\u0131 yollar\u0131n\u0131 \u00f6\u011freneceksiniz.","robots":{"index":"index","follow":"follow","max-snippet":"max-snippet:-1","max-image-preview":"max-image-preview:large","max-video-preview":"max-video-preview:-1"},"canonical":"https:\/\/exceladvisor.org\/tr\/toplam-hucre-sayisini-say\/","og_locale":"tr_TR","og_type":"article","og_title":"\u25b7 Bir aral\u0131ktaki toplam h\u00fccre say\u0131s\u0131 nas\u0131l say\u0131l\u0131r?","og_description":"Bu e\u011fitimde, Excel&#39;de bir aral\u0131ktaki toplam h\u00fccre say\u0131s\u0131n\u0131 sayman\u0131n farkl\u0131 yollar\u0131n\u0131 \u00f6\u011freneceksiniz.","og_url":"https:\/\/exceladvisor.org\/tr\/toplam-hucre-sayisini-say\/","og_site_name":"Excel Advisor","article_modified_time":"2023-12-10T05:58:47+00:00","og_image":[{"url":"https:\/\/exceladvisor.org\/wp-content\/uploads\/2023\/08\/1-fonction-lignes-et-colonnes.png","type":"","width":"","height":""}],"twitter_card":"summary_large_image","twitter_misc":{"Tahmini okuma s\u00fcresi":"2 dakika"},"schema":{"@context":"https:\/\/schema.org","@graph":[{"@type":"WebPage","@id":"https:\/\/exceladvisor.org\/tr\/toplam-hucre-sayisini-say\/","url":"https:\/\/exceladvisor.org\/tr\/toplam-hucre-sayisini-say\/","name":"\u25b7 Bir aral\u0131ktaki toplam h\u00fccre say\u0131s\u0131 nas\u0131l say\u0131l\u0131r?","isPartOf":{"@id":"https:\/\/exceladvisor.org\/tr\/#website"},"primaryImageOfPage":{"@id":"https:\/\/exceladvisor.org\/tr\/toplam-hucre-sayisini-say\/#primaryimage"},"image":{"@id":"https:\/\/exceladvisor.org\/tr\/toplam-hucre-sayisini-say\/#primaryimage"},"thumbnailUrl":"https:\/\/exceladvisor.org\/wp-content\/uploads\/2023\/08\/1-fonction-lignes-et-colonnes.png","datePublished":"2023-11-17T07:02:42+00:00","dateModified":"2023-12-10T05:58:47+00:00","description":"Bu e\u011fitimde, Excel&#39;de bir aral\u0131ktaki toplam h\u00fccre say\u0131s\u0131n\u0131 sayman\u0131n farkl\u0131 yollar\u0131n\u0131 \u00f6\u011freneceksiniz.","breadcrumb":{"@id":"https:\/\/exceladvisor.org\/tr\/toplam-hucre-sayisini-say\/#breadcrumb"},"inLanguage":"tr","potentialAction":[{"@type":"ReadAction","target":["https:\/\/exceladvisor.org\/tr\/toplam-hucre-sayisini-say\/"]}]},{"@type":"ImageObject","inLanguage":"tr","@id":"https:\/\/exceladvisor.org\/tr\/toplam-hucre-sayisini-say\/#primaryimage","url":"https:\/\/exceladvisor.org\/wp-content\/uploads\/2023\/08\/1-fonction-lignes-et-colonnes.png","contentUrl":"https:\/\/exceladvisor.org\/wp-content\/uploads\/2023\/08\/1-fonction-lignes-et-colonnes.png"},{"@type":"BreadcrumbList","@id":"https:\/\/exceladvisor.org\/tr\/toplam-hucre-sayisini-say\/#breadcrumb","itemListElement":[{"@type":"ListItem","position":1,"name":"Ev","item":"https:\/\/exceladvisor.org\/tr\/"},{"@type":"ListItem","position":2,"name":"Bir aral\u0131ktaki toplam h\u00fccre say\u0131s\u0131 nas\u0131l say\u0131l\u0131r?"}]},{"@type":"WebSite","@id":"https:\/\/exceladvisor.org\/tr\/#website","url":"https:\/\/exceladvisor.org\/tr\/","name":"Excel Advisor","description":"Veri hakimiyetine y\u00f6nelik nihai rehberiniz!","publisher":{"@id":"https:\/\/exceladvisor.org\/tr\/#organization"},"potentialAction":[{"@type":"SearchAction","target":{"@type":"EntryPoint","urlTemplate":"https:\/\/exceladvisor.org\/tr\/?s={search_term_string}"},"query-input":{"@type":"PropertyValueSpecification","valueRequired":true,"valueName":"search_term_string"}}],"inLanguage":"tr"},{"@type":"Organization","@id":"https:\/\/exceladvisor.org\/tr\/#organization","name":"Excel Advisor","url":"https:\/\/exceladvisor.org\/tr\/","logo":{"@type":"ImageObject","inLanguage":"tr","@id":"https:\/\/exceladvisor.org\/tr\/#\/schema\/logo\/image\/","url":"https:\/\/exceladvisor.org\/tr\/wp-content\/uploads\/2023\/12\/exceladvisor.org_.png","contentUrl":"https:\/\/exceladvisor.org\/tr\/wp-content\/uploads\/2023\/12\/exceladvisor.org_.png","width":105,"height":36,"caption":"Excel Advisor"},"image":{"@id":"https:\/\/exceladvisor.org\/tr\/#\/schema\/logo\/image\/"}}]}},"yoast_meta":{"yoast_wpseo_title":"","yoast_wpseo_metadesc":"","yoast_wpseo_canonical":""},"_links":{"self":[{"href":"https:\/\/exceladvisor.org\/tr\/wp-json\/wp\/v2\/pages\/1556","targetHints":{"allow":["GET"]}}],"collection":[{"href":"https:\/\/exceladvisor.org\/tr\/wp-json\/wp\/v2\/pages"}],"about":[{"href":"https:\/\/exceladvisor.org\/tr\/wp-json\/wp\/v2\/types\/page"}],"author":[{"embeddable":true,"href":"https:\/\/exceladvisor.org\/tr\/wp-json\/wp\/v2\/users\/1"}],"replies":[{"embeddable":true,"href":"https:\/\/exceladvisor.org\/tr\/wp-json\/wp\/v2\/comments?post=1556"}],"version-history":[{"count":1,"href":"https:\/\/exceladvisor.org\/tr\/wp-json\/wp\/v2\/pages\/1556\/revisions"}],"predecessor-version":[{"id":2270,"href":"https:\/\/exceladvisor.org\/tr\/wp-json\/wp\/v2\/pages\/1556\/revisions\/2270"}],"wp:attachment":[{"href":"https:\/\/exceladvisor.org\/tr\/wp-json\/wp\/v2\/media?parent=1556"}],"curies":[{"name":"wp","href":"https:\/\/api.w.org\/{rel}","templated":true}]}}