{"id":1557,"date":"2023-11-17T06:46:31","date_gmt":"2023-11-17T06:46:31","guid":{"rendered":"https:\/\/exceladvisor.org\/tr\/hucreleri-virgulle-birlestir\/"},"modified":"2023-12-10T06:04:09","modified_gmt":"2023-12-10T06:04:09","slug":"hucreleri-virgulle-birlestir","status":"publish","type":"page","link":"https:\/\/exceladvisor.org\/tr\/hucreleri-virgulle-birlestir\/","title":{"rendered":"H\u00fccreleri virg\u00fclle nas\u0131l birle\u015ftiririm?"},"content":{"rendered":"<div class=\"excel-icerikten-once\" id=\"excel-428671395\"><script type=\"text\/javascript\">\r\n\tatOptions = {\r\n\t\t'key' : 'c1158f160081d6540a8409e6925dab94',\r\n\t\t'format' : 'iframe',\r\n\t\t'height' : 250,\r\n\t\t'width' : 300,\r\n\t\t'params' : {}\r\n\t};\r\n<\/script>\r\n<script type=\"text\/javascript\" src=\"\/\/www.highperformanceformat.com\/c1158f160081d6540a8409e6925dab94\/invoke.js\"><\/script><\/div> <p>Excel&#8217;de, de\u011ferler aras\u0131nda virg\u00fcl kullanarak h\u00fccreleri birle\u015ftirmek i\u00e7in kullanabilece\u011finiz \u00e7e\u015fitli y\u00f6ntemler vard\u0131r. Bu derste bu y\u00f6ntemlerin t\u00fcm\u00fcne bakaca\u011f\u0131z.<\/p><h2 class=\"wp-block-heading\"> H\u00fccreleri ortak bir karakterle birle\u015ftirmek i\u00e7in TEXTJOIN i\u015flevi<\/h2><p> A\u015fa\u011f\u0131daki \u00f6rnekte A1 ile A5 aral\u0131\u011f\u0131nda say\u0131sal de\u011ferleriniz var ve bu de\u011ferlerin tamam\u0131n\u0131 B1 h\u00fccresinde birle\u015ftirmeniz gerekiyor. <\/p><div class=\"wp-block-image\"><figure class=\"aligncenter size-full is-resized\"><img loading=\"lazy\" decoding=\"async\" class=\"wp-image-66008\" src=\"https:\/\/exceladvisor.org\/wp-content\/uploads\/2023\/08\/1-plage-de-cellules.png\" sizes=\"auto, \" srcset=\"\" alt=\"h\u00fccre depolama\" width=\"449\" height=\"283\"><\/figure><\/div><p> A\u015fa\u011f\u0131daki ad\u0131mlar\u0131 kullanabilirsiniz:<\/p><ol type=\"1\"><li> \u0130lk olarak B1 h\u00fccresine TEXTJOIN yaz\u0131n.<\/li><li> Bundan sonra s\u0131n\u0131rlay\u0131c\u0131 arg\u00fcman\u0131 i\u00e7in virg\u00fcl (\u201c,\u201d) ekleyin. Buna virg\u00fclden sonraki bo\u015fluk da dahildir.<\/li><li> Daha sonra g\u00f6rmezden_empty i\u00e7in TRUE de\u011ferini girin.<\/li><li> \u015eimdi de\u011ferleri birle\u015ftirmeniz gereken yerden A1:A5 aral\u0131\u011f\u0131n\u0131 se\u00e7in.<\/li><li> Sonunda kapan\u0131\u015f parantezini girin ve Enter tu\u015funa bas\u0131n. <\/li><\/ol><div class=\"wp-block-image\"><figure class=\"aligncenter size-full is-resized\"><img loading=\"lazy\" decoding=\"async\" class=\"wp-image-66009\" src=\"https:\/\/exceladvisor.org\/wp-content\/uploads\/2023\/08\/2-formule-textjoin.png\" sizes=\"auto, \" srcset=\"\" alt=\"textjoin-form\u00fcl\u00fc\" width=\"626\" height=\"280\"><\/figure><\/div><pre class=\"wp-block-code\"> <code class=\"language-excel-formula\" lang=\"excel-formula\">=TEXTJOIN(\", \",TRUE,A1:A5)<\/code><\/pre><h2 class=\"wp-block-heading\"> De\u011ferleri virg\u00fclle birle\u015ftirmek i\u00e7in CONCAT i\u015flevini kullan\u0131n<\/h2><p> Bunun i\u00e7in CONCAT fonksiyonunu da kullanabilirsiniz. Ancak ger\u00e7ek de\u011ferlerin yan\u0131na virg\u00fcll\u00fc bir yard\u0131mc\u0131 s\u00fctun eklemeniz gerekir. A\u015fa\u011f\u0131daki \u00f6rnekte B s\u00fctununa (B1:B5) virg\u00fcl ekledik. <\/p><div class=\"wp-block-image\"><figure class=\"aligncenter size-full is-resized\"><img loading=\"lazy\" decoding=\"async\" class=\"wp-image-66010\" src=\"https:\/\/exceladvisor.org\/wp-content\/uploads\/2023\/08\/3-concat-pour-combiner-les-cellules.png\" sizes=\"auto, \" srcset=\"\" alt=\"h\u00fccreleri birle\u015ftirmek i\u00e7in birle\u015ftirme\" width=\"479\" height=\"305\"><\/figure><\/div><p> Art\u0131k form\u00fcl olduk\u00e7a basit. CONCAT i\u015flevini C1 h\u00fccresine girmeniz ve t\u00fcm aral\u0131\u011fa (A1:B5) ba\u015fvurman\u0131z yeterlidir. Enter tu\u015funa bast\u0131\u011f\u0131n\u0131zda, C1 h\u00fccresindeki t\u00fcm de\u011ferleri ve ard\u0131ndan virg\u00fcl alacaks\u0131n\u0131z. <\/p><div class=\"wp-block-image\"><figure class=\"aligncenter size-full is-resized\"><img loading=\"lazy\" decoding=\"async\" class=\"wp-image-66011\" src=\"https:\/\/exceladvisor.org\/wp-content\/uploads\/2023\/08\/4-formules-concat1.png\" sizes=\"auto, \" srcset=\"\" alt=\"birle\u015ftirme form\u00fcl\u00fc\" width=\"651\" height=\"289\"><\/figure><\/div><pre class=\"wp-block-code\"> <code class=\"language-excel-formula\" lang=\"excel-formula\">=CONCAT(A1:B5)<\/code><\/pre><h2 class=\"wp-block-heading\"> Basit birle\u015ftirme y\u00f6ntemini kullanma<\/h2><p> Ayr\u0131ca, her h\u00fccreye ba\u015fvurabilece\u011finiz ve her h\u00fccre referans\u0131na virg\u00fcl ekleyebilece\u011finiz basit birle\u015ftirme y\u00f6ntemini de kullanabilirsiniz. <\/p><div class=\"wp-block-image\"><figure class=\"aligncenter size-full is-resized\"><img loading=\"lazy\" decoding=\"async\" class=\"wp-image-66012\" src=\"https:\/\/exceladvisor.org\/wp-content\/uploads\/2023\/08\/5-methode-de-concatenation-simple.png\" sizes=\"auto, \" srcset=\"\" alt=\"basit birle\u015ftirme y\u00f6ntemi\" width=\"682\" height=\"312\"><\/figure><\/div><pre class=\"wp-block-code\"> <code class=\"language-excel-formula\" lang=\"excel-formula\">=A1&amp;\", \"&amp;A2&amp;\", \"&amp;A3&amp;\", \"&amp;A4&amp;\", \"&amp;A5<\/code><\/pre><p> Kulland\u0131\u011f\u0131m\u0131z t\u00fcm y\u00f6ntemlerden her y\u00f6ntemin kendine g\u00f6re avantaj\u0131 vard\u0131r. Ancak TEXTJOIN&#8217;i kullanmay\u0131 seviyorum \u00e7\u00fcnk\u00fc yeni bir yard\u0131mc\u0131 s\u00fctun eklemeden de\u011ferleri tek bir h\u00fccrede birle\u015ftirme konusunda bana daha fazla esneklik sa\u011fl\u0131yor. <\/p><div class=\"gb-container gb-container-52dfcee1 gb-container-sample-file\"><h2 class=\"gb-headline gb-headline-e289c143 gb-headline-text gb-headline-4f7959c2\"> Excel dosyas\u0131n\u0131 al\u0131n<\/h2> <a class=\"gb-button gb-button-e88d6bee gb-button-text gb-button-button1\" href=\"https:\/\/exceladvisor.org\/wp-content\/uploads\/2023\/11\/9-valeurs-de-concatenation-avec-des-virgules.xlsx\" rel=\"nofollow\">\u0130ndirmek<\/a><\/div><div class=\"gb-container gb-container-0df56012 gb-container-mt\"> <a class=\"gb-button gb-button-f9f432f4 gb-button-text gb-button-mt-button\" href=\"https:\/\/exceladvisor.org\/tr\/formuller\/\">Excel form\u00fcllerinin listesi<\/a><h2 class=\"gb-headline gb-headline-233444e8 gb-headline-text gb-headline-mt-heading\"> \u0130lgili form\u00fcller <\/h2><div class=\"gb-grid-wrapper gb-grid-wrapper-a16fa65c gb-grid-wrapper-mt-grid\"><div class=\"gb-grid-column gb-grid-column-50d07e0d\"><div class=\"gb-container gb-container-50d07e0d\"><ul><li> <a href=\"https:\/\/exceladvisor.org\/tr\/hucrede-yeni-satir\/\">Excel&#8217;de bir h\u00fccreye yeni bir sat\u0131r ekleme (sat\u0131r sonu)<\/a><\/li><li> <a href=\"https:\/\/exceladvisor.org\/tr\/bastaki-sifirlar\/\">Excel&#8217;de ba\u015ftaki s\u0131f\u0131rlar\u0131 ekleme<\/a><\/li><li> <a href=\"https:\/\/exceladvisor.org\/tr\/bir-dizi-hucreyi-birlestirmek\/\">Excel&#8217;de bir dizi h\u00fccreyi birle\u015ftirme (birle\u015ftirme)<\/a><\/li><li> <a href=\"https:\/\/exceladvisor.org\/tr\/satir-sonunu-birlestirme\/\">Excel&#8217;de sat\u0131r sonuyla birle\u015ftirme<\/a> <\/li><\/ul><\/div><\/div><div class=\"gb-grid-column gb-grid-column-5b4a0cf9\"><div class=\"gb-container gb-container-5b4a0cf9\"><\/div><\/div><\/div><\/div>","protected":false},"excerpt":{"rendered":"","protected":false},"author":1,"featured_media":0,"parent":0,"menu_order":0,"comment_status":"open","ping_status":"closed","template":"","meta":{"ub_ctt_via":"","footnotes":""},"class_list":["post-1557","page","type-page","status-publish","hentry"],"featured_image_src":null,"yoast_head":"<!-- This site is optimized with the Yoast SEO plugin v25.4 - https:\/\/yoast.com\/wordpress\/plugins\/seo\/ -->\n<title>H\u00fccreler virg\u00fclle nas\u0131l birle\u015ftirilir (birle\u015ftirilir)?<\/title>\n<meta name=\"description\" content=\"Bu e\u011fitimde, Excel form\u00fcllerinde h\u00fccreleri virg\u00fclle birle\u015ftirmenin (birle\u015ftirmenin) farkl\u0131 yollar\u0131n\u0131 \u00f6\u011freneceksiniz.\" \/>\n<meta name=\"robots\" content=\"index, follow, max-snippet:-1, max-image-preview:large, max-video-preview:-1\" \/>\n<link rel=\"canonical\" href=\"https:\/\/exceladvisor.org\/tr\/hucreleri-virgulle-birlestir\/\" \/>\n<meta property=\"og:locale\" content=\"tr_TR\" \/>\n<meta property=\"og:type\" content=\"article\" \/>\n<meta property=\"og:title\" content=\"H\u00fccreler virg\u00fclle nas\u0131l birle\u015ftirilir (birle\u015ftirilir)?\" \/>\n<meta property=\"og:description\" content=\"Bu e\u011fitimde, Excel form\u00fcllerinde h\u00fccreleri virg\u00fclle birle\u015ftirmenin (birle\u015ftirmenin) farkl\u0131 yollar\u0131n\u0131 \u00f6\u011freneceksiniz.\" \/>\n<meta property=\"og:url\" content=\"https:\/\/exceladvisor.org\/tr\/hucreleri-virgulle-birlestir\/\" \/>\n<meta property=\"og:site_name\" content=\"Excel Advisor\" \/>\n<meta property=\"article:modified_time\" content=\"2023-12-10T06:04:09+00:00\" \/>\n<meta property=\"og:image\" content=\"https:\/\/exceladvisor.org\/wp-content\/uploads\/2023\/08\/1-plage-de-cellules.png\" \/>\n<meta name=\"twitter:card\" content=\"summary_large_image\" \/>\n<meta name=\"twitter:label1\" content=\"Tahmini okuma s\u00fcresi\" \/>\n\t<meta name=\"twitter:data1\" content=\"2 dakika\" \/>\n<script type=\"application\/ld+json\" class=\"yoast-schema-graph\">{\"@context\":\"https:\/\/schema.org\",\"@graph\":[{\"@type\":\"WebPage\",\"@id\":\"https:\/\/exceladvisor.org\/tr\/hucreleri-virgulle-birlestir\/\",\"url\":\"https:\/\/exceladvisor.org\/tr\/hucreleri-virgulle-birlestir\/\",\"name\":\"H\u00fccreler virg\u00fclle nas\u0131l birle\u015ftirilir (birle\u015ftirilir)?\",\"isPartOf\":{\"@id\":\"https:\/\/exceladvisor.org\/tr\/#website\"},\"primaryImageOfPage\":{\"@id\":\"https:\/\/exceladvisor.org\/tr\/hucreleri-virgulle-birlestir\/#primaryimage\"},\"image\":{\"@id\":\"https:\/\/exceladvisor.org\/tr\/hucreleri-virgulle-birlestir\/#primaryimage\"},\"thumbnailUrl\":\"https:\/\/exceladvisor.org\/wp-content\/uploads\/2023\/08\/1-plage-de-cellules.png\",\"datePublished\":\"2023-11-17T06:46:31+00:00\",\"dateModified\":\"2023-12-10T06:04:09+00:00\",\"description\":\"Bu e\u011fitimde, Excel form\u00fcllerinde h\u00fccreleri virg\u00fclle birle\u015ftirmenin (birle\u015ftirmenin) farkl\u0131 yollar\u0131n\u0131 \u00f6\u011freneceksiniz.\",\"breadcrumb\":{\"@id\":\"https:\/\/exceladvisor.org\/tr\/hucreleri-virgulle-birlestir\/#breadcrumb\"},\"inLanguage\":\"tr\",\"potentialAction\":[{\"@type\":\"ReadAction\",\"target\":[\"https:\/\/exceladvisor.org\/tr\/hucreleri-virgulle-birlestir\/\"]}]},{\"@type\":\"ImageObject\",\"inLanguage\":\"tr\",\"@id\":\"https:\/\/exceladvisor.org\/tr\/hucreleri-virgulle-birlestir\/#primaryimage\",\"url\":\"https:\/\/exceladvisor.org\/wp-content\/uploads\/2023\/08\/1-plage-de-cellules.png\",\"contentUrl\":\"https:\/\/exceladvisor.org\/wp-content\/uploads\/2023\/08\/1-plage-de-cellules.png\"},{\"@type\":\"BreadcrumbList\",\"@id\":\"https:\/\/exceladvisor.org\/tr\/hucreleri-virgulle-birlestir\/#breadcrumb\",\"itemListElement\":[{\"@type\":\"ListItem\",\"position\":1,\"name\":\"Ev\",\"item\":\"https:\/\/exceladvisor.org\/tr\/\"},{\"@type\":\"ListItem\",\"position\":2,\"name\":\"H\u00fccreleri virg\u00fclle nas\u0131l birle\u015ftiririm?\"}]},{\"@type\":\"WebSite\",\"@id\":\"https:\/\/exceladvisor.org\/tr\/#website\",\"url\":\"https:\/\/exceladvisor.org\/tr\/\",\"name\":\"Excel Advisor\",\"description\":\"Veri hakimiyetine y\u00f6nelik nihai rehberiniz!\",\"publisher\":{\"@id\":\"https:\/\/exceladvisor.org\/tr\/#organization\"},\"potentialAction\":[{\"@type\":\"SearchAction\",\"target\":{\"@type\":\"EntryPoint\",\"urlTemplate\":\"https:\/\/exceladvisor.org\/tr\/?s={search_term_string}\"},\"query-input\":{\"@type\":\"PropertyValueSpecification\",\"valueRequired\":true,\"valueName\":\"search_term_string\"}}],\"inLanguage\":\"tr\"},{\"@type\":\"Organization\",\"@id\":\"https:\/\/exceladvisor.org\/tr\/#organization\",\"name\":\"Excel Advisor\",\"url\":\"https:\/\/exceladvisor.org\/tr\/\",\"logo\":{\"@type\":\"ImageObject\",\"inLanguage\":\"tr\",\"@id\":\"https:\/\/exceladvisor.org\/tr\/#\/schema\/logo\/image\/\",\"url\":\"https:\/\/exceladvisor.org\/tr\/wp-content\/uploads\/2023\/12\/exceladvisor.org_.png\",\"contentUrl\":\"https:\/\/exceladvisor.org\/tr\/wp-content\/uploads\/2023\/12\/exceladvisor.org_.png\",\"width\":105,\"height\":36,\"caption\":\"Excel Advisor\"},\"image\":{\"@id\":\"https:\/\/exceladvisor.org\/tr\/#\/schema\/logo\/image\/\"}}]}<\/script>\n<!-- \/ Yoast SEO plugin. -->","yoast_head_json":{"title":"H\u00fccreler virg\u00fclle nas\u0131l birle\u015ftirilir (birle\u015ftirilir)?","description":"Bu e\u011fitimde, Excel form\u00fcllerinde h\u00fccreleri virg\u00fclle birle\u015ftirmenin (birle\u015ftirmenin) farkl\u0131 yollar\u0131n\u0131 \u00f6\u011freneceksiniz.","robots":{"index":"index","follow":"follow","max-snippet":"max-snippet:-1","max-image-preview":"max-image-preview:large","max-video-preview":"max-video-preview:-1"},"canonical":"https:\/\/exceladvisor.org\/tr\/hucreleri-virgulle-birlestir\/","og_locale":"tr_TR","og_type":"article","og_title":"H\u00fccreler virg\u00fclle nas\u0131l birle\u015ftirilir (birle\u015ftirilir)?","og_description":"Bu e\u011fitimde, Excel form\u00fcllerinde h\u00fccreleri virg\u00fclle birle\u015ftirmenin (birle\u015ftirmenin) farkl\u0131 yollar\u0131n\u0131 \u00f6\u011freneceksiniz.","og_url":"https:\/\/exceladvisor.org\/tr\/hucreleri-virgulle-birlestir\/","og_site_name":"Excel Advisor","article_modified_time":"2023-12-10T06:04:09+00:00","og_image":[{"url":"https:\/\/exceladvisor.org\/wp-content\/uploads\/2023\/08\/1-plage-de-cellules.png","type":"","width":"","height":""}],"twitter_card":"summary_large_image","twitter_misc":{"Tahmini okuma s\u00fcresi":"2 dakika"},"schema":{"@context":"https:\/\/schema.org","@graph":[{"@type":"WebPage","@id":"https:\/\/exceladvisor.org\/tr\/hucreleri-virgulle-birlestir\/","url":"https:\/\/exceladvisor.org\/tr\/hucreleri-virgulle-birlestir\/","name":"H\u00fccreler virg\u00fclle nas\u0131l birle\u015ftirilir (birle\u015ftirilir)?","isPartOf":{"@id":"https:\/\/exceladvisor.org\/tr\/#website"},"primaryImageOfPage":{"@id":"https:\/\/exceladvisor.org\/tr\/hucreleri-virgulle-birlestir\/#primaryimage"},"image":{"@id":"https:\/\/exceladvisor.org\/tr\/hucreleri-virgulle-birlestir\/#primaryimage"},"thumbnailUrl":"https:\/\/exceladvisor.org\/wp-content\/uploads\/2023\/08\/1-plage-de-cellules.png","datePublished":"2023-11-17T06:46:31+00:00","dateModified":"2023-12-10T06:04:09+00:00","description":"Bu e\u011fitimde, Excel form\u00fcllerinde h\u00fccreleri virg\u00fclle birle\u015ftirmenin (birle\u015ftirmenin) farkl\u0131 yollar\u0131n\u0131 \u00f6\u011freneceksiniz.","breadcrumb":{"@id":"https:\/\/exceladvisor.org\/tr\/hucreleri-virgulle-birlestir\/#breadcrumb"},"inLanguage":"tr","potentialAction":[{"@type":"ReadAction","target":["https:\/\/exceladvisor.org\/tr\/hucreleri-virgulle-birlestir\/"]}]},{"@type":"ImageObject","inLanguage":"tr","@id":"https:\/\/exceladvisor.org\/tr\/hucreleri-virgulle-birlestir\/#primaryimage","url":"https:\/\/exceladvisor.org\/wp-content\/uploads\/2023\/08\/1-plage-de-cellules.png","contentUrl":"https:\/\/exceladvisor.org\/wp-content\/uploads\/2023\/08\/1-plage-de-cellules.png"},{"@type":"BreadcrumbList","@id":"https:\/\/exceladvisor.org\/tr\/hucreleri-virgulle-birlestir\/#breadcrumb","itemListElement":[{"@type":"ListItem","position":1,"name":"Ev","item":"https:\/\/exceladvisor.org\/tr\/"},{"@type":"ListItem","position":2,"name":"H\u00fccreleri virg\u00fclle nas\u0131l birle\u015ftiririm?"}]},{"@type":"WebSite","@id":"https:\/\/exceladvisor.org\/tr\/#website","url":"https:\/\/exceladvisor.org\/tr\/","name":"Excel Advisor","description":"Veri hakimiyetine y\u00f6nelik nihai rehberiniz!","publisher":{"@id":"https:\/\/exceladvisor.org\/tr\/#organization"},"potentialAction":[{"@type":"SearchAction","target":{"@type":"EntryPoint","urlTemplate":"https:\/\/exceladvisor.org\/tr\/?s={search_term_string}"},"query-input":{"@type":"PropertyValueSpecification","valueRequired":true,"valueName":"search_term_string"}}],"inLanguage":"tr"},{"@type":"Organization","@id":"https:\/\/exceladvisor.org\/tr\/#organization","name":"Excel Advisor","url":"https:\/\/exceladvisor.org\/tr\/","logo":{"@type":"ImageObject","inLanguage":"tr","@id":"https:\/\/exceladvisor.org\/tr\/#\/schema\/logo\/image\/","url":"https:\/\/exceladvisor.org\/tr\/wp-content\/uploads\/2023\/12\/exceladvisor.org_.png","contentUrl":"https:\/\/exceladvisor.org\/tr\/wp-content\/uploads\/2023\/12\/exceladvisor.org_.png","width":105,"height":36,"caption":"Excel Advisor"},"image":{"@id":"https:\/\/exceladvisor.org\/tr\/#\/schema\/logo\/image\/"}}]}},"yoast_meta":{"yoast_wpseo_title":"","yoast_wpseo_metadesc":"","yoast_wpseo_canonical":""},"_links":{"self":[{"href":"https:\/\/exceladvisor.org\/tr\/wp-json\/wp\/v2\/pages\/1557","targetHints":{"allow":["GET"]}}],"collection":[{"href":"https:\/\/exceladvisor.org\/tr\/wp-json\/wp\/v2\/pages"}],"about":[{"href":"https:\/\/exceladvisor.org\/tr\/wp-json\/wp\/v2\/types\/page"}],"author":[{"embeddable":true,"href":"https:\/\/exceladvisor.org\/tr\/wp-json\/wp\/v2\/users\/1"}],"replies":[{"embeddable":true,"href":"https:\/\/exceladvisor.org\/tr\/wp-json\/wp\/v2\/comments?post=1557"}],"version-history":[{"count":1,"href":"https:\/\/exceladvisor.org\/tr\/wp-json\/wp\/v2\/pages\/1557\/revisions"}],"predecessor-version":[{"id":2694,"href":"https:\/\/exceladvisor.org\/tr\/wp-json\/wp\/v2\/pages\/1557\/revisions\/2694"}],"wp:attachment":[{"href":"https:\/\/exceladvisor.org\/tr\/wp-json\/wp\/v2\/media?parent=1557"}],"curies":[{"name":"wp","href":"https:\/\/api.w.org\/{rel}","templated":true}]}}