{"id":1558,"date":"2023-11-17T06:37:57","date_gmt":"2023-11-17T06:37:57","guid":{"rendered":"https:\/\/exceladvisor.org\/tr\/toplamindan-buyukse\/"},"modified":"2023-12-10T06:04:29","modified_gmt":"2023-12-10T06:04:29","slug":"toplamindan-buyukse","status":"publish","type":"page","link":"https:\/\/exceladvisor.org\/tr\/toplamindan-buyukse\/","title":{"rendered":"Sumif arac\u0131l\u0131\u011f\u0131yla daha b\u00fcy\u00fck de\u011ferler nas\u0131l eklenir?"},"content":{"rendered":"<div class=\"excel-icerikten-once\" id=\"excel-2494729744\"><script type=\"text\/javascript\">\r\n\tatOptions = {\r\n\t\t'key' : 'c1158f160081d6540a8409e6925dab94',\r\n\t\t'format' : 'iframe',\r\n\t\t'height' : 250,\r\n\t\t'width' : 300,\r\n\t\t'params' : {}\r\n\t};\r\n<\/script>\r\n<script type=\"text\/javascript\" src=\"\/\/www.highperformanceformat.com\/c1158f160081d6540a8409e6925dab94\/invoke.js\"><\/script><\/div> <p>Excel&#8217;de, belirli bir de\u011ferden (belirtti\u011finiz) daha b\u00fcy\u00fck de\u011ferleri eklemek i\u00e7in ETOPLA&#8217;y\u0131 kullanabilirsiniz. Derslerde anlamak i\u00e7in farkl\u0131 \u00f6rneklere bakaca\u011f\u0131z.<\/p><h2 class=\"wp-block-heading\"> ETOPLA \u015fundan b\u00fcy\u00fck:<\/h2><p> A\u015fa\u011f\u0131daki \u00f6rnekte 25&#8217;ten b\u00fcy\u00fck de\u011ferleri toplamam\u0131z gereken bir de\u011ferler listemiz var. Bunun i\u00e7in nas\u0131l form\u00fcl yazaca\u011f\u0131m\u0131z\u0131 g\u00f6relim. <\/p><div class=\"wp-block-image\"><figure class=\"aligncenter size-full is-resized\"><img loading=\"lazy\" decoding=\"async\" class=\"wp-image-66827\" src=\"https:\/\/exceladvisor.org\/wp-content\/uploads\/2023\/08\/1-somme-si-superieur-a.png\" sizes=\"auto, \" srcset=\"\" alt=\"sumif-b\u00fcy\u00fckt\u00fcr\" width=\"156\" height=\"281\"><\/figure><\/div><p> Bu ad\u0131mlar\u0131 takip et:<\/p><ol type=\"1\"><li> Fonksiyonu \u00e7al\u0131\u015ft\u0131rmak i\u00e7in \u00f6ncelikle C1 h\u00fccresine \u201c=SUMIF(\u201d yaz\u0131n.<\/li><li> Bundan sonra, durumu kontrol etmek istedi\u011finiz aral\u0131\u011fa bak\u0131n.<\/li><li> \u015eimdi kriterleri daha b\u00fcy\u00fck ve e\u015fittir i\u015faretiyle girin.<\/li><li> Daha sonra eklenecek de\u011ferleri almak i\u00e7in tekrar A2:A13 aral\u0131\u011f\u0131n\u0131 se\u00e7in. <\/li><\/ol><div class=\"wp-block-image\"><figure class=\"aligncenter size-full is-resized\"><img loading=\"lazy\" decoding=\"async\" class=\"wp-image-66828\" src=\"https:\/\/exceladvisor.org\/wp-content\/uploads\/2023\/08\/Formule-2-sumif-avec-plage.png\" sizes=\"auto, \" srcset=\"\" alt=\"aral\u0131kl\u0131 sumif-form\u00fcl\u00fc\" width=\"446\" height=\"333\"><\/figure><\/div><pre class=\"wp-block-code\"> <code class=\"language-excel-formula\" lang=\"excel-formula\">= <a href=\"https:\/\/exceladvisor.org\/somme-4\/\">SUMIF<\/a> (A2:A13,\"&gt;=25\",A2:A13)<\/code><\/pre><p> 25&#8217;ten b\u00fcy\u00fck de\u011ferlerin toplam\u0131n\u0131 elde etmek i\u00e7in yukar\u0131daki form\u00fcl\u00fc C1 h\u00fccresine girebilirsiniz.<\/p><p class=\"qt-tip\"> <strong>Not:<\/strong> Toplam aral\u0131\u011f\u0131n\u0131z ve \u00f6l\u00e7\u00fct aral\u0131\u011f\u0131n\u0131z ayn\u0131 oldu\u011fundan, toplam aral\u0131\u011f\u0131n\u0131 belirtmeyi atlayabilirsiniz. Ve size her zaman 25&#8217;ten b\u00fcy\u00fck ve ona e\u015fit t\u00fcm de\u011ferlerin toplam\u0131n\u0131 verecektir. <\/p><div class=\"wp-block-image\"><figure class=\"aligncenter size-full is-resized\"><img loading=\"lazy\" decoding=\"async\" class=\"wp-image-66829\" src=\"https:\/\/exceladvisor.org\/wp-content\/uploads\/2023\/08\/Formule-3-sumif-avec-des-criteres-specifies.png\" sizes=\"auto, \" srcset=\"\" alt=\"belirtilen-kriterlerle-toplam-form\u00fcl\" width=\"368\" height=\"327\"><\/figure><\/div><p> \u0130\u015flevdeki kriterleri belirtmek i\u00e7in h\u00fccre ba\u015fvurusunu da kullanabilirsiniz. <\/p><div class=\"wp-block-image\"><figure class=\"aligncenter size-full is-resized\"><img loading=\"lazy\" decoding=\"async\" class=\"wp-image-66830\" src=\"https:\/\/exceladvisor.org\/wp-content\/uploads\/2023\/08\/Reference-de-4-cellules-pour-specifier-les-criteres.png\" sizes=\"auto, \" srcset=\"\" alt=\"kriteri belirtmek i\u00e7in h\u00fccre referans\u0131\" width=\"430\" height=\"327\"><\/figure><\/div><p> Yukar\u0131daki \u00f6rnekte ayn\u0131 kriterleri kulland\u0131k ancak numaras\u0131 olan bir h\u00fccreye at\u0131fta bulunduk ve o say\u0131yla daha b\u00fcy\u00fck kriterler olu\u015fturmak istiyoruz.<\/p><p> Yani h\u00fccrede bu say\u0131ya sahibiz ve kriter_arg\u00fcman\u0131nda bu say\u0131y\u0131 b\u00fcy\u00fck ve e\u015fittir operat\u00f6r\u00fcyle birle\u015ftirdik.<\/p><p> Bu y\u00f6ntemi kullanman\u0131n en iyi yan\u0131, h\u00fccre say\u0131s\u0131n\u0131 de\u011fi\u015ftirebilmeniz ve ger\u00e7ek form\u00fcl\u00fc de\u011fi\u015ftirmenize gerek kalmamas\u0131d\u0131r.<\/p><p> Form\u00fclde de\u011fi\u015ftirebilece\u011finiz bir \u015fey daha var, o da \u00f6l\u00e7\u00fct aral\u0131\u011f\u0131 referans\u0131nda mutlak referans kullanabilmenizdir.<\/p><p> Bunu yapmak i\u00e7in a\u015fa\u011f\u0131daki \u00f6rnekte yapt\u0131\u011f\u0131m\u0131z gibi h\u00fccre referans\u0131n\u0131n \u00f6n\u00fcne dolar i\u015fareti eklemeniz yeterlidir. <\/p><div class=\"wp-block-image\"><figure class=\"aligncenter size-full is-resized\"><img loading=\"lazy\" decoding=\"async\" class=\"wp-image-66831\" src=\"https:\/\/exceladvisor.org\/wp-content\/uploads\/2023\/08\/Formule-5-sumif-avec-reference-absolue.png\" sizes=\"auto, \" srcset=\"\" alt=\"mutlak-referansl\u0131 toplam form\u00fcl\" width=\"403\" height=\"326\"><\/figure><\/div><div class=\"gb-container gb-container-52dfcee1 gb-container-sample-file\"><h2 class=\"gb-headline gb-headline-e289c143 gb-headline-text gb-headline-4f7959c2\"> Excel dosyas\u0131n\u0131 al\u0131n<\/h2><p> <a class=\"gb-button gb-button-e88d6bee gb-button-text gb-button-button1\" href=\"https:\/\/exceladvisor.org\/wp-content\/uploads\/2023\/08\/somme-si-superieure-a-2.xlsx\" rel=\"nofollow\">\u0130ndirmek<\/a><\/p><\/div><div class=\"gb-container gb-container-0df56012 gb-container-mt\"> <a class=\"gb-button gb-button-f9f432f4 gb-button-text gb-button-mt-button\" href=\"https:\/\/exceladvisor.org\/tr\/formuller\/\">Excel form\u00fcllerinin listesi<\/a><h2 class=\"gb-headline gb-headline-233444e8 gb-headline-text gb-headline-mt-heading\"> \u0130lgili form\u00fcller <\/h2><div class=\"gb-grid-wrapper gb-grid-wrapper-a16fa65c gb-grid-wrapper-mt-grid\"><div class=\"gb-grid-column gb-grid-column-50d07e0d\"><div class=\"gb-container gb-container-50d07e0d\"><ul><li> <a href=\"https:\/\/exceladvisor.org\/tr\/toplamlar-esit-degil\/\">Excel&#8217;de e\u015fit olmayan de\u011ferlerin toplam\u0131 (SUMIFS)<\/a><\/li><li> <a href=\"https:\/\/exceladvisor.org\/tr\/sumif-sumifler-veya-mantik\/\">Excel&#8217;de VEYA mant\u0131\u011f\u0131yla ETOPLA\/TOPLA<\/a><\/li><li> <a href=\"https:\/\/exceladvisor.org\/tr\/joker-karakterli-sutif\/\">Excel&#8217;de joker karakterlerle ETOPLA<\/a><\/li><li> <a href=\"https:\/\/exceladvisor.org\/tr\/iki-tarih-arasindaki-degerlerin-toplami\/\">SUMIFS tarih aral\u0131\u011f\u0131 (iki tarih dizisi aras\u0131ndaki de\u011ferlerin toplam\u0131)<\/a><\/li><li> <a href=\"https:\/\/exceladvisor.org\/tr\/toplam-gorunumu\/\">D\u00dc\u015eEYARA&#8217;y\u0131 ETOPLA ile birle\u015ftirme<\/a> <\/li><\/ul><\/div><\/div><div class=\"gb-grid-column gb-grid-column-5b4a0cf9\"><div class=\"gb-container gb-container-5b4a0cf9\"><\/div><\/div><\/div><\/div>","protected":false},"excerpt":{"rendered":"","protected":false},"author":1,"featured_media":0,"parent":0,"menu_order":0,"comment_status":"open","ping_status":"closed","template":"","meta":{"ub_ctt_via":"","footnotes":""},"class_list":["post-1558","page","type-page","status-publish","hentry"],"featured_image_src":null,"yoast_head":"<!-- This site is optimized with the Yoast SEO plugin v25.4 - https:\/\/yoast.com\/wordpress\/plugins\/seo\/ -->\n<title>\u25b7 ETOPLA yoluyla daha b\u00fcy\u00fck de\u011ferler nas\u0131l eklenir?<\/title>\n<meta name=\"description\" content=\"Bu e\u011fitimde Excel&#039;deki sumif i\u015flevini kullanarak daha b\u00fcy\u00fck de\u011ferler eklemenin farkl\u0131 yollar\u0131n\u0131 \u00f6\u011freneceksiniz.\" \/>\n<meta name=\"robots\" content=\"index, follow, max-snippet:-1, max-image-preview:large, max-video-preview:-1\" \/>\n<link rel=\"canonical\" href=\"https:\/\/exceladvisor.org\/tr\/toplamindan-buyukse\/\" \/>\n<meta property=\"og:locale\" content=\"tr_TR\" \/>\n<meta property=\"og:type\" content=\"article\" \/>\n<meta property=\"og:title\" content=\"\u25b7 ETOPLA yoluyla daha b\u00fcy\u00fck de\u011ferler nas\u0131l eklenir?\" \/>\n<meta property=\"og:description\" content=\"Bu e\u011fitimde Excel&#039;deki sumif i\u015flevini kullanarak daha b\u00fcy\u00fck de\u011ferler eklemenin farkl\u0131 yollar\u0131n\u0131 \u00f6\u011freneceksiniz.\" \/>\n<meta property=\"og:url\" content=\"https:\/\/exceladvisor.org\/tr\/toplamindan-buyukse\/\" \/>\n<meta property=\"og:site_name\" content=\"Excel Advisor\" \/>\n<meta property=\"article:modified_time\" content=\"2023-12-10T06:04:29+00:00\" \/>\n<meta property=\"og:image\" content=\"https:\/\/exceladvisor.org\/wp-content\/uploads\/2023\/08\/1-somme-si-superieur-a.png\" \/>\n<meta name=\"twitter:card\" content=\"summary_large_image\" \/>\n<meta name=\"twitter:label1\" content=\"Tahmini okuma s\u00fcresi\" \/>\n\t<meta name=\"twitter:data1\" content=\"2 dakika\" \/>\n<script type=\"application\/ld+json\" class=\"yoast-schema-graph\">{\"@context\":\"https:\/\/schema.org\",\"@graph\":[{\"@type\":\"WebPage\",\"@id\":\"https:\/\/exceladvisor.org\/tr\/toplamindan-buyukse\/\",\"url\":\"https:\/\/exceladvisor.org\/tr\/toplamindan-buyukse\/\",\"name\":\"\u25b7 ETOPLA yoluyla daha b\u00fcy\u00fck de\u011ferler nas\u0131l eklenir?\",\"isPartOf\":{\"@id\":\"https:\/\/exceladvisor.org\/tr\/#website\"},\"primaryImageOfPage\":{\"@id\":\"https:\/\/exceladvisor.org\/tr\/toplamindan-buyukse\/#primaryimage\"},\"image\":{\"@id\":\"https:\/\/exceladvisor.org\/tr\/toplamindan-buyukse\/#primaryimage\"},\"thumbnailUrl\":\"https:\/\/exceladvisor.org\/wp-content\/uploads\/2023\/08\/1-somme-si-superieur-a.png\",\"datePublished\":\"2023-11-17T06:37:57+00:00\",\"dateModified\":\"2023-12-10T06:04:29+00:00\",\"description\":\"Bu e\u011fitimde Excel&#39;deki sumif i\u015flevini kullanarak daha b\u00fcy\u00fck de\u011ferler eklemenin farkl\u0131 yollar\u0131n\u0131 \u00f6\u011freneceksiniz.\",\"breadcrumb\":{\"@id\":\"https:\/\/exceladvisor.org\/tr\/toplamindan-buyukse\/#breadcrumb\"},\"inLanguage\":\"tr\",\"potentialAction\":[{\"@type\":\"ReadAction\",\"target\":[\"https:\/\/exceladvisor.org\/tr\/toplamindan-buyukse\/\"]}]},{\"@type\":\"ImageObject\",\"inLanguage\":\"tr\",\"@id\":\"https:\/\/exceladvisor.org\/tr\/toplamindan-buyukse\/#primaryimage\",\"url\":\"https:\/\/exceladvisor.org\/wp-content\/uploads\/2023\/08\/1-somme-si-superieur-a.png\",\"contentUrl\":\"https:\/\/exceladvisor.org\/wp-content\/uploads\/2023\/08\/1-somme-si-superieur-a.png\"},{\"@type\":\"BreadcrumbList\",\"@id\":\"https:\/\/exceladvisor.org\/tr\/toplamindan-buyukse\/#breadcrumb\",\"itemListElement\":[{\"@type\":\"ListItem\",\"position\":1,\"name\":\"Ev\",\"item\":\"https:\/\/exceladvisor.org\/tr\/\"},{\"@type\":\"ListItem\",\"position\":2,\"name\":\"Sumif arac\u0131l\u0131\u011f\u0131yla daha b\u00fcy\u00fck de\u011ferler nas\u0131l eklenir?\"}]},{\"@type\":\"WebSite\",\"@id\":\"https:\/\/exceladvisor.org\/tr\/#website\",\"url\":\"https:\/\/exceladvisor.org\/tr\/\",\"name\":\"Excel Advisor\",\"description\":\"Veri hakimiyetine y\u00f6nelik nihai rehberiniz!\",\"publisher\":{\"@id\":\"https:\/\/exceladvisor.org\/tr\/#organization\"},\"potentialAction\":[{\"@type\":\"SearchAction\",\"target\":{\"@type\":\"EntryPoint\",\"urlTemplate\":\"https:\/\/exceladvisor.org\/tr\/?s={search_term_string}\"},\"query-input\":{\"@type\":\"PropertyValueSpecification\",\"valueRequired\":true,\"valueName\":\"search_term_string\"}}],\"inLanguage\":\"tr\"},{\"@type\":\"Organization\",\"@id\":\"https:\/\/exceladvisor.org\/tr\/#organization\",\"name\":\"Excel Advisor\",\"url\":\"https:\/\/exceladvisor.org\/tr\/\",\"logo\":{\"@type\":\"ImageObject\",\"inLanguage\":\"tr\",\"@id\":\"https:\/\/exceladvisor.org\/tr\/#\/schema\/logo\/image\/\",\"url\":\"https:\/\/exceladvisor.org\/tr\/wp-content\/uploads\/2023\/12\/exceladvisor.org_.png\",\"contentUrl\":\"https:\/\/exceladvisor.org\/tr\/wp-content\/uploads\/2023\/12\/exceladvisor.org_.png\",\"width\":105,\"height\":36,\"caption\":\"Excel Advisor\"},\"image\":{\"@id\":\"https:\/\/exceladvisor.org\/tr\/#\/schema\/logo\/image\/\"}}]}<\/script>\n<!-- \/ Yoast SEO plugin. -->","yoast_head_json":{"title":"\u25b7 ETOPLA yoluyla daha b\u00fcy\u00fck de\u011ferler nas\u0131l eklenir?","description":"Bu e\u011fitimde Excel&#39;deki sumif i\u015flevini kullanarak daha b\u00fcy\u00fck de\u011ferler eklemenin farkl\u0131 yollar\u0131n\u0131 \u00f6\u011freneceksiniz.","robots":{"index":"index","follow":"follow","max-snippet":"max-snippet:-1","max-image-preview":"max-image-preview:large","max-video-preview":"max-video-preview:-1"},"canonical":"https:\/\/exceladvisor.org\/tr\/toplamindan-buyukse\/","og_locale":"tr_TR","og_type":"article","og_title":"\u25b7 ETOPLA yoluyla daha b\u00fcy\u00fck de\u011ferler nas\u0131l eklenir?","og_description":"Bu e\u011fitimde Excel&#39;deki sumif i\u015flevini kullanarak daha b\u00fcy\u00fck de\u011ferler eklemenin farkl\u0131 yollar\u0131n\u0131 \u00f6\u011freneceksiniz.","og_url":"https:\/\/exceladvisor.org\/tr\/toplamindan-buyukse\/","og_site_name":"Excel Advisor","article_modified_time":"2023-12-10T06:04:29+00:00","og_image":[{"url":"https:\/\/exceladvisor.org\/wp-content\/uploads\/2023\/08\/1-somme-si-superieur-a.png","type":"","width":"","height":""}],"twitter_card":"summary_large_image","twitter_misc":{"Tahmini okuma s\u00fcresi":"2 dakika"},"schema":{"@context":"https:\/\/schema.org","@graph":[{"@type":"WebPage","@id":"https:\/\/exceladvisor.org\/tr\/toplamindan-buyukse\/","url":"https:\/\/exceladvisor.org\/tr\/toplamindan-buyukse\/","name":"\u25b7 ETOPLA yoluyla daha b\u00fcy\u00fck de\u011ferler nas\u0131l eklenir?","isPartOf":{"@id":"https:\/\/exceladvisor.org\/tr\/#website"},"primaryImageOfPage":{"@id":"https:\/\/exceladvisor.org\/tr\/toplamindan-buyukse\/#primaryimage"},"image":{"@id":"https:\/\/exceladvisor.org\/tr\/toplamindan-buyukse\/#primaryimage"},"thumbnailUrl":"https:\/\/exceladvisor.org\/wp-content\/uploads\/2023\/08\/1-somme-si-superieur-a.png","datePublished":"2023-11-17T06:37:57+00:00","dateModified":"2023-12-10T06:04:29+00:00","description":"Bu e\u011fitimde Excel&#39;deki sumif i\u015flevini kullanarak daha b\u00fcy\u00fck de\u011ferler eklemenin farkl\u0131 yollar\u0131n\u0131 \u00f6\u011freneceksiniz.","breadcrumb":{"@id":"https:\/\/exceladvisor.org\/tr\/toplamindan-buyukse\/#breadcrumb"},"inLanguage":"tr","potentialAction":[{"@type":"ReadAction","target":["https:\/\/exceladvisor.org\/tr\/toplamindan-buyukse\/"]}]},{"@type":"ImageObject","inLanguage":"tr","@id":"https:\/\/exceladvisor.org\/tr\/toplamindan-buyukse\/#primaryimage","url":"https:\/\/exceladvisor.org\/wp-content\/uploads\/2023\/08\/1-somme-si-superieur-a.png","contentUrl":"https:\/\/exceladvisor.org\/wp-content\/uploads\/2023\/08\/1-somme-si-superieur-a.png"},{"@type":"BreadcrumbList","@id":"https:\/\/exceladvisor.org\/tr\/toplamindan-buyukse\/#breadcrumb","itemListElement":[{"@type":"ListItem","position":1,"name":"Ev","item":"https:\/\/exceladvisor.org\/tr\/"},{"@type":"ListItem","position":2,"name":"Sumif arac\u0131l\u0131\u011f\u0131yla daha b\u00fcy\u00fck de\u011ferler nas\u0131l eklenir?"}]},{"@type":"WebSite","@id":"https:\/\/exceladvisor.org\/tr\/#website","url":"https:\/\/exceladvisor.org\/tr\/","name":"Excel Advisor","description":"Veri hakimiyetine y\u00f6nelik nihai rehberiniz!","publisher":{"@id":"https:\/\/exceladvisor.org\/tr\/#organization"},"potentialAction":[{"@type":"SearchAction","target":{"@type":"EntryPoint","urlTemplate":"https:\/\/exceladvisor.org\/tr\/?s={search_term_string}"},"query-input":{"@type":"PropertyValueSpecification","valueRequired":true,"valueName":"search_term_string"}}],"inLanguage":"tr"},{"@type":"Organization","@id":"https:\/\/exceladvisor.org\/tr\/#organization","name":"Excel Advisor","url":"https:\/\/exceladvisor.org\/tr\/","logo":{"@type":"ImageObject","inLanguage":"tr","@id":"https:\/\/exceladvisor.org\/tr\/#\/schema\/logo\/image\/","url":"https:\/\/exceladvisor.org\/tr\/wp-content\/uploads\/2023\/12\/exceladvisor.org_.png","contentUrl":"https:\/\/exceladvisor.org\/tr\/wp-content\/uploads\/2023\/12\/exceladvisor.org_.png","width":105,"height":36,"caption":"Excel Advisor"},"image":{"@id":"https:\/\/exceladvisor.org\/tr\/#\/schema\/logo\/image\/"}}]}},"yoast_meta":{"yoast_wpseo_title":"","yoast_wpseo_metadesc":"","yoast_wpseo_canonical":""},"_links":{"self":[{"href":"https:\/\/exceladvisor.org\/tr\/wp-json\/wp\/v2\/pages\/1558","targetHints":{"allow":["GET"]}}],"collection":[{"href":"https:\/\/exceladvisor.org\/tr\/wp-json\/wp\/v2\/pages"}],"about":[{"href":"https:\/\/exceladvisor.org\/tr\/wp-json\/wp\/v2\/types\/page"}],"author":[{"embeddable":true,"href":"https:\/\/exceladvisor.org\/tr\/wp-json\/wp\/v2\/users\/1"}],"replies":[{"embeddable":true,"href":"https:\/\/exceladvisor.org\/tr\/wp-json\/wp\/v2\/comments?post=1558"}],"version-history":[{"count":1,"href":"https:\/\/exceladvisor.org\/tr\/wp-json\/wp\/v2\/pages\/1558\/revisions"}],"predecessor-version":[{"id":2732,"href":"https:\/\/exceladvisor.org\/tr\/wp-json\/wp\/v2\/pages\/1558\/revisions\/2732"}],"wp:attachment":[{"href":"https:\/\/exceladvisor.org\/tr\/wp-json\/wp\/v2\/media?parent=1558"}],"curies":[{"name":"wp","href":"https:\/\/api.w.org\/{rel}","templated":true}]}}