{"id":1559,"date":"2023-11-17T05:47:13","date_gmt":"2023-11-17T05:47:13","guid":{"rendered":"https:\/\/exceladvisor.org\/tr\/iletisim-kutusu\/"},"modified":"2023-12-10T06:00:35","modified_gmt":"2023-12-10T06:00:35","slug":"iletisim-kutusu","status":"publish","type":"page","link":"https:\/\/exceladvisor.org\/tr\/iletisim-kutusu\/","title":{"rendered":"Excel&#39;de bir ileti\u015fim kutusu nas\u0131l a\u00e7\u0131l\u0131r?"},"content":{"rendered":"<div class=\"excel-icerikten-once\" id=\"excel-4227519264\"><script type=\"text\/javascript\">\r\n\tatOptions = {\r\n\t\t'key' : 'c1158f160081d6540a8409e6925dab94',\r\n\t\t'format' : 'iframe',\r\n\t\t'height' : 250,\r\n\t\t'width' : 300,\r\n\t\t'params' : {}\r\n\t};\r\n<\/script>\r\n<script type=\"text\/javascript\" src=\"\/\/www.highperformanceformat.com\/c1158f160081d6540a8409e6925dab94\/invoke.js\"><\/script><\/div> <p>Excel&#8217;de, herhangi bir se\u00e7enek kategorisindeki daha fazla se\u00e7ene\u011fe eri\u015fmek i\u00e7in ileti\u015fim kutusunu a\u00e7abilir ve bu se\u00e7enekleri do\u011frudan ileti\u015fim kutusundan kullanabilirsiniz. Bunun d\u0131\u015f\u0131nda do\u011frudan ileti\u015fim kutusundan kullan\u0131lmas\u0131 gereken birka\u00e7 se\u00e7enek vard\u0131r. <\/p><div class=\"wp-block-image\"><figure class=\"aligncenter size-full is-resized\"><img loading=\"lazy\" decoding=\"async\" class=\"wp-image-77704\" src=\"https:\/\/exceladvisor.org\/wp-content\/uploads\/2023\/08\/1-boite-de-dialogue-formater-les-cellules.png\" sizes=\"auto, \" srcset=\"\" alt=\"bi\u00e7im-h\u00fccreler-ileti\u015fim kutusu\" width=\"556\" height=\"549\"><\/figure><\/div><p> Bu e\u011fitimde, bir se\u00e7ene\u011fi kullanarak bir ileti\u015fim kutusunun nas\u0131l a\u00e7\u0131laca\u011f\u0131n\u0131 ve kullan\u0131laca\u011f\u0131n\u0131 g\u00f6rece\u011fiz.<\/p><h2 class=\"wp-block-heading\"> \u015eeritten bir ileti\u015fim kutusu a\u00e7\u0131n<\/h2><ol type=\"1\"><li> Se\u00e7ene\u011fi a\u00e7mak istedi\u011finiz sekmeye gidin.<\/li><li> Se\u00e7enekler grubuna gidin.<\/li><li> \u0130mlecinizi sa\u011f alttaki k\u00fc\u00e7\u00fck okun \u00fczerine getirin.<\/li><li> Se\u00e7enekler ileti\u015fim kutusunu a\u00e7mak i\u00e7in \u00fczerine t\u0131klay\u0131n. <\/li><\/ol><div class=\"wp-block-image\"><figure class=\"aligncenter size-full is-resized\"><img loading=\"lazy\" decoding=\"async\" class=\"wp-image-77705\" src=\"https:\/\/exceladvisor.org\/wp-content\/uploads\/2023\/08\/2-boite-de-dialogue-du-ruban.png\" sizes=\"auto, \" srcset=\"\" alt=\"\u015ferit ileti\u015fim kutusu\" width=\"686\" height=\"166\"><\/figure><\/div><p> \u00dczerine t\u0131klad\u0131\u011f\u0131n\u0131z anda Excel bu se\u00e7ene\u011fe ili\u015fkin ileti\u015fim kutusunu a\u00e7ar. Ve yaz\u0131 tipi grubu okuna t\u0131klad\u0131\u011f\u0131n\u0131zda format ileti\u015fim kutusu a\u00e7\u0131l\u0131r ve buradan yaz\u0131 tipi sekmesi a\u00e7\u0131l\u0131r. <\/p><div class=\"wp-block-image\"><figure class=\"aligncenter size-full is-resized\"><img loading=\"lazy\" decoding=\"async\" class=\"wp-image-77706\" src=\"https:\/\/exceladvisor.org\/wp-content\/uploads\/2023\/08\/3-onglet-de-police-de-la-boite-de-dialogue.png\" sizes=\"auto, \" srcset=\"\" alt=\"ileti\u015fim kutusu yaz\u0131 tipi sekmesi\" width=\"508\" height=\"502\"><\/figure><\/div><p> \u015eeritte birka\u00e7 sekmeniz vard\u0131r, ancak t\u00fcm sekmelerde ileti\u015fim kutusunu a\u00e7mak i\u00e7in se\u00e7enek gruplar\u0131nda bu a\u015fa\u011f\u0131 oklar bulunmaz.<\/p><h2 class=\"wp-block-heading\"> \u0130leti\u015fim Kutusu Se\u00e7enekleri<\/h2><p> S\u00f6yledi\u011fim gibi, do\u011frudan bir ileti\u015fim kutusundan kullanman\u0131z gereken birka\u00e7 se\u00e7enek var. \u00d6rne\u011fin Bul ve De\u011fi\u015ftir se\u00e7ene\u011fi. Klavye k\u0131sayoluna (Ctrl + F) bast\u0131\u011f\u0131n\u0131zda, aramak istedi\u011finiz de\u011feri girmeniz gereken bir ileti\u015fim kutusu g\u00f6r\u00fcnecektir. <\/p><div class=\"wp-block-image\"><figure class=\"aligncenter size-full is-resized\"><img loading=\"lazy\" decoding=\"async\" class=\"wp-image-77707\" src=\"https:\/\/exceladvisor.org\/wp-content\/uploads\/2023\/08\/4-options-de-boite-de-dialogue.png\" sizes=\"auto, \" srcset=\"\" alt=\"ileti\u015fim kutusu se\u00e7enekleri\" width=\"563\" height=\"239\"><\/figure><\/div><h2 class=\"wp-block-heading\"> Excel Se\u00e7enekleri ileti\u015fim kutusu<\/h2><p> <a href=\"https:\/\/exceladvisor.org\/tr\/secenekler\/\">Excel Se\u00e7enekleri&#8217;nde<\/a> ayr\u0131ca bir ileti\u015fim kutusu bulunur. Se\u00e7enekleri a\u00e7t\u0131\u011f\u0131n\u0131zda, Dosya \u21e2 Di\u011fer \u21e2 Se\u00e7enekler. Excel ortam\u0131n\u0131zda de\u011fi\u015ftirebilece\u011finiz t\u00fcm se\u00e7eneklerin bulundu\u011fu geni\u015f bir ileti\u015fim kutusu g\u00f6receksiniz. <\/p><div class=\"wp-block-image\"><figure class=\"aligncenter size-full is-resized\"><img loading=\"lazy\" decoding=\"async\" class=\"wp-image-77708\" src=\"https:\/\/exceladvisor.org\/wp-content\/uploads\/2023\/08\/Boite-de-dialogue-des-5-options-Excel.png\" sizes=\"auto, \" srcset=\"\" alt=\"Excel se\u00e7enekleri ileti\u015fim kutusu\" width=\"783\" height=\"406\"><\/figure><\/div><div class=\"gb-container gb-container-4db6181c gb-container-mt\"> <a class=\"gb-button gb-button-c5897111 gb-button-text gb-button-mt-button\" href=\"https:\/\/exceladvisor.org\/tr\/excelin-temelleri\/\">Microsoft Excel Temelleri (Bile\u015fenler, Par\u00e7alar ve Bilgi Notlar\u0131)<\/a><h2 class=\"gb-headline gb-headline-665e5f6b gb-headline-text gb-headline-mt-heading\"> \u0130lgili e\u011fitimler <\/h2><div class=\"gb-grid-wrapper gb-grid-wrapper-a20baf7c gb-grid-wrapper-mt-grid\"><div class=\"gb-grid-column gb-grid-column-65ddf67e\"><div class=\"gb-container gb-container-65ddf67e\"><ul><li> <a href=\"https:\/\/exceladvisor.org\/tr\/tamamen-hakli-cikarmak\/\">Excel&#8217;de Yasla&#8217;y\u0131 Doldurun<\/a><\/li><li> <a href=\"https:\/\/exceladvisor.org\/tr\/excel-formul-cubugu\/\">Excel&#8217;deki form\u00fcl \u00e7ubu\u011fu<\/a><\/li><li> <a href=\"https:\/\/exceladvisor.org\/tr\/cetvel\/\">Cetveli Excel&#8217;de g\u00f6ster<\/a><\/li><li> <a href=\"https:\/\/exceladvisor.org\/tr\/doldurma-kolu\/\">Excel&#8217;de doldurma tutamac\u0131<\/a><\/li><li> <a href=\"https:\/\/exceladvisor.org\/tr\/ressam-formati\/\">Excel&#8217;de Bi\u00e7im Boyac\u0131s\u0131<\/a> <\/li><\/ul><\/div><\/div><div class=\"gb-grid-column gb-grid-column-50067b57\"><div class=\"gb-container gb-container-50067b57\"><\/div><\/div><\/div><\/div>","protected":false},"excerpt":{"rendered":"","protected":false},"author":1,"featured_media":0,"parent":0,"menu_order":0,"comment_status":"open","ping_status":"closed","template":"","meta":{"ub_ctt_via":"","footnotes":""},"class_list":["post-1559","page","type-page","status-publish","hentry"],"featured_image_src":null,"yoast_head":"<!-- This site is optimized with the Yoast SEO plugin v25.4 - https:\/\/yoast.com\/wordpress\/plugins\/seo\/ -->\n<title>Excel&#039;de bir ileti\u015fim kutusu nas\u0131l a\u00e7\u0131l\u0131r? (E\u011fitim 2023)<\/title>\n<meta name=\"description\" content=\"Bu derste Excel&#039;de bir ileti\u015fim kutusunun nas\u0131l kullan\u0131laca\u011f\u0131n\u0131 \u00f6\u011frenece\u011fiz. Herhangi birinden daha fazla se\u00e7ene\u011fe eri\u015fmek i\u00e7in\" \/>\n<meta name=\"robots\" content=\"index, follow, max-snippet:-1, max-image-preview:large, max-video-preview:-1\" \/>\n<link rel=\"canonical\" href=\"https:\/\/exceladvisor.org\/tr\/iletisim-kutusu\/\" \/>\n<meta property=\"og:locale\" content=\"tr_TR\" \/>\n<meta property=\"og:type\" content=\"article\" \/>\n<meta property=\"og:title\" content=\"Excel&#039;de bir ileti\u015fim kutusu nas\u0131l a\u00e7\u0131l\u0131r? (E\u011fitim 2023)\" \/>\n<meta property=\"og:description\" content=\"Bu derste Excel&#039;de bir ileti\u015fim kutusunun nas\u0131l kullan\u0131laca\u011f\u0131n\u0131 \u00f6\u011frenece\u011fiz. Herhangi birinden daha fazla se\u00e7ene\u011fe eri\u015fmek i\u00e7in\" \/>\n<meta property=\"og:url\" content=\"https:\/\/exceladvisor.org\/tr\/iletisim-kutusu\/\" \/>\n<meta property=\"og:site_name\" content=\"Excel Advisor\" \/>\n<meta property=\"article:modified_time\" content=\"2023-12-10T06:00:35+00:00\" \/>\n<meta property=\"og:image\" content=\"https:\/\/exceladvisor.org\/wp-content\/uploads\/2023\/08\/1-boite-de-dialogue-formater-les-cellules.png\" \/>\n<meta name=\"twitter:card\" content=\"summary_large_image\" \/>\n<meta name=\"twitter:label1\" content=\"Tahmini okuma s\u00fcresi\" \/>\n\t<meta name=\"twitter:data1\" content=\"2 dakika\" \/>\n<script type=\"application\/ld+json\" class=\"yoast-schema-graph\">{\"@context\":\"https:\/\/schema.org\",\"@graph\":[{\"@type\":\"WebPage\",\"@id\":\"https:\/\/exceladvisor.org\/tr\/iletisim-kutusu\/\",\"url\":\"https:\/\/exceladvisor.org\/tr\/iletisim-kutusu\/\",\"name\":\"Excel&#39;de bir ileti\u015fim kutusu nas\u0131l a\u00e7\u0131l\u0131r? (E\u011fitim 2023)\",\"isPartOf\":{\"@id\":\"https:\/\/exceladvisor.org\/tr\/#website\"},\"primaryImageOfPage\":{\"@id\":\"https:\/\/exceladvisor.org\/tr\/iletisim-kutusu\/#primaryimage\"},\"image\":{\"@id\":\"https:\/\/exceladvisor.org\/tr\/iletisim-kutusu\/#primaryimage\"},\"thumbnailUrl\":\"https:\/\/exceladvisor.org\/wp-content\/uploads\/2023\/08\/1-boite-de-dialogue-formater-les-cellules.png\",\"datePublished\":\"2023-11-17T05:47:13+00:00\",\"dateModified\":\"2023-12-10T06:00:35+00:00\",\"description\":\"Bu derste Excel&#39;de bir ileti\u015fim kutusunun nas\u0131l kullan\u0131laca\u011f\u0131n\u0131 \u00f6\u011frenece\u011fiz. Herhangi birinden daha fazla se\u00e7ene\u011fe eri\u015fmek i\u00e7in\",\"breadcrumb\":{\"@id\":\"https:\/\/exceladvisor.org\/tr\/iletisim-kutusu\/#breadcrumb\"},\"inLanguage\":\"tr\",\"potentialAction\":[{\"@type\":\"ReadAction\",\"target\":[\"https:\/\/exceladvisor.org\/tr\/iletisim-kutusu\/\"]}]},{\"@type\":\"ImageObject\",\"inLanguage\":\"tr\",\"@id\":\"https:\/\/exceladvisor.org\/tr\/iletisim-kutusu\/#primaryimage\",\"url\":\"https:\/\/exceladvisor.org\/wp-content\/uploads\/2023\/08\/1-boite-de-dialogue-formater-les-cellules.png\",\"contentUrl\":\"https:\/\/exceladvisor.org\/wp-content\/uploads\/2023\/08\/1-boite-de-dialogue-formater-les-cellules.png\"},{\"@type\":\"BreadcrumbList\",\"@id\":\"https:\/\/exceladvisor.org\/tr\/iletisim-kutusu\/#breadcrumb\",\"itemListElement\":[{\"@type\":\"ListItem\",\"position\":1,\"name\":\"Ev\",\"item\":\"https:\/\/exceladvisor.org\/tr\/\"},{\"@type\":\"ListItem\",\"position\":2,\"name\":\"Excel&#39;de bir ileti\u015fim kutusu nas\u0131l a\u00e7\u0131l\u0131r?\"}]},{\"@type\":\"WebSite\",\"@id\":\"https:\/\/exceladvisor.org\/tr\/#website\",\"url\":\"https:\/\/exceladvisor.org\/tr\/\",\"name\":\"Excel Advisor\",\"description\":\"Veri hakimiyetine y\u00f6nelik nihai rehberiniz!\",\"publisher\":{\"@id\":\"https:\/\/exceladvisor.org\/tr\/#organization\"},\"potentialAction\":[{\"@type\":\"SearchAction\",\"target\":{\"@type\":\"EntryPoint\",\"urlTemplate\":\"https:\/\/exceladvisor.org\/tr\/?s={search_term_string}\"},\"query-input\":{\"@type\":\"PropertyValueSpecification\",\"valueRequired\":true,\"valueName\":\"search_term_string\"}}],\"inLanguage\":\"tr\"},{\"@type\":\"Organization\",\"@id\":\"https:\/\/exceladvisor.org\/tr\/#organization\",\"name\":\"Excel Advisor\",\"url\":\"https:\/\/exceladvisor.org\/tr\/\",\"logo\":{\"@type\":\"ImageObject\",\"inLanguage\":\"tr\",\"@id\":\"https:\/\/exceladvisor.org\/tr\/#\/schema\/logo\/image\/\",\"url\":\"https:\/\/exceladvisor.org\/tr\/wp-content\/uploads\/2023\/12\/exceladvisor.org_.png\",\"contentUrl\":\"https:\/\/exceladvisor.org\/tr\/wp-content\/uploads\/2023\/12\/exceladvisor.org_.png\",\"width\":105,\"height\":36,\"caption\":\"Excel Advisor\"},\"image\":{\"@id\":\"https:\/\/exceladvisor.org\/tr\/#\/schema\/logo\/image\/\"}}]}<\/script>\n<!-- \/ Yoast SEO plugin. -->","yoast_head_json":{"title":"Excel&#39;de bir ileti\u015fim kutusu nas\u0131l a\u00e7\u0131l\u0131r? (E\u011fitim 2023)","description":"Bu derste Excel&#39;de bir ileti\u015fim kutusunun nas\u0131l kullan\u0131laca\u011f\u0131n\u0131 \u00f6\u011frenece\u011fiz. Herhangi birinden daha fazla se\u00e7ene\u011fe eri\u015fmek i\u00e7in","robots":{"index":"index","follow":"follow","max-snippet":"max-snippet:-1","max-image-preview":"max-image-preview:large","max-video-preview":"max-video-preview:-1"},"canonical":"https:\/\/exceladvisor.org\/tr\/iletisim-kutusu\/","og_locale":"tr_TR","og_type":"article","og_title":"Excel&#39;de bir ileti\u015fim kutusu nas\u0131l a\u00e7\u0131l\u0131r? (E\u011fitim 2023)","og_description":"Bu derste Excel&#39;de bir ileti\u015fim kutusunun nas\u0131l kullan\u0131laca\u011f\u0131n\u0131 \u00f6\u011frenece\u011fiz. Herhangi birinden daha fazla se\u00e7ene\u011fe eri\u015fmek i\u00e7in","og_url":"https:\/\/exceladvisor.org\/tr\/iletisim-kutusu\/","og_site_name":"Excel Advisor","article_modified_time":"2023-12-10T06:00:35+00:00","og_image":[{"url":"https:\/\/exceladvisor.org\/wp-content\/uploads\/2023\/08\/1-boite-de-dialogue-formater-les-cellules.png","type":"","width":"","height":""}],"twitter_card":"summary_large_image","twitter_misc":{"Tahmini okuma s\u00fcresi":"2 dakika"},"schema":{"@context":"https:\/\/schema.org","@graph":[{"@type":"WebPage","@id":"https:\/\/exceladvisor.org\/tr\/iletisim-kutusu\/","url":"https:\/\/exceladvisor.org\/tr\/iletisim-kutusu\/","name":"Excel&#39;de bir ileti\u015fim kutusu nas\u0131l a\u00e7\u0131l\u0131r? (E\u011fitim 2023)","isPartOf":{"@id":"https:\/\/exceladvisor.org\/tr\/#website"},"primaryImageOfPage":{"@id":"https:\/\/exceladvisor.org\/tr\/iletisim-kutusu\/#primaryimage"},"image":{"@id":"https:\/\/exceladvisor.org\/tr\/iletisim-kutusu\/#primaryimage"},"thumbnailUrl":"https:\/\/exceladvisor.org\/wp-content\/uploads\/2023\/08\/1-boite-de-dialogue-formater-les-cellules.png","datePublished":"2023-11-17T05:47:13+00:00","dateModified":"2023-12-10T06:00:35+00:00","description":"Bu derste Excel&#39;de bir ileti\u015fim kutusunun nas\u0131l kullan\u0131laca\u011f\u0131n\u0131 \u00f6\u011frenece\u011fiz. Herhangi birinden daha fazla se\u00e7ene\u011fe eri\u015fmek i\u00e7in","breadcrumb":{"@id":"https:\/\/exceladvisor.org\/tr\/iletisim-kutusu\/#breadcrumb"},"inLanguage":"tr","potentialAction":[{"@type":"ReadAction","target":["https:\/\/exceladvisor.org\/tr\/iletisim-kutusu\/"]}]},{"@type":"ImageObject","inLanguage":"tr","@id":"https:\/\/exceladvisor.org\/tr\/iletisim-kutusu\/#primaryimage","url":"https:\/\/exceladvisor.org\/wp-content\/uploads\/2023\/08\/1-boite-de-dialogue-formater-les-cellules.png","contentUrl":"https:\/\/exceladvisor.org\/wp-content\/uploads\/2023\/08\/1-boite-de-dialogue-formater-les-cellules.png"},{"@type":"BreadcrumbList","@id":"https:\/\/exceladvisor.org\/tr\/iletisim-kutusu\/#breadcrumb","itemListElement":[{"@type":"ListItem","position":1,"name":"Ev","item":"https:\/\/exceladvisor.org\/tr\/"},{"@type":"ListItem","position":2,"name":"Excel&#39;de bir ileti\u015fim kutusu nas\u0131l a\u00e7\u0131l\u0131r?"}]},{"@type":"WebSite","@id":"https:\/\/exceladvisor.org\/tr\/#website","url":"https:\/\/exceladvisor.org\/tr\/","name":"Excel Advisor","description":"Veri hakimiyetine y\u00f6nelik nihai rehberiniz!","publisher":{"@id":"https:\/\/exceladvisor.org\/tr\/#organization"},"potentialAction":[{"@type":"SearchAction","target":{"@type":"EntryPoint","urlTemplate":"https:\/\/exceladvisor.org\/tr\/?s={search_term_string}"},"query-input":{"@type":"PropertyValueSpecification","valueRequired":true,"valueName":"search_term_string"}}],"inLanguage":"tr"},{"@type":"Organization","@id":"https:\/\/exceladvisor.org\/tr\/#organization","name":"Excel Advisor","url":"https:\/\/exceladvisor.org\/tr\/","logo":{"@type":"ImageObject","inLanguage":"tr","@id":"https:\/\/exceladvisor.org\/tr\/#\/schema\/logo\/image\/","url":"https:\/\/exceladvisor.org\/tr\/wp-content\/uploads\/2023\/12\/exceladvisor.org_.png","contentUrl":"https:\/\/exceladvisor.org\/tr\/wp-content\/uploads\/2023\/12\/exceladvisor.org_.png","width":105,"height":36,"caption":"Excel Advisor"},"image":{"@id":"https:\/\/exceladvisor.org\/tr\/#\/schema\/logo\/image\/"}}]}},"yoast_meta":{"yoast_wpseo_title":"","yoast_wpseo_metadesc":"","yoast_wpseo_canonical":""},"_links":{"self":[{"href":"https:\/\/exceladvisor.org\/tr\/wp-json\/wp\/v2\/pages\/1559","targetHints":{"allow":["GET"]}}],"collection":[{"href":"https:\/\/exceladvisor.org\/tr\/wp-json\/wp\/v2\/pages"}],"about":[{"href":"https:\/\/exceladvisor.org\/tr\/wp-json\/wp\/v2\/types\/page"}],"author":[{"embeddable":true,"href":"https:\/\/exceladvisor.org\/tr\/wp-json\/wp\/v2\/users\/1"}],"replies":[{"embeddable":true,"href":"https:\/\/exceladvisor.org\/tr\/wp-json\/wp\/v2\/comments?post=1559"}],"version-history":[{"count":1,"href":"https:\/\/exceladvisor.org\/tr\/wp-json\/wp\/v2\/pages\/1559\/revisions"}],"predecessor-version":[{"id":2419,"href":"https:\/\/exceladvisor.org\/tr\/wp-json\/wp\/v2\/pages\/1559\/revisions\/2419"}],"wp:attachment":[{"href":"https:\/\/exceladvisor.org\/tr\/wp-json\/wp\/v2\/media?parent=1559"}],"curies":[{"name":"wp","href":"https:\/\/api.w.org\/{rel}","templated":true}]}}