{"id":1560,"date":"2023-11-17T05:14:11","date_gmt":"2023-11-17T05:14:11","guid":{"rendered":"https:\/\/exceladvisor.org\/tr\/zamana-saat-ekleyin\/"},"modified":"2023-12-10T06:08:12","modified_gmt":"2023-12-10T06:08:12","slug":"zamana-saat-ekleyin","status":"publish","type":"page","link":"https:\/\/exceladvisor.org\/tr\/zamana-saat-ekleyin\/","title":{"rendered":"Zamana saat nas\u0131l eklenir?"},"content":{"rendered":"<div class=\"excel-icerikten-once\" id=\"excel-1227321575\"><script type=\"text\/javascript\">\r\n\tatOptions = {\r\n\t\t'key' : 'c1158f160081d6540a8409e6925dab94',\r\n\t\t'format' : 'iframe',\r\n\t\t'height' : 250,\r\n\t\t'width' : 300,\r\n\t\t'params' : {}\r\n\t};\r\n<\/script>\r\n<script type=\"text\/javascript\" src=\"\/\/www.highperformanceformat.com\/c1158f160081d6540a8409e6925dab94\/invoke.js\"><\/script><\/div> <p>Excel&#8217;de bir zaman de\u011ferine zaman de\u011feri eklemek i\u00e7in, h\u00fccredeki orijinal saati ve bunu 24&#8217;e b\u00f6lerek eklemek istedi\u011finiz zaman de\u011ferini\/de\u011ferlerini belirtmeniz gereken basit ve k\u0131sa bir form\u00fcl kullanabilirsiniz. (bir g\u00fcnde sahip oldu\u011fumuz toplam saatlerdir).<\/p><p> A\u015fa\u011f\u0131daki \u00f6rnekte A1 h\u00fccresinde (00:01) bir zaman de\u011ferimiz var. Ve buraya 3 saat eklemeniz gerekiyor <\/p><div class=\"wp-block-image\"><figure class=\"aligncenter size-full is-resized\"><img loading=\"lazy\" decoding=\"async\" class=\"wp-image-67588\" src=\"https:\/\/exceladvisor.org\/wp-content\/uploads\/2023\/08\/1-cellule-avec-valeur-de-temps.png\" sizes=\"auto, \" srcset=\"\" alt=\"zaman de\u011feri olan h\u00fccre\" width=\"353\" height=\"327\"><\/figure><\/div><h2 class=\"wp-block-heading\"> Bir zamana saat ekleme form\u00fcl\u00fc<\/h2><p> Bir saat i\u00e7inde zaman eklemek i\u00e7in a\u015fa\u011f\u0131daki ad\u0131mlar\u0131 kullanabilirsiniz:<\/p><ol type=\"1\"><li> \u00d6ncelikle zaman de\u011ferinin bulundu\u011fu h\u00fccreye bak\u0131n (bu bizim \u00f6rne\u011fimiz A1&#8217;dir).<\/li><li> Bundan sonra toplam operat\u00f6r\u00fcn\u00fc girin ve ba\u015flang\u0131\u00e7 parantezlerini yaz\u0131n.<\/li><li> Daha sonra orijinal saate eklemek istedi\u011finiz zaman de\u011ferini girin.<\/li><li> \u015eimdi bir b\u00f6lme operat\u00f6r\u00fc girin ve bir g\u00fcnde sahip oldu\u011funuz toplam saat say\u0131s\u0131 olan 24&#8217;\u00fc yaz\u0131n.<\/li><li> Sonunda, kapan\u0131\u015f parantezlerini yaz\u0131n ve sonu\u00e7 de\u011ferini almak i\u00e7in Enter tu\u015funa bas\u0131n. <\/li><\/ol><div class=\"wp-block-image\"><figure class=\"aligncenter size-full is-resized\"><img loading=\"lazy\" decoding=\"async\" class=\"wp-image-67589\" src=\"https:\/\/exceladvisor.org\/wp-content\/uploads\/2023\/08\/2-formules-pour-ajouter-des-heures.png\" sizes=\"auto, \" srcset=\"\" alt=\"saat ekleme form\u00fcl\u00fc\" width=\"355\" height=\"312\"><\/figure><\/div><pre class=\"wp-block-code\"> <code class=\"language-excel-formula\" lang=\"excel-formula\">=A1+(3\/24)<\/code><\/pre><p> Form\u00fcl olduk\u00e7a basit. Orijinal zaman de\u011ferini belirtmeniz yeterlidir (bunu 24&#8217;e b\u00f6l\u00fcn).<\/p><h2 class=\"wp-block-heading\"> Zaman eklemek i\u00e7in zaman i\u015flevini kullan\u0131n<\/h2><p> Bir zaman de\u011ferine bir saat eklemek i\u00e7in zaman fonksiyonunu da kullanabilirsiniz. Bunu a\u015fa\u011f\u0131daki form\u00fclde g\u00f6rebilirsiniz. <\/p><div class=\"wp-block-image\"><figure class=\"aligncenter size-full is-resized\"><img loading=\"lazy\" decoding=\"async\" class=\"wp-image-67590\" src=\"https:\/\/exceladvisor.org\/wp-content\/uploads\/2023\/08\/Fonction-3-temps-pour-ajouter-du-temps-2.png\" sizes=\"auto, \" srcset=\"\" alt=\"zaman-ekleme zaman\u0131 i\u015flevi\" width=\"462\" height=\"116\"><\/figure><\/div><p> Orijinal saati belirtmeniz, zaman i\u015flevini kullanman\u0131z ve yaln\u0131zca eklemek istedi\u011finiz saatlerle birlikte zaman arg\u00fcman\u0131n\u0131 belirtmeniz gerekir. <\/p><div class=\"wp-block-image\"><figure class=\"aligncenter size-full is-resized\"><img loading=\"lazy\" decoding=\"async\" class=\"wp-image-67591\" src=\"https:\/\/exceladvisor.org\/wp-content\/uploads\/2023\/08\/4-fonction-de-temps-avec-argument-heure.png\" sizes=\"auto, \" srcset=\"\" alt=\"zaman-fonksiyonu-zaman-arg\u00fcman\u0131 ile\" width=\"398\" height=\"133\"><\/figure><\/div><pre class=\"wp-block-code\"> <code class=\"language-excel-formula\" lang=\"excel-formula\">=A1+TIME(3,0,0)<\/code><\/pre><div class=\"gb-container gb-container-52dfcee1 gb-container-sample-file\"><h2 class=\"gb-headline gb-headline-e289c143 gb-headline-text gb-headline-4f7959c2\"> Excel dosyas\u0131n\u0131 al\u0131n<\/h2><p> <a class=\"gb-button gb-button-e88d6bee gb-button-text gb-button-button1\" href=\"https:\/\/exceladvisor.org\/wp-content\/uploads\/2023\/11\/ajouter-des-heures-dans-le-temps-3.xlsx\" rel=\"nofollow\">\u0130ndirmek<\/a> <\/p><\/div><div class=\"wp-block-group more-tutorials is-layout-flow\"><div class=\"wp-block-group__inner-container\"><h2 class=\"wp-block-heading\"> Daha fazla form\u00fcl <\/h2><div class=\"wp-block-columns is-layout-flex wp-container-67\"><div class=\"wp-block-column is-layout-flow\"><ul><li> <a href=\"https:\/\/exceladvisor.org\/tr\/zamana-dakika-ekleyin\/\">Excel&#8217;de zamana dakika ekleme<\/a><\/li><li> <a href=\"https:\/\/exceladvisor.org\/tr\/saat-farkini-hesapla\/\">Excel&#8217;de iki zaman aras\u0131ndaki fark<\/a><\/li><li> <a href=\"https:\/\/exceladvisor.org\/tr\/saat-formatini-degistir\/\">Excel&#8217;de saat bi\u00e7imini de\u011fi\u015ftirme<\/a><\/li><li> <a href=\"https:\/\/exceladvisor.org\/tr\/askeri-zaman\/\">Excel&#8217;de Askeri Zaman (Al ve \u00c7\u0131kar)<\/a><\/li><li> <a href=\"https:\/\/exceladvisor.org\/tr\/ayri-tarih-ve-saat-2\/\">Excel&#8217;de tarih ve saati ay\u0131rma<\/a><\/li><\/ul><\/div><\/div><\/div><\/div>","protected":false},"excerpt":{"rendered":"","protected":false},"author":1,"featured_media":0,"parent":0,"menu_order":0,"comment_status":"open","ping_status":"closed","template":"","meta":{"ub_ctt_via":"","footnotes":""},"class_list":["post-1560","page","type-page","status-publish","hentry"],"featured_image_src":null,"yoast_head":"<!-- This site is optimized with the Yoast SEO plugin v25.4 - https:\/\/yoast.com\/wordpress\/plugins\/seo\/ -->\n<title>Zamana saat nas\u0131l eklenir? - Excel Dan\u0131\u015fman\u0131<\/title>\n<meta name=\"description\" content=\"Bu derste Excel&#039;de bir h\u00fccrede bulunan zaman de\u011ferine nas\u0131l saat eklenece\u011fini \u00f6\u011frenece\u011fiz. Yapaca\u011f\u0131z\" \/>\n<meta name=\"robots\" content=\"index, follow, max-snippet:-1, max-image-preview:large, max-video-preview:-1\" \/>\n<link rel=\"canonical\" href=\"https:\/\/exceladvisor.org\/tr\/zamana-saat-ekleyin\/\" \/>\n<meta property=\"og:locale\" content=\"tr_TR\" \/>\n<meta property=\"og:type\" content=\"article\" \/>\n<meta property=\"og:title\" content=\"Zamana saat nas\u0131l eklenir? - Excel Dan\u0131\u015fman\u0131\" \/>\n<meta property=\"og:description\" content=\"Bu derste Excel&#039;de bir h\u00fccrede bulunan zaman de\u011ferine nas\u0131l saat eklenece\u011fini \u00f6\u011frenece\u011fiz. Yapaca\u011f\u0131z\" \/>\n<meta property=\"og:url\" content=\"https:\/\/exceladvisor.org\/tr\/zamana-saat-ekleyin\/\" \/>\n<meta property=\"og:site_name\" content=\"Excel Advisor\" \/>\n<meta property=\"article:modified_time\" content=\"2023-12-10T06:08:12+00:00\" \/>\n<meta property=\"og:image\" content=\"https:\/\/exceladvisor.org\/wp-content\/uploads\/2023\/08\/1-cellule-avec-valeur-de-temps.png\" \/>\n<meta name=\"twitter:card\" content=\"summary_large_image\" \/>\n<meta name=\"twitter:label1\" content=\"Tahmini okuma s\u00fcresi\" \/>\n\t<meta name=\"twitter:data1\" content=\"1 dakika\" \/>\n<script type=\"application\/ld+json\" class=\"yoast-schema-graph\">{\"@context\":\"https:\/\/schema.org\",\"@graph\":[{\"@type\":\"WebPage\",\"@id\":\"https:\/\/exceladvisor.org\/tr\/zamana-saat-ekleyin\/\",\"url\":\"https:\/\/exceladvisor.org\/tr\/zamana-saat-ekleyin\/\",\"name\":\"Zamana saat nas\u0131l eklenir? - Excel Dan\u0131\u015fman\u0131\",\"isPartOf\":{\"@id\":\"https:\/\/exceladvisor.org\/tr\/#website\"},\"primaryImageOfPage\":{\"@id\":\"https:\/\/exceladvisor.org\/tr\/zamana-saat-ekleyin\/#primaryimage\"},\"image\":{\"@id\":\"https:\/\/exceladvisor.org\/tr\/zamana-saat-ekleyin\/#primaryimage\"},\"thumbnailUrl\":\"https:\/\/exceladvisor.org\/wp-content\/uploads\/2023\/08\/1-cellule-avec-valeur-de-temps.png\",\"datePublished\":\"2023-11-17T05:14:11+00:00\",\"dateModified\":\"2023-12-10T06:08:12+00:00\",\"description\":\"Bu derste Excel&#39;de bir h\u00fccrede bulunan zaman de\u011ferine nas\u0131l saat eklenece\u011fini \u00f6\u011frenece\u011fiz. Yapaca\u011f\u0131z\",\"breadcrumb\":{\"@id\":\"https:\/\/exceladvisor.org\/tr\/zamana-saat-ekleyin\/#breadcrumb\"},\"inLanguage\":\"tr\",\"potentialAction\":[{\"@type\":\"ReadAction\",\"target\":[\"https:\/\/exceladvisor.org\/tr\/zamana-saat-ekleyin\/\"]}]},{\"@type\":\"ImageObject\",\"inLanguage\":\"tr\",\"@id\":\"https:\/\/exceladvisor.org\/tr\/zamana-saat-ekleyin\/#primaryimage\",\"url\":\"https:\/\/exceladvisor.org\/wp-content\/uploads\/2023\/08\/1-cellule-avec-valeur-de-temps.png\",\"contentUrl\":\"https:\/\/exceladvisor.org\/wp-content\/uploads\/2023\/08\/1-cellule-avec-valeur-de-temps.png\"},{\"@type\":\"BreadcrumbList\",\"@id\":\"https:\/\/exceladvisor.org\/tr\/zamana-saat-ekleyin\/#breadcrumb\",\"itemListElement\":[{\"@type\":\"ListItem\",\"position\":1,\"name\":\"Ev\",\"item\":\"https:\/\/exceladvisor.org\/tr\/\"},{\"@type\":\"ListItem\",\"position\":2,\"name\":\"Zamana saat nas\u0131l eklenir?\"}]},{\"@type\":\"WebSite\",\"@id\":\"https:\/\/exceladvisor.org\/tr\/#website\",\"url\":\"https:\/\/exceladvisor.org\/tr\/\",\"name\":\"Excel Advisor\",\"description\":\"Veri hakimiyetine y\u00f6nelik nihai rehberiniz!\",\"publisher\":{\"@id\":\"https:\/\/exceladvisor.org\/tr\/#organization\"},\"potentialAction\":[{\"@type\":\"SearchAction\",\"target\":{\"@type\":\"EntryPoint\",\"urlTemplate\":\"https:\/\/exceladvisor.org\/tr\/?s={search_term_string}\"},\"query-input\":{\"@type\":\"PropertyValueSpecification\",\"valueRequired\":true,\"valueName\":\"search_term_string\"}}],\"inLanguage\":\"tr\"},{\"@type\":\"Organization\",\"@id\":\"https:\/\/exceladvisor.org\/tr\/#organization\",\"name\":\"Excel Advisor\",\"url\":\"https:\/\/exceladvisor.org\/tr\/\",\"logo\":{\"@type\":\"ImageObject\",\"inLanguage\":\"tr\",\"@id\":\"https:\/\/exceladvisor.org\/tr\/#\/schema\/logo\/image\/\",\"url\":\"https:\/\/exceladvisor.org\/tr\/wp-content\/uploads\/2023\/12\/exceladvisor.org_.png\",\"contentUrl\":\"https:\/\/exceladvisor.org\/tr\/wp-content\/uploads\/2023\/12\/exceladvisor.org_.png\",\"width\":105,\"height\":36,\"caption\":\"Excel Advisor\"},\"image\":{\"@id\":\"https:\/\/exceladvisor.org\/tr\/#\/schema\/logo\/image\/\"}}]}<\/script>\n<!-- \/ Yoast SEO plugin. -->","yoast_head_json":{"title":"Zamana saat nas\u0131l eklenir? - Excel Dan\u0131\u015fman\u0131","description":"Bu derste Excel&#39;de bir h\u00fccrede bulunan zaman de\u011ferine nas\u0131l saat eklenece\u011fini \u00f6\u011frenece\u011fiz. Yapaca\u011f\u0131z","robots":{"index":"index","follow":"follow","max-snippet":"max-snippet:-1","max-image-preview":"max-image-preview:large","max-video-preview":"max-video-preview:-1"},"canonical":"https:\/\/exceladvisor.org\/tr\/zamana-saat-ekleyin\/","og_locale":"tr_TR","og_type":"article","og_title":"Zamana saat nas\u0131l eklenir? - Excel Dan\u0131\u015fman\u0131","og_description":"Bu derste Excel&#39;de bir h\u00fccrede bulunan zaman de\u011ferine nas\u0131l saat eklenece\u011fini \u00f6\u011frenece\u011fiz. Yapaca\u011f\u0131z","og_url":"https:\/\/exceladvisor.org\/tr\/zamana-saat-ekleyin\/","og_site_name":"Excel Advisor","article_modified_time":"2023-12-10T06:08:12+00:00","og_image":[{"url":"https:\/\/exceladvisor.org\/wp-content\/uploads\/2023\/08\/1-cellule-avec-valeur-de-temps.png","type":"","width":"","height":""}],"twitter_card":"summary_large_image","twitter_misc":{"Tahmini okuma s\u00fcresi":"1 dakika"},"schema":{"@context":"https:\/\/schema.org","@graph":[{"@type":"WebPage","@id":"https:\/\/exceladvisor.org\/tr\/zamana-saat-ekleyin\/","url":"https:\/\/exceladvisor.org\/tr\/zamana-saat-ekleyin\/","name":"Zamana saat nas\u0131l eklenir? - Excel Dan\u0131\u015fman\u0131","isPartOf":{"@id":"https:\/\/exceladvisor.org\/tr\/#website"},"primaryImageOfPage":{"@id":"https:\/\/exceladvisor.org\/tr\/zamana-saat-ekleyin\/#primaryimage"},"image":{"@id":"https:\/\/exceladvisor.org\/tr\/zamana-saat-ekleyin\/#primaryimage"},"thumbnailUrl":"https:\/\/exceladvisor.org\/wp-content\/uploads\/2023\/08\/1-cellule-avec-valeur-de-temps.png","datePublished":"2023-11-17T05:14:11+00:00","dateModified":"2023-12-10T06:08:12+00:00","description":"Bu derste Excel&#39;de bir h\u00fccrede bulunan zaman de\u011ferine nas\u0131l saat eklenece\u011fini \u00f6\u011frenece\u011fiz. Yapaca\u011f\u0131z","breadcrumb":{"@id":"https:\/\/exceladvisor.org\/tr\/zamana-saat-ekleyin\/#breadcrumb"},"inLanguage":"tr","potentialAction":[{"@type":"ReadAction","target":["https:\/\/exceladvisor.org\/tr\/zamana-saat-ekleyin\/"]}]},{"@type":"ImageObject","inLanguage":"tr","@id":"https:\/\/exceladvisor.org\/tr\/zamana-saat-ekleyin\/#primaryimage","url":"https:\/\/exceladvisor.org\/wp-content\/uploads\/2023\/08\/1-cellule-avec-valeur-de-temps.png","contentUrl":"https:\/\/exceladvisor.org\/wp-content\/uploads\/2023\/08\/1-cellule-avec-valeur-de-temps.png"},{"@type":"BreadcrumbList","@id":"https:\/\/exceladvisor.org\/tr\/zamana-saat-ekleyin\/#breadcrumb","itemListElement":[{"@type":"ListItem","position":1,"name":"Ev","item":"https:\/\/exceladvisor.org\/tr\/"},{"@type":"ListItem","position":2,"name":"Zamana saat nas\u0131l eklenir?"}]},{"@type":"WebSite","@id":"https:\/\/exceladvisor.org\/tr\/#website","url":"https:\/\/exceladvisor.org\/tr\/","name":"Excel Advisor","description":"Veri hakimiyetine y\u00f6nelik nihai rehberiniz!","publisher":{"@id":"https:\/\/exceladvisor.org\/tr\/#organization"},"potentialAction":[{"@type":"SearchAction","target":{"@type":"EntryPoint","urlTemplate":"https:\/\/exceladvisor.org\/tr\/?s={search_term_string}"},"query-input":{"@type":"PropertyValueSpecification","valueRequired":true,"valueName":"search_term_string"}}],"inLanguage":"tr"},{"@type":"Organization","@id":"https:\/\/exceladvisor.org\/tr\/#organization","name":"Excel Advisor","url":"https:\/\/exceladvisor.org\/tr\/","logo":{"@type":"ImageObject","inLanguage":"tr","@id":"https:\/\/exceladvisor.org\/tr\/#\/schema\/logo\/image\/","url":"https:\/\/exceladvisor.org\/tr\/wp-content\/uploads\/2023\/12\/exceladvisor.org_.png","contentUrl":"https:\/\/exceladvisor.org\/tr\/wp-content\/uploads\/2023\/12\/exceladvisor.org_.png","width":105,"height":36,"caption":"Excel Advisor"},"image":{"@id":"https:\/\/exceladvisor.org\/tr\/#\/schema\/logo\/image\/"}}]}},"yoast_meta":{"yoast_wpseo_title":"","yoast_wpseo_metadesc":"","yoast_wpseo_canonical":""},"_links":{"self":[{"href":"https:\/\/exceladvisor.org\/tr\/wp-json\/wp\/v2\/pages\/1560","targetHints":{"allow":["GET"]}}],"collection":[{"href":"https:\/\/exceladvisor.org\/tr\/wp-json\/wp\/v2\/pages"}],"about":[{"href":"https:\/\/exceladvisor.org\/tr\/wp-json\/wp\/v2\/types\/page"}],"author":[{"embeddable":true,"href":"https:\/\/exceladvisor.org\/tr\/wp-json\/wp\/v2\/users\/1"}],"replies":[{"embeddable":true,"href":"https:\/\/exceladvisor.org\/tr\/wp-json\/wp\/v2\/comments?post=1560"}],"version-history":[{"count":1,"href":"https:\/\/exceladvisor.org\/tr\/wp-json\/wp\/v2\/pages\/1560\/revisions"}],"predecessor-version":[{"id":2974,"href":"https:\/\/exceladvisor.org\/tr\/wp-json\/wp\/v2\/pages\/1560\/revisions\/2974"}],"wp:attachment":[{"href":"https:\/\/exceladvisor.org\/tr\/wp-json\/wp\/v2\/media?parent=1560"}],"curies":[{"name":"wp","href":"https:\/\/api.w.org\/{rel}","templated":true}]}}