{"id":1561,"date":"2023-11-17T05:02:27","date_gmt":"2023-11-17T05:02:27","guid":{"rendered":"https:\/\/exceladvisor.org\/tr\/2-ayin-ilk-gunu\/"},"modified":"2023-12-10T05:58:39","modified_gmt":"2023-12-10T05:58:39","slug":"2-ayin-ilk-gunu","status":"publish","type":"page","link":"https:\/\/exceladvisor.org\/tr\/2-ayin-ilk-gunu\/","title":{"rendered":"Ay\u0131n ilk g\u00fcn\u00fc nas\u0131l al\u0131n\u0131r?"},"content":{"rendered":"<div class=\"excel-icerikten-once\" id=\"excel-678981628\"><script type=\"text\/javascript\">\r\n\tatOptions = {\r\n\t\t'key' : 'c1158f160081d6540a8409e6925dab94',\r\n\t\t'format' : 'iframe',\r\n\t\t'height' : 250,\r\n\t\t'width' : 300,\r\n\t\t'params' : {}\r\n\t};\r\n<\/script>\r\n<script type=\"text\/javascript\" src=\"\/\/www.highperformanceformat.com\/c1158f160081d6540a8409e6925dab94\/invoke.js\"><\/script><\/div> <p>Excel&#8217;de ay\u0131n ilk g\u00fcn\u00fcn\u00fc almak i\u00e7in bir form\u00fcl kullanabilirsiniz. \u00d6rne\u011fin, <sup>16<\/sup> Ocak 2022&#8217;niz varsa ve <sup>1<\/sup> Ocak&#8217;\u0131 almak istiyorsan\u0131z, bundan g\u00fcn \u00e7\u0131kar\u0131p son g\u00fcne veya \u00f6nceki aya gidebilir, ard\u0131ndan bir ekleyerek ilk g\u00fcn\u00fc elde edebilirsiniz. cari ay\u0131n.<\/p><p> A\u015fa\u011f\u0131daki \u00f6rnekte A1 h\u00fccresinde bir tarihimiz var ve bunun i\u00e7in ay\u0131n ilk g\u00fcn\u00fcn\u00fc almam\u0131z gerekiyor. <\/p><div class=\"wp-block-image is-style-default\"><figure class=\"aligncenter size-full is-resized\"><img loading=\"lazy\" decoding=\"async\" class=\"wp-image-67596\" src=\"https:\/\/exceladvisor.org\/wp-content\/uploads\/2023\/08\/1-valeur-de-date-dans-la-cellule.png\" sizes=\"auto, \" srcset=\"\" alt=\"h\u00fccredeki tarih de\u011feri\" width=\"423\" height=\"324\"><\/figure><\/div><h2 class=\"wp-block-heading\"> Ay\u0131n ba\u015flang\u0131\u00e7 tarihini almak i\u00e7in form\u00fcl<\/h2><ol type=\"1\"><li> \u0130lk \u00f6nce B1 h\u00fccresine e\u015fittir i\u015faretini girin.<\/li><li> Bundan sonra, ger\u00e7ek tarihin bulundu\u011fu A1 h\u00fccresine bak\u0131n ve toplam operat\u00f6r\u00fcn\u00fc girin.<\/li><li> \u015eimdi DAY i\u015flevini kullan\u0131n ve A1 h\u00fccresine bak\u0131n.<\/li><li> Daha sonra DAY fonksiyonunu kapat\u0131n ve eksi operat\u00f6r\u00fcn\u00fc girin.<\/li><li> Sonucu almak i\u00e7in \u201c1\u201d yaz\u0131n ve Enter tu\u015funa bas\u0131n. <\/li><\/ol><pre class=\"wp-block-code\"> <code class=\"language-excel-formula\" lang=\"excel-formula\">=A1-DAY(A1)+1<\/code><\/pre><div class=\"wp-block-image\"><figure class=\"aligncenter size-full is-resized\"><img loading=\"lazy\" decoding=\"async\" class=\"wp-image-67597\" src=\"https:\/\/exceladvisor.org\/wp-content\/uploads\/2023\/08\/2-formules-pour-obtenir-la-date-du-debut-du-mois.png\" sizes=\"auto, \" srcset=\"\" alt=\"ay\u0131n-ba\u015flang\u0131c\u0131n\u0131-alma form\u00fcl\u00fc\" width=\"453\" height=\"370\"><\/figure><\/div><p> Bu form\u00fcl\u00fc anlamak i\u00e7in onu \u00fc\u00e7 b\u00f6l\u00fcme ay\u0131rman\u0131z gerekir: <\/p><div class=\"wp-block-image\"><figure class=\"aligncenter size-full is-resized\"><img loading=\"lazy\" decoding=\"async\" class=\"wp-image-67598\" src=\"https:\/\/exceladvisor.org\/wp-content\/uploads\/2023\/08\/3-formules-reparties.png\" sizes=\"auto, \" srcset=\"\" alt=\"form\u00fcl b\u00f6lme\" width=\"448\" height=\"112\"><\/figure><\/div><ol type=\"1\"><li> \u0130lk b\u00f6l\u00fcmde A1 h\u00fccresindeki tarihi kulland\u0131k.<\/li><li> Daha sonra ikinci b\u00f6l\u00fcmde DAY fonksiyonunu kullanarak orijinal tarihin g\u00fcn say\u0131s\u0131n\u0131 (16-Ocak i\u00e7in 16 de\u011ferini d\u00f6nd\u00fcr\u00fcr) elde ettik. Ve bu say\u0131y\u0131 orijinal tarihten kald\u0131rd\u0131k. Bunu yapt\u0131\u011f\u0131n\u0131zda (tarih \u2013 g\u00fcn numaras\u0131) ge\u00e7en ay\u0131n biti\u015f tarihini al\u0131rs\u0131n\u0131z.<\/li><li> \u015eimdi \u00fc\u00e7\u00fcnc\u00fc b\u00f6l\u00fcmde ge\u00e7en ay\u0131n tarihine 1 ekliyoruz (ikinci b\u00f6l\u00fcmde alm\u0131\u015ft\u0131k) bu ay\u0131n ilk g\u00fcn\u00fcn\u00fc elde ediyoruz.<\/li><\/ol><h2 class=\"wp-block-heading\"> Ay\u0131n ba\u015flang\u0131\u00e7 tarihini almak i\u00e7in EOMONTH&#8217;u kullan\u0131n<\/h2><p> Ay\u0131n ilk g\u00fcn\u00fcn\u00fc almak i\u00e7in EOMONTH&#8217;u da kullanabilirsiniz. EOMONTH bir tarih al\u0131r ve ay\u0131n son tarihini alman\u0131za yard\u0131mc\u0131 olur ve buna 1 ekleyerek ay\u0131n ilk g\u00fcn\u00fcn\u00fc alabilirsiniz.<\/p><pre class=\"wp-block-code\"> <code class=\"language-excel-formula\" lang=\"excel-formula\">=EOMONTH(A1,-1)+1<\/code><\/pre><h2 class=\"wp-block-heading\"> Ay\u0131n ilk g\u00fcn\u00fcn\u00fc almak i\u00e7in ay ad\u0131n\u0131 kullanma<\/h2><p> Bir ay boyunca ilk randevu almak istiyorsan\u0131z ve ay ad\u0131 kullanmak istiyorsan\u0131z a\u015fa\u011f\u0131daki form\u00fcl\u00fc kullanabilirsiniz. <\/p><div class=\"wp-block-image\"><figure class=\"aligncenter size-full is-resized\"><img loading=\"lazy\" decoding=\"async\" class=\"wp-image-67599\" src=\"https:\/\/exceladvisor.org\/wp-content\/uploads\/2023\/08\/Nom-de-4-mois-pour-obtenir-le-premier-jour.png\" sizes=\"auto, \" srcset=\"\" alt=\"ilk g\u00fcn al\u0131nacak ay\u0131n ad\u0131\" width=\"438\" height=\"317\"><\/figure><\/div><p> Bu form\u00fcl, g\u00fcn\u00fc, ay\u0131 ve y\u0131l\u0131 birle\u015ftirerek ger\u00e7ek bir tarihe d\u00f6n\u00fc\u015ft\u00fcrerek bir tarih olu\u015fturur. G\u00fcn i\u00e7in zaten 1&#8217;i, ay i\u00e7in A3 h\u00fccresindeki ay ad\u0131n\u0131 ve y\u0131l i\u00e7in A4 h\u00fccresindeki de\u011feri kulland\u0131k. <\/p><div class=\"wp-block-image\"><figure class=\"aligncenter size-full is-resized\"><img loading=\"lazy\" decoding=\"async\" class=\"wp-image-67600\" src=\"https:\/\/exceladvisor.org\/wp-content\/uploads\/2023\/08\/5-formule-de-valeur-de-date.png\" sizes=\"auto, \" srcset=\"\" alt=\"tarih de\u011feri form\u00fcl\u00fc\" width=\"506\" height=\"304\"><\/figure><\/div><pre class=\"wp-block-code\"> <code class=\"language-excel-formula\" lang=\"excel-formula\">=DATEVALUE(\"1\"&amp;\"-\"&amp;A3&amp;\"-\"&amp;A4)<\/code><\/pre><div class=\"gb-container gb-container-52dfcee1 gb-container-sample-file\"><h2 class=\"gb-headline gb-headline-e289c143 gb-headline-text gb-headline-4f7959c2\"> Excel dosyas\u0131n\u0131 al\u0131n<\/h2><p> <a class=\"gb-button gb-button-e88d6bee gb-button-text gb-button-button1\" href=\"https:\/\/exceladvisor.org\/wp-content\/uploads\/2023\/08\/premier-jour-du-mois.xlsx\" rel=\"nofollow\">\u0130ndirmek<\/a><\/p><\/div><div class=\"gb-container gb-container-0df56012 gb-container-mt\"> <a class=\"gb-button gb-button-f9f432f4 gb-button-text gb-button-mt-button\" href=\"https:\/\/exceladvisor.org\/tr\/formuller\/\">Excel form\u00fcllerinin listesi<\/a><h2 class=\"gb-headline gb-headline-233444e8 gb-headline-text gb-headline-mt-heading\"> \u0130lgili form\u00fcller <\/h2><div class=\"gb-grid-wrapper gb-grid-wrapper-a16fa65c gb-grid-wrapper-mt-grid\"><div class=\"gb-grid-column gb-grid-column-50d07e0d\"><div class=\"gb-container gb-container-50d07e0d\"><ul><li> <a href=\"https:\/\/exceladvisor.org\/tr\/tarihe-bir-ay-eklemek-2\/\">Excel&#8217;de bir tarihe ay ekleme<\/a><\/li><li> <a href=\"https:\/\/exceladvisor.org\/tr\/ayin-sonu\/\">Excel&#8217;de ay\u0131n biti\u015f tarihini al\u0131n<\/a><\/li><li> <a href=\"https:\/\/exceladvisor.org\/tr\/ayin-adi\/\">Excel&#8217;deki bir tarihten ay al\u0131n (al\u0131nt\u0131)<\/a><\/li><li> <a href=\"https:\/\/exceladvisor.org\/tr\/ceyrek\/\">Excel&#8217;de bir tarihten [Mali + Takvim] d\u00f6rtte birini al\u0131n<\/a><\/li><li> <a href=\"https:\/\/exceladvisor.org\/tr\/iki-tarih-arasindaki-ay\/\">Excel&#8217;de iki tarih aras\u0131ndaki ay say\u0131s\u0131<\/a> <\/li><\/ul><\/div><\/div><div class=\"gb-grid-column gb-grid-column-5b4a0cf9\"><div class=\"gb-container gb-container-5b4a0cf9\"><\/div><\/div><\/div><\/div>","protected":false},"excerpt":{"rendered":"","protected":false},"author":1,"featured_media":0,"parent":0,"menu_order":0,"comment_status":"open","ping_status":"closed","template":"","meta":{"ub_ctt_via":"","footnotes":""},"class_list":["post-1561","page","type-page","status-publish","hentry"],"featured_image_src":null,"yoast_head":"<!-- This site is optimized with the Yoast SEO plugin v25.4 - https:\/\/yoast.com\/wordpress\/plugins\/seo\/ -->\n<title>\u25b7 Ay\u0131n ilk g\u00fcn\u00fc nas\u0131l al\u0131n\u0131r? - Excel Dan\u0131\u015fman\u0131<\/title>\n<meta name=\"description\" content=\"Bu form\u00fcl e\u011fitiminde, iki farkl\u0131 y\u00f6ntem kullanarak bir ay\u0131n ilk g\u00fcn\u00fcn\u00fc (tarihini) nas\u0131l elde edece\u011fimizi \u00f6\u011frenece\u011fiz.\" \/>\n<meta name=\"robots\" content=\"index, follow, max-snippet:-1, max-image-preview:large, max-video-preview:-1\" \/>\n<link rel=\"canonical\" href=\"https:\/\/exceladvisor.org\/tr\/2-ayin-ilk-gunu\/\" \/>\n<meta property=\"og:locale\" content=\"tr_TR\" \/>\n<meta property=\"og:type\" content=\"article\" \/>\n<meta property=\"og:title\" content=\"\u25b7 Ay\u0131n ilk g\u00fcn\u00fc nas\u0131l al\u0131n\u0131r? - Excel Dan\u0131\u015fman\u0131\" \/>\n<meta property=\"og:description\" content=\"Bu form\u00fcl e\u011fitiminde, iki farkl\u0131 y\u00f6ntem kullanarak bir ay\u0131n ilk g\u00fcn\u00fcn\u00fc (tarihini) nas\u0131l elde edece\u011fimizi \u00f6\u011frenece\u011fiz.\" \/>\n<meta property=\"og:url\" content=\"https:\/\/exceladvisor.org\/tr\/2-ayin-ilk-gunu\/\" \/>\n<meta property=\"og:site_name\" content=\"Excel Advisor\" \/>\n<meta property=\"article:modified_time\" content=\"2023-12-10T05:58:39+00:00\" \/>\n<meta property=\"og:image\" content=\"https:\/\/exceladvisor.org\/wp-content\/uploads\/2023\/08\/1-valeur-de-date-dans-la-cellule.png\" \/>\n<meta name=\"twitter:card\" content=\"summary_large_image\" \/>\n<meta name=\"twitter:label1\" content=\"Tahmini okuma s\u00fcresi\" \/>\n\t<meta name=\"twitter:data1\" content=\"2 dakika\" \/>\n<script type=\"application\/ld+json\" class=\"yoast-schema-graph\">{\"@context\":\"https:\/\/schema.org\",\"@graph\":[{\"@type\":\"WebPage\",\"@id\":\"https:\/\/exceladvisor.org\/tr\/2-ayin-ilk-gunu\/\",\"url\":\"https:\/\/exceladvisor.org\/tr\/2-ayin-ilk-gunu\/\",\"name\":\"\u25b7 Ay\u0131n ilk g\u00fcn\u00fc nas\u0131l al\u0131n\u0131r? - Excel Dan\u0131\u015fman\u0131\",\"isPartOf\":{\"@id\":\"https:\/\/exceladvisor.org\/tr\/#website\"},\"primaryImageOfPage\":{\"@id\":\"https:\/\/exceladvisor.org\/tr\/2-ayin-ilk-gunu\/#primaryimage\"},\"image\":{\"@id\":\"https:\/\/exceladvisor.org\/tr\/2-ayin-ilk-gunu\/#primaryimage\"},\"thumbnailUrl\":\"https:\/\/exceladvisor.org\/wp-content\/uploads\/2023\/08\/1-valeur-de-date-dans-la-cellule.png\",\"datePublished\":\"2023-11-17T05:02:27+00:00\",\"dateModified\":\"2023-12-10T05:58:39+00:00\",\"description\":\"Bu form\u00fcl e\u011fitiminde, iki farkl\u0131 y\u00f6ntem kullanarak bir ay\u0131n ilk g\u00fcn\u00fcn\u00fc (tarihini) nas\u0131l elde edece\u011fimizi \u00f6\u011frenece\u011fiz.\",\"breadcrumb\":{\"@id\":\"https:\/\/exceladvisor.org\/tr\/2-ayin-ilk-gunu\/#breadcrumb\"},\"inLanguage\":\"tr\",\"potentialAction\":[{\"@type\":\"ReadAction\",\"target\":[\"https:\/\/exceladvisor.org\/tr\/2-ayin-ilk-gunu\/\"]}]},{\"@type\":\"ImageObject\",\"inLanguage\":\"tr\",\"@id\":\"https:\/\/exceladvisor.org\/tr\/2-ayin-ilk-gunu\/#primaryimage\",\"url\":\"https:\/\/exceladvisor.org\/wp-content\/uploads\/2023\/08\/1-valeur-de-date-dans-la-cellule.png\",\"contentUrl\":\"https:\/\/exceladvisor.org\/wp-content\/uploads\/2023\/08\/1-valeur-de-date-dans-la-cellule.png\"},{\"@type\":\"BreadcrumbList\",\"@id\":\"https:\/\/exceladvisor.org\/tr\/2-ayin-ilk-gunu\/#breadcrumb\",\"itemListElement\":[{\"@type\":\"ListItem\",\"position\":1,\"name\":\"Ev\",\"item\":\"https:\/\/exceladvisor.org\/tr\/\"},{\"@type\":\"ListItem\",\"position\":2,\"name\":\"Ay\u0131n ilk g\u00fcn\u00fc nas\u0131l al\u0131n\u0131r?\"}]},{\"@type\":\"WebSite\",\"@id\":\"https:\/\/exceladvisor.org\/tr\/#website\",\"url\":\"https:\/\/exceladvisor.org\/tr\/\",\"name\":\"Excel Advisor\",\"description\":\"Veri hakimiyetine y\u00f6nelik nihai rehberiniz!\",\"publisher\":{\"@id\":\"https:\/\/exceladvisor.org\/tr\/#organization\"},\"potentialAction\":[{\"@type\":\"SearchAction\",\"target\":{\"@type\":\"EntryPoint\",\"urlTemplate\":\"https:\/\/exceladvisor.org\/tr\/?s={search_term_string}\"},\"query-input\":{\"@type\":\"PropertyValueSpecification\",\"valueRequired\":true,\"valueName\":\"search_term_string\"}}],\"inLanguage\":\"tr\"},{\"@type\":\"Organization\",\"@id\":\"https:\/\/exceladvisor.org\/tr\/#organization\",\"name\":\"Excel Advisor\",\"url\":\"https:\/\/exceladvisor.org\/tr\/\",\"logo\":{\"@type\":\"ImageObject\",\"inLanguage\":\"tr\",\"@id\":\"https:\/\/exceladvisor.org\/tr\/#\/schema\/logo\/image\/\",\"url\":\"https:\/\/exceladvisor.org\/tr\/wp-content\/uploads\/2023\/12\/exceladvisor.org_.png\",\"contentUrl\":\"https:\/\/exceladvisor.org\/tr\/wp-content\/uploads\/2023\/12\/exceladvisor.org_.png\",\"width\":105,\"height\":36,\"caption\":\"Excel Advisor\"},\"image\":{\"@id\":\"https:\/\/exceladvisor.org\/tr\/#\/schema\/logo\/image\/\"}}]}<\/script>\n<!-- \/ Yoast SEO plugin. -->","yoast_head_json":{"title":"\u25b7 Ay\u0131n ilk g\u00fcn\u00fc nas\u0131l al\u0131n\u0131r? - Excel Dan\u0131\u015fman\u0131","description":"Bu form\u00fcl e\u011fitiminde, iki farkl\u0131 y\u00f6ntem kullanarak bir ay\u0131n ilk g\u00fcn\u00fcn\u00fc (tarihini) nas\u0131l elde edece\u011fimizi \u00f6\u011frenece\u011fiz.","robots":{"index":"index","follow":"follow","max-snippet":"max-snippet:-1","max-image-preview":"max-image-preview:large","max-video-preview":"max-video-preview:-1"},"canonical":"https:\/\/exceladvisor.org\/tr\/2-ayin-ilk-gunu\/","og_locale":"tr_TR","og_type":"article","og_title":"\u25b7 Ay\u0131n ilk g\u00fcn\u00fc nas\u0131l al\u0131n\u0131r? - Excel Dan\u0131\u015fman\u0131","og_description":"Bu form\u00fcl e\u011fitiminde, iki farkl\u0131 y\u00f6ntem kullanarak bir ay\u0131n ilk g\u00fcn\u00fcn\u00fc (tarihini) nas\u0131l elde edece\u011fimizi \u00f6\u011frenece\u011fiz.","og_url":"https:\/\/exceladvisor.org\/tr\/2-ayin-ilk-gunu\/","og_site_name":"Excel Advisor","article_modified_time":"2023-12-10T05:58:39+00:00","og_image":[{"url":"https:\/\/exceladvisor.org\/wp-content\/uploads\/2023\/08\/1-valeur-de-date-dans-la-cellule.png","type":"","width":"","height":""}],"twitter_card":"summary_large_image","twitter_misc":{"Tahmini okuma s\u00fcresi":"2 dakika"},"schema":{"@context":"https:\/\/schema.org","@graph":[{"@type":"WebPage","@id":"https:\/\/exceladvisor.org\/tr\/2-ayin-ilk-gunu\/","url":"https:\/\/exceladvisor.org\/tr\/2-ayin-ilk-gunu\/","name":"\u25b7 Ay\u0131n ilk g\u00fcn\u00fc nas\u0131l al\u0131n\u0131r? - Excel Dan\u0131\u015fman\u0131","isPartOf":{"@id":"https:\/\/exceladvisor.org\/tr\/#website"},"primaryImageOfPage":{"@id":"https:\/\/exceladvisor.org\/tr\/2-ayin-ilk-gunu\/#primaryimage"},"image":{"@id":"https:\/\/exceladvisor.org\/tr\/2-ayin-ilk-gunu\/#primaryimage"},"thumbnailUrl":"https:\/\/exceladvisor.org\/wp-content\/uploads\/2023\/08\/1-valeur-de-date-dans-la-cellule.png","datePublished":"2023-11-17T05:02:27+00:00","dateModified":"2023-12-10T05:58:39+00:00","description":"Bu form\u00fcl e\u011fitiminde, iki farkl\u0131 y\u00f6ntem kullanarak bir ay\u0131n ilk g\u00fcn\u00fcn\u00fc (tarihini) nas\u0131l elde edece\u011fimizi \u00f6\u011frenece\u011fiz.","breadcrumb":{"@id":"https:\/\/exceladvisor.org\/tr\/2-ayin-ilk-gunu\/#breadcrumb"},"inLanguage":"tr","potentialAction":[{"@type":"ReadAction","target":["https:\/\/exceladvisor.org\/tr\/2-ayin-ilk-gunu\/"]}]},{"@type":"ImageObject","inLanguage":"tr","@id":"https:\/\/exceladvisor.org\/tr\/2-ayin-ilk-gunu\/#primaryimage","url":"https:\/\/exceladvisor.org\/wp-content\/uploads\/2023\/08\/1-valeur-de-date-dans-la-cellule.png","contentUrl":"https:\/\/exceladvisor.org\/wp-content\/uploads\/2023\/08\/1-valeur-de-date-dans-la-cellule.png"},{"@type":"BreadcrumbList","@id":"https:\/\/exceladvisor.org\/tr\/2-ayin-ilk-gunu\/#breadcrumb","itemListElement":[{"@type":"ListItem","position":1,"name":"Ev","item":"https:\/\/exceladvisor.org\/tr\/"},{"@type":"ListItem","position":2,"name":"Ay\u0131n ilk g\u00fcn\u00fc nas\u0131l al\u0131n\u0131r?"}]},{"@type":"WebSite","@id":"https:\/\/exceladvisor.org\/tr\/#website","url":"https:\/\/exceladvisor.org\/tr\/","name":"Excel Advisor","description":"Veri hakimiyetine y\u00f6nelik nihai rehberiniz!","publisher":{"@id":"https:\/\/exceladvisor.org\/tr\/#organization"},"potentialAction":[{"@type":"SearchAction","target":{"@type":"EntryPoint","urlTemplate":"https:\/\/exceladvisor.org\/tr\/?s={search_term_string}"},"query-input":{"@type":"PropertyValueSpecification","valueRequired":true,"valueName":"search_term_string"}}],"inLanguage":"tr"},{"@type":"Organization","@id":"https:\/\/exceladvisor.org\/tr\/#organization","name":"Excel Advisor","url":"https:\/\/exceladvisor.org\/tr\/","logo":{"@type":"ImageObject","inLanguage":"tr","@id":"https:\/\/exceladvisor.org\/tr\/#\/schema\/logo\/image\/","url":"https:\/\/exceladvisor.org\/tr\/wp-content\/uploads\/2023\/12\/exceladvisor.org_.png","contentUrl":"https:\/\/exceladvisor.org\/tr\/wp-content\/uploads\/2023\/12\/exceladvisor.org_.png","width":105,"height":36,"caption":"Excel Advisor"},"image":{"@id":"https:\/\/exceladvisor.org\/tr\/#\/schema\/logo\/image\/"}}]}},"yoast_meta":{"yoast_wpseo_title":"","yoast_wpseo_metadesc":"","yoast_wpseo_canonical":""},"_links":{"self":[{"href":"https:\/\/exceladvisor.org\/tr\/wp-json\/wp\/v2\/pages\/1561","targetHints":{"allow":["GET"]}}],"collection":[{"href":"https:\/\/exceladvisor.org\/tr\/wp-json\/wp\/v2\/pages"}],"about":[{"href":"https:\/\/exceladvisor.org\/tr\/wp-json\/wp\/v2\/types\/page"}],"author":[{"embeddable":true,"href":"https:\/\/exceladvisor.org\/tr\/wp-json\/wp\/v2\/users\/1"}],"replies":[{"embeddable":true,"href":"https:\/\/exceladvisor.org\/tr\/wp-json\/wp\/v2\/comments?post=1561"}],"version-history":[{"count":1,"href":"https:\/\/exceladvisor.org\/tr\/wp-json\/wp\/v2\/pages\/1561\/revisions"}],"predecessor-version":[{"id":2259,"href":"https:\/\/exceladvisor.org\/tr\/wp-json\/wp\/v2\/pages\/1561\/revisions\/2259"}],"wp:attachment":[{"href":"https:\/\/exceladvisor.org\/tr\/wp-json\/wp\/v2\/media?parent=1561"}],"curies":[{"name":"wp","href":"https:\/\/api.w.org\/{rel}","templated":true}]}}