{"id":1562,"date":"2023-11-17T04:57:31","date_gmt":"2023-11-17T04:57:31","guid":{"rendered":"https:\/\/exceladvisor.org\/tr\/rastgele-hucreler-ekle\/"},"modified":"2023-12-10T06:02:07","modified_gmt":"2023-12-10T06:02:07","slug":"rastgele-hucreler-ekle","status":"publish","type":"page","link":"https:\/\/exceladvisor.org\/tr\/rastgele-hucreler-ekle\/","title":{"rendered":"Excel&#39;de rastgele h\u00fccreler nas\u0131l eklenir?"},"content":{"rendered":"<div class=\"excel-icerikten-once\" id=\"excel-1061930219\"><script type=\"text\/javascript\">\r\n\tatOptions = {\r\n\t\t'key' : 'c1158f160081d6540a8409e6925dab94',\r\n\t\t'format' : 'iframe',\r\n\t\t'height' : 250,\r\n\t\t'width' : 300,\r\n\t\t'params' : {}\r\n\t};\r\n<\/script>\r\n<script type=\"text\/javascript\" src=\"\/\/www.highperformanceformat.com\/c1158f160081d6540a8409e6925dab94\/invoke.js\"><\/script><\/div> <p>Excel&#8217;de rastgele h\u00fccreleri saymak istiyorsan\u0131z, SUM i\u015flevini kullanabilir ve ard\u0131ndan t\u00fcm bu rastgele h\u00fccreleri farenizle se\u00e7ebilirsiniz. Bu sayede toplam fonksiyonu se\u00e7ti\u011finiz t\u00fcm h\u00fccreleri tek tek al\u0131r ve Enter tu\u015funa bast\u0131\u011f\u0131n\u0131zda o h\u00fccrelerin de\u011ferlerinin toplam\u0131n\u0131 d\u00f6nd\u00fcr\u00fcr. <\/p><div class=\"wp-block-image\"><figure class=\"aligncenter size-full is-resized\"><img loading=\"lazy\" decoding=\"async\" class=\"wp-image-67262\" src=\"https:\/\/exceladvisor.org\/wp-content\/uploads\/2023\/08\/excel-somme-cellules-aleatoires1.gif\" sizes=\"auto, \" srcset=\"\" alt=\"excel-rastgele-toplam-h\u00fccreler\" width=\"434\" height=\"434\"><\/figure><\/div><p> Rastgele h\u00fccreler eklemek i\u00e7in a\u015fa\u011f\u0131daki ad\u0131mlar\u0131 kullanabilirsiniz:<\/p><ol><li> T\u00fcm rastgele h\u00fccrelerin toplam\u0131n\u0131 almak istedi\u011finiz h\u00fccreyi se\u00e7in.<\/li><li> Bundan sonra bu h\u00fccreye SUM i\u015flevini girin.<\/li><li> Oradan Ctrl tu\u015funu bas\u0131l\u0131 tutun ve toplam\u0131 hesaplamak istedi\u011finiz her rastgele h\u00fccreyi tek tek se\u00e7in.<\/li><li> Sonunda kapan\u0131\u015f parantezlerini girin ve toplam i\u00e7in Enter tu\u015funa bas\u0131n.<\/li><\/ol><p> Ctrl tu\u015funa basarak her h\u00fccreyi se\u00e7ti\u011finizde Excel, her h\u00fccre referans\u0131n\u0131n aras\u0131na otomatik olarak bir virg\u00fcl ekler; b\u00f6ylece bunu manuel olarak eklemenize gerek kalmaz. <\/p><div class=\"gb-container gb-container-52dfcee1 gb-container-sample-file\"><h2 class=\"gb-headline gb-headline-e289c143 gb-headline-text gb-headline-4f7959c2\"> Excel dosyas\u0131n\u0131 al\u0131n<\/h2> <a class=\"gb-button gb-button-e88d6bee gb-button-text gb-button-button1\" href=\"https:\/\/exceladvisor.org\/wp-content\/uploads\/2023\/11\/94-cellules-aleatoires-somme.xlsx\" rel=\"nofollow\">\u0130ndirmek<\/a><\/div><div class=\"gb-container gb-container-0df56012 gb-container-mt\"> <a class=\"gb-button gb-button-f9f432f4 gb-button-text gb-button-mt-button\" href=\"https:\/\/exceladvisor.org\/tr\/formuller\/\">Excel form\u00fcllerinin listesi<\/a><h2 class=\"gb-headline gb-headline-233444e8 gb-headline-text gb-headline-mt-heading\"> \u0130lgili form\u00fcller <\/h2><div class=\"gb-grid-wrapper gb-grid-wrapper-a16fa65c gb-grid-wrapper-mt-grid\"><div class=\"gb-grid-column gb-grid-column-50d07e0d\"><div class=\"gb-container gb-container-50d07e0d\"><ul><li> <a href=\"https:\/\/exceladvisor.org\/tr\/sutunun-tamamini-ekle\/\">Excel&#8217;de bir s\u00fctunun veya sat\u0131r\u0131n tamam\u0131n\u0131 ekleme<\/a><\/li><li> <a href=\"https:\/\/exceladvisor.org\/tr\/yalnizca-gorunur-hucreleri-ekle\/\">Excel&#8217;de yaln\u0131zca g\u00f6r\u00fcn\u00fcr h\u00fccreleri topla<\/a><\/li><li> <a href=\"https:\/\/exceladvisor.org\/tr\/toplam-satir\/\">Excel&#8217;de toplam sat\u0131r ekleme<\/a><\/li><li> <a href=\"https:\/\/exceladvisor.org\/tr\/otomatik-toplam-1\/\">Excel&#8217;de Otomatik Toplam\u0131 H\u0131zla Kullan\u0131n<\/a> <\/li><\/ul><\/div><\/div><div class=\"gb-grid-column gb-grid-column-5b4a0cf9\"><div class=\"gb-container gb-container-5b4a0cf9\"><\/div><\/div><\/div><\/div>","protected":false},"excerpt":{"rendered":"","protected":false},"author":1,"featured_media":0,"parent":0,"menu_order":0,"comment_status":"open","ping_status":"closed","template":"","meta":{"ub_ctt_via":"","footnotes":""},"class_list":["post-1562","page","type-page","status-publish","hentry"],"featured_image_src":null,"yoast_head":"<!-- This site is optimized with the Yoast SEO plugin v25.4 - https:\/\/yoast.com\/wordpress\/plugins\/seo\/ -->\n<title>\u25b7 Excel&#039;de rastgele h\u00fccreler nas\u0131l eklenir?<\/title>\n<meta name=\"description\" content=\"Bu form\u00fcl e\u011fitiminde basit ve kullan\u0131m\u0131 kolay bir y\u00f6ntem kullanarak Excel&#039;de rastgele de\u011ferlerin nas\u0131l eklenece\u011fini \u00f6\u011frenece\u011fiz.\" \/>\n<meta name=\"robots\" content=\"index, follow, max-snippet:-1, max-image-preview:large, max-video-preview:-1\" \/>\n<link rel=\"canonical\" href=\"https:\/\/exceladvisor.org\/tr\/rastgele-hucreler-ekle\/\" \/>\n<meta property=\"og:locale\" content=\"tr_TR\" \/>\n<meta property=\"og:type\" content=\"article\" \/>\n<meta property=\"og:title\" content=\"\u25b7 Excel&#039;de rastgele h\u00fccreler nas\u0131l eklenir?\" \/>\n<meta property=\"og:description\" content=\"Bu form\u00fcl e\u011fitiminde basit ve kullan\u0131m\u0131 kolay bir y\u00f6ntem kullanarak Excel&#039;de rastgele de\u011ferlerin nas\u0131l eklenece\u011fini \u00f6\u011frenece\u011fiz.\" \/>\n<meta property=\"og:url\" content=\"https:\/\/exceladvisor.org\/tr\/rastgele-hucreler-ekle\/\" \/>\n<meta property=\"og:site_name\" content=\"Excel Advisor\" \/>\n<meta property=\"article:modified_time\" content=\"2023-12-10T06:02:07+00:00\" \/>\n<meta property=\"og:image\" content=\"https:\/\/exceladvisor.org\/wp-content\/uploads\/2023\/08\/excel-somme-cellules-aleatoires1.gif\" \/>\n<meta name=\"twitter:card\" content=\"summary_large_image\" \/>\n<meta name=\"twitter:label1\" content=\"Tahmini okuma s\u00fcresi\" \/>\n\t<meta name=\"twitter:data1\" content=\"1 dakika\" \/>\n<script type=\"application\/ld+json\" class=\"yoast-schema-graph\">{\"@context\":\"https:\/\/schema.org\",\"@graph\":[{\"@type\":\"WebPage\",\"@id\":\"https:\/\/exceladvisor.org\/tr\/rastgele-hucreler-ekle\/\",\"url\":\"https:\/\/exceladvisor.org\/tr\/rastgele-hucreler-ekle\/\",\"name\":\"\u25b7 Excel&#39;de rastgele h\u00fccreler nas\u0131l eklenir?\",\"isPartOf\":{\"@id\":\"https:\/\/exceladvisor.org\/tr\/#website\"},\"primaryImageOfPage\":{\"@id\":\"https:\/\/exceladvisor.org\/tr\/rastgele-hucreler-ekle\/#primaryimage\"},\"image\":{\"@id\":\"https:\/\/exceladvisor.org\/tr\/rastgele-hucreler-ekle\/#primaryimage\"},\"thumbnailUrl\":\"https:\/\/exceladvisor.org\/wp-content\/uploads\/2023\/08\/excel-somme-cellules-aleatoires1.gif\",\"datePublished\":\"2023-11-17T04:57:31+00:00\",\"dateModified\":\"2023-12-10T06:02:07+00:00\",\"description\":\"Bu form\u00fcl e\u011fitiminde basit ve kullan\u0131m\u0131 kolay bir y\u00f6ntem kullanarak Excel&#39;de rastgele de\u011ferlerin nas\u0131l eklenece\u011fini \u00f6\u011frenece\u011fiz.\",\"breadcrumb\":{\"@id\":\"https:\/\/exceladvisor.org\/tr\/rastgele-hucreler-ekle\/#breadcrumb\"},\"inLanguage\":\"tr\",\"potentialAction\":[{\"@type\":\"ReadAction\",\"target\":[\"https:\/\/exceladvisor.org\/tr\/rastgele-hucreler-ekle\/\"]}]},{\"@type\":\"ImageObject\",\"inLanguage\":\"tr\",\"@id\":\"https:\/\/exceladvisor.org\/tr\/rastgele-hucreler-ekle\/#primaryimage\",\"url\":\"https:\/\/exceladvisor.org\/wp-content\/uploads\/2023\/08\/excel-somme-cellules-aleatoires1.gif\",\"contentUrl\":\"https:\/\/exceladvisor.org\/wp-content\/uploads\/2023\/08\/excel-somme-cellules-aleatoires1.gif\"},{\"@type\":\"BreadcrumbList\",\"@id\":\"https:\/\/exceladvisor.org\/tr\/rastgele-hucreler-ekle\/#breadcrumb\",\"itemListElement\":[{\"@type\":\"ListItem\",\"position\":1,\"name\":\"Ev\",\"item\":\"https:\/\/exceladvisor.org\/tr\/\"},{\"@type\":\"ListItem\",\"position\":2,\"name\":\"Excel&#39;de rastgele h\u00fccreler nas\u0131l eklenir?\"}]},{\"@type\":\"WebSite\",\"@id\":\"https:\/\/exceladvisor.org\/tr\/#website\",\"url\":\"https:\/\/exceladvisor.org\/tr\/\",\"name\":\"Excel Advisor\",\"description\":\"Veri hakimiyetine y\u00f6nelik nihai rehberiniz!\",\"publisher\":{\"@id\":\"https:\/\/exceladvisor.org\/tr\/#organization\"},\"potentialAction\":[{\"@type\":\"SearchAction\",\"target\":{\"@type\":\"EntryPoint\",\"urlTemplate\":\"https:\/\/exceladvisor.org\/tr\/?s={search_term_string}\"},\"query-input\":{\"@type\":\"PropertyValueSpecification\",\"valueRequired\":true,\"valueName\":\"search_term_string\"}}],\"inLanguage\":\"tr\"},{\"@type\":\"Organization\",\"@id\":\"https:\/\/exceladvisor.org\/tr\/#organization\",\"name\":\"Excel Advisor\",\"url\":\"https:\/\/exceladvisor.org\/tr\/\",\"logo\":{\"@type\":\"ImageObject\",\"inLanguage\":\"tr\",\"@id\":\"https:\/\/exceladvisor.org\/tr\/#\/schema\/logo\/image\/\",\"url\":\"https:\/\/exceladvisor.org\/tr\/wp-content\/uploads\/2023\/12\/exceladvisor.org_.png\",\"contentUrl\":\"https:\/\/exceladvisor.org\/tr\/wp-content\/uploads\/2023\/12\/exceladvisor.org_.png\",\"width\":105,\"height\":36,\"caption\":\"Excel Advisor\"},\"image\":{\"@id\":\"https:\/\/exceladvisor.org\/tr\/#\/schema\/logo\/image\/\"}}]}<\/script>\n<!-- \/ Yoast SEO plugin. -->","yoast_head_json":{"title":"\u25b7 Excel&#39;de rastgele h\u00fccreler nas\u0131l eklenir?","description":"Bu form\u00fcl e\u011fitiminde basit ve kullan\u0131m\u0131 kolay bir y\u00f6ntem kullanarak Excel&#39;de rastgele de\u011ferlerin nas\u0131l eklenece\u011fini \u00f6\u011frenece\u011fiz.","robots":{"index":"index","follow":"follow","max-snippet":"max-snippet:-1","max-image-preview":"max-image-preview:large","max-video-preview":"max-video-preview:-1"},"canonical":"https:\/\/exceladvisor.org\/tr\/rastgele-hucreler-ekle\/","og_locale":"tr_TR","og_type":"article","og_title":"\u25b7 Excel&#39;de rastgele h\u00fccreler nas\u0131l eklenir?","og_description":"Bu form\u00fcl e\u011fitiminde basit ve kullan\u0131m\u0131 kolay bir y\u00f6ntem kullanarak Excel&#39;de rastgele de\u011ferlerin nas\u0131l eklenece\u011fini \u00f6\u011frenece\u011fiz.","og_url":"https:\/\/exceladvisor.org\/tr\/rastgele-hucreler-ekle\/","og_site_name":"Excel Advisor","article_modified_time":"2023-12-10T06:02:07+00:00","og_image":[{"url":"https:\/\/exceladvisor.org\/wp-content\/uploads\/2023\/08\/excel-somme-cellules-aleatoires1.gif","type":"","width":"","height":""}],"twitter_card":"summary_large_image","twitter_misc":{"Tahmini okuma s\u00fcresi":"1 dakika"},"schema":{"@context":"https:\/\/schema.org","@graph":[{"@type":"WebPage","@id":"https:\/\/exceladvisor.org\/tr\/rastgele-hucreler-ekle\/","url":"https:\/\/exceladvisor.org\/tr\/rastgele-hucreler-ekle\/","name":"\u25b7 Excel&#39;de rastgele h\u00fccreler nas\u0131l eklenir?","isPartOf":{"@id":"https:\/\/exceladvisor.org\/tr\/#website"},"primaryImageOfPage":{"@id":"https:\/\/exceladvisor.org\/tr\/rastgele-hucreler-ekle\/#primaryimage"},"image":{"@id":"https:\/\/exceladvisor.org\/tr\/rastgele-hucreler-ekle\/#primaryimage"},"thumbnailUrl":"https:\/\/exceladvisor.org\/wp-content\/uploads\/2023\/08\/excel-somme-cellules-aleatoires1.gif","datePublished":"2023-11-17T04:57:31+00:00","dateModified":"2023-12-10T06:02:07+00:00","description":"Bu form\u00fcl e\u011fitiminde basit ve kullan\u0131m\u0131 kolay bir y\u00f6ntem kullanarak Excel&#39;de rastgele de\u011ferlerin nas\u0131l eklenece\u011fini \u00f6\u011frenece\u011fiz.","breadcrumb":{"@id":"https:\/\/exceladvisor.org\/tr\/rastgele-hucreler-ekle\/#breadcrumb"},"inLanguage":"tr","potentialAction":[{"@type":"ReadAction","target":["https:\/\/exceladvisor.org\/tr\/rastgele-hucreler-ekle\/"]}]},{"@type":"ImageObject","inLanguage":"tr","@id":"https:\/\/exceladvisor.org\/tr\/rastgele-hucreler-ekle\/#primaryimage","url":"https:\/\/exceladvisor.org\/wp-content\/uploads\/2023\/08\/excel-somme-cellules-aleatoires1.gif","contentUrl":"https:\/\/exceladvisor.org\/wp-content\/uploads\/2023\/08\/excel-somme-cellules-aleatoires1.gif"},{"@type":"BreadcrumbList","@id":"https:\/\/exceladvisor.org\/tr\/rastgele-hucreler-ekle\/#breadcrumb","itemListElement":[{"@type":"ListItem","position":1,"name":"Ev","item":"https:\/\/exceladvisor.org\/tr\/"},{"@type":"ListItem","position":2,"name":"Excel&#39;de rastgele h\u00fccreler nas\u0131l eklenir?"}]},{"@type":"WebSite","@id":"https:\/\/exceladvisor.org\/tr\/#website","url":"https:\/\/exceladvisor.org\/tr\/","name":"Excel Advisor","description":"Veri hakimiyetine y\u00f6nelik nihai rehberiniz!","publisher":{"@id":"https:\/\/exceladvisor.org\/tr\/#organization"},"potentialAction":[{"@type":"SearchAction","target":{"@type":"EntryPoint","urlTemplate":"https:\/\/exceladvisor.org\/tr\/?s={search_term_string}"},"query-input":{"@type":"PropertyValueSpecification","valueRequired":true,"valueName":"search_term_string"}}],"inLanguage":"tr"},{"@type":"Organization","@id":"https:\/\/exceladvisor.org\/tr\/#organization","name":"Excel Advisor","url":"https:\/\/exceladvisor.org\/tr\/","logo":{"@type":"ImageObject","inLanguage":"tr","@id":"https:\/\/exceladvisor.org\/tr\/#\/schema\/logo\/image\/","url":"https:\/\/exceladvisor.org\/tr\/wp-content\/uploads\/2023\/12\/exceladvisor.org_.png","contentUrl":"https:\/\/exceladvisor.org\/tr\/wp-content\/uploads\/2023\/12\/exceladvisor.org_.png","width":105,"height":36,"caption":"Excel Advisor"},"image":{"@id":"https:\/\/exceladvisor.org\/tr\/#\/schema\/logo\/image\/"}}]}},"yoast_meta":{"yoast_wpseo_title":"","yoast_wpseo_metadesc":"","yoast_wpseo_canonical":""},"_links":{"self":[{"href":"https:\/\/exceladvisor.org\/tr\/wp-json\/wp\/v2\/pages\/1562","targetHints":{"allow":["GET"]}}],"collection":[{"href":"https:\/\/exceladvisor.org\/tr\/wp-json\/wp\/v2\/pages"}],"about":[{"href":"https:\/\/exceladvisor.org\/tr\/wp-json\/wp\/v2\/types\/page"}],"author":[{"embeddable":true,"href":"https:\/\/exceladvisor.org\/tr\/wp-json\/wp\/v2\/users\/1"}],"replies":[{"embeddable":true,"href":"https:\/\/exceladvisor.org\/tr\/wp-json\/wp\/v2\/comments?post=1562"}],"version-history":[{"count":1,"href":"https:\/\/exceladvisor.org\/tr\/wp-json\/wp\/v2\/pages\/1562\/revisions"}],"predecessor-version":[{"id":2578,"href":"https:\/\/exceladvisor.org\/tr\/wp-json\/wp\/v2\/pages\/1562\/revisions\/2578"}],"wp:attachment":[{"href":"https:\/\/exceladvisor.org\/tr\/wp-json\/wp\/v2\/media?parent=1562"}],"curies":[{"name":"wp","href":"https:\/\/api.w.org\/{rel}","templated":true}]}}