{"id":1564,"date":"2023-11-17T04:23:08","date_gmt":"2023-11-17T04:23:08","guid":{"rendered":"https:\/\/exceladvisor.org\/tr\/kare-numarasi\/"},"modified":"2023-12-10T06:00:44","modified_gmt":"2023-12-10T06:00:44","slug":"kare-numarasi","status":"publish","type":"page","link":"https:\/\/exceladvisor.org\/tr\/kare-numarasi\/","title":{"rendered":"Excel&#39;de bir say\u0131n\u0131n karesi nas\u0131l al\u0131n\u0131r?"},"content":{"rendered":"<div class=\"excel-icerikten-once\" id=\"excel-948977059\"><script type=\"text\/javascript\">\r\n\tatOptions = {\r\n\t\t'key' : 'c1158f160081d6540a8409e6925dab94',\r\n\t\t'format' : 'iframe',\r\n\t\t'height' : 250,\r\n\t\t'width' : 300,\r\n\t\t'params' : {}\r\n\t};\r\n<\/script>\r\n<script type=\"text\/javascript\" src=\"\/\/www.highperformanceformat.com\/c1158f160081d6540a8409e6925dab94\/invoke.js\"><\/script><\/div> <p>Excel&#8217;de bir say\u0131n\u0131n karesini almak istiyorsan\u0131z y\u00f6ntemleri takip edebilece\u011finiz iki basit yol vard\u0131r ve her iki y\u00f6ntem de ayn\u0131 \u015fekilde \u00e7al\u0131\u015f\u0131r. Karesini hesaplamak istedi\u011finiz say\u0131y\u0131 belirtmeniz ve kareyi hesaplamak istedi\u011finiz i\u00e7in 2 belirtmeniz gerekiyor.<\/p><p> Bu e\u011fitimin ilerleyen k\u0131s\u0131mlar\u0131nda bunu anlamak i\u00e7in bir \u00f6rnek kullanaca\u011f\u0131z.<\/p><h2 class=\"wp-block-heading\"> Kareyi hesaplamak i\u00e7in G\u00dc\u00c7&#8217;\u00fc kullan\u0131n<\/h2><ol type=\"1\"><li> H\u00fccreye G\u00dc\u00c7 fonksiyonunu girin.<\/li><li> Karesini hesaplaman\u0131z gereken say\u0131n\u0131n bulundu\u011fu h\u00fccreye bak\u0131n.<\/li><li> \u0130kinci arg\u00fcmana 2 girin \u00e7\u00fcnk\u00fc g\u00fcc\u00fc 2&#8217;ye \u00e7\u0131karman\u0131z gerekiyor.<\/li><li> Fonksiyonu kapat\u0131n ve Enter tu\u015funa bas\u0131n. <\/li><\/ol><div class=\"wp-block-image\"><figure class=\"aligncenter size-full is-resized\"><img loading=\"lazy\" decoding=\"async\" class=\"wp-image-67624\" src=\"https:\/\/exceladvisor.org\/wp-content\/uploads\/2023\/08\/1-puissance-pour-calculer-le-carre.png\" sizes=\"auto, \" srcset=\"\" alt=\"hesaplama g\u00fcc\u00fcn\u00fcn karesi\" width=\"537\" height=\"430\"><\/figure><\/div><p> Enter tu\u015funa basman\u0131z gerekti\u011fi anda fonksiyon yukar\u0131daki \u00f6rnekte g\u00f6rd\u00fc\u011f\u00fcn\u00fcz kareyi d\u00f6nd\u00fcr\u00fcyor.<\/p><h2 class=\"wp-block-heading\"> G\u00fc\u00e7 operat\u00f6r\u00fcn\u00fc kullanma (^)<\/h2><p> Ayn\u0131 \u015fekilde Excel&#8217;de bir say\u0131n\u0131n karesini almak i\u00e7in kuvvet operat\u00f6r\u00fcn\u00fc (^) kullan\u0131rs\u0131n\u0131z. Ve bu y\u00f6ntemde herhangi bir fonksiyon kullanman\u0131za gerek yoktur. \u0130\u015fte y\u00f6ntem:<\/p><ol type=\"1\"><li> Karesini hesaplamak istedi\u011finiz say\u0131n\u0131n bulundu\u011fu h\u00fccreye bak\u0131n.<\/li><li> Klavyeyi kullanarak bir ^ girin (bunu 6 rakam tu\u015funda bulabilirsiniz).<\/li><li> Excel&#8217;e g\u00fcc\u00fcn\u00fc 2&#8217;ye \u00e7\u0131karmas\u0131n\u0131 s\u00f6yleyen Tip 2.<\/li><li> Sonucu almak i\u00e7in Enter tu\u015funa bas\u0131n. <\/li><\/ol><div class=\"wp-block-image\"><figure class=\"aligncenter size-full is-resized\"><img loading=\"lazy\" decoding=\"async\" class=\"wp-image-67625\" src=\"https:\/\/exceladvisor.org\/wp-content\/uploads\/2023\/08\/2-operateur-de-puissance.png\" sizes=\"auto, \" srcset=\"\" alt=\"g\u00fc\u00e7 operat\u00f6r\u00fc\" width=\"414\" height=\"329\"><\/figure><\/div><p> S\u00f6yledi\u011fim gibi her iki fonksiyon da ayn\u0131 \u015fekilde \u00e7al\u0131\u015f\u0131yor ve kullan\u0131m\u0131 olduk\u00e7a kolay. Ama ihtiya\u00e7lar\u0131n\u0131za g\u00f6re birini se\u00e7ebilirsiniz. <\/p><div class=\"gb-container gb-container-52dfcee1 gb-container-sample-file\"><h2 class=\"gb-headline gb-headline-e289c143 gb-headline-text gb-headline-4f7959c2\"> Excel dosyas\u0131n\u0131 al\u0131n<\/h2> <a class=\"gb-button gb-button-e88d6bee gb-button-text gb-button-button1\" href=\"https:\/\/exceladvisor.org\/wp-content\/uploads\/2023\/08\/mettre-un-nombre-au-carre.xlsx\" rel=\"nofollow\">\u0130ndirmek<\/a><\/div><div class=\"gb-container gb-container-0df56012 gb-container-mt\"> <a class=\"gb-button gb-button-f9f432f4 gb-button-text gb-button-mt-button\" href=\"https:\/\/exceladvisor.org\/tr\/formuller\/\">Excel form\u00fcllerinin listesi<\/a><h2 class=\"gb-headline gb-headline-233444e8 gb-headline-text gb-headline-mt-heading\"> \u0130lgili form\u00fcller <\/h2><div class=\"gb-grid-wrapper gb-grid-wrapper-a16fa65c gb-grid-wrapper-mt-grid\"><div class=\"gb-grid-column gb-grid-column-50d07e0d\"><div class=\"gb-container gb-container-50d07e0d\"><ul><li> Excel&#8217;de k\u00fcp k\u00f6k\u00fcn\u00fc hesaplay\u0131n<\/li><li> <a href=\"https:\/\/exceladvisor.org\/tr\/yuzde-farki\/\">Excel&#8217;de y\u00fczde varyans\u0131 (fark) hesaplay\u0131n<\/a><\/li><li> <a href=\"https:\/\/exceladvisor.org\/tr\/kare-kok\/\">Excel&#8217;de Karek\u00f6k Hesapla + Sembol Ekle<\/a><\/li><li> <a href=\"https:\/\/exceladvisor.org\/tr\/esit-degil\/\">Excel&#8217;deki operat\u00f6re e\u015fit de\u011fil<\/a> <\/li><\/ul><\/div><\/div><div class=\"gb-grid-column gb-grid-column-5b4a0cf9\"><div class=\"gb-container gb-container-5b4a0cf9\"><\/div><\/div><\/div><\/div>","protected":false},"excerpt":{"rendered":"","protected":false},"author":1,"featured_media":0,"parent":0,"menu_order":0,"comment_status":"open","ping_status":"closed","template":"","meta":{"ub_ctt_via":"","footnotes":""},"class_list":["post-1564","page","type-page","status-publish","hentry"],"featured_image_src":null,"yoast_head":"<!-- This site is optimized with the Yoast SEO plugin v25.4 - https:\/\/yoast.com\/wordpress\/plugins\/seo\/ -->\n<title>Excel&#039;de bir say\u0131n\u0131n karesi nas\u0131l al\u0131n\u0131r? - Excel Dan\u0131\u015fman\u0131<\/title>\n<meta name=\"description\" content=\"Bu form\u00fcl e\u011fitiminde, basit ve takip edilmesi kolay bir y\u00f6ntem kullanarak Excel&#039;de bir say\u0131n\u0131n karesinin nas\u0131l al\u0131naca\u011f\u0131n\u0131 \u00f6\u011frenece\u011fiz.\" \/>\n<meta name=\"robots\" content=\"index, follow, max-snippet:-1, max-image-preview:large, max-video-preview:-1\" \/>\n<link rel=\"canonical\" href=\"https:\/\/exceladvisor.org\/tr\/kare-numarasi\/\" \/>\n<meta property=\"og:locale\" content=\"tr_TR\" \/>\n<meta property=\"og:type\" content=\"article\" \/>\n<meta property=\"og:title\" content=\"Excel&#039;de bir say\u0131n\u0131n karesi nas\u0131l al\u0131n\u0131r? - Excel Dan\u0131\u015fman\u0131\" \/>\n<meta property=\"og:description\" content=\"Bu form\u00fcl e\u011fitiminde, basit ve takip edilmesi kolay bir y\u00f6ntem kullanarak Excel&#039;de bir say\u0131n\u0131n karesinin nas\u0131l al\u0131naca\u011f\u0131n\u0131 \u00f6\u011frenece\u011fiz.\" \/>\n<meta property=\"og:url\" content=\"https:\/\/exceladvisor.org\/tr\/kare-numarasi\/\" \/>\n<meta property=\"og:site_name\" content=\"Excel Advisor\" \/>\n<meta property=\"article:modified_time\" content=\"2023-12-10T06:00:44+00:00\" \/>\n<meta property=\"og:image\" content=\"https:\/\/exceladvisor.org\/wp-content\/uploads\/2023\/08\/1-puissance-pour-calculer-le-carre.png\" \/>\n<meta name=\"twitter:card\" content=\"summary_large_image\" \/>\n<meta name=\"twitter:label1\" content=\"Tahmini okuma s\u00fcresi\" \/>\n\t<meta name=\"twitter:data1\" content=\"1 dakika\" \/>\n<script type=\"application\/ld+json\" class=\"yoast-schema-graph\">{\"@context\":\"https:\/\/schema.org\",\"@graph\":[{\"@type\":\"WebPage\",\"@id\":\"https:\/\/exceladvisor.org\/tr\/kare-numarasi\/\",\"url\":\"https:\/\/exceladvisor.org\/tr\/kare-numarasi\/\",\"name\":\"Excel&#39;de bir say\u0131n\u0131n karesi nas\u0131l al\u0131n\u0131r? - Excel Dan\u0131\u015fman\u0131\",\"isPartOf\":{\"@id\":\"https:\/\/exceladvisor.org\/tr\/#website\"},\"primaryImageOfPage\":{\"@id\":\"https:\/\/exceladvisor.org\/tr\/kare-numarasi\/#primaryimage\"},\"image\":{\"@id\":\"https:\/\/exceladvisor.org\/tr\/kare-numarasi\/#primaryimage\"},\"thumbnailUrl\":\"https:\/\/exceladvisor.org\/wp-content\/uploads\/2023\/08\/1-puissance-pour-calculer-le-carre.png\",\"datePublished\":\"2023-11-17T04:23:08+00:00\",\"dateModified\":\"2023-12-10T06:00:44+00:00\",\"description\":\"Bu form\u00fcl e\u011fitiminde, basit ve takip edilmesi kolay bir y\u00f6ntem kullanarak Excel&#39;de bir say\u0131n\u0131n karesinin nas\u0131l al\u0131naca\u011f\u0131n\u0131 \u00f6\u011frenece\u011fiz.\",\"breadcrumb\":{\"@id\":\"https:\/\/exceladvisor.org\/tr\/kare-numarasi\/#breadcrumb\"},\"inLanguage\":\"tr\",\"potentialAction\":[{\"@type\":\"ReadAction\",\"target\":[\"https:\/\/exceladvisor.org\/tr\/kare-numarasi\/\"]}]},{\"@type\":\"ImageObject\",\"inLanguage\":\"tr\",\"@id\":\"https:\/\/exceladvisor.org\/tr\/kare-numarasi\/#primaryimage\",\"url\":\"https:\/\/exceladvisor.org\/wp-content\/uploads\/2023\/08\/1-puissance-pour-calculer-le-carre.png\",\"contentUrl\":\"https:\/\/exceladvisor.org\/wp-content\/uploads\/2023\/08\/1-puissance-pour-calculer-le-carre.png\"},{\"@type\":\"BreadcrumbList\",\"@id\":\"https:\/\/exceladvisor.org\/tr\/kare-numarasi\/#breadcrumb\",\"itemListElement\":[{\"@type\":\"ListItem\",\"position\":1,\"name\":\"Ev\",\"item\":\"https:\/\/exceladvisor.org\/tr\/\"},{\"@type\":\"ListItem\",\"position\":2,\"name\":\"Excel&#39;de bir say\u0131n\u0131n karesi nas\u0131l al\u0131n\u0131r?\"}]},{\"@type\":\"WebSite\",\"@id\":\"https:\/\/exceladvisor.org\/tr\/#website\",\"url\":\"https:\/\/exceladvisor.org\/tr\/\",\"name\":\"Excel Advisor\",\"description\":\"Veri hakimiyetine y\u00f6nelik nihai rehberiniz!\",\"publisher\":{\"@id\":\"https:\/\/exceladvisor.org\/tr\/#organization\"},\"potentialAction\":[{\"@type\":\"SearchAction\",\"target\":{\"@type\":\"EntryPoint\",\"urlTemplate\":\"https:\/\/exceladvisor.org\/tr\/?s={search_term_string}\"},\"query-input\":{\"@type\":\"PropertyValueSpecification\",\"valueRequired\":true,\"valueName\":\"search_term_string\"}}],\"inLanguage\":\"tr\"},{\"@type\":\"Organization\",\"@id\":\"https:\/\/exceladvisor.org\/tr\/#organization\",\"name\":\"Excel Advisor\",\"url\":\"https:\/\/exceladvisor.org\/tr\/\",\"logo\":{\"@type\":\"ImageObject\",\"inLanguage\":\"tr\",\"@id\":\"https:\/\/exceladvisor.org\/tr\/#\/schema\/logo\/image\/\",\"url\":\"https:\/\/exceladvisor.org\/tr\/wp-content\/uploads\/2023\/12\/exceladvisor.org_.png\",\"contentUrl\":\"https:\/\/exceladvisor.org\/tr\/wp-content\/uploads\/2023\/12\/exceladvisor.org_.png\",\"width\":105,\"height\":36,\"caption\":\"Excel Advisor\"},\"image\":{\"@id\":\"https:\/\/exceladvisor.org\/tr\/#\/schema\/logo\/image\/\"}}]}<\/script>\n<!-- \/ Yoast SEO plugin. -->","yoast_head_json":{"title":"Excel&#39;de bir say\u0131n\u0131n karesi nas\u0131l al\u0131n\u0131r? - Excel Dan\u0131\u015fman\u0131","description":"Bu form\u00fcl e\u011fitiminde, basit ve takip edilmesi kolay bir y\u00f6ntem kullanarak Excel&#39;de bir say\u0131n\u0131n karesinin nas\u0131l al\u0131naca\u011f\u0131n\u0131 \u00f6\u011frenece\u011fiz.","robots":{"index":"index","follow":"follow","max-snippet":"max-snippet:-1","max-image-preview":"max-image-preview:large","max-video-preview":"max-video-preview:-1"},"canonical":"https:\/\/exceladvisor.org\/tr\/kare-numarasi\/","og_locale":"tr_TR","og_type":"article","og_title":"Excel&#39;de bir say\u0131n\u0131n karesi nas\u0131l al\u0131n\u0131r? - Excel Dan\u0131\u015fman\u0131","og_description":"Bu form\u00fcl e\u011fitiminde, basit ve takip edilmesi kolay bir y\u00f6ntem kullanarak Excel&#39;de bir say\u0131n\u0131n karesinin nas\u0131l al\u0131naca\u011f\u0131n\u0131 \u00f6\u011frenece\u011fiz.","og_url":"https:\/\/exceladvisor.org\/tr\/kare-numarasi\/","og_site_name":"Excel Advisor","article_modified_time":"2023-12-10T06:00:44+00:00","og_image":[{"url":"https:\/\/exceladvisor.org\/wp-content\/uploads\/2023\/08\/1-puissance-pour-calculer-le-carre.png","type":"","width":"","height":""}],"twitter_card":"summary_large_image","twitter_misc":{"Tahmini okuma s\u00fcresi":"1 dakika"},"schema":{"@context":"https:\/\/schema.org","@graph":[{"@type":"WebPage","@id":"https:\/\/exceladvisor.org\/tr\/kare-numarasi\/","url":"https:\/\/exceladvisor.org\/tr\/kare-numarasi\/","name":"Excel&#39;de bir say\u0131n\u0131n karesi nas\u0131l al\u0131n\u0131r? - Excel Dan\u0131\u015fman\u0131","isPartOf":{"@id":"https:\/\/exceladvisor.org\/tr\/#website"},"primaryImageOfPage":{"@id":"https:\/\/exceladvisor.org\/tr\/kare-numarasi\/#primaryimage"},"image":{"@id":"https:\/\/exceladvisor.org\/tr\/kare-numarasi\/#primaryimage"},"thumbnailUrl":"https:\/\/exceladvisor.org\/wp-content\/uploads\/2023\/08\/1-puissance-pour-calculer-le-carre.png","datePublished":"2023-11-17T04:23:08+00:00","dateModified":"2023-12-10T06:00:44+00:00","description":"Bu form\u00fcl e\u011fitiminde, basit ve takip edilmesi kolay bir y\u00f6ntem kullanarak Excel&#39;de bir say\u0131n\u0131n karesinin nas\u0131l al\u0131naca\u011f\u0131n\u0131 \u00f6\u011frenece\u011fiz.","breadcrumb":{"@id":"https:\/\/exceladvisor.org\/tr\/kare-numarasi\/#breadcrumb"},"inLanguage":"tr","potentialAction":[{"@type":"ReadAction","target":["https:\/\/exceladvisor.org\/tr\/kare-numarasi\/"]}]},{"@type":"ImageObject","inLanguage":"tr","@id":"https:\/\/exceladvisor.org\/tr\/kare-numarasi\/#primaryimage","url":"https:\/\/exceladvisor.org\/wp-content\/uploads\/2023\/08\/1-puissance-pour-calculer-le-carre.png","contentUrl":"https:\/\/exceladvisor.org\/wp-content\/uploads\/2023\/08\/1-puissance-pour-calculer-le-carre.png"},{"@type":"BreadcrumbList","@id":"https:\/\/exceladvisor.org\/tr\/kare-numarasi\/#breadcrumb","itemListElement":[{"@type":"ListItem","position":1,"name":"Ev","item":"https:\/\/exceladvisor.org\/tr\/"},{"@type":"ListItem","position":2,"name":"Excel&#39;de bir say\u0131n\u0131n karesi nas\u0131l al\u0131n\u0131r?"}]},{"@type":"WebSite","@id":"https:\/\/exceladvisor.org\/tr\/#website","url":"https:\/\/exceladvisor.org\/tr\/","name":"Excel Advisor","description":"Veri hakimiyetine y\u00f6nelik nihai rehberiniz!","publisher":{"@id":"https:\/\/exceladvisor.org\/tr\/#organization"},"potentialAction":[{"@type":"SearchAction","target":{"@type":"EntryPoint","urlTemplate":"https:\/\/exceladvisor.org\/tr\/?s={search_term_string}"},"query-input":{"@type":"PropertyValueSpecification","valueRequired":true,"valueName":"search_term_string"}}],"inLanguage":"tr"},{"@type":"Organization","@id":"https:\/\/exceladvisor.org\/tr\/#organization","name":"Excel Advisor","url":"https:\/\/exceladvisor.org\/tr\/","logo":{"@type":"ImageObject","inLanguage":"tr","@id":"https:\/\/exceladvisor.org\/tr\/#\/schema\/logo\/image\/","url":"https:\/\/exceladvisor.org\/tr\/wp-content\/uploads\/2023\/12\/exceladvisor.org_.png","contentUrl":"https:\/\/exceladvisor.org\/tr\/wp-content\/uploads\/2023\/12\/exceladvisor.org_.png","width":105,"height":36,"caption":"Excel Advisor"},"image":{"@id":"https:\/\/exceladvisor.org\/tr\/#\/schema\/logo\/image\/"}}]}},"yoast_meta":{"yoast_wpseo_title":"","yoast_wpseo_metadesc":"","yoast_wpseo_canonical":""},"_links":{"self":[{"href":"https:\/\/exceladvisor.org\/tr\/wp-json\/wp\/v2\/pages\/1564","targetHints":{"allow":["GET"]}}],"collection":[{"href":"https:\/\/exceladvisor.org\/tr\/wp-json\/wp\/v2\/pages"}],"about":[{"href":"https:\/\/exceladvisor.org\/tr\/wp-json\/wp\/v2\/types\/page"}],"author":[{"embeddable":true,"href":"https:\/\/exceladvisor.org\/tr\/wp-json\/wp\/v2\/users\/1"}],"replies":[{"embeddable":true,"href":"https:\/\/exceladvisor.org\/tr\/wp-json\/wp\/v2\/comments?post=1564"}],"version-history":[{"count":1,"href":"https:\/\/exceladvisor.org\/tr\/wp-json\/wp\/v2\/pages\/1564\/revisions"}],"predecessor-version":[{"id":2431,"href":"https:\/\/exceladvisor.org\/tr\/wp-json\/wp\/v2\/pages\/1564\/revisions\/2431"}],"wp:attachment":[{"href":"https:\/\/exceladvisor.org\/tr\/wp-json\/wp\/v2\/media?parent=1564"}],"curies":[{"name":"wp","href":"https:\/\/api.w.org\/{rel}","templated":true}]}}