{"id":1565,"date":"2023-11-17T04:20:20","date_gmt":"2023-11-17T04:20:20","guid":{"rendered":"https:\/\/exceladvisor.org\/tr\/acik-dosya-dolabi\/"},"modified":"2023-12-10T06:07:34","modified_gmt":"2023-12-10T06:07:34","slug":"acik-dosya-dolabi","status":"publish","type":"page","link":"https:\/\/exceladvisor.org\/tr\/acik-dosya-dolabi\/","title":{"rendered":"Vba&#39;da \u00e7al\u0131\u015fma kitab\u0131 nas\u0131l a\u00e7\u0131l\u0131r?"},"content":{"rendered":"<div class=\"excel-icerikten-once\" id=\"excel-3060665150\"><script type=\"text\/javascript\">\r\n\tatOptions = {\r\n\t\t'key' : 'c1158f160081d6540a8409e6925dab94',\r\n\t\t'format' : 'iframe',\r\n\t\t'height' : 250,\r\n\t\t'width' : 300,\r\n\t\t'params' : {}\r\n\t};\r\n<\/script>\r\n<script type=\"text\/javascript\" src=\"\/\/www.highperformanceformat.com\/c1158f160081d6540a8409e6925dab94\/invoke.js\"><\/script><\/div> <p>VBA kullanarak bir \u00e7al\u0131\u015fma kitab\u0131n\u0131 a\u00e7mak i\u00e7in &#8220;Workbook.Open&#8221; y\u00f6ntemini kullanman\u0131z ve dosya yolunu belirtmeniz gerekir (\u00e7al\u0131\u015fma kitab\u0131n\u0131n tam yolunu, uzant\u0131 dosya ad\u0131 ve t\u00fcr\u00fcyle birlikte belirtti\u011finizden emin olun). Bu y\u00f6ntem, farkl\u0131 dosya t\u00fcrlerini i\u015flemek i\u00e7in kullanabilece\u011finiz toplam on be\u015f iste\u011fe ba\u011fl\u0131 ba\u011f\u0131ms\u0131z de\u011fi\u015fkene sahiptir.<\/p><p> Bu e\u011fitimde bunu ayr\u0131nt\u0131l\u0131 olarak inceleyece\u011fiz ve kullanabilece\u011finiz alternatif bir y\u00f6nteme bakaca\u011f\u0131z.<\/p><h2 class=\"wp-block-heading\"> VBA kullanarak \u00e7al\u0131\u015fma kitab\u0131n\u0131 a\u00e7ma ad\u0131mlar\u0131<\/h2><ol type=\"1\"><li> Kodu ba\u015flatmak i\u00e7in \u201c\u00c7al\u0131\u015fma Kitaplar\u0131\u201d nesnesini kullan\u0131n.<\/li><li> Bundan sonra bir nokta (.) yaz\u0131n ve listeden A\u00e7 y\u00f6ntemini se\u00e7in.<\/li><li> \u0130lk ba\u011f\u0131ms\u0131z de\u011fi\u015fkende dosya yolunu belirtin ve onu \u00e7ift t\u0131rnak i\u00e7ine ald\u0131\u011f\u0131n\u0131zdan emin olun.<\/li><li> Sonunda \u00e7al\u0131\u015fma kitab\u0131n\u0131 a\u00e7mak i\u00e7in kodu \u00e7al\u0131\u015ft\u0131r\u0131n. <\/li><\/ol><div class=\"wp-block-image\"><figure class=\"aligncenter size-large is-resized\"><img loading=\"lazy\" decoding=\"async\" class=\"wp-image-53463\" src=\"https:\/\/exceladvisor.org\/wp-content\/uploads\/2023\/08\/ouvrir-un-classeur-avec-vba.png\" sizes=\"auto, \" srcset=\"\" alt=\"vba ile \u00e7al\u0131\u015fma kitab\u0131n\u0131 a\u00e7\" width=\"586\" height=\"193\"><\/figure><\/div><pre class=\"wp-block-code\"> <code class=\"language-visual-basic\" lang=\"visual-basic\">Sub vba_open_workbook() Workbooks.Open \"C:UsersDellDesktopmyFile.xlsx\" End Sub<\/code><\/pre><p class=\"content-box-grey\"> <em>Yararl\u0131 ba\u011flant\u0131lar: <a href=\"https:\/\/exceladvisor.org\/tr\/makro-2yi-calistir\/\">Makro \u00e7al\u0131\u015ft\u0131rma<\/a> \u2013 <a href=\"https:\/\/exceladvisor.org\/tr\/makro-kaydet\/\">Makro kaydedici<\/a> \u2013 <a href=\"https:\/\/exceladvisor.org\/tr\/temel-gorsel-duzenleyici\/\">Visual Basic D\u00fczenleyici<\/a> \u2013 <a href=\"https:\/\/exceladvisor.org\/tr\/kisisel-makro-not-defteri\/\">Ki\u015fisel Makrolar El Kitab\u0131<\/a><\/em><\/p><h2 class=\"wp-block-heading\"> Workbook.Open S\u00f6z Dizimi<\/h2><p> \u015eimdi yukar\u0131daki \u00f6rnekte kulland\u0131\u011f\u0131n\u0131z y\u00f6ntemin s\u00f6zdizimine bakman\u0131n zaman\u0131 geldi. Bahsetti\u011fim gibi kullanabilece\u011finiz on be\u015f arg\u00fcman var:<\/p><pre class=\"wp-block-code\"> <code class=\"language-visual-basic\" lang=\"visual-basic\">expression.Open (FileName, UpdateLinks, _ ReadOnly, Format, Password, WriteResPassword, IgnoreReadOnlyRecommended, Origin, _ Delimiter, Editable, Notify, Converter, AddToMru, Local, CorruptLoad)<\/code><\/pre><p> Bu arg\u00fcmanlar\u0131n hepsini kullanmayacaks\u0131n\u0131z. Ancak bunlardan birka\u00e7\u0131 olduk\u00e7a \u00f6nemlidir ve ger\u00e7ek d\u00fcnyada i\u015finize yarayabilir.<\/p><h2 class=\"wp-block-heading\"> Parola korumal\u0131 bir \u00e7al\u0131\u015fma kitab\u0131n\u0131 a\u00e7ma<\/h2><p> Parola korumal\u0131 bir \u00e7al\u0131\u015fma kitab\u0131 a\u00e7mak istiyorsan\u0131z bu durumda parola arg\u00fcman\u0131yla parolay\u0131 belirleyebilirsiniz.<\/p><p> Burada masa\u00fcst\u00fcnde &#8220;test123&#8221; \u015fifresine sahip bir \u00e7al\u0131\u015fma kitab\u0131m var ve \u015fimdi onu ayn\u0131 anda a\u00e7\u0131p korumas\u0131n\u0131 kald\u0131rmak istiyorum. \u0130\u015fte kullanmam gereken kod.<\/p><pre class=\"wp-block-code\"> <code class=\"language-visual-basic\" lang=\"visual-basic\">Workbooks.Open \"C:UsersDellDesktopmyFile.xlsx\", , , Password:=\"test123\"<\/code><\/pre><h2 class=\"wp-block-heading\"> Salt okunur bir \u00e7al\u0131\u015fma kitab\u0131n\u0131 a\u00e7ma<\/h2><p> Salt okunur bir \u00e7al\u0131\u015fma kitab\u0131n\u0131 a\u00e7t\u0131\u011f\u0131n\u0131zda, ayn\u0131 \u00e7al\u0131\u015fma kitab\u0131nda de\u011fi\u015fiklik yapamazs\u0131n\u0131z ancak bir kopyas\u0131n\u0131 kaydetmeniz gerekir.<\/p><pre class=\"wp-block-code\"> <code class=\"language-visual-basic\" lang=\"visual-basic\">Workbooks.Open \"C:UsersDellDesktopFolder1.xlsx\", , True<\/code><\/pre><h2 class=\"wp-block-heading\"> Bir klas\u00f6rdeki t\u00fcm \u00e7al\u0131\u015fma kitaplar\u0131n\u0131 a\u00e7<\/h2><pre class=\"wp-block-code\"> <code class=\"language-visual-basic\" lang=\"visual-basic\">Sub vba_open_multiple_workbooks_folder() Dim wb As Workbook Dim strFolder As String Dim strFile As String strFolder = \"C:UsersDellDesktopFolder\" strFile = Dir(strFolder &amp; \"*.xls*\") Do While strFile &lt;&gt; \"\" Set wb = Workbooks.Open(strFolder &amp; strFile) strFile = Dir Loop End Sub<\/code><\/pre><p> \u0130htiya\u00e7lar\u0131n\u0131za g\u00f6re kullanmak i\u00e7in klas\u00f6r yolunu de\u011fi\u015ftirdi\u011finizden emin olun.<\/p><h2 class=\"wp-block-heading\"> \u00c7al\u0131\u015fma Kitab\u0131 Dosyas\u0131n\u0131 A\u00e7ma \u0130leti\u015fim Kutusu<\/h2><pre class=\"wp-block-code\"> <code class=\"language-visual-basic\" lang=\"visual-basic\">Sub vba_open_dialog() Dim strFile As String strFile = Application.GetOpenFilename() Workbooks.Open (strFile) End Sub<\/code><\/pre><div class=\"gb-container gb-container-4db6181c gb-container-mt\"> <a class=\"gb-button gb-button-c5897111 gb-button-text gb-button-mt-button\" href=\"https:\/\/exceladvisor.org\/tr\/vba\/\">VBA nedir<\/a><h2 class=\"gb-headline gb-headline-665e5f6b gb-headline-text gb-headline-mt-heading\"> \u0130lgili e\u011fitimler <\/h2><div class=\"gb-grid-wrapper gb-grid-wrapper-a20baf7c gb-grid-wrapper-mt-grid\"><div class=\"gb-grid-column gb-grid-column-65ddf67e\"><div class=\"gb-container gb-container-65ddf67e\"><ul><li> <a href=\"https:\/\/exceladvisor.org\/tr\/excel-dosyasini-kopyala\/\">VBA kullanarak bir Excel dosyas\u0131n\u0131 (\u00e7al\u0131\u015fma kitab\u0131n\u0131) kopyalama<\/a><\/li><li> <a href=\"https:\/\/exceladvisor.org\/tr\/calisma-kitabini-etkinlestir\/\">VBA \u00c7al\u0131\u015fma Kitab\u0131n\u0131 Etkinle\u015ftir (Excel Dosyas\u0131)<\/a><\/li><li> <a href=\"https:\/\/exceladvisor.org\/tr\/calisma-kitabini-kapat\/\">VBA \u00c7al\u0131\u015fma kitab\u0131n\u0131 kapat (Excel dosyas\u0131)<\/a><\/li><li> <a href=\"https:\/\/exceladvisor.org\/tr\/calisma-kitaplarini-birlestir\/\">VBA \u00c7al\u0131\u015fma Kitaplar\u0131n\u0131 Birle\u015ftir (Excel Dosyalar\u0131)<\/a><\/li><li> <a href=\"https:\/\/exceladvisor.org\/tr\/calisma-kitabi-olustur\/\">VBA Yeni bir \u00e7al\u0131\u015fma kitab\u0131 olu\u015fturun (Excel dosyas\u0131)<\/a><\/li><\/ul><\/div><\/div><\/div><\/div>","protected":false},"excerpt":{"rendered":"","protected":false},"author":1,"featured_media":0,"parent":0,"menu_order":0,"comment_status":"open","ping_status":"closed","template":"","meta":{"ub_ctt_via":"","footnotes":""},"class_list":["post-1565","page","type-page","status-publish","hentry"],"featured_image_src":null,"yoast_head":"<!-- This site is optimized with the Yoast SEO plugin v25.4 - https:\/\/yoast.com\/wordpress\/plugins\/seo\/ -->\n<title>\u25b7 Excel&#039;de VBA kullanarak \u00e7al\u0131\u015fma kitab\u0131 nas\u0131l a\u00e7\u0131l\u0131r?<\/title>\n<meta name=\"description\" content=\"Bu e\u011fitimde, sisteminizde belirli bir klas\u00f6re kay\u0131tl\u0131 bir Excel dosyas\u0131n\u0131n (\u00e7al\u0131\u015fma kitab\u0131n\u0131n) nas\u0131l a\u00e7\u0131laca\u011f\u0131 g\u00f6sterilir.\" \/>\n<meta name=\"robots\" content=\"index, follow, max-snippet:-1, max-image-preview:large, max-video-preview:-1\" \/>\n<link rel=\"canonical\" href=\"https:\/\/exceladvisor.org\/tr\/acik-dosya-dolabi\/\" \/>\n<meta property=\"og:locale\" content=\"tr_TR\" \/>\n<meta property=\"og:type\" content=\"article\" \/>\n<meta property=\"og:title\" content=\"\u25b7 Excel&#039;de VBA kullanarak \u00e7al\u0131\u015fma kitab\u0131 nas\u0131l a\u00e7\u0131l\u0131r?\" \/>\n<meta property=\"og:description\" content=\"Bu e\u011fitimde, sisteminizde belirli bir klas\u00f6re kay\u0131tl\u0131 bir Excel dosyas\u0131n\u0131n (\u00e7al\u0131\u015fma kitab\u0131n\u0131n) nas\u0131l a\u00e7\u0131laca\u011f\u0131 g\u00f6sterilir.\" \/>\n<meta property=\"og:url\" content=\"https:\/\/exceladvisor.org\/tr\/acik-dosya-dolabi\/\" \/>\n<meta property=\"og:site_name\" content=\"Excel Advisor\" \/>\n<meta property=\"article:modified_time\" content=\"2023-12-10T06:07:34+00:00\" \/>\n<meta property=\"og:image\" content=\"https:\/\/exceladvisor.org\/wp-content\/uploads\/2023\/08\/ouvrir-un-classeur-avec-vba.png\" \/>\n<meta name=\"twitter:card\" content=\"summary_large_image\" \/>\n<meta name=\"twitter:label1\" content=\"Tahmini okuma s\u00fcresi\" \/>\n\t<meta name=\"twitter:data1\" content=\"3 dakika\" \/>\n<script type=\"application\/ld+json\" class=\"yoast-schema-graph\">{\"@context\":\"https:\/\/schema.org\",\"@graph\":[{\"@type\":\"WebPage\",\"@id\":\"https:\/\/exceladvisor.org\/tr\/acik-dosya-dolabi\/\",\"url\":\"https:\/\/exceladvisor.org\/tr\/acik-dosya-dolabi\/\",\"name\":\"\u25b7 Excel&#39;de VBA kullanarak \u00e7al\u0131\u015fma kitab\u0131 nas\u0131l a\u00e7\u0131l\u0131r?\",\"isPartOf\":{\"@id\":\"https:\/\/exceladvisor.org\/tr\/#website\"},\"primaryImageOfPage\":{\"@id\":\"https:\/\/exceladvisor.org\/tr\/acik-dosya-dolabi\/#primaryimage\"},\"image\":{\"@id\":\"https:\/\/exceladvisor.org\/tr\/acik-dosya-dolabi\/#primaryimage\"},\"thumbnailUrl\":\"https:\/\/exceladvisor.org\/wp-content\/uploads\/2023\/08\/ouvrir-un-classeur-avec-vba.png\",\"datePublished\":\"2023-11-17T04:20:20+00:00\",\"dateModified\":\"2023-12-10T06:07:34+00:00\",\"description\":\"Bu e\u011fitimde, sisteminizde belirli bir klas\u00f6re kay\u0131tl\u0131 bir Excel dosyas\u0131n\u0131n (\u00e7al\u0131\u015fma kitab\u0131n\u0131n) nas\u0131l a\u00e7\u0131laca\u011f\u0131 g\u00f6sterilir.\",\"breadcrumb\":{\"@id\":\"https:\/\/exceladvisor.org\/tr\/acik-dosya-dolabi\/#breadcrumb\"},\"inLanguage\":\"tr\",\"potentialAction\":[{\"@type\":\"ReadAction\",\"target\":[\"https:\/\/exceladvisor.org\/tr\/acik-dosya-dolabi\/\"]}]},{\"@type\":\"ImageObject\",\"inLanguage\":\"tr\",\"@id\":\"https:\/\/exceladvisor.org\/tr\/acik-dosya-dolabi\/#primaryimage\",\"url\":\"https:\/\/exceladvisor.org\/wp-content\/uploads\/2023\/08\/ouvrir-un-classeur-avec-vba.png\",\"contentUrl\":\"https:\/\/exceladvisor.org\/wp-content\/uploads\/2023\/08\/ouvrir-un-classeur-avec-vba.png\"},{\"@type\":\"BreadcrumbList\",\"@id\":\"https:\/\/exceladvisor.org\/tr\/acik-dosya-dolabi\/#breadcrumb\",\"itemListElement\":[{\"@type\":\"ListItem\",\"position\":1,\"name\":\"Ev\",\"item\":\"https:\/\/exceladvisor.org\/tr\/\"},{\"@type\":\"ListItem\",\"position\":2,\"name\":\"Vba&#39;da \u00e7al\u0131\u015fma kitab\u0131 nas\u0131l a\u00e7\u0131l\u0131r?\"}]},{\"@type\":\"WebSite\",\"@id\":\"https:\/\/exceladvisor.org\/tr\/#website\",\"url\":\"https:\/\/exceladvisor.org\/tr\/\",\"name\":\"Excel Advisor\",\"description\":\"Veri hakimiyetine y\u00f6nelik nihai rehberiniz!\",\"publisher\":{\"@id\":\"https:\/\/exceladvisor.org\/tr\/#organization\"},\"potentialAction\":[{\"@type\":\"SearchAction\",\"target\":{\"@type\":\"EntryPoint\",\"urlTemplate\":\"https:\/\/exceladvisor.org\/tr\/?s={search_term_string}\"},\"query-input\":{\"@type\":\"PropertyValueSpecification\",\"valueRequired\":true,\"valueName\":\"search_term_string\"}}],\"inLanguage\":\"tr\"},{\"@type\":\"Organization\",\"@id\":\"https:\/\/exceladvisor.org\/tr\/#organization\",\"name\":\"Excel Advisor\",\"url\":\"https:\/\/exceladvisor.org\/tr\/\",\"logo\":{\"@type\":\"ImageObject\",\"inLanguage\":\"tr\",\"@id\":\"https:\/\/exceladvisor.org\/tr\/#\/schema\/logo\/image\/\",\"url\":\"https:\/\/exceladvisor.org\/tr\/wp-content\/uploads\/2023\/12\/exceladvisor.org_.png\",\"contentUrl\":\"https:\/\/exceladvisor.org\/tr\/wp-content\/uploads\/2023\/12\/exceladvisor.org_.png\",\"width\":105,\"height\":36,\"caption\":\"Excel Advisor\"},\"image\":{\"@id\":\"https:\/\/exceladvisor.org\/tr\/#\/schema\/logo\/image\/\"}}]}<\/script>\n<!-- \/ Yoast SEO plugin. -->","yoast_head_json":{"title":"\u25b7 Excel&#39;de VBA kullanarak \u00e7al\u0131\u015fma kitab\u0131 nas\u0131l a\u00e7\u0131l\u0131r?","description":"Bu e\u011fitimde, sisteminizde belirli bir klas\u00f6re kay\u0131tl\u0131 bir Excel dosyas\u0131n\u0131n (\u00e7al\u0131\u015fma kitab\u0131n\u0131n) nas\u0131l a\u00e7\u0131laca\u011f\u0131 g\u00f6sterilir.","robots":{"index":"index","follow":"follow","max-snippet":"max-snippet:-1","max-image-preview":"max-image-preview:large","max-video-preview":"max-video-preview:-1"},"canonical":"https:\/\/exceladvisor.org\/tr\/acik-dosya-dolabi\/","og_locale":"tr_TR","og_type":"article","og_title":"\u25b7 Excel&#39;de VBA kullanarak \u00e7al\u0131\u015fma kitab\u0131 nas\u0131l a\u00e7\u0131l\u0131r?","og_description":"Bu e\u011fitimde, sisteminizde belirli bir klas\u00f6re kay\u0131tl\u0131 bir Excel dosyas\u0131n\u0131n (\u00e7al\u0131\u015fma kitab\u0131n\u0131n) nas\u0131l a\u00e7\u0131laca\u011f\u0131 g\u00f6sterilir.","og_url":"https:\/\/exceladvisor.org\/tr\/acik-dosya-dolabi\/","og_site_name":"Excel Advisor","article_modified_time":"2023-12-10T06:07:34+00:00","og_image":[{"url":"https:\/\/exceladvisor.org\/wp-content\/uploads\/2023\/08\/ouvrir-un-classeur-avec-vba.png","type":"","width":"","height":""}],"twitter_card":"summary_large_image","twitter_misc":{"Tahmini okuma s\u00fcresi":"3 dakika"},"schema":{"@context":"https:\/\/schema.org","@graph":[{"@type":"WebPage","@id":"https:\/\/exceladvisor.org\/tr\/acik-dosya-dolabi\/","url":"https:\/\/exceladvisor.org\/tr\/acik-dosya-dolabi\/","name":"\u25b7 Excel&#39;de VBA kullanarak \u00e7al\u0131\u015fma kitab\u0131 nas\u0131l a\u00e7\u0131l\u0131r?","isPartOf":{"@id":"https:\/\/exceladvisor.org\/tr\/#website"},"primaryImageOfPage":{"@id":"https:\/\/exceladvisor.org\/tr\/acik-dosya-dolabi\/#primaryimage"},"image":{"@id":"https:\/\/exceladvisor.org\/tr\/acik-dosya-dolabi\/#primaryimage"},"thumbnailUrl":"https:\/\/exceladvisor.org\/wp-content\/uploads\/2023\/08\/ouvrir-un-classeur-avec-vba.png","datePublished":"2023-11-17T04:20:20+00:00","dateModified":"2023-12-10T06:07:34+00:00","description":"Bu e\u011fitimde, sisteminizde belirli bir klas\u00f6re kay\u0131tl\u0131 bir Excel dosyas\u0131n\u0131n (\u00e7al\u0131\u015fma kitab\u0131n\u0131n) nas\u0131l a\u00e7\u0131laca\u011f\u0131 g\u00f6sterilir.","breadcrumb":{"@id":"https:\/\/exceladvisor.org\/tr\/acik-dosya-dolabi\/#breadcrumb"},"inLanguage":"tr","potentialAction":[{"@type":"ReadAction","target":["https:\/\/exceladvisor.org\/tr\/acik-dosya-dolabi\/"]}]},{"@type":"ImageObject","inLanguage":"tr","@id":"https:\/\/exceladvisor.org\/tr\/acik-dosya-dolabi\/#primaryimage","url":"https:\/\/exceladvisor.org\/wp-content\/uploads\/2023\/08\/ouvrir-un-classeur-avec-vba.png","contentUrl":"https:\/\/exceladvisor.org\/wp-content\/uploads\/2023\/08\/ouvrir-un-classeur-avec-vba.png"},{"@type":"BreadcrumbList","@id":"https:\/\/exceladvisor.org\/tr\/acik-dosya-dolabi\/#breadcrumb","itemListElement":[{"@type":"ListItem","position":1,"name":"Ev","item":"https:\/\/exceladvisor.org\/tr\/"},{"@type":"ListItem","position":2,"name":"Vba&#39;da \u00e7al\u0131\u015fma kitab\u0131 nas\u0131l a\u00e7\u0131l\u0131r?"}]},{"@type":"WebSite","@id":"https:\/\/exceladvisor.org\/tr\/#website","url":"https:\/\/exceladvisor.org\/tr\/","name":"Excel Advisor","description":"Veri hakimiyetine y\u00f6nelik nihai rehberiniz!","publisher":{"@id":"https:\/\/exceladvisor.org\/tr\/#organization"},"potentialAction":[{"@type":"SearchAction","target":{"@type":"EntryPoint","urlTemplate":"https:\/\/exceladvisor.org\/tr\/?s={search_term_string}"},"query-input":{"@type":"PropertyValueSpecification","valueRequired":true,"valueName":"search_term_string"}}],"inLanguage":"tr"},{"@type":"Organization","@id":"https:\/\/exceladvisor.org\/tr\/#organization","name":"Excel Advisor","url":"https:\/\/exceladvisor.org\/tr\/","logo":{"@type":"ImageObject","inLanguage":"tr","@id":"https:\/\/exceladvisor.org\/tr\/#\/schema\/logo\/image\/","url":"https:\/\/exceladvisor.org\/tr\/wp-content\/uploads\/2023\/12\/exceladvisor.org_.png","contentUrl":"https:\/\/exceladvisor.org\/tr\/wp-content\/uploads\/2023\/12\/exceladvisor.org_.png","width":105,"height":36,"caption":"Excel Advisor"},"image":{"@id":"https:\/\/exceladvisor.org\/tr\/#\/schema\/logo\/image\/"}}]}},"yoast_meta":{"yoast_wpseo_title":"","yoast_wpseo_metadesc":"","yoast_wpseo_canonical":""},"_links":{"self":[{"href":"https:\/\/exceladvisor.org\/tr\/wp-json\/wp\/v2\/pages\/1565","targetHints":{"allow":["GET"]}}],"collection":[{"href":"https:\/\/exceladvisor.org\/tr\/wp-json\/wp\/v2\/pages"}],"about":[{"href":"https:\/\/exceladvisor.org\/tr\/wp-json\/wp\/v2\/types\/page"}],"author":[{"embeddable":true,"href":"https:\/\/exceladvisor.org\/tr\/wp-json\/wp\/v2\/users\/1"}],"replies":[{"embeddable":true,"href":"https:\/\/exceladvisor.org\/tr\/wp-json\/wp\/v2\/comments?post=1565"}],"version-history":[{"count":1,"href":"https:\/\/exceladvisor.org\/tr\/wp-json\/wp\/v2\/pages\/1565\/revisions"}],"predecessor-version":[{"id":2938,"href":"https:\/\/exceladvisor.org\/tr\/wp-json\/wp\/v2\/pages\/1565\/revisions\/2938"}],"wp:attachment":[{"href":"https:\/\/exceladvisor.org\/tr\/wp-json\/wp\/v2\/media?parent=1565"}],"curies":[{"name":"wp","href":"https:\/\/api.w.org\/{rel}","templated":true}]}}