{"id":1567,"date":"2023-11-16T16:54:08","date_gmt":"2023-11-16T16:54:08","guid":{"rendered":"https:\/\/exceladvisor.org\/tr\/kirmizi-negatif-sayilar\/"},"modified":"2023-12-10T06:01:47","modified_gmt":"2023-12-10T06:01:47","slug":"kirmizi-negatif-sayilar","status":"publish","type":"page","link":"https:\/\/exceladvisor.org\/tr\/kirmizi-negatif-sayilar\/","title":{"rendered":"Excel&#39;de negatif say\u0131lar nas\u0131l k\u0131rm\u0131z\u0131 yap\u0131l\u0131r?"},"content":{"rendered":"<div class=\"excel-icerikten-once\" id=\"excel-438757288\"><script type=\"text\/javascript\">\r\n\tatOptions = {\r\n\t\t'key' : 'c1158f160081d6540a8409e6925dab94',\r\n\t\t'format' : 'iframe',\r\n\t\t'height' : 250,\r\n\t\t'width' : 300,\r\n\t\t'params' : {}\r\n\t};\r\n<\/script>\r\n<script type=\"text\/javascript\" src=\"\/\/www.highperformanceformat.com\/c1158f160081d6540a8409e6925dab94\/invoke.js\"><\/script><\/div> <p>Excel&#8217;de b\u00fcy\u00fck veri k\u00fcmeleriyle veya uzun say\u0131 k\u00fcmeleriyle \u00e7al\u0131\u015f\u0131rken, negatif say\u0131lar\u0131 kolay ve h\u0131zl\u0131 bir \u015fekilde bulmak herkes i\u00e7in zorla\u015f\u0131r.<\/p><p> Bu nedenle negatif say\u0131lar\u0131 k\u0131rm\u0131z\u0131yla vurgulamak, herkesin bu say\u0131lar\u0131 kolayca ve h\u0131zl\u0131 bir \u015fekilde bulup okuyabilmesi a\u00e7\u0131s\u0131ndan \u00f6nemli hale geliyor.<\/p><p> Excel&#8217;in negatif say\u0131lar\u0131 k\u0131rm\u0131z\u0131 veya istedi\u011finiz ba\u015fka bir renkte vurgulama se\u00e7ene\u011fi vard\u0131r ve bu \u00e7ok h\u0131zl\u0131 bir i\u015flemdir ve bir veya iki dakikadan az s\u00fcrer.<\/p><p> Excel&#8217;de negatif say\u0131lar\u0131 k\u0131rm\u0131z\u0131 yapmak i\u00e7in baz\u0131 h\u0131zl\u0131 ve zahmetsiz ad\u0131mlardan bahsetmi\u015ftik.<\/p><h2 class=\"wp-block-heading\"> Ko\u015fullu bi\u00e7imlendirmeyi kullanarak negatif say\u0131lar\u0131 k\u0131rm\u0131z\u0131 yapma<\/h2><ol><li> \u0130lk \u00f6nce say\u0131lar\u0131n bulundu\u011fu h\u00fccreleri veya aral\u0131\u011f\u0131 se\u00e7in, \u201cGiri\u015f\u201d sekmesine gidin ve \u201cKo\u015fullu Bi\u00e7imlendirme\u201d a\u00e7\u0131l\u0131r simgesini t\u0131klay\u0131n.<\/li><li> Bundan sonra \u201cH\u00fccre Kurallar\u0131n\u0131 Vurgula\u201d se\u00e7ene\u011fine t\u0131klay\u0131n ve ard\u0131ndan listeden \u201cK\u00fc\u00e7\u00fckt\u00fcr\u201d se\u00e7ene\u011fini se\u00e7in. <br><img loading=\"lazy\" decoding=\"async\" title=\"1-negatif-k\u0131rm\u0131z\u0131-say\u0131lar-ko\u015fullu-bi\u00e7imlendirmeyi kullan\u0131yor\" src=\"https:\/\/exceladvisor.org\/wp-content\/uploads\/2023\/08\/1-nombres-negatifs-rouges-en-utilisant-la-mise-en-forme-conditionnelle.png\" sizes=\"auto, \" srcset=\"\" alt=\"negative-numbers-red-using-conditional-formatting\" width=\"648\" height=\"362\"><\/li><li> \u201cK\u00fc\u00e7\u00fckt\u00fcr\u201d se\u00e7ene\u011fini se\u00e7ti\u011finizde \u201cK\u00fc\u00e7\u00fckt\u00fcr\u201d penceresi a\u00e7\u0131l\u0131r.<\/li><li> \u015eimdi \u201cH\u00fccreleri k\u00fc\u00e7\u00fck olarak bi\u00e7imlendir\u201d alan\u0131na 0 (s\u0131f\u0131r) girin; negatif say\u0131lar\u0131n k\u0131rm\u0131z\u0131yla vurgulanmas\u0131n\u0131 sa\u011flayabilirsiniz.<\/li><li> Sonunda Tamam&#8217;\u0131 t\u0131klay\u0131n. <br><img loading=\"lazy\" decoding=\"async\" title=\"De\u011ferden 2-k\u00fc\u00e7\u00fck bi\u00e7imlendirme\" src=\"https:\/\/exceladvisor.org\/wp-content\/uploads\/2023\/08\/2-format-inferieur-a-la-valeur.png\" sizes=\"auto, \" srcset=\"\" alt=\"less-than-value-formatting\" width=\"540\" height=\"317\"><\/li><li> Bi\u00e7imlendirme rengini de\u011fi\u015ftirmek i\u00e7in sa\u011fdaki a\u00e7\u0131l\u0131r simgeyi se\u00e7in, istedi\u011finiz rengi se\u00e7in ve Tamam&#8217;a t\u0131klay\u0131n. <br><img loading=\"lazy\" decoding=\"async\" title=\"Ko\u015fullu bi\u00e7imlendirme i\u00e7in 3 renk\" src=\"https:\/\/exceladvisor.org\/wp-content\/uploads\/2023\/08\/3-couleurs-pour-la-mise-en-forme-conditionnelle.png\" sizes=\"auto, \" srcset=\"\" alt=\"color-for-conditional-formatting\" width=\"559\" height=\"338\"><\/li><\/ol><h2 class=\"wp-block-heading\"> Say\u0131 bi\u00e7imini kullanarak negatif say\u0131lar\u0131 k\u0131rm\u0131z\u0131 yapma<\/h2><ol><li> \u0130lk \u00f6nce say\u0131lar\u0131n bulundu\u011fu h\u00fccreleri veya aral\u0131\u011f\u0131 se\u00e7in ve &#8220;Giri\u015f&#8221; sekmesine gidin, ard\u0131ndan &#8220;Numara&#8221; grubunun ileti\u015fim kutusu ba\u015flat\u0131c\u0131s\u0131na t\u0131klay\u0131n.<\/li><li> \u0130leti\u015fim kutusu ba\u015flat\u0131c\u0131s\u0131na t\u0131klad\u0131\u011f\u0131n\u0131zda \u201cH\u00fccreleri Bi\u00e7imlendir\u201d penceresi a\u00e7\u0131l\u0131r.<\/li><li> \u015eimdi \u201cSay\u0131\u201d sekmesini se\u00e7in ve \u201cKategori\u201d alt\u0131nda \u201cSay\u0131\u201d se\u00e7ene\u011fini se\u00e7in ve ard\u0131ndan son k\u0131rm\u0131z\u0131 negatif se\u00e7ene\u011fini se\u00e7in.<\/li><li> Sonunda Tamam&#8217;\u0131 t\u0131klad\u0131\u011f\u0131n\u0131zda negatif say\u0131lar k\u0131rm\u0131z\u0131yla vurgulan\u0131r. <\/li><\/ol><div class=\"wp-block-image\"><figure class=\"aligncenter size-full is-resized\"><img loading=\"lazy\" decoding=\"async\" class=\"wp-image-65953\" src=\"https:\/\/exceladvisor.org\/wp-content\/uploads\/2023\/08\/4-nombres-negatifs-rouges-en-utilisant-le-format-numerique.png\" sizes=\"auto, \" srcset=\"\" alt=\"say\u0131sal-bi\u00e7im kullanan negatif-k\u0131rm\u0131z\u0131-say\u0131lar\" width=\"576\" height=\"459\"><\/figure><\/div><p> \u0130ki veya daha fazla ondal\u0131k basamakl\u0131 veya ondal\u0131k de\u011feri olmayan say\u0131lar\u0131 istiyorsan\u0131z, bunu iki (2) veya daha fazla de\u011fere veya s\u0131f\u0131ra \u00e7\u0131karmak i\u00e7in &#8220;H\u00fccreleri Bi\u00e7imlendir&#8221; penceresindeki &#8220;Ondal\u0131k basamaklar&#8221; a\u00e7\u0131l\u0131r oklar\u0131na t\u0131klay\u0131n. (0 ). ) ondal\u0131k de\u011fer olmad\u0131\u011f\u0131nda. <\/p><div class=\"wp-block-image\"><figure class=\"aligncenter size-full is-resized\"><img loading=\"lazy\" decoding=\"async\" class=\"wp-image-65954\" src=\"https:\/\/exceladvisor.org\/wp-content\/uploads\/2023\/08\/5-augmenter-diminuer-les-valeurs-decimales.png\" sizes=\"auto, \" srcset=\"\" alt=\"art\u0131\u015f-azal\u0131\u015f-ondal\u0131k de\u011ferler\" width=\"481\" height=\"263\"><\/figure><\/div><h2 class=\"wp-block-heading\"> \u00d6zel bir format kullanarak negatif say\u0131lar\u0131 k\u0131rm\u0131z\u0131ya d\u00f6n\u00fc\u015ft\u00fcr\u00fcn<\/h2><ol><li> \u0130lk \u00f6nce say\u0131lar\u0131n bulundu\u011fu h\u00fccreleri veya aral\u0131\u011f\u0131 se\u00e7in ve &#8220;Giri\u015f&#8221; sekmesine gidin, ard\u0131ndan &#8220;Numara&#8221; grubunun ileti\u015fim kutusu ba\u015flat\u0131c\u0131s\u0131na t\u0131klay\u0131n.<\/li><li> \u0130leti\u015fim kutusu ba\u015flat\u0131c\u0131s\u0131na t\u0131klad\u0131\u011f\u0131n\u0131zda \u201cH\u00fccreleri Bi\u00e7imlendir\u201d penceresi a\u00e7\u0131l\u0131r.<\/li><li> Bundan sonra \u201cNumara\u201d sekmesini se\u00e7in ve \u201cKategori\u201d alt\u0131ndaki \u201c\u00d6zel\u201d se\u00e7ene\u011fini se\u00e7in.<ul><li> En az iki ondal\u0131k basama\u011fa sahip say\u0131lara ihtiyac\u0131n\u0131z varsa <strong>0,00 ;[K\u0131rm\u0131z\u0131]-0,00<\/strong><\/li><li> Ondal\u0131k basamaks\u0131z say\u0131lara ihtiyac\u0131n\u0131z olmas\u0131 durumunda <strong>0;[K\u0131rm\u0131z\u0131]-0<\/strong> \u015eimdi a\u015fa\u011f\u0131daki kodu \u201cT\u00fcr\u201d s\u00fctununa girin veya kopyalay\u0131n ve Tamam&#8217;a t\u0131klay\u0131n. <\/li><\/ul><img loading=\"lazy\" decoding=\"async\" title=\"6-negatif-k\u0131rm\u0131z\u0131-say\u0131lar-\u00f6zel-bi\u00e7imlendirmeyi kullan\u0131yor\" src=\"https:\/\/exceladvisor.org\/wp-content\/uploads\/2023\/08\/6-nombres-negatifs-rouges-utilisant-un-formatage-personnalise.png\" sizes=\"auto, \" srcset=\"\" alt=\"negative-numbers-red-using-custom-formatting\" width=\"608\" height=\"531\"><\/li><li> Bu noktada negatif say\u0131lar\u0131n k\u0131rm\u0131z\u0131yla vurguland\u0131\u011f\u0131n\u0131 g\u00f6receksiniz. <br><img loading=\"lazy\" decoding=\"async\" title=\"7-negatif-say\u0131lar-k\u0131rm\u0131z\u0131yla vurgulanm\u0131\u015f1\" src=\"https:\/\/exceladvisor.org\/wp-content\/uploads\/2023\/08\/7-nombres-negatifs-surlignes-en-rouge1.png\" sizes=\"auto, \" srcset=\"\" alt=\"negative-numbers-highlighted-redative-numbers-highlighted-negative-numbers-highlighted-redighted-red(1)\" width=\"219\" height=\"251\"><\/li><\/ol><p class=\"qt-tip\"> <strong>Not:<\/strong> Bu renk bi\u00e7imlendirmesini uygulad\u0131ktan sonra pozitif say\u0131lar\u0131 negatife ve negatif say\u0131lar\u0131 pozitife de\u011fi\u015ftirmek gibi say\u0131lar\u0131 de\u011fi\u015ftirdi\u011finizde, Excel bu de\u011fi\u015fiklikleri otomatik olarak hesaplar ve \u00f6nceden tan\u0131mlanm\u0131\u015f ko\u015fullu bi\u00e7imlendirmeye uygun olarak de\u011fi\u015ftirilen h\u00fccrelere arka plan rengini uygular.<\/p><div class=\"gb-container gb-container-4db6181c gb-container-mt\"> <a class=\"gb-button gb-button-c5897111 gb-button-text gb-button-mt-button\" href=\"https:\/\/exceladvisor.org\/tr\/excelin-temelleri\/\">Microsoft Excel Temelleri (Bile\u015fenler, Par\u00e7alar ve Bilgi Notlar\u0131)<\/a><h2 class=\"gb-headline gb-headline-665e5f6b gb-headline-text gb-headline-mt-heading\"> \u0130lgili e\u011fitimler <\/h2><div class=\"gb-grid-wrapper gb-grid-wrapper-a20baf7c gb-grid-wrapper-mt-grid\"><div class=\"gb-grid-column gb-grid-column-65ddf67e\"><div class=\"gb-container gb-container-65ddf67e\"><ul><li> <a href=\"https:\/\/exceladvisor.org\/tr\/muhasebe-numarasi-formati\/\">Excel&#8217;de muhasebe numaras\u0131 bi\u00e7imini uygulama<\/a><\/li><li> <a href=\"https:\/\/exceladvisor.org\/tr\/hucre-rengi\/\">Excel&#8217;de bir h\u00fccreye veya sayfan\u0131n tamam\u0131na arka plan rengi uygulama<\/a><\/li><li> <a href=\"https:\/\/exceladvisor.org\/tr\/izgara\/\">Excel k\u0131lavuz \u00e7izgilerini yazd\u0131r\u0131n (silin, k\u0131salt\u0131n ve rengi de\u011fi\u015ftirin)<\/a><\/li><li> <a href=\"https:\/\/exceladvisor.org\/tr\/sayfa-numarasi-ekle\/\">Excel&#8217;de sayfa numaras\u0131 ekleme<\/a> <\/li><\/ul><\/div><\/div><div class=\"gb-grid-column gb-grid-column-50067b57\"><div class=\"gb-container gb-container-50067b57\"><\/div><\/div><\/div><\/div>","protected":false},"excerpt":{"rendered":"","protected":false},"author":1,"featured_media":0,"parent":0,"menu_order":0,"comment_status":"open","ping_status":"closed","template":"","meta":{"ub_ctt_via":"","footnotes":""},"class_list":["post-1567","page","type-page","status-publish","hentry"],"featured_image_src":null,"yoast_head":"<!-- This site is optimized with the Yoast SEO plugin v25.4 - https:\/\/yoast.com\/wordpress\/plugins\/seo\/ -->\n<title>Excel&#039;de negatif say\u0131lar nas\u0131l k\u0131rm\u0131z\u0131 yap\u0131l\u0131r?<\/title>\n<meta name=\"description\" content=\"Bu derste, \u00fc\u00e7 kolay y\u00f6ntemi kullanarak Excel&#039;de negatif say\u0131lar\u0131 k\u0131rm\u0131z\u0131ya d\u00f6n\u00fc\u015ft\u00fcrmenin farkl\u0131 yollar\u0131n\u0131 \u00f6\u011freneceksiniz.\" \/>\n<meta name=\"robots\" content=\"index, follow, max-snippet:-1, max-image-preview:large, max-video-preview:-1\" \/>\n<link rel=\"canonical\" href=\"https:\/\/exceladvisor.org\/tr\/kirmizi-negatif-sayilar\/\" \/>\n<meta property=\"og:locale\" content=\"tr_TR\" \/>\n<meta property=\"og:type\" content=\"article\" \/>\n<meta property=\"og:title\" content=\"Excel&#039;de negatif say\u0131lar nas\u0131l k\u0131rm\u0131z\u0131 yap\u0131l\u0131r?\" \/>\n<meta property=\"og:description\" content=\"Bu derste, \u00fc\u00e7 kolay y\u00f6ntemi kullanarak Excel&#039;de negatif say\u0131lar\u0131 k\u0131rm\u0131z\u0131ya d\u00f6n\u00fc\u015ft\u00fcrmenin farkl\u0131 yollar\u0131n\u0131 \u00f6\u011freneceksiniz.\" \/>\n<meta property=\"og:url\" content=\"https:\/\/exceladvisor.org\/tr\/kirmizi-negatif-sayilar\/\" \/>\n<meta property=\"og:site_name\" content=\"Excel Advisor\" \/>\n<meta property=\"article:modified_time\" content=\"2023-12-10T06:01:47+00:00\" \/>\n<meta property=\"og:image\" content=\"https:\/\/exceladvisor.org\/wp-content\/uploads\/2023\/08\/1-nombres-negatifs-rouges-en-utilisant-la-mise-en-forme-conditionnelle.png\" \/>\n<meta name=\"twitter:card\" content=\"summary_large_image\" \/>\n<meta name=\"twitter:label1\" content=\"Tahmini okuma s\u00fcresi\" \/>\n\t<meta name=\"twitter:data1\" content=\"3 dakika\" \/>\n<script type=\"application\/ld+json\" class=\"yoast-schema-graph\">{\"@context\":\"https:\/\/schema.org\",\"@graph\":[{\"@type\":\"WebPage\",\"@id\":\"https:\/\/exceladvisor.org\/tr\/kirmizi-negatif-sayilar\/\",\"url\":\"https:\/\/exceladvisor.org\/tr\/kirmizi-negatif-sayilar\/\",\"name\":\"Excel&#39;de negatif say\u0131lar nas\u0131l k\u0131rm\u0131z\u0131 yap\u0131l\u0131r?\",\"isPartOf\":{\"@id\":\"https:\/\/exceladvisor.org\/tr\/#website\"},\"primaryImageOfPage\":{\"@id\":\"https:\/\/exceladvisor.org\/tr\/kirmizi-negatif-sayilar\/#primaryimage\"},\"image\":{\"@id\":\"https:\/\/exceladvisor.org\/tr\/kirmizi-negatif-sayilar\/#primaryimage\"},\"thumbnailUrl\":\"https:\/\/exceladvisor.org\/wp-content\/uploads\/2023\/08\/1-nombres-negatifs-rouges-en-utilisant-la-mise-en-forme-conditionnelle.png\",\"datePublished\":\"2023-11-16T16:54:08+00:00\",\"dateModified\":\"2023-12-10T06:01:47+00:00\",\"description\":\"Bu derste, \u00fc\u00e7 kolay y\u00f6ntemi kullanarak Excel&#39;de negatif say\u0131lar\u0131 k\u0131rm\u0131z\u0131ya d\u00f6n\u00fc\u015ft\u00fcrmenin farkl\u0131 yollar\u0131n\u0131 \u00f6\u011freneceksiniz.\",\"breadcrumb\":{\"@id\":\"https:\/\/exceladvisor.org\/tr\/kirmizi-negatif-sayilar\/#breadcrumb\"},\"inLanguage\":\"tr\",\"potentialAction\":[{\"@type\":\"ReadAction\",\"target\":[\"https:\/\/exceladvisor.org\/tr\/kirmizi-negatif-sayilar\/\"]}]},{\"@type\":\"ImageObject\",\"inLanguage\":\"tr\",\"@id\":\"https:\/\/exceladvisor.org\/tr\/kirmizi-negatif-sayilar\/#primaryimage\",\"url\":\"https:\/\/exceladvisor.org\/wp-content\/uploads\/2023\/08\/1-nombres-negatifs-rouges-en-utilisant-la-mise-en-forme-conditionnelle.png\",\"contentUrl\":\"https:\/\/exceladvisor.org\/wp-content\/uploads\/2023\/08\/1-nombres-negatifs-rouges-en-utilisant-la-mise-en-forme-conditionnelle.png\"},{\"@type\":\"BreadcrumbList\",\"@id\":\"https:\/\/exceladvisor.org\/tr\/kirmizi-negatif-sayilar\/#breadcrumb\",\"itemListElement\":[{\"@type\":\"ListItem\",\"position\":1,\"name\":\"Ev\",\"item\":\"https:\/\/exceladvisor.org\/tr\/\"},{\"@type\":\"ListItem\",\"position\":2,\"name\":\"Excel&#39;de negatif say\u0131lar nas\u0131l k\u0131rm\u0131z\u0131 yap\u0131l\u0131r?\"}]},{\"@type\":\"WebSite\",\"@id\":\"https:\/\/exceladvisor.org\/tr\/#website\",\"url\":\"https:\/\/exceladvisor.org\/tr\/\",\"name\":\"Excel Advisor\",\"description\":\"Veri hakimiyetine y\u00f6nelik nihai rehberiniz!\",\"publisher\":{\"@id\":\"https:\/\/exceladvisor.org\/tr\/#organization\"},\"potentialAction\":[{\"@type\":\"SearchAction\",\"target\":{\"@type\":\"EntryPoint\",\"urlTemplate\":\"https:\/\/exceladvisor.org\/tr\/?s={search_term_string}\"},\"query-input\":{\"@type\":\"PropertyValueSpecification\",\"valueRequired\":true,\"valueName\":\"search_term_string\"}}],\"inLanguage\":\"tr\"},{\"@type\":\"Organization\",\"@id\":\"https:\/\/exceladvisor.org\/tr\/#organization\",\"name\":\"Excel Advisor\",\"url\":\"https:\/\/exceladvisor.org\/tr\/\",\"logo\":{\"@type\":\"ImageObject\",\"inLanguage\":\"tr\",\"@id\":\"https:\/\/exceladvisor.org\/tr\/#\/schema\/logo\/image\/\",\"url\":\"https:\/\/exceladvisor.org\/tr\/wp-content\/uploads\/2023\/12\/exceladvisor.org_.png\",\"contentUrl\":\"https:\/\/exceladvisor.org\/tr\/wp-content\/uploads\/2023\/12\/exceladvisor.org_.png\",\"width\":105,\"height\":36,\"caption\":\"Excel Advisor\"},\"image\":{\"@id\":\"https:\/\/exceladvisor.org\/tr\/#\/schema\/logo\/image\/\"}}]}<\/script>\n<!-- \/ Yoast SEO plugin. -->","yoast_head_json":{"title":"Excel&#39;de negatif say\u0131lar nas\u0131l k\u0131rm\u0131z\u0131 yap\u0131l\u0131r?","description":"Bu derste, \u00fc\u00e7 kolay y\u00f6ntemi kullanarak Excel&#39;de negatif say\u0131lar\u0131 k\u0131rm\u0131z\u0131ya d\u00f6n\u00fc\u015ft\u00fcrmenin farkl\u0131 yollar\u0131n\u0131 \u00f6\u011freneceksiniz.","robots":{"index":"index","follow":"follow","max-snippet":"max-snippet:-1","max-image-preview":"max-image-preview:large","max-video-preview":"max-video-preview:-1"},"canonical":"https:\/\/exceladvisor.org\/tr\/kirmizi-negatif-sayilar\/","og_locale":"tr_TR","og_type":"article","og_title":"Excel&#39;de negatif say\u0131lar nas\u0131l k\u0131rm\u0131z\u0131 yap\u0131l\u0131r?","og_description":"Bu derste, \u00fc\u00e7 kolay y\u00f6ntemi kullanarak Excel&#39;de negatif say\u0131lar\u0131 k\u0131rm\u0131z\u0131ya d\u00f6n\u00fc\u015ft\u00fcrmenin farkl\u0131 yollar\u0131n\u0131 \u00f6\u011freneceksiniz.","og_url":"https:\/\/exceladvisor.org\/tr\/kirmizi-negatif-sayilar\/","og_site_name":"Excel Advisor","article_modified_time":"2023-12-10T06:01:47+00:00","og_image":[{"url":"https:\/\/exceladvisor.org\/wp-content\/uploads\/2023\/08\/1-nombres-negatifs-rouges-en-utilisant-la-mise-en-forme-conditionnelle.png","type":"","width":"","height":""}],"twitter_card":"summary_large_image","twitter_misc":{"Tahmini okuma s\u00fcresi":"3 dakika"},"schema":{"@context":"https:\/\/schema.org","@graph":[{"@type":"WebPage","@id":"https:\/\/exceladvisor.org\/tr\/kirmizi-negatif-sayilar\/","url":"https:\/\/exceladvisor.org\/tr\/kirmizi-negatif-sayilar\/","name":"Excel&#39;de negatif say\u0131lar nas\u0131l k\u0131rm\u0131z\u0131 yap\u0131l\u0131r?","isPartOf":{"@id":"https:\/\/exceladvisor.org\/tr\/#website"},"primaryImageOfPage":{"@id":"https:\/\/exceladvisor.org\/tr\/kirmizi-negatif-sayilar\/#primaryimage"},"image":{"@id":"https:\/\/exceladvisor.org\/tr\/kirmizi-negatif-sayilar\/#primaryimage"},"thumbnailUrl":"https:\/\/exceladvisor.org\/wp-content\/uploads\/2023\/08\/1-nombres-negatifs-rouges-en-utilisant-la-mise-en-forme-conditionnelle.png","datePublished":"2023-11-16T16:54:08+00:00","dateModified":"2023-12-10T06:01:47+00:00","description":"Bu derste, \u00fc\u00e7 kolay y\u00f6ntemi kullanarak Excel&#39;de negatif say\u0131lar\u0131 k\u0131rm\u0131z\u0131ya d\u00f6n\u00fc\u015ft\u00fcrmenin farkl\u0131 yollar\u0131n\u0131 \u00f6\u011freneceksiniz.","breadcrumb":{"@id":"https:\/\/exceladvisor.org\/tr\/kirmizi-negatif-sayilar\/#breadcrumb"},"inLanguage":"tr","potentialAction":[{"@type":"ReadAction","target":["https:\/\/exceladvisor.org\/tr\/kirmizi-negatif-sayilar\/"]}]},{"@type":"ImageObject","inLanguage":"tr","@id":"https:\/\/exceladvisor.org\/tr\/kirmizi-negatif-sayilar\/#primaryimage","url":"https:\/\/exceladvisor.org\/wp-content\/uploads\/2023\/08\/1-nombres-negatifs-rouges-en-utilisant-la-mise-en-forme-conditionnelle.png","contentUrl":"https:\/\/exceladvisor.org\/wp-content\/uploads\/2023\/08\/1-nombres-negatifs-rouges-en-utilisant-la-mise-en-forme-conditionnelle.png"},{"@type":"BreadcrumbList","@id":"https:\/\/exceladvisor.org\/tr\/kirmizi-negatif-sayilar\/#breadcrumb","itemListElement":[{"@type":"ListItem","position":1,"name":"Ev","item":"https:\/\/exceladvisor.org\/tr\/"},{"@type":"ListItem","position":2,"name":"Excel&#39;de negatif say\u0131lar nas\u0131l k\u0131rm\u0131z\u0131 yap\u0131l\u0131r?"}]},{"@type":"WebSite","@id":"https:\/\/exceladvisor.org\/tr\/#website","url":"https:\/\/exceladvisor.org\/tr\/","name":"Excel Advisor","description":"Veri hakimiyetine y\u00f6nelik nihai rehberiniz!","publisher":{"@id":"https:\/\/exceladvisor.org\/tr\/#organization"},"potentialAction":[{"@type":"SearchAction","target":{"@type":"EntryPoint","urlTemplate":"https:\/\/exceladvisor.org\/tr\/?s={search_term_string}"},"query-input":{"@type":"PropertyValueSpecification","valueRequired":true,"valueName":"search_term_string"}}],"inLanguage":"tr"},{"@type":"Organization","@id":"https:\/\/exceladvisor.org\/tr\/#organization","name":"Excel Advisor","url":"https:\/\/exceladvisor.org\/tr\/","logo":{"@type":"ImageObject","inLanguage":"tr","@id":"https:\/\/exceladvisor.org\/tr\/#\/schema\/logo\/image\/","url":"https:\/\/exceladvisor.org\/tr\/wp-content\/uploads\/2023\/12\/exceladvisor.org_.png","contentUrl":"https:\/\/exceladvisor.org\/tr\/wp-content\/uploads\/2023\/12\/exceladvisor.org_.png","width":105,"height":36,"caption":"Excel Advisor"},"image":{"@id":"https:\/\/exceladvisor.org\/tr\/#\/schema\/logo\/image\/"}}]}},"yoast_meta":{"yoast_wpseo_title":"","yoast_wpseo_metadesc":"","yoast_wpseo_canonical":""},"_links":{"self":[{"href":"https:\/\/exceladvisor.org\/tr\/wp-json\/wp\/v2\/pages\/1567","targetHints":{"allow":["GET"]}}],"collection":[{"href":"https:\/\/exceladvisor.org\/tr\/wp-json\/wp\/v2\/pages"}],"about":[{"href":"https:\/\/exceladvisor.org\/tr\/wp-json\/wp\/v2\/types\/page"}],"author":[{"embeddable":true,"href":"https:\/\/exceladvisor.org\/tr\/wp-json\/wp\/v2\/users\/1"}],"replies":[{"embeddable":true,"href":"https:\/\/exceladvisor.org\/tr\/wp-json\/wp\/v2\/comments?post=1567"}],"version-history":[{"count":1,"href":"https:\/\/exceladvisor.org\/tr\/wp-json\/wp\/v2\/pages\/1567\/revisions"}],"predecessor-version":[{"id":2558,"href":"https:\/\/exceladvisor.org\/tr\/wp-json\/wp\/v2\/pages\/1567\/revisions\/2558"}],"wp:attachment":[{"href":"https:\/\/exceladvisor.org\/tr\/wp-json\/wp\/v2\/media?parent=1567"}],"curies":[{"name":"wp","href":"https:\/\/api.w.org\/{rel}","templated":true}]}}