{"id":1570,"date":"2023-11-16T14:13:33","date_gmt":"2023-11-16T14:13:33","guid":{"rendered":"https:\/\/exceladvisor.org\/tr\/kuresel-degisken\/"},"modified":"2023-12-10T06:07:42","modified_gmt":"2023-12-10T06:07:42","slug":"kuresel-degisken","status":"publish","type":"page","link":"https:\/\/exceladvisor.org\/tr\/kuresel-degisken\/","title":{"rendered":"Vba&#39;da global bir de\u011fi\u015fken nas\u0131l bildirilir?"},"content":{"rendered":"<div class=\"excel-icerikten-once\" id=\"excel-1780638938\"><script type=\"text\/javascript\">\r\n\tatOptions = {\r\n\t\t'key' : 'c1158f160081d6540a8409e6925dab94',\r\n\t\t'format' : 'iframe',\r\n\t\t'height' : 250,\r\n\t\t'width' : 300,\r\n\t\t'params' : {}\r\n\t};\r\n<\/script>\r\n<script type=\"text\/javascript\" src=\"\/\/www.highperformanceformat.com\/c1158f160081d6540a8409e6925dab94\/invoke.js\"><\/script><\/div> <p>VBA&#8217;da bir de\u011fi\u015fkeni global de\u011fi\u015fken olarak bildirdi\u011finizde, onu herhangi bir mod\u00fcldeki herhangi bir prosed\u00fcrde kullanabilirsiniz. Ad\u0131ndan da anla\u015f\u0131laca\u011f\u0131 gibi d\u00fcnya \u00e7ap\u0131nda kullanabilirsiniz, bu da her yerde kullan\u0131labilir oldu\u011fu anlam\u0131na gelir.<\/p><p> Yani &#8220;mod\u00fcl1&#8243;de global bir de\u011fi\u015fkeniniz varsa ve \u015fimdi onu mod\u00fcl2&#8217;de kullanmak istiyorsan\u0131z, onu kullanabilirsiniz.<\/p><h2 class=\"wp-block-heading\"> VBA&#8217;da global bir de\u011fi\u015fken bildirin<\/h2><ol type=\"1\"><li> \u00d6ncelikle \u201cGlobal\u201d anahtar kelimesini kullanman\u0131z gerekiyor.<\/li><li> Bundan sonra de\u011fi\u015fken ad\u0131n\u0131 bildirin.<\/li><li> Daha sonra veri t\u00fcrlerinin listesini almak i\u00e7in \u201cas\u201d yaz\u0131n.<\/li><li> Sonunda de\u011fi\u015fken i\u00e7in bildirmek istedi\u011finiz veri t\u00fcr\u00fcn\u00fc se\u00e7in. <\/li><\/ol><div class=\"wp-block-image\"><figure class=\"aligncenter size-large is-resized\"><img loading=\"lazy\" decoding=\"async\" class=\"wp-image-60216\" src=\"https:\/\/exceladvisor.org\/wp-content\/uploads\/2023\/08\/1-variable-globale-dans-vba.png\" sizes=\"auto, \" srcset=\"\" alt=\"vba'daki global de\u011fi\u015fken\" width=\"387\" height=\"526\"><\/figure><\/div><p> <strong>Yorumlar<\/strong><\/p><ol type=\"1\"><li> Global bir de\u011fi\u015fken bildirdi\u011finizde yukar\u0131daki \u00f6rnekte de g\u00f6rebilece\u011finiz gibi mod\u00fclde bir prosed\u00fcr yazmadan \u00f6nce onu bildirmeniz gerekir.<\/li><li> Bir de\u011fi\u015fkeni global olarak bildirmek i\u00e7in &#8220;Public&#8221; anahtar s\u00f6zc\u00fc\u011f\u00fcn\u00fc de kullanabilirsiniz.<\/li><\/ol><h2 class=\"wp-block-heading\"> De\u011fi\u015fkenlerin kapsam\u0131n\u0131 anlamak<\/h2><p> Ancak global bir de\u011fi\u015fkeni net bir \u015fekilde anlamak i\u00e7in de\u011fi\u015fkenlerin kapsam\u0131n\u0131 anlaman\u0131z gerekir. De\u011fi\u015fken kapsamlar\u0131n\u0131 tan\u0131mlaman\u0131n \u00fc\u00e7 yolu vard\u0131r:<\/p><ol type=\"1\"><li> <strong>Prosed\u00fcr Seviyesi<\/strong> : Bir de\u011fi\u015fkeni yaln\u0131zca onu bildirdi\u011finiz prosed\u00fcrde kullanabilirsiniz.<\/li><li> <strong>Mod\u00fcl d\u00fczeyi (\u00d6zel)<\/strong> : Bir de\u011fi\u015fkenin bir mod\u00fcldeki t\u00fcm prosed\u00fcrlerden eri\u015filebilir olmas\u0131n\u0131 sa\u011flar.<\/li><li> <strong>Global D\u00fczey (Genel)<\/strong> : Bir de\u011fi\u015fkenin t\u00fcm mod\u00fcllerdeki t\u00fcm prosed\u00fcrlerden eri\u015filebilir olmas\u0131n\u0131 sa\u011flar.<\/li><\/ol><p> Bunu netle\u015ftirmek i\u00e7in sizinle ger\u00e7ek d\u00fcnyadan bir \u015fey payla\u015fay\u0131m. Ortak \u00e7al\u0131\u015fma alan\u0131nda \u00e7al\u0131\u015f\u0131yorum ve \u00fc\u00e7 katl\u0131 binan\u0131n birinci kat\u0131nda oturdu\u011fum yerde \u00e7o\u011funlukla her g\u00fcn ayn\u0131 koltukta oturuyorum.<\/p><p> <strong>Yordam d\u00fczeyi kapsam\u0131na sahip bir de\u011fi\u015fken bildirdi\u011finizde, onu yaln\u0131zca ayn\u0131 yordam i\u00e7inde kullanabilirsiniz.<\/strong><\/p><p> T\u0131pk\u0131 her g\u00fcn ayn\u0131 katta, ayn\u0131 koltukta oturdu\u011fum gibi. Ama daha fazlas\u0131n\u0131 s\u00f6yleyeyim: Birinci katta otursam da di\u011fer katlardaki her koltu\u011fu da kullanabilirim.<\/p><p> A\u015fa\u011f\u0131daki anl\u0131k g\u00f6r\u00fcnt\u00fcde ise herhangi bir i\u015fleme ba\u015flamadan \u00f6nce mod\u00fcl\u00fcn \u00fcst k\u0131sm\u0131ndaki \u201ciCon\u201d de\u011fi\u015fkenini Private anahtar kelimesini kullanarak tan\u0131mlad\u0131k ve \u00fc\u00e7 kodda da bunu kulland\u0131m. <\/p><div class=\"wp-block-image\"><figure class=\"aligncenter size-large is-resized\"><img loading=\"lazy\" decoding=\"async\" class=\"wp-image-60217\" src=\"https:\/\/exceladvisor.org\/wp-content\/uploads\/2023\/08\/2-a-declare-licone-variable.png\" sizes=\"auto, \" srcset=\"\" alt=\"de\u011fi\u015fkenin-simgesi bildirildi\" width=\"339\" height=\"546\"><\/figure><\/div><p> Bu mod\u00fcl\u00fc, farkl\u0131 katlara (Prosed\u00fcrler) sahip oldu\u011funuz bir bina olarak d\u00fc\u015f\u00fcn\u00fcn ve de\u011fi\u015fkeni zaten mod\u00fcl\u00fcn ba\u015f\u0131nda tan\u0131mlad\u0131\u011f\u0131n\u0131z i\u00e7in, bu mod\u00fcldeki prosed\u00fcrlerden herhangi birini kullanabilirsiniz. Buna mod\u00fcl d\u00fczeyinde \u00f6zel kapsam denir.<\/p><p> <strong>\u015eimdi son olarak \u015funu s\u00f6yleyeyim:<\/strong> Ofisimin \u00fclke genelinde farkl\u0131 \u015fehirlerde \u015fubeleri var ve oraya gidersem o ofislere gidebilir, istersem koltuklardan herhangi birini kullanabilirim. Yani \u00e7al\u0131\u015fma kitab\u0131n\u0131zda farkl\u0131 mod\u00fcller varsa t\u00fcm bu mod\u00fcllerde bir de\u011fi\u015fkeni Public\/Global olarak bildirerek kullanabilirsiniz.<\/p><div class=\"gb-container gb-container-4db6181c gb-container-mt\"> <a class=\"gb-button gb-button-c5897111 gb-button-text gb-button-mt-button\" href=\"https:\/\/exceladvisor.org\/tr\/vba\/\">VBA nedir<\/a><h2 class=\"gb-headline gb-headline-665e5f6b gb-headline-text gb-headline-mt-heading\"> \u0130lgili e\u011fitimler <\/h2><div class=\"gb-grid-wrapper gb-grid-wrapper-a20baf7c gb-grid-wrapper-mt-grid\"><div class=\"gb-grid-column gb-grid-column-65ddf67e\"><div class=\"gb-container gb-container-65ddf67e\"><ul><li> <a href=\"https:\/\/exceladvisor.org\/tr\/degisken-aralik\/\">VBA&#8217;da de\u011fi\u015fken olarak bir aral\u0131k veya h\u00fccre kullanma<\/a><\/li><li> <a href=\"https:\/\/exceladvisor.org\/tr\/acik-secenek-2\/\">VBA&#8217;da a\u00e7\u0131k se\u00e7enek ifadesi<\/a><\/li><li> <a href=\"https:\/\/exceladvisor.org\/tr\/degisken-mesaj-kutusu\/\">Mesaj kutusundaki de\u011fi\u015fken<\/a><\/li><li> <a href=\"https:\/\/exceladvisor.org\/tr\/sabitler\/\">Sabit VBA<\/a><\/li><li> <a href=\"https:\/\/exceladvisor.org\/tr\/zayif\/\">Dim VBA bildirimi<\/a> <\/li><\/ul><\/div><\/div><div class=\"gb-grid-column gb-grid-column-50067b57\"><div class=\"gb-container gb-container-50067b57\"><\/div><\/div><\/div><\/div>","protected":false},"excerpt":{"rendered":"","protected":false},"author":1,"featured_media":0,"parent":0,"menu_order":0,"comment_status":"open","ping_status":"closed","template":"","meta":{"ub_ctt_via":"","footnotes":""},"class_list":["post-1570","page","type-page","status-publish","hentry"],"featured_image_src":null,"yoast_head":"<!-- This site is optimized with the Yoast SEO plugin v25.4 - https:\/\/yoast.com\/wordpress\/plugins\/seo\/ -->\n<title>\u25b7 VBA&#039;da global (genel) bir de\u011fi\u015fken nas\u0131l bildirilir?<\/title>\n<meta name=\"description\" content=\"Bu e\u011fitimde, VBA&#039;da bir mod\u00fcl\u00fcn t\u00fcm prosed\u00fcrlerinde veya i\u00e7inde kullan\u0131labilecek global bir de\u011fi\u015fkenin nas\u0131l bildirilece\u011fini \u00f6\u011freneceksiniz.\" \/>\n<meta name=\"robots\" content=\"index, follow, max-snippet:-1, max-image-preview:large, max-video-preview:-1\" \/>\n<link rel=\"canonical\" href=\"https:\/\/exceladvisor.org\/tr\/kuresel-degisken\/\" \/>\n<meta property=\"og:locale\" content=\"tr_TR\" \/>\n<meta property=\"og:type\" content=\"article\" \/>\n<meta property=\"og:title\" content=\"\u25b7 VBA&#039;da global (genel) bir de\u011fi\u015fken nas\u0131l bildirilir?\" \/>\n<meta property=\"og:description\" content=\"Bu e\u011fitimde, VBA&#039;da bir mod\u00fcl\u00fcn t\u00fcm prosed\u00fcrlerinde veya i\u00e7inde kullan\u0131labilecek global bir de\u011fi\u015fkenin nas\u0131l bildirilece\u011fini \u00f6\u011freneceksiniz.\" \/>\n<meta property=\"og:url\" content=\"https:\/\/exceladvisor.org\/tr\/kuresel-degisken\/\" \/>\n<meta property=\"og:site_name\" content=\"Excel Advisor\" \/>\n<meta property=\"article:modified_time\" content=\"2023-12-10T06:07:42+00:00\" \/>\n<meta property=\"og:image\" content=\"https:\/\/exceladvisor.org\/wp-content\/uploads\/2023\/08\/1-variable-globale-dans-vba.png\" \/>\n<meta name=\"twitter:card\" content=\"summary_large_image\" \/>\n<meta name=\"twitter:label1\" content=\"Tahmini okuma s\u00fcresi\" \/>\n\t<meta name=\"twitter:data1\" content=\"3 dakika\" \/>\n<script type=\"application\/ld+json\" class=\"yoast-schema-graph\">{\"@context\":\"https:\/\/schema.org\",\"@graph\":[{\"@type\":\"WebPage\",\"@id\":\"https:\/\/exceladvisor.org\/tr\/kuresel-degisken\/\",\"url\":\"https:\/\/exceladvisor.org\/tr\/kuresel-degisken\/\",\"name\":\"\u25b7 VBA&#39;da global (genel) bir de\u011fi\u015fken nas\u0131l bildirilir?\",\"isPartOf\":{\"@id\":\"https:\/\/exceladvisor.org\/tr\/#website\"},\"primaryImageOfPage\":{\"@id\":\"https:\/\/exceladvisor.org\/tr\/kuresel-degisken\/#primaryimage\"},\"image\":{\"@id\":\"https:\/\/exceladvisor.org\/tr\/kuresel-degisken\/#primaryimage\"},\"thumbnailUrl\":\"https:\/\/exceladvisor.org\/wp-content\/uploads\/2023\/08\/1-variable-globale-dans-vba.png\",\"datePublished\":\"2023-11-16T14:13:33+00:00\",\"dateModified\":\"2023-12-10T06:07:42+00:00\",\"description\":\"Bu e\u011fitimde, VBA&#39;da bir mod\u00fcl\u00fcn t\u00fcm prosed\u00fcrlerinde veya i\u00e7inde kullan\u0131labilecek global bir de\u011fi\u015fkenin nas\u0131l bildirilece\u011fini \u00f6\u011freneceksiniz.\",\"breadcrumb\":{\"@id\":\"https:\/\/exceladvisor.org\/tr\/kuresel-degisken\/#breadcrumb\"},\"inLanguage\":\"tr\",\"potentialAction\":[{\"@type\":\"ReadAction\",\"target\":[\"https:\/\/exceladvisor.org\/tr\/kuresel-degisken\/\"]}]},{\"@type\":\"ImageObject\",\"inLanguage\":\"tr\",\"@id\":\"https:\/\/exceladvisor.org\/tr\/kuresel-degisken\/#primaryimage\",\"url\":\"https:\/\/exceladvisor.org\/wp-content\/uploads\/2023\/08\/1-variable-globale-dans-vba.png\",\"contentUrl\":\"https:\/\/exceladvisor.org\/wp-content\/uploads\/2023\/08\/1-variable-globale-dans-vba.png\"},{\"@type\":\"BreadcrumbList\",\"@id\":\"https:\/\/exceladvisor.org\/tr\/kuresel-degisken\/#breadcrumb\",\"itemListElement\":[{\"@type\":\"ListItem\",\"position\":1,\"name\":\"Ev\",\"item\":\"https:\/\/exceladvisor.org\/tr\/\"},{\"@type\":\"ListItem\",\"position\":2,\"name\":\"Vba&#39;da global bir de\u011fi\u015fken nas\u0131l bildirilir?\"}]},{\"@type\":\"WebSite\",\"@id\":\"https:\/\/exceladvisor.org\/tr\/#website\",\"url\":\"https:\/\/exceladvisor.org\/tr\/\",\"name\":\"Excel Advisor\",\"description\":\"Veri hakimiyetine y\u00f6nelik nihai rehberiniz!\",\"publisher\":{\"@id\":\"https:\/\/exceladvisor.org\/tr\/#organization\"},\"potentialAction\":[{\"@type\":\"SearchAction\",\"target\":{\"@type\":\"EntryPoint\",\"urlTemplate\":\"https:\/\/exceladvisor.org\/tr\/?s={search_term_string}\"},\"query-input\":{\"@type\":\"PropertyValueSpecification\",\"valueRequired\":true,\"valueName\":\"search_term_string\"}}],\"inLanguage\":\"tr\"},{\"@type\":\"Organization\",\"@id\":\"https:\/\/exceladvisor.org\/tr\/#organization\",\"name\":\"Excel Advisor\",\"url\":\"https:\/\/exceladvisor.org\/tr\/\",\"logo\":{\"@type\":\"ImageObject\",\"inLanguage\":\"tr\",\"@id\":\"https:\/\/exceladvisor.org\/tr\/#\/schema\/logo\/image\/\",\"url\":\"https:\/\/exceladvisor.org\/tr\/wp-content\/uploads\/2023\/12\/exceladvisor.org_.png\",\"contentUrl\":\"https:\/\/exceladvisor.org\/tr\/wp-content\/uploads\/2023\/12\/exceladvisor.org_.png\",\"width\":105,\"height\":36,\"caption\":\"Excel Advisor\"},\"image\":{\"@id\":\"https:\/\/exceladvisor.org\/tr\/#\/schema\/logo\/image\/\"}}]}<\/script>\n<!-- \/ Yoast SEO plugin. -->","yoast_head_json":{"title":"\u25b7 VBA&#39;da global (genel) bir de\u011fi\u015fken nas\u0131l bildirilir?","description":"Bu e\u011fitimde, VBA&#39;da bir mod\u00fcl\u00fcn t\u00fcm prosed\u00fcrlerinde veya i\u00e7inde kullan\u0131labilecek global bir de\u011fi\u015fkenin nas\u0131l bildirilece\u011fini \u00f6\u011freneceksiniz.","robots":{"index":"index","follow":"follow","max-snippet":"max-snippet:-1","max-image-preview":"max-image-preview:large","max-video-preview":"max-video-preview:-1"},"canonical":"https:\/\/exceladvisor.org\/tr\/kuresel-degisken\/","og_locale":"tr_TR","og_type":"article","og_title":"\u25b7 VBA&#39;da global (genel) bir de\u011fi\u015fken nas\u0131l bildirilir?","og_description":"Bu e\u011fitimde, VBA&#39;da bir mod\u00fcl\u00fcn t\u00fcm prosed\u00fcrlerinde veya i\u00e7inde kullan\u0131labilecek global bir de\u011fi\u015fkenin nas\u0131l bildirilece\u011fini \u00f6\u011freneceksiniz.","og_url":"https:\/\/exceladvisor.org\/tr\/kuresel-degisken\/","og_site_name":"Excel Advisor","article_modified_time":"2023-12-10T06:07:42+00:00","og_image":[{"url":"https:\/\/exceladvisor.org\/wp-content\/uploads\/2023\/08\/1-variable-globale-dans-vba.png","type":"","width":"","height":""}],"twitter_card":"summary_large_image","twitter_misc":{"Tahmini okuma s\u00fcresi":"3 dakika"},"schema":{"@context":"https:\/\/schema.org","@graph":[{"@type":"WebPage","@id":"https:\/\/exceladvisor.org\/tr\/kuresel-degisken\/","url":"https:\/\/exceladvisor.org\/tr\/kuresel-degisken\/","name":"\u25b7 VBA&#39;da global (genel) bir de\u011fi\u015fken nas\u0131l bildirilir?","isPartOf":{"@id":"https:\/\/exceladvisor.org\/tr\/#website"},"primaryImageOfPage":{"@id":"https:\/\/exceladvisor.org\/tr\/kuresel-degisken\/#primaryimage"},"image":{"@id":"https:\/\/exceladvisor.org\/tr\/kuresel-degisken\/#primaryimage"},"thumbnailUrl":"https:\/\/exceladvisor.org\/wp-content\/uploads\/2023\/08\/1-variable-globale-dans-vba.png","datePublished":"2023-11-16T14:13:33+00:00","dateModified":"2023-12-10T06:07:42+00:00","description":"Bu e\u011fitimde, VBA&#39;da bir mod\u00fcl\u00fcn t\u00fcm prosed\u00fcrlerinde veya i\u00e7inde kullan\u0131labilecek global bir de\u011fi\u015fkenin nas\u0131l bildirilece\u011fini \u00f6\u011freneceksiniz.","breadcrumb":{"@id":"https:\/\/exceladvisor.org\/tr\/kuresel-degisken\/#breadcrumb"},"inLanguage":"tr","potentialAction":[{"@type":"ReadAction","target":["https:\/\/exceladvisor.org\/tr\/kuresel-degisken\/"]}]},{"@type":"ImageObject","inLanguage":"tr","@id":"https:\/\/exceladvisor.org\/tr\/kuresel-degisken\/#primaryimage","url":"https:\/\/exceladvisor.org\/wp-content\/uploads\/2023\/08\/1-variable-globale-dans-vba.png","contentUrl":"https:\/\/exceladvisor.org\/wp-content\/uploads\/2023\/08\/1-variable-globale-dans-vba.png"},{"@type":"BreadcrumbList","@id":"https:\/\/exceladvisor.org\/tr\/kuresel-degisken\/#breadcrumb","itemListElement":[{"@type":"ListItem","position":1,"name":"Ev","item":"https:\/\/exceladvisor.org\/tr\/"},{"@type":"ListItem","position":2,"name":"Vba&#39;da global bir de\u011fi\u015fken nas\u0131l bildirilir?"}]},{"@type":"WebSite","@id":"https:\/\/exceladvisor.org\/tr\/#website","url":"https:\/\/exceladvisor.org\/tr\/","name":"Excel Advisor","description":"Veri hakimiyetine y\u00f6nelik nihai rehberiniz!","publisher":{"@id":"https:\/\/exceladvisor.org\/tr\/#organization"},"potentialAction":[{"@type":"SearchAction","target":{"@type":"EntryPoint","urlTemplate":"https:\/\/exceladvisor.org\/tr\/?s={search_term_string}"},"query-input":{"@type":"PropertyValueSpecification","valueRequired":true,"valueName":"search_term_string"}}],"inLanguage":"tr"},{"@type":"Organization","@id":"https:\/\/exceladvisor.org\/tr\/#organization","name":"Excel Advisor","url":"https:\/\/exceladvisor.org\/tr\/","logo":{"@type":"ImageObject","inLanguage":"tr","@id":"https:\/\/exceladvisor.org\/tr\/#\/schema\/logo\/image\/","url":"https:\/\/exceladvisor.org\/tr\/wp-content\/uploads\/2023\/12\/exceladvisor.org_.png","contentUrl":"https:\/\/exceladvisor.org\/tr\/wp-content\/uploads\/2023\/12\/exceladvisor.org_.png","width":105,"height":36,"caption":"Excel Advisor"},"image":{"@id":"https:\/\/exceladvisor.org\/tr\/#\/schema\/logo\/image\/"}}]}},"yoast_meta":{"yoast_wpseo_title":"","yoast_wpseo_metadesc":"","yoast_wpseo_canonical":""},"_links":{"self":[{"href":"https:\/\/exceladvisor.org\/tr\/wp-json\/wp\/v2\/pages\/1570","targetHints":{"allow":["GET"]}}],"collection":[{"href":"https:\/\/exceladvisor.org\/tr\/wp-json\/wp\/v2\/pages"}],"about":[{"href":"https:\/\/exceladvisor.org\/tr\/wp-json\/wp\/v2\/types\/page"}],"author":[{"embeddable":true,"href":"https:\/\/exceladvisor.org\/tr\/wp-json\/wp\/v2\/users\/1"}],"replies":[{"embeddable":true,"href":"https:\/\/exceladvisor.org\/tr\/wp-json\/wp\/v2\/comments?post=1570"}],"version-history":[{"count":1,"href":"https:\/\/exceladvisor.org\/tr\/wp-json\/wp\/v2\/pages\/1570\/revisions"}],"predecessor-version":[{"id":2946,"href":"https:\/\/exceladvisor.org\/tr\/wp-json\/wp\/v2\/pages\/1570\/revisions\/2946"}],"wp:attachment":[{"href":"https:\/\/exceladvisor.org\/tr\/wp-json\/wp\/v2\/media?parent=1570"}],"curies":[{"name":"wp","href":"https:\/\/api.w.org\/{rel}","templated":true}]}}