{"id":1571,"date":"2023-11-16T13:22:32","date_gmt":"2023-11-16T13:22:32","guid":{"rendered":"https:\/\/exceladvisor.org\/tr\/calisma-kitabini-koru\/"},"modified":"2023-12-10T06:05:48","modified_gmt":"2023-12-10T06:05:48","slug":"calisma-kitabini-koru","status":"publish","type":"page","link":"https:\/\/exceladvisor.org\/tr\/calisma-kitabini-koru\/","title":{"rendered":"Vba ile \u00e7al\u0131\u015fma kitab\u0131 nas\u0131l korunur?"},"content":{"rendered":"<div class=\"excel-icerikten-once\" id=\"excel-574026458\"><script type=\"text\/javascript\">\r\n\tatOptions = {\r\n\t\t'key' : 'c1158f160081d6540a8409e6925dab94',\r\n\t\t'format' : 'iframe',\r\n\t\t'height' : 250,\r\n\t\t'width' : 300,\r\n\t\t'params' : {}\r\n\t};\r\n<\/script>\r\n<script type=\"text\/javascript\" src=\"\/\/www.highperformanceformat.com\/c1158f160081d6540a8409e6925dab94\/invoke.js\"><\/script><\/div> <p>Bir \u00e7al\u0131\u015fma kitab\u0131n\u0131 korumak i\u00e7in VBA&#8217;n\u0131n PROTECT y\u00f6ntemini kullanman\u0131z gerekir. Bu y\u00f6ntemi kullanarak bir parola kullanabilir, hatta \u00e7al\u0131\u015fma kitab\u0131 korumas\u0131n\u0131 parola olmadan etkinle\u015ftirebilirsiniz. Ancak kulland\u0131\u011f\u0131n\u0131z \u015fifre i\u00e7in dikkat etmeniz gereken bir husus var; o da b\u00fcy\u00fck\/k\u00fc\u00e7\u00fck harfe duyarl\u0131d\u0131r.<\/p><pre class=\"wp-block-code\"> <code class=\"language-visual-basic\" lang=\"visual-basic\">Workbook.Protect \"Password\"<\/code><\/pre><ol type=\"1\"><li> Korumak istedi\u011finiz \u00e7al\u0131\u015fma kitab\u0131n\u0131 belirtin.<\/li><li> Dokunup i\u015faretleyin ve listeden koruma y\u00f6ntemini se\u00e7in veya \u201cKoru\u201dya dokunabilirsiniz.<\/li><li> Ayarlamak istedi\u011finiz \u015fifreyi girin.<\/li><li> \u00c7al\u0131\u015fma kitab\u0131n\u0131 korumak i\u00e7in kodu \u00e7al\u0131\u015ft\u0131r\u0131n.<\/li><\/ol><p> Bu derste bu y\u00f6ntemi farkl\u0131 \u015fekillerde \u00f6\u011frenece\u011fiz ve ayr\u0131ca bir \u00e7al\u0131\u015fma kitab\u0131n\u0131n korumas\u0131n\u0131 nas\u0131l kald\u0131raca\u011f\u0131m\u0131z\u0131 da \u00f6\u011frenece\u011fiz.<\/p><p class=\"content-box-grey\"> <em>Yararl\u0131 ba\u011flant\u0131lar: <a href=\"https:\/\/exceladvisor.org\/tr\/makro-2yi-calistir\/\">Makro \u00e7al\u0131\u015ft\u0131rma<\/a> \u2013 <a href=\"https:\/\/exceladvisor.org\/tr\/makro-kaydet\/\">Makro kaydedici<\/a> \u2013 <a href=\"https:\/\/exceladvisor.org\/tr\/temel-gorsel-duzenleyici\/\">Visual Basic D\u00fczenleyici<\/a> \u2013 <a href=\"https:\/\/exceladvisor.org\/tr\/kisisel-makro-not-defteri\/\">Ki\u015fisel Makrolar El Kitab\u0131<\/a><\/em><\/p><h2 class=\"wp-block-heading\"> \u00c7al\u0131\u015fma kitab\u0131n\u0131 parolayla koruma<\/h2><p> Bir \u00e7al\u0131\u015fma kitab\u0131n\u0131 parolayla korumak i\u00e7in kullanman\u0131z gereken kod a\u015fa\u011f\u0131dad\u0131r. Bu kodda \u00f6ncelikle \u00e7al\u0131\u015fma kitab\u0131 ad\u0131 ve parola koruma y\u00f6ntemi bulunur.<\/p><pre class=\"wp-block-code\"> <code class=\"language-visual-basic\" lang=\"visual-basic\">Workbooks(\"Book1\").Protect \"test123\"<\/code><\/pre><p> Ve bu kodu \u00e7al\u0131\u015ft\u0131rd\u0131\u011f\u0131mda &#8220;Kitap1&#8221; \u00e7al\u0131\u015fma kitab\u0131n\u0131 kilitliyor. <\/p><div class=\"wp-block-image\"><figure class=\"aligncenter size-large is-resized\"><img loading=\"lazy\" decoding=\"async\" class=\"wp-image-53290\" src=\"https:\/\/exceladvisor.org\/wp-content\/uploads\/2023\/08\/1-il-verrouille-le-classeur-book1.png\" sizes=\"auto, \" srcset=\"\" alt=\"kitap1 klas\u00f6r\u00fcn\u00fc kilitler\" width=\"703\" height=\"282\"><\/figure><\/div><h3 class=\"wp-block-heading\"> \u00c7al\u0131\u015fma kitab\u0131n\u0131 parola olmadan koruma<\/h3><p> Bir \u00e7al\u0131\u015fma kitab\u0131n\u0131 parola olmadan korumak istiyorsan\u0131z, t\u0131pk\u0131 a\u015fa\u011f\u0131daki kodda oldu\u011fu gibi &#8220;Parola&#8221; ba\u011f\u0131ms\u0131z de\u011fi\u015fkenini g\u00f6z ard\u0131 etmelisiniz.<\/p><pre class=\"wp-block-code\"> <code class=\"language-visual-basic\" lang=\"visual-basic\">Workbooks(\"Book1\").Protect<\/code><\/pre><p> Zaten parola korumal\u0131 olan parolas\u0131z bir \u00e7al\u0131\u015fma kitab\u0131n\u0131 korumaya \u00e7al\u0131\u015f\u0131rsan\u0131z, Excel bu parolay\u0131 girmeniz i\u00e7in bir ileti\u015fim kutusu g\u00f6r\u00fcnt\u00fcler.<\/p><h2 class=\"wp-block-heading\"> \u00c7al\u0131\u015fma kitab\u0131n\u0131n korumas\u0131n\u0131 parolayla kald\u0131rma<\/h2><p> Ayn\u0131 \u015fekilde, \u00e7al\u0131\u015fma kitab\u0131n\u0131n korumas\u0131n\u0131 kald\u0131rmak i\u00e7in korumay\u0131 kald\u0131rma y\u00f6ntemini kullanabilirsiniz ve bunun kodu a\u015fa\u011f\u0131daki gibi g\u00f6r\u00fcnecektir.<\/p><pre class=\"wp-block-code\"> <code class=\"language-visual-basic\" lang=\"visual-basic\">Workbooks(\"Book1\").Unprotect \"test123\"<\/code><\/pre><p> Bir \u00e7al\u0131\u015fma kitab\u0131n\u0131n korumas\u0131n\u0131 kald\u0131rmaya \u00e7al\u0131\u015f\u0131yorsan\u0131z dikkat etmeniz gereken bir \u015fey var:<\/p><h3 class=\"wp-block-heading\"> \u00c7al\u0131\u015fma kitab\u0131n\u0131n korumas\u0131n\u0131 parola olmadan kald\u0131rma<\/h3><p> Bir \u00e7al\u0131\u015fma kitab\u0131 parola olmadan korunuyorsa, parola ba\u011f\u0131ms\u0131z de\u011fi\u015fkenini belirtmeden ayn\u0131 y\u00f6ntemi kullanabilirsiniz.<\/p><h2 class=\"wp-block-heading\"> T\u00fcm a\u00e7\u0131k \u00e7al\u0131\u015fma kitaplar\u0131n\u0131 koruyun<\/h2><p> A\u015fa\u011f\u0131daki kodda, t\u00fcm a\u00e7\u0131k \u00e7al\u0131\u015fma kitaplar\u0131nda d\u00f6ng\u00fc yapmak ve her \u00e7al\u0131\u015fma kitab\u0131n\u0131 ayn\u0131 koruma y\u00f6ntemini kullanarak tek tek korumak i\u00e7in <a href=\"https:\/\/exceladvisor.org\/tr\/dongu-icin\/\">bir FOR EACH d\u00f6ng\u00fcs\u00fcne<\/a> sahibiz.<\/p><pre class=\"wp-block-code\"> <code class=\"language-visual-basic\" lang=\"visual-basic\">'variable to use as a workbook Dim wb As Workbook 'loop through all the open workbooks For Each wb In Application.Workbooks 'condition to check workbook name If wb.Name &lt;&gt; \"PERSONAL.XLSB\" Then 'protect every workbook with a password wb.Protect \"test123\" End If Next wb End Sub<\/code><\/pre><p> Ki\u015fisel makro \u00e7al\u0131\u015fma kitab\u0131n\u0131 kulland\u0131\u011f\u0131m i\u00e7in, \u00e7al\u0131\u015fma kitab\u0131 ad\u0131n\u0131n &#8221; <a href=\"https:\/\/exceladvisor.org\/tr\/kisisel-makro-not-defteri\/\">personal.xlsb<\/a> &#8221; olup olmad\u0131\u011f\u0131n\u0131 yok saymak i\u00e7in <a href=\"https:\/\/exceladvisor.org\/tr\/eger-2\/\">IF THEN ELSE ifadesini<\/a> kulland\u0131m. Ayr\u0131ca onunla ilgilendi\u011finizden emin olun.<\/p><h2 class=\"wp-block-heading\"> Kapal\u0131 bir \u00e7al\u0131\u015fma kitab\u0131n\u0131 koruma<\/h2><p> Ayr\u0131ca bir konuma kaydedilen kapal\u0131 bir \u00e7al\u0131\u015fma kitab\u0131n\u0131 da koruyabilir ve korumas\u0131n\u0131 kald\u0131rabilirsiniz. \u201cTest.xlsx\u201d dosyas\u0131n\u0131 kullanmak i\u00e7in masa\u00fcst\u00fc konumumu kulland\u0131\u011f\u0131m a\u015fa\u011f\u0131daki koda bak\u0131n.<\/p><pre class=\"wp-block-code\"> <code class=\"language-visual-basic\" lang=\"visual-basic\">Sub vba_protect_workbook() 'declare varibale to use for the workbook Dim wb As Workbook 'open the workbook that you want to protect Set wb = Workbooks.Open(\"C:UsersDellDesktoptest.xlsx\") 'turn off the screen-updating to _ done everything in the backend Application.ScreenUpdating = False 'protect the workbook wb.Protect 'close the workbook after protecting wb.Close SaveChanges = True 'turn off the screen-updating Application.ScreenUpdating = True End Sub<\/code><\/pre><p> Yukar\u0131daki kod, korumak istedi\u011finiz \u00e7al\u0131\u015fma kitab\u0131n\u0131 a\u00e7mak i\u00e7in Workbook.Open y\u00f6ntemini kulland\u0131, ard\u0131ndan arka u\u00e7ta \u00e7al\u0131\u015fmak i\u00e7in ekran g\u00fcncellemesini devre d\u0131\u015f\u0131 b\u0131rakt\u0131.<\/p><h2 class=\"wp-block-heading\"> Bir klas\u00f6rdeki t\u00fcm kapal\u0131 \u00e7al\u0131\u015fma kitaplar\u0131n\u0131 koruyun<\/h2><p> A\u015fa\u011f\u0131daki kod, yol olarak belirtti\u011finiz klas\u00f6rdeki t\u00fcm \u00e7al\u0131\u015fma kitaplar\u0131 aras\u0131nda ge\u00e7i\u015f yapar. Daha sonra her bir klas\u00f6r\u00fc a\u00e7\u0131n, koruyun ve tek tek kapat\u0131n.<\/p><pre class=\"wp-block-code\"> <code class=\"language-visual-basic\" lang=\"visual-basic\">Sub vba_protect_all_the_workbooks() 'declare variables Dim wb As Workbook Dim myPath As String Dim myFile As String Dim myExtension As String Dim FldrPicker As FileDialog 'optimize macro Application.ScreenUpdating = False Application.EnableEvents = False Application.Calculation = xlCalculationManual 'specify the folder where workbooks are saved myPath = \"C:UsersDellDesktopfolder\" 'jump to reset setting if there's an error On Error GoTo ResetSettings 'target file fxtension (must include wildcard \"*\") myExtension = \"*.xls*\" 'target path myFile = Dir(myPath &amp; myExtension) 'Loop through each Excel file in folder Do While myFile &lt;&gt; \"\" 'Set variable equal to opened workbook Set wb = Workbooks.Open(Filename:=myPath &amp; myFile) 'protect workbook wb.Protect 'Save and Close Workbook wb.Close SaveChanges:=True 'Get next file name myFile = Dir Loop 'Message Box when task is completed MsgBox \"Done!\" 'reset setting that were change for optimization ResetSettings: Application.EnableEvents = True Application.Calculation = xlCalculationAutomatic Application.ScreenUpdating = True End Sub<\/code><\/pre><div class=\"gb-container gb-container-4db6181c gb-container-mt\"> <a class=\"gb-button gb-button-c5897111 gb-button-text gb-button-mt-button\" href=\"https:\/\/exceladvisor.org\/tr\/vba\/\">VBA nedir<\/a><h2 class=\"gb-headline gb-headline-665e5f6b gb-headline-text gb-headline-mt-heading\"> \u0130lgili e\u011fitimler <\/h2><div class=\"gb-grid-wrapper gb-grid-wrapper-a20baf7c gb-grid-wrapper-mt-grid\"><div class=\"gb-grid-column gb-grid-column-65ddf67e\"><div class=\"gb-container gb-container-65ddf67e\"><ul><li> <a href=\"https:\/\/exceladvisor.org\/tr\/excel-dosyasini-kopyala\/\">VBA kullanarak bir Excel dosyas\u0131n\u0131 (\u00e7al\u0131\u015fma kitab\u0131n\u0131) kopyalama<\/a><\/li><li> <a href=\"https:\/\/exceladvisor.org\/tr\/calisma-kitabini-etkinlestir\/\">VBA \u00c7al\u0131\u015fma Kitab\u0131n\u0131 Etkinle\u015ftir (Excel Dosyas\u0131)<\/a><\/li><li> <a href=\"https:\/\/exceladvisor.org\/tr\/calisma-kitabini-kapat\/\">VBA \u00c7al\u0131\u015fma kitab\u0131n\u0131 kapat (Excel dosyas\u0131)<\/a><\/li><li> <a href=\"https:\/\/exceladvisor.org\/tr\/calisma-kitaplarini-birlestir\/\">VBA \u00c7al\u0131\u015fma Kitaplar\u0131n\u0131 Birle\u015ftir (Excel Dosyalar\u0131)<\/a><\/li><li> <a href=\"https:\/\/exceladvisor.org\/tr\/calisma-kitabi-olustur\/\">VBA Yeni bir \u00e7al\u0131\u015fma kitab\u0131 olu\u015fturun (Excel dosyas\u0131)<\/a><\/li><\/ul><\/div><\/div><\/div><\/div>","protected":false},"excerpt":{"rendered":"","protected":false},"author":1,"featured_media":0,"parent":0,"menu_order":0,"comment_status":"open","ping_status":"closed","template":"","meta":{"ub_ctt_via":"","footnotes":""},"class_list":["post-1571","page","type-page","status-publish","hentry"],"featured_image_src":null,"yoast_head":"<!-- This site is optimized with the Yoast SEO plugin v25.4 - https:\/\/yoast.com\/wordpress\/plugins\/seo\/ -->\n<title>\u25b7 Excel&#039;de VBA kullanarak \u00e7al\u0131\u015fma kitab\u0131n\u0131 nas\u0131l koruyabilirim?<\/title>\n<meta name=\"description\" content=\"Bu e\u011fitimde, bir \u00e7al\u0131\u015fma kitab\u0131n\u0131n parola kullan\u0131larak nas\u0131l korunaca\u011f\u0131 ve korumas\u0131n\u0131n nas\u0131l kald\u0131r\u0131laca\u011f\u0131 a\u00e7\u0131klanmaktad\u0131r. Ayr\u0131ca bir dosyay\u0131 korumak i\u00e7in veya...\" \/>\n<meta name=\"robots\" content=\"index, follow, max-snippet:-1, max-image-preview:large, max-video-preview:-1\" \/>\n<link rel=\"canonical\" href=\"https:\/\/exceladvisor.org\/tr\/calisma-kitabini-koru\/\" \/>\n<meta property=\"og:locale\" content=\"tr_TR\" \/>\n<meta property=\"og:type\" content=\"article\" \/>\n<meta property=\"og:title\" content=\"\u25b7 Excel&#039;de VBA kullanarak \u00e7al\u0131\u015fma kitab\u0131n\u0131 nas\u0131l koruyabilirim?\" \/>\n<meta property=\"og:description\" content=\"Bu e\u011fitimde, bir \u00e7al\u0131\u015fma kitab\u0131n\u0131n parola kullan\u0131larak nas\u0131l korunaca\u011f\u0131 ve korumas\u0131n\u0131n nas\u0131l kald\u0131r\u0131laca\u011f\u0131 a\u00e7\u0131klanmaktad\u0131r. Ayr\u0131ca bir dosyay\u0131 korumak i\u00e7in veya...\" \/>\n<meta property=\"og:url\" content=\"https:\/\/exceladvisor.org\/tr\/calisma-kitabini-koru\/\" \/>\n<meta property=\"og:site_name\" content=\"Excel Advisor\" \/>\n<meta property=\"article:modified_time\" content=\"2023-12-10T06:05:48+00:00\" \/>\n<meta property=\"og:image\" content=\"https:\/\/exceladvisor.org\/wp-content\/uploads\/2023\/08\/1-il-verrouille-le-classeur-book1.png\" \/>\n<meta name=\"twitter:card\" content=\"summary_large_image\" \/>\n<meta name=\"twitter:label1\" content=\"Tahmini okuma s\u00fcresi\" \/>\n\t<meta name=\"twitter:data1\" content=\"4 dakika\" \/>\n<script type=\"application\/ld+json\" class=\"yoast-schema-graph\">{\"@context\":\"https:\/\/schema.org\",\"@graph\":[{\"@type\":\"WebPage\",\"@id\":\"https:\/\/exceladvisor.org\/tr\/calisma-kitabini-koru\/\",\"url\":\"https:\/\/exceladvisor.org\/tr\/calisma-kitabini-koru\/\",\"name\":\"\u25b7 Excel&#39;de VBA kullanarak \u00e7al\u0131\u015fma kitab\u0131n\u0131 nas\u0131l koruyabilirim?\",\"isPartOf\":{\"@id\":\"https:\/\/exceladvisor.org\/tr\/#website\"},\"primaryImageOfPage\":{\"@id\":\"https:\/\/exceladvisor.org\/tr\/calisma-kitabini-koru\/#primaryimage\"},\"image\":{\"@id\":\"https:\/\/exceladvisor.org\/tr\/calisma-kitabini-koru\/#primaryimage\"},\"thumbnailUrl\":\"https:\/\/exceladvisor.org\/wp-content\/uploads\/2023\/08\/1-il-verrouille-le-classeur-book1.png\",\"datePublished\":\"2023-11-16T13:22:32+00:00\",\"dateModified\":\"2023-12-10T06:05:48+00:00\",\"description\":\"Bu e\u011fitimde, bir \u00e7al\u0131\u015fma kitab\u0131n\u0131n parola kullan\u0131larak nas\u0131l korunaca\u011f\u0131 ve korumas\u0131n\u0131n nas\u0131l kald\u0131r\u0131laca\u011f\u0131 a\u00e7\u0131klanmaktad\u0131r. Ayr\u0131ca bir dosyay\u0131 korumak i\u00e7in veya...\",\"breadcrumb\":{\"@id\":\"https:\/\/exceladvisor.org\/tr\/calisma-kitabini-koru\/#breadcrumb\"},\"inLanguage\":\"tr\",\"potentialAction\":[{\"@type\":\"ReadAction\",\"target\":[\"https:\/\/exceladvisor.org\/tr\/calisma-kitabini-koru\/\"]}]},{\"@type\":\"ImageObject\",\"inLanguage\":\"tr\",\"@id\":\"https:\/\/exceladvisor.org\/tr\/calisma-kitabini-koru\/#primaryimage\",\"url\":\"https:\/\/exceladvisor.org\/wp-content\/uploads\/2023\/08\/1-il-verrouille-le-classeur-book1.png\",\"contentUrl\":\"https:\/\/exceladvisor.org\/wp-content\/uploads\/2023\/08\/1-il-verrouille-le-classeur-book1.png\"},{\"@type\":\"BreadcrumbList\",\"@id\":\"https:\/\/exceladvisor.org\/tr\/calisma-kitabini-koru\/#breadcrumb\",\"itemListElement\":[{\"@type\":\"ListItem\",\"position\":1,\"name\":\"Ev\",\"item\":\"https:\/\/exceladvisor.org\/tr\/\"},{\"@type\":\"ListItem\",\"position\":2,\"name\":\"Vba ile \u00e7al\u0131\u015fma kitab\u0131 nas\u0131l korunur?\"}]},{\"@type\":\"WebSite\",\"@id\":\"https:\/\/exceladvisor.org\/tr\/#website\",\"url\":\"https:\/\/exceladvisor.org\/tr\/\",\"name\":\"Excel Advisor\",\"description\":\"Veri hakimiyetine y\u00f6nelik nihai rehberiniz!\",\"publisher\":{\"@id\":\"https:\/\/exceladvisor.org\/tr\/#organization\"},\"potentialAction\":[{\"@type\":\"SearchAction\",\"target\":{\"@type\":\"EntryPoint\",\"urlTemplate\":\"https:\/\/exceladvisor.org\/tr\/?s={search_term_string}\"},\"query-input\":{\"@type\":\"PropertyValueSpecification\",\"valueRequired\":true,\"valueName\":\"search_term_string\"}}],\"inLanguage\":\"tr\"},{\"@type\":\"Organization\",\"@id\":\"https:\/\/exceladvisor.org\/tr\/#organization\",\"name\":\"Excel Advisor\",\"url\":\"https:\/\/exceladvisor.org\/tr\/\",\"logo\":{\"@type\":\"ImageObject\",\"inLanguage\":\"tr\",\"@id\":\"https:\/\/exceladvisor.org\/tr\/#\/schema\/logo\/image\/\",\"url\":\"https:\/\/exceladvisor.org\/tr\/wp-content\/uploads\/2023\/12\/exceladvisor.org_.png\",\"contentUrl\":\"https:\/\/exceladvisor.org\/tr\/wp-content\/uploads\/2023\/12\/exceladvisor.org_.png\",\"width\":105,\"height\":36,\"caption\":\"Excel Advisor\"},\"image\":{\"@id\":\"https:\/\/exceladvisor.org\/tr\/#\/schema\/logo\/image\/\"}}]}<\/script>\n<!-- \/ Yoast SEO plugin. -->","yoast_head_json":{"title":"\u25b7 Excel&#39;de VBA kullanarak \u00e7al\u0131\u015fma kitab\u0131n\u0131 nas\u0131l koruyabilirim?","description":"Bu e\u011fitimde, bir \u00e7al\u0131\u015fma kitab\u0131n\u0131n parola kullan\u0131larak nas\u0131l korunaca\u011f\u0131 ve korumas\u0131n\u0131n nas\u0131l kald\u0131r\u0131laca\u011f\u0131 a\u00e7\u0131klanmaktad\u0131r. Ayr\u0131ca bir dosyay\u0131 korumak i\u00e7in veya...","robots":{"index":"index","follow":"follow","max-snippet":"max-snippet:-1","max-image-preview":"max-image-preview:large","max-video-preview":"max-video-preview:-1"},"canonical":"https:\/\/exceladvisor.org\/tr\/calisma-kitabini-koru\/","og_locale":"tr_TR","og_type":"article","og_title":"\u25b7 Excel&#39;de VBA kullanarak \u00e7al\u0131\u015fma kitab\u0131n\u0131 nas\u0131l koruyabilirim?","og_description":"Bu e\u011fitimde, bir \u00e7al\u0131\u015fma kitab\u0131n\u0131n parola kullan\u0131larak nas\u0131l korunaca\u011f\u0131 ve korumas\u0131n\u0131n nas\u0131l kald\u0131r\u0131laca\u011f\u0131 a\u00e7\u0131klanmaktad\u0131r. Ayr\u0131ca bir dosyay\u0131 korumak i\u00e7in veya...","og_url":"https:\/\/exceladvisor.org\/tr\/calisma-kitabini-koru\/","og_site_name":"Excel Advisor","article_modified_time":"2023-12-10T06:05:48+00:00","og_image":[{"url":"https:\/\/exceladvisor.org\/wp-content\/uploads\/2023\/08\/1-il-verrouille-le-classeur-book1.png","type":"","width":"","height":""}],"twitter_card":"summary_large_image","twitter_misc":{"Tahmini okuma s\u00fcresi":"4 dakika"},"schema":{"@context":"https:\/\/schema.org","@graph":[{"@type":"WebPage","@id":"https:\/\/exceladvisor.org\/tr\/calisma-kitabini-koru\/","url":"https:\/\/exceladvisor.org\/tr\/calisma-kitabini-koru\/","name":"\u25b7 Excel&#39;de VBA kullanarak \u00e7al\u0131\u015fma kitab\u0131n\u0131 nas\u0131l koruyabilirim?","isPartOf":{"@id":"https:\/\/exceladvisor.org\/tr\/#website"},"primaryImageOfPage":{"@id":"https:\/\/exceladvisor.org\/tr\/calisma-kitabini-koru\/#primaryimage"},"image":{"@id":"https:\/\/exceladvisor.org\/tr\/calisma-kitabini-koru\/#primaryimage"},"thumbnailUrl":"https:\/\/exceladvisor.org\/wp-content\/uploads\/2023\/08\/1-il-verrouille-le-classeur-book1.png","datePublished":"2023-11-16T13:22:32+00:00","dateModified":"2023-12-10T06:05:48+00:00","description":"Bu e\u011fitimde, bir \u00e7al\u0131\u015fma kitab\u0131n\u0131n parola kullan\u0131larak nas\u0131l korunaca\u011f\u0131 ve korumas\u0131n\u0131n nas\u0131l kald\u0131r\u0131laca\u011f\u0131 a\u00e7\u0131klanmaktad\u0131r. Ayr\u0131ca bir dosyay\u0131 korumak i\u00e7in veya...","breadcrumb":{"@id":"https:\/\/exceladvisor.org\/tr\/calisma-kitabini-koru\/#breadcrumb"},"inLanguage":"tr","potentialAction":[{"@type":"ReadAction","target":["https:\/\/exceladvisor.org\/tr\/calisma-kitabini-koru\/"]}]},{"@type":"ImageObject","inLanguage":"tr","@id":"https:\/\/exceladvisor.org\/tr\/calisma-kitabini-koru\/#primaryimage","url":"https:\/\/exceladvisor.org\/wp-content\/uploads\/2023\/08\/1-il-verrouille-le-classeur-book1.png","contentUrl":"https:\/\/exceladvisor.org\/wp-content\/uploads\/2023\/08\/1-il-verrouille-le-classeur-book1.png"},{"@type":"BreadcrumbList","@id":"https:\/\/exceladvisor.org\/tr\/calisma-kitabini-koru\/#breadcrumb","itemListElement":[{"@type":"ListItem","position":1,"name":"Ev","item":"https:\/\/exceladvisor.org\/tr\/"},{"@type":"ListItem","position":2,"name":"Vba ile \u00e7al\u0131\u015fma kitab\u0131 nas\u0131l korunur?"}]},{"@type":"WebSite","@id":"https:\/\/exceladvisor.org\/tr\/#website","url":"https:\/\/exceladvisor.org\/tr\/","name":"Excel Advisor","description":"Veri hakimiyetine y\u00f6nelik nihai rehberiniz!","publisher":{"@id":"https:\/\/exceladvisor.org\/tr\/#organization"},"potentialAction":[{"@type":"SearchAction","target":{"@type":"EntryPoint","urlTemplate":"https:\/\/exceladvisor.org\/tr\/?s={search_term_string}"},"query-input":{"@type":"PropertyValueSpecification","valueRequired":true,"valueName":"search_term_string"}}],"inLanguage":"tr"},{"@type":"Organization","@id":"https:\/\/exceladvisor.org\/tr\/#organization","name":"Excel Advisor","url":"https:\/\/exceladvisor.org\/tr\/","logo":{"@type":"ImageObject","inLanguage":"tr","@id":"https:\/\/exceladvisor.org\/tr\/#\/schema\/logo\/image\/","url":"https:\/\/exceladvisor.org\/tr\/wp-content\/uploads\/2023\/12\/exceladvisor.org_.png","contentUrl":"https:\/\/exceladvisor.org\/tr\/wp-content\/uploads\/2023\/12\/exceladvisor.org_.png","width":105,"height":36,"caption":"Excel Advisor"},"image":{"@id":"https:\/\/exceladvisor.org\/tr\/#\/schema\/logo\/image\/"}}]}},"yoast_meta":{"yoast_wpseo_title":"","yoast_wpseo_metadesc":"","yoast_wpseo_canonical":""},"_links":{"self":[{"href":"https:\/\/exceladvisor.org\/tr\/wp-json\/wp\/v2\/pages\/1571","targetHints":{"allow":["GET"]}}],"collection":[{"href":"https:\/\/exceladvisor.org\/tr\/wp-json\/wp\/v2\/pages"}],"about":[{"href":"https:\/\/exceladvisor.org\/tr\/wp-json\/wp\/v2\/types\/page"}],"author":[{"embeddable":true,"href":"https:\/\/exceladvisor.org\/tr\/wp-json\/wp\/v2\/users\/1"}],"replies":[{"embeddable":true,"href":"https:\/\/exceladvisor.org\/tr\/wp-json\/wp\/v2\/comments?post=1571"}],"version-history":[{"count":1,"href":"https:\/\/exceladvisor.org\/tr\/wp-json\/wp\/v2\/pages\/1571\/revisions"}],"predecessor-version":[{"id":2833,"href":"https:\/\/exceladvisor.org\/tr\/wp-json\/wp\/v2\/pages\/1571\/revisions\/2833"}],"wp:attachment":[{"href":"https:\/\/exceladvisor.org\/tr\/wp-json\/wp\/v2\/media?parent=1571"}],"curies":[{"name":"wp","href":"https:\/\/api.w.org\/{rel}","templated":true}]}}