{"id":1572,"date":"2023-11-16T13:19:07","date_gmt":"2023-11-16T13:19:07","guid":{"rendered":"https:\/\/exceladvisor.org\/tr\/sayfayi-gizle\/"},"modified":"2023-12-10T06:06:23","modified_gmt":"2023-12-10T06:06:23","slug":"sayfayi-gizle","status":"publish","type":"page","link":"https:\/\/exceladvisor.org\/tr\/sayfayi-gizle\/","title":{"rendered":"Vba kullanarak bir sayfay\u0131 nas\u0131l gizleyebilirim\/g\u00f6sterebilirim?"},"content":{"rendered":"<div class=\"excel-icerikten-once\" id=\"excel-196593425\"><script type=\"text\/javascript\">\r\n\tatOptions = {\r\n\t\t'key' : 'c1158f160081d6540a8409e6925dab94',\r\n\t\t'format' : 'iframe',\r\n\t\t'height' : 250,\r\n\t\t'width' : 300,\r\n\t\t'params' : {}\r\n\t};\r\n<\/script>\r\n<script type=\"text\/javascript\" src=\"\/\/www.highperformanceformat.com\/c1158f160081d6540a8409e6925dab94\/invoke.js\"><\/script><\/div> <p>Excel&#8217;de bir sayfay\u0131 gizlemek veya g\u00f6stermek i\u00e7in VBA kodunu kullanabilirsiniz. Sayfa sekmesine sa\u011f t\u0131klad\u0131\u011f\u0131n\u0131zda, onu gizleme veya g\u00f6sterme se\u00e7ene\u011fini ve VBA koduyla yapabilece\u011finiz \u015feyin ayn\u0131s\u0131n\u0131 g\u00f6rebilirsiniz.<\/p><p> Bu yaz\u0131da kullanabilece\u011fimiz baz\u0131 yol ve y\u00f6ntemlere bakaca\u011f\u0131z.<\/p><h2 class=\"wp-block-heading\"> Bir sayfay\u0131 gizlemek i\u00e7in VBA kodu<\/h2><p> Diyelim ki &#8220;Sayfa1&#8243;i etkin \u00e7al\u0131\u015fma kitab\u0131ndan gizlemek istiyorsunuz. Bu durumda \u015fu \u015fekilde bir kod kullanmal\u0131s\u0131n\u0131z.<\/p><pre class=\"wp-block-code\"> <code class=\"language-visual-basic\" lang=\"visual-basic\">Sheets(\"Sheet1\").Visible = False<\/code><\/pre><p> Yukar\u0131daki kodda Sayfa1&#8217;e referans verdiniz, g\u00f6r\u00fcn\u00fcr \u00f6zelli\u011fini kulland\u0131n\u0131z ve onu false olarak de\u011fi\u015ftirdiniz.<\/p><h2 class=\"wp-block-heading\"> Bir yapra\u011f\u0131 \u00e7ok gizli yap<\/h2><p> Kullan\u0131c\u0131 taraf\u0131ndan kolayl\u0131kla gizlenemeyecek kadar gizli bir sayfa olu\u015fturmak i\u00e7in kullanabilece\u011finiz ba\u015fka bir se\u00e7enek daha vard\u0131r.<\/p><h2 class=\"wp-block-heading\"> Bir h\u00fccrenin de\u011ferine g\u00f6re bir sayfay\u0131 gizleme<\/h2><p> Tamam, kodda do\u011frudan sayfa ad\u0131n\u0131 kullanmak yerine bir h\u00fccre de\u011feri kullanmak istiyorsan\u0131z bu h\u00fccreye ba\u015fvurabilirsiniz.<\/p><pre class=\"wp-block-code\"> <code class=\"language-visual-basic\" lang=\"visual-basic\">Sheets(Range(\"A1\").Value).Visible = True<\/code><\/pre><p> Bu kod, A1 h\u00fccresine ba\u015fvurur ve gizlemek istedi\u011finiz sayfaya ba\u015fvurmak i\u00e7in buradaki de\u011feri kullan\u0131r.<\/p><p class=\"content-box-grey\"> <em>Yararl\u0131 ba\u011flant\u0131lar: <a href=\"https:\/\/exceladvisor.org\/tr\/makro-2yi-calistir\/\">Makro \u00e7al\u0131\u015ft\u0131rma<\/a> \u2013 <a href=\"https:\/\/exceladvisor.org\/tr\/makro-kaydet\/\">Makro kaydedici<\/a> \u2013 <a href=\"https:\/\/exceladvisor.org\/tr\/temel-gorsel-duzenleyici\/\">Visual Basic D\u00fczenleyici<\/a> \u2013 <a href=\"https:\/\/exceladvisor.org\/tr\/kisisel-makro-not-defteri\/\">Ki\u015fisel Makrolar El Kitab\u0131<\/a><\/em><\/p><h2 class=\"wp-block-heading\"> Saklamadan \u00f6nce sayfay\u0131 kontrol edin<\/h2><p> \u00c7\u0131kt\u0131lar\u0131n\u0131 gizlemek istedi\u011finiz sayfay\u0131 kontrol etmek i\u00e7in bunun gibi k\u00fc\u00e7\u00fck bir kod da kullanabilirsiniz.<\/p><pre class=\"wp-block-code\"> <code class=\"language-visual-basic\" lang=\"visual-basic\">Sub vba_hide_sheet() Dim sht As Worksheet For Each sht In ThisWorkbook.Worksheets If sht.Name = \"Sheet1\" Then sht.Visible = False Exit Sub End If Next sht MsgBox \"Sheet not found\", vbCritical, \"Error\" End Sub<\/code><\/pre><p> Yukar\u0131daki kod, \u00e7al\u0131\u015fma kitab\u0131ndaki her sayfada d\u00f6ng\u00fc yapmak <a href=\"https:\/\/exceladvisor.org\/tr\/dongu-icin\/\">i\u00e7in FOR ECH LOOP<\/a> + <a href=\"https:\/\/exceladvisor.org\/tr\/eger-2\/\">IF STATEMENT i\u015flevini<\/a> kullan\u0131r. Ve gizlemek istedi\u011finiz sayfay\u0131 kontrol edin.<\/p><h2 class=\"wp-block-heading\"> T\u00fcm sayfalar\u0131 gizle (ActiveSheet hari\u00e7)<\/h2><p> \u015eimdi anlaman\u0131z gereken bir \u015fey var; t\u00fcm yapraklar\u0131 gizleyemezsiniz. Her zaman g\u00f6r\u00fcn\u00fcr bir yaprak olmal\u0131d\u0131r.<\/p><pre class=\"wp-block-code\"> <code class=\"language-visual-basic\" lang=\"visual-basic\">Sub vba_hide_sheet() Dim ws As Worksheet For Each ws In ThisWorkbook.Sheets If ActiveSheet.Name &lt;&gt; ws.Name Then ws.Visible = False End If Next ws End Sub<\/code><\/pre><p> Yukar\u0131daki kod, \u00e7al\u0131\u015fma kitab\u0131ndaki t\u00fcm sayfalar\u0131 yineler, ard\u0131ndan her sayfan\u0131n ad\u0131n\u0131 etkin sayfan\u0131n ad\u0131yla e\u015fle\u015ftirir ve e\u015fle\u015fmezse gizler.<\/p><h2 class=\"wp-block-heading\"> Bir sayfay\u0131 g\u00f6r\u00fcnt\u00fclemek i\u00e7in VBA kodu<\/h2><p> Bir sayfay\u0131 g\u00f6r\u00fcnt\u00fclemek i\u00e7in g\u00f6r\u00fcn\u00fcr \u00f6zelli\u011fini TRUE olarak de\u011fi\u015ftirmeniz gerekir.<\/p><pre class=\"wp-block-code\"> <code class=\"language-visual-basic\" lang=\"visual-basic\">Sheets(\"Sheet1\").Visible = False<\/code><\/pre><p> G\u00f6r\u00fcnt\u00fclemek istedi\u011finiz sayfa zaten g\u00f6r\u00fcn\u00fcr durumdaysa bu kod herhangi bir hata g\u00f6stermez. Ancak bu sayfa mevcut de\u011filse \u00e7al\u0131\u015fma zaman\u0131 hatas\u0131 &#8216;9&#8217; al\u0131rs\u0131n\u0131z. <\/p><div class=\"wp-block-image\"><figure class=\"aligncenter size-large is-resized\"><img loading=\"lazy\" decoding=\"async\" class=\"wp-image-52343\" src=\"https:\/\/exceladvisor.org\/wp-content\/uploads\/2023\/08\/1-code-vba-pour-afficher-une-feuille.png\" sizes=\"auto, \" srcset=\"\" alt=\"vba-kodu-bir-sayfay\u0131-g\u00f6stermek i\u00e7in\" width=\"380\" height=\"214\"><\/figure><\/div><h2 class=\"wp-block-heading\"> T\u00fcm gizli sayfalar\u0131 g\u00f6stermek i\u00e7in VBA&#8217;y\u0131 kullan\u0131n<\/h2><p> Bir \u00e7al\u0131\u015fma kitab\u0131nda birden fazla gizli sayfan\u0131z oldu\u011funu ve bunlar\u0131 manuel olarak gizlemek istiyorsan\u0131z bunu tek tek yapman\u0131z gerekti\u011fini d\u00fc\u015f\u00fcn\u00fcn.<\/p><p> Ancak i\u015fte bunu tek seferde yapan kod.<\/p><pre class=\"wp-block-code\"> <code class=\"language-visual-basic\" lang=\"visual-basic\">Sub vba_unhide_sheet() Dim ws As Worksheet For Each ws In ThisWorkbook.Sheets If ws.Visible = False Then ws.Visible = True End If Next ws End Sub<\/code><\/pre><p> Her yapra\u011f\u0131n i\u00e7inden ge\u00e7er ve maskesini \u00e7\u0131kar\u0131r.<\/p><div class=\"gb-container gb-container-4db6181c gb-container-mt\"> <a class=\"gb-button gb-button-c5897111 gb-button-text gb-button-mt-button\" href=\"https:\/\/exceladvisor.org\/tr\/vba\/\">VBA nedir<\/a><h2 class=\"gb-headline gb-headline-665e5f6b gb-headline-text gb-headline-mt-heading\"> \u0130lgili e\u011fitimler <\/h2><div class=\"gb-grid-wrapper gb-grid-wrapper-a20baf7c gb-grid-wrapper-mt-grid\"><div class=\"gb-grid-column gb-grid-column-65ddf67e\"><div class=\"gb-container gb-container-65ddf67e\"><ul><li> <a href=\"https:\/\/exceladvisor.org\/tr\/temiz-sayfa\/\">Excel&#8217;de VBA kullanarak bir sayfan\u0131n tamam\u0131n\u0131 TEM\u0130ZLEY\u0130N<\/a><\/li><li> <a href=\"https:\/\/exceladvisor.org\/tr\/sayfayi-kopyala\/\">VBA&#8217;y\u0131 kullanarak Excel&#8217;de bir sayfay\u0131 kopyalay\u0131n ve ta\u015f\u0131y\u0131n<\/a><\/li><li> <a href=\"https:\/\/exceladvisor.org\/tr\/yapraklari-say\/\">Excel&#8217;de VBA kullanan COUNT Sayfa<\/a><\/li><li> <a href=\"https:\/\/exceladvisor.org\/tr\/bir-sayfayi-sil-1\/\">Excel&#8217;de VBA kullanarak bir SAYFAYI S\u0130L\u0130N<\/a><\/li><li> <a href=\"https:\/\/exceladvisor.org\/tr\/yapragi-korumak\/\">Excel&#8217;de VBA kullanarak bir sayfay\u0131 KORUMA ve KORUMADAN KALDIRMA<\/a> <\/li><\/ul><\/div><\/div><div class=\"gb-grid-column gb-grid-column-50067b57\"><div class=\"gb-container gb-container-50067b57\"><\/div><\/div><\/div><\/div>","protected":false},"excerpt":{"rendered":"","protected":false},"author":1,"featured_media":0,"parent":0,"menu_order":0,"comment_status":"open","ping_status":"closed","template":"","meta":{"ub_ctt_via":"","footnotes":""},"class_list":["post-1572","page","type-page","status-publish","hentry"],"featured_image_src":null,"yoast_head":"<!-- This site is optimized with the Yoast SEO plugin v25.4 - https:\/\/yoast.com\/wordpress\/plugins\/seo\/ -->\n<title>\u25b7 VBA kullanarak bir sayfay\u0131 nas\u0131l gizleyebilirim\/g\u00f6sterebilirim?<\/title>\n<meta name=\"description\" content=\"Bu e\u011fitici, VBA kodunu kullanarak bir \u00e7al\u0131\u015fma sayfas\u0131n\u0131 nas\u0131l gizleyece\u011finizi ve g\u00f6sterece\u011finizi g\u00f6sterir. Ayn\u0131 zamanda size farkl\u0131 oldu\u011funu g\u00f6sterir\" \/>\n<meta name=\"robots\" content=\"index, follow, max-snippet:-1, max-image-preview:large, max-video-preview:-1\" \/>\n<link rel=\"canonical\" href=\"https:\/\/exceladvisor.org\/tr\/sayfayi-gizle\/\" \/>\n<meta property=\"og:locale\" content=\"tr_TR\" \/>\n<meta property=\"og:type\" content=\"article\" \/>\n<meta property=\"og:title\" content=\"\u25b7 VBA kullanarak bir sayfay\u0131 nas\u0131l gizleyebilirim\/g\u00f6sterebilirim?\" \/>\n<meta property=\"og:description\" content=\"Bu e\u011fitici, VBA kodunu kullanarak bir \u00e7al\u0131\u015fma sayfas\u0131n\u0131 nas\u0131l gizleyece\u011finizi ve g\u00f6sterece\u011finizi g\u00f6sterir. Ayn\u0131 zamanda size farkl\u0131 oldu\u011funu g\u00f6sterir\" \/>\n<meta property=\"og:url\" content=\"https:\/\/exceladvisor.org\/tr\/sayfayi-gizle\/\" \/>\n<meta property=\"og:site_name\" content=\"Excel Advisor\" \/>\n<meta property=\"article:modified_time\" content=\"2023-12-10T06:06:23+00:00\" \/>\n<meta property=\"og:image\" content=\"https:\/\/exceladvisor.org\/wp-content\/uploads\/2023\/08\/1-code-vba-pour-afficher-une-feuille.png\" \/>\n<meta name=\"twitter:card\" content=\"summary_large_image\" \/>\n<meta name=\"twitter:label1\" content=\"Tahmini okuma s\u00fcresi\" \/>\n\t<meta name=\"twitter:data1\" content=\"3 dakika\" \/>\n<script type=\"application\/ld+json\" class=\"yoast-schema-graph\">{\"@context\":\"https:\/\/schema.org\",\"@graph\":[{\"@type\":\"WebPage\",\"@id\":\"https:\/\/exceladvisor.org\/tr\/sayfayi-gizle\/\",\"url\":\"https:\/\/exceladvisor.org\/tr\/sayfayi-gizle\/\",\"name\":\"\u25b7 VBA kullanarak bir sayfay\u0131 nas\u0131l gizleyebilirim\/g\u00f6sterebilirim?\",\"isPartOf\":{\"@id\":\"https:\/\/exceladvisor.org\/tr\/#website\"},\"primaryImageOfPage\":{\"@id\":\"https:\/\/exceladvisor.org\/tr\/sayfayi-gizle\/#primaryimage\"},\"image\":{\"@id\":\"https:\/\/exceladvisor.org\/tr\/sayfayi-gizle\/#primaryimage\"},\"thumbnailUrl\":\"https:\/\/exceladvisor.org\/wp-content\/uploads\/2023\/08\/1-code-vba-pour-afficher-une-feuille.png\",\"datePublished\":\"2023-11-16T13:19:07+00:00\",\"dateModified\":\"2023-12-10T06:06:23+00:00\",\"description\":\"Bu e\u011fitici, VBA kodunu kullanarak bir \u00e7al\u0131\u015fma sayfas\u0131n\u0131 nas\u0131l gizleyece\u011finizi ve g\u00f6sterece\u011finizi g\u00f6sterir. Ayn\u0131 zamanda size farkl\u0131 oldu\u011funu g\u00f6sterir\",\"breadcrumb\":{\"@id\":\"https:\/\/exceladvisor.org\/tr\/sayfayi-gizle\/#breadcrumb\"},\"inLanguage\":\"tr\",\"potentialAction\":[{\"@type\":\"ReadAction\",\"target\":[\"https:\/\/exceladvisor.org\/tr\/sayfayi-gizle\/\"]}]},{\"@type\":\"ImageObject\",\"inLanguage\":\"tr\",\"@id\":\"https:\/\/exceladvisor.org\/tr\/sayfayi-gizle\/#primaryimage\",\"url\":\"https:\/\/exceladvisor.org\/wp-content\/uploads\/2023\/08\/1-code-vba-pour-afficher-une-feuille.png\",\"contentUrl\":\"https:\/\/exceladvisor.org\/wp-content\/uploads\/2023\/08\/1-code-vba-pour-afficher-une-feuille.png\"},{\"@type\":\"BreadcrumbList\",\"@id\":\"https:\/\/exceladvisor.org\/tr\/sayfayi-gizle\/#breadcrumb\",\"itemListElement\":[{\"@type\":\"ListItem\",\"position\":1,\"name\":\"Ev\",\"item\":\"https:\/\/exceladvisor.org\/tr\/\"},{\"@type\":\"ListItem\",\"position\":2,\"name\":\"Vba kullanarak bir sayfay\u0131 nas\u0131l gizleyebilirim\/g\u00f6sterebilirim?\"}]},{\"@type\":\"WebSite\",\"@id\":\"https:\/\/exceladvisor.org\/tr\/#website\",\"url\":\"https:\/\/exceladvisor.org\/tr\/\",\"name\":\"Excel Advisor\",\"description\":\"Veri hakimiyetine y\u00f6nelik nihai rehberiniz!\",\"publisher\":{\"@id\":\"https:\/\/exceladvisor.org\/tr\/#organization\"},\"potentialAction\":[{\"@type\":\"SearchAction\",\"target\":{\"@type\":\"EntryPoint\",\"urlTemplate\":\"https:\/\/exceladvisor.org\/tr\/?s={search_term_string}\"},\"query-input\":{\"@type\":\"PropertyValueSpecification\",\"valueRequired\":true,\"valueName\":\"search_term_string\"}}],\"inLanguage\":\"tr\"},{\"@type\":\"Organization\",\"@id\":\"https:\/\/exceladvisor.org\/tr\/#organization\",\"name\":\"Excel Advisor\",\"url\":\"https:\/\/exceladvisor.org\/tr\/\",\"logo\":{\"@type\":\"ImageObject\",\"inLanguage\":\"tr\",\"@id\":\"https:\/\/exceladvisor.org\/tr\/#\/schema\/logo\/image\/\",\"url\":\"https:\/\/exceladvisor.org\/tr\/wp-content\/uploads\/2023\/12\/exceladvisor.org_.png\",\"contentUrl\":\"https:\/\/exceladvisor.org\/tr\/wp-content\/uploads\/2023\/12\/exceladvisor.org_.png\",\"width\":105,\"height\":36,\"caption\":\"Excel Advisor\"},\"image\":{\"@id\":\"https:\/\/exceladvisor.org\/tr\/#\/schema\/logo\/image\/\"}}]}<\/script>\n<!-- \/ Yoast SEO plugin. -->","yoast_head_json":{"title":"\u25b7 VBA kullanarak bir sayfay\u0131 nas\u0131l gizleyebilirim\/g\u00f6sterebilirim?","description":"Bu e\u011fitici, VBA kodunu kullanarak bir \u00e7al\u0131\u015fma sayfas\u0131n\u0131 nas\u0131l gizleyece\u011finizi ve g\u00f6sterece\u011finizi g\u00f6sterir. Ayn\u0131 zamanda size farkl\u0131 oldu\u011funu g\u00f6sterir","robots":{"index":"index","follow":"follow","max-snippet":"max-snippet:-1","max-image-preview":"max-image-preview:large","max-video-preview":"max-video-preview:-1"},"canonical":"https:\/\/exceladvisor.org\/tr\/sayfayi-gizle\/","og_locale":"tr_TR","og_type":"article","og_title":"\u25b7 VBA kullanarak bir sayfay\u0131 nas\u0131l gizleyebilirim\/g\u00f6sterebilirim?","og_description":"Bu e\u011fitici, VBA kodunu kullanarak bir \u00e7al\u0131\u015fma sayfas\u0131n\u0131 nas\u0131l gizleyece\u011finizi ve g\u00f6sterece\u011finizi g\u00f6sterir. Ayn\u0131 zamanda size farkl\u0131 oldu\u011funu g\u00f6sterir","og_url":"https:\/\/exceladvisor.org\/tr\/sayfayi-gizle\/","og_site_name":"Excel Advisor","article_modified_time":"2023-12-10T06:06:23+00:00","og_image":[{"url":"https:\/\/exceladvisor.org\/wp-content\/uploads\/2023\/08\/1-code-vba-pour-afficher-une-feuille.png","type":"","width":"","height":""}],"twitter_card":"summary_large_image","twitter_misc":{"Tahmini okuma s\u00fcresi":"3 dakika"},"schema":{"@context":"https:\/\/schema.org","@graph":[{"@type":"WebPage","@id":"https:\/\/exceladvisor.org\/tr\/sayfayi-gizle\/","url":"https:\/\/exceladvisor.org\/tr\/sayfayi-gizle\/","name":"\u25b7 VBA kullanarak bir sayfay\u0131 nas\u0131l gizleyebilirim\/g\u00f6sterebilirim?","isPartOf":{"@id":"https:\/\/exceladvisor.org\/tr\/#website"},"primaryImageOfPage":{"@id":"https:\/\/exceladvisor.org\/tr\/sayfayi-gizle\/#primaryimage"},"image":{"@id":"https:\/\/exceladvisor.org\/tr\/sayfayi-gizle\/#primaryimage"},"thumbnailUrl":"https:\/\/exceladvisor.org\/wp-content\/uploads\/2023\/08\/1-code-vba-pour-afficher-une-feuille.png","datePublished":"2023-11-16T13:19:07+00:00","dateModified":"2023-12-10T06:06:23+00:00","description":"Bu e\u011fitici, VBA kodunu kullanarak bir \u00e7al\u0131\u015fma sayfas\u0131n\u0131 nas\u0131l gizleyece\u011finizi ve g\u00f6sterece\u011finizi g\u00f6sterir. Ayn\u0131 zamanda size farkl\u0131 oldu\u011funu g\u00f6sterir","breadcrumb":{"@id":"https:\/\/exceladvisor.org\/tr\/sayfayi-gizle\/#breadcrumb"},"inLanguage":"tr","potentialAction":[{"@type":"ReadAction","target":["https:\/\/exceladvisor.org\/tr\/sayfayi-gizle\/"]}]},{"@type":"ImageObject","inLanguage":"tr","@id":"https:\/\/exceladvisor.org\/tr\/sayfayi-gizle\/#primaryimage","url":"https:\/\/exceladvisor.org\/wp-content\/uploads\/2023\/08\/1-code-vba-pour-afficher-une-feuille.png","contentUrl":"https:\/\/exceladvisor.org\/wp-content\/uploads\/2023\/08\/1-code-vba-pour-afficher-une-feuille.png"},{"@type":"BreadcrumbList","@id":"https:\/\/exceladvisor.org\/tr\/sayfayi-gizle\/#breadcrumb","itemListElement":[{"@type":"ListItem","position":1,"name":"Ev","item":"https:\/\/exceladvisor.org\/tr\/"},{"@type":"ListItem","position":2,"name":"Vba kullanarak bir sayfay\u0131 nas\u0131l gizleyebilirim\/g\u00f6sterebilirim?"}]},{"@type":"WebSite","@id":"https:\/\/exceladvisor.org\/tr\/#website","url":"https:\/\/exceladvisor.org\/tr\/","name":"Excel Advisor","description":"Veri hakimiyetine y\u00f6nelik nihai rehberiniz!","publisher":{"@id":"https:\/\/exceladvisor.org\/tr\/#organization"},"potentialAction":[{"@type":"SearchAction","target":{"@type":"EntryPoint","urlTemplate":"https:\/\/exceladvisor.org\/tr\/?s={search_term_string}"},"query-input":{"@type":"PropertyValueSpecification","valueRequired":true,"valueName":"search_term_string"}}],"inLanguage":"tr"},{"@type":"Organization","@id":"https:\/\/exceladvisor.org\/tr\/#organization","name":"Excel Advisor","url":"https:\/\/exceladvisor.org\/tr\/","logo":{"@type":"ImageObject","inLanguage":"tr","@id":"https:\/\/exceladvisor.org\/tr\/#\/schema\/logo\/image\/","url":"https:\/\/exceladvisor.org\/tr\/wp-content\/uploads\/2023\/12\/exceladvisor.org_.png","contentUrl":"https:\/\/exceladvisor.org\/tr\/wp-content\/uploads\/2023\/12\/exceladvisor.org_.png","width":105,"height":36,"caption":"Excel Advisor"},"image":{"@id":"https:\/\/exceladvisor.org\/tr\/#\/schema\/logo\/image\/"}}]}},"yoast_meta":{"yoast_wpseo_title":"","yoast_wpseo_metadesc":"","yoast_wpseo_canonical":""},"_links":{"self":[{"href":"https:\/\/exceladvisor.org\/tr\/wp-json\/wp\/v2\/pages\/1572","targetHints":{"allow":["GET"]}}],"collection":[{"href":"https:\/\/exceladvisor.org\/tr\/wp-json\/wp\/v2\/pages"}],"about":[{"href":"https:\/\/exceladvisor.org\/tr\/wp-json\/wp\/v2\/types\/page"}],"author":[{"embeddable":true,"href":"https:\/\/exceladvisor.org\/tr\/wp-json\/wp\/v2\/users\/1"}],"replies":[{"embeddable":true,"href":"https:\/\/exceladvisor.org\/tr\/wp-json\/wp\/v2\/comments?post=1572"}],"version-history":[{"count":1,"href":"https:\/\/exceladvisor.org\/tr\/wp-json\/wp\/v2\/pages\/1572\/revisions"}],"predecessor-version":[{"id":2867,"href":"https:\/\/exceladvisor.org\/tr\/wp-json\/wp\/v2\/pages\/1572\/revisions\/2867"}],"wp:attachment":[{"href":"https:\/\/exceladvisor.org\/tr\/wp-json\/wp\/v2\/media?parent=1572"}],"curies":[{"name":"wp","href":"https:\/\/api.w.org\/{rel}","templated":true}]}}