{"id":1573,"date":"2023-11-16T12:50:00","date_gmt":"2023-11-16T12:50:00","guid":{"rendered":"https:\/\/exceladvisor.org\/tr\/sifirdan-buyuk-hesap\/"},"modified":"2023-12-10T06:02:31","modified_gmt":"2023-12-10T06:02:31","slug":"sifirdan-buyuk-hesap","status":"publish","type":"page","link":"https:\/\/exceladvisor.org\/tr\/sifirdan-buyuk-hesap\/","title":{"rendered":"Excel&#39;de s\u0131f\u0131rdan b\u00fcy\u00fck de\u011ferleri saymak m\u0131 istiyorsunuz?"},"content":{"rendered":"<div class=\"excel-icerikten-once\" id=\"excel-1360796011\"><script type=\"text\/javascript\">\r\n\tatOptions = {\r\n\t\t'key' : 'c1158f160081d6540a8409e6925dab94',\r\n\t\t'format' : 'iframe',\r\n\t\t'height' : 250,\r\n\t\t'width' : 300,\r\n\t\t'params' : {}\r\n\t};\r\n<\/script>\r\n<script type=\"text\/javascript\" src=\"\/\/www.highperformanceformat.com\/c1158f160081d6540a8409e6925dab94\/invoke.js\"><\/script><\/div> <p>Bir de\u011fer listesinden veya bir h\u00fccre aral\u0131\u011f\u0131ndan s\u0131f\u0131rdan (0) b\u00fcy\u00fck de\u011ferleri saymak i\u00e7in, s\u0131f\u0131rdan b\u00fcy\u00fck \u00f6l\u00e7\u00fct\u00fcn\u00fc kullanarak Excel&#8217;in COUNTIF i\u015flevini kullanabilirsiniz. NB.IF <a href=\"https:\/\/exceladvisor.org\/tr\/excel-istatistik-fonksiyonlari\/\">istatistiksel fonksiyonlar\u0131n<\/a> bir par\u00e7as\u0131d\u0131r. <\/p><div class=\"wp-block-image\"><figure class=\"aligncenter size-full is-resized\"><img loading=\"lazy\" decoding=\"async\" class=\"wp-image-68886\" src=\"https:\/\/exceladvisor.org\/wp-content\/uploads\/2023\/08\/1-nombre-excel-superieur-a-zero-liste-de-nombres.png\" sizes=\"auto, \" srcset=\"\" alt=\"excel-count-s\u0131f\u0131rdan-b\u00fcy\u00fck-say\u0131lar-listesi\" width=\"181\" height=\"404\"><\/figure><\/div><p> Burada -10&#8217;dan 10&#8217;a kadar olan say\u0131lar\u0131n bir listesi var ve bu listede s\u0131f\u0131rdan b\u00fcy\u00fck say\u0131lar\u0131 sayman\u0131z gerekiyor.<\/p><ol><li> \u00d6ncelikle \u201c=COUNTIF\u201d yaz\u0131n ve sonucu elde edece\u011fimiz C1 h\u00fccresindeki parantezleri ba\u015flat\u0131n. <br><img loading=\"lazy\" decoding=\"async\" title=\"2-excel-say\u0131m-s\u0131f\u0131rdan-b\u00fcy\u00fck-h\u00fccreye-i\u015flevi girin\" src=\"https:\/\/exceladvisor.org\/wp-content\/uploads\/2023\/08\/2-nombre-excel-superieur-a-zero-entrez-la-fonction-dans-la-cellule.png\" sizes=\"auto, \" srcset=\"\" alt=\"excel-count-greater-than-zero-enter-function-in-cell\" width=\"414\" height=\"442\"><\/li><li> Ard\u0131ndan aral\u0131k ba\u011f\u0131ms\u0131z de\u011fi\u015fkeninde say\u0131lar\u0131 saymak istedi\u011finiz aral\u0131\u011f\u0131 (A2:A19) belirtin. <br><img loading=\"lazy\" decoding=\"async\" title=\"S\u0131f\u0131rdan b\u00fcy\u00fck 3 Excel hesab\u0131n\u0131n se\u00e7im aral\u0131\u011f\u0131\" src=\"https:\/\/exceladvisor.org\/wp-content\/uploads\/2023\/08\/3-nombre-excel-superieur-a-zero-selectionner-la-plage.png\" sizes=\"auto, \" srcset=\"\" alt=\"excel-count-greater-than-zero-select-range\" width=\"410\" height=\"476\"><\/li><li> Bundan sonra bir sonraki arg\u00fcmana ge\u00e7mek i\u00e7in bir komut yaz\u0131n.<\/li><li> Sonunda, \u00f6l\u00e7\u00fct ba\u011f\u0131ms\u0131z de\u011fi\u015fkenine ve kapan\u0131\u015f parantezlerine \u201c&gt;0\u201d girin. <br><img loading=\"lazy\" decoding=\"async\" title=\"4-excel-say\u0131m-s\u0131f\u0131rdan-b\u00fcy\u00fck-giri\u015f kriterleri\" src=\"https:\/\/exceladvisor.org\/wp-content\/uploads\/2023\/08\/4-nombre-excel-superieur-a-zero-entrer-des-criteres.png\" sizes=\"auto, \" srcset=\"\" alt=\"excel-count-greater-than-zero-enter-criteria\" width=\"410\" height=\"481\"><\/li><\/ol><p> Enter tu\u015funa bast\u0131\u011f\u0131n\u0131zda C1 h\u00fccresindeki sonucu alacaks\u0131n\u0131z. Ve burada bu form\u00fcl sonu\u00e7ta 11 de\u011ferini d\u00f6nd\u00fcr\u00fcyor. <\/p><div class=\"wp-block-image\"><figure class=\"aligncenter size-full is-resized\"><img loading=\"lazy\" decoding=\"async\" class=\"wp-image-68890\" src=\"https:\/\/exceladvisor.org\/wp-content\/uploads\/2023\/08\/5-excel-compte-superieur-a-zero-appuyez-sur-entrez-1.png\" sizes=\"auto, \" srcset=\"\" alt=\"excel-count-s\u0131f\u0131rdan-b\u00fcy\u00fck-hit-enter-1\" width=\"503\" height=\"519\"><\/figure><\/div><h2 class=\"wp-block-heading\"> S\u0131f\u0131rdan b\u00fcy\u00fck ve 10&#8217;dan k\u00fc\u00e7\u00fck saymak i\u00e7in COUNTIFS<\/h2><p> S\u0131f\u0131rdan b\u00fcy\u00fck veya 10&#8217;dan k\u00fc\u00e7\u00fck say\u0131lar\u0131 veya ba\u015fka herhangi bir say\u0131y\u0131 saymak istiyorsan\u0131z COUNTIFS i\u015flevini kullanman\u0131z gerekir. Kullanabilece\u011finiz form\u00fcl a\u015fa\u011f\u0131dad\u0131r: <\/p><pre class=\"wp-block-code\"> <code class=\"language-excel-formula\" lang=\"excel-formula\">=COUNTIFS(A2:A19,\"&gt;0\",A2:A19,\"&lt;10\")<\/code><\/pre><div class=\"wp-block-image\"><figure class=\"aligncenter size-full is-resized\"><img loading=\"lazy\" decoding=\"async\" class=\"wp-image-68882\" src=\"https:\/\/exceladvisor.org\/wp-content\/uploads\/2023\/08\/6-nombre-excel-superieur-a-zero-inferieur-a.png\" sizes=\"auto, \" srcset=\"\" alt=\"excel-say\u0131-s\u0131f\u0131rdan-b\u00fcy\u00fck-k\u00fc\u00e7\u00fck\" width=\"442\" height=\"515\"><\/figure><\/div><p> Yukar\u0131daki form\u00fclde, s\u00f6yledi\u011fim gibi, birden fazla aral\u0131\u011fa referans vermenizi ve birden fazla kriter belirtmenizi sa\u011flayan COUNTIFS i\u015flevine sahipsiniz. <\/p><div class=\"gb-container gb-container-52dfcee1 gb-container-sample-file\"><h2 class=\"gb-headline gb-headline-e289c143 gb-headline-text gb-headline-4f7959c2\"> Excel dosyas\u0131n\u0131 al\u0131n<\/h2> <a class=\"gb-button gb-button-e88d6bee gb-button-text gb-button-button1\" href=\"https:\/\/exceladvisor.org\/wp-content\/uploads\/2023\/08\/compte-superieur-a-zero-2.xlsx\" rel=\"nofollow\">\u0130ndirmek<\/a><\/div><div class=\"gb-container gb-container-0df56012 gb-container-mt\"> <a class=\"gb-button gb-button-f9f432f4 gb-button-text gb-button-mt-button\" href=\"https:\/\/exceladvisor.org\/tr\/formuller\/\">Excel form\u00fcllerinin listesi<\/a><h2 class=\"gb-headline gb-headline-233444e8 gb-headline-text gb-headline-mt-heading\"> \u0130lgili form\u00fcller <\/h2><div class=\"gb-grid-wrapper gb-grid-wrapper-a16fa65c gb-grid-wrapper-mt-grid\"><div class=\"gb-grid-column gb-grid-column-50d07e0d\"><div class=\"gb-container gb-container-50d07e0d\"><ul><li> <a href=\"https:\/\/exceladvisor.org\/tr\/iki-sayinin-arasini-saymak\/\">Excel&#8217;de iki say\u0131 (E\u011eERSAY) aras\u0131nda say\u0131n<\/a><\/li><li> <a href=\"https:\/\/exceladvisor.org\/tr\/bos-hucre-sayisi\/\">Excel&#8217;de COUNTIF kullanarak bo\u015f (bo\u015f) h\u00fccreleri say\u0131n<\/a><\/li><li> <a href=\"https:\/\/exceladvisor.org\/tr\/azsa-say\/\">Excel&#8217;de belirli bir de\u011ferden (COUNTIF) daha az olan h\u00fccreleri say\u0131n<\/a><\/li><li> <a href=\"https:\/\/exceladvisor.org\/tr\/esit-olmayan-hucreleri-say\/\">Excel&#8217;de e\u015fit olmayan h\u00fccreleri say (COUNTIF)<\/a><\/li><li> <a href=\"https:\/\/exceladvisor.org\/tr\/bos-olmayan-hucreleri-say\/\">Excel&#8217;de bo\u015f olmayan h\u00fccreleri sayma<\/a> <\/li><\/ul><\/div><\/div><div class=\"gb-grid-column gb-grid-column-5b4a0cf9\"><div class=\"gb-container gb-container-5b4a0cf9\"><\/div><\/div><\/div><\/div>","protected":false},"excerpt":{"rendered":"","protected":false},"author":1,"featured_media":0,"parent":0,"menu_order":0,"comment_status":"open","ping_status":"closed","template":"","meta":{"ub_ctt_via":"","footnotes":""},"class_list":["post-1573","page","type-page","status-publish","hentry"],"featured_image_src":null,"yoast_head":"<!-- This site is optimized with the Yoast SEO plugin v25.4 - https:\/\/yoast.com\/wordpress\/plugins\/seo\/ -->\n<title>\u25b7 Excel&#039;de s\u0131f\u0131rdan b\u00fcy\u00fck de\u011ferleri saymak ister misiniz?<\/title>\n<meta name=\"description\" content=\"Bir de\u011ferler listesinden veya bir h\u00fccre aral\u0131\u011f\u0131ndan s\u0131f\u0131rdan (0) b\u00fcy\u00fck de\u011ferleri saymak i\u00e7in basit\u00e7e kullanabilirsiniz.\" \/>\n<meta name=\"robots\" content=\"index, follow, max-snippet:-1, max-image-preview:large, max-video-preview:-1\" \/>\n<link rel=\"canonical\" href=\"https:\/\/exceladvisor.org\/tr\/sifirdan-buyuk-hesap\/\" \/>\n<meta property=\"og:locale\" content=\"tr_TR\" \/>\n<meta property=\"og:type\" content=\"article\" \/>\n<meta property=\"og:title\" content=\"\u25b7 Excel&#039;de s\u0131f\u0131rdan b\u00fcy\u00fck de\u011ferleri saymak ister misiniz?\" \/>\n<meta property=\"og:description\" content=\"Bir de\u011ferler listesinden veya bir h\u00fccre aral\u0131\u011f\u0131ndan s\u0131f\u0131rdan (0) b\u00fcy\u00fck de\u011ferleri saymak i\u00e7in basit\u00e7e kullanabilirsiniz.\" \/>\n<meta property=\"og:url\" content=\"https:\/\/exceladvisor.org\/tr\/sifirdan-buyuk-hesap\/\" \/>\n<meta property=\"og:site_name\" content=\"Excel Advisor\" \/>\n<meta property=\"article:modified_time\" content=\"2023-12-10T06:02:31+00:00\" \/>\n<meta property=\"og:image\" content=\"https:\/\/exceladvisor.org\/wp-content\/uploads\/2023\/08\/1-nombre-excel-superieur-a-zero-liste-de-nombres.png\" \/>\n<meta name=\"twitter:card\" content=\"summary_large_image\" \/>\n<meta name=\"twitter:label1\" content=\"Tahmini okuma s\u00fcresi\" \/>\n\t<meta name=\"twitter:data1\" content=\"2 dakika\" \/>\n<script type=\"application\/ld+json\" class=\"yoast-schema-graph\">{\"@context\":\"https:\/\/schema.org\",\"@graph\":[{\"@type\":\"WebPage\",\"@id\":\"https:\/\/exceladvisor.org\/tr\/sifirdan-buyuk-hesap\/\",\"url\":\"https:\/\/exceladvisor.org\/tr\/sifirdan-buyuk-hesap\/\",\"name\":\"\u25b7 Excel&#39;de s\u0131f\u0131rdan b\u00fcy\u00fck de\u011ferleri saymak ister misiniz?\",\"isPartOf\":{\"@id\":\"https:\/\/exceladvisor.org\/tr\/#website\"},\"primaryImageOfPage\":{\"@id\":\"https:\/\/exceladvisor.org\/tr\/sifirdan-buyuk-hesap\/#primaryimage\"},\"image\":{\"@id\":\"https:\/\/exceladvisor.org\/tr\/sifirdan-buyuk-hesap\/#primaryimage\"},\"thumbnailUrl\":\"https:\/\/exceladvisor.org\/wp-content\/uploads\/2023\/08\/1-nombre-excel-superieur-a-zero-liste-de-nombres.png\",\"datePublished\":\"2023-11-16T12:50:00+00:00\",\"dateModified\":\"2023-12-10T06:02:31+00:00\",\"description\":\"Bir de\u011ferler listesinden veya bir h\u00fccre aral\u0131\u011f\u0131ndan s\u0131f\u0131rdan (0) b\u00fcy\u00fck de\u011ferleri saymak i\u00e7in basit\u00e7e kullanabilirsiniz.\",\"breadcrumb\":{\"@id\":\"https:\/\/exceladvisor.org\/tr\/sifirdan-buyuk-hesap\/#breadcrumb\"},\"inLanguage\":\"tr\",\"potentialAction\":[{\"@type\":\"ReadAction\",\"target\":[\"https:\/\/exceladvisor.org\/tr\/sifirdan-buyuk-hesap\/\"]}]},{\"@type\":\"ImageObject\",\"inLanguage\":\"tr\",\"@id\":\"https:\/\/exceladvisor.org\/tr\/sifirdan-buyuk-hesap\/#primaryimage\",\"url\":\"https:\/\/exceladvisor.org\/wp-content\/uploads\/2023\/08\/1-nombre-excel-superieur-a-zero-liste-de-nombres.png\",\"contentUrl\":\"https:\/\/exceladvisor.org\/wp-content\/uploads\/2023\/08\/1-nombre-excel-superieur-a-zero-liste-de-nombres.png\"},{\"@type\":\"BreadcrumbList\",\"@id\":\"https:\/\/exceladvisor.org\/tr\/sifirdan-buyuk-hesap\/#breadcrumb\",\"itemListElement\":[{\"@type\":\"ListItem\",\"position\":1,\"name\":\"Ev\",\"item\":\"https:\/\/exceladvisor.org\/tr\/\"},{\"@type\":\"ListItem\",\"position\":2,\"name\":\"Excel&#39;de s\u0131f\u0131rdan b\u00fcy\u00fck de\u011ferleri saymak m\u0131 istiyorsunuz?\"}]},{\"@type\":\"WebSite\",\"@id\":\"https:\/\/exceladvisor.org\/tr\/#website\",\"url\":\"https:\/\/exceladvisor.org\/tr\/\",\"name\":\"Excel Advisor\",\"description\":\"Veri hakimiyetine y\u00f6nelik nihai rehberiniz!\",\"publisher\":{\"@id\":\"https:\/\/exceladvisor.org\/tr\/#organization\"},\"potentialAction\":[{\"@type\":\"SearchAction\",\"target\":{\"@type\":\"EntryPoint\",\"urlTemplate\":\"https:\/\/exceladvisor.org\/tr\/?s={search_term_string}\"},\"query-input\":{\"@type\":\"PropertyValueSpecification\",\"valueRequired\":true,\"valueName\":\"search_term_string\"}}],\"inLanguage\":\"tr\"},{\"@type\":\"Organization\",\"@id\":\"https:\/\/exceladvisor.org\/tr\/#organization\",\"name\":\"Excel Advisor\",\"url\":\"https:\/\/exceladvisor.org\/tr\/\",\"logo\":{\"@type\":\"ImageObject\",\"inLanguage\":\"tr\",\"@id\":\"https:\/\/exceladvisor.org\/tr\/#\/schema\/logo\/image\/\",\"url\":\"https:\/\/exceladvisor.org\/tr\/wp-content\/uploads\/2023\/12\/exceladvisor.org_.png\",\"contentUrl\":\"https:\/\/exceladvisor.org\/tr\/wp-content\/uploads\/2023\/12\/exceladvisor.org_.png\",\"width\":105,\"height\":36,\"caption\":\"Excel Advisor\"},\"image\":{\"@id\":\"https:\/\/exceladvisor.org\/tr\/#\/schema\/logo\/image\/\"}}]}<\/script>\n<!-- \/ Yoast SEO plugin. -->","yoast_head_json":{"title":"\u25b7 Excel&#39;de s\u0131f\u0131rdan b\u00fcy\u00fck de\u011ferleri saymak ister misiniz?","description":"Bir de\u011ferler listesinden veya bir h\u00fccre aral\u0131\u011f\u0131ndan s\u0131f\u0131rdan (0) b\u00fcy\u00fck de\u011ferleri saymak i\u00e7in basit\u00e7e kullanabilirsiniz.","robots":{"index":"index","follow":"follow","max-snippet":"max-snippet:-1","max-image-preview":"max-image-preview:large","max-video-preview":"max-video-preview:-1"},"canonical":"https:\/\/exceladvisor.org\/tr\/sifirdan-buyuk-hesap\/","og_locale":"tr_TR","og_type":"article","og_title":"\u25b7 Excel&#39;de s\u0131f\u0131rdan b\u00fcy\u00fck de\u011ferleri saymak ister misiniz?","og_description":"Bir de\u011ferler listesinden veya bir h\u00fccre aral\u0131\u011f\u0131ndan s\u0131f\u0131rdan (0) b\u00fcy\u00fck de\u011ferleri saymak i\u00e7in basit\u00e7e kullanabilirsiniz.","og_url":"https:\/\/exceladvisor.org\/tr\/sifirdan-buyuk-hesap\/","og_site_name":"Excel Advisor","article_modified_time":"2023-12-10T06:02:31+00:00","og_image":[{"url":"https:\/\/exceladvisor.org\/wp-content\/uploads\/2023\/08\/1-nombre-excel-superieur-a-zero-liste-de-nombres.png","type":"","width":"","height":""}],"twitter_card":"summary_large_image","twitter_misc":{"Tahmini okuma s\u00fcresi":"2 dakika"},"schema":{"@context":"https:\/\/schema.org","@graph":[{"@type":"WebPage","@id":"https:\/\/exceladvisor.org\/tr\/sifirdan-buyuk-hesap\/","url":"https:\/\/exceladvisor.org\/tr\/sifirdan-buyuk-hesap\/","name":"\u25b7 Excel&#39;de s\u0131f\u0131rdan b\u00fcy\u00fck de\u011ferleri saymak ister misiniz?","isPartOf":{"@id":"https:\/\/exceladvisor.org\/tr\/#website"},"primaryImageOfPage":{"@id":"https:\/\/exceladvisor.org\/tr\/sifirdan-buyuk-hesap\/#primaryimage"},"image":{"@id":"https:\/\/exceladvisor.org\/tr\/sifirdan-buyuk-hesap\/#primaryimage"},"thumbnailUrl":"https:\/\/exceladvisor.org\/wp-content\/uploads\/2023\/08\/1-nombre-excel-superieur-a-zero-liste-de-nombres.png","datePublished":"2023-11-16T12:50:00+00:00","dateModified":"2023-12-10T06:02:31+00:00","description":"Bir de\u011ferler listesinden veya bir h\u00fccre aral\u0131\u011f\u0131ndan s\u0131f\u0131rdan (0) b\u00fcy\u00fck de\u011ferleri saymak i\u00e7in basit\u00e7e kullanabilirsiniz.","breadcrumb":{"@id":"https:\/\/exceladvisor.org\/tr\/sifirdan-buyuk-hesap\/#breadcrumb"},"inLanguage":"tr","potentialAction":[{"@type":"ReadAction","target":["https:\/\/exceladvisor.org\/tr\/sifirdan-buyuk-hesap\/"]}]},{"@type":"ImageObject","inLanguage":"tr","@id":"https:\/\/exceladvisor.org\/tr\/sifirdan-buyuk-hesap\/#primaryimage","url":"https:\/\/exceladvisor.org\/wp-content\/uploads\/2023\/08\/1-nombre-excel-superieur-a-zero-liste-de-nombres.png","contentUrl":"https:\/\/exceladvisor.org\/wp-content\/uploads\/2023\/08\/1-nombre-excel-superieur-a-zero-liste-de-nombres.png"},{"@type":"BreadcrumbList","@id":"https:\/\/exceladvisor.org\/tr\/sifirdan-buyuk-hesap\/#breadcrumb","itemListElement":[{"@type":"ListItem","position":1,"name":"Ev","item":"https:\/\/exceladvisor.org\/tr\/"},{"@type":"ListItem","position":2,"name":"Excel&#39;de s\u0131f\u0131rdan b\u00fcy\u00fck de\u011ferleri saymak m\u0131 istiyorsunuz?"}]},{"@type":"WebSite","@id":"https:\/\/exceladvisor.org\/tr\/#website","url":"https:\/\/exceladvisor.org\/tr\/","name":"Excel Advisor","description":"Veri hakimiyetine y\u00f6nelik nihai rehberiniz!","publisher":{"@id":"https:\/\/exceladvisor.org\/tr\/#organization"},"potentialAction":[{"@type":"SearchAction","target":{"@type":"EntryPoint","urlTemplate":"https:\/\/exceladvisor.org\/tr\/?s={search_term_string}"},"query-input":{"@type":"PropertyValueSpecification","valueRequired":true,"valueName":"search_term_string"}}],"inLanguage":"tr"},{"@type":"Organization","@id":"https:\/\/exceladvisor.org\/tr\/#organization","name":"Excel Advisor","url":"https:\/\/exceladvisor.org\/tr\/","logo":{"@type":"ImageObject","inLanguage":"tr","@id":"https:\/\/exceladvisor.org\/tr\/#\/schema\/logo\/image\/","url":"https:\/\/exceladvisor.org\/tr\/wp-content\/uploads\/2023\/12\/exceladvisor.org_.png","contentUrl":"https:\/\/exceladvisor.org\/tr\/wp-content\/uploads\/2023\/12\/exceladvisor.org_.png","width":105,"height":36,"caption":"Excel Advisor"},"image":{"@id":"https:\/\/exceladvisor.org\/tr\/#\/schema\/logo\/image\/"}}]}},"yoast_meta":{"yoast_wpseo_title":"","yoast_wpseo_metadesc":"","yoast_wpseo_canonical":""},"_links":{"self":[{"href":"https:\/\/exceladvisor.org\/tr\/wp-json\/wp\/v2\/pages\/1573","targetHints":{"allow":["GET"]}}],"collection":[{"href":"https:\/\/exceladvisor.org\/tr\/wp-json\/wp\/v2\/pages"}],"about":[{"href":"https:\/\/exceladvisor.org\/tr\/wp-json\/wp\/v2\/types\/page"}],"author":[{"embeddable":true,"href":"https:\/\/exceladvisor.org\/tr\/wp-json\/wp\/v2\/users\/1"}],"replies":[{"embeddable":true,"href":"https:\/\/exceladvisor.org\/tr\/wp-json\/wp\/v2\/comments?post=1573"}],"version-history":[{"count":1,"href":"https:\/\/exceladvisor.org\/tr\/wp-json\/wp\/v2\/pages\/1573\/revisions"}],"predecessor-version":[{"id":2602,"href":"https:\/\/exceladvisor.org\/tr\/wp-json\/wp\/v2\/pages\/1573\/revisions\/2602"}],"wp:attachment":[{"href":"https:\/\/exceladvisor.org\/tr\/wp-json\/wp\/v2\/media?parent=1573"}],"curies":[{"name":"wp","href":"https:\/\/api.w.org\/{rel}","templated":true}]}}