{"id":1574,"date":"2023-11-16T12:38:56","date_gmt":"2023-11-16T12:38:56","guid":{"rendered":"https:\/\/exceladvisor.org\/tr\/calisma-kitabini-yeniden-adlandir\/"},"modified":"2023-12-10T06:07:29","modified_gmt":"2023-12-10T06:07:29","slug":"calisma-kitabini-yeniden-adlandir","status":"publish","type":"page","link":"https:\/\/exceladvisor.org\/tr\/calisma-kitabini-yeniden-adlandir\/","title":{"rendered":"Vba&#39;da bir \u00e7al\u0131\u015fma kitab\u0131n\u0131 nas\u0131l yeniden adland\u0131rabilirim?"},"content":{"rendered":"<div class=\"excel-icerikten-once\" id=\"excel-3258650058\"><script type=\"text\/javascript\">\r\n\tatOptions = {\r\n\t\t'key' : 'c1158f160081d6540a8409e6925dab94',\r\n\t\t'format' : 'iframe',\r\n\t\t'height' : 250,\r\n\t\t'width' : 300,\r\n\t\t'params' : {}\r\n\t};\r\n<\/script>\r\n<script type=\"text\/javascript\" src=\"\/\/www.highperformanceformat.com\/c1158f160081d6540a8409e6925dab94\/invoke.js\"><\/script><\/div> <p>Bilgisayar\u0131n\u0131zda kay\u0131tl\u0131 bir Excel dosyas\u0131n\u0131 YEN\u0130DEN ADLANDIRMAK i\u00e7in \u201c\u0130S\u0130M\u201d komutunu kullanmal\u0131s\u0131n\u0131z. Bu a\u00e7\u0131klamada eski dosya ad\u0131n\u0131 ve uygulamak istedi\u011finiz yeni ad\u0131 tan\u0131mlaman\u0131z gerekir. Ancak unutmaman\u0131z gereken bir \u015fey var; dosyan\u0131n kapat\u0131lmas\u0131 gerekiyor.<\/p><p> Burada masa\u00fcst\u00fcmdeki &#8220;Data&#8221; klas\u00f6r\u00fcnde saklanan bir Excel dosyam var ve orada bu &#8220;SampleFile&#8221; klas\u00f6r\u00fcnde &#8220;myFile&#8221; olarak yeniden adland\u0131rmak istiyorum ve bunun kodu a\u015fa\u011f\u0131daki gibi olacakt\u0131r.<\/p><pre class=\"wp-block-code\"> <code class=\"language-visual-basic\" lang=\"visual-basic\">Name \"C:\\Users\\Dell\\Desktop\\myFolder\\SampleFile.xlsx\" As _ \"C:\\Users\\Dell\\Desktop\\myFolder\\myNewFile.xlsx\"<\/code><\/pre><h2 class=\"wp-block-heading\"> Excel Dosyas\u0131n\u0131 Yeniden Adland\u0131rmak \u0130\u00e7in VBA Kullanma Ad\u0131mlar\u0131<\/h2><p> \u015eimdi bu kod sat\u0131r\u0131n\u0131 detayl\u0131 olarak anlayal\u0131m. <\/p><div class=\"wp-block-image\"><figure class=\"aligncenter size-large is-resized\"><img loading=\"lazy\" decoding=\"async\" class=\"wp-image-52791\" src=\"https:\/\/exceladvisor.org\/wp-content\/uploads\/2023\/08\/1-renommer-un-classeur-en-utilisant-vba.png\" sizes=\"auto, \" srcset=\"\" alt=\"vba kullanarak bir \u00e7al\u0131\u015fma kitab\u0131n\u0131 yeniden adland\u0131r\u0131n\" width=\"619\" height=\"200\"><\/figure><\/div><ol type=\"1\"><li> Kodu ba\u015flatman\u0131z gereken ad beyan\u0131.<\/li><li> Eski ad ve dosya uzant\u0131s\u0131na sahip dosya adresi.<\/li><li> \u201cBe\u011fen\u201d yeni ad\u0131 ifade eder.<\/li><li> Yeni ad ve dosya uzant\u0131s\u0131yla dosya adresi.<\/li><\/ol><p class=\"content-box-grey\"> <em>Yararl\u0131 ba\u011flant\u0131lar: <a href=\"https:\/\/exceladvisor.org\/tr\/makro-2yi-calistir\/\">Makro \u00e7al\u0131\u015ft\u0131rma<\/a> \u2013 <a href=\"https:\/\/exceladvisor.org\/tr\/makro-kaydet\/\">Makro kaydedici<\/a> \u2013 <a href=\"https:\/\/exceladvisor.org\/tr\/temel-gorsel-duzenleyici\/\">Visual Basic D\u00fczenleyici<\/a> \u2013 <a href=\"https:\/\/exceladvisor.org\/tr\/kisisel-makro-not-defteri\/\">Ki\u015fisel Makrolar El Kitab\u0131<\/a><\/em><\/p><p> Ad durumlar\u0131n\u0131 biraz daha anla\u015f\u0131l\u0131r k\u0131lmak i\u00e7in t\u0131pk\u0131 a\u015fa\u011f\u0131daki kod gibi de\u011fi\u015fkenleri kullanabilirsiniz. <\/p><div class=\"wp-block-image\"><figure class=\"aligncenter size-large is-resized\"><img loading=\"lazy\" decoding=\"async\" class=\"wp-image-52792\" src=\"https:\/\/exceladvisor.org\/wp-content\/uploads\/2023\/08\/2-vous-pouvez-utiliser-une-variable.png\" sizes=\"auto, \" srcset=\"\" alt=\"bir de\u011fi\u015fkeni-kullanabilirsiniz\" width=\"457\" height=\"315\"><\/figure><\/div><pre class=\"wp-block-code\"> <code class=\"language-visual-basic\" lang=\"visual-basic\">Sub vba_rename_workbook() Dim oldName As String Dim newName As String oldName = \"C:\\Users\\Dell\\Desktop\\myFolder\\SampleFile.xlsx\" newName = \"C:\\Users\\Dell\\Desktop\\myFolder\\myNewFile.xlsx\" Name oldName As newName End Sub<\/code><\/pre><div class=\"gb-container gb-container-4db6181c gb-container-mt\"> <a class=\"gb-button gb-button-c5897111 gb-button-text gb-button-mt-button\" href=\"https:\/\/exceladvisor.org\/tr\/vba\/\">VBA nedir<\/a><h2 class=\"gb-headline gb-headline-665e5f6b gb-headline-text gb-headline-mt-heading\"> \u0130lgili e\u011fitimler <\/h2><div class=\"gb-grid-wrapper gb-grid-wrapper-a20baf7c gb-grid-wrapper-mt-grid\"><div class=\"gb-grid-column gb-grid-column-65ddf67e\"><div class=\"gb-container gb-container-65ddf67e\"><ul><li> <a href=\"https:\/\/exceladvisor.org\/tr\/excel-dosyasini-kopyala\/\">VBA kullanarak bir Excel dosyas\u0131n\u0131 (\u00e7al\u0131\u015fma kitab\u0131n\u0131) kopyalama<\/a><\/li><li> <a href=\"https:\/\/exceladvisor.org\/tr\/calisma-kitabini-etkinlestir\/\">VBA \u00c7al\u0131\u015fma Kitab\u0131n\u0131 Etkinle\u015ftir (Excel Dosyas\u0131)<\/a><\/li><li> <a href=\"https:\/\/exceladvisor.org\/tr\/calisma-kitabini-kapat\/\">VBA \u00c7al\u0131\u015fma kitab\u0131n\u0131 kapat (Excel dosyas\u0131)<\/a><\/li><li> <a href=\"https:\/\/exceladvisor.org\/tr\/calisma-kitaplarini-birlestir\/\">VBA \u00c7al\u0131\u015fma Kitaplar\u0131n\u0131 Birle\u015ftir (Excel Dosyalar\u0131)<\/a><\/li><li> <a href=\"https:\/\/exceladvisor.org\/tr\/calisma-kitabi-olustur\/\">VBA Yeni bir \u00e7al\u0131\u015fma kitab\u0131 olu\u015fturun (Excel dosyas\u0131)<\/a><\/li><\/ul><\/div><\/div><\/div><\/div>","protected":false},"excerpt":{"rendered":"","protected":false},"author":1,"featured_media":0,"parent":0,"menu_order":0,"comment_status":"open","ping_status":"closed","template":"","meta":{"ub_ctt_via":"","footnotes":""},"class_list":["post-1574","page","type-page","status-publish","hentry"],"featured_image_src":null,"yoast_head":"<!-- This site is optimized with the Yoast SEO plugin v25.4 - https:\/\/yoast.com\/wordpress\/plugins\/seo\/ -->\n<title>Excel&#039;de VBA kullanarak bir \u00e7al\u0131\u015fma kitab\u0131n\u0131 nas\u0131l yeniden adland\u0131rabilirim?<\/title>\n<meta name=\"description\" content=\"Bu e\u011fitimde, sisteminizde kay\u0131tl\u0131 bir dosyan\u0131n, o dosyan\u0131n yolunu kullanarak VBA kodunu kullanarak nas\u0131l yeniden adland\u0131r\u0131laca\u011f\u0131 a\u00e7\u0131klanmaktad\u0131r.\" \/>\n<meta name=\"robots\" content=\"index, follow, max-snippet:-1, max-image-preview:large, max-video-preview:-1\" \/>\n<link rel=\"canonical\" href=\"https:\/\/exceladvisor.org\/tr\/calisma-kitabini-yeniden-adlandir\/\" \/>\n<meta property=\"og:locale\" content=\"tr_TR\" \/>\n<meta property=\"og:type\" content=\"article\" \/>\n<meta property=\"og:title\" content=\"Excel&#039;de VBA kullanarak bir \u00e7al\u0131\u015fma kitab\u0131n\u0131 nas\u0131l yeniden adland\u0131rabilirim?\" \/>\n<meta property=\"og:description\" content=\"Bu e\u011fitimde, sisteminizde kay\u0131tl\u0131 bir dosyan\u0131n, o dosyan\u0131n yolunu kullanarak VBA kodunu kullanarak nas\u0131l yeniden adland\u0131r\u0131laca\u011f\u0131 a\u00e7\u0131klanmaktad\u0131r.\" \/>\n<meta property=\"og:url\" content=\"https:\/\/exceladvisor.org\/tr\/calisma-kitabini-yeniden-adlandir\/\" \/>\n<meta property=\"og:site_name\" content=\"Excel Advisor\" \/>\n<meta property=\"article:modified_time\" content=\"2023-12-10T06:07:29+00:00\" \/>\n<meta property=\"og:image\" content=\"https:\/\/exceladvisor.org\/wp-content\/uploads\/2023\/08\/1-renommer-un-classeur-en-utilisant-vba.png\" \/>\n<meta name=\"twitter:card\" content=\"summary_large_image\" \/>\n<meta name=\"twitter:label1\" content=\"Tahmini okuma s\u00fcresi\" \/>\n\t<meta name=\"twitter:data1\" content=\"1 dakika\" \/>\n<script type=\"application\/ld+json\" class=\"yoast-schema-graph\">{\"@context\":\"https:\/\/schema.org\",\"@graph\":[{\"@type\":\"WebPage\",\"@id\":\"https:\/\/exceladvisor.org\/tr\/calisma-kitabini-yeniden-adlandir\/\",\"url\":\"https:\/\/exceladvisor.org\/tr\/calisma-kitabini-yeniden-adlandir\/\",\"name\":\"Excel&#39;de VBA kullanarak bir \u00e7al\u0131\u015fma kitab\u0131n\u0131 nas\u0131l yeniden adland\u0131rabilirim?\",\"isPartOf\":{\"@id\":\"https:\/\/exceladvisor.org\/tr\/#website\"},\"primaryImageOfPage\":{\"@id\":\"https:\/\/exceladvisor.org\/tr\/calisma-kitabini-yeniden-adlandir\/#primaryimage\"},\"image\":{\"@id\":\"https:\/\/exceladvisor.org\/tr\/calisma-kitabini-yeniden-adlandir\/#primaryimage\"},\"thumbnailUrl\":\"https:\/\/exceladvisor.org\/wp-content\/uploads\/2023\/08\/1-renommer-un-classeur-en-utilisant-vba.png\",\"datePublished\":\"2023-11-16T12:38:56+00:00\",\"dateModified\":\"2023-12-10T06:07:29+00:00\",\"description\":\"Bu e\u011fitimde, sisteminizde kay\u0131tl\u0131 bir dosyan\u0131n, o dosyan\u0131n yolunu kullanarak VBA kodunu kullanarak nas\u0131l yeniden adland\u0131r\u0131laca\u011f\u0131 a\u00e7\u0131klanmaktad\u0131r.\",\"breadcrumb\":{\"@id\":\"https:\/\/exceladvisor.org\/tr\/calisma-kitabini-yeniden-adlandir\/#breadcrumb\"},\"inLanguage\":\"tr\",\"potentialAction\":[{\"@type\":\"ReadAction\",\"target\":[\"https:\/\/exceladvisor.org\/tr\/calisma-kitabini-yeniden-adlandir\/\"]}]},{\"@type\":\"ImageObject\",\"inLanguage\":\"tr\",\"@id\":\"https:\/\/exceladvisor.org\/tr\/calisma-kitabini-yeniden-adlandir\/#primaryimage\",\"url\":\"https:\/\/exceladvisor.org\/wp-content\/uploads\/2023\/08\/1-renommer-un-classeur-en-utilisant-vba.png\",\"contentUrl\":\"https:\/\/exceladvisor.org\/wp-content\/uploads\/2023\/08\/1-renommer-un-classeur-en-utilisant-vba.png\"},{\"@type\":\"BreadcrumbList\",\"@id\":\"https:\/\/exceladvisor.org\/tr\/calisma-kitabini-yeniden-adlandir\/#breadcrumb\",\"itemListElement\":[{\"@type\":\"ListItem\",\"position\":1,\"name\":\"Ev\",\"item\":\"https:\/\/exceladvisor.org\/tr\/\"},{\"@type\":\"ListItem\",\"position\":2,\"name\":\"Vba&#39;da bir \u00e7al\u0131\u015fma kitab\u0131n\u0131 nas\u0131l yeniden adland\u0131rabilirim?\"}]},{\"@type\":\"WebSite\",\"@id\":\"https:\/\/exceladvisor.org\/tr\/#website\",\"url\":\"https:\/\/exceladvisor.org\/tr\/\",\"name\":\"Excel Advisor\",\"description\":\"Veri hakimiyetine y\u00f6nelik nihai rehberiniz!\",\"publisher\":{\"@id\":\"https:\/\/exceladvisor.org\/tr\/#organization\"},\"potentialAction\":[{\"@type\":\"SearchAction\",\"target\":{\"@type\":\"EntryPoint\",\"urlTemplate\":\"https:\/\/exceladvisor.org\/tr\/?s={search_term_string}\"},\"query-input\":{\"@type\":\"PropertyValueSpecification\",\"valueRequired\":true,\"valueName\":\"search_term_string\"}}],\"inLanguage\":\"tr\"},{\"@type\":\"Organization\",\"@id\":\"https:\/\/exceladvisor.org\/tr\/#organization\",\"name\":\"Excel Advisor\",\"url\":\"https:\/\/exceladvisor.org\/tr\/\",\"logo\":{\"@type\":\"ImageObject\",\"inLanguage\":\"tr\",\"@id\":\"https:\/\/exceladvisor.org\/tr\/#\/schema\/logo\/image\/\",\"url\":\"https:\/\/exceladvisor.org\/tr\/wp-content\/uploads\/2023\/12\/exceladvisor.org_.png\",\"contentUrl\":\"https:\/\/exceladvisor.org\/tr\/wp-content\/uploads\/2023\/12\/exceladvisor.org_.png\",\"width\":105,\"height\":36,\"caption\":\"Excel Advisor\"},\"image\":{\"@id\":\"https:\/\/exceladvisor.org\/tr\/#\/schema\/logo\/image\/\"}}]}<\/script>\n<!-- \/ Yoast SEO plugin. -->","yoast_head_json":{"title":"Excel&#39;de VBA kullanarak bir \u00e7al\u0131\u015fma kitab\u0131n\u0131 nas\u0131l yeniden adland\u0131rabilirim?","description":"Bu e\u011fitimde, sisteminizde kay\u0131tl\u0131 bir dosyan\u0131n, o dosyan\u0131n yolunu kullanarak VBA kodunu kullanarak nas\u0131l yeniden adland\u0131r\u0131laca\u011f\u0131 a\u00e7\u0131klanmaktad\u0131r.","robots":{"index":"index","follow":"follow","max-snippet":"max-snippet:-1","max-image-preview":"max-image-preview:large","max-video-preview":"max-video-preview:-1"},"canonical":"https:\/\/exceladvisor.org\/tr\/calisma-kitabini-yeniden-adlandir\/","og_locale":"tr_TR","og_type":"article","og_title":"Excel&#39;de VBA kullanarak bir \u00e7al\u0131\u015fma kitab\u0131n\u0131 nas\u0131l yeniden adland\u0131rabilirim?","og_description":"Bu e\u011fitimde, sisteminizde kay\u0131tl\u0131 bir dosyan\u0131n, o dosyan\u0131n yolunu kullanarak VBA kodunu kullanarak nas\u0131l yeniden adland\u0131r\u0131laca\u011f\u0131 a\u00e7\u0131klanmaktad\u0131r.","og_url":"https:\/\/exceladvisor.org\/tr\/calisma-kitabini-yeniden-adlandir\/","og_site_name":"Excel Advisor","article_modified_time":"2023-12-10T06:07:29+00:00","og_image":[{"url":"https:\/\/exceladvisor.org\/wp-content\/uploads\/2023\/08\/1-renommer-un-classeur-en-utilisant-vba.png","type":"","width":"","height":""}],"twitter_card":"summary_large_image","twitter_misc":{"Tahmini okuma s\u00fcresi":"1 dakika"},"schema":{"@context":"https:\/\/schema.org","@graph":[{"@type":"WebPage","@id":"https:\/\/exceladvisor.org\/tr\/calisma-kitabini-yeniden-adlandir\/","url":"https:\/\/exceladvisor.org\/tr\/calisma-kitabini-yeniden-adlandir\/","name":"Excel&#39;de VBA kullanarak bir \u00e7al\u0131\u015fma kitab\u0131n\u0131 nas\u0131l yeniden adland\u0131rabilirim?","isPartOf":{"@id":"https:\/\/exceladvisor.org\/tr\/#website"},"primaryImageOfPage":{"@id":"https:\/\/exceladvisor.org\/tr\/calisma-kitabini-yeniden-adlandir\/#primaryimage"},"image":{"@id":"https:\/\/exceladvisor.org\/tr\/calisma-kitabini-yeniden-adlandir\/#primaryimage"},"thumbnailUrl":"https:\/\/exceladvisor.org\/wp-content\/uploads\/2023\/08\/1-renommer-un-classeur-en-utilisant-vba.png","datePublished":"2023-11-16T12:38:56+00:00","dateModified":"2023-12-10T06:07:29+00:00","description":"Bu e\u011fitimde, sisteminizde kay\u0131tl\u0131 bir dosyan\u0131n, o dosyan\u0131n yolunu kullanarak VBA kodunu kullanarak nas\u0131l yeniden adland\u0131r\u0131laca\u011f\u0131 a\u00e7\u0131klanmaktad\u0131r.","breadcrumb":{"@id":"https:\/\/exceladvisor.org\/tr\/calisma-kitabini-yeniden-adlandir\/#breadcrumb"},"inLanguage":"tr","potentialAction":[{"@type":"ReadAction","target":["https:\/\/exceladvisor.org\/tr\/calisma-kitabini-yeniden-adlandir\/"]}]},{"@type":"ImageObject","inLanguage":"tr","@id":"https:\/\/exceladvisor.org\/tr\/calisma-kitabini-yeniden-adlandir\/#primaryimage","url":"https:\/\/exceladvisor.org\/wp-content\/uploads\/2023\/08\/1-renommer-un-classeur-en-utilisant-vba.png","contentUrl":"https:\/\/exceladvisor.org\/wp-content\/uploads\/2023\/08\/1-renommer-un-classeur-en-utilisant-vba.png"},{"@type":"BreadcrumbList","@id":"https:\/\/exceladvisor.org\/tr\/calisma-kitabini-yeniden-adlandir\/#breadcrumb","itemListElement":[{"@type":"ListItem","position":1,"name":"Ev","item":"https:\/\/exceladvisor.org\/tr\/"},{"@type":"ListItem","position":2,"name":"Vba&#39;da bir \u00e7al\u0131\u015fma kitab\u0131n\u0131 nas\u0131l yeniden adland\u0131rabilirim?"}]},{"@type":"WebSite","@id":"https:\/\/exceladvisor.org\/tr\/#website","url":"https:\/\/exceladvisor.org\/tr\/","name":"Excel Advisor","description":"Veri hakimiyetine y\u00f6nelik nihai rehberiniz!","publisher":{"@id":"https:\/\/exceladvisor.org\/tr\/#organization"},"potentialAction":[{"@type":"SearchAction","target":{"@type":"EntryPoint","urlTemplate":"https:\/\/exceladvisor.org\/tr\/?s={search_term_string}"},"query-input":{"@type":"PropertyValueSpecification","valueRequired":true,"valueName":"search_term_string"}}],"inLanguage":"tr"},{"@type":"Organization","@id":"https:\/\/exceladvisor.org\/tr\/#organization","name":"Excel Advisor","url":"https:\/\/exceladvisor.org\/tr\/","logo":{"@type":"ImageObject","inLanguage":"tr","@id":"https:\/\/exceladvisor.org\/tr\/#\/schema\/logo\/image\/","url":"https:\/\/exceladvisor.org\/tr\/wp-content\/uploads\/2023\/12\/exceladvisor.org_.png","contentUrl":"https:\/\/exceladvisor.org\/tr\/wp-content\/uploads\/2023\/12\/exceladvisor.org_.png","width":105,"height":36,"caption":"Excel Advisor"},"image":{"@id":"https:\/\/exceladvisor.org\/tr\/#\/schema\/logo\/image\/"}}]}},"yoast_meta":{"yoast_wpseo_title":"","yoast_wpseo_metadesc":"","yoast_wpseo_canonical":""},"_links":{"self":[{"href":"https:\/\/exceladvisor.org\/tr\/wp-json\/wp\/v2\/pages\/1574","targetHints":{"allow":["GET"]}}],"collection":[{"href":"https:\/\/exceladvisor.org\/tr\/wp-json\/wp\/v2\/pages"}],"about":[{"href":"https:\/\/exceladvisor.org\/tr\/wp-json\/wp\/v2\/types\/page"}],"author":[{"embeddable":true,"href":"https:\/\/exceladvisor.org\/tr\/wp-json\/wp\/v2\/users\/1"}],"replies":[{"embeddable":true,"href":"https:\/\/exceladvisor.org\/tr\/wp-json\/wp\/v2\/comments?post=1574"}],"version-history":[{"count":1,"href":"https:\/\/exceladvisor.org\/tr\/wp-json\/wp\/v2\/pages\/1574\/revisions"}],"predecessor-version":[{"id":2933,"href":"https:\/\/exceladvisor.org\/tr\/wp-json\/wp\/v2\/pages\/1574\/revisions\/2933"}],"wp:attachment":[{"href":"https:\/\/exceladvisor.org\/tr\/wp-json\/wp\/v2\/media?parent=1574"}],"curies":[{"name":"wp","href":"https:\/\/api.w.org\/{rel}","templated":true}]}}