{"id":1575,"date":"2023-11-16T12:02:47","date_gmt":"2023-11-16T12:02:47","guid":{"rendered":"https:\/\/exceladvisor.org\/tr\/bu-defter\/"},"modified":"2023-12-10T06:04:41","modified_gmt":"2023-12-10T06:04:41","slug":"bu-defter","status":"publish","type":"page","link":"https:\/\/exceladvisor.org\/tr\/bu-defter\/","title":{"rendered":"Thisworkbook vba de\u011fi\u015fkeni excel&#39;de nas\u0131l kullan\u0131l\u0131r?"},"content":{"rendered":"<div class=\"excel-icerikten-once\" id=\"excel-1711441294\"><script type=\"text\/javascript\">\r\n\tatOptions = {\r\n\t\t'key' : 'c1158f160081d6540a8409e6925dab94',\r\n\t\t'format' : 'iframe',\r\n\t\t'height' : 250,\r\n\t\t'width' : 300,\r\n\t\t'params' : {}\r\n\t};\r\n<\/script>\r\n<script type=\"text\/javascript\" src=\"\/\/www.highperformanceformat.com\/c1158f160081d6540a8409e6925dab94\/invoke.js\"><\/script><\/div> <p>VBA&#8217;da, kod yazd\u0131\u011f\u0131n\u0131z \u00e7al\u0131\u015fma kitab\u0131na ba\u015fvurmak i\u00e7in ThisWorkbook \u00f6zelli\u011fini kullanabilirsiniz. Bunu kulland\u0131\u011f\u0131n\u0131zda mevcut \u00e7al\u0131\u015fma kitab\u0131n\u0131n t\u00fcm \u00f6zelliklerine ve y\u00f6ntemlerine eri\u015febilirsiniz. Basit\u00e7e s\u00f6ylemek gerekirse, <strong>ge\u00e7erli \u00e7al\u0131\u015fma kitab\u0131ndaki t\u00fcm g\u00f6revleri<\/strong> ad\u0131 kullanmadan \u00e7al\u0131\u015ft\u0131rabilirsiniz.<\/p><p> Ge\u00e7erli \u00e7al\u0131\u015fma kitab\u0131ndaki sayfalar\u0131 saymak istedi\u011finizi varsayal\u0131m. Yazman\u0131z gereken kod a\u015fa\u011f\u0131daki gibi olacakt\u0131r. <\/p><pre class=\"wp-block-code\"> <code class=\"language-visual-basic\" lang=\"visual-basic\">Sub vba_thisworkbook() MsgBox ThisWorkbook.Sheets.Count End Sub<\/code><\/pre><div class=\"wp-block-image\"><figure class=\"aligncenter size-large is-resized\"><img loading=\"lazy\" decoding=\"async\" class=\"wp-image-52718\" src=\"https:\/\/exceladvisor.org\/wp-content\/uploads\/2023\/08\/1-vba-ce-classeur.png\" sizes=\"auto, \" srcset=\"\" alt=\"vba-bu \u00e7al\u0131\u015fma kitab\u0131\" width=\"724\" height=\"283\"><\/figure><\/div><p> Bu kodu \u00e7al\u0131\u015ft\u0131rd\u0131\u011f\u0131n\u0131zda, ge\u00e7erli \u00e7al\u0131\u015fma kitab\u0131n\u0131zdaki sayfa say\u0131s\u0131n\u0131 g\u00f6steren bir mesaj kutusu g\u00f6r\u00fcnt\u00fclenir. <\/p><div class=\"wp-block-image\"><figure class=\"aligncenter size-large is-resized\"><img loading=\"lazy\" decoding=\"async\" class=\"wp-image-52719\" src=\"https:\/\/exceladvisor.org\/wp-content\/uploads\/2023\/08\/2-boites-de-message-avec-le-nombre-de-feuilles.png\" sizes=\"auto, \" srcset=\"\" alt=\"sayfa say\u0131m\u0131 i\u00e7eren mesaj kutusu\" width=\"316\" height=\"281\"><\/figure><\/div><p> Dedi\u011fim gibi ThisWorkbook&#8217;u kulland\u0131\u011f\u0131n\u0131zda mevcut \u00e7al\u0131\u015fma kitab\u0131n\u0131n \u00f6zelliklerine ve y\u00f6ntemine eri\u015fmenizi sa\u011flar. Listenin tamam\u0131n\u0131 g\u00f6rmek i\u00e7in nokta (.) girdi\u011finizde t\u00fcm bunlar\u0131 g\u00f6rebilirsiniz. <\/p><div class=\"wp-block-image\"><figure class=\"aligncenter size-large is-resized\"><img loading=\"lazy\" decoding=\"async\" class=\"wp-image-52720\" src=\"https:\/\/exceladvisor.org\/wp-content\/uploads\/2023\/08\/3-acces-aux-proprietes.png\" sizes=\"auto, \" srcset=\"\" alt=\"\u00f6zelliklere eri\u015fim\" width=\"362\" height=\"220\"><\/figure><\/div><p class=\"content-box-grey\"> <em>Yararl\u0131 ba\u011flant\u0131lar: <a href=\"https:\/\/exceladvisor.org\/tr\/makro-2yi-calistir\/\">Makro \u00e7al\u0131\u015ft\u0131rma<\/a> \u2013 <a href=\"https:\/\/exceladvisor.org\/tr\/makro-kaydet\/\">Makro kaydedici<\/a> \u2013 <a href=\"https:\/\/exceladvisor.org\/tr\/temel-gorsel-duzenleyici\/\">Visual Basic D\u00fczenleyici<\/a> \u2013 <a href=\"https:\/\/exceladvisor.org\/tr\/kisisel-makro-not-defteri\/\">Ki\u015fisel Makrolar El Kitab\u0131<\/a><\/em><\/p><h2 class=\"wp-block-heading\"> ThisWorkbook&#8217;u bir de\u011fi\u015fkenle kullanma<\/h2><p> Daha sonra, ThisWorkbook \u00f6zelli\u011fini kullanacak bir de\u011fi\u015fkeni bildirmek i\u00e7in size ger\u00e7ek bir kod \u00f6rne\u011fi g\u00f6sterece\u011fim. Ge\u00e7erli \u00e7al\u0131\u015fma kitab\u0131nda \u00e7e\u015fitli etkinlikler ger\u00e7ekle\u015ftirmek istedi\u011finizi varsayal\u0131m.<\/p><pre class=\"wp-block-code\"> <code class=\"language-visual-basic\" lang=\"visual-basic\">Sub vba_thisworkbook() Dim myWB As Workbook Set myWB = ThisWorkbook With myWB .Activate .Sheets(1).Activate .Range(\"A1\") = Now .Save .Close End With End Sub<\/code><\/pre><p> Bu kodun ilk b\u00f6l\u00fcm\u00fcnde bir de\u011fi\u015fkeniniz var, ard\u0131ndan ona &#8220;ThisWorkbook&#8221; \u00f6zelli\u011fini verin. Ve ikinci b\u00f6l\u00fcmde mevcut de\u011fi\u015fkenle birden fazla aktivite ger\u00e7ekle\u015ftirmek i\u00e7in \u0130LE BEYANINIz var.<\/p><h2 class=\"wp-block-heading\"> ActiveWorkBook ve Bu \u00c7al\u0131\u015fma Kitab\u0131 Kar\u015f\u0131la\u015ft\u0131rmas\u0131<\/h2><p> Bunu size basit bir benzetmeyle a\u00e7\u0131klayay\u0131m, o y\u00fczden \u00f6n\u00fcm\u00fczdeki 2 dakika boyunca bana sabredin.<\/p><p> Ayn\u0131 anda a\u00e7\u0131k olan iki \u00e7al\u0131\u015fma kitab\u0131n\u0131z var (Kitap1 ve Kitap2). <strong>Kitap1&#8217;e kod yaz\u0131yorsunuz<\/strong> ama kitap2 bu noktada aktif. Yani ActiveWorkbook&#8217;a referans veren bu kodu \u00e7al\u0131\u015ft\u0131rd\u0131\u011f\u0131n\u0131zda, <strong>bu aktiviteyi Book2&#8217;de ger\u00e7ekle\u015ftirecektir<\/strong> .<\/p><p> Ancak ThisWorkbook&#8217;u kulland\u0131\u011f\u0131n\u0131zda, VBA her zaman kodun yaz\u0131ld\u0131\u011f\u0131 \u00e7al\u0131\u015fma kitab\u0131na ba\u015fvurur.<\/p><p> <strong>Olay \u015fu:<\/strong> ThisWorkbook&#8217;u kullanmak her zaman daha iyidir \u00e7\u00fcnk\u00fc hata olas\u0131l\u0131\u011f\u0131n\u0131 ortadan kald\u0131r\u0131r.<\/p><h2 class=\"wp-block-heading\" style=\"font-size: 22px;\"> VBA \u00e7al\u0131\u015fma kitaplar\u0131 hakk\u0131nda daha fazla bilgi edinin<\/h2><ul><li class=\"has-normal-font-size\"> <a href=\"https:\/\/exceladvisor.org\/tr\/calisma-kitabini-kaydet\/\">VBA \u00c7al\u0131\u015fma Kitab\u0131n\u0131 Kaydet<\/a><\/li><li class=\"has-normal-font-size\"> <a href=\"https:\/\/exceladvisor.org\/tr\/calisma-kitabini-kapat\/\">VBA \u00c7al\u0131\u015fma kitab\u0131n\u0131 kapat<\/a><\/li><li class=\"has-normal-font-size\"> <a href=\"https:\/\/exceladvisor.org\/tr\/dosyayi-sil\/\">VBA \u00c7al\u0131\u015fma kitab\u0131n\u0131 sil<\/a><\/li><li class=\"has-normal-font-size\"> <a href=\"https:\/\/exceladvisor.org\/tr\/calisma-kitabini-yeniden-adlandir\/\">VBA \u00e7al\u0131\u015fma kitab\u0131n\u0131 yeniden adland\u0131rma<\/a><\/li><li class=\"has-normal-font-size\"> <a href=\"https:\/\/exceladvisor.org\/tr\/calisma-kitabini-etkinlestir\/\">VBA \u00c7al\u0131\u015fma Kitab\u0131n\u0131 Etkinle\u015ftir<\/a><\/li><\/ul>","protected":false},"excerpt":{"rendered":"","protected":false},"author":1,"featured_media":0,"parent":0,"menu_order":0,"comment_status":"open","ping_status":"closed","template":"","meta":{"ub_ctt_via":"","footnotes":""},"class_list":["post-1575","page","type-page","status-publish","hentry"],"featured_image_src":null,"yoast_head":"<!-- This site is optimized with the Yoast SEO plugin v25.4 - https:\/\/yoast.com\/wordpress\/plugins\/seo\/ -->\n<title>ThisWorkbook VBA de\u011fi\u015fkeni Excel&#039;de nas\u0131l kullan\u0131l\u0131r?<\/title>\n<meta name=\"description\" content=\"Bu e\u011fitim, yazd\u0131\u011f\u0131n\u0131z \u00e7al\u0131\u015fma kitab\u0131na ba\u015fvurmak i\u00e7in kullanabilece\u011finiz VBA&#039;daki thisworkbook \u00f6zelli\u011fini kapsar.\" \/>\n<meta name=\"robots\" content=\"index, follow, max-snippet:-1, max-image-preview:large, max-video-preview:-1\" \/>\n<link rel=\"canonical\" href=\"https:\/\/exceladvisor.org\/tr\/bu-defter\/\" \/>\n<meta property=\"og:locale\" content=\"tr_TR\" \/>\n<meta property=\"og:type\" content=\"article\" \/>\n<meta property=\"og:title\" content=\"ThisWorkbook VBA de\u011fi\u015fkeni Excel&#039;de nas\u0131l kullan\u0131l\u0131r?\" \/>\n<meta property=\"og:description\" content=\"Bu e\u011fitim, yazd\u0131\u011f\u0131n\u0131z \u00e7al\u0131\u015fma kitab\u0131na ba\u015fvurmak i\u00e7in kullanabilece\u011finiz VBA&#039;daki thisworkbook \u00f6zelli\u011fini kapsar.\" \/>\n<meta property=\"og:url\" content=\"https:\/\/exceladvisor.org\/tr\/bu-defter\/\" \/>\n<meta property=\"og:site_name\" content=\"Excel Advisor\" \/>\n<meta property=\"article:modified_time\" content=\"2023-12-10T06:04:41+00:00\" \/>\n<meta property=\"og:image\" content=\"https:\/\/exceladvisor.org\/wp-content\/uploads\/2023\/08\/1-vba-ce-classeur.png\" \/>\n<meta name=\"twitter:card\" content=\"summary_large_image\" \/>\n<meta name=\"twitter:label1\" content=\"Tahmini okuma s\u00fcresi\" \/>\n\t<meta name=\"twitter:data1\" content=\"2 dakika\" \/>\n<script type=\"application\/ld+json\" class=\"yoast-schema-graph\">{\"@context\":\"https:\/\/schema.org\",\"@graph\":[{\"@type\":\"WebPage\",\"@id\":\"https:\/\/exceladvisor.org\/tr\/bu-defter\/\",\"url\":\"https:\/\/exceladvisor.org\/tr\/bu-defter\/\",\"name\":\"ThisWorkbook VBA de\u011fi\u015fkeni Excel&#39;de nas\u0131l kullan\u0131l\u0131r?\",\"isPartOf\":{\"@id\":\"https:\/\/exceladvisor.org\/tr\/#website\"},\"primaryImageOfPage\":{\"@id\":\"https:\/\/exceladvisor.org\/tr\/bu-defter\/#primaryimage\"},\"image\":{\"@id\":\"https:\/\/exceladvisor.org\/tr\/bu-defter\/#primaryimage\"},\"thumbnailUrl\":\"https:\/\/exceladvisor.org\/wp-content\/uploads\/2023\/08\/1-vba-ce-classeur.png\",\"datePublished\":\"2023-11-16T12:02:47+00:00\",\"dateModified\":\"2023-12-10T06:04:41+00:00\",\"description\":\"Bu e\u011fitim, yazd\u0131\u011f\u0131n\u0131z \u00e7al\u0131\u015fma kitab\u0131na ba\u015fvurmak i\u00e7in kullanabilece\u011finiz VBA&#39;daki thisworkbook \u00f6zelli\u011fini kapsar.\",\"breadcrumb\":{\"@id\":\"https:\/\/exceladvisor.org\/tr\/bu-defter\/#breadcrumb\"},\"inLanguage\":\"tr\",\"potentialAction\":[{\"@type\":\"ReadAction\",\"target\":[\"https:\/\/exceladvisor.org\/tr\/bu-defter\/\"]}]},{\"@type\":\"ImageObject\",\"inLanguage\":\"tr\",\"@id\":\"https:\/\/exceladvisor.org\/tr\/bu-defter\/#primaryimage\",\"url\":\"https:\/\/exceladvisor.org\/wp-content\/uploads\/2023\/08\/1-vba-ce-classeur.png\",\"contentUrl\":\"https:\/\/exceladvisor.org\/wp-content\/uploads\/2023\/08\/1-vba-ce-classeur.png\"},{\"@type\":\"BreadcrumbList\",\"@id\":\"https:\/\/exceladvisor.org\/tr\/bu-defter\/#breadcrumb\",\"itemListElement\":[{\"@type\":\"ListItem\",\"position\":1,\"name\":\"Ev\",\"item\":\"https:\/\/exceladvisor.org\/tr\/\"},{\"@type\":\"ListItem\",\"position\":2,\"name\":\"Thisworkbook vba de\u011fi\u015fkeni excel&#39;de nas\u0131l kullan\u0131l\u0131r?\"}]},{\"@type\":\"WebSite\",\"@id\":\"https:\/\/exceladvisor.org\/tr\/#website\",\"url\":\"https:\/\/exceladvisor.org\/tr\/\",\"name\":\"Excel Advisor\",\"description\":\"Veri hakimiyetine y\u00f6nelik nihai rehberiniz!\",\"publisher\":{\"@id\":\"https:\/\/exceladvisor.org\/tr\/#organization\"},\"potentialAction\":[{\"@type\":\"SearchAction\",\"target\":{\"@type\":\"EntryPoint\",\"urlTemplate\":\"https:\/\/exceladvisor.org\/tr\/?s={search_term_string}\"},\"query-input\":{\"@type\":\"PropertyValueSpecification\",\"valueRequired\":true,\"valueName\":\"search_term_string\"}}],\"inLanguage\":\"tr\"},{\"@type\":\"Organization\",\"@id\":\"https:\/\/exceladvisor.org\/tr\/#organization\",\"name\":\"Excel Advisor\",\"url\":\"https:\/\/exceladvisor.org\/tr\/\",\"logo\":{\"@type\":\"ImageObject\",\"inLanguage\":\"tr\",\"@id\":\"https:\/\/exceladvisor.org\/tr\/#\/schema\/logo\/image\/\",\"url\":\"https:\/\/exceladvisor.org\/tr\/wp-content\/uploads\/2023\/12\/exceladvisor.org_.png\",\"contentUrl\":\"https:\/\/exceladvisor.org\/tr\/wp-content\/uploads\/2023\/12\/exceladvisor.org_.png\",\"width\":105,\"height\":36,\"caption\":\"Excel Advisor\"},\"image\":{\"@id\":\"https:\/\/exceladvisor.org\/tr\/#\/schema\/logo\/image\/\"}}]}<\/script>\n<!-- \/ Yoast SEO plugin. -->","yoast_head_json":{"title":"ThisWorkbook VBA de\u011fi\u015fkeni Excel&#39;de nas\u0131l kullan\u0131l\u0131r?","description":"Bu e\u011fitim, yazd\u0131\u011f\u0131n\u0131z \u00e7al\u0131\u015fma kitab\u0131na ba\u015fvurmak i\u00e7in kullanabilece\u011finiz VBA&#39;daki thisworkbook \u00f6zelli\u011fini kapsar.","robots":{"index":"index","follow":"follow","max-snippet":"max-snippet:-1","max-image-preview":"max-image-preview:large","max-video-preview":"max-video-preview:-1"},"canonical":"https:\/\/exceladvisor.org\/tr\/bu-defter\/","og_locale":"tr_TR","og_type":"article","og_title":"ThisWorkbook VBA de\u011fi\u015fkeni Excel&#39;de nas\u0131l kullan\u0131l\u0131r?","og_description":"Bu e\u011fitim, yazd\u0131\u011f\u0131n\u0131z \u00e7al\u0131\u015fma kitab\u0131na ba\u015fvurmak i\u00e7in kullanabilece\u011finiz VBA&#39;daki thisworkbook \u00f6zelli\u011fini kapsar.","og_url":"https:\/\/exceladvisor.org\/tr\/bu-defter\/","og_site_name":"Excel Advisor","article_modified_time":"2023-12-10T06:04:41+00:00","og_image":[{"url":"https:\/\/exceladvisor.org\/wp-content\/uploads\/2023\/08\/1-vba-ce-classeur.png","type":"","width":"","height":""}],"twitter_card":"summary_large_image","twitter_misc":{"Tahmini okuma s\u00fcresi":"2 dakika"},"schema":{"@context":"https:\/\/schema.org","@graph":[{"@type":"WebPage","@id":"https:\/\/exceladvisor.org\/tr\/bu-defter\/","url":"https:\/\/exceladvisor.org\/tr\/bu-defter\/","name":"ThisWorkbook VBA de\u011fi\u015fkeni Excel&#39;de nas\u0131l kullan\u0131l\u0131r?","isPartOf":{"@id":"https:\/\/exceladvisor.org\/tr\/#website"},"primaryImageOfPage":{"@id":"https:\/\/exceladvisor.org\/tr\/bu-defter\/#primaryimage"},"image":{"@id":"https:\/\/exceladvisor.org\/tr\/bu-defter\/#primaryimage"},"thumbnailUrl":"https:\/\/exceladvisor.org\/wp-content\/uploads\/2023\/08\/1-vba-ce-classeur.png","datePublished":"2023-11-16T12:02:47+00:00","dateModified":"2023-12-10T06:04:41+00:00","description":"Bu e\u011fitim, yazd\u0131\u011f\u0131n\u0131z \u00e7al\u0131\u015fma kitab\u0131na ba\u015fvurmak i\u00e7in kullanabilece\u011finiz VBA&#39;daki thisworkbook \u00f6zelli\u011fini kapsar.","breadcrumb":{"@id":"https:\/\/exceladvisor.org\/tr\/bu-defter\/#breadcrumb"},"inLanguage":"tr","potentialAction":[{"@type":"ReadAction","target":["https:\/\/exceladvisor.org\/tr\/bu-defter\/"]}]},{"@type":"ImageObject","inLanguage":"tr","@id":"https:\/\/exceladvisor.org\/tr\/bu-defter\/#primaryimage","url":"https:\/\/exceladvisor.org\/wp-content\/uploads\/2023\/08\/1-vba-ce-classeur.png","contentUrl":"https:\/\/exceladvisor.org\/wp-content\/uploads\/2023\/08\/1-vba-ce-classeur.png"},{"@type":"BreadcrumbList","@id":"https:\/\/exceladvisor.org\/tr\/bu-defter\/#breadcrumb","itemListElement":[{"@type":"ListItem","position":1,"name":"Ev","item":"https:\/\/exceladvisor.org\/tr\/"},{"@type":"ListItem","position":2,"name":"Thisworkbook vba de\u011fi\u015fkeni excel&#39;de nas\u0131l kullan\u0131l\u0131r?"}]},{"@type":"WebSite","@id":"https:\/\/exceladvisor.org\/tr\/#website","url":"https:\/\/exceladvisor.org\/tr\/","name":"Excel Advisor","description":"Veri hakimiyetine y\u00f6nelik nihai rehberiniz!","publisher":{"@id":"https:\/\/exceladvisor.org\/tr\/#organization"},"potentialAction":[{"@type":"SearchAction","target":{"@type":"EntryPoint","urlTemplate":"https:\/\/exceladvisor.org\/tr\/?s={search_term_string}"},"query-input":{"@type":"PropertyValueSpecification","valueRequired":true,"valueName":"search_term_string"}}],"inLanguage":"tr"},{"@type":"Organization","@id":"https:\/\/exceladvisor.org\/tr\/#organization","name":"Excel Advisor","url":"https:\/\/exceladvisor.org\/tr\/","logo":{"@type":"ImageObject","inLanguage":"tr","@id":"https:\/\/exceladvisor.org\/tr\/#\/schema\/logo\/image\/","url":"https:\/\/exceladvisor.org\/tr\/wp-content\/uploads\/2023\/12\/exceladvisor.org_.png","contentUrl":"https:\/\/exceladvisor.org\/tr\/wp-content\/uploads\/2023\/12\/exceladvisor.org_.png","width":105,"height":36,"caption":"Excel Advisor"},"image":{"@id":"https:\/\/exceladvisor.org\/tr\/#\/schema\/logo\/image\/"}}]}},"yoast_meta":{"yoast_wpseo_title":"","yoast_wpseo_metadesc":"","yoast_wpseo_canonical":""},"_links":{"self":[{"href":"https:\/\/exceladvisor.org\/tr\/wp-json\/wp\/v2\/pages\/1575","targetHints":{"allow":["GET"]}}],"collection":[{"href":"https:\/\/exceladvisor.org\/tr\/wp-json\/wp\/v2\/pages"}],"about":[{"href":"https:\/\/exceladvisor.org\/tr\/wp-json\/wp\/v2\/types\/page"}],"author":[{"embeddable":true,"href":"https:\/\/exceladvisor.org\/tr\/wp-json\/wp\/v2\/users\/1"}],"replies":[{"embeddable":true,"href":"https:\/\/exceladvisor.org\/tr\/wp-json\/wp\/v2\/comments?post=1575"}],"version-history":[{"count":1,"href":"https:\/\/exceladvisor.org\/tr\/wp-json\/wp\/v2\/pages\/1575\/revisions"}],"predecessor-version":[{"id":2753,"href":"https:\/\/exceladvisor.org\/tr\/wp-json\/wp\/v2\/pages\/1575\/revisions\/2753"}],"wp:attachment":[{"href":"https:\/\/exceladvisor.org\/tr\/wp-json\/wp\/v2\/media?parent=1575"}],"curies":[{"name":"wp","href":"https:\/\/api.w.org\/{rel}","templated":true}]}}