{"id":1577,"date":"2023-11-16T10:10:02","date_gmt":"2023-11-16T10:10:02","guid":{"rendered":"https:\/\/exceladvisor.org\/tr\/zamana-dakika-ekleyin\/"},"modified":"2023-12-10T06:08:11","modified_gmt":"2023-12-10T06:08:11","slug":"zamana-dakika-ekleyin","status":"publish","type":"page","link":"https:\/\/exceladvisor.org\/tr\/zamana-dakika-ekleyin\/","title":{"rendered":"Zamana dakika nas\u0131l eklenir?"},"content":{"rendered":"<div class=\"excel-icerikten-once\" id=\"excel-3751414745\"><script type=\"text\/javascript\">\r\n\tatOptions = {\r\n\t\t'key' : 'c1158f160081d6540a8409e6925dab94',\r\n\t\t'format' : 'iframe',\r\n\t\t'height' : 250,\r\n\t\t'width' : 300,\r\n\t\t'params' : {}\r\n\t};\r\n<\/script>\r\n<script type=\"text\/javascript\" src=\"\/\/www.highperformanceformat.com\/c1158f160081d6540a8409e6925dab94\/invoke.js\"><\/script><\/div> <p>Excel&#8217;de bir h\u00fccrede zaten bulunan bir saate belirli dakikalar eklemeniz gereken zamanlar olabilir.<\/p><p> Excel&#8217;de zaman, say\u0131sal bir de\u011ferin kesri olarak depolan\u0131r. Yani 24 saatlik bir g\u00fcn 1&#8217;e e\u015fittir. Bu derste bunu bir form\u00fcl kullanarak nas\u0131l yapaca\u011f\u0131m\u0131z\u0131 \u00f6\u011frenece\u011fiz.<\/p><h2 class=\"wp-block-heading\"> S\u00fcreye dakika ekleyin<\/h2><p> \u015eimdi \u015f\u00f6yle d\u00fc\u015f\u00fcn\u00fcn: Bir g\u00fcnde (24*60) toplam 1440 dakika var. Yani bir zaman de\u011ferine bir dakika eklemek isteseydiniz bu (1\/1440) olurdu. A\u015fa\u011f\u0131daki \u00f6rnekte A1 h\u00fccresinde saat 00:01&#8217;dir. <\/p><div class=\"wp-block-image\"><figure class=\"aligncenter size-full is-resized\"><img loading=\"lazy\" decoding=\"async\" class=\"wp-image-64234\" src=\"https:\/\/exceladvisor.org\/wp-content\/uploads\/2023\/08\/1-ajouter-des-minutes-au-temps.png\" sizes=\"auto, \" srcset=\"\" alt=\"zamana eklenen dakikalar\" width=\"393\" height=\"225\"><\/figure><\/div><pre class=\"wp-block-code\"> <code class=\"language-excel-formula\" lang=\"excel-formula\">=A1+(10\/1440)<\/code><\/pre><p> B1 h\u00fccresindeki A1 h\u00fccresindeki de\u011fere (1\/1440) dakika ekledik ve 00:02 elde ettik. \u015eimdi diyelim ki bir dakikadan fazla (on dakika) yeni bir de\u011fer eklemek istiyorsunuz, bu durumda zaman de\u011ferine (10\/1440) eklemeniz gerekiyor. Anlamak i\u00e7in a\u015fa\u011f\u0131daki \u00f6rne\u011fe bak\u0131n. <\/p><div class=\"wp-block-image\"><figure class=\"aligncenter size-full is-resized\"><img loading=\"lazy\" decoding=\"async\" class=\"wp-image-64235\" src=\"https:\/\/exceladvisor.org\/wp-content\/uploads\/2023\/08\/2-ajouter-plus-dune-minute.png\" sizes=\"auto, \" srcset=\"\" alt=\"bir dakikadan fazla ekleme\" width=\"392\" height=\"245\"><\/figure><\/div><h2 class=\"wp-block-heading\"> Zaman eklemek i\u00e7in TIME i\u015flevini kullanma<\/h2><p> Bir saate dakika eklemek i\u00e7in TIME i\u015flevini de kullanabilirsiniz. Bu y\u00f6ntemi kullanman\u0131n \u00f6nceki y\u00f6nteme g\u00f6re bir avantaj\u0131 vard\u0131r: dakika hesaplaman\u0131za gerek yoktur.<\/p><p> Zaman i\u015flevi, arg\u00fcmana say\u0131 olarak dakika eklemenizi sa\u011flar; dolay\u0131s\u0131yla 15 dakika veya 30 dakika eklemek istiyorsan\u0131z, bunu i\u015fleve girmeniz yeterlidir.<\/p><p> TIME fonksiyonunda \u00fc\u00e7 adet arg\u00fcman bulunmaktad\u0131r ve ikinci arg\u00fcmanda dakika de\u011ferlerini belirtmeniz gerekmektedir. <\/p><div class=\"wp-block-image\"><figure class=\"aligncenter size-full is-resized\"><img loading=\"lazy\" decoding=\"async\" class=\"wp-image-64236\" src=\"https:\/\/exceladvisor.org\/wp-content\/uploads\/2023\/08\/Fonction-3-temps-pour-ajouter-du-temps.png\" sizes=\"auto, \" srcset=\"\" alt=\"zaman-ekleme zaman\u0131 i\u015flevi\" width=\"319\" height=\"151\"><\/figure><\/div><p> Anlamak i\u00e7in bir \u00f6rnek verelim. <\/p><div class=\"wp-block-image\"><figure class=\"aligncenter size-full is-resized\"><img loading=\"lazy\" decoding=\"async\" class=\"wp-image-64237\" src=\"https:\/\/exceladvisor.org\/wp-content\/uploads\/2023\/08\/Exemple-de-fonction-4-temps.png\" sizes=\"auto, \" srcset=\"\" alt=\"zaman fonksiyonu \u00f6rne\u011fi\" width=\"439\" height=\"242\"><\/figure><\/div><p> A1 h\u00fccresinde saat 00:01 olarak var ve zaman fonksiyonunu kullanarak eklemek i\u00e7in 15 dakika belirledik ve sonu\u00e7ta 00:16 elde ettik. <\/p><div class=\"gb-container gb-container-52dfcee1 gb-container-sample-file\"><h2 class=\"gb-headline gb-headline-e289c143 gb-headline-text gb-headline-4f7959c2\"> Excel dosyas\u0131n\u0131 al\u0131n<\/h2><p> <a class=\"gb-button gb-button-e88d6bee gb-button-text gb-button-button1\" href=\"https:\/\/exceladvisor.org\/wp-content\/uploads\/2023\/11\/ajouter-des-minutes-au-temps-2.xlsx\" rel=\"nofollow\">\u0130ndirmek<\/a> <\/p><\/div><div class=\"wp-block-group more-tutorials is-layout-flow\"><div class=\"wp-block-group__inner-container\"><h2 class=\"wp-block-heading\"> Daha fazla form\u00fcl <\/h2><div class=\"wp-block-columns is-layout-flex wp-container-11\"><div class=\"wp-block-column is-layout-flow\"><ul><li> <a href=\"https:\/\/exceladvisor.org\/tr\/zamana-saat-ekleyin\/\">Excel&#8217;de zamana saat ekleme<\/a><\/li><li> <a href=\"https:\/\/exceladvisor.org\/tr\/saat-farkini-hesapla\/\">Excel&#8217;de iki zaman aras\u0131ndaki fark<\/a><\/li><li> <a href=\"https:\/\/exceladvisor.org\/tr\/saat-formatini-degistir\/\">Excel&#8217;de saat bi\u00e7imini de\u011fi\u015ftirme<\/a><\/li><li> <a href=\"https:\/\/exceladvisor.org\/tr\/askeri-zaman\/\">Excel&#8217;de askeri s\u00fcre (alma ve \u00e7\u0131karma)<\/a><\/li><li> <a href=\"https:\/\/exceladvisor.org\/tr\/ayri-tarih-ve-saat-2\/\">Excel&#8217;de tarih ve saati ay\u0131rma<\/a><\/li><\/ul><\/div><\/div><\/div><\/div>","protected":false},"excerpt":{"rendered":"","protected":false},"author":1,"featured_media":0,"parent":0,"menu_order":0,"comment_status":"open","ping_status":"closed","template":"","meta":{"ub_ctt_via":"","footnotes":""},"class_list":["post-1577","page","type-page","status-publish","hentry"],"featured_image_src":null,"yoast_head":"<!-- This site is optimized with the Yoast SEO plugin v25.4 - https:\/\/yoast.com\/wordpress\/plugins\/seo\/ -->\n<title>\u25b7 Excel&#039;de zamana dakika nas\u0131l eklenir?<\/title>\n<meta name=\"description\" content=\"Bu form\u00fcller e\u011fitiminde, Excel&#039;de zaman de\u011ferine dakika eklemenin t\u00fcm y\u00f6ntemlerini \u00f6\u011freneceksiniz.\" \/>\n<meta name=\"robots\" content=\"index, follow, max-snippet:-1, max-image-preview:large, max-video-preview:-1\" \/>\n<link rel=\"canonical\" href=\"https:\/\/exceladvisor.org\/tr\/zamana-dakika-ekleyin\/\" \/>\n<meta property=\"og:locale\" content=\"tr_TR\" \/>\n<meta property=\"og:type\" content=\"article\" \/>\n<meta property=\"og:title\" content=\"\u25b7 Excel&#039;de zamana dakika nas\u0131l eklenir?\" \/>\n<meta property=\"og:description\" content=\"Bu form\u00fcller e\u011fitiminde, Excel&#039;de zaman de\u011ferine dakika eklemenin t\u00fcm y\u00f6ntemlerini \u00f6\u011freneceksiniz.\" \/>\n<meta property=\"og:url\" content=\"https:\/\/exceladvisor.org\/tr\/zamana-dakika-ekleyin\/\" \/>\n<meta property=\"og:site_name\" content=\"Excel Advisor\" \/>\n<meta property=\"article:modified_time\" content=\"2023-12-10T06:08:11+00:00\" \/>\n<meta property=\"og:image\" content=\"https:\/\/exceladvisor.org\/wp-content\/uploads\/2023\/08\/1-ajouter-des-minutes-au-temps.png\" \/>\n<meta name=\"twitter:card\" content=\"summary_large_image\" \/>\n<meta name=\"twitter:label1\" content=\"Tahmini okuma s\u00fcresi\" \/>\n\t<meta name=\"twitter:data1\" content=\"1 dakika\" \/>\n<script type=\"application\/ld+json\" class=\"yoast-schema-graph\">{\"@context\":\"https:\/\/schema.org\",\"@graph\":[{\"@type\":\"WebPage\",\"@id\":\"https:\/\/exceladvisor.org\/tr\/zamana-dakika-ekleyin\/\",\"url\":\"https:\/\/exceladvisor.org\/tr\/zamana-dakika-ekleyin\/\",\"name\":\"\u25b7 Excel&#39;de zamana dakika nas\u0131l eklenir?\",\"isPartOf\":{\"@id\":\"https:\/\/exceladvisor.org\/tr\/#website\"},\"primaryImageOfPage\":{\"@id\":\"https:\/\/exceladvisor.org\/tr\/zamana-dakika-ekleyin\/#primaryimage\"},\"image\":{\"@id\":\"https:\/\/exceladvisor.org\/tr\/zamana-dakika-ekleyin\/#primaryimage\"},\"thumbnailUrl\":\"https:\/\/exceladvisor.org\/wp-content\/uploads\/2023\/08\/1-ajouter-des-minutes-au-temps.png\",\"datePublished\":\"2023-11-16T10:10:02+00:00\",\"dateModified\":\"2023-12-10T06:08:11+00:00\",\"description\":\"Bu form\u00fcller e\u011fitiminde, Excel&#39;de zaman de\u011ferine dakika eklemenin t\u00fcm y\u00f6ntemlerini \u00f6\u011freneceksiniz.\",\"breadcrumb\":{\"@id\":\"https:\/\/exceladvisor.org\/tr\/zamana-dakika-ekleyin\/#breadcrumb\"},\"inLanguage\":\"tr\",\"potentialAction\":[{\"@type\":\"ReadAction\",\"target\":[\"https:\/\/exceladvisor.org\/tr\/zamana-dakika-ekleyin\/\"]}]},{\"@type\":\"ImageObject\",\"inLanguage\":\"tr\",\"@id\":\"https:\/\/exceladvisor.org\/tr\/zamana-dakika-ekleyin\/#primaryimage\",\"url\":\"https:\/\/exceladvisor.org\/wp-content\/uploads\/2023\/08\/1-ajouter-des-minutes-au-temps.png\",\"contentUrl\":\"https:\/\/exceladvisor.org\/wp-content\/uploads\/2023\/08\/1-ajouter-des-minutes-au-temps.png\"},{\"@type\":\"BreadcrumbList\",\"@id\":\"https:\/\/exceladvisor.org\/tr\/zamana-dakika-ekleyin\/#breadcrumb\",\"itemListElement\":[{\"@type\":\"ListItem\",\"position\":1,\"name\":\"Ev\",\"item\":\"https:\/\/exceladvisor.org\/tr\/\"},{\"@type\":\"ListItem\",\"position\":2,\"name\":\"Zamana dakika nas\u0131l eklenir?\"}]},{\"@type\":\"WebSite\",\"@id\":\"https:\/\/exceladvisor.org\/tr\/#website\",\"url\":\"https:\/\/exceladvisor.org\/tr\/\",\"name\":\"Excel Advisor\",\"description\":\"Veri hakimiyetine y\u00f6nelik nihai rehberiniz!\",\"publisher\":{\"@id\":\"https:\/\/exceladvisor.org\/tr\/#organization\"},\"potentialAction\":[{\"@type\":\"SearchAction\",\"target\":{\"@type\":\"EntryPoint\",\"urlTemplate\":\"https:\/\/exceladvisor.org\/tr\/?s={search_term_string}\"},\"query-input\":{\"@type\":\"PropertyValueSpecification\",\"valueRequired\":true,\"valueName\":\"search_term_string\"}}],\"inLanguage\":\"tr\"},{\"@type\":\"Organization\",\"@id\":\"https:\/\/exceladvisor.org\/tr\/#organization\",\"name\":\"Excel Advisor\",\"url\":\"https:\/\/exceladvisor.org\/tr\/\",\"logo\":{\"@type\":\"ImageObject\",\"inLanguage\":\"tr\",\"@id\":\"https:\/\/exceladvisor.org\/tr\/#\/schema\/logo\/image\/\",\"url\":\"https:\/\/exceladvisor.org\/tr\/wp-content\/uploads\/2023\/12\/exceladvisor.org_.png\",\"contentUrl\":\"https:\/\/exceladvisor.org\/tr\/wp-content\/uploads\/2023\/12\/exceladvisor.org_.png\",\"width\":105,\"height\":36,\"caption\":\"Excel Advisor\"},\"image\":{\"@id\":\"https:\/\/exceladvisor.org\/tr\/#\/schema\/logo\/image\/\"}}]}<\/script>\n<!-- \/ Yoast SEO plugin. -->","yoast_head_json":{"title":"\u25b7 Excel&#39;de zamana dakika nas\u0131l eklenir?","description":"Bu form\u00fcller e\u011fitiminde, Excel&#39;de zaman de\u011ferine dakika eklemenin t\u00fcm y\u00f6ntemlerini \u00f6\u011freneceksiniz.","robots":{"index":"index","follow":"follow","max-snippet":"max-snippet:-1","max-image-preview":"max-image-preview:large","max-video-preview":"max-video-preview:-1"},"canonical":"https:\/\/exceladvisor.org\/tr\/zamana-dakika-ekleyin\/","og_locale":"tr_TR","og_type":"article","og_title":"\u25b7 Excel&#39;de zamana dakika nas\u0131l eklenir?","og_description":"Bu form\u00fcller e\u011fitiminde, Excel&#39;de zaman de\u011ferine dakika eklemenin t\u00fcm y\u00f6ntemlerini \u00f6\u011freneceksiniz.","og_url":"https:\/\/exceladvisor.org\/tr\/zamana-dakika-ekleyin\/","og_site_name":"Excel Advisor","article_modified_time":"2023-12-10T06:08:11+00:00","og_image":[{"url":"https:\/\/exceladvisor.org\/wp-content\/uploads\/2023\/08\/1-ajouter-des-minutes-au-temps.png","type":"","width":"","height":""}],"twitter_card":"summary_large_image","twitter_misc":{"Tahmini okuma s\u00fcresi":"1 dakika"},"schema":{"@context":"https:\/\/schema.org","@graph":[{"@type":"WebPage","@id":"https:\/\/exceladvisor.org\/tr\/zamana-dakika-ekleyin\/","url":"https:\/\/exceladvisor.org\/tr\/zamana-dakika-ekleyin\/","name":"\u25b7 Excel&#39;de zamana dakika nas\u0131l eklenir?","isPartOf":{"@id":"https:\/\/exceladvisor.org\/tr\/#website"},"primaryImageOfPage":{"@id":"https:\/\/exceladvisor.org\/tr\/zamana-dakika-ekleyin\/#primaryimage"},"image":{"@id":"https:\/\/exceladvisor.org\/tr\/zamana-dakika-ekleyin\/#primaryimage"},"thumbnailUrl":"https:\/\/exceladvisor.org\/wp-content\/uploads\/2023\/08\/1-ajouter-des-minutes-au-temps.png","datePublished":"2023-11-16T10:10:02+00:00","dateModified":"2023-12-10T06:08:11+00:00","description":"Bu form\u00fcller e\u011fitiminde, Excel&#39;de zaman de\u011ferine dakika eklemenin t\u00fcm y\u00f6ntemlerini \u00f6\u011freneceksiniz.","breadcrumb":{"@id":"https:\/\/exceladvisor.org\/tr\/zamana-dakika-ekleyin\/#breadcrumb"},"inLanguage":"tr","potentialAction":[{"@type":"ReadAction","target":["https:\/\/exceladvisor.org\/tr\/zamana-dakika-ekleyin\/"]}]},{"@type":"ImageObject","inLanguage":"tr","@id":"https:\/\/exceladvisor.org\/tr\/zamana-dakika-ekleyin\/#primaryimage","url":"https:\/\/exceladvisor.org\/wp-content\/uploads\/2023\/08\/1-ajouter-des-minutes-au-temps.png","contentUrl":"https:\/\/exceladvisor.org\/wp-content\/uploads\/2023\/08\/1-ajouter-des-minutes-au-temps.png"},{"@type":"BreadcrumbList","@id":"https:\/\/exceladvisor.org\/tr\/zamana-dakika-ekleyin\/#breadcrumb","itemListElement":[{"@type":"ListItem","position":1,"name":"Ev","item":"https:\/\/exceladvisor.org\/tr\/"},{"@type":"ListItem","position":2,"name":"Zamana dakika nas\u0131l eklenir?"}]},{"@type":"WebSite","@id":"https:\/\/exceladvisor.org\/tr\/#website","url":"https:\/\/exceladvisor.org\/tr\/","name":"Excel Advisor","description":"Veri hakimiyetine y\u00f6nelik nihai rehberiniz!","publisher":{"@id":"https:\/\/exceladvisor.org\/tr\/#organization"},"potentialAction":[{"@type":"SearchAction","target":{"@type":"EntryPoint","urlTemplate":"https:\/\/exceladvisor.org\/tr\/?s={search_term_string}"},"query-input":{"@type":"PropertyValueSpecification","valueRequired":true,"valueName":"search_term_string"}}],"inLanguage":"tr"},{"@type":"Organization","@id":"https:\/\/exceladvisor.org\/tr\/#organization","name":"Excel Advisor","url":"https:\/\/exceladvisor.org\/tr\/","logo":{"@type":"ImageObject","inLanguage":"tr","@id":"https:\/\/exceladvisor.org\/tr\/#\/schema\/logo\/image\/","url":"https:\/\/exceladvisor.org\/tr\/wp-content\/uploads\/2023\/12\/exceladvisor.org_.png","contentUrl":"https:\/\/exceladvisor.org\/tr\/wp-content\/uploads\/2023\/12\/exceladvisor.org_.png","width":105,"height":36,"caption":"Excel Advisor"},"image":{"@id":"https:\/\/exceladvisor.org\/tr\/#\/schema\/logo\/image\/"}}]}},"yoast_meta":{"yoast_wpseo_title":"","yoast_wpseo_metadesc":"","yoast_wpseo_canonical":""},"_links":{"self":[{"href":"https:\/\/exceladvisor.org\/tr\/wp-json\/wp\/v2\/pages\/1577","targetHints":{"allow":["GET"]}}],"collection":[{"href":"https:\/\/exceladvisor.org\/tr\/wp-json\/wp\/v2\/pages"}],"about":[{"href":"https:\/\/exceladvisor.org\/tr\/wp-json\/wp\/v2\/types\/page"}],"author":[{"embeddable":true,"href":"https:\/\/exceladvisor.org\/tr\/wp-json\/wp\/v2\/users\/1"}],"replies":[{"embeddable":true,"href":"https:\/\/exceladvisor.org\/tr\/wp-json\/wp\/v2\/comments?post=1577"}],"version-history":[{"count":1,"href":"https:\/\/exceladvisor.org\/tr\/wp-json\/wp\/v2\/pages\/1577\/revisions"}],"predecessor-version":[{"id":2973,"href":"https:\/\/exceladvisor.org\/tr\/wp-json\/wp\/v2\/pages\/1577\/revisions\/2973"}],"wp:attachment":[{"href":"https:\/\/exceladvisor.org\/tr\/wp-json\/wp\/v2\/media?parent=1577"}],"curies":[{"name":"wp","href":"https:\/\/api.w.org\/{rel}","templated":true}]}}