{"id":1579,"date":"2023-11-16T09:48:27","date_gmt":"2023-11-16T09:48:27","guid":{"rendered":"https:\/\/exceladvisor.org\/tr\/sayfa-adini-al\/"},"modified":"2023-12-10T06:02:21","modified_gmt":"2023-12-10T06:02:21","slug":"sayfa-adini-al","status":"publish","type":"page","link":"https:\/\/exceladvisor.org\/tr\/sayfa-adini-al\/","title":{"rendered":"Excel&#39;de sayfa ad\u0131 nas\u0131l al\u0131n\u0131r?"},"content":{"rendered":"<div class=\"excel-icerikten-once\" id=\"excel-3727418647\"><script type=\"text\/javascript\">\r\n\tatOptions = {\r\n\t\t'key' : 'c1158f160081d6540a8409e6925dab94',\r\n\t\t'format' : 'iframe',\r\n\t\t'height' : 250,\r\n\t\t'width' : 300,\r\n\t\t'params' : {}\r\n\t};\r\n<\/script>\r\n<script type=\"text\/javascript\" src=\"\/\/www.highperformanceformat.com\/c1158f160081d6540a8409e6925dab94\/invoke.js\"><\/script><\/div> <p>Excel&#8217;de etkin sayfan\u0131n ad\u0131n\u0131 almaya y\u00f6nelik do\u011frudan bir i\u015flev yoktur. Art\u0131k bu sorunun \u00e7\u00f6z\u00fcm\u00fc birden fazla i\u015flevi kullanarak form\u00fcl olu\u015fturmak veya VBA kullan\u0131larak olu\u015fturulan \u00f6zel bir i\u015flevi kullanmakt\u0131r.<\/p><p> Bu derste her iki y\u00f6ntemi de \u00f6rneklerle \u00f6\u011freneceksiniz.<\/p><h2 class=\"wp-block-heading\"> \u00c7al\u0131\u015fma sayfas\u0131 ad\u0131n\u0131 almak i\u00e7in bir form\u00fcl kullan\u0131n<\/h2><p> \u00c7al\u0131\u015fma sayfas\u0131n\u0131n ad\u0131n\u0131 alacak bir form\u00fcl olu\u015fturmak i\u00e7in H\u00dcCRELER, BUL ve MID i\u015flevlerini kullanmam\u0131z gerekir. \u0130\u015fte sayfa ad\u0131n\u0131 alabilece\u011finiz fonksiyon.<\/p><pre class=\"wp-block-code\"> <code class=\"language-excel-formula\" lang=\"excel-formula\">=MID(CELL(\"filename\"),FIND(\"]\",CELL(\"filename\"))+1,LEN(CELL(\"filename\")))<\/code><\/pre><p> Yukar\u0131daki form\u00fcl\u00fc, sayfa ad\u0131n\u0131 almak istedi\u011finiz \u00e7al\u0131\u015fma sayfas\u0131n\u0131n h\u00fccrelerinden birine girersiniz. \u015eimdi bu form\u00fcl\u00fc anlayal\u0131m ve anlamak i\u00e7in onu d\u00f6rt par\u00e7aya ay\u0131rmam\u0131z gerekiyor.<\/p><p> \u0130lk b\u00f6l\u00fcmde \u00e7al\u0131\u015fma kitab\u0131n\u0131n adresini mevcut sayfan\u0131n ad\u0131yla d\u00f6nd\u00fcren bir CELL fonksiyonumuz var. <\/p><div class=\"wp-block-image\"><figure class=\"aligncenter size-full is-resized\"><img loading=\"lazy\" decoding=\"async\" class=\"wp-image-64178\" src=\"https:\/\/exceladvisor.org\/wp-content\/uploads\/2023\/08\/1-formule-pour-obtenir-le-nom-de-la-feuille-de-calcul.png\" sizes=\"auto, \" srcset=\"\" alt=\"\u00e7al\u0131\u015fma sayfas\u0131 ad\u0131n\u0131 alma form\u00fcl\u00fc\" width=\"577\" height=\"129\"><\/figure><\/div><p> Ve i\u015fte h\u00fccre fonksiyonundan ald\u0131\u011f\u0131m\u0131z adres. Burada adresin sonunda sayfan\u0131n ad\u0131n\u0131n bulundu\u011funu ve ad\u0131n\u0131 alman\u0131z gerekti\u011fini g\u00f6rebilirsiniz. <\/p><div class=\"wp-block-image\"><figure class=\"aligncenter size-full is-resized\"><img loading=\"lazy\" decoding=\"async\" class=\"wp-image-64179\" src=\"https:\/\/exceladvisor.org\/wp-content\/uploads\/2023\/08\/2-adresse-de-feuille-de-calcul.png\" sizes=\"auto, \" srcset=\"\" alt=\"elektronik tablo adresi\" width=\"353\" height=\"41\"><\/figure><\/div><p> \u015eimdi ikinci b\u00f6l\u00fcmde, adresi almak ve sayfa ad\u0131n\u0131n \u00f6n\u00fcnde tam olarak bir konuma sahip oldu\u011funuz karakterin konumunu bulmak i\u00e7in h\u00fccre i\u015flevini kullanan FIND i\u015flevimiz var. <\/p><div class=\"wp-block-image\"><figure class=\"aligncenter size-full is-resized\"><img loading=\"lazy\" decoding=\"async\" class=\"wp-image-64180\" src=\"https:\/\/exceladvisor.org\/wp-content\/uploads\/2023\/08\/3-fonction-de-recherche.png\" sizes=\"auto, \" srcset=\"\" alt=\"arama fonksiyonu\" width=\"559\" height=\"131\"><\/figure><\/div><p> Ve &#8220;]&#8221; konum numaras\u0131n\u0131 ald\u0131ktan sonra, sayfa ad\u0131n\u0131n ilk karakterinin konumunu elde etmek i\u00e7in buna 1 eklemeniz gerekir. <\/p><div class=\"wp-block-image\"><figure class=\"aligncenter size-full is-resized\"><img loading=\"lazy\" decoding=\"async\" class=\"wp-image-64181\" src=\"https:\/\/exceladvisor.org\/wp-content\/uploads\/2023\/08\/4-ajouter-1-pour-obtenir-la-position.png\" sizes=\"auto, \" srcset=\"\" alt=\"pozisyona ula\u015fmak i\u00e7in 1 ekle\" width=\"451\" height=\"125\"><\/figure><\/div><p> Art\u0131k \u00fc\u00e7\u00fcnc\u00fc b\u00f6l\u00fcmde yolun tamam\u0131ndaki karakterleri saymak i\u00e7in UZUNLUK ve H\u00dcCRE i\u015flevlerine sahipsiniz. <\/p><div class=\"wp-block-image\"><figure class=\"aligncenter size-full is-resized\"><img loading=\"lazy\" decoding=\"async\" class=\"wp-image-64182\" src=\"https:\/\/exceladvisor.org\/wp-content\/uploads\/2023\/08\/5-fonction-len-et-cellule.png\" sizes=\"auto, \" srcset=\"\" alt=\"len-ve-h\u00fccre i\u015flevi\" width=\"563\" height=\"94\"><\/figure><\/div><p> Art\u0131k bu noktada adres yoluna, sayfa ad\u0131n\u0131n ilk karakterinin konumuna ve adres yolunda sahip oldu\u011fumuz karakter say\u0131s\u0131na sahibiz. <\/p><div class=\"wp-block-image\"><figure class=\"aligncenter size-full is-resized\"><img loading=\"lazy\" decoding=\"async\" class=\"wp-image-64183\" src=\"https:\/\/exceladvisor.org\/wp-content\/uploads\/2023\/08\/6-chemin-dadresse-de-feuille-de-calcul.png\" sizes=\"auto, \" srcset=\"\" alt=\"e-tablo-adres-yolu\" width=\"495\" height=\"140\"><\/figure><\/div><p> D\u00f6rd\u00fcnc\u00fc b\u00f6l\u00fcmde ise MID fonksiyonunu kullanarak sonu\u00e7ta sayfa ad\u0131n\u0131 g\u00f6r\u00fcyorsunuz.<\/p><h2 class=\"wp-block-heading\"> Sayfa ad\u0131n\u0131 almak i\u00e7in kullan\u0131c\u0131 tan\u0131ml\u0131 bir i\u015flev olu\u015fturun<\/h2><p> UDF arac\u0131l\u0131\u011f\u0131yla sayfa ad\u0131 almak en basit yoldur. Karma\u015f\u0131k bir form\u00fcl de\u011fil, bunun gibi basit bir kod olu\u015fturman\u0131z gerekir. <\/p><div class=\"wp-block-image\"><figure class=\"aligncenter size-full is-resized\"><img loading=\"lazy\" decoding=\"async\" class=\"wp-image-64184\" src=\"https:\/\/exceladvisor.org\/wp-content\/uploads\/2023\/08\/7-fonction-definie-par-lutilisateur-pour-obtenir-le-nom-de-la-feuille.png\" sizes=\"auto, \" srcset=\"\" alt=\"sayfa ad\u0131n\u0131 almak i\u00e7in kullan\u0131c\u0131 tan\u0131ml\u0131 i\u015flev\" width=\"540\" height=\"282\"><\/figure><\/div><pre class=\"wp-block-code\"> <code class=\"language-visual-basic line-numbers\" lang=\"visual-basic\">Function mySheetName() mySheetName = ActiveSheet.Name End Function<\/code><\/pre><p> \u015eimdi mevcut \u00e7al\u0131\u015fma sayfas\u0131n\u0131n ad\u0131n\u0131 bir h\u00fccreye \u00e7\u0131karmak i\u00e7in bu kodu nas\u0131l kullanaca\u011f\u0131m\u0131z\u0131 g\u00f6relim. A\u015fa\u011f\u0131daki ad\u0131mlar\u0131 kullan\u0131n:<\/p><ol><li> \u00d6ncelikle Geli\u015ftirici sekmesine gidin ve Visual Basic&#8217;e t\u0131klay\u0131n. <br><img loading=\"lazy\" decoding=\"async\" title=\"8 sekmeli geli\u015ftirici\" src=\"https:\/\/exceladvisor.org\/wp-content\/uploads\/2023\/08\/8-onglet-developpeur.png\" sizes=\"auto, \" srcset=\"\" alt=\"developer-tab\" width=\"653\" height=\"188\"><\/li><li> \u015eimdi Visual Basic D\u00fczenleyicide Ekle se\u00e7ene\u011fine gidin ve bir mod\u00fcl eklemek i\u00e7in mod\u00fcle t\u0131klay\u0131n. <br><img loading=\"lazy\" decoding=\"async\" title=\"Eklenecek 9 mod\u00fcl\" src=\"https:\/\/exceladvisor.org\/wp-content\/uploads\/2023\/08\/9-module-pour-inserer-le-module.png\" sizes=\"auto, \" srcset=\"\" alt=\"module-to-insert-module\" width=\"221\" height=\"221\"><\/li><li> Daha sonra kod penceresine gidin ve yukar\u0131daki kodu oraya yap\u0131\u015ft\u0131r\u0131n. <br><img loading=\"lazy\" decoding=\"async\" title=\"10 kod penceresi\" src=\"https:\/\/exceladvisor.org\/wp-content\/uploads\/2023\/08\/fenetre-de-10-codes.png\" sizes=\"auto, \" srcset=\"\" alt=\"code-window\" width=\"628\" height=\"380\"><\/li><li> Sonunda Visual Basic d\u00fczenleyicisini kapat\u0131n ve elektronik tabloya d\u00f6n\u00fcn.<\/li><\/ol><p> \u015eimdi \u00e7al\u0131\u015fma sayfas\u0131nda ad\u0131n\u0131 almak istedi\u011finiz h\u00fccrelerden birini se\u00e7in ve i\u00e7ine a\u015fa\u011f\u0131daki fonksiyonu girin. <\/p><div class=\"wp-block-image\"><figure class=\"aligncenter size-full is-resized\"><img loading=\"lazy\" decoding=\"async\" class=\"wp-image-64188\" src=\"https:\/\/exceladvisor.org\/wp-content\/uploads\/2023\/08\/11-selectionnez-nimporte-quelle-cellule-pour-obtenir-le-nom.png\" sizes=\"auto, \" srcset=\"\" alt=\"ad\u0131 almak i\u00e7in herhangi bir h\u00fccreyi se\u00e7\" width=\"442\" height=\"120\"><\/figure><\/div><p> Bu e\u011fitimden \u00f6zel bir i\u015flev olu\u015fturma hakk\u0131nda daha fazla bilgi edinebilirsiniz. <\/p><div class=\"gb-container gb-container-52dfcee1 gb-container-sample-file\"><h2 class=\"gb-headline gb-headline-e289c143 gb-headline-text gb-headline-4f7959c2\"> Excel dosyas\u0131n\u0131 al\u0131n<\/h2> <a class=\"gb-button gb-button-e88d6bee gb-button-text gb-button-button1\" href=\"https:\/\/exceladvisor.org\/wp-content\/uploads\/2023\/08\/obtenir-le-nom-de-la-feuille-2.xlsx\" rel=\"nofollow\">\u0130ndirmek<\/a><\/div><div class=\"gb-container gb-container-0df56012 gb-container-mt\"> <a class=\"gb-button gb-button-f9f432f4 gb-button-text gb-button-mt-button\" href=\"https:\/\/exceladvisor.org\/tr\/formuller\/\">Excel form\u00fcllerinin listesi<\/a><h2 class=\"gb-headline gb-headline-233444e8 gb-headline-text gb-headline-mt-heading\"> \u0130lgili form\u00fcller <\/h2><div class=\"gb-grid-wrapper gb-grid-wrapper-a16fa65c gb-grid-wrapper-mt-grid\"><div class=\"gb-grid-column gb-grid-column-50d07e0d\"><div class=\"gb-container gb-container-50d07e0d\"><ul><li> <a href=\"https:\/\/exceladvisor.org\/tr\/yatay-filtre\/\">Excel&#8217;de yatay filtre olu\u015fturma<\/a><\/li><li> <a href=\"https:\/\/exceladvisor.org\/tr\/yildiz-derecelendirmesi\/\">Excel&#8217;de y\u0131ld\u0131z derecelendirmesi \u015fablonu olu\u015fturma<\/a><\/li><li> <a href=\"https:\/\/exceladvisor.org\/tr\/dosya-adini-al\/\">Excel&#8217;de dosya ad\u0131n\u0131 al\u0131n<\/a><\/li><li> <a href=\"https:\/\/exceladvisor.org\/tr\/rastgele-harfler-olustur\/\">Excel&#8217;de h\u0131zla rastgele harfler olu\u015fturun<\/a><\/li><li> <a href=\"https:\/\/exceladvisor.org\/tr\/listeyi-rastgele-hale-getir\/\">Excel&#8217;de bir listeyi rastgele s\u0131ralama (rastgele s\u0131ralama)<\/a> <\/li><\/ul><\/div><\/div><div class=\"gb-grid-column gb-grid-column-5b4a0cf9\"><div class=\"gb-container gb-container-5b4a0cf9\"><\/div><\/div><\/div><\/div>","protected":false},"excerpt":{"rendered":"","protected":false},"author":1,"featured_media":0,"parent":0,"menu_order":0,"comment_status":"open","ping_status":"closed","template":"","meta":{"ub_ctt_via":"","footnotes":""},"class_list":["post-1579","page","type-page","status-publish","hentry"],"featured_image_src":null,"yoast_head":"<!-- This site is optimized with the Yoast SEO plugin v25.4 - https:\/\/yoast.com\/wordpress\/plugins\/seo\/ -->\n<title>Excel&#039;de sayfa ad\u0131 nas\u0131l al\u0131n\u0131r? - Excel Dan\u0131\u015fman\u0131<\/title>\n<meta name=\"description\" content=\"Bu form\u00fcller e\u011fitiminde, bir form\u00fcl ve ard\u0131ndan tan\u0131mlanm\u0131\u015f bir i\u015flev kullanarak sayfa ad\u0131n\u0131 nas\u0131l alaca\u011f\u0131n\u0131z\u0131 \u00f6\u011freneceksiniz.\" \/>\n<meta name=\"robots\" content=\"index, follow, max-snippet:-1, max-image-preview:large, max-video-preview:-1\" \/>\n<link rel=\"canonical\" href=\"https:\/\/exceladvisor.org\/tr\/sayfa-adini-al\/\" \/>\n<meta property=\"og:locale\" content=\"tr_TR\" \/>\n<meta property=\"og:type\" content=\"article\" \/>\n<meta property=\"og:title\" content=\"Excel&#039;de sayfa ad\u0131 nas\u0131l al\u0131n\u0131r? - Excel Dan\u0131\u015fman\u0131\" \/>\n<meta property=\"og:description\" content=\"Bu form\u00fcller e\u011fitiminde, bir form\u00fcl ve ard\u0131ndan tan\u0131mlanm\u0131\u015f bir i\u015flev kullanarak sayfa ad\u0131n\u0131 nas\u0131l alaca\u011f\u0131n\u0131z\u0131 \u00f6\u011freneceksiniz.\" \/>\n<meta property=\"og:url\" content=\"https:\/\/exceladvisor.org\/tr\/sayfa-adini-al\/\" \/>\n<meta property=\"og:site_name\" content=\"Excel Advisor\" \/>\n<meta property=\"article:modified_time\" content=\"2023-12-10T06:02:21+00:00\" \/>\n<meta property=\"og:image\" content=\"https:\/\/exceladvisor.org\/wp-content\/uploads\/2023\/08\/1-formule-pour-obtenir-le-nom-de-la-feuille-de-calcul.png\" \/>\n<meta name=\"twitter:card\" content=\"summary_large_image\" \/>\n<meta name=\"twitter:label1\" content=\"Tahmini okuma s\u00fcresi\" \/>\n\t<meta name=\"twitter:data1\" content=\"3 dakika\" \/>\n<script type=\"application\/ld+json\" class=\"yoast-schema-graph\">{\"@context\":\"https:\/\/schema.org\",\"@graph\":[{\"@type\":\"WebPage\",\"@id\":\"https:\/\/exceladvisor.org\/tr\/sayfa-adini-al\/\",\"url\":\"https:\/\/exceladvisor.org\/tr\/sayfa-adini-al\/\",\"name\":\"Excel&#39;de sayfa ad\u0131 nas\u0131l al\u0131n\u0131r? - Excel Dan\u0131\u015fman\u0131\",\"isPartOf\":{\"@id\":\"https:\/\/exceladvisor.org\/tr\/#website\"},\"primaryImageOfPage\":{\"@id\":\"https:\/\/exceladvisor.org\/tr\/sayfa-adini-al\/#primaryimage\"},\"image\":{\"@id\":\"https:\/\/exceladvisor.org\/tr\/sayfa-adini-al\/#primaryimage\"},\"thumbnailUrl\":\"https:\/\/exceladvisor.org\/wp-content\/uploads\/2023\/08\/1-formule-pour-obtenir-le-nom-de-la-feuille-de-calcul.png\",\"datePublished\":\"2023-11-16T09:48:27+00:00\",\"dateModified\":\"2023-12-10T06:02:21+00:00\",\"description\":\"Bu form\u00fcller e\u011fitiminde, bir form\u00fcl ve ard\u0131ndan tan\u0131mlanm\u0131\u015f bir i\u015flev kullanarak sayfa ad\u0131n\u0131 nas\u0131l alaca\u011f\u0131n\u0131z\u0131 \u00f6\u011freneceksiniz.\",\"breadcrumb\":{\"@id\":\"https:\/\/exceladvisor.org\/tr\/sayfa-adini-al\/#breadcrumb\"},\"inLanguage\":\"tr\",\"potentialAction\":[{\"@type\":\"ReadAction\",\"target\":[\"https:\/\/exceladvisor.org\/tr\/sayfa-adini-al\/\"]}]},{\"@type\":\"ImageObject\",\"inLanguage\":\"tr\",\"@id\":\"https:\/\/exceladvisor.org\/tr\/sayfa-adini-al\/#primaryimage\",\"url\":\"https:\/\/exceladvisor.org\/wp-content\/uploads\/2023\/08\/1-formule-pour-obtenir-le-nom-de-la-feuille-de-calcul.png\",\"contentUrl\":\"https:\/\/exceladvisor.org\/wp-content\/uploads\/2023\/08\/1-formule-pour-obtenir-le-nom-de-la-feuille-de-calcul.png\"},{\"@type\":\"BreadcrumbList\",\"@id\":\"https:\/\/exceladvisor.org\/tr\/sayfa-adini-al\/#breadcrumb\",\"itemListElement\":[{\"@type\":\"ListItem\",\"position\":1,\"name\":\"Ev\",\"item\":\"https:\/\/exceladvisor.org\/tr\/\"},{\"@type\":\"ListItem\",\"position\":2,\"name\":\"Excel&#39;de sayfa ad\u0131 nas\u0131l al\u0131n\u0131r?\"}]},{\"@type\":\"WebSite\",\"@id\":\"https:\/\/exceladvisor.org\/tr\/#website\",\"url\":\"https:\/\/exceladvisor.org\/tr\/\",\"name\":\"Excel Advisor\",\"description\":\"Veri hakimiyetine y\u00f6nelik nihai rehberiniz!\",\"publisher\":{\"@id\":\"https:\/\/exceladvisor.org\/tr\/#organization\"},\"potentialAction\":[{\"@type\":\"SearchAction\",\"target\":{\"@type\":\"EntryPoint\",\"urlTemplate\":\"https:\/\/exceladvisor.org\/tr\/?s={search_term_string}\"},\"query-input\":{\"@type\":\"PropertyValueSpecification\",\"valueRequired\":true,\"valueName\":\"search_term_string\"}}],\"inLanguage\":\"tr\"},{\"@type\":\"Organization\",\"@id\":\"https:\/\/exceladvisor.org\/tr\/#organization\",\"name\":\"Excel Advisor\",\"url\":\"https:\/\/exceladvisor.org\/tr\/\",\"logo\":{\"@type\":\"ImageObject\",\"inLanguage\":\"tr\",\"@id\":\"https:\/\/exceladvisor.org\/tr\/#\/schema\/logo\/image\/\",\"url\":\"https:\/\/exceladvisor.org\/tr\/wp-content\/uploads\/2023\/12\/exceladvisor.org_.png\",\"contentUrl\":\"https:\/\/exceladvisor.org\/tr\/wp-content\/uploads\/2023\/12\/exceladvisor.org_.png\",\"width\":105,\"height\":36,\"caption\":\"Excel Advisor\"},\"image\":{\"@id\":\"https:\/\/exceladvisor.org\/tr\/#\/schema\/logo\/image\/\"}}]}<\/script>\n<!-- \/ Yoast SEO plugin. -->","yoast_head_json":{"title":"Excel&#39;de sayfa ad\u0131 nas\u0131l al\u0131n\u0131r? - Excel Dan\u0131\u015fman\u0131","description":"Bu form\u00fcller e\u011fitiminde, bir form\u00fcl ve ard\u0131ndan tan\u0131mlanm\u0131\u015f bir i\u015flev kullanarak sayfa ad\u0131n\u0131 nas\u0131l alaca\u011f\u0131n\u0131z\u0131 \u00f6\u011freneceksiniz.","robots":{"index":"index","follow":"follow","max-snippet":"max-snippet:-1","max-image-preview":"max-image-preview:large","max-video-preview":"max-video-preview:-1"},"canonical":"https:\/\/exceladvisor.org\/tr\/sayfa-adini-al\/","og_locale":"tr_TR","og_type":"article","og_title":"Excel&#39;de sayfa ad\u0131 nas\u0131l al\u0131n\u0131r? - Excel Dan\u0131\u015fman\u0131","og_description":"Bu form\u00fcller e\u011fitiminde, bir form\u00fcl ve ard\u0131ndan tan\u0131mlanm\u0131\u015f bir i\u015flev kullanarak sayfa ad\u0131n\u0131 nas\u0131l alaca\u011f\u0131n\u0131z\u0131 \u00f6\u011freneceksiniz.","og_url":"https:\/\/exceladvisor.org\/tr\/sayfa-adini-al\/","og_site_name":"Excel Advisor","article_modified_time":"2023-12-10T06:02:21+00:00","og_image":[{"url":"https:\/\/exceladvisor.org\/wp-content\/uploads\/2023\/08\/1-formule-pour-obtenir-le-nom-de-la-feuille-de-calcul.png","type":"","width":"","height":""}],"twitter_card":"summary_large_image","twitter_misc":{"Tahmini okuma s\u00fcresi":"3 dakika"},"schema":{"@context":"https:\/\/schema.org","@graph":[{"@type":"WebPage","@id":"https:\/\/exceladvisor.org\/tr\/sayfa-adini-al\/","url":"https:\/\/exceladvisor.org\/tr\/sayfa-adini-al\/","name":"Excel&#39;de sayfa ad\u0131 nas\u0131l al\u0131n\u0131r? - Excel Dan\u0131\u015fman\u0131","isPartOf":{"@id":"https:\/\/exceladvisor.org\/tr\/#website"},"primaryImageOfPage":{"@id":"https:\/\/exceladvisor.org\/tr\/sayfa-adini-al\/#primaryimage"},"image":{"@id":"https:\/\/exceladvisor.org\/tr\/sayfa-adini-al\/#primaryimage"},"thumbnailUrl":"https:\/\/exceladvisor.org\/wp-content\/uploads\/2023\/08\/1-formule-pour-obtenir-le-nom-de-la-feuille-de-calcul.png","datePublished":"2023-11-16T09:48:27+00:00","dateModified":"2023-12-10T06:02:21+00:00","description":"Bu form\u00fcller e\u011fitiminde, bir form\u00fcl ve ard\u0131ndan tan\u0131mlanm\u0131\u015f bir i\u015flev kullanarak sayfa ad\u0131n\u0131 nas\u0131l alaca\u011f\u0131n\u0131z\u0131 \u00f6\u011freneceksiniz.","breadcrumb":{"@id":"https:\/\/exceladvisor.org\/tr\/sayfa-adini-al\/#breadcrumb"},"inLanguage":"tr","potentialAction":[{"@type":"ReadAction","target":["https:\/\/exceladvisor.org\/tr\/sayfa-adini-al\/"]}]},{"@type":"ImageObject","inLanguage":"tr","@id":"https:\/\/exceladvisor.org\/tr\/sayfa-adini-al\/#primaryimage","url":"https:\/\/exceladvisor.org\/wp-content\/uploads\/2023\/08\/1-formule-pour-obtenir-le-nom-de-la-feuille-de-calcul.png","contentUrl":"https:\/\/exceladvisor.org\/wp-content\/uploads\/2023\/08\/1-formule-pour-obtenir-le-nom-de-la-feuille-de-calcul.png"},{"@type":"BreadcrumbList","@id":"https:\/\/exceladvisor.org\/tr\/sayfa-adini-al\/#breadcrumb","itemListElement":[{"@type":"ListItem","position":1,"name":"Ev","item":"https:\/\/exceladvisor.org\/tr\/"},{"@type":"ListItem","position":2,"name":"Excel&#39;de sayfa ad\u0131 nas\u0131l al\u0131n\u0131r?"}]},{"@type":"WebSite","@id":"https:\/\/exceladvisor.org\/tr\/#website","url":"https:\/\/exceladvisor.org\/tr\/","name":"Excel Advisor","description":"Veri hakimiyetine y\u00f6nelik nihai rehberiniz!","publisher":{"@id":"https:\/\/exceladvisor.org\/tr\/#organization"},"potentialAction":[{"@type":"SearchAction","target":{"@type":"EntryPoint","urlTemplate":"https:\/\/exceladvisor.org\/tr\/?s={search_term_string}"},"query-input":{"@type":"PropertyValueSpecification","valueRequired":true,"valueName":"search_term_string"}}],"inLanguage":"tr"},{"@type":"Organization","@id":"https:\/\/exceladvisor.org\/tr\/#organization","name":"Excel Advisor","url":"https:\/\/exceladvisor.org\/tr\/","logo":{"@type":"ImageObject","inLanguage":"tr","@id":"https:\/\/exceladvisor.org\/tr\/#\/schema\/logo\/image\/","url":"https:\/\/exceladvisor.org\/tr\/wp-content\/uploads\/2023\/12\/exceladvisor.org_.png","contentUrl":"https:\/\/exceladvisor.org\/tr\/wp-content\/uploads\/2023\/12\/exceladvisor.org_.png","width":105,"height":36,"caption":"Excel Advisor"},"image":{"@id":"https:\/\/exceladvisor.org\/tr\/#\/schema\/logo\/image\/"}}]}},"yoast_meta":{"yoast_wpseo_title":"","yoast_wpseo_metadesc":"","yoast_wpseo_canonical":""},"_links":{"self":[{"href":"https:\/\/exceladvisor.org\/tr\/wp-json\/wp\/v2\/pages\/1579","targetHints":{"allow":["GET"]}}],"collection":[{"href":"https:\/\/exceladvisor.org\/tr\/wp-json\/wp\/v2\/pages"}],"about":[{"href":"https:\/\/exceladvisor.org\/tr\/wp-json\/wp\/v2\/types\/page"}],"author":[{"embeddable":true,"href":"https:\/\/exceladvisor.org\/tr\/wp-json\/wp\/v2\/users\/1"}],"replies":[{"embeddable":true,"href":"https:\/\/exceladvisor.org\/tr\/wp-json\/wp\/v2\/comments?post=1579"}],"version-history":[{"count":1,"href":"https:\/\/exceladvisor.org\/tr\/wp-json\/wp\/v2\/pages\/1579\/revisions"}],"predecessor-version":[{"id":2592,"href":"https:\/\/exceladvisor.org\/tr\/wp-json\/wp\/v2\/pages\/1579\/revisions\/2592"}],"wp:attachment":[{"href":"https:\/\/exceladvisor.org\/tr\/wp-json\/wp\/v2\/media?parent=1579"}],"curies":[{"name":"wp","href":"https:\/\/api.w.org\/{rel}","templated":true}]}}