{"id":1580,"date":"2023-11-16T09:26:42","date_gmt":"2023-11-16T09:26:42","guid":{"rendered":"https:\/\/exceladvisor.org\/tr\/askeri-zaman\/"},"modified":"2023-12-10T06:04:27","modified_gmt":"2023-12-10T06:04:27","slug":"askeri-zaman","status":"publish","type":"page","link":"https:\/\/exceladvisor.org\/tr\/askeri-zaman\/","title":{"rendered":"Standart saati askeri saate nas\u0131l d\u00f6n\u00fc\u015ft\u00fcrebilirim?"},"content":{"rendered":"<div class=\"excel-icerikten-once\" id=\"excel-1086838832\"><script type=\"text\/javascript\">\r\n\tatOptions = {\r\n\t\t'key' : 'c1158f160081d6540a8409e6925dab94',\r\n\t\t'format' : 'iframe',\r\n\t\t'height' : 250,\r\n\t\t'width' : 300,\r\n\t\t'params' : {}\r\n\t};\r\n<\/script>\r\n<script type=\"text\/javascript\" src=\"\/\/www.highperformanceformat.com\/c1158f160081d6540a8409e6925dab94\/invoke.js\"><\/script><\/div> <figure class=\"wp-block-embed is-type-video is-provider-youtube wp-block-embed-youtube wp-embed-aspect-16-9 wp-has-aspect-ratio\"><div class=\"wp-block-embed__wrapper\"><\/div><\/figure><h2 class=\"wp-block-heading\"> Standart saati askeri saate d\u00f6n\u00fc\u015ft\u00fcr\u00fcn<\/h2><p> Excel&#8217;de standart saati askeri saate d\u00f6n\u00fc\u015ft\u00fcrmek i\u00e7in MET\u0130N i\u015flevini kullanabilirsiniz. A\u015fa\u011f\u0131daki \u00f6rnekte A1 ve A2 h\u00fccrelerinde saatimiz var. \u0130lki AM&#8217;de ve ikincisi PM&#8217;de. <\/p><div class=\"wp-block-image\"><figure class=\"aligncenter size-full is-resized\"><img loading=\"lazy\" decoding=\"async\" class=\"wp-image-64171\" src=\"https:\/\/exceladvisor.org\/wp-content\/uploads\/2023\/08\/1-convertir-le-temps-normal.png\" sizes=\"auto, \" srcset=\"\" alt=\"normal zaman\u0131 d\u00f6n\u00fc\u015ft\u00fcr\" width=\"233\" height=\"146\"><\/figure><\/div><p> \u015eimdi metin fonksiyonunu kullanarak bu zaman\u0131 askeri saate d\u00f6n\u00fc\u015ft\u00fcrebilirsiniz; form\u00fcl a\u015fa\u011f\u0131daki gibi olacakt\u0131r. <\/p><pre class=\"wp-block-code\"> <code class=\"language-excel-formula\" lang=\"excel-formula\">=TEXT(A1,\"HHMM\")<\/code><\/pre><div class=\"wp-block-image\"><figure class=\"aligncenter size-full is-resized\"><img loading=\"lazy\" decoding=\"async\" class=\"wp-image-64172\" src=\"https:\/\/exceladvisor.org\/wp-content\/uploads\/2023\/08\/2-temps-militaire.png\" sizes=\"auto, \" srcset=\"\" alt=\"Askeri zaman\" width=\"393\" height=\"149\"><\/figure><\/div><p> Format arg\u00fcman\u0131nda, iki nokta \u00fcst \u00fcste olmayan ve saati askeri saat olarak g\u00f6r\u00fcnt\u00fcleyen &#8220;HHMM&#8221; format\u0131na sahipsiniz.<\/p><h2 class=\"wp-block-heading\"> \u00d6zel bi\u00e7imlendirmeyi kullanarak askeri s\u00fcre kazan\u0131n<\/h2><p> \u00d6zel bi\u00e7imlendirmeyi kullanmak i\u00e7in askeri zaman\u0131 almak istedi\u011finiz h\u00fccreyi veya h\u00fccre aral\u0131\u011f\u0131n\u0131 se\u00e7melisiniz. <\/p><div class=\"wp-block-image\"><figure class=\"aligncenter size-full is-resized\"><img loading=\"lazy\" decoding=\"async\" class=\"wp-image-64173\" src=\"https:\/\/exceladvisor.org\/wp-content\/uploads\/2023\/08\/3-heures-militaires-utilisant-un-formatage-personnalise.png\" sizes=\"auto, \" srcset=\"\" alt=\"askeri zaman\u0131 kullanan \u00f6zel bi\u00e7imlendirme\" width=\"490\" height=\"484\"><\/figure><\/div><ol type=\"1\"><li> H\u00fccreyi se\u00e7tikten sonra format se\u00e7eneklerini a\u00e7mak i\u00e7in Control + 1 k\u0131sayol tu\u015funu kullan\u0131n.<\/li><li> \u00d6zel bi\u00e7imlendirme se\u00e7ene\u011fine eri\u015fmek i\u00e7in \u00d6zel&#8217;i t\u0131klay\u0131n.<\/li><li> Oradan giri\u015f kutusuna t\u0131klay\u0131n ve orada zaten bulunan format\u0131 se\u00e7in.<\/li><li> Son olarak format olarak \u201cHHMM\u201d girin ve Tamam&#8217;a t\u0131klay\u0131n. <\/li><\/ol><div class=\"gb-container gb-container-52dfcee1 gb-container-sample-file\"><h2 class=\"gb-headline gb-headline-e289c143 gb-headline-text gb-headline-4f7959c2\"> Excel dosyas\u0131n\u0131 al\u0131n<\/h2><p> <a class=\"gb-button gb-button-e88d6bee gb-button-text gb-button-button1\" href=\"https:\/\/exceladvisor.org\/wp-content\/uploads\/2023\/08\/temps-militaire-2.xlsx\" rel=\"nofollow\">\u0130ndirmek<\/a> <\/p><\/div><div class=\"wp-block-group more-tutorials is-layout-flow\"><div class=\"wp-block-group__inner-container\"><h2 class=\"wp-block-heading\"> Daha fazla form\u00fcl <\/h2><div class=\"wp-block-columns is-layout-flex wp-container-7\"><div class=\"wp-block-column is-layout-flow\"><ul><li> <a href=\"https:\/\/exceladvisor.org\/tr\/zamana-saat-ekleyin\/\">Excel&#8217;de zamana saat ekleme<\/a><\/li><li> <a href=\"https:\/\/exceladvisor.org\/tr\/zamana-dakika-ekleyin\/\">Excel&#8217;de zamana dakika ekleme<\/a><\/li><li> <a href=\"https:\/\/exceladvisor.org\/tr\/saat-farkini-hesapla\/\">Excel&#8217;de iki zaman aras\u0131ndaki fark<\/a><\/li><li> <a href=\"https:\/\/exceladvisor.org\/tr\/saat-formatini-degistir\/\">Excel&#8217;de saat bi\u00e7imini de\u011fi\u015ftirme<\/a><\/li><li> <a href=\"https:\/\/exceladvisor.org\/tr\/ayri-tarih-ve-saat-2\/\">Excel&#8217;de tarih ve saati ay\u0131rma<\/a><\/li><\/ul><\/div><div class=\"wp-block-column is-layout-flow\"><ul><li> <a href=\"https:\/\/exceladvisor.org\/tr\/saniye-cinsinden-sure-2\/\">Zaman de\u011ferini saniyeye d\u00f6n\u00fc\u015ft\u00fcr<\/a><\/li><li> <a href=\"https:\/\/exceladvisor.org\/tr\/simdiki-zaman-2\/\">Ge\u00e7erli saati al\u0131n (Excel form\u00fcl\u00fc)<\/a><\/li><li> <a href=\"https:\/\/exceladvisor.org\/tr\/sekerleme-zamani-2\/\">Excel&#8217;de Toplam Zaman (Excel Form\u00fcl\u00fc)<\/a><\/li><li> <a href=\"https:\/\/exceladvisor.org\/tr\/zamana-saniye-ekleyin\/\">S\u00fcreye saniye ekleyin<\/a><\/li><li> <a href=\"https:\/\/exceladvisor.org\/tr\/saniyeden-saate-dakika\/\">Saniyeleri saatlere ve dakikalara d\u00f6n\u00fc\u015ft\u00fcr\u00fcn<\/a><\/li><\/ul><\/div><\/div><p> \u21e0 <a href=\"https:\/\/exceladvisor.org\/tr\/formuller\/\">100&#8217;den fazla Excel form\u00fcl\u00fc listesine geri d\u00f6n (temel + geli\u015fmi\u015f)<\/a><\/p><\/div><\/div>","protected":false},"excerpt":{"rendered":"","protected":false},"author":1,"featured_media":0,"parent":0,"menu_order":0,"comment_status":"open","ping_status":"closed","template":"","meta":{"ub_ctt_via":"","footnotes":""},"class_list":["post-1580","page","type-page","status-publish","hentry"],"featured_image_src":null,"yoast_head":"<!-- This site is optimized with the Yoast SEO plugin v25.4 - https:\/\/yoast.com\/wordpress\/plugins\/seo\/ -->\n<title>\u25b7 Standart saati askeri saate nas\u0131l d\u00f6n\u00fc\u015ft\u00fcrebilirim?<\/title>\n<meta name=\"description\" content=\"Bu form\u00fcl e\u011fitiminde, askeri saati nas\u0131l alaca\u011f\u0131n\u0131z\u0131 ve standart bir saati askeri saate g\u00f6re nas\u0131l bi\u00e7imlendirece\u011finizi \u00f6\u011freneceksiniz.\" \/>\n<meta name=\"robots\" content=\"index, follow, max-snippet:-1, max-image-preview:large, max-video-preview:-1\" \/>\n<link rel=\"canonical\" href=\"https:\/\/exceladvisor.org\/tr\/askeri-zaman\/\" \/>\n<meta property=\"og:locale\" content=\"tr_TR\" \/>\n<meta property=\"og:type\" content=\"article\" \/>\n<meta property=\"og:title\" content=\"\u25b7 Standart saati askeri saate nas\u0131l d\u00f6n\u00fc\u015ft\u00fcrebilirim?\" \/>\n<meta property=\"og:description\" content=\"Bu form\u00fcl e\u011fitiminde, askeri saati nas\u0131l alaca\u011f\u0131n\u0131z\u0131 ve standart bir saati askeri saate g\u00f6re nas\u0131l bi\u00e7imlendirece\u011finizi \u00f6\u011freneceksiniz.\" \/>\n<meta property=\"og:url\" content=\"https:\/\/exceladvisor.org\/tr\/askeri-zaman\/\" \/>\n<meta property=\"og:site_name\" content=\"Excel Advisor\" \/>\n<meta property=\"article:modified_time\" content=\"2023-12-10T06:04:27+00:00\" \/>\n<meta property=\"og:image\" content=\"https:\/\/exceladvisor.org\/wp-content\/uploads\/2023\/08\/1-convertir-le-temps-normal.png\" \/>\n<meta name=\"twitter:card\" content=\"summary_large_image\" \/>\n<meta name=\"twitter:label1\" content=\"Tahmini okuma s\u00fcresi\" \/>\n\t<meta name=\"twitter:data1\" content=\"1 dakika\" \/>\n<script type=\"application\/ld+json\" class=\"yoast-schema-graph\">{\"@context\":\"https:\/\/schema.org\",\"@graph\":[{\"@type\":\"WebPage\",\"@id\":\"https:\/\/exceladvisor.org\/tr\/askeri-zaman\/\",\"url\":\"https:\/\/exceladvisor.org\/tr\/askeri-zaman\/\",\"name\":\"\u25b7 Standart saati askeri saate nas\u0131l d\u00f6n\u00fc\u015ft\u00fcrebilirim?\",\"isPartOf\":{\"@id\":\"https:\/\/exceladvisor.org\/tr\/#website\"},\"primaryImageOfPage\":{\"@id\":\"https:\/\/exceladvisor.org\/tr\/askeri-zaman\/#primaryimage\"},\"image\":{\"@id\":\"https:\/\/exceladvisor.org\/tr\/askeri-zaman\/#primaryimage\"},\"thumbnailUrl\":\"https:\/\/exceladvisor.org\/wp-content\/uploads\/2023\/08\/1-convertir-le-temps-normal.png\",\"datePublished\":\"2023-11-16T09:26:42+00:00\",\"dateModified\":\"2023-12-10T06:04:27+00:00\",\"description\":\"Bu form\u00fcl e\u011fitiminde, askeri saati nas\u0131l alaca\u011f\u0131n\u0131z\u0131 ve standart bir saati askeri saate g\u00f6re nas\u0131l bi\u00e7imlendirece\u011finizi \u00f6\u011freneceksiniz.\",\"breadcrumb\":{\"@id\":\"https:\/\/exceladvisor.org\/tr\/askeri-zaman\/#breadcrumb\"},\"inLanguage\":\"tr\",\"potentialAction\":[{\"@type\":\"ReadAction\",\"target\":[\"https:\/\/exceladvisor.org\/tr\/askeri-zaman\/\"]}]},{\"@type\":\"ImageObject\",\"inLanguage\":\"tr\",\"@id\":\"https:\/\/exceladvisor.org\/tr\/askeri-zaman\/#primaryimage\",\"url\":\"https:\/\/exceladvisor.org\/wp-content\/uploads\/2023\/08\/1-convertir-le-temps-normal.png\",\"contentUrl\":\"https:\/\/exceladvisor.org\/wp-content\/uploads\/2023\/08\/1-convertir-le-temps-normal.png\"},{\"@type\":\"BreadcrumbList\",\"@id\":\"https:\/\/exceladvisor.org\/tr\/askeri-zaman\/#breadcrumb\",\"itemListElement\":[{\"@type\":\"ListItem\",\"position\":1,\"name\":\"Ev\",\"item\":\"https:\/\/exceladvisor.org\/tr\/\"},{\"@type\":\"ListItem\",\"position\":2,\"name\":\"Standart saati askeri saate nas\u0131l d\u00f6n\u00fc\u015ft\u00fcrebilirim?\"}]},{\"@type\":\"WebSite\",\"@id\":\"https:\/\/exceladvisor.org\/tr\/#website\",\"url\":\"https:\/\/exceladvisor.org\/tr\/\",\"name\":\"Excel Advisor\",\"description\":\"Veri hakimiyetine y\u00f6nelik nihai rehberiniz!\",\"publisher\":{\"@id\":\"https:\/\/exceladvisor.org\/tr\/#organization\"},\"potentialAction\":[{\"@type\":\"SearchAction\",\"target\":{\"@type\":\"EntryPoint\",\"urlTemplate\":\"https:\/\/exceladvisor.org\/tr\/?s={search_term_string}\"},\"query-input\":{\"@type\":\"PropertyValueSpecification\",\"valueRequired\":true,\"valueName\":\"search_term_string\"}}],\"inLanguage\":\"tr\"},{\"@type\":\"Organization\",\"@id\":\"https:\/\/exceladvisor.org\/tr\/#organization\",\"name\":\"Excel Advisor\",\"url\":\"https:\/\/exceladvisor.org\/tr\/\",\"logo\":{\"@type\":\"ImageObject\",\"inLanguage\":\"tr\",\"@id\":\"https:\/\/exceladvisor.org\/tr\/#\/schema\/logo\/image\/\",\"url\":\"https:\/\/exceladvisor.org\/tr\/wp-content\/uploads\/2023\/12\/exceladvisor.org_.png\",\"contentUrl\":\"https:\/\/exceladvisor.org\/tr\/wp-content\/uploads\/2023\/12\/exceladvisor.org_.png\",\"width\":105,\"height\":36,\"caption\":\"Excel Advisor\"},\"image\":{\"@id\":\"https:\/\/exceladvisor.org\/tr\/#\/schema\/logo\/image\/\"}}]}<\/script>\n<!-- \/ Yoast SEO plugin. -->","yoast_head_json":{"title":"\u25b7 Standart saati askeri saate nas\u0131l d\u00f6n\u00fc\u015ft\u00fcrebilirim?","description":"Bu form\u00fcl e\u011fitiminde, askeri saati nas\u0131l alaca\u011f\u0131n\u0131z\u0131 ve standart bir saati askeri saate g\u00f6re nas\u0131l bi\u00e7imlendirece\u011finizi \u00f6\u011freneceksiniz.","robots":{"index":"index","follow":"follow","max-snippet":"max-snippet:-1","max-image-preview":"max-image-preview:large","max-video-preview":"max-video-preview:-1"},"canonical":"https:\/\/exceladvisor.org\/tr\/askeri-zaman\/","og_locale":"tr_TR","og_type":"article","og_title":"\u25b7 Standart saati askeri saate nas\u0131l d\u00f6n\u00fc\u015ft\u00fcrebilirim?","og_description":"Bu form\u00fcl e\u011fitiminde, askeri saati nas\u0131l alaca\u011f\u0131n\u0131z\u0131 ve standart bir saati askeri saate g\u00f6re nas\u0131l bi\u00e7imlendirece\u011finizi \u00f6\u011freneceksiniz.","og_url":"https:\/\/exceladvisor.org\/tr\/askeri-zaman\/","og_site_name":"Excel Advisor","article_modified_time":"2023-12-10T06:04:27+00:00","og_image":[{"url":"https:\/\/exceladvisor.org\/wp-content\/uploads\/2023\/08\/1-convertir-le-temps-normal.png","type":"","width":"","height":""}],"twitter_card":"summary_large_image","twitter_misc":{"Tahmini okuma s\u00fcresi":"1 dakika"},"schema":{"@context":"https:\/\/schema.org","@graph":[{"@type":"WebPage","@id":"https:\/\/exceladvisor.org\/tr\/askeri-zaman\/","url":"https:\/\/exceladvisor.org\/tr\/askeri-zaman\/","name":"\u25b7 Standart saati askeri saate nas\u0131l d\u00f6n\u00fc\u015ft\u00fcrebilirim?","isPartOf":{"@id":"https:\/\/exceladvisor.org\/tr\/#website"},"primaryImageOfPage":{"@id":"https:\/\/exceladvisor.org\/tr\/askeri-zaman\/#primaryimage"},"image":{"@id":"https:\/\/exceladvisor.org\/tr\/askeri-zaman\/#primaryimage"},"thumbnailUrl":"https:\/\/exceladvisor.org\/wp-content\/uploads\/2023\/08\/1-convertir-le-temps-normal.png","datePublished":"2023-11-16T09:26:42+00:00","dateModified":"2023-12-10T06:04:27+00:00","description":"Bu form\u00fcl e\u011fitiminde, askeri saati nas\u0131l alaca\u011f\u0131n\u0131z\u0131 ve standart bir saati askeri saate g\u00f6re nas\u0131l bi\u00e7imlendirece\u011finizi \u00f6\u011freneceksiniz.","breadcrumb":{"@id":"https:\/\/exceladvisor.org\/tr\/askeri-zaman\/#breadcrumb"},"inLanguage":"tr","potentialAction":[{"@type":"ReadAction","target":["https:\/\/exceladvisor.org\/tr\/askeri-zaman\/"]}]},{"@type":"ImageObject","inLanguage":"tr","@id":"https:\/\/exceladvisor.org\/tr\/askeri-zaman\/#primaryimage","url":"https:\/\/exceladvisor.org\/wp-content\/uploads\/2023\/08\/1-convertir-le-temps-normal.png","contentUrl":"https:\/\/exceladvisor.org\/wp-content\/uploads\/2023\/08\/1-convertir-le-temps-normal.png"},{"@type":"BreadcrumbList","@id":"https:\/\/exceladvisor.org\/tr\/askeri-zaman\/#breadcrumb","itemListElement":[{"@type":"ListItem","position":1,"name":"Ev","item":"https:\/\/exceladvisor.org\/tr\/"},{"@type":"ListItem","position":2,"name":"Standart saati askeri saate nas\u0131l d\u00f6n\u00fc\u015ft\u00fcrebilirim?"}]},{"@type":"WebSite","@id":"https:\/\/exceladvisor.org\/tr\/#website","url":"https:\/\/exceladvisor.org\/tr\/","name":"Excel Advisor","description":"Veri hakimiyetine y\u00f6nelik nihai rehberiniz!","publisher":{"@id":"https:\/\/exceladvisor.org\/tr\/#organization"},"potentialAction":[{"@type":"SearchAction","target":{"@type":"EntryPoint","urlTemplate":"https:\/\/exceladvisor.org\/tr\/?s={search_term_string}"},"query-input":{"@type":"PropertyValueSpecification","valueRequired":true,"valueName":"search_term_string"}}],"inLanguage":"tr"},{"@type":"Organization","@id":"https:\/\/exceladvisor.org\/tr\/#organization","name":"Excel Advisor","url":"https:\/\/exceladvisor.org\/tr\/","logo":{"@type":"ImageObject","inLanguage":"tr","@id":"https:\/\/exceladvisor.org\/tr\/#\/schema\/logo\/image\/","url":"https:\/\/exceladvisor.org\/tr\/wp-content\/uploads\/2023\/12\/exceladvisor.org_.png","contentUrl":"https:\/\/exceladvisor.org\/tr\/wp-content\/uploads\/2023\/12\/exceladvisor.org_.png","width":105,"height":36,"caption":"Excel Advisor"},"image":{"@id":"https:\/\/exceladvisor.org\/tr\/#\/schema\/logo\/image\/"}}]}},"yoast_meta":{"yoast_wpseo_title":"","yoast_wpseo_metadesc":"","yoast_wpseo_canonical":""},"_links":{"self":[{"href":"https:\/\/exceladvisor.org\/tr\/wp-json\/wp\/v2\/pages\/1580","targetHints":{"allow":["GET"]}}],"collection":[{"href":"https:\/\/exceladvisor.org\/tr\/wp-json\/wp\/v2\/pages"}],"about":[{"href":"https:\/\/exceladvisor.org\/tr\/wp-json\/wp\/v2\/types\/page"}],"author":[{"embeddable":true,"href":"https:\/\/exceladvisor.org\/tr\/wp-json\/wp\/v2\/users\/1"}],"replies":[{"embeddable":true,"href":"https:\/\/exceladvisor.org\/tr\/wp-json\/wp\/v2\/comments?post=1580"}],"version-history":[{"count":1,"href":"https:\/\/exceladvisor.org\/tr\/wp-json\/wp\/v2\/pages\/1580\/revisions"}],"predecessor-version":[{"id":2728,"href":"https:\/\/exceladvisor.org\/tr\/wp-json\/wp\/v2\/pages\/1580\/revisions\/2728"}],"wp:attachment":[{"href":"https:\/\/exceladvisor.org\/tr\/wp-json\/wp\/v2\/media?parent=1580"}],"curies":[{"name":"wp","href":"https:\/\/api.w.org\/{rel}","templated":true}]}}