{"id":1581,"date":"2023-11-16T09:18:33","date_gmt":"2023-11-16T09:18:33","guid":{"rendered":"https:\/\/exceladvisor.org\/tr\/2-yil-hizmet-al\/"},"modified":"2023-12-10T06:04:04","modified_gmt":"2023-12-10T06:04:04","slug":"2-yil-hizmet-al","status":"publish","type":"page","link":"https:\/\/exceladvisor.org\/tr\/2-yil-hizmet-al\/","title":{"rendered":"Hizmet y\u0131l\u0131 say\u0131s\u0131n\u0131 nas\u0131l \u00f6\u011frenebilirim?"},"content":{"rendered":"<div class=\"excel-icerikten-once\" id=\"excel-969785454\"><script type=\"text\/javascript\">\r\n\tatOptions = {\r\n\t\t'key' : 'c1158f160081d6540a8409e6925dab94',\r\n\t\t'format' : 'iframe',\r\n\t\t'height' : 250,\r\n\t\t'width' : 300,\r\n\t\t'params' : {}\r\n\t};\r\n<\/script>\r\n<script type=\"text\/javascript\" src=\"\/\/www.highperformanceformat.com\/c1158f160081d6540a8409e6925dab94\/invoke.js\"><\/script><\/div> <p>Bu e\u011fitim, hizmet y\u0131llar\u0131n\u0131 hesaplamak i\u00e7in Excel&#8217;de bir form\u00fcl olu\u015fturma s\u00fcrecinde size yol g\u00f6sterecektir. Bu g\u00f6rev i\u00e7in kullanaca\u011f\u0131n\u0131z ara\u00e7 TAR\u0130HL\u0130 E\u011eER i\u015flevidir. Bu fonksiyona a\u015fina de\u011filseniz okumaya devam ederseniz daha iyi anlayacaks\u0131n\u0131z.<\/p><h2 class=\"wp-block-heading\"> Hizmet y\u0131l\u0131 say\u0131s\u0131n\u0131 \u00f6\u011frenin<\/h2><p> A\u015fa\u011f\u0131daki \u00f6rnekte bir ba\u015flang\u0131\u00e7 tarihimiz ve bir biti\u015f tarihimiz var. <\/p><div class=\"wp-block-image\"><figure class=\"aligncenter size-full is-resized\"><img loading=\"lazy\" decoding=\"async\" class=\"wp-image-64911\" src=\"https:\/\/exceladvisor.org\/wp-content\/uploads\/2023\/08\/1-an-de-service.png\" sizes=\"auto, \" srcset=\"\" alt=\"hizmet y\u0131l\u0131\" width=\"478\" height=\"304\"><\/figure><\/div><p> \u015eimdi a\u015fa\u011f\u0131daki ad\u0131mlar\u0131 kullanal\u0131m:<\/p><ol type=\"1\"><li> C2 h\u00fccresine \u201c= <a href=\"https:\/\/exceladvisor.org\/tr\/eger-tarih\/\">TAR\u0130HL\u0130<\/a> E\u011eER (\u201d yaz\u0131n.<\/li><li> A2 olan ba\u015flang\u0131\u00e7 tarihine bak\u0131n ve bir komut girin.<\/li><li> B2 olan biti\u015f tarihine bak\u0131n ve bir komut girin.<\/li><li> Sonucu almak i\u00e7in &#8220;y&#8221; girin, kapatma parantezlerini girin ve Enter tu\u015funa bas\u0131n. <\/li><\/ol><div class=\"wp-block-image\"><figure class=\"aligncenter size-full is-resized\"><img loading=\"lazy\" decoding=\"async\" class=\"wp-image-64912\" src=\"https:\/\/exceladvisor.org\/wp-content\/uploads\/2023\/08\/2-obtenir-lannee-de-service.png\" sizes=\"auto, \" srcset=\"\" alt=\"hizmet y\u0131l\u0131\" width=\"490\" height=\"465\"><\/figure><\/div><p> A\u00e7\u0131klayay\u0131m: TAR\u0130HL\u0130 E\u011eER fonksiyonunda &#8220;y&#8221; kulland\u0131\u011f\u0131n\u0131zda ba\u015flang\u0131\u00e7 tarihi ile biti\u015f tarihi aras\u0131ndaki tam y\u0131l\u0131 d\u00f6nd\u00fcr\u00fcr.<\/p><pre class=\"wp-block-code\"> <code class=\"language-excel-formula\" lang=\"excel-formula\">=DATEDIF(A2,B2,\"y\")<\/code><\/pre><p> \u015eimdi iki tarih aras\u0131nda y\u0131l, ay ve tarihler dahil olmak \u00fczere tam hizmet s\u00fcresi almak istedi\u011finizi varsayal\u0131m. A\u015fa\u011f\u0131daki form\u00fcl\u00fc kullanabilirsiniz. <\/p><pre class=\"wp-block-code\"> <code class=\"language-excel-formula\" lang=\"excel-formula\">=DATEDIF(A2,B2,\"y\")&amp;\" year(s), \"&amp;DATEDIF(A2,B2,\"ym\")&amp;\" months(s), \"&amp;DATEDIF(A2,B2,\"md\")&amp;\" days(s).\"<\/code><\/pre><div class=\"wp-block-image\"><figure class=\"aligncenter size-full is-resized\"><img loading=\"lazy\" decoding=\"async\" class=\"wp-image-64913\" src=\"https:\/\/exceladvisor.org\/wp-content\/uploads\/2023\/08\/3-ans-mois-date-de-service.png\" sizes=\"auto, \" srcset=\"\" alt=\"get-y\u0131l-ay-hizmet-tarihi\" width=\"765\" height=\"182\"><\/figure><\/div><h2 class=\"wp-block-heading\"> Bug\u00fcnden itibaren y\u0131llarca hizmet al\u0131n<\/h2><p> \u015eimdi, bug\u00fcn\u00fcn tarihini kullanarak hizmet y\u0131l\u0131n\u0131 hesaplamak istedi\u011finizi varsayal\u0131m. \u0130\u015fte kullanman\u0131z gereken form\u00fcl. <\/p><pre class=\"wp-block-code\"> <code class=\"language-excel-formula\" lang=\"excel-formula\">=DATEDIF(A2,TODAY(),\"y\")&amp;\" year(s)\"<\/code><\/pre><div class=\"wp-block-image\"><figure class=\"aligncenter size-full is-resized\"><img loading=\"lazy\" decoding=\"async\" class=\"wp-image-64914\" src=\"https:\/\/exceladvisor.org\/wp-content\/uploads\/2023\/08\/4-obtenez-une-annee-de-service-a-partir-daujourdhui.png\" sizes=\"auto, \" srcset=\"\" alt=\"hizmet y\u0131l\u0131-bug\u00fcn ba\u015fl\u0131yor\" width=\"576\" height=\"430\"><\/figure><\/div><div class=\"gb-container gb-container-52dfcee1 gb-container-sample-file\"><h2 class=\"gb-headline gb-headline-e289c143 gb-headline-text gb-headline-4f7959c2\"> Excel dosyas\u0131n\u0131 al\u0131n<\/h2> <a class=\"gb-button gb-button-e88d6bee gb-button-text gb-button-button1\" href=\"https:\/\/exceladvisor.org\/wp-content\/uploads\/2023\/08\/obtenir-des-annees-de-service.xlsx\" rel=\"nofollow\">\u0130ndirmek<\/a><\/div><div class=\"gb-container gb-container-0df56012 gb-container-mt\"> <a class=\"gb-button gb-button-f9f432f4 gb-button-text gb-button-mt-button\" href=\"https:\/\/exceladvisor.org\/tr\/formuller\/\">Excel form\u00fcllerinin listesi<\/a><h2 class=\"gb-headline gb-headline-233444e8 gb-headline-text gb-headline-mt-heading\"> \u0130lgili form\u00fcller <\/h2><div class=\"gb-grid-wrapper gb-grid-wrapper-a16fa65c gb-grid-wrapper-mt-grid\"><div class=\"gb-grid-column gb-grid-column-50d07e0d\"><div class=\"gb-container gb-container-50d07e0d\"><ul><li> <a href=\"https:\/\/exceladvisor.org\/tr\/bugune-yil-ekle\/\">Excel&#8217;de bug\u00fcne kadar y\u0131l ekleme<\/a><\/li><li> <a href=\"https:\/\/exceladvisor.org\/tr\/iki-tarih-arasindaki-yillari-say\/\">Excel&#8217;de iki tarih aras\u0131ndaki y\u0131llar\u0131 say\u0131n<\/a><\/li><li> <a href=\"https:\/\/exceladvisor.org\/tr\/yilin-gununun-numarasini-al\/\">Excel&#8217;de y\u0131l\u0131n g\u00fcn say\u0131s\u0131n\u0131 al\u0131n<\/a> <\/li><\/ul><\/div><\/div><div class=\"gb-grid-column gb-grid-column-5b4a0cf9\"><div class=\"gb-container gb-container-5b4a0cf9\"><ul><li> <a href=\"https:\/\/exceladvisor.org\/tr\/tarihler-arasindaki-yillar\/\">Excel&#8217;de tarihler aras\u0131ndaki y\u0131llar<\/a><\/li><li> <a href=\"https:\/\/exceladvisor.org\/tr\/yil-ayi-cikar\/\">Excel&#8217;deki bir tarihten y\u0131l\u0131 veya ay\u0131 \u00e7\u0131kar\u0131n (Al\u0131n)<\/a><\/li><\/ul><\/div><\/div><\/div><\/div>","protected":false},"excerpt":{"rendered":"","protected":false},"author":1,"featured_media":0,"parent":0,"menu_order":0,"comment_status":"open","ping_status":"closed","template":"","meta":{"ub_ctt_via":"","footnotes":""},"class_list":["post-1581","page","type-page","status-publish","hentry"],"featured_image_src":null,"yoast_head":"<!-- This site is optimized with the Yoast SEO plugin v25.4 - https:\/\/yoast.com\/wordpress\/plugins\/seo\/ -->\n<title>Hizmet y\u0131l\u0131 say\u0131s\u0131n\u0131 nas\u0131l \u00f6\u011frenebilirim? - Excel Dan\u0131\u015fman\u0131<\/title>\n<meta name=\"description\" content=\"Bu e\u011fitim, hizmet y\u0131llar\u0131n\u0131 hesaplamak i\u00e7in Excel&#039;de bir form\u00fcl olu\u015fturma s\u00fcrecinde size yol g\u00f6sterecektir.\" \/>\n<meta name=\"robots\" content=\"index, follow, max-snippet:-1, max-image-preview:large, max-video-preview:-1\" \/>\n<link rel=\"canonical\" href=\"https:\/\/exceladvisor.org\/tr\/2-yil-hizmet-al\/\" \/>\n<meta property=\"og:locale\" content=\"tr_TR\" \/>\n<meta property=\"og:type\" content=\"article\" \/>\n<meta property=\"og:title\" content=\"Hizmet y\u0131l\u0131 say\u0131s\u0131n\u0131 nas\u0131l \u00f6\u011frenebilirim? - Excel Dan\u0131\u015fman\u0131\" \/>\n<meta property=\"og:description\" content=\"Bu e\u011fitim, hizmet y\u0131llar\u0131n\u0131 hesaplamak i\u00e7in Excel&#039;de bir form\u00fcl olu\u015fturma s\u00fcrecinde size yol g\u00f6sterecektir.\" \/>\n<meta property=\"og:url\" content=\"https:\/\/exceladvisor.org\/tr\/2-yil-hizmet-al\/\" \/>\n<meta property=\"og:site_name\" content=\"Excel Advisor\" \/>\n<meta property=\"article:modified_time\" content=\"2023-12-10T06:04:04+00:00\" \/>\n<meta property=\"og:image\" content=\"https:\/\/exceladvisor.org\/wp-content\/uploads\/2023\/08\/1-an-de-service.png\" \/>\n<meta name=\"twitter:card\" content=\"summary_large_image\" \/>\n<meta name=\"twitter:label1\" content=\"Tahmini okuma s\u00fcresi\" \/>\n\t<meta name=\"twitter:data1\" content=\"1 dakika\" \/>\n<script type=\"application\/ld+json\" class=\"yoast-schema-graph\">{\"@context\":\"https:\/\/schema.org\",\"@graph\":[{\"@type\":\"WebPage\",\"@id\":\"https:\/\/exceladvisor.org\/tr\/2-yil-hizmet-al\/\",\"url\":\"https:\/\/exceladvisor.org\/tr\/2-yil-hizmet-al\/\",\"name\":\"Hizmet y\u0131l\u0131 say\u0131s\u0131n\u0131 nas\u0131l \u00f6\u011frenebilirim? - Excel Dan\u0131\u015fman\u0131\",\"isPartOf\":{\"@id\":\"https:\/\/exceladvisor.org\/tr\/#website\"},\"primaryImageOfPage\":{\"@id\":\"https:\/\/exceladvisor.org\/tr\/2-yil-hizmet-al\/#primaryimage\"},\"image\":{\"@id\":\"https:\/\/exceladvisor.org\/tr\/2-yil-hizmet-al\/#primaryimage\"},\"thumbnailUrl\":\"https:\/\/exceladvisor.org\/wp-content\/uploads\/2023\/08\/1-an-de-service.png\",\"datePublished\":\"2023-11-16T09:18:33+00:00\",\"dateModified\":\"2023-12-10T06:04:04+00:00\",\"description\":\"Bu e\u011fitim, hizmet y\u0131llar\u0131n\u0131 hesaplamak i\u00e7in Excel&#39;de bir form\u00fcl olu\u015fturma s\u00fcrecinde size yol g\u00f6sterecektir.\",\"breadcrumb\":{\"@id\":\"https:\/\/exceladvisor.org\/tr\/2-yil-hizmet-al\/#breadcrumb\"},\"inLanguage\":\"tr\",\"potentialAction\":[{\"@type\":\"ReadAction\",\"target\":[\"https:\/\/exceladvisor.org\/tr\/2-yil-hizmet-al\/\"]}]},{\"@type\":\"ImageObject\",\"inLanguage\":\"tr\",\"@id\":\"https:\/\/exceladvisor.org\/tr\/2-yil-hizmet-al\/#primaryimage\",\"url\":\"https:\/\/exceladvisor.org\/wp-content\/uploads\/2023\/08\/1-an-de-service.png\",\"contentUrl\":\"https:\/\/exceladvisor.org\/wp-content\/uploads\/2023\/08\/1-an-de-service.png\"},{\"@type\":\"BreadcrumbList\",\"@id\":\"https:\/\/exceladvisor.org\/tr\/2-yil-hizmet-al\/#breadcrumb\",\"itemListElement\":[{\"@type\":\"ListItem\",\"position\":1,\"name\":\"Ev\",\"item\":\"https:\/\/exceladvisor.org\/tr\/\"},{\"@type\":\"ListItem\",\"position\":2,\"name\":\"Hizmet y\u0131l\u0131 say\u0131s\u0131n\u0131 nas\u0131l \u00f6\u011frenebilirim?\"}]},{\"@type\":\"WebSite\",\"@id\":\"https:\/\/exceladvisor.org\/tr\/#website\",\"url\":\"https:\/\/exceladvisor.org\/tr\/\",\"name\":\"Excel Advisor\",\"description\":\"Veri hakimiyetine y\u00f6nelik nihai rehberiniz!\",\"publisher\":{\"@id\":\"https:\/\/exceladvisor.org\/tr\/#organization\"},\"potentialAction\":[{\"@type\":\"SearchAction\",\"target\":{\"@type\":\"EntryPoint\",\"urlTemplate\":\"https:\/\/exceladvisor.org\/tr\/?s={search_term_string}\"},\"query-input\":{\"@type\":\"PropertyValueSpecification\",\"valueRequired\":true,\"valueName\":\"search_term_string\"}}],\"inLanguage\":\"tr\"},{\"@type\":\"Organization\",\"@id\":\"https:\/\/exceladvisor.org\/tr\/#organization\",\"name\":\"Excel Advisor\",\"url\":\"https:\/\/exceladvisor.org\/tr\/\",\"logo\":{\"@type\":\"ImageObject\",\"inLanguage\":\"tr\",\"@id\":\"https:\/\/exceladvisor.org\/tr\/#\/schema\/logo\/image\/\",\"url\":\"https:\/\/exceladvisor.org\/tr\/wp-content\/uploads\/2023\/12\/exceladvisor.org_.png\",\"contentUrl\":\"https:\/\/exceladvisor.org\/tr\/wp-content\/uploads\/2023\/12\/exceladvisor.org_.png\",\"width\":105,\"height\":36,\"caption\":\"Excel Advisor\"},\"image\":{\"@id\":\"https:\/\/exceladvisor.org\/tr\/#\/schema\/logo\/image\/\"}}]}<\/script>\n<!-- \/ Yoast SEO plugin. -->","yoast_head_json":{"title":"Hizmet y\u0131l\u0131 say\u0131s\u0131n\u0131 nas\u0131l \u00f6\u011frenebilirim? - Excel Dan\u0131\u015fman\u0131","description":"Bu e\u011fitim, hizmet y\u0131llar\u0131n\u0131 hesaplamak i\u00e7in Excel&#39;de bir form\u00fcl olu\u015fturma s\u00fcrecinde size yol g\u00f6sterecektir.","robots":{"index":"index","follow":"follow","max-snippet":"max-snippet:-1","max-image-preview":"max-image-preview:large","max-video-preview":"max-video-preview:-1"},"canonical":"https:\/\/exceladvisor.org\/tr\/2-yil-hizmet-al\/","og_locale":"tr_TR","og_type":"article","og_title":"Hizmet y\u0131l\u0131 say\u0131s\u0131n\u0131 nas\u0131l \u00f6\u011frenebilirim? - Excel Dan\u0131\u015fman\u0131","og_description":"Bu e\u011fitim, hizmet y\u0131llar\u0131n\u0131 hesaplamak i\u00e7in Excel&#39;de bir form\u00fcl olu\u015fturma s\u00fcrecinde size yol g\u00f6sterecektir.","og_url":"https:\/\/exceladvisor.org\/tr\/2-yil-hizmet-al\/","og_site_name":"Excel Advisor","article_modified_time":"2023-12-10T06:04:04+00:00","og_image":[{"url":"https:\/\/exceladvisor.org\/wp-content\/uploads\/2023\/08\/1-an-de-service.png","type":"","width":"","height":""}],"twitter_card":"summary_large_image","twitter_misc":{"Tahmini okuma s\u00fcresi":"1 dakika"},"schema":{"@context":"https:\/\/schema.org","@graph":[{"@type":"WebPage","@id":"https:\/\/exceladvisor.org\/tr\/2-yil-hizmet-al\/","url":"https:\/\/exceladvisor.org\/tr\/2-yil-hizmet-al\/","name":"Hizmet y\u0131l\u0131 say\u0131s\u0131n\u0131 nas\u0131l \u00f6\u011frenebilirim? - Excel Dan\u0131\u015fman\u0131","isPartOf":{"@id":"https:\/\/exceladvisor.org\/tr\/#website"},"primaryImageOfPage":{"@id":"https:\/\/exceladvisor.org\/tr\/2-yil-hizmet-al\/#primaryimage"},"image":{"@id":"https:\/\/exceladvisor.org\/tr\/2-yil-hizmet-al\/#primaryimage"},"thumbnailUrl":"https:\/\/exceladvisor.org\/wp-content\/uploads\/2023\/08\/1-an-de-service.png","datePublished":"2023-11-16T09:18:33+00:00","dateModified":"2023-12-10T06:04:04+00:00","description":"Bu e\u011fitim, hizmet y\u0131llar\u0131n\u0131 hesaplamak i\u00e7in Excel&#39;de bir form\u00fcl olu\u015fturma s\u00fcrecinde size yol g\u00f6sterecektir.","breadcrumb":{"@id":"https:\/\/exceladvisor.org\/tr\/2-yil-hizmet-al\/#breadcrumb"},"inLanguage":"tr","potentialAction":[{"@type":"ReadAction","target":["https:\/\/exceladvisor.org\/tr\/2-yil-hizmet-al\/"]}]},{"@type":"ImageObject","inLanguage":"tr","@id":"https:\/\/exceladvisor.org\/tr\/2-yil-hizmet-al\/#primaryimage","url":"https:\/\/exceladvisor.org\/wp-content\/uploads\/2023\/08\/1-an-de-service.png","contentUrl":"https:\/\/exceladvisor.org\/wp-content\/uploads\/2023\/08\/1-an-de-service.png"},{"@type":"BreadcrumbList","@id":"https:\/\/exceladvisor.org\/tr\/2-yil-hizmet-al\/#breadcrumb","itemListElement":[{"@type":"ListItem","position":1,"name":"Ev","item":"https:\/\/exceladvisor.org\/tr\/"},{"@type":"ListItem","position":2,"name":"Hizmet y\u0131l\u0131 say\u0131s\u0131n\u0131 nas\u0131l \u00f6\u011frenebilirim?"}]},{"@type":"WebSite","@id":"https:\/\/exceladvisor.org\/tr\/#website","url":"https:\/\/exceladvisor.org\/tr\/","name":"Excel Advisor","description":"Veri hakimiyetine y\u00f6nelik nihai rehberiniz!","publisher":{"@id":"https:\/\/exceladvisor.org\/tr\/#organization"},"potentialAction":[{"@type":"SearchAction","target":{"@type":"EntryPoint","urlTemplate":"https:\/\/exceladvisor.org\/tr\/?s={search_term_string}"},"query-input":{"@type":"PropertyValueSpecification","valueRequired":true,"valueName":"search_term_string"}}],"inLanguage":"tr"},{"@type":"Organization","@id":"https:\/\/exceladvisor.org\/tr\/#organization","name":"Excel Advisor","url":"https:\/\/exceladvisor.org\/tr\/","logo":{"@type":"ImageObject","inLanguage":"tr","@id":"https:\/\/exceladvisor.org\/tr\/#\/schema\/logo\/image\/","url":"https:\/\/exceladvisor.org\/tr\/wp-content\/uploads\/2023\/12\/exceladvisor.org_.png","contentUrl":"https:\/\/exceladvisor.org\/tr\/wp-content\/uploads\/2023\/12\/exceladvisor.org_.png","width":105,"height":36,"caption":"Excel Advisor"},"image":{"@id":"https:\/\/exceladvisor.org\/tr\/#\/schema\/logo\/image\/"}}]}},"yoast_meta":{"yoast_wpseo_title":"","yoast_wpseo_metadesc":"","yoast_wpseo_canonical":""},"_links":{"self":[{"href":"https:\/\/exceladvisor.org\/tr\/wp-json\/wp\/v2\/pages\/1581","targetHints":{"allow":["GET"]}}],"collection":[{"href":"https:\/\/exceladvisor.org\/tr\/wp-json\/wp\/v2\/pages"}],"about":[{"href":"https:\/\/exceladvisor.org\/tr\/wp-json\/wp\/v2\/types\/page"}],"author":[{"embeddable":true,"href":"https:\/\/exceladvisor.org\/tr\/wp-json\/wp\/v2\/users\/1"}],"replies":[{"embeddable":true,"href":"https:\/\/exceladvisor.org\/tr\/wp-json\/wp\/v2\/comments?post=1581"}],"version-history":[{"count":1,"href":"https:\/\/exceladvisor.org\/tr\/wp-json\/wp\/v2\/pages\/1581\/revisions"}],"predecessor-version":[{"id":2689,"href":"https:\/\/exceladvisor.org\/tr\/wp-json\/wp\/v2\/pages\/1581\/revisions\/2689"}],"wp:attachment":[{"href":"https:\/\/exceladvisor.org\/tr\/wp-json\/wp\/v2\/media?parent=1581"}],"curies":[{"name":"wp","href":"https:\/\/api.w.org\/{rel}","templated":true}]}}