{"id":1583,"date":"2023-11-16T09:01:55","date_gmt":"2023-11-16T09:01:55","guid":{"rendered":"https:\/\/exceladvisor.org\/tr\/iki-tarihi-karsilastir\/"},"modified":"2023-12-10T06:01:11","modified_gmt":"2023-12-10T06:01:11","slug":"iki-tarihi-karsilastir","status":"publish","type":"page","link":"https:\/\/exceladvisor.org\/tr\/iki-tarihi-karsilastir\/","title":{"rendered":"Excel&#39;de iki tarih nas\u0131l kar\u015f\u0131la\u015ft\u0131r\u0131l\u0131r?"},"content":{"rendered":"<div class=\"excel-icerikten-once\" id=\"excel-3328937118\"><script type=\"text\/javascript\">\r\n\tatOptions = {\r\n\t\t'key' : 'c1158f160081d6540a8409e6925dab94',\r\n\t\t'format' : 'iframe',\r\n\t\t'height' : 250,\r\n\t\t'width' : 300,\r\n\t\t'params' : {}\r\n\t};\r\n<\/script>\r\n<script type=\"text\/javascript\" src=\"\/\/www.highperformanceformat.com\/c1158f160081d6540a8409e6925dab94\/invoke.js\"><\/script><\/div> <p>Excel&#8217;de, sonu\u00e7ta DO\u011eRU veya YANLI\u015e sonucunu d\u00f6nd\u00fcrebilecek h\u0131zl\u0131 ve kolay bir form\u00fcl kullanarak iki tarihi kar\u015f\u0131la\u015ft\u0131rabilirsiniz. Veya iki tarihi kar\u015f\u0131la\u015ft\u0131r\u0131rken sonu\u00e7taki \u00f6zel mesaj\u0131 almak i\u00e7in IF i\u015flevini de kullanabilirsiniz.<\/p><p> A\u015fa\u011f\u0131daki \u00f6rnekte A1 ve B1 h\u00fccrelerinde iki farkl\u0131 tarihimiz var. <\/p><div class=\"wp-block-image\"><figure class=\"aligncenter size-full is-resized\"><img loading=\"lazy\" decoding=\"async\" class=\"wp-image-64884\" src=\"https:\/\/exceladvisor.org\/wp-content\/uploads\/2023\/08\/1-comparer-deux-dates.png\" sizes=\"auto, \" srcset=\"\" alt=\"iki tarihi kar\u015f\u0131la\u015ft\u0131r\" width=\"388\" height=\"274\"><\/figure><\/div><p> A\u015fa\u011f\u0131daki ad\u0131mlar\u0131 kullanabilirsiniz:<\/p><ol type=\"1\"><li> \u00d6ncelikle C1 h\u00fccresine e\u015fittir i\u015faretini \u201c=\u201d girin.<\/li><li> \u015eimdi ilk randevunuzun oldu\u011fu A1 h\u00fccresine bak\u0131n.<\/li><li> Daha sonra e\u015fittir i\u015faretini \u201c=\u201d tekrar girin.<\/li><li> Bundan sonra, ikinci tarihinizin oldu\u011fu B1 h\u00fccresine bak\u0131n.<\/li><li> Sonunda Enter tu\u015funa bas\u0131n. <\/li><\/ol><pre class=\"wp-block-code\"> <code class=\"language-excel-formula\" lang=\"excel-formula\">=A1=B1<\/code><\/pre><div class=\"wp-block-image\"><figure class=\"aligncenter size-full is-resized\"><img loading=\"lazy\" decoding=\"async\" class=\"wp-image-64885\" src=\"https:\/\/exceladvisor.org\/wp-content\/uploads\/2023\/08\/2-formules-pour-comparer-les-dates.png\" sizes=\"auto, \" srcset=\"\" alt=\"tarihleri-kar\u015f\u0131la\u015ft\u0131rmak i\u00e7in form\u00fcl\" width=\"414\" height=\"229\"><\/figure><\/div><p> Bu e\u011fitimin ilerleyen k\u0131s\u0131mlar\u0131nda bunu anlamak i\u00e7in birka\u00e7 farkl\u0131 \u00f6rne\u011fe bakaca\u011f\u0131z.<\/p><h2 class=\"wp-block-heading\"> Bir tarihin ba\u015fka bir tarihten b\u00fcy\u00fck olup olmad\u0131\u011f\u0131n\u0131 kar\u015f\u0131la\u015ft\u0131r\u0131n<\/h2><p> A\u015fa\u011f\u0131daki \u00f6rnekte, e\u011fer ilk tarih ikinci tarihten b\u00fcy\u00fckse, ilk tarihi ikinciyle kar\u015f\u0131la\u015ft\u0131rd\u0131k. <\/p><pre class=\"wp-block-code\"> <code class=\"language-excel-formula\" lang=\"excel-formula\">=A1&gt;B1<\/code><\/pre><div class=\"wp-block-image\"><figure class=\"aligncenter size-full is-resized\"><img loading=\"lazy\" decoding=\"async\" class=\"wp-image-64886\" src=\"https:\/\/exceladvisor.org\/wp-content\/uploads\/2023\/08\/3-comparer-plus-grande-date.png\" sizes=\"auto, \" srcset=\"\" alt=\"kar\u015f\u0131la\u015ft\u0131rma-en b\u00fcy\u00fck-tarih\" width=\"424\" height=\"234\"><\/figure><\/div><p> Bunu yapmak i\u00e7in form\u00fclde b\u00fcy\u00fckt\u00fcr operat\u00f6r\u00fcn\u00fc kulland\u0131k.<\/p><h2 class=\"wp-block-heading\"> Bir tarihi bug\u00fcn\u00fcn tarihiyle kar\u015f\u0131la\u015ft\u0131rma<\/h2><p> Benzer \u015fekilde bir tarihi bug\u00fcn\u00fcn tarihiyle kar\u015f\u0131la\u015ft\u0131rmak istiyorsan\u0131z BUG\u00dcN fonksiyonunu kullanabilirsiniz. A\u015fa\u011f\u0131daki \u00f6rnekte BUG\u00dcN fonksiyonunu kulland\u0131k ve bunu ba\u015fka bir tarihle kar\u015f\u0131la\u015ft\u0131rd\u0131k. <\/p><div class=\"wp-block-image\"><figure class=\"aligncenter size-full is-resized\"><img loading=\"lazy\" decoding=\"async\" class=\"wp-image-64887\" src=\"https:\/\/exceladvisor.org\/wp-content\/uploads\/2023\/08\/4-comparer-la-date-avec-aujourdhui.png\" sizes=\"auto, \" srcset=\"\" alt=\"tarihi-bug\u00fcnle-kar\u015f\u0131la\u015ft\u0131r\" width=\"421\" height=\"263\"><\/figure><\/div><pre class=\"wp-block-code\"> <code class=\"language-excel-formula\" lang=\"excel-formula\">=A5=TODAY()<\/code><\/pre><div class=\"gb-container gb-container-52dfcee1 gb-container-sample-file\"><h2 class=\"gb-headline gb-headline-e289c143 gb-headline-text gb-headline-4f7959c2\"> Excel dosyas\u0131n\u0131 al\u0131n<\/h2> <a class=\"gb-button gb-button-e88d6bee gb-button-text gb-button-button1\" href=\"https:\/\/exceladvisor.org\/wp-content\/uploads\/2023\/08\/comparer-les-dates.xlsx\" rel=\"nofollow\">\u0130ndirmek<\/a><\/div><div class=\"gb-container gb-container-0df56012 gb-container-mt\"> <a class=\"gb-button gb-button-f9f432f4 gb-button-text gb-button-mt-button\" href=\"https:\/\/exceladvisor.org\/tr\/formuller\/\">Excel form\u00fcllerinin listesi<\/a><h2 class=\"gb-headline gb-headline-233444e8 gb-headline-text gb-headline-mt-heading\"> \u0130lgili form\u00fcller <\/h2><div class=\"gb-grid-wrapper gb-grid-wrapper-a16fa65c gb-grid-wrapper-mt-grid\"><div class=\"gb-grid-column gb-grid-column-50d07e0d\"><div class=\"gb-container gb-container-50d07e0d\"><ul><li> <a href=\"https:\/\/exceladvisor.org\/tr\/tarihi-sayiya-donustur\/\">Excel&#8217;de tarihi say\u0131ya d\u00f6n\u00fc\u015ft\u00fcr\u00fcn<\/a><\/li><li> <a href=\"https:\/\/exceladvisor.org\/tr\/bugune-kadarki-metin\/\">Excel&#8217;de metni tarihe d\u00f6n\u00fc\u015ft\u00fcrme<\/a><\/li><li> <a href=\"https:\/\/exceladvisor.org\/tr\/tarih-araligi\/\">Excel&#8217;de tarih aral\u0131\u011f\u0131 olu\u015fturma<\/a><\/li><li> <a href=\"https:\/\/exceladvisor.org\/tr\/ozel-tarih-formatlari\/\">Excel&#8217;de \u00f6zel tarih bi\u00e7imleri<\/a> <\/li><\/ul><\/div><\/div><div class=\"gb-grid-column gb-grid-column-5b4a0cf9\"><div class=\"gb-container gb-container-5b4a0cf9\"><ul><li> <a href=\"https:\/\/exceladvisor.org\/tr\/iki-tarih-arasini-vurgulama\/\">Excel&#8217;de iki tarih aras\u0131ndaki tarihleri vurgulay\u0131n<\/a><\/li><li> <a href=\"https:\/\/exceladvisor.org\/tr\/iki-tarihi-birlestir\/\">Excel&#8217;de iki tarihi h\u0131zla birle\u015ftirme<\/a><\/li><li> <a href=\"https:\/\/exceladvisor.org\/tr\/rastgele-tarih-olusturucu\/\">Excel&#8217;de Rastgele Tarih Olu\u015fturucu (Excel Form\u00fcl\u00fc)<\/a><\/li><li> <a href=\"https:\/\/exceladvisor.org\/tr\/tarih-ve-saati-birlestir\/\">Excel&#8217;de tarih ve saati birle\u015ftirme<\/a><\/li><\/ul><\/div><\/div><\/div><\/div>","protected":false},"excerpt":{"rendered":"","protected":false},"author":1,"featured_media":0,"parent":0,"menu_order":0,"comment_status":"open","ping_status":"closed","template":"","meta":{"ub_ctt_via":"","footnotes":""},"class_list":["post-1583","page","type-page","status-publish","hentry"],"featured_image_src":null,"yoast_head":"<!-- This site is optimized with the Yoast SEO plugin v25.4 - https:\/\/yoast.com\/wordpress\/plugins\/seo\/ -->\n<title>\u25b7 Excel&#039;de iki tarih nas\u0131l kar\u015f\u0131la\u015ft\u0131r\u0131l\u0131r? (2023 K\u0131lavuzu)<\/title>\n<meta name=\"description\" content=\"Bu derste, iki tarihi her durumda ayn\u0131 h\u00fccrede birle\u015ftirmenin basit form\u00fcl\u00fcn\u00fc \u00f6\u011freneceksiniz...\" \/>\n<meta name=\"robots\" content=\"index, follow, max-snippet:-1, max-image-preview:large, max-video-preview:-1\" \/>\n<link rel=\"canonical\" href=\"https:\/\/exceladvisor.org\/tr\/iki-tarihi-karsilastir\/\" \/>\n<meta property=\"og:locale\" content=\"tr_TR\" \/>\n<meta property=\"og:type\" content=\"article\" \/>\n<meta property=\"og:title\" content=\"\u25b7 Excel&#039;de iki tarih nas\u0131l kar\u015f\u0131la\u015ft\u0131r\u0131l\u0131r? (2023 K\u0131lavuzu)\" \/>\n<meta property=\"og:description\" content=\"Bu derste, iki tarihi her durumda ayn\u0131 h\u00fccrede birle\u015ftirmenin basit form\u00fcl\u00fcn\u00fc \u00f6\u011freneceksiniz...\" \/>\n<meta property=\"og:url\" content=\"https:\/\/exceladvisor.org\/tr\/iki-tarihi-karsilastir\/\" \/>\n<meta property=\"og:site_name\" content=\"Excel Advisor\" \/>\n<meta property=\"article:modified_time\" content=\"2023-12-10T06:01:11+00:00\" \/>\n<meta property=\"og:image\" content=\"https:\/\/exceladvisor.org\/wp-content\/uploads\/2023\/08\/1-comparer-deux-dates.png\" \/>\n<meta name=\"twitter:card\" content=\"summary_large_image\" \/>\n<meta name=\"twitter:label1\" content=\"Tahmini okuma s\u00fcresi\" \/>\n\t<meta name=\"twitter:data1\" content=\"2 dakika\" \/>\n<script type=\"application\/ld+json\" class=\"yoast-schema-graph\">{\"@context\":\"https:\/\/schema.org\",\"@graph\":[{\"@type\":\"WebPage\",\"@id\":\"https:\/\/exceladvisor.org\/tr\/iki-tarihi-karsilastir\/\",\"url\":\"https:\/\/exceladvisor.org\/tr\/iki-tarihi-karsilastir\/\",\"name\":\"\u25b7 Excel&#39;de iki tarih nas\u0131l kar\u015f\u0131la\u015ft\u0131r\u0131l\u0131r? (2023 K\u0131lavuzu)\",\"isPartOf\":{\"@id\":\"https:\/\/exceladvisor.org\/tr\/#website\"},\"primaryImageOfPage\":{\"@id\":\"https:\/\/exceladvisor.org\/tr\/iki-tarihi-karsilastir\/#primaryimage\"},\"image\":{\"@id\":\"https:\/\/exceladvisor.org\/tr\/iki-tarihi-karsilastir\/#primaryimage\"},\"thumbnailUrl\":\"https:\/\/exceladvisor.org\/wp-content\/uploads\/2023\/08\/1-comparer-deux-dates.png\",\"datePublished\":\"2023-11-16T09:01:55+00:00\",\"dateModified\":\"2023-12-10T06:01:11+00:00\",\"description\":\"Bu derste, iki tarihi her durumda ayn\u0131 h\u00fccrede birle\u015ftirmenin basit form\u00fcl\u00fcn\u00fc \u00f6\u011freneceksiniz...\",\"breadcrumb\":{\"@id\":\"https:\/\/exceladvisor.org\/tr\/iki-tarihi-karsilastir\/#breadcrumb\"},\"inLanguage\":\"tr\",\"potentialAction\":[{\"@type\":\"ReadAction\",\"target\":[\"https:\/\/exceladvisor.org\/tr\/iki-tarihi-karsilastir\/\"]}]},{\"@type\":\"ImageObject\",\"inLanguage\":\"tr\",\"@id\":\"https:\/\/exceladvisor.org\/tr\/iki-tarihi-karsilastir\/#primaryimage\",\"url\":\"https:\/\/exceladvisor.org\/wp-content\/uploads\/2023\/08\/1-comparer-deux-dates.png\",\"contentUrl\":\"https:\/\/exceladvisor.org\/wp-content\/uploads\/2023\/08\/1-comparer-deux-dates.png\"},{\"@type\":\"BreadcrumbList\",\"@id\":\"https:\/\/exceladvisor.org\/tr\/iki-tarihi-karsilastir\/#breadcrumb\",\"itemListElement\":[{\"@type\":\"ListItem\",\"position\":1,\"name\":\"Ev\",\"item\":\"https:\/\/exceladvisor.org\/tr\/\"},{\"@type\":\"ListItem\",\"position\":2,\"name\":\"Excel&#39;de iki tarih nas\u0131l kar\u015f\u0131la\u015ft\u0131r\u0131l\u0131r?\"}]},{\"@type\":\"WebSite\",\"@id\":\"https:\/\/exceladvisor.org\/tr\/#website\",\"url\":\"https:\/\/exceladvisor.org\/tr\/\",\"name\":\"Excel Advisor\",\"description\":\"Veri hakimiyetine y\u00f6nelik nihai rehberiniz!\",\"publisher\":{\"@id\":\"https:\/\/exceladvisor.org\/tr\/#organization\"},\"potentialAction\":[{\"@type\":\"SearchAction\",\"target\":{\"@type\":\"EntryPoint\",\"urlTemplate\":\"https:\/\/exceladvisor.org\/tr\/?s={search_term_string}\"},\"query-input\":{\"@type\":\"PropertyValueSpecification\",\"valueRequired\":true,\"valueName\":\"search_term_string\"}}],\"inLanguage\":\"tr\"},{\"@type\":\"Organization\",\"@id\":\"https:\/\/exceladvisor.org\/tr\/#organization\",\"name\":\"Excel Advisor\",\"url\":\"https:\/\/exceladvisor.org\/tr\/\",\"logo\":{\"@type\":\"ImageObject\",\"inLanguage\":\"tr\",\"@id\":\"https:\/\/exceladvisor.org\/tr\/#\/schema\/logo\/image\/\",\"url\":\"https:\/\/exceladvisor.org\/tr\/wp-content\/uploads\/2023\/12\/exceladvisor.org_.png\",\"contentUrl\":\"https:\/\/exceladvisor.org\/tr\/wp-content\/uploads\/2023\/12\/exceladvisor.org_.png\",\"width\":105,\"height\":36,\"caption\":\"Excel Advisor\"},\"image\":{\"@id\":\"https:\/\/exceladvisor.org\/tr\/#\/schema\/logo\/image\/\"}}]}<\/script>\n<!-- \/ Yoast SEO plugin. -->","yoast_head_json":{"title":"\u25b7 Excel&#39;de iki tarih nas\u0131l kar\u015f\u0131la\u015ft\u0131r\u0131l\u0131r? (2023 K\u0131lavuzu)","description":"Bu derste, iki tarihi her durumda ayn\u0131 h\u00fccrede birle\u015ftirmenin basit form\u00fcl\u00fcn\u00fc \u00f6\u011freneceksiniz...","robots":{"index":"index","follow":"follow","max-snippet":"max-snippet:-1","max-image-preview":"max-image-preview:large","max-video-preview":"max-video-preview:-1"},"canonical":"https:\/\/exceladvisor.org\/tr\/iki-tarihi-karsilastir\/","og_locale":"tr_TR","og_type":"article","og_title":"\u25b7 Excel&#39;de iki tarih nas\u0131l kar\u015f\u0131la\u015ft\u0131r\u0131l\u0131r? (2023 K\u0131lavuzu)","og_description":"Bu derste, iki tarihi her durumda ayn\u0131 h\u00fccrede birle\u015ftirmenin basit form\u00fcl\u00fcn\u00fc \u00f6\u011freneceksiniz...","og_url":"https:\/\/exceladvisor.org\/tr\/iki-tarihi-karsilastir\/","og_site_name":"Excel Advisor","article_modified_time":"2023-12-10T06:01:11+00:00","og_image":[{"url":"https:\/\/exceladvisor.org\/wp-content\/uploads\/2023\/08\/1-comparer-deux-dates.png","type":"","width":"","height":""}],"twitter_card":"summary_large_image","twitter_misc":{"Tahmini okuma s\u00fcresi":"2 dakika"},"schema":{"@context":"https:\/\/schema.org","@graph":[{"@type":"WebPage","@id":"https:\/\/exceladvisor.org\/tr\/iki-tarihi-karsilastir\/","url":"https:\/\/exceladvisor.org\/tr\/iki-tarihi-karsilastir\/","name":"\u25b7 Excel&#39;de iki tarih nas\u0131l kar\u015f\u0131la\u015ft\u0131r\u0131l\u0131r? (2023 K\u0131lavuzu)","isPartOf":{"@id":"https:\/\/exceladvisor.org\/tr\/#website"},"primaryImageOfPage":{"@id":"https:\/\/exceladvisor.org\/tr\/iki-tarihi-karsilastir\/#primaryimage"},"image":{"@id":"https:\/\/exceladvisor.org\/tr\/iki-tarihi-karsilastir\/#primaryimage"},"thumbnailUrl":"https:\/\/exceladvisor.org\/wp-content\/uploads\/2023\/08\/1-comparer-deux-dates.png","datePublished":"2023-11-16T09:01:55+00:00","dateModified":"2023-12-10T06:01:11+00:00","description":"Bu derste, iki tarihi her durumda ayn\u0131 h\u00fccrede birle\u015ftirmenin basit form\u00fcl\u00fcn\u00fc \u00f6\u011freneceksiniz...","breadcrumb":{"@id":"https:\/\/exceladvisor.org\/tr\/iki-tarihi-karsilastir\/#breadcrumb"},"inLanguage":"tr","potentialAction":[{"@type":"ReadAction","target":["https:\/\/exceladvisor.org\/tr\/iki-tarihi-karsilastir\/"]}]},{"@type":"ImageObject","inLanguage":"tr","@id":"https:\/\/exceladvisor.org\/tr\/iki-tarihi-karsilastir\/#primaryimage","url":"https:\/\/exceladvisor.org\/wp-content\/uploads\/2023\/08\/1-comparer-deux-dates.png","contentUrl":"https:\/\/exceladvisor.org\/wp-content\/uploads\/2023\/08\/1-comparer-deux-dates.png"},{"@type":"BreadcrumbList","@id":"https:\/\/exceladvisor.org\/tr\/iki-tarihi-karsilastir\/#breadcrumb","itemListElement":[{"@type":"ListItem","position":1,"name":"Ev","item":"https:\/\/exceladvisor.org\/tr\/"},{"@type":"ListItem","position":2,"name":"Excel&#39;de iki tarih nas\u0131l kar\u015f\u0131la\u015ft\u0131r\u0131l\u0131r?"}]},{"@type":"WebSite","@id":"https:\/\/exceladvisor.org\/tr\/#website","url":"https:\/\/exceladvisor.org\/tr\/","name":"Excel Advisor","description":"Veri hakimiyetine y\u00f6nelik nihai rehberiniz!","publisher":{"@id":"https:\/\/exceladvisor.org\/tr\/#organization"},"potentialAction":[{"@type":"SearchAction","target":{"@type":"EntryPoint","urlTemplate":"https:\/\/exceladvisor.org\/tr\/?s={search_term_string}"},"query-input":{"@type":"PropertyValueSpecification","valueRequired":true,"valueName":"search_term_string"}}],"inLanguage":"tr"},{"@type":"Organization","@id":"https:\/\/exceladvisor.org\/tr\/#organization","name":"Excel Advisor","url":"https:\/\/exceladvisor.org\/tr\/","logo":{"@type":"ImageObject","inLanguage":"tr","@id":"https:\/\/exceladvisor.org\/tr\/#\/schema\/logo\/image\/","url":"https:\/\/exceladvisor.org\/tr\/wp-content\/uploads\/2023\/12\/exceladvisor.org_.png","contentUrl":"https:\/\/exceladvisor.org\/tr\/wp-content\/uploads\/2023\/12\/exceladvisor.org_.png","width":105,"height":36,"caption":"Excel Advisor"},"image":{"@id":"https:\/\/exceladvisor.org\/tr\/#\/schema\/logo\/image\/"}}]}},"yoast_meta":{"yoast_wpseo_title":"","yoast_wpseo_metadesc":"","yoast_wpseo_canonical":""},"_links":{"self":[{"href":"https:\/\/exceladvisor.org\/tr\/wp-json\/wp\/v2\/pages\/1583","targetHints":{"allow":["GET"]}}],"collection":[{"href":"https:\/\/exceladvisor.org\/tr\/wp-json\/wp\/v2\/pages"}],"about":[{"href":"https:\/\/exceladvisor.org\/tr\/wp-json\/wp\/v2\/types\/page"}],"author":[{"embeddable":true,"href":"https:\/\/exceladvisor.org\/tr\/wp-json\/wp\/v2\/users\/1"}],"replies":[{"embeddable":true,"href":"https:\/\/exceladvisor.org\/tr\/wp-json\/wp\/v2\/comments?post=1583"}],"version-history":[{"count":1,"href":"https:\/\/exceladvisor.org\/tr\/wp-json\/wp\/v2\/pages\/1583\/revisions"}],"predecessor-version":[{"id":2485,"href":"https:\/\/exceladvisor.org\/tr\/wp-json\/wp\/v2\/pages\/1583\/revisions\/2485"}],"wp:attachment":[{"href":"https:\/\/exceladvisor.org\/tr\/wp-json\/wp\/v2\/media?parent=1583"}],"curies":[{"name":"wp","href":"https:\/\/api.w.org\/{rel}","templated":true}]}}