{"id":1584,"date":"2023-11-16T08:37:01","date_gmt":"2023-11-16T08:37:01","guid":{"rendered":"https:\/\/exceladvisor.org\/tr\/saat-formatini-degistir\/"},"modified":"2023-12-10T06:02:12","modified_gmt":"2023-12-10T06:02:12","slug":"saat-formatini-degistir","status":"publish","type":"page","link":"https:\/\/exceladvisor.org\/tr\/saat-formatini-degistir\/","title":{"rendered":"Excel&#39;de saat bi\u00e7imi nas\u0131l de\u011fi\u015ftirilir?"},"content":{"rendered":"<div class=\"excel-icerikten-once\" id=\"excel-553765854\"><script type=\"text\/javascript\">\r\n\tatOptions = {\r\n\t\t'key' : 'c1158f160081d6540a8409e6925dab94',\r\n\t\t'format' : 'iframe',\r\n\t\t'height' : 250,\r\n\t\t'width' : 300,\r\n\t\t'params' : {}\r\n\t};\r\n<\/script>\r\n<script type=\"text\/javascript\" src=\"\/\/www.highperformanceformat.com\/c1158f160081d6540a8409e6925dab94\/invoke.js\"><\/script><\/div> <p>Excel zaman\u0131 ondal\u0131k say\u0131 olarak saklar. (0,412) bir saati veya 1\/24&#8217;\u00fc temsil eder. Ondal\u0131k bir de\u011feri zaman olarak bi\u00e7imlendirmek i\u00e7in bunu yapman\u0131n iki farkl\u0131 yolu vard\u0131r.<\/p><ul><li> Saat bi\u00e7imini ayn\u0131 h\u00fccreye uygulay\u0131n.<\/li><li> Farkl\u0131 h\u00fccrelerde yeni bir zaman de\u011feri olu\u015fturun.<\/li><\/ul><h2 class=\"wp-block-heading\"> \u00d6zel bi\u00e7imlendirmeyi kullanarak saat bi\u00e7imini de\u011fi\u015ftirme<\/h2><p> A\u015fa\u011f\u0131daki \u00f6rnekte, A1 h\u00fccresinde bir ondal\u0131k de\u011feriniz var ve \u015fimdi bu h\u00fccreye saat bi\u00e7imini uygulaman\u0131z gerekiyor. <\/p><div class=\"wp-block-image\"><figure class=\"aligncenter size-full is-resized\"><img loading=\"lazy\" decoding=\"async\" class=\"wp-image-65994\" src=\"https:\/\/exceladvisor.org\/wp-content\/uploads\/2023\/08\/1-changer-le-format-de-lheure.png\" sizes=\"auto, \" srcset=\"\" alt=\"de\u011fi\u015fiklik zaman\u0131 bi\u00e7imi\" width=\"510\" height=\"340\"><\/figure><\/div><p> Saat format\u0131n\u0131 de\u011fi\u015ftirmek i\u00e7in a\u015fa\u011f\u0131daki ad\u0131mlar\u0131 kullanabilirsiniz. <\/p><div class=\"wp-block-image\"><figure class=\"aligncenter size-full is-resized\"><img loading=\"lazy\" decoding=\"async\" class=\"wp-image-65995\" src=\"https:\/\/exceladvisor.org\/wp-content\/uploads\/2023\/08\/2-categories-de-temps-sous-les-cellules-de-format.png\" sizes=\"auto, \" srcset=\"\" alt=\"zaman-kategorisi-alt-bi\u00e7im-h\u00fccreleri\" width=\"570\" height=\"495\"><\/figure><\/div><ol type=\"1\"><li> \u00d6ncelikle format se\u00e7ene\u011fini a\u00e7mak i\u00e7in Crtl+1 klavye k\u0131sayolunu kullan\u0131n.<\/li><li> Bundan sonra listeden zaman se\u00e7ene\u011fine t\u0131klay\u0131n.<\/li><li> \u015eimdi ileti\u015fim kutusunun sa\u011f taraf\u0131nda uygulamak istedi\u011finiz saat bi\u00e7imini se\u00e7in.<\/li><li> Sonunda format\u0131 uygulamak i\u00e7in Tamam&#8217;\u0131 t\u0131klay\u0131n. <\/li><\/ol><div class=\"wp-block-image\"><figure class=\"aligncenter size-full is-resized\"><img loading=\"lazy\" decoding=\"async\" class=\"wp-image-65996\" src=\"https:\/\/exceladvisor.org\/wp-content\/uploads\/2023\/08\/3-format-dheure-mis-a-jour.png\" sizes=\"auto, \" srcset=\"\" alt=\"g\u00fcncellenmi\u015f zaman bi\u00e7imi\" width=\"487\" height=\"241\"><\/figure><\/div><p> Format se\u00e7ene\u011fi ileti\u015fim kutusunda sahip oldu\u011funuz formatlar listesindeki formatlardan herhangi birini kullanabilirsiniz. <\/p><div class=\"wp-block-image\"><figure class=\"aligncenter size-full is-resized\"><img loading=\"lazy\" decoding=\"async\" class=\"wp-image-65997\" src=\"https:\/\/exceladvisor.org\/wp-content\/uploads\/2023\/08\/4-listes-de-formats-dheure.png\" sizes=\"auto, \" srcset=\"\" alt=\"zaman listesi format\u0131\" width=\"431\" height=\"291\"><\/figure><\/div><h2 class=\"wp-block-heading\"> Saat bi\u00e7imini de\u011fi\u015ftirmek i\u00e7in MET\u0130N i\u015flevini kullan\u0131n<\/h2><p> Excel&#8217;de, saat bi\u00e7imini yeni bir bi\u00e7imde yeni bir h\u00fccreye almak \u00fczere de\u011fi\u015ftirmek i\u00e7in kullanabilece\u011finiz bir MET\u0130N i\u015flevi vard\u0131r. A\u015fa\u011f\u0131daki \u00f6rnekte A1 h\u00fccresinde bir ondal\u0131k de\u011fer bulunmaktad\u0131r.<\/p><p> Saat bi\u00e7imini de\u011fi\u015ftirmek i\u00e7in MET\u0130N i\u015flevini kullanman\u0131z gerekir. A\u015fa\u011f\u0131daki ad\u0131mlar\u0131 kullanabilirsiniz: <\/p><div class=\"wp-block-image\"><figure class=\"aligncenter size-full is-resized\"><img loading=\"lazy\" decoding=\"async\" class=\"wp-image-65998\" src=\"https:\/\/exceladvisor.org\/wp-content\/uploads\/2023\/08\/5-fonction-de-texte-pour-le-changement-de-format-dheure.png\" sizes=\"auto, \" srcset=\"\" alt=\"zaman-bi\u00e7imi-de\u011fi\u015fimi i\u00e7in metin i\u015flevi\" width=\"487\" height=\"259\"><\/figure><\/div><ol type=\"1\"><li> \u0130lk olarak B1 h\u00fccresine metin i\u015flevini (=MET\u0130N) girin.<\/li><li> Bundan sonra A1 h\u00fccresine bak\u0131n.<\/li><li> Daha sonra ikinci arg\u00fcmanda o anda uygulamak istedi\u011finiz format\u0131 belirtin. Burada (ss:dd AM\/PM) kullan\u0131yoruz.<\/li><li> Sonunda kapan\u0131\u015f parantezini girin ve sonucu almak i\u00e7in Enter tu\u015funa bas\u0131n. <\/li><\/ol><pre class=\"wp-block-code\"> <code class=\"language-excel-formula\" lang=\"excel-formula\">=TEXT(A1,\"hh:mm AM\/PM\")<\/code><\/pre><div class=\"gb-container gb-container-52dfcee1 gb-container-sample-file\"><h2 class=\"gb-headline gb-headline-e289c143 gb-headline-text gb-headline-4f7959c2\"> Excel dosyas\u0131n\u0131 al\u0131n<\/h2><p> <a class=\"gb-button gb-button-e88d6bee gb-button-text gb-button-button1\" href=\"https:\/\/exceladvisor.org\/wp-content\/uploads\/2023\/08\/changer-le-format-de-lheure-2.xlsx\" rel=\"nofollow\">\u0130ndirmek<\/a> <\/p><\/div><div class=\"wp-block-group more-tutorials is-layout-flow\"><div class=\"wp-block-group__inner-container\"><h2 class=\"wp-block-heading\"> Daha fazla form\u00fcl <\/h2><div class=\"wp-block-columns is-layout-flex wp-container-3\"><div class=\"wp-block-column is-layout-flow\"><ul><li> <a href=\"https:\/\/exceladvisor.org\/tr\/zamana-saat-ekleyin\/\">Excel&#8217;de zamana saat ekleme<\/a><\/li><li> <a href=\"https:\/\/exceladvisor.org\/tr\/zamana-dakika-ekleyin\/\">Excel&#8217;de zamana dakika ekleme<\/a><\/li><li> <a href=\"https:\/\/exceladvisor.org\/tr\/saat-farkini-hesapla\/\">Excel&#8217;de iki zaman aras\u0131ndaki fark<\/a><\/li><li> <a href=\"https:\/\/exceladvisor.org\/tr\/askeri-zaman\/\">Excel&#8217;de askeri s\u00fcre (alma ve \u00e7\u0131karma)<\/a><\/li><\/ul><\/div><div class=\"wp-block-column is-layout-flow\"><ul><li> <a href=\"https:\/\/exceladvisor.org\/tr\/dakika-cinsinden-sure-2\/\">Zaman de\u011ferini dakikaya d\u00f6n\u00fc\u015ft\u00fcr\u00fcn (Excel form\u00fcl\u00fc)<\/a><\/li><li> <a href=\"https:\/\/exceladvisor.org\/tr\/saniye-cinsinden-sure-2\/\">Zaman de\u011ferini saniyeye d\u00f6n\u00fc\u015ft\u00fcr<\/a><\/li><li> <a href=\"https:\/\/exceladvisor.org\/tr\/simdiki-zaman-2\/\">Ge\u00e7erli saati al\u0131n (Excel form\u00fcl\u00fc)<\/a><\/li><li> <a href=\"https:\/\/exceladvisor.org\/tr\/sekerleme-zamani-2\/\">Excel&#8217;de Toplam Zaman (Excel Form\u00fcl\u00fc)<\/a><\/li><\/ul><\/div><\/div><p> \u21e0 <a href=\"https:\/\/exceladvisor.org\/tr\/formuller\/\">100&#8217;den fazla Excel form\u00fcl\u00fc listesine geri d\u00f6n (temel + geli\u015fmi\u015f)<\/a><\/p><\/div><\/div>","protected":false},"excerpt":{"rendered":"","protected":false},"author":1,"featured_media":0,"parent":0,"menu_order":0,"comment_status":"open","ping_status":"closed","template":"","meta":{"ub_ctt_via":"","footnotes":""},"class_list":["post-1584","page","type-page","status-publish","hentry"],"featured_image_src":null,"yoast_head":"<!-- This site is optimized with the Yoast SEO plugin v25.4 - https:\/\/yoast.com\/wordpress\/plugins\/seo\/ -->\n<title>Excel&#039;de saat bi\u00e7imi nas\u0131l de\u011fi\u015ftirilir? (E\u011fitim 2023)<\/title>\n<meta name=\"description\" content=\"Bu e\u011fitimde, \u00f6zel bi\u00e7imlendirmeyi ve i\u015flevi kullanarak saat bi\u00e7imini nas\u0131l de\u011fi\u015ftirece\u011finizi \u00f6\u011freneceksiniz.\" \/>\n<meta name=\"robots\" content=\"index, follow, max-snippet:-1, max-image-preview:large, max-video-preview:-1\" \/>\n<link rel=\"canonical\" href=\"https:\/\/exceladvisor.org\/tr\/saat-formatini-degistir\/\" \/>\n<meta property=\"og:locale\" content=\"tr_TR\" \/>\n<meta property=\"og:type\" content=\"article\" \/>\n<meta property=\"og:title\" content=\"Excel&#039;de saat bi\u00e7imi nas\u0131l de\u011fi\u015ftirilir? (E\u011fitim 2023)\" \/>\n<meta property=\"og:description\" content=\"Bu e\u011fitimde, \u00f6zel bi\u00e7imlendirmeyi ve i\u015flevi kullanarak saat bi\u00e7imini nas\u0131l de\u011fi\u015ftirece\u011finizi \u00f6\u011freneceksiniz.\" \/>\n<meta property=\"og:url\" content=\"https:\/\/exceladvisor.org\/tr\/saat-formatini-degistir\/\" \/>\n<meta property=\"og:site_name\" content=\"Excel Advisor\" \/>\n<meta property=\"article:modified_time\" content=\"2023-12-10T06:02:12+00:00\" \/>\n<meta property=\"og:image\" content=\"https:\/\/exceladvisor.org\/wp-content\/uploads\/2023\/08\/1-changer-le-format-de-lheure.png\" \/>\n<meta name=\"twitter:card\" content=\"summary_large_image\" \/>\n<meta name=\"twitter:label1\" content=\"Tahmini okuma s\u00fcresi\" \/>\n\t<meta name=\"twitter:data1\" content=\"2 dakika\" \/>\n<script type=\"application\/ld+json\" class=\"yoast-schema-graph\">{\"@context\":\"https:\/\/schema.org\",\"@graph\":[{\"@type\":\"WebPage\",\"@id\":\"https:\/\/exceladvisor.org\/tr\/saat-formatini-degistir\/\",\"url\":\"https:\/\/exceladvisor.org\/tr\/saat-formatini-degistir\/\",\"name\":\"Excel&#39;de saat bi\u00e7imi nas\u0131l de\u011fi\u015ftirilir? (E\u011fitim 2023)\",\"isPartOf\":{\"@id\":\"https:\/\/exceladvisor.org\/tr\/#website\"},\"primaryImageOfPage\":{\"@id\":\"https:\/\/exceladvisor.org\/tr\/saat-formatini-degistir\/#primaryimage\"},\"image\":{\"@id\":\"https:\/\/exceladvisor.org\/tr\/saat-formatini-degistir\/#primaryimage\"},\"thumbnailUrl\":\"https:\/\/exceladvisor.org\/wp-content\/uploads\/2023\/08\/1-changer-le-format-de-lheure.png\",\"datePublished\":\"2023-11-16T08:37:01+00:00\",\"dateModified\":\"2023-12-10T06:02:12+00:00\",\"description\":\"Bu e\u011fitimde, \u00f6zel bi\u00e7imlendirmeyi ve i\u015flevi kullanarak saat bi\u00e7imini nas\u0131l de\u011fi\u015ftirece\u011finizi \u00f6\u011freneceksiniz.\",\"breadcrumb\":{\"@id\":\"https:\/\/exceladvisor.org\/tr\/saat-formatini-degistir\/#breadcrumb\"},\"inLanguage\":\"tr\",\"potentialAction\":[{\"@type\":\"ReadAction\",\"target\":[\"https:\/\/exceladvisor.org\/tr\/saat-formatini-degistir\/\"]}]},{\"@type\":\"ImageObject\",\"inLanguage\":\"tr\",\"@id\":\"https:\/\/exceladvisor.org\/tr\/saat-formatini-degistir\/#primaryimage\",\"url\":\"https:\/\/exceladvisor.org\/wp-content\/uploads\/2023\/08\/1-changer-le-format-de-lheure.png\",\"contentUrl\":\"https:\/\/exceladvisor.org\/wp-content\/uploads\/2023\/08\/1-changer-le-format-de-lheure.png\"},{\"@type\":\"BreadcrumbList\",\"@id\":\"https:\/\/exceladvisor.org\/tr\/saat-formatini-degistir\/#breadcrumb\",\"itemListElement\":[{\"@type\":\"ListItem\",\"position\":1,\"name\":\"Ev\",\"item\":\"https:\/\/exceladvisor.org\/tr\/\"},{\"@type\":\"ListItem\",\"position\":2,\"name\":\"Excel&#39;de saat bi\u00e7imi nas\u0131l de\u011fi\u015ftirilir?\"}]},{\"@type\":\"WebSite\",\"@id\":\"https:\/\/exceladvisor.org\/tr\/#website\",\"url\":\"https:\/\/exceladvisor.org\/tr\/\",\"name\":\"Excel Advisor\",\"description\":\"Veri hakimiyetine y\u00f6nelik nihai rehberiniz!\",\"publisher\":{\"@id\":\"https:\/\/exceladvisor.org\/tr\/#organization\"},\"potentialAction\":[{\"@type\":\"SearchAction\",\"target\":{\"@type\":\"EntryPoint\",\"urlTemplate\":\"https:\/\/exceladvisor.org\/tr\/?s={search_term_string}\"},\"query-input\":{\"@type\":\"PropertyValueSpecification\",\"valueRequired\":true,\"valueName\":\"search_term_string\"}}],\"inLanguage\":\"tr\"},{\"@type\":\"Organization\",\"@id\":\"https:\/\/exceladvisor.org\/tr\/#organization\",\"name\":\"Excel Advisor\",\"url\":\"https:\/\/exceladvisor.org\/tr\/\",\"logo\":{\"@type\":\"ImageObject\",\"inLanguage\":\"tr\",\"@id\":\"https:\/\/exceladvisor.org\/tr\/#\/schema\/logo\/image\/\",\"url\":\"https:\/\/exceladvisor.org\/tr\/wp-content\/uploads\/2023\/12\/exceladvisor.org_.png\",\"contentUrl\":\"https:\/\/exceladvisor.org\/tr\/wp-content\/uploads\/2023\/12\/exceladvisor.org_.png\",\"width\":105,\"height\":36,\"caption\":\"Excel Advisor\"},\"image\":{\"@id\":\"https:\/\/exceladvisor.org\/tr\/#\/schema\/logo\/image\/\"}}]}<\/script>\n<!-- \/ Yoast SEO plugin. -->","yoast_head_json":{"title":"Excel&#39;de saat bi\u00e7imi nas\u0131l de\u011fi\u015ftirilir? (E\u011fitim 2023)","description":"Bu e\u011fitimde, \u00f6zel bi\u00e7imlendirmeyi ve i\u015flevi kullanarak saat bi\u00e7imini nas\u0131l de\u011fi\u015ftirece\u011finizi \u00f6\u011freneceksiniz.","robots":{"index":"index","follow":"follow","max-snippet":"max-snippet:-1","max-image-preview":"max-image-preview:large","max-video-preview":"max-video-preview:-1"},"canonical":"https:\/\/exceladvisor.org\/tr\/saat-formatini-degistir\/","og_locale":"tr_TR","og_type":"article","og_title":"Excel&#39;de saat bi\u00e7imi nas\u0131l de\u011fi\u015ftirilir? (E\u011fitim 2023)","og_description":"Bu e\u011fitimde, \u00f6zel bi\u00e7imlendirmeyi ve i\u015flevi kullanarak saat bi\u00e7imini nas\u0131l de\u011fi\u015ftirece\u011finizi \u00f6\u011freneceksiniz.","og_url":"https:\/\/exceladvisor.org\/tr\/saat-formatini-degistir\/","og_site_name":"Excel Advisor","article_modified_time":"2023-12-10T06:02:12+00:00","og_image":[{"url":"https:\/\/exceladvisor.org\/wp-content\/uploads\/2023\/08\/1-changer-le-format-de-lheure.png","type":"","width":"","height":""}],"twitter_card":"summary_large_image","twitter_misc":{"Tahmini okuma s\u00fcresi":"2 dakika"},"schema":{"@context":"https:\/\/schema.org","@graph":[{"@type":"WebPage","@id":"https:\/\/exceladvisor.org\/tr\/saat-formatini-degistir\/","url":"https:\/\/exceladvisor.org\/tr\/saat-formatini-degistir\/","name":"Excel&#39;de saat bi\u00e7imi nas\u0131l de\u011fi\u015ftirilir? (E\u011fitim 2023)","isPartOf":{"@id":"https:\/\/exceladvisor.org\/tr\/#website"},"primaryImageOfPage":{"@id":"https:\/\/exceladvisor.org\/tr\/saat-formatini-degistir\/#primaryimage"},"image":{"@id":"https:\/\/exceladvisor.org\/tr\/saat-formatini-degistir\/#primaryimage"},"thumbnailUrl":"https:\/\/exceladvisor.org\/wp-content\/uploads\/2023\/08\/1-changer-le-format-de-lheure.png","datePublished":"2023-11-16T08:37:01+00:00","dateModified":"2023-12-10T06:02:12+00:00","description":"Bu e\u011fitimde, \u00f6zel bi\u00e7imlendirmeyi ve i\u015flevi kullanarak saat bi\u00e7imini nas\u0131l de\u011fi\u015ftirece\u011finizi \u00f6\u011freneceksiniz.","breadcrumb":{"@id":"https:\/\/exceladvisor.org\/tr\/saat-formatini-degistir\/#breadcrumb"},"inLanguage":"tr","potentialAction":[{"@type":"ReadAction","target":["https:\/\/exceladvisor.org\/tr\/saat-formatini-degistir\/"]}]},{"@type":"ImageObject","inLanguage":"tr","@id":"https:\/\/exceladvisor.org\/tr\/saat-formatini-degistir\/#primaryimage","url":"https:\/\/exceladvisor.org\/wp-content\/uploads\/2023\/08\/1-changer-le-format-de-lheure.png","contentUrl":"https:\/\/exceladvisor.org\/wp-content\/uploads\/2023\/08\/1-changer-le-format-de-lheure.png"},{"@type":"BreadcrumbList","@id":"https:\/\/exceladvisor.org\/tr\/saat-formatini-degistir\/#breadcrumb","itemListElement":[{"@type":"ListItem","position":1,"name":"Ev","item":"https:\/\/exceladvisor.org\/tr\/"},{"@type":"ListItem","position":2,"name":"Excel&#39;de saat bi\u00e7imi nas\u0131l de\u011fi\u015ftirilir?"}]},{"@type":"WebSite","@id":"https:\/\/exceladvisor.org\/tr\/#website","url":"https:\/\/exceladvisor.org\/tr\/","name":"Excel Advisor","description":"Veri hakimiyetine y\u00f6nelik nihai rehberiniz!","publisher":{"@id":"https:\/\/exceladvisor.org\/tr\/#organization"},"potentialAction":[{"@type":"SearchAction","target":{"@type":"EntryPoint","urlTemplate":"https:\/\/exceladvisor.org\/tr\/?s={search_term_string}"},"query-input":{"@type":"PropertyValueSpecification","valueRequired":true,"valueName":"search_term_string"}}],"inLanguage":"tr"},{"@type":"Organization","@id":"https:\/\/exceladvisor.org\/tr\/#organization","name":"Excel Advisor","url":"https:\/\/exceladvisor.org\/tr\/","logo":{"@type":"ImageObject","inLanguage":"tr","@id":"https:\/\/exceladvisor.org\/tr\/#\/schema\/logo\/image\/","url":"https:\/\/exceladvisor.org\/tr\/wp-content\/uploads\/2023\/12\/exceladvisor.org_.png","contentUrl":"https:\/\/exceladvisor.org\/tr\/wp-content\/uploads\/2023\/12\/exceladvisor.org_.png","width":105,"height":36,"caption":"Excel Advisor"},"image":{"@id":"https:\/\/exceladvisor.org\/tr\/#\/schema\/logo\/image\/"}}]}},"yoast_meta":{"yoast_wpseo_title":"","yoast_wpseo_metadesc":"","yoast_wpseo_canonical":""},"_links":{"self":[{"href":"https:\/\/exceladvisor.org\/tr\/wp-json\/wp\/v2\/pages\/1584","targetHints":{"allow":["GET"]}}],"collection":[{"href":"https:\/\/exceladvisor.org\/tr\/wp-json\/wp\/v2\/pages"}],"about":[{"href":"https:\/\/exceladvisor.org\/tr\/wp-json\/wp\/v2\/types\/page"}],"author":[{"embeddable":true,"href":"https:\/\/exceladvisor.org\/tr\/wp-json\/wp\/v2\/users\/1"}],"replies":[{"embeddable":true,"href":"https:\/\/exceladvisor.org\/tr\/wp-json\/wp\/v2\/comments?post=1584"}],"version-history":[{"count":1,"href":"https:\/\/exceladvisor.org\/tr\/wp-json\/wp\/v2\/pages\/1584\/revisions"}],"predecessor-version":[{"id":2583,"href":"https:\/\/exceladvisor.org\/tr\/wp-json\/wp\/v2\/pages\/1584\/revisions\/2583"}],"wp:attachment":[{"href":"https:\/\/exceladvisor.org\/tr\/wp-json\/wp\/v2\/media?parent=1584"}],"curies":[{"name":"wp","href":"https:\/\/api.w.org\/{rel}","templated":true}]}}