{"id":1585,"date":"2023-11-16T08:18:55","date_gmt":"2023-11-16T08:18:55","guid":{"rendered":"https:\/\/exceladvisor.org\/tr\/iki-tarihi-birlestir\/"},"modified":"2023-12-10T06:04:20","modified_gmt":"2023-12-10T06:04:20","slug":"iki-tarihi-birlestir","status":"publish","type":"page","link":"https:\/\/exceladvisor.org\/tr\/iki-tarihi-birlestir\/","title":{"rendered":"I\u0307ki tarih h\u0131zl\u0131 bir \u015fekilde nas\u0131l birle\u015ftirilir?"},"content":{"rendered":"<div class=\"excel-icerikten-once\" id=\"excel-2607192627\"><script type=\"text\/javascript\">\r\n\tatOptions = {\r\n\t\t'key' : 'c1158f160081d6540a8409e6925dab94',\r\n\t\t'format' : 'iframe',\r\n\t\t'height' : 250,\r\n\t\t'width' : 300,\r\n\t\t'params' : {}\r\n\t};\r\n<\/script>\r\n<script type=\"text\/javascript\" src=\"\/\/www.highperformanceformat.com\/c1158f160081d6540a8409e6925dab94\/invoke.js\"><\/script><\/div> <p>Bildi\u011finiz gibi Excel&#8217;de tarih seri numaras\u0131 olarak kaydedilir ve iki tarihi birle\u015ftirmek istedi\u011finizde belirli bir form\u00fcl kullanman\u0131z gerekir.<\/p><p> Bu derste iki de\u011feri tek bir h\u00fccrede birle\u015ftirmek i\u00e7in kullanabilece\u011finiz t\u00fcm y\u00f6ntemlere bakaca\u011f\u0131z.<\/p><h2 class=\"wp-block-heading\"> Metin i\u015flevini kullanarak iki tarihi birle\u015ftirme<\/h2><p> A\u015fa\u011f\u0131daki \u00f6rnekte A1 h\u00fccresinde ve B1 h\u00fccresinde iki tarihimiz var. \u015eimdi bu ikisini C1 h\u00fccresinde birle\u015ftirmemiz gerekiyor. <\/p><div class=\"wp-block-image\"><figure class=\"aligncenter size-full is-resized\"><img loading=\"lazy\" decoding=\"async\" class=\"wp-image-66017\" src=\"https:\/\/exceladvisor.org\/wp-content\/uploads\/2023\/08\/1-combiner-deux-dates-en-utilisant-la-fonction-de-texte.png\" sizes=\"auto, \" srcset=\"\" alt=\"metin-i\u015flevini kullanarak-iki-tarihi-birle\u015ftirme\" width=\"701\" height=\"271\"><\/figure><\/div><p> \u0130ki tarihi birle\u015ftirecek bir form\u00fcl yazmak i\u00e7in \u015fu ad\u0131mlar\u0131 izleyin:<\/p><ol type=\"1\"><li> \u00d6ncelikle metin i\u015flevini kullan\u0131n; metinde i\u015flev, A1 h\u00fccresine ba\u015fvurur ve ilk tarihi metin olarak almak i\u00e7in &#8220;gg-aa-yyyy&#8221; bi\u00e7imini kullan\u0131r.<\/li><li> Bundan sonra, iki tarih aras\u0131na metin eklemek i\u00e7in ve i\u015fareti kullan\u0131n. Bir ve i\u015faretine, ard\u0131ndan bir metne ve metinden sonra ba\u015fka bir ve i\u015faretine ihtiyac\u0131n\u0131z var.<\/li><li> Daha sonra fonksiyona tekrar mesaj atars\u0131n\u0131z ve metin fonksiyonunda B1 h\u00fccresine bak\u0131n ve ikinci tarihi metin olarak almak i\u00e7in &#8220;gg-aa-yyyy&#8221; bi\u00e7imini kullan\u0131n.<\/li><li> Sonunda C1 h\u00fccresindeki sonucu almak i\u00e7in Enter tu\u015funa bas\u0131n.<\/li><\/ol><pre class=\"wp-block-code\"> <code class=\"language-excel-formula\" lang=\"excel-formula\">=TEXT(A2,\"dd-mmm-yyyy\")&amp;\" to \"&amp;TEXT(B2,\"dd-mmm-yyyy\")<\/code><\/pre><h2 class=\"wp-block-heading\"> Tarihleri birle\u015ftirirken bi\u00e7imi de\u011fi\u015ftirme<\/h2><p> Tarihleri metin i\u015fleviyle birle\u015ftirdi\u011finizde farkl\u0131 bir format kullanma se\u00e7ene\u011finiz olur. A\u015fa\u011f\u0131daki \u00f6rnekte uzun tarih format\u0131 kulland\u0131\u011f\u0131m\u0131z\u0131 g\u00f6rebilirsiniz. <\/p><div class=\"wp-block-image\"><figure class=\"aligncenter size-full is-resized\"><img loading=\"lazy\" decoding=\"async\" class=\"wp-image-66019\" src=\"https:\/\/exceladvisor.org\/wp-content\/uploads\/2023\/08\/2-formats-de-date-de-changement-dans-la-formule.png\" sizes=\"auto, \" srcset=\"\" alt=\"form\u00fcldeki-tarih-bi\u00e7imlerini de\u011fi\u015ftir\" width=\"771\" height=\"242\"><\/figure><\/div><pre class=\"wp-block-code\"> <code class=\"language-excel-formula\" lang=\"excel-formula\">=TEXT(A2,\"mmmm dd, yyyy\")&amp;\" to \"&amp;TEXT(B2,\"mmmm dd, yyyy\")<\/code><\/pre><p> Benzer \u015fekilde, farkl\u0131 bir tarih format\u0131 kullanabilir ve ard\u0131ndan bunu &#8220;ve&#8221; i\u015faretini kullanarak birle\u015ftirebilirsiniz. <\/p><div class=\"gb-container gb-container-52dfcee1 gb-container-sample-file\"><h2 class=\"gb-headline gb-headline-e289c143 gb-headline-text gb-headline-4f7959c2\"> Excel dosyas\u0131n\u0131 al\u0131n<\/h2> <a class=\"gb-button gb-button-e88d6bee gb-button-text gb-button-button1\" href=\"https:\/\/exceladvisor.org\/wp-content\/uploads\/2023\/08\/concatener-deux-dates-2.xlsx\" rel=\"nofollow\">\u0130ndirmek<\/a><\/div><div class=\"gb-container gb-container-0df56012 gb-container-mt\"> <a class=\"gb-button gb-button-f9f432f4 gb-button-text gb-button-mt-button\" href=\"https:\/\/exceladvisor.org\/tr\/formuller\/\">Excel form\u00fcllerinin listesi<\/a><h2 class=\"gb-headline gb-headline-233444e8 gb-headline-text gb-headline-mt-heading\"> \u0130lgili form\u00fcller <\/h2><div class=\"gb-grid-wrapper gb-grid-wrapper-a16fa65c gb-grid-wrapper-mt-grid\"><div class=\"gb-grid-column gb-grid-column-50d07e0d\"><div class=\"gb-container gb-container-50d07e0d\"><ul><li> <a href=\"https:\/\/exceladvisor.org\/tr\/iki-tarihi-karsilastir\/\">Excel&#8217;de iki tarihi kar\u015f\u0131la\u015ft\u0131r\u0131n<\/a><\/li><li> <a href=\"https:\/\/exceladvisor.org\/tr\/tarihi-sayiya-donustur\/\">Excel&#8217;de tarihi say\u0131ya d\u00f6n\u00fc\u015ft\u00fcr\u00fcn<\/a><\/li><li> <a href=\"https:\/\/exceladvisor.org\/tr\/bugune-kadarki-metin\/\">Excel&#8217;de metni tarihe d\u00f6n\u00fc\u015ft\u00fcrme<\/a><\/li><li> <a href=\"https:\/\/exceladvisor.org\/tr\/tarih-araligi\/\">Excel&#8217;de tarih aral\u0131\u011f\u0131 olu\u015fturma<\/a> <\/li><\/ul><\/div><\/div><div class=\"gb-grid-column gb-grid-column-5b4a0cf9\"><div class=\"gb-container gb-container-5b4a0cf9\"><ul><li> <a href=\"https:\/\/exceladvisor.org\/tr\/iki-tarih-arasini-vurgulama\/\">Excel&#8217;de iki tarih aras\u0131ndaki tarihleri vurgulay\u0131n<\/a><\/li><li> <a href=\"https:\/\/exceladvisor.org\/tr\/rastgele-tarih-olusturucu\/\">Excel&#8217;de Rastgele Tarih Olu\u015fturucu (Excel Form\u00fcl\u00fc)<\/a><\/li><li> <a href=\"https:\/\/exceladvisor.org\/tr\/tarih-ve-saati-birlestir\/\">Excel&#8217;de tarih ve saati birle\u015ftirme<\/a><\/li><li> <a href=\"https:\/\/exceladvisor.org\/tr\/eger-tarih\/\">Excel&#8217;de TAR\u0130HL\u0130 E\u011eER i\u015flevi<\/a><\/li><\/ul><\/div><\/div><\/div><\/div>","protected":false},"excerpt":{"rendered":"","protected":false},"author":1,"featured_media":0,"parent":0,"menu_order":0,"comment_status":"open","ping_status":"closed","template":"","meta":{"ub_ctt_via":"","footnotes":""},"class_list":["post-1585","page","type-page","status-publish","hentry"],"featured_image_src":null,"yoast_head":"<!-- This site is optimized with the Yoast SEO plugin v25.4 - https:\/\/yoast.com\/wordpress\/plugins\/seo\/ -->\n<title>\u0130ki tarih h\u0131zl\u0131 bir \u015fekilde nas\u0131l birle\u015ftirilir? - Excel Dan\u0131\u015fman\u0131<\/title>\n<meta name=\"description\" content=\"Bu e\u011fitimde, takip edilmesi kolay iki y\u00f6ntemi kullanarak Excel&#039;de iki tarihi birle\u015ftirmenin farkl\u0131 yollar\u0131n\u0131 \u00f6\u011freneceksiniz.\" \/>\n<meta name=\"robots\" content=\"index, follow, max-snippet:-1, max-image-preview:large, max-video-preview:-1\" \/>\n<link rel=\"canonical\" href=\"https:\/\/exceladvisor.org\/tr\/iki-tarihi-birlestir\/\" \/>\n<meta property=\"og:locale\" content=\"tr_TR\" \/>\n<meta property=\"og:type\" content=\"article\" \/>\n<meta property=\"og:title\" content=\"\u0130ki tarih h\u0131zl\u0131 bir \u015fekilde nas\u0131l birle\u015ftirilir? - Excel Dan\u0131\u015fman\u0131\" \/>\n<meta property=\"og:description\" content=\"Bu e\u011fitimde, takip edilmesi kolay iki y\u00f6ntemi kullanarak Excel&#039;de iki tarihi birle\u015ftirmenin farkl\u0131 yollar\u0131n\u0131 \u00f6\u011freneceksiniz.\" \/>\n<meta property=\"og:url\" content=\"https:\/\/exceladvisor.org\/tr\/iki-tarihi-birlestir\/\" \/>\n<meta property=\"og:site_name\" content=\"Excel Advisor\" \/>\n<meta property=\"article:modified_time\" content=\"2023-12-10T06:04:20+00:00\" \/>\n<meta property=\"og:image\" content=\"https:\/\/exceladvisor.org\/wp-content\/uploads\/2023\/08\/1-combiner-deux-dates-en-utilisant-la-fonction-de-texte.png\" \/>\n<meta name=\"twitter:card\" content=\"summary_large_image\" \/>\n<meta name=\"twitter:label1\" content=\"Tahmini okuma s\u00fcresi\" \/>\n\t<meta name=\"twitter:data1\" content=\"2 dakika\" \/>\n<script type=\"application\/ld+json\" class=\"yoast-schema-graph\">{\"@context\":\"https:\/\/schema.org\",\"@graph\":[{\"@type\":\"WebPage\",\"@id\":\"https:\/\/exceladvisor.org\/tr\/iki-tarihi-birlestir\/\",\"url\":\"https:\/\/exceladvisor.org\/tr\/iki-tarihi-birlestir\/\",\"name\":\"\u0130ki tarih h\u0131zl\u0131 bir \u015fekilde nas\u0131l birle\u015ftirilir? - Excel Dan\u0131\u015fman\u0131\",\"isPartOf\":{\"@id\":\"https:\/\/exceladvisor.org\/tr\/#website\"},\"primaryImageOfPage\":{\"@id\":\"https:\/\/exceladvisor.org\/tr\/iki-tarihi-birlestir\/#primaryimage\"},\"image\":{\"@id\":\"https:\/\/exceladvisor.org\/tr\/iki-tarihi-birlestir\/#primaryimage\"},\"thumbnailUrl\":\"https:\/\/exceladvisor.org\/wp-content\/uploads\/2023\/08\/1-combiner-deux-dates-en-utilisant-la-fonction-de-texte.png\",\"datePublished\":\"2023-11-16T08:18:55+00:00\",\"dateModified\":\"2023-12-10T06:04:20+00:00\",\"description\":\"Bu e\u011fitimde, takip edilmesi kolay iki y\u00f6ntemi kullanarak Excel&#39;de iki tarihi birle\u015ftirmenin farkl\u0131 yollar\u0131n\u0131 \u00f6\u011freneceksiniz.\",\"breadcrumb\":{\"@id\":\"https:\/\/exceladvisor.org\/tr\/iki-tarihi-birlestir\/#breadcrumb\"},\"inLanguage\":\"tr\",\"potentialAction\":[{\"@type\":\"ReadAction\",\"target\":[\"https:\/\/exceladvisor.org\/tr\/iki-tarihi-birlestir\/\"]}]},{\"@type\":\"ImageObject\",\"inLanguage\":\"tr\",\"@id\":\"https:\/\/exceladvisor.org\/tr\/iki-tarihi-birlestir\/#primaryimage\",\"url\":\"https:\/\/exceladvisor.org\/wp-content\/uploads\/2023\/08\/1-combiner-deux-dates-en-utilisant-la-fonction-de-texte.png\",\"contentUrl\":\"https:\/\/exceladvisor.org\/wp-content\/uploads\/2023\/08\/1-combiner-deux-dates-en-utilisant-la-fonction-de-texte.png\"},{\"@type\":\"BreadcrumbList\",\"@id\":\"https:\/\/exceladvisor.org\/tr\/iki-tarihi-birlestir\/#breadcrumb\",\"itemListElement\":[{\"@type\":\"ListItem\",\"position\":1,\"name\":\"Ev\",\"item\":\"https:\/\/exceladvisor.org\/tr\/\"},{\"@type\":\"ListItem\",\"position\":2,\"name\":\"I\u0307ki tarih h\u0131zl\u0131 bir \u015fekilde nas\u0131l birle\u015ftirilir?\"}]},{\"@type\":\"WebSite\",\"@id\":\"https:\/\/exceladvisor.org\/tr\/#website\",\"url\":\"https:\/\/exceladvisor.org\/tr\/\",\"name\":\"Excel Advisor\",\"description\":\"Veri hakimiyetine y\u00f6nelik nihai rehberiniz!\",\"publisher\":{\"@id\":\"https:\/\/exceladvisor.org\/tr\/#organization\"},\"potentialAction\":[{\"@type\":\"SearchAction\",\"target\":{\"@type\":\"EntryPoint\",\"urlTemplate\":\"https:\/\/exceladvisor.org\/tr\/?s={search_term_string}\"},\"query-input\":{\"@type\":\"PropertyValueSpecification\",\"valueRequired\":true,\"valueName\":\"search_term_string\"}}],\"inLanguage\":\"tr\"},{\"@type\":\"Organization\",\"@id\":\"https:\/\/exceladvisor.org\/tr\/#organization\",\"name\":\"Excel Advisor\",\"url\":\"https:\/\/exceladvisor.org\/tr\/\",\"logo\":{\"@type\":\"ImageObject\",\"inLanguage\":\"tr\",\"@id\":\"https:\/\/exceladvisor.org\/tr\/#\/schema\/logo\/image\/\",\"url\":\"https:\/\/exceladvisor.org\/tr\/wp-content\/uploads\/2023\/12\/exceladvisor.org_.png\",\"contentUrl\":\"https:\/\/exceladvisor.org\/tr\/wp-content\/uploads\/2023\/12\/exceladvisor.org_.png\",\"width\":105,\"height\":36,\"caption\":\"Excel Advisor\"},\"image\":{\"@id\":\"https:\/\/exceladvisor.org\/tr\/#\/schema\/logo\/image\/\"}}]}<\/script>\n<!-- \/ Yoast SEO plugin. -->","yoast_head_json":{"title":"\u0130ki tarih h\u0131zl\u0131 bir \u015fekilde nas\u0131l birle\u015ftirilir? - Excel Dan\u0131\u015fman\u0131","description":"Bu e\u011fitimde, takip edilmesi kolay iki y\u00f6ntemi kullanarak Excel&#39;de iki tarihi birle\u015ftirmenin farkl\u0131 yollar\u0131n\u0131 \u00f6\u011freneceksiniz.","robots":{"index":"index","follow":"follow","max-snippet":"max-snippet:-1","max-image-preview":"max-image-preview:large","max-video-preview":"max-video-preview:-1"},"canonical":"https:\/\/exceladvisor.org\/tr\/iki-tarihi-birlestir\/","og_locale":"tr_TR","og_type":"article","og_title":"\u0130ki tarih h\u0131zl\u0131 bir \u015fekilde nas\u0131l birle\u015ftirilir? - Excel Dan\u0131\u015fman\u0131","og_description":"Bu e\u011fitimde, takip edilmesi kolay iki y\u00f6ntemi kullanarak Excel&#39;de iki tarihi birle\u015ftirmenin farkl\u0131 yollar\u0131n\u0131 \u00f6\u011freneceksiniz.","og_url":"https:\/\/exceladvisor.org\/tr\/iki-tarihi-birlestir\/","og_site_name":"Excel Advisor","article_modified_time":"2023-12-10T06:04:20+00:00","og_image":[{"url":"https:\/\/exceladvisor.org\/wp-content\/uploads\/2023\/08\/1-combiner-deux-dates-en-utilisant-la-fonction-de-texte.png","type":"","width":"","height":""}],"twitter_card":"summary_large_image","twitter_misc":{"Tahmini okuma s\u00fcresi":"2 dakika"},"schema":{"@context":"https:\/\/schema.org","@graph":[{"@type":"WebPage","@id":"https:\/\/exceladvisor.org\/tr\/iki-tarihi-birlestir\/","url":"https:\/\/exceladvisor.org\/tr\/iki-tarihi-birlestir\/","name":"\u0130ki tarih h\u0131zl\u0131 bir \u015fekilde nas\u0131l birle\u015ftirilir? - Excel Dan\u0131\u015fman\u0131","isPartOf":{"@id":"https:\/\/exceladvisor.org\/tr\/#website"},"primaryImageOfPage":{"@id":"https:\/\/exceladvisor.org\/tr\/iki-tarihi-birlestir\/#primaryimage"},"image":{"@id":"https:\/\/exceladvisor.org\/tr\/iki-tarihi-birlestir\/#primaryimage"},"thumbnailUrl":"https:\/\/exceladvisor.org\/wp-content\/uploads\/2023\/08\/1-combiner-deux-dates-en-utilisant-la-fonction-de-texte.png","datePublished":"2023-11-16T08:18:55+00:00","dateModified":"2023-12-10T06:04:20+00:00","description":"Bu e\u011fitimde, takip edilmesi kolay iki y\u00f6ntemi kullanarak Excel&#39;de iki tarihi birle\u015ftirmenin farkl\u0131 yollar\u0131n\u0131 \u00f6\u011freneceksiniz.","breadcrumb":{"@id":"https:\/\/exceladvisor.org\/tr\/iki-tarihi-birlestir\/#breadcrumb"},"inLanguage":"tr","potentialAction":[{"@type":"ReadAction","target":["https:\/\/exceladvisor.org\/tr\/iki-tarihi-birlestir\/"]}]},{"@type":"ImageObject","inLanguage":"tr","@id":"https:\/\/exceladvisor.org\/tr\/iki-tarihi-birlestir\/#primaryimage","url":"https:\/\/exceladvisor.org\/wp-content\/uploads\/2023\/08\/1-combiner-deux-dates-en-utilisant-la-fonction-de-texte.png","contentUrl":"https:\/\/exceladvisor.org\/wp-content\/uploads\/2023\/08\/1-combiner-deux-dates-en-utilisant-la-fonction-de-texte.png"},{"@type":"BreadcrumbList","@id":"https:\/\/exceladvisor.org\/tr\/iki-tarihi-birlestir\/#breadcrumb","itemListElement":[{"@type":"ListItem","position":1,"name":"Ev","item":"https:\/\/exceladvisor.org\/tr\/"},{"@type":"ListItem","position":2,"name":"I\u0307ki tarih h\u0131zl\u0131 bir \u015fekilde nas\u0131l birle\u015ftirilir?"}]},{"@type":"WebSite","@id":"https:\/\/exceladvisor.org\/tr\/#website","url":"https:\/\/exceladvisor.org\/tr\/","name":"Excel Advisor","description":"Veri hakimiyetine y\u00f6nelik nihai rehberiniz!","publisher":{"@id":"https:\/\/exceladvisor.org\/tr\/#organization"},"potentialAction":[{"@type":"SearchAction","target":{"@type":"EntryPoint","urlTemplate":"https:\/\/exceladvisor.org\/tr\/?s={search_term_string}"},"query-input":{"@type":"PropertyValueSpecification","valueRequired":true,"valueName":"search_term_string"}}],"inLanguage":"tr"},{"@type":"Organization","@id":"https:\/\/exceladvisor.org\/tr\/#organization","name":"Excel Advisor","url":"https:\/\/exceladvisor.org\/tr\/","logo":{"@type":"ImageObject","inLanguage":"tr","@id":"https:\/\/exceladvisor.org\/tr\/#\/schema\/logo\/image\/","url":"https:\/\/exceladvisor.org\/tr\/wp-content\/uploads\/2023\/12\/exceladvisor.org_.png","contentUrl":"https:\/\/exceladvisor.org\/tr\/wp-content\/uploads\/2023\/12\/exceladvisor.org_.png","width":105,"height":36,"caption":"Excel Advisor"},"image":{"@id":"https:\/\/exceladvisor.org\/tr\/#\/schema\/logo\/image\/"}}]}},"yoast_meta":{"yoast_wpseo_title":"","yoast_wpseo_metadesc":"","yoast_wpseo_canonical":""},"_links":{"self":[{"href":"https:\/\/exceladvisor.org\/tr\/wp-json\/wp\/v2\/pages\/1585","targetHints":{"allow":["GET"]}}],"collection":[{"href":"https:\/\/exceladvisor.org\/tr\/wp-json\/wp\/v2\/pages"}],"about":[{"href":"https:\/\/exceladvisor.org\/tr\/wp-json\/wp\/v2\/types\/page"}],"author":[{"embeddable":true,"href":"https:\/\/exceladvisor.org\/tr\/wp-json\/wp\/v2\/users\/1"}],"replies":[{"embeddable":true,"href":"https:\/\/exceladvisor.org\/tr\/wp-json\/wp\/v2\/comments?post=1585"}],"version-history":[{"count":1,"href":"https:\/\/exceladvisor.org\/tr\/wp-json\/wp\/v2\/pages\/1585\/revisions"}],"predecessor-version":[{"id":2713,"href":"https:\/\/exceladvisor.org\/tr\/wp-json\/wp\/v2\/pages\/1585\/revisions\/2713"}],"wp:attachment":[{"href":"https:\/\/exceladvisor.org\/tr\/wp-json\/wp\/v2\/media?parent=1585"}],"curies":[{"name":"wp","href":"https:\/\/api.w.org\/{rel}","templated":true}]}}