{"id":1586,"date":"2023-11-16T08:05:21","date_gmt":"2023-11-16T08:05:21","guid":{"rendered":"https:\/\/exceladvisor.org\/tr\/sutunun-tamamini-ekle\/"},"modified":"2023-12-10T05:59:02","modified_gmt":"2023-12-10T05:59:02","slug":"sutunun-tamamini-ekle","status":"publish","type":"page","link":"https:\/\/exceladvisor.org\/tr\/sutunun-tamamini-ekle\/","title":{"rendered":"Bir s\u00fctunun veya sat\u0131r\u0131n tamam\u0131 nas\u0131l eklenir?"},"content":{"rendered":"<div class=\"excel-icerikten-once\" id=\"excel-3620191925\"><script type=\"text\/javascript\">\r\n\tatOptions = {\r\n\t\t'key' : 'c1158f160081d6540a8409e6925dab94',\r\n\t\t'format' : 'iframe',\r\n\t\t'height' : 250,\r\n\t\t'width' : 300,\r\n\t\t'params' : {}\r\n\t};\r\n<\/script>\r\n<script type=\"text\/javascript\" src=\"\/\/www.highperformanceformat.com\/c1158f160081d6540a8409e6925dab94\/invoke.js\"><\/script><\/div> <p>Excel&#8217;de, bir s\u00fctunun veya sat\u0131r\u0131n tamam\u0131n\u0131n de\u011ferlerini toplamak i\u00e7in TOPLA i\u015flevini kullanabilirsiniz. Bu dersimizde bunun i\u00e7in kullanabilece\u011fimiz t\u00fcm y\u00f6ntemleri g\u00f6rece\u011fiz.<\/p><h2 class=\"wp-block-heading\"> Bir s\u00fctunun tamam\u0131n\u0131 ekle<\/h2><p> S\u00f6yledi\u011fim gibi, bir s\u00fctunun de\u011ferlerini toplamak i\u00e7in SUM fonksiyonunu kullanabilirsiniz, izlenecek ad\u0131mlar \u015funlard\u0131r:<\/p><ol type=\"1\"><li> \u00d6ncelikle toplam\u0131 hesaplamak istedi\u011finiz h\u00fccreye \u201c=TOPLA\u201d yaz\u0131n.<\/li><li> Daha sonra ba\u015flang\u0131\u00e7 parantezlerini girin.<\/li><li> Bundan sonra toplam\u0131 hesaplamak istedi\u011finiz s\u00fctuna bak\u0131n.<\/li><li> Sonunda kapatma parantezlerini girin ve sonucu almak i\u00e7in Enter tu\u015funa bas\u0131n. <\/li><\/ol><div class=\"wp-block-image\"><figure class=\"aligncenter size-full is-resized\"><img loading=\"lazy\" decoding=\"async\" class=\"wp-image-66032\" src=\"https:\/\/exceladvisor.org\/wp-content\/uploads\/2023\/08\/1-additionner-une-colonne-entiere.png\" sizes=\"auto, \" srcset=\"\" alt=\"toplam-bir-t\u00fcm-s\u00fctun\" width=\"476\" height=\"380\"><\/figure><\/div><p> Yukar\u0131daki \u00f6rnekte g\u00f6rd\u00fc\u011f\u00fcn\u00fcz gibi s\u00fctundaki t\u00fcm de\u011ferlerin toplam\u0131n\u0131 almak i\u00e7in sum fonksiyonunu kullan\u0131p <strong>S\u00fctun-A&#8217;ya<\/strong> ba\u015fvurduk. Ve e\u011fer bir sat\u0131r\u0131 tam olarak \u00f6zetlemek istiyorsan\u0131z a\u015fa\u011f\u0131daki \u00f6rnekte yapt\u0131\u011f\u0131m\u0131z gibi sat\u0131ra ba\u015fvurman\u0131z gerekir. <\/p><div class=\"wp-block-image\"><figure class=\"aligncenter size-full is-resized\"><img loading=\"lazy\" decoding=\"async\" class=\"wp-image-66033\" src=\"https:\/\/exceladvisor.org\/wp-content\/uploads\/2023\/08\/2-formule-de-somme-a-la-colonne-de-somme.png\" sizes=\"auto, \" srcset=\"\" alt=\"toplam form\u00fcl\u00fcnden toplam s\u00fctununa\" width=\"481\" height=\"351\"><\/figure><\/div><h2 class=\"wp-block-heading\"> Birden \u00e7ok s\u00fctun ve sat\u0131r\u0131n toplam\u0131<\/h2><p> Birden fazla s\u00fctun veya sat\u0131r\u0131n de\u011ferlerini toplaman\u0131z gereken bir durum olabilir, a\u015fa\u011f\u0131daki \u00f6rnekte kulland\u0131\u011f\u0131m\u0131z y\u00f6ntemi kullanman\u0131z gerekir. Birden fazla s\u00fctun i\u00e7in: <\/p><div class=\"wp-block-image\"><figure class=\"aligncenter size-full is-resized\"><img loading=\"lazy\" decoding=\"async\" class=\"wp-image-66034\" src=\"https:\/\/exceladvisor.org\/wp-content\/uploads\/2023\/08\/3-additionner-plusieurs-lignes-et-colonnes.png\" sizes=\"auto, \" srcset=\"\" alt=\"bir\u00e7ok sat\u0131r ve s\u00fctunun toplam\u0131\" width=\"488\" height=\"341\"><\/figure><\/div><p> \u00c7oklu sat\u0131rlar i\u00e7in sat\u0131r 1 ve sat\u0131r 2. <\/p><div class=\"wp-block-image\"><figure class=\"aligncenter size-full is-resized\"><img loading=\"lazy\" decoding=\"async\" class=\"wp-image-66035\" src=\"https:\/\/exceladvisor.org\/wp-content\/uploads\/2023\/08\/4-somme-pour-plusieurs-lignes.png\" sizes=\"auto, \" srcset=\"\" alt=\"birden fazla sat\u0131r i\u00e7in toplam\" width=\"486\" height=\"400\"><\/figure><\/div><h2 class=\"wp-block-heading\"> Biti\u015fik olmayan s\u00fctun veya sat\u0131rlar\u0131n toplam\u0131<\/h2><p> \u015eimdi a\u015fa\u011f\u0131daki \u00f6rnekte, birden fazla biti\u015fik olmayan s\u00fctun ve sat\u0131r eklemek i\u00e7in sum i\u015flevine sahipsiniz. A\u015fa\u011f\u0131daki \u00f6rnekte A ve C s\u00fctunlar\u0131n\u0131 eklemek i\u00e7in form\u00fcl\u00fcn\u00fcz var <\/p><div class=\"wp-block-image\"><figure class=\"aligncenter size-full is-resized\"><img loading=\"lazy\" decoding=\"async\" class=\"wp-image-66036\" src=\"https:\/\/exceladvisor.org\/wp-content\/uploads\/2023\/08\/Somme-de-5-lignes-de-colonnes-non-adjacentes.png\" sizes=\"auto, \" srcset=\"\" alt=\"biti\u015fik olmayan-sat\u0131r-s\u00fctunlar\u0131n toplam\u0131\" width=\"477\" height=\"343\"><\/figure><\/div><p> Bu \u00f6rnekte, biti\u015fik olmayan sat\u0131rlar\u0131 eklemek i\u00e7in form\u00fcl\u00fc kulland\u0131n\u0131z. <\/p><div class=\"wp-block-image\"><figure class=\"aligncenter size-full is-resized\"><img loading=\"lazy\" decoding=\"async\" class=\"wp-image-66037\" src=\"https:\/\/exceladvisor.org\/wp-content\/uploads\/2023\/08\/Formule-a-6-lignes-non-adjacentes.png\" sizes=\"auto, \" srcset=\"\" alt=\"biti\u015fik olmayan sat\u0131rlar\u0131n toplam\u0131 form\u00fcl\u00fc\" width=\"522\" height=\"429\"><\/figure><\/div><p> Yukar\u0131daki \u00f6rnekte 1, 3 ve 5. sat\u0131rlardan bahsettik.<\/p><h2 class=\"wp-block-heading\"> \u00d6nemli nokta<\/h2><p> Bir s\u00fctunun veya sat\u0131r\u0131n tamam\u0131na at\u0131fta bulunurken her zaman yanl\u0131\u015f toplam elde etme ihtimalinin bulundu\u011funu dikkate almak daha iyi olacakt\u0131r. A\u015fa\u011f\u0131daki \u00f6rnekte A1 h\u00fccresinden A16 h\u00fccresine kadar de\u011ferleriniz var ancak s\u00fctunun tamam\u0131na at\u0131fta bulunuyorsunuz.<\/p><p> H\u00fccrelerden birine bir de\u011fer girerseniz (yanl\u0131\u015fl\u0131kla bile olsa), form\u00fcl bu de\u011feri dikkate al\u0131r. <\/p><div class=\"wp-block-image\"><figure class=\"aligncenter size-full is-resized\"><img loading=\"lazy\" decoding=\"async\" class=\"wp-image-84437\" src=\"https:\/\/exceladvisor.org\/wp-content\/uploads\/2023\/08\/3-somme-incorrecte.png\" sizes=\"auto, \" srcset=\"\" alt=\"yanl\u0131\u015f toplam\" width=\"405\" height=\"499\"><\/figure><\/div><p> De\u011fer A16&#8217;n\u0131n alt\u0131ndaki bir h\u00fccrede bir yerde bulunuyorsa o de\u011fer de toplama dahil edilecektir. <\/p><div class=\"gb-container gb-container-52dfcee1 gb-container-sample-file\"><h2 class=\"gb-headline gb-headline-e289c143 gb-headline-text gb-headline-4f7959c2\"> Excel dosyas\u0131n\u0131 al\u0131n<\/h2> <a class=\"gb-button gb-button-e88d6bee gb-button-text gb-button-button1\" href=\"https:\/\/exceladvisor.org\/wp-content\/uploads\/2023\/11\/somme-toute-la-colonne-3.xlsx\" rel=\"nofollow\">\u0130ndirmek<\/a><\/div><div class=\"gb-container gb-container-0df56012 gb-container-mt\"> <a class=\"gb-button gb-button-f9f432f4 gb-button-text gb-button-mt-button\" href=\"https:\/\/exceladvisor.org\/tr\/formuller\/\">Excel form\u00fcllerinin listesi<\/a><h2 class=\"gb-headline gb-headline-233444e8 gb-headline-text gb-headline-mt-heading\"> \u0130lgili form\u00fcller <\/h2><div class=\"gb-grid-wrapper gb-grid-wrapper-a16fa65c gb-grid-wrapper-mt-grid\"><div class=\"gb-grid-column gb-grid-column-50d07e0d\"><div class=\"gb-container gb-container-50d07e0d\"><ul><li> <a href=\"https:\/\/exceladvisor.org\/tr\/yalnizca-gorunur-hucreleri-ekle\/\">Excel&#8217;de yaln\u0131zca g\u00f6r\u00fcn\u00fcr h\u00fccreleri topla<\/a><\/li><li> <a href=\"https:\/\/exceladvisor.org\/tr\/rastgele-hucreler-ekle\/\">Excel&#8217;deki rastgele h\u00fccrelerin toplam\u0131<\/a><\/li><li> <a href=\"https:\/\/exceladvisor.org\/tr\/toplam-satir\/\">Excel&#8217;de toplam sat\u0131r ekleme<\/a><\/li><li> <a href=\"https:\/\/exceladvisor.org\/tr\/otomatik-toplam-1\/\">Excel&#8217;de Otomatik Toplam\u0131 H\u0131zla Kullanma<\/a> <\/li><\/ul><\/div><\/div><div class=\"gb-grid-column gb-grid-column-5b4a0cf9\"><div class=\"gb-container gb-container-5b4a0cf9\"><\/div><\/div><\/div><\/div>","protected":false},"excerpt":{"rendered":"","protected":false},"author":1,"featured_media":0,"parent":0,"menu_order":0,"comment_status":"open","ping_status":"closed","template":"","meta":{"ub_ctt_via":"","footnotes":""},"class_list":["post-1586","page","type-page","status-publish","hentry"],"featured_image_src":null,"yoast_head":"<!-- This site is optimized with the Yoast SEO plugin v25.4 - https:\/\/yoast.com\/wordpress\/plugins\/seo\/ -->\n<title>\u25b7 Bir s\u00fctunun veya sat\u0131r\u0131n tamam\u0131 nas\u0131l eklenir?<\/title>\n<meta name=\"description\" content=\"Bu e\u011fitimde, basit bir form\u00fcl\u00fc kullanarak Excel&#039;de bir s\u00fctunun veya sat\u0131r\u0131n tamam\u0131n\u0131 nas\u0131l ekleyece\u011finizi \u00f6\u011freneceksiniz.\" \/>\n<meta name=\"robots\" content=\"index, follow, max-snippet:-1, max-image-preview:large, max-video-preview:-1\" \/>\n<link rel=\"canonical\" href=\"https:\/\/exceladvisor.org\/tr\/sutunun-tamamini-ekle\/\" \/>\n<meta property=\"og:locale\" content=\"tr_TR\" \/>\n<meta property=\"og:type\" content=\"article\" \/>\n<meta property=\"og:title\" content=\"\u25b7 Bir s\u00fctunun veya sat\u0131r\u0131n tamam\u0131 nas\u0131l eklenir?\" \/>\n<meta property=\"og:description\" content=\"Bu e\u011fitimde, basit bir form\u00fcl\u00fc kullanarak Excel&#039;de bir s\u00fctunun veya sat\u0131r\u0131n tamam\u0131n\u0131 nas\u0131l ekleyece\u011finizi \u00f6\u011freneceksiniz.\" \/>\n<meta property=\"og:url\" content=\"https:\/\/exceladvisor.org\/tr\/sutunun-tamamini-ekle\/\" \/>\n<meta property=\"og:site_name\" content=\"Excel Advisor\" \/>\n<meta property=\"article:modified_time\" content=\"2023-12-10T05:59:02+00:00\" \/>\n<meta property=\"og:image\" content=\"https:\/\/exceladvisor.org\/wp-content\/uploads\/2023\/08\/1-additionner-une-colonne-entiere.png\" \/>\n<meta name=\"twitter:card\" content=\"summary_large_image\" \/>\n<meta name=\"twitter:label1\" content=\"Tahmini okuma s\u00fcresi\" \/>\n\t<meta name=\"twitter:data1\" content=\"2 dakika\" \/>\n<script type=\"application\/ld+json\" class=\"yoast-schema-graph\">{\"@context\":\"https:\/\/schema.org\",\"@graph\":[{\"@type\":\"WebPage\",\"@id\":\"https:\/\/exceladvisor.org\/tr\/sutunun-tamamini-ekle\/\",\"url\":\"https:\/\/exceladvisor.org\/tr\/sutunun-tamamini-ekle\/\",\"name\":\"\u25b7 Bir s\u00fctunun veya sat\u0131r\u0131n tamam\u0131 nas\u0131l eklenir?\",\"isPartOf\":{\"@id\":\"https:\/\/exceladvisor.org\/tr\/#website\"},\"primaryImageOfPage\":{\"@id\":\"https:\/\/exceladvisor.org\/tr\/sutunun-tamamini-ekle\/#primaryimage\"},\"image\":{\"@id\":\"https:\/\/exceladvisor.org\/tr\/sutunun-tamamini-ekle\/#primaryimage\"},\"thumbnailUrl\":\"https:\/\/exceladvisor.org\/wp-content\/uploads\/2023\/08\/1-additionner-une-colonne-entiere.png\",\"datePublished\":\"2023-11-16T08:05:21+00:00\",\"dateModified\":\"2023-12-10T05:59:02+00:00\",\"description\":\"Bu e\u011fitimde, basit bir form\u00fcl\u00fc kullanarak Excel&#39;de bir s\u00fctunun veya sat\u0131r\u0131n tamam\u0131n\u0131 nas\u0131l ekleyece\u011finizi \u00f6\u011freneceksiniz.\",\"breadcrumb\":{\"@id\":\"https:\/\/exceladvisor.org\/tr\/sutunun-tamamini-ekle\/#breadcrumb\"},\"inLanguage\":\"tr\",\"potentialAction\":[{\"@type\":\"ReadAction\",\"target\":[\"https:\/\/exceladvisor.org\/tr\/sutunun-tamamini-ekle\/\"]}]},{\"@type\":\"ImageObject\",\"inLanguage\":\"tr\",\"@id\":\"https:\/\/exceladvisor.org\/tr\/sutunun-tamamini-ekle\/#primaryimage\",\"url\":\"https:\/\/exceladvisor.org\/wp-content\/uploads\/2023\/08\/1-additionner-une-colonne-entiere.png\",\"contentUrl\":\"https:\/\/exceladvisor.org\/wp-content\/uploads\/2023\/08\/1-additionner-une-colonne-entiere.png\"},{\"@type\":\"BreadcrumbList\",\"@id\":\"https:\/\/exceladvisor.org\/tr\/sutunun-tamamini-ekle\/#breadcrumb\",\"itemListElement\":[{\"@type\":\"ListItem\",\"position\":1,\"name\":\"Ev\",\"item\":\"https:\/\/exceladvisor.org\/tr\/\"},{\"@type\":\"ListItem\",\"position\":2,\"name\":\"Bir s\u00fctunun veya sat\u0131r\u0131n tamam\u0131 nas\u0131l eklenir?\"}]},{\"@type\":\"WebSite\",\"@id\":\"https:\/\/exceladvisor.org\/tr\/#website\",\"url\":\"https:\/\/exceladvisor.org\/tr\/\",\"name\":\"Excel Advisor\",\"description\":\"Veri hakimiyetine y\u00f6nelik nihai rehberiniz!\",\"publisher\":{\"@id\":\"https:\/\/exceladvisor.org\/tr\/#organization\"},\"potentialAction\":[{\"@type\":\"SearchAction\",\"target\":{\"@type\":\"EntryPoint\",\"urlTemplate\":\"https:\/\/exceladvisor.org\/tr\/?s={search_term_string}\"},\"query-input\":{\"@type\":\"PropertyValueSpecification\",\"valueRequired\":true,\"valueName\":\"search_term_string\"}}],\"inLanguage\":\"tr\"},{\"@type\":\"Organization\",\"@id\":\"https:\/\/exceladvisor.org\/tr\/#organization\",\"name\":\"Excel Advisor\",\"url\":\"https:\/\/exceladvisor.org\/tr\/\",\"logo\":{\"@type\":\"ImageObject\",\"inLanguage\":\"tr\",\"@id\":\"https:\/\/exceladvisor.org\/tr\/#\/schema\/logo\/image\/\",\"url\":\"https:\/\/exceladvisor.org\/tr\/wp-content\/uploads\/2023\/12\/exceladvisor.org_.png\",\"contentUrl\":\"https:\/\/exceladvisor.org\/tr\/wp-content\/uploads\/2023\/12\/exceladvisor.org_.png\",\"width\":105,\"height\":36,\"caption\":\"Excel Advisor\"},\"image\":{\"@id\":\"https:\/\/exceladvisor.org\/tr\/#\/schema\/logo\/image\/\"}}]}<\/script>\n<!-- \/ Yoast SEO plugin. -->","yoast_head_json":{"title":"\u25b7 Bir s\u00fctunun veya sat\u0131r\u0131n tamam\u0131 nas\u0131l eklenir?","description":"Bu e\u011fitimde, basit bir form\u00fcl\u00fc kullanarak Excel&#39;de bir s\u00fctunun veya sat\u0131r\u0131n tamam\u0131n\u0131 nas\u0131l ekleyece\u011finizi \u00f6\u011freneceksiniz.","robots":{"index":"index","follow":"follow","max-snippet":"max-snippet:-1","max-image-preview":"max-image-preview:large","max-video-preview":"max-video-preview:-1"},"canonical":"https:\/\/exceladvisor.org\/tr\/sutunun-tamamini-ekle\/","og_locale":"tr_TR","og_type":"article","og_title":"\u25b7 Bir s\u00fctunun veya sat\u0131r\u0131n tamam\u0131 nas\u0131l eklenir?","og_description":"Bu e\u011fitimde, basit bir form\u00fcl\u00fc kullanarak Excel&#39;de bir s\u00fctunun veya sat\u0131r\u0131n tamam\u0131n\u0131 nas\u0131l ekleyece\u011finizi \u00f6\u011freneceksiniz.","og_url":"https:\/\/exceladvisor.org\/tr\/sutunun-tamamini-ekle\/","og_site_name":"Excel Advisor","article_modified_time":"2023-12-10T05:59:02+00:00","og_image":[{"url":"https:\/\/exceladvisor.org\/wp-content\/uploads\/2023\/08\/1-additionner-une-colonne-entiere.png","type":"","width":"","height":""}],"twitter_card":"summary_large_image","twitter_misc":{"Tahmini okuma s\u00fcresi":"2 dakika"},"schema":{"@context":"https:\/\/schema.org","@graph":[{"@type":"WebPage","@id":"https:\/\/exceladvisor.org\/tr\/sutunun-tamamini-ekle\/","url":"https:\/\/exceladvisor.org\/tr\/sutunun-tamamini-ekle\/","name":"\u25b7 Bir s\u00fctunun veya sat\u0131r\u0131n tamam\u0131 nas\u0131l eklenir?","isPartOf":{"@id":"https:\/\/exceladvisor.org\/tr\/#website"},"primaryImageOfPage":{"@id":"https:\/\/exceladvisor.org\/tr\/sutunun-tamamini-ekle\/#primaryimage"},"image":{"@id":"https:\/\/exceladvisor.org\/tr\/sutunun-tamamini-ekle\/#primaryimage"},"thumbnailUrl":"https:\/\/exceladvisor.org\/wp-content\/uploads\/2023\/08\/1-additionner-une-colonne-entiere.png","datePublished":"2023-11-16T08:05:21+00:00","dateModified":"2023-12-10T05:59:02+00:00","description":"Bu e\u011fitimde, basit bir form\u00fcl\u00fc kullanarak Excel&#39;de bir s\u00fctunun veya sat\u0131r\u0131n tamam\u0131n\u0131 nas\u0131l ekleyece\u011finizi \u00f6\u011freneceksiniz.","breadcrumb":{"@id":"https:\/\/exceladvisor.org\/tr\/sutunun-tamamini-ekle\/#breadcrumb"},"inLanguage":"tr","potentialAction":[{"@type":"ReadAction","target":["https:\/\/exceladvisor.org\/tr\/sutunun-tamamini-ekle\/"]}]},{"@type":"ImageObject","inLanguage":"tr","@id":"https:\/\/exceladvisor.org\/tr\/sutunun-tamamini-ekle\/#primaryimage","url":"https:\/\/exceladvisor.org\/wp-content\/uploads\/2023\/08\/1-additionner-une-colonne-entiere.png","contentUrl":"https:\/\/exceladvisor.org\/wp-content\/uploads\/2023\/08\/1-additionner-une-colonne-entiere.png"},{"@type":"BreadcrumbList","@id":"https:\/\/exceladvisor.org\/tr\/sutunun-tamamini-ekle\/#breadcrumb","itemListElement":[{"@type":"ListItem","position":1,"name":"Ev","item":"https:\/\/exceladvisor.org\/tr\/"},{"@type":"ListItem","position":2,"name":"Bir s\u00fctunun veya sat\u0131r\u0131n tamam\u0131 nas\u0131l eklenir?"}]},{"@type":"WebSite","@id":"https:\/\/exceladvisor.org\/tr\/#website","url":"https:\/\/exceladvisor.org\/tr\/","name":"Excel Advisor","description":"Veri hakimiyetine y\u00f6nelik nihai rehberiniz!","publisher":{"@id":"https:\/\/exceladvisor.org\/tr\/#organization"},"potentialAction":[{"@type":"SearchAction","target":{"@type":"EntryPoint","urlTemplate":"https:\/\/exceladvisor.org\/tr\/?s={search_term_string}"},"query-input":{"@type":"PropertyValueSpecification","valueRequired":true,"valueName":"search_term_string"}}],"inLanguage":"tr"},{"@type":"Organization","@id":"https:\/\/exceladvisor.org\/tr\/#organization","name":"Excel Advisor","url":"https:\/\/exceladvisor.org\/tr\/","logo":{"@type":"ImageObject","inLanguage":"tr","@id":"https:\/\/exceladvisor.org\/tr\/#\/schema\/logo\/image\/","url":"https:\/\/exceladvisor.org\/tr\/wp-content\/uploads\/2023\/12\/exceladvisor.org_.png","contentUrl":"https:\/\/exceladvisor.org\/tr\/wp-content\/uploads\/2023\/12\/exceladvisor.org_.png","width":105,"height":36,"caption":"Excel Advisor"},"image":{"@id":"https:\/\/exceladvisor.org\/tr\/#\/schema\/logo\/image\/"}}]}},"yoast_meta":{"yoast_wpseo_title":"","yoast_wpseo_metadesc":"","yoast_wpseo_canonical":""},"_links":{"self":[{"href":"https:\/\/exceladvisor.org\/tr\/wp-json\/wp\/v2\/pages\/1586","targetHints":{"allow":["GET"]}}],"collection":[{"href":"https:\/\/exceladvisor.org\/tr\/wp-json\/wp\/v2\/pages"}],"about":[{"href":"https:\/\/exceladvisor.org\/tr\/wp-json\/wp\/v2\/types\/page"}],"author":[{"embeddable":true,"href":"https:\/\/exceladvisor.org\/tr\/wp-json\/wp\/v2\/users\/1"}],"replies":[{"embeddable":true,"href":"https:\/\/exceladvisor.org\/tr\/wp-json\/wp\/v2\/comments?post=1586"}],"version-history":[{"count":1,"href":"https:\/\/exceladvisor.org\/tr\/wp-json\/wp\/v2\/pages\/1586\/revisions"}],"predecessor-version":[{"id":2291,"href":"https:\/\/exceladvisor.org\/tr\/wp-json\/wp\/v2\/pages\/1586\/revisions\/2291"}],"wp:attachment":[{"href":"https:\/\/exceladvisor.org\/tr\/wp-json\/wp\/v2\/media?parent=1586"}],"curies":[{"name":"wp","href":"https:\/\/api.w.org\/{rel}","templated":true}]}}