{"id":1587,"date":"2023-11-16T06:38:44","date_gmt":"2023-11-16T06:38:44","guid":{"rendered":"https:\/\/exceladvisor.org\/tr\/satiri-sil\/"},"modified":"2023-12-10T05:59:55","modified_gmt":"2023-12-10T05:59:55","slug":"satiri-sil","status":"publish","type":"page","link":"https:\/\/exceladvisor.org\/tr\/satiri-sil\/","title":{"rendered":"Excel k\u0131sayolunu kullanarak sat\u0131rlar\u0131 nas\u0131l silebilirim?"},"content":{"rendered":"<div class=\"excel-icerikten-once\" id=\"excel-3218233353\"><script type=\"text\/javascript\">\r\n\tatOptions = {\r\n\t\t'key' : 'c1158f160081d6540a8409e6925dab94',\r\n\t\t'format' : 'iframe',\r\n\t\t'height' : 250,\r\n\t\t'width' : 300,\r\n\t\t'params' : {}\r\n\t};\r\n<\/script>\r\n<script type=\"text\/javascript\" src=\"\/\/www.highperformanceformat.com\/c1158f160081d6540a8409e6925dab94\/invoke.js\"><\/script><\/div> <p>Kullan\u0131c\u0131lar Excel&#8217;de \u00e7al\u0131\u015f\u0131rken genellikle verileri net ve temiz hale getirmek i\u00e7in gereksiz veya istenmeyen sat\u0131rlar\u0131 kald\u0131rmak isterler. Bunun i\u00e7in Excel&#8217;in istedi\u011fi zaman sat\u0131rlar\u0131 silme se\u00e7ene\u011fi vard\u0131r.<\/p><p> Sat\u0131r\u0131 silmek, sat\u0131r\u0131 Excel&#8217;e eklemek kadar kolayd\u0131r ve sat\u0131r manuel olarak veya klavye k\u0131sayollar\u0131 kullan\u0131larak silinebilir.<\/p><h2 class=\"wp-block-heading\"> Excel&#8217;de bir sat\u0131r\u0131 silmek i\u00e7in klavye k\u0131sayolu<\/h2><p> Sat\u0131r silmek i\u00e7in kullan\u0131lan klavye k\u0131sayolu a\u015fa\u011f\u0131daki gibidir ve iki \u015fekilde kullan\u0131labilir. <\/p><div class=\"wp-block-image\"><figure class=\"aligncenter size-full is-resized\"><img loading=\"lazy\" decoding=\"async\" class=\"wp-image-67529\" src=\"https:\/\/exceladvisor.org\/wp-content\/uploads\/2023\/08\/1-raccourci-pour-supprimer-la-ligne.png\" sizes=\"auto, \" srcset=\"\" alt=\"silme sat\u0131r\u0131na k\u0131sayol\" width=\"816\" height=\"320\"><\/figure><\/div><p> Ctrl + eksi i\u015fareti (-)<\/p><h2 class=\"wp-block-heading\"> Klavye k\u0131sayolunu kullanarak sat\u0131rlar\u0131 silme ad\u0131mlar\u0131<\/h2><ol><li> \u00d6ncelikle, sat\u0131r\u0131n tamam\u0131n\u0131 se\u00e7mek i\u00e7in \u201cShift + Ara \u00c7ubu\u011fu\u201d k\u0131sayol tu\u015flar\u0131na bas\u0131n, ard\u0131ndan se\u00e7ilen sat\u0131r\u0131 silmek i\u00e7in \u201cCtrl + eksi i\u015fareti (-) tu\u015flar\u0131na basman\u0131z yeterlidir.<\/li><li> Veya silmek istedi\u011finiz sat\u0131rdaki herhangi bir h\u00fccreye t\u0131klay\u0131n ve \u201cCtrl + eksi i\u015fareti (-)\u201d k\u0131sayol tu\u015flar\u0131na bas\u0131n.<\/li><li> Birden fazla ard\u0131\u015f\u0131k olmayan silmek istedi\u011finiz sat\u0131r\u0131n\u0131z varsa, \u201cCtrl\u201d tu\u015funu bas\u0131l\u0131 tutarak her sat\u0131rda silmek istedi\u011finiz h\u00fccreye tek tek t\u0131klay\u0131n ve ard\u0131ndan \u201cCtrl + i\u015faret az (-)\u201d k\u0131sayol tu\u015flar\u0131na bas\u0131n. . <br><img loading=\"lazy\" decoding=\"async\" title=\"2-\u00e7oklu-h\u00fccreleri se\u00e7\" src=\"https:\/\/exceladvisor.org\/wp-content\/uploads\/2023\/08\/2-selectionner-les-multiples-cellules.png\" sizes=\"auto, \" srcset=\"\" alt=\"select-the-multiple-cells\" width=\"544\" height=\"235\"><\/li><li> Bundan sonra \u201cSil\u201d ileti\u015fim kutusu a\u00e7\u0131lacak ve a\u015fa\u011f\u0131 ok tu\u015funu kullanarak \u201cT\u00fcm Sat\u0131r\u201d radyo d\u00fc\u011fmesini se\u00e7in.<\/li><li> \u015eimdi \u201cEnter\u201d tu\u015funa bas\u0131n, bu sat\u0131rlar\u0131 sileceksiniz. <br><img decoding=\"async\" title=\"3-t\u00fcm sat\u0131r\u0131 se\u00e7\" src=\"https:\/\/exceladvisor.org\/wp-content\/uploads\/2023\/08\/3-selectionner-la-ligne-entiere.png\" sizes=\"\" srcset=\"\" alt=\"select-entire-row\"><\/li><\/ol><div class=\"wp-block-group more-tutorials is-layout-flow\"><div class=\"wp-block-group__inner-container\"><h2 class=\"wp-block-heading\"> Daha fazla e\u011fitim <\/h2><div class=\"wp-block-columns is-layout-flex wp-container-79\"><div class=\"wp-block-column is-layout-flow\"><ul><li> <a href=\"https:\/\/exceladvisor.org\/tr\/1.-sutunu-ekle\/\">S\u00fctun ekle<\/a><\/li><li> <a href=\"https:\/\/exceladvisor.org\/tr\/hucreyi-sil\/\">H\u00fccreyi sil<\/a><\/li><li> <a href=\"https:\/\/exceladvisor.org\/tr\/hucreyi-duzenle\/\">H\u00fccreyi D\u00fczenle<\/a><\/li><li> <a href=\"https:\/\/exceladvisor.org\/tr\/sutunlari-goster\/\">S\u00fctunlar\u0131 g\u00f6ster<\/a><\/li><\/ul><\/div><div class=\"wp-block-column is-layout-flow\"><ul><li> <a href=\"https:\/\/exceladvisor.org\/tr\/hucre-ekle\/\">H\u00fccre ekle<\/a><\/li><li> <a href=\"https:\/\/exceladvisor.org\/tr\/bir-satir-ekle\/\">Ekle \u2013 Sat\u0131r ekle<\/a><\/li><li> <a href=\"https:\/\/exceladvisor.org\/tr\/ayrisan-hucreleri-birlestirme-1\/\">H\u00fccreleri birle\u015ftir-ayr<\/a><\/li><\/ul><\/div><\/div><p> \u21e0 <a href=\"https:\/\/exceladvisor.org\/tr\/klavye-kisayollari\/\">Excel k\u0131sayollar\u0131na geri d\u00f6n\u00fcn (PDF kopya sayfas\u0131)<\/a><\/p><\/div><\/div>","protected":false},"excerpt":{"rendered":"","protected":false},"author":1,"featured_media":0,"parent":0,"menu_order":0,"comment_status":"open","ping_status":"closed","template":"","meta":{"ub_ctt_via":"","footnotes":""},"class_list":["post-1587","page","type-page","status-publish","hentry"],"featured_image_src":null,"yoast_head":"<!-- This site is optimized with the Yoast SEO plugin v25.4 - https:\/\/yoast.com\/wordpress\/plugins\/seo\/ -->\n<title>\u25b7 Excel k\u0131sayolu kullan\u0131larak sat\u0131rlar nas\u0131l silinir?<\/title>\n<meta name=\"description\" content=\"Bu derste, Excel&#039;de bir \u00e7al\u0131\u015fma sayfas\u0131ndaki sat\u0131rlar\u0131 silmek i\u00e7in klavye k\u0131sayolunun nas\u0131l kullan\u0131laca\u011f\u0131n\u0131 \u00f6\u011frenece\u011fiz.\" \/>\n<meta name=\"robots\" content=\"index, follow, max-snippet:-1, max-image-preview:large, max-video-preview:-1\" \/>\n<link rel=\"canonical\" href=\"https:\/\/exceladvisor.org\/tr\/satiri-sil\/\" \/>\n<meta property=\"og:locale\" content=\"tr_TR\" \/>\n<meta property=\"og:type\" content=\"article\" \/>\n<meta property=\"og:title\" content=\"\u25b7 Excel k\u0131sayolu kullan\u0131larak sat\u0131rlar nas\u0131l silinir?\" \/>\n<meta property=\"og:description\" content=\"Bu derste, Excel&#039;de bir \u00e7al\u0131\u015fma sayfas\u0131ndaki sat\u0131rlar\u0131 silmek i\u00e7in klavye k\u0131sayolunun nas\u0131l kullan\u0131laca\u011f\u0131n\u0131 \u00f6\u011frenece\u011fiz.\" \/>\n<meta property=\"og:url\" content=\"https:\/\/exceladvisor.org\/tr\/satiri-sil\/\" \/>\n<meta property=\"og:site_name\" content=\"Excel Advisor\" \/>\n<meta property=\"article:modified_time\" content=\"2023-12-10T05:59:55+00:00\" \/>\n<meta property=\"og:image\" content=\"https:\/\/exceladvisor.org\/wp-content\/uploads\/2023\/08\/1-raccourci-pour-supprimer-la-ligne.png\" \/>\n<meta name=\"twitter:card\" content=\"summary_large_image\" \/>\n<meta name=\"twitter:label1\" content=\"Tahmini okuma s\u00fcresi\" \/>\n\t<meta name=\"twitter:data1\" content=\"1 dakika\" \/>\n<script type=\"application\/ld+json\" class=\"yoast-schema-graph\">{\"@context\":\"https:\/\/schema.org\",\"@graph\":[{\"@type\":\"WebPage\",\"@id\":\"https:\/\/exceladvisor.org\/tr\/satiri-sil\/\",\"url\":\"https:\/\/exceladvisor.org\/tr\/satiri-sil\/\",\"name\":\"\u25b7 Excel k\u0131sayolu kullan\u0131larak sat\u0131rlar nas\u0131l silinir?\",\"isPartOf\":{\"@id\":\"https:\/\/exceladvisor.org\/tr\/#website\"},\"primaryImageOfPage\":{\"@id\":\"https:\/\/exceladvisor.org\/tr\/satiri-sil\/#primaryimage\"},\"image\":{\"@id\":\"https:\/\/exceladvisor.org\/tr\/satiri-sil\/#primaryimage\"},\"thumbnailUrl\":\"https:\/\/exceladvisor.org\/wp-content\/uploads\/2023\/08\/1-raccourci-pour-supprimer-la-ligne.png\",\"datePublished\":\"2023-11-16T06:38:44+00:00\",\"dateModified\":\"2023-12-10T05:59:55+00:00\",\"description\":\"Bu derste, Excel&#39;de bir \u00e7al\u0131\u015fma sayfas\u0131ndaki sat\u0131rlar\u0131 silmek i\u00e7in klavye k\u0131sayolunun nas\u0131l kullan\u0131laca\u011f\u0131n\u0131 \u00f6\u011frenece\u011fiz.\",\"breadcrumb\":{\"@id\":\"https:\/\/exceladvisor.org\/tr\/satiri-sil\/#breadcrumb\"},\"inLanguage\":\"tr\",\"potentialAction\":[{\"@type\":\"ReadAction\",\"target\":[\"https:\/\/exceladvisor.org\/tr\/satiri-sil\/\"]}]},{\"@type\":\"ImageObject\",\"inLanguage\":\"tr\",\"@id\":\"https:\/\/exceladvisor.org\/tr\/satiri-sil\/#primaryimage\",\"url\":\"https:\/\/exceladvisor.org\/wp-content\/uploads\/2023\/08\/1-raccourci-pour-supprimer-la-ligne.png\",\"contentUrl\":\"https:\/\/exceladvisor.org\/wp-content\/uploads\/2023\/08\/1-raccourci-pour-supprimer-la-ligne.png\"},{\"@type\":\"BreadcrumbList\",\"@id\":\"https:\/\/exceladvisor.org\/tr\/satiri-sil\/#breadcrumb\",\"itemListElement\":[{\"@type\":\"ListItem\",\"position\":1,\"name\":\"Ev\",\"item\":\"https:\/\/exceladvisor.org\/tr\/\"},{\"@type\":\"ListItem\",\"position\":2,\"name\":\"Excel k\u0131sayolunu kullanarak sat\u0131rlar\u0131 nas\u0131l silebilirim?\"}]},{\"@type\":\"WebSite\",\"@id\":\"https:\/\/exceladvisor.org\/tr\/#website\",\"url\":\"https:\/\/exceladvisor.org\/tr\/\",\"name\":\"Excel Advisor\",\"description\":\"Veri hakimiyetine y\u00f6nelik nihai rehberiniz!\",\"publisher\":{\"@id\":\"https:\/\/exceladvisor.org\/tr\/#organization\"},\"potentialAction\":[{\"@type\":\"SearchAction\",\"target\":{\"@type\":\"EntryPoint\",\"urlTemplate\":\"https:\/\/exceladvisor.org\/tr\/?s={search_term_string}\"},\"query-input\":{\"@type\":\"PropertyValueSpecification\",\"valueRequired\":true,\"valueName\":\"search_term_string\"}}],\"inLanguage\":\"tr\"},{\"@type\":\"Organization\",\"@id\":\"https:\/\/exceladvisor.org\/tr\/#organization\",\"name\":\"Excel Advisor\",\"url\":\"https:\/\/exceladvisor.org\/tr\/\",\"logo\":{\"@type\":\"ImageObject\",\"inLanguage\":\"tr\",\"@id\":\"https:\/\/exceladvisor.org\/tr\/#\/schema\/logo\/image\/\",\"url\":\"https:\/\/exceladvisor.org\/tr\/wp-content\/uploads\/2023\/12\/exceladvisor.org_.png\",\"contentUrl\":\"https:\/\/exceladvisor.org\/tr\/wp-content\/uploads\/2023\/12\/exceladvisor.org_.png\",\"width\":105,\"height\":36,\"caption\":\"Excel Advisor\"},\"image\":{\"@id\":\"https:\/\/exceladvisor.org\/tr\/#\/schema\/logo\/image\/\"}}]}<\/script>\n<!-- \/ Yoast SEO plugin. -->","yoast_head_json":{"title":"\u25b7 Excel k\u0131sayolu kullan\u0131larak sat\u0131rlar nas\u0131l silinir?","description":"Bu derste, Excel&#39;de bir \u00e7al\u0131\u015fma sayfas\u0131ndaki sat\u0131rlar\u0131 silmek i\u00e7in klavye k\u0131sayolunun nas\u0131l kullan\u0131laca\u011f\u0131n\u0131 \u00f6\u011frenece\u011fiz.","robots":{"index":"index","follow":"follow","max-snippet":"max-snippet:-1","max-image-preview":"max-image-preview:large","max-video-preview":"max-video-preview:-1"},"canonical":"https:\/\/exceladvisor.org\/tr\/satiri-sil\/","og_locale":"tr_TR","og_type":"article","og_title":"\u25b7 Excel k\u0131sayolu kullan\u0131larak sat\u0131rlar nas\u0131l silinir?","og_description":"Bu derste, Excel&#39;de bir \u00e7al\u0131\u015fma sayfas\u0131ndaki sat\u0131rlar\u0131 silmek i\u00e7in klavye k\u0131sayolunun nas\u0131l kullan\u0131laca\u011f\u0131n\u0131 \u00f6\u011frenece\u011fiz.","og_url":"https:\/\/exceladvisor.org\/tr\/satiri-sil\/","og_site_name":"Excel Advisor","article_modified_time":"2023-12-10T05:59:55+00:00","og_image":[{"url":"https:\/\/exceladvisor.org\/wp-content\/uploads\/2023\/08\/1-raccourci-pour-supprimer-la-ligne.png","type":"","width":"","height":""}],"twitter_card":"summary_large_image","twitter_misc":{"Tahmini okuma s\u00fcresi":"1 dakika"},"schema":{"@context":"https:\/\/schema.org","@graph":[{"@type":"WebPage","@id":"https:\/\/exceladvisor.org\/tr\/satiri-sil\/","url":"https:\/\/exceladvisor.org\/tr\/satiri-sil\/","name":"\u25b7 Excel k\u0131sayolu kullan\u0131larak sat\u0131rlar nas\u0131l silinir?","isPartOf":{"@id":"https:\/\/exceladvisor.org\/tr\/#website"},"primaryImageOfPage":{"@id":"https:\/\/exceladvisor.org\/tr\/satiri-sil\/#primaryimage"},"image":{"@id":"https:\/\/exceladvisor.org\/tr\/satiri-sil\/#primaryimage"},"thumbnailUrl":"https:\/\/exceladvisor.org\/wp-content\/uploads\/2023\/08\/1-raccourci-pour-supprimer-la-ligne.png","datePublished":"2023-11-16T06:38:44+00:00","dateModified":"2023-12-10T05:59:55+00:00","description":"Bu derste, Excel&#39;de bir \u00e7al\u0131\u015fma sayfas\u0131ndaki sat\u0131rlar\u0131 silmek i\u00e7in klavye k\u0131sayolunun nas\u0131l kullan\u0131laca\u011f\u0131n\u0131 \u00f6\u011frenece\u011fiz.","breadcrumb":{"@id":"https:\/\/exceladvisor.org\/tr\/satiri-sil\/#breadcrumb"},"inLanguage":"tr","potentialAction":[{"@type":"ReadAction","target":["https:\/\/exceladvisor.org\/tr\/satiri-sil\/"]}]},{"@type":"ImageObject","inLanguage":"tr","@id":"https:\/\/exceladvisor.org\/tr\/satiri-sil\/#primaryimage","url":"https:\/\/exceladvisor.org\/wp-content\/uploads\/2023\/08\/1-raccourci-pour-supprimer-la-ligne.png","contentUrl":"https:\/\/exceladvisor.org\/wp-content\/uploads\/2023\/08\/1-raccourci-pour-supprimer-la-ligne.png"},{"@type":"BreadcrumbList","@id":"https:\/\/exceladvisor.org\/tr\/satiri-sil\/#breadcrumb","itemListElement":[{"@type":"ListItem","position":1,"name":"Ev","item":"https:\/\/exceladvisor.org\/tr\/"},{"@type":"ListItem","position":2,"name":"Excel k\u0131sayolunu kullanarak sat\u0131rlar\u0131 nas\u0131l silebilirim?"}]},{"@type":"WebSite","@id":"https:\/\/exceladvisor.org\/tr\/#website","url":"https:\/\/exceladvisor.org\/tr\/","name":"Excel Advisor","description":"Veri hakimiyetine y\u00f6nelik nihai rehberiniz!","publisher":{"@id":"https:\/\/exceladvisor.org\/tr\/#organization"},"potentialAction":[{"@type":"SearchAction","target":{"@type":"EntryPoint","urlTemplate":"https:\/\/exceladvisor.org\/tr\/?s={search_term_string}"},"query-input":{"@type":"PropertyValueSpecification","valueRequired":true,"valueName":"search_term_string"}}],"inLanguage":"tr"},{"@type":"Organization","@id":"https:\/\/exceladvisor.org\/tr\/#organization","name":"Excel Advisor","url":"https:\/\/exceladvisor.org\/tr\/","logo":{"@type":"ImageObject","inLanguage":"tr","@id":"https:\/\/exceladvisor.org\/tr\/#\/schema\/logo\/image\/","url":"https:\/\/exceladvisor.org\/tr\/wp-content\/uploads\/2023\/12\/exceladvisor.org_.png","contentUrl":"https:\/\/exceladvisor.org\/tr\/wp-content\/uploads\/2023\/12\/exceladvisor.org_.png","width":105,"height":36,"caption":"Excel Advisor"},"image":{"@id":"https:\/\/exceladvisor.org\/tr\/#\/schema\/logo\/image\/"}}]}},"yoast_meta":{"yoast_wpseo_title":"","yoast_wpseo_metadesc":"","yoast_wpseo_canonical":""},"_links":{"self":[{"href":"https:\/\/exceladvisor.org\/tr\/wp-json\/wp\/v2\/pages\/1587","targetHints":{"allow":["GET"]}}],"collection":[{"href":"https:\/\/exceladvisor.org\/tr\/wp-json\/wp\/v2\/pages"}],"about":[{"href":"https:\/\/exceladvisor.org\/tr\/wp-json\/wp\/v2\/types\/page"}],"author":[{"embeddable":true,"href":"https:\/\/exceladvisor.org\/tr\/wp-json\/wp\/v2\/users\/1"}],"replies":[{"embeddable":true,"href":"https:\/\/exceladvisor.org\/tr\/wp-json\/wp\/v2\/comments?post=1587"}],"version-history":[{"count":1,"href":"https:\/\/exceladvisor.org\/tr\/wp-json\/wp\/v2\/pages\/1587\/revisions"}],"predecessor-version":[{"id":2365,"href":"https:\/\/exceladvisor.org\/tr\/wp-json\/wp\/v2\/pages\/1587\/revisions\/2365"}],"wp:attachment":[{"href":"https:\/\/exceladvisor.org\/tr\/wp-json\/wp\/v2\/media?parent=1587"}],"curies":[{"name":"wp","href":"https:\/\/api.w.org\/{rel}","templated":true}]}}