{"id":1588,"date":"2023-11-16T04:16:08","date_gmt":"2023-11-16T04:16:08","guid":{"rendered":"https:\/\/exceladvisor.org\/tr\/kopyala-yapistir\/"},"modified":"2023-12-10T05:59:45","modified_gmt":"2023-12-10T05:59:45","slug":"kopyala-yapistir","status":"publish","type":"page","link":"https:\/\/exceladvisor.org\/tr\/kopyala-yapistir\/","title":{"rendered":"Excel k\u0131sayolu ile nas\u0131l kopyalay\u0131p yap\u0131\u015ft\u0131rabilirim?"},"content":{"rendered":"<div class=\"excel-icerikten-once\" id=\"excel-3730016991\"><script type=\"text\/javascript\">\r\n\tatOptions = {\r\n\t\t'key' : 'c1158f160081d6540a8409e6925dab94',\r\n\t\t'format' : 'iframe',\r\n\t\t'height' : 250,\r\n\t\t'width' : 300,\r\n\t\t'params' : {}\r\n\t};\r\n<\/script>\r\n<script type=\"text\/javascript\" src=\"\/\/www.highperformanceformat.com\/c1158f160081d6540a8409e6925dab94\/invoke.js\"><\/script><\/div> <p>Kopyala ve yap\u0131\u015ft\u0131r, Excel&#8217;in en yayg\u0131n ve s\u0131k kullan\u0131lan \u00f6zelli\u011fidir. Bu \u00f6zellik, verileri bir yerden ba\u015fka bir yere kopyalay\u0131p yap\u0131\u015ft\u0131rmak i\u00e7in kullan\u0131l\u0131r. Kullan\u0131c\u0131lar, kopyalanan verilerin birden \u00e7ok kopyas\u0131n\u0131 ayn\u0131 sayfada, farkl\u0131 sayfalarda veya birden \u00e7ok \u00e7al\u0131\u015fma kitab\u0131nda \u00e7e\u015fitli konumlarda olu\u015fturabilir.<\/p><p> Di\u011fer Excel \u00f6zellikleri gibi bu \u00f6zelli\u011fin de klavye k\u0131sayolu bulunuyor ve e\u011fer klavye k\u0131sayollar\u0131n\u0131 seviyorsan\u0131z bu kopyala yap\u0131\u015ft\u0131r k\u0131sayolunu mutlaka bilmelisiniz.<\/p><h2 class=\"wp-block-heading\"> Excel&#8217;de kopyalamak ve yap\u0131\u015ft\u0131rmak i\u00e7in klavye k\u0131sayolu<\/h2><p> <kbd>Ctrl<\/kbd> + <kbd>C<\/kbd> <\/p><div class=\"wp-block-image\"><figure class=\"aligncenter size-full is-resized\"><img loading=\"lazy\" decoding=\"async\" class=\"wp-image-69421\" src=\"https:\/\/exceladvisor.org\/wp-content\/uploads\/2023\/08\/1-copie-de-raccourci-clavier.png\" sizes=\"auto, \" srcset=\"\" alt=\"klavye k\u0131sayolu kopyala\" width=\"809\" height=\"317\"><\/figure><\/div><p> <kbd>Ctrl<\/kbd> + <kbd>V<\/kbd> veya <kbd>Enter<\/kbd> <\/p><div class=\"wp-block-image\"><figure class=\"aligncenter size-full is-resized\"><img loading=\"lazy\" decoding=\"async\" class=\"wp-image-69422\" src=\"https:\/\/exceladvisor.org\/wp-content\/uploads\/2023\/08\/2-raccourci-clavier-coller.png\" sizes=\"auto, \" srcset=\"\" alt=\"klavye k\u0131sayolu-yap\u0131\u015ft\u0131r\" width=\"813\" height=\"319\"><\/figure><\/div><h2 class=\"wp-block-heading\"> Klavye k\u0131sayolunu kullanarak kopyalama ve yap\u0131\u015ft\u0131rma ad\u0131mlar\u0131<\/h2><ul><li> \u00d6ncelikle veriyi kopyalamak istedi\u011finiz h\u00fccreye gidin veya h\u00fccre aral\u0131\u011f\u0131n\u0131 se\u00e7in ve ard\u0131ndan \u201cCtrl + C\u201d tu\u015flar\u0131na bas\u0131n. <br><img decoding=\"async\" title=\"3-aral\u0131\u011f\u0131 kopyala\" src=\"https:\/\/exceladvisor.org\/wp-content\/uploads\/2023\/08\/3-copier-la-plage.png\" sizes=\"\" srcset=\"\" alt=\"copy-the-range\"><\/li><li> Daha sonra kopyalanan verileri yap\u0131\u015ft\u0131rmak istedi\u011finiz h\u00fccreye gidin ve \u201cEnter\u201d tu\u015funa veya \u201cCtrl + V\u201d tu\u015flar\u0131na bas\u0131n, verileriniz buraya yap\u0131\u015ft\u0131r\u0131lacak\/kopyalanacakt\u0131r. <br><img decoding=\"async\" title=\"4-verileri-yap\u0131\u015ft\u0131r\u0131n\" src=\"https:\/\/exceladvisor.org\/wp-content\/uploads\/2023\/08\/4-coller-les-donnees.png\" sizes=\"\" srcset=\"\" alt=\"paste-the-data\"><\/li><\/ul><p> Yukar\u0131daki g\u00f6rselde &#8220;F1&#8221; h\u00fccresinde &#8220;Ctrl + V&#8221; tu\u015funa bast\u0131\u011f\u0131m\u0131z\u0131 ve kopyalanan verinin buraya yap\u0131\u015ft\u0131r\u0131ld\u0131\u011f\u0131n\u0131 g\u00f6rebilirsiniz.<\/p><h2 class=\"wp-block-heading\"> Paket servis<\/h2><ul><li> Verileri tek bir konuma yap\u0131\u015ft\u0131rmak i\u00e7in \u201cEnter\u201d tu\u015funu kullanarak verileri yap\u0131\u015ft\u0131rabilirsiniz.<\/li><li> Kopyalanan verileri birden fazla konuma yap\u0131\u015ft\u0131rmak i\u00e7in \u201cCtrl + V\u201d tu\u015flar\u0131n\u0131 kullanman\u0131z gerekir, aksi takdirde verileri tekrar tekrar kopyalay\u0131p birden fazla konuma yap\u0131\u015ft\u0131rman\u0131z gerekir.<\/li><li> Verileri \u00f6zel yap\u0131\u015ft\u0131r se\u00e7ene\u011fini (yaln\u0131zca de\u011fer, form\u00fcl veya format) kullanarak yap\u0131\u015ft\u0131rmak i\u00e7in \u201cCtrl + Alt + V\u201d tu\u015flar\u0131n\u0131 kullanarak kopyalanan verileri yap\u0131\u015ft\u0131rman\u0131z gerekir. <\/li><\/ul><div class=\"wp-block-group more-tutorials is-layout-flow\"><div class=\"wp-block-group__inner-container\"><h2 class=\"wp-block-heading\"> Daha fazla k\u0131sayol <\/h2><div class=\"wp-block-columns is-layout-flex wp-container-51\"><div class=\"wp-block-column is-layout-flow\"><ul><li> <a href=\"https:\/\/exceladvisor.org\/tr\/mutlak-referans\/\">Mutlak referans<\/a><\/li><li> <a href=\"https:\/\/exceladvisor.org\/tr\/kes-ve-yapistir\/\">Kes ve yap\u0131\u015ft\u0131r<\/a><\/li><li> H\u00fccreleri kilitle<\/li><\/ul><\/div><div class=\"wp-block-column is-layout-flow\"><ul><li> <a href=\"https:\/\/exceladvisor.org\/tr\/degerleri-yapistir\/\">De\u011ferleri yap\u0131\u015ft\u0131r<\/a><\/li><li> <a href=\"https:\/\/exceladvisor.org\/tr\/bir-satir-sec\/\">Bir sat\u0131r se\u00e7in<\/a><\/li><li> <a href=\"https:\/\/exceladvisor.org\/tr\/devrik-2\/\">Transpoze<\/a><\/li><\/ul><\/div><\/div><\/div><\/div>","protected":false},"excerpt":{"rendered":"","protected":false},"author":1,"featured_media":0,"parent":0,"menu_order":0,"comment_status":"open","ping_status":"closed","template":"","meta":{"ub_ctt_via":"","footnotes":""},"class_list":["post-1588","page","type-page","status-publish","hentry"],"featured_image_src":null,"yoast_head":"<!-- This site is optimized with the Yoast SEO plugin v25.4 - https:\/\/yoast.com\/wordpress\/plugins\/seo\/ -->\n<title>Excel k\u0131sayolu ile nas\u0131l kopyalay\u0131p yap\u0131\u015ft\u0131rabilirim? - Excel Dan\u0131\u015fman\u0131<\/title>\n<meta name=\"description\" content=\"Bu e\u011fitimde Excel&#039;de kopyalama ve yap\u0131\u015ft\u0131rma i\u00e7in klavye k\u0131sayolunun nas\u0131l kullan\u0131laca\u011f\u0131n\u0131 \u00f6\u011freneceksiniz. \u015eimdi bu klavye k\u0131sayolu\" \/>\n<meta name=\"robots\" content=\"index, follow, max-snippet:-1, max-image-preview:large, max-video-preview:-1\" \/>\n<link rel=\"canonical\" href=\"https:\/\/exceladvisor.org\/tr\/kopyala-yapistir\/\" \/>\n<meta property=\"og:locale\" content=\"tr_TR\" \/>\n<meta property=\"og:type\" content=\"article\" \/>\n<meta property=\"og:title\" content=\"Excel k\u0131sayolu ile nas\u0131l kopyalay\u0131p yap\u0131\u015ft\u0131rabilirim? - Excel Dan\u0131\u015fman\u0131\" \/>\n<meta property=\"og:description\" content=\"Bu e\u011fitimde Excel&#039;de kopyalama ve yap\u0131\u015ft\u0131rma i\u00e7in klavye k\u0131sayolunun nas\u0131l kullan\u0131laca\u011f\u0131n\u0131 \u00f6\u011freneceksiniz. \u015eimdi bu klavye k\u0131sayolu\" \/>\n<meta property=\"og:url\" content=\"https:\/\/exceladvisor.org\/tr\/kopyala-yapistir\/\" \/>\n<meta property=\"og:site_name\" content=\"Excel Advisor\" \/>\n<meta property=\"article:modified_time\" content=\"2023-12-10T05:59:45+00:00\" \/>\n<meta property=\"og:image\" content=\"https:\/\/exceladvisor.org\/wp-content\/uploads\/2023\/08\/1-copie-de-raccourci-clavier.png\" \/>\n<meta name=\"twitter:card\" content=\"summary_large_image\" \/>\n<meta name=\"twitter:label1\" content=\"Tahmini okuma s\u00fcresi\" \/>\n\t<meta name=\"twitter:data1\" content=\"2 dakika\" \/>\n<script type=\"application\/ld+json\" class=\"yoast-schema-graph\">{\"@context\":\"https:\/\/schema.org\",\"@graph\":[{\"@type\":\"WebPage\",\"@id\":\"https:\/\/exceladvisor.org\/tr\/kopyala-yapistir\/\",\"url\":\"https:\/\/exceladvisor.org\/tr\/kopyala-yapistir\/\",\"name\":\"Excel k\u0131sayolu ile nas\u0131l kopyalay\u0131p yap\u0131\u015ft\u0131rabilirim? - Excel Dan\u0131\u015fman\u0131\",\"isPartOf\":{\"@id\":\"https:\/\/exceladvisor.org\/tr\/#website\"},\"primaryImageOfPage\":{\"@id\":\"https:\/\/exceladvisor.org\/tr\/kopyala-yapistir\/#primaryimage\"},\"image\":{\"@id\":\"https:\/\/exceladvisor.org\/tr\/kopyala-yapistir\/#primaryimage\"},\"thumbnailUrl\":\"https:\/\/exceladvisor.org\/wp-content\/uploads\/2023\/08\/1-copie-de-raccourci-clavier.png\",\"datePublished\":\"2023-11-16T04:16:08+00:00\",\"dateModified\":\"2023-12-10T05:59:45+00:00\",\"description\":\"Bu e\u011fitimde Excel&#39;de kopyalama ve yap\u0131\u015ft\u0131rma i\u00e7in klavye k\u0131sayolunun nas\u0131l kullan\u0131laca\u011f\u0131n\u0131 \u00f6\u011freneceksiniz. \u015eimdi bu klavye k\u0131sayolu\",\"breadcrumb\":{\"@id\":\"https:\/\/exceladvisor.org\/tr\/kopyala-yapistir\/#breadcrumb\"},\"inLanguage\":\"tr\",\"potentialAction\":[{\"@type\":\"ReadAction\",\"target\":[\"https:\/\/exceladvisor.org\/tr\/kopyala-yapistir\/\"]}]},{\"@type\":\"ImageObject\",\"inLanguage\":\"tr\",\"@id\":\"https:\/\/exceladvisor.org\/tr\/kopyala-yapistir\/#primaryimage\",\"url\":\"https:\/\/exceladvisor.org\/wp-content\/uploads\/2023\/08\/1-copie-de-raccourci-clavier.png\",\"contentUrl\":\"https:\/\/exceladvisor.org\/wp-content\/uploads\/2023\/08\/1-copie-de-raccourci-clavier.png\"},{\"@type\":\"BreadcrumbList\",\"@id\":\"https:\/\/exceladvisor.org\/tr\/kopyala-yapistir\/#breadcrumb\",\"itemListElement\":[{\"@type\":\"ListItem\",\"position\":1,\"name\":\"Ev\",\"item\":\"https:\/\/exceladvisor.org\/tr\/\"},{\"@type\":\"ListItem\",\"position\":2,\"name\":\"Excel k\u0131sayolu ile nas\u0131l kopyalay\u0131p yap\u0131\u015ft\u0131rabilirim?\"}]},{\"@type\":\"WebSite\",\"@id\":\"https:\/\/exceladvisor.org\/tr\/#website\",\"url\":\"https:\/\/exceladvisor.org\/tr\/\",\"name\":\"Excel Advisor\",\"description\":\"Veri hakimiyetine y\u00f6nelik nihai rehberiniz!\",\"publisher\":{\"@id\":\"https:\/\/exceladvisor.org\/tr\/#organization\"},\"potentialAction\":[{\"@type\":\"SearchAction\",\"target\":{\"@type\":\"EntryPoint\",\"urlTemplate\":\"https:\/\/exceladvisor.org\/tr\/?s={search_term_string}\"},\"query-input\":{\"@type\":\"PropertyValueSpecification\",\"valueRequired\":true,\"valueName\":\"search_term_string\"}}],\"inLanguage\":\"tr\"},{\"@type\":\"Organization\",\"@id\":\"https:\/\/exceladvisor.org\/tr\/#organization\",\"name\":\"Excel Advisor\",\"url\":\"https:\/\/exceladvisor.org\/tr\/\",\"logo\":{\"@type\":\"ImageObject\",\"inLanguage\":\"tr\",\"@id\":\"https:\/\/exceladvisor.org\/tr\/#\/schema\/logo\/image\/\",\"url\":\"https:\/\/exceladvisor.org\/tr\/wp-content\/uploads\/2023\/12\/exceladvisor.org_.png\",\"contentUrl\":\"https:\/\/exceladvisor.org\/tr\/wp-content\/uploads\/2023\/12\/exceladvisor.org_.png\",\"width\":105,\"height\":36,\"caption\":\"Excel Advisor\"},\"image\":{\"@id\":\"https:\/\/exceladvisor.org\/tr\/#\/schema\/logo\/image\/\"}}]}<\/script>\n<!-- \/ Yoast SEO plugin. -->","yoast_head_json":{"title":"Excel k\u0131sayolu ile nas\u0131l kopyalay\u0131p yap\u0131\u015ft\u0131rabilirim? - Excel Dan\u0131\u015fman\u0131","description":"Bu e\u011fitimde Excel&#39;de kopyalama ve yap\u0131\u015ft\u0131rma i\u00e7in klavye k\u0131sayolunun nas\u0131l kullan\u0131laca\u011f\u0131n\u0131 \u00f6\u011freneceksiniz. \u015eimdi bu klavye k\u0131sayolu","robots":{"index":"index","follow":"follow","max-snippet":"max-snippet:-1","max-image-preview":"max-image-preview:large","max-video-preview":"max-video-preview:-1"},"canonical":"https:\/\/exceladvisor.org\/tr\/kopyala-yapistir\/","og_locale":"tr_TR","og_type":"article","og_title":"Excel k\u0131sayolu ile nas\u0131l kopyalay\u0131p yap\u0131\u015ft\u0131rabilirim? - Excel Dan\u0131\u015fman\u0131","og_description":"Bu e\u011fitimde Excel&#39;de kopyalama ve yap\u0131\u015ft\u0131rma i\u00e7in klavye k\u0131sayolunun nas\u0131l kullan\u0131laca\u011f\u0131n\u0131 \u00f6\u011freneceksiniz. \u015eimdi bu klavye k\u0131sayolu","og_url":"https:\/\/exceladvisor.org\/tr\/kopyala-yapistir\/","og_site_name":"Excel Advisor","article_modified_time":"2023-12-10T05:59:45+00:00","og_image":[{"url":"https:\/\/exceladvisor.org\/wp-content\/uploads\/2023\/08\/1-copie-de-raccourci-clavier.png","type":"","width":"","height":""}],"twitter_card":"summary_large_image","twitter_misc":{"Tahmini okuma s\u00fcresi":"2 dakika"},"schema":{"@context":"https:\/\/schema.org","@graph":[{"@type":"WebPage","@id":"https:\/\/exceladvisor.org\/tr\/kopyala-yapistir\/","url":"https:\/\/exceladvisor.org\/tr\/kopyala-yapistir\/","name":"Excel k\u0131sayolu ile nas\u0131l kopyalay\u0131p yap\u0131\u015ft\u0131rabilirim? - Excel Dan\u0131\u015fman\u0131","isPartOf":{"@id":"https:\/\/exceladvisor.org\/tr\/#website"},"primaryImageOfPage":{"@id":"https:\/\/exceladvisor.org\/tr\/kopyala-yapistir\/#primaryimage"},"image":{"@id":"https:\/\/exceladvisor.org\/tr\/kopyala-yapistir\/#primaryimage"},"thumbnailUrl":"https:\/\/exceladvisor.org\/wp-content\/uploads\/2023\/08\/1-copie-de-raccourci-clavier.png","datePublished":"2023-11-16T04:16:08+00:00","dateModified":"2023-12-10T05:59:45+00:00","description":"Bu e\u011fitimde Excel&#39;de kopyalama ve yap\u0131\u015ft\u0131rma i\u00e7in klavye k\u0131sayolunun nas\u0131l kullan\u0131laca\u011f\u0131n\u0131 \u00f6\u011freneceksiniz. \u015eimdi bu klavye k\u0131sayolu","breadcrumb":{"@id":"https:\/\/exceladvisor.org\/tr\/kopyala-yapistir\/#breadcrumb"},"inLanguage":"tr","potentialAction":[{"@type":"ReadAction","target":["https:\/\/exceladvisor.org\/tr\/kopyala-yapistir\/"]}]},{"@type":"ImageObject","inLanguage":"tr","@id":"https:\/\/exceladvisor.org\/tr\/kopyala-yapistir\/#primaryimage","url":"https:\/\/exceladvisor.org\/wp-content\/uploads\/2023\/08\/1-copie-de-raccourci-clavier.png","contentUrl":"https:\/\/exceladvisor.org\/wp-content\/uploads\/2023\/08\/1-copie-de-raccourci-clavier.png"},{"@type":"BreadcrumbList","@id":"https:\/\/exceladvisor.org\/tr\/kopyala-yapistir\/#breadcrumb","itemListElement":[{"@type":"ListItem","position":1,"name":"Ev","item":"https:\/\/exceladvisor.org\/tr\/"},{"@type":"ListItem","position":2,"name":"Excel k\u0131sayolu ile nas\u0131l kopyalay\u0131p yap\u0131\u015ft\u0131rabilirim?"}]},{"@type":"WebSite","@id":"https:\/\/exceladvisor.org\/tr\/#website","url":"https:\/\/exceladvisor.org\/tr\/","name":"Excel Advisor","description":"Veri hakimiyetine y\u00f6nelik nihai rehberiniz!","publisher":{"@id":"https:\/\/exceladvisor.org\/tr\/#organization"},"potentialAction":[{"@type":"SearchAction","target":{"@type":"EntryPoint","urlTemplate":"https:\/\/exceladvisor.org\/tr\/?s={search_term_string}"},"query-input":{"@type":"PropertyValueSpecification","valueRequired":true,"valueName":"search_term_string"}}],"inLanguage":"tr"},{"@type":"Organization","@id":"https:\/\/exceladvisor.org\/tr\/#organization","name":"Excel Advisor","url":"https:\/\/exceladvisor.org\/tr\/","logo":{"@type":"ImageObject","inLanguage":"tr","@id":"https:\/\/exceladvisor.org\/tr\/#\/schema\/logo\/image\/","url":"https:\/\/exceladvisor.org\/tr\/wp-content\/uploads\/2023\/12\/exceladvisor.org_.png","contentUrl":"https:\/\/exceladvisor.org\/tr\/wp-content\/uploads\/2023\/12\/exceladvisor.org_.png","width":105,"height":36,"caption":"Excel Advisor"},"image":{"@id":"https:\/\/exceladvisor.org\/tr\/#\/schema\/logo\/image\/"}}]}},"yoast_meta":{"yoast_wpseo_title":"","yoast_wpseo_metadesc":"","yoast_wpseo_canonical":""},"_links":{"self":[{"href":"https:\/\/exceladvisor.org\/tr\/wp-json\/wp\/v2\/pages\/1588","targetHints":{"allow":["GET"]}}],"collection":[{"href":"https:\/\/exceladvisor.org\/tr\/wp-json\/wp\/v2\/pages"}],"about":[{"href":"https:\/\/exceladvisor.org\/tr\/wp-json\/wp\/v2\/types\/page"}],"author":[{"embeddable":true,"href":"https:\/\/exceladvisor.org\/tr\/wp-json\/wp\/v2\/users\/1"}],"replies":[{"embeddable":true,"href":"https:\/\/exceladvisor.org\/tr\/wp-json\/wp\/v2\/comments?post=1588"}],"version-history":[{"count":1,"href":"https:\/\/exceladvisor.org\/tr\/wp-json\/wp\/v2\/pages\/1588\/revisions"}],"predecessor-version":[{"id":2351,"href":"https:\/\/exceladvisor.org\/tr\/wp-json\/wp\/v2\/pages\/1588\/revisions\/2351"}],"wp:attachment":[{"href":"https:\/\/exceladvisor.org\/tr\/wp-json\/wp\/v2\/media?parent=1588"}],"curies":[{"name":"wp","href":"https:\/\/api.w.org\/{rel}","templated":true}]}}