{"id":1589,"date":"2023-11-16T01:47:03","date_gmt":"2023-11-16T01:47:03","guid":{"rendered":"https:\/\/exceladvisor.org\/tr\/bitisik-olmayan-hucreleri-sec\/"},"modified":"2023-12-10T06:00:54","modified_gmt":"2023-12-10T06:00:54","slug":"bitisik-olmayan-hucreleri-sec","status":"publish","type":"page","link":"https:\/\/exceladvisor.org\/tr\/bitisik-olmayan-hucreleri-sec\/","title":{"rendered":"Excel&#39;de biti\u015fik olmayan h\u00fccreler nas\u0131l se\u00e7ilir?"},"content":{"rendered":"<div class=\"excel-icerikten-once\" id=\"excel-2908012488\"><script type=\"text\/javascript\">\r\n\tatOptions = {\r\n\t\t'key' : 'c1158f160081d6540a8409e6925dab94',\r\n\t\t'format' : 'iframe',\r\n\t\t'height' : 250,\r\n\t\t'width' : 300,\r\n\t\t'params' : {}\r\n\t};\r\n<\/script>\r\n<script type=\"text\/javascript\" src=\"\/\/www.highperformanceformat.com\/c1158f160081d6540a8409e6925dab94\/invoke.js\"><\/script><\/div> <p>Normalde, devam etmeyen birden \u00e7ok h\u00fccreyi se\u00e7meniz gerekti\u011finde, kontrol tu\u015funu bas\u0131l\u0131 tutars\u0131n\u0131z ve ard\u0131ndan her h\u00fccreyi fareyle se\u00e7ersiniz.<\/p><p> SA\u011e?<\/p><p> Bu basit y\u00f6ntemdir. Ancak bahse girerim ki fare kullanmadan biti\u015fik olmayan h\u00fccreleri se\u00e7meyi hi\u00e7 duymam\u0131\u015fs\u0131n\u0131zd\u0131r.<\/p><p> Bunun nedeni ise \u015fimdiye kadar hi\u00e7 kimsenin bu y\u00f6ntemi bulamamas\u0131d\u0131r. \u015eansl\u0131y\u0131m.<\/p><p> <strong>Ancak i\u015fin ilgin\u00e7 taraf\u0131 \u015fu:<\/strong> Kontrol tu\u015funu kullanmadan s\u00fcrekli olmayan [biti\u015fik olmayan] h\u00fccreleri se\u00e7mek i\u00e7in kullanabilece\u011finiz bir yol da var.<\/p><p> Ancak bug\u00fcnk\u00fc g\u00f6nderide size biti\u015fik olmayan t\u00fcm h\u00fccreleri se\u00e7menin tam olarak iki farkl\u0131 yolunu g\u00f6sterece\u011fim.<\/p><h2 class=\"wp-block-heading\"> 1. Ctrl tu\u015funu kullanmadan<\/h2><p> Bunu yapmak i\u00e7in \u015fu basit ad\u0131mlar\u0131 uygulaman\u0131z yeterli.<\/p><ol><li> Se\u00e7iminizi ba\u015flatmak istedi\u011finiz h\u00fccreyi se\u00e7in.<\/li><li> Shift+F8 oz tu\u015flar\u0131na bas\u0131n.<\/li><li> <em>Excel pencerenizin alt k\u0131sm\u0131ndaki<\/em> <a href=\"http:\/\/www.excel-easy.com\/examples\/status-bar.html\" target=\"_blank\" rel=\"noopener noreferrer\">durum \u00e7ubu\u011funuzda<\/a> \u201cSe\u00e7ime Ekle\u201d mesaj\u0131n\u0131 al\u0131rs\u0131n\u0131z. <br><img loading=\"lazy\" decoding=\"async\" title=\"Biti\u015fik Olmayan H\u00fccreleri Se\u00e7in-Tutmadan-Ctrl-Tu\u015fu-1\" src=\"https:\/\/exceladvisor.org\/wp-content\/uploads\/2023\/08\/Selectionnez-les-cellules-non-adjacentes-sans-maintenir-la-touche-Ctrl-1.png\" sizes=\"auto, \" srcset=\"\" alt=\"Select Non-Adjacent Cells Without Holding Ctrl Key\" width=\"126\" height=\"25\"><\/li><li> Art\u0131k h\u00fccrelerinizi yaln\u0131zca \u00fczerlerine t\u0131klayarak se\u00e7ebilirsiniz. <br><img decoding=\"async\" title=\"Biti\u015fik Olmayan H\u00fccreleri Se\u00e7in-Tutmadan-Ctrl-Tu\u015fu-2.gif\" src=\"https:\/\/exceladvisor.org\/wp-content\/uploads\/2023\/08\/Selectionnez-les-cellules-non-adjacentes-sans-maintenir-la-touche-Ctrl-2.gif\" sizes=\"\" srcset=\"\" alt=\"select non continues cells in excel\"><\/li><li> B\u00f6ylece se\u00e7iminizle her \u015feyi yapabilirsiniz (bi\u00e7imlendirme, silme vb.).<\/li><li> Se\u00e7iminizi serbest b\u0131rakmak i\u00e7in ESC tu\u015funa basman\u0131z yeterlidir.<\/li><\/ol><h2 class=\"wp-block-heading\"> 2. Fare kullanmadan<\/h2><p> S\u00fcrekli olmayan h\u00fccreleri klavyenizi kullanmadan se\u00e7mek i\u00e7in a\u015fa\u011f\u0131daki basit ad\u0131mlar\u0131 izleyin.<\/p><ol><li> \u201cSe\u00e7ime Ekle\u201d modunu etkinle\u015ftirmek i\u00e7in Shift+F8 tu\u015flar\u0131na bas\u0131n.<\/li><li> Se\u00e7iminize dahil etmek istedi\u011finiz aral\u0131\u011fa gidin ve Shift+F8 tu\u015flar\u0131na tekrar bas\u0131n.<\/li><li> Ve benzeri. <br><img decoding=\"async\" title=\"Biti\u015fik Olmayan H\u00fccreleri Se\u00e7in-Tutmadan-Ctrl-Tu\u015fu-3.gif\" src=\"https:\/\/exceladvisor.org\/wp-content\/uploads\/2023\/08\/Selectionnez-les-cellules-non-adjacentes-sans-maintenir-la-touche-Ctrl-3.gif\" sizes=\"\" srcset=\"\" alt=\"select no-adjacent cell without using mouse\"><\/li><\/ol><p class=\"has-text-align-left qt-tip\"> Not: Klavye olmadan biti\u015fik olmayan bir par\u00e7ay\u0131 se\u00e7meye \u00e7al\u0131\u015f\u0131rken. Se\u00e7iminize tek tek h\u00fccreler eklemeye \u00e7al\u0131\u015ft\u0131\u011f\u0131n\u0131zda bu y\u00f6ntem i\u015fe yaramayacakt\u0131r.<\/p><div class=\"gb-container gb-container-4db6181c gb-container-mt\"> <a class=\"gb-button gb-button-c5897111 gb-button-text gb-button-mt-button\" href=\"https:\/\/exceladvisor.org\/tr\/excelin-temelleri\/\">Microsoft Excel Temelleri (Bile\u015fenler, Par\u00e7alar ve Bilgi Notlar\u0131)<\/a><h2 class=\"gb-headline gb-headline-665e5f6b gb-headline-text gb-headline-mt-heading\"> \u0130lgili e\u011fitimler <\/h2><div class=\"gb-grid-wrapper gb-grid-wrapper-a20baf7c gb-grid-wrapper-mt-grid\"><div class=\"gb-grid-column gb-grid-column-65ddf67e\"><div class=\"gb-container gb-container-65ddf67e\"><ul><li> <a href=\"https:\/\/exceladvisor.org\/tr\/kopruleri-ekle-kaldir\/\">Excel&#8217;de k\u00f6pr\u00fc ekleme ve kald\u0131rma<\/a><\/li><li> <a href=\"https:\/\/exceladvisor.org\/tr\/filigran-ekle\/\">Excel&#8217;e filigran ekleme<\/a><\/li><li> <a href=\"https:\/\/exceladvisor.org\/tr\/gizli-satir-sutunlarini-kaldir\/\">Excel&#8217;deki gizli sat\u0131rlar\u0131 silin<\/a><\/li><li> <a href=\"https:\/\/exceladvisor.org\/tr\/hucrelerin-secimini-kaldir\/\">Excel&#8217;de h\u00fccrelerin se\u00e7imini kald\u0131r\u0131n<\/a> <\/li><\/ul><\/div><\/div><div class=\"gb-grid-column gb-grid-column-50067b57\"><div class=\"gb-container gb-container-50067b57\"><ul><li> <a href=\"https:\/\/exceladvisor.org\/tr\/satirlari-sil\/\">Excel&#8217;de bir sat\u0131r\u0131 veya birden \u00e7ok sat\u0131r\u0131 silme<\/a><\/li><li> <a href=\"https:\/\/exceladvisor.org\/tr\/sutunu-kopyala\/\">Excel&#8217;de bir s\u00fctunu kopyalay\u0131p yap\u0131\u015ft\u0131r\u0131n<\/a><\/li><li> <a href=\"https:\/\/exceladvisor.org\/tr\/satir-sutununu-tasi\/\">Excel&#8217;de bir sat\u0131r\u0131 ve s\u00fctunu ta\u015f\u0131ma<\/a><\/li><li> <a href=\"https:\/\/exceladvisor.org\/tr\/sutun-genisligi\/\">Excel&#8217;de s\u00fctun geni\u015flikleri nas\u0131l de\u011fi\u015ftirilir?<\/a><\/li><\/ul><\/div><\/div><\/div><\/div>","protected":false},"excerpt":{"rendered":"","protected":false},"author":1,"featured_media":0,"parent":0,"menu_order":0,"comment_status":"open","ping_status":"closed","template":"","meta":{"ub_ctt_via":"","footnotes":""},"class_list":["post-1589","page","type-page","status-publish","hentry"],"featured_image_src":null,"yoast_head":"<!-- This site is optimized with the Yoast SEO plugin v25.4 - https:\/\/yoast.com\/wordpress\/plugins\/seo\/ -->\n<title>Excel&#039;de biti\u015fik olmayan h\u00fccreler nas\u0131l se\u00e7ilir?<\/title>\n<meta name=\"description\" content=\"\u00c7o\u011fu zaman Excel \u00e7al\u0131\u015fma sayfam\u0131zda biti\u015fik olmayan h\u00fccreleri se\u00e7mek i\u00e7in CTRL + T\u0131klama tu\u015flar\u0131n\u0131 kullan\u0131r\u0131z.\" \/>\n<meta name=\"robots\" content=\"index, follow, max-snippet:-1, max-image-preview:large, max-video-preview:-1\" \/>\n<link rel=\"canonical\" href=\"https:\/\/exceladvisor.org\/tr\/bitisik-olmayan-hucreleri-sec\/\" \/>\n<meta property=\"og:locale\" content=\"tr_TR\" \/>\n<meta property=\"og:type\" content=\"article\" \/>\n<meta property=\"og:title\" content=\"Excel&#039;de biti\u015fik olmayan h\u00fccreler nas\u0131l se\u00e7ilir?\" \/>\n<meta property=\"og:description\" content=\"\u00c7o\u011fu zaman Excel \u00e7al\u0131\u015fma sayfam\u0131zda biti\u015fik olmayan h\u00fccreleri se\u00e7mek i\u00e7in CTRL + T\u0131klama tu\u015flar\u0131n\u0131 kullan\u0131r\u0131z.\" \/>\n<meta property=\"og:url\" content=\"https:\/\/exceladvisor.org\/tr\/bitisik-olmayan-hucreleri-sec\/\" \/>\n<meta property=\"og:site_name\" content=\"Excel Advisor\" \/>\n<meta property=\"article:modified_time\" content=\"2023-12-10T06:00:54+00:00\" \/>\n<meta property=\"og:image\" content=\"https:\/\/exceladvisor.org\/wp-content\/uploads\/2023\/08\/Selectionnez-les-cellules-non-adjacentes-sans-maintenir-la-touche-Ctrl-1.png\" \/>\n<meta name=\"twitter:card\" content=\"summary_large_image\" \/>\n<meta name=\"twitter:label1\" content=\"Tahmini okuma s\u00fcresi\" \/>\n\t<meta name=\"twitter:data1\" content=\"2 dakika\" \/>\n<script type=\"application\/ld+json\" class=\"yoast-schema-graph\">{\"@context\":\"https:\/\/schema.org\",\"@graph\":[{\"@type\":\"WebPage\",\"@id\":\"https:\/\/exceladvisor.org\/tr\/bitisik-olmayan-hucreleri-sec\/\",\"url\":\"https:\/\/exceladvisor.org\/tr\/bitisik-olmayan-hucreleri-sec\/\",\"name\":\"Excel&#39;de biti\u015fik olmayan h\u00fccreler nas\u0131l se\u00e7ilir?\",\"isPartOf\":{\"@id\":\"https:\/\/exceladvisor.org\/tr\/#website\"},\"primaryImageOfPage\":{\"@id\":\"https:\/\/exceladvisor.org\/tr\/bitisik-olmayan-hucreleri-sec\/#primaryimage\"},\"image\":{\"@id\":\"https:\/\/exceladvisor.org\/tr\/bitisik-olmayan-hucreleri-sec\/#primaryimage\"},\"thumbnailUrl\":\"https:\/\/exceladvisor.org\/wp-content\/uploads\/2023\/08\/Selectionnez-les-cellules-non-adjacentes-sans-maintenir-la-touche-Ctrl-1.png\",\"datePublished\":\"2023-11-16T01:47:03+00:00\",\"dateModified\":\"2023-12-10T06:00:54+00:00\",\"description\":\"\u00c7o\u011fu zaman Excel \u00e7al\u0131\u015fma sayfam\u0131zda biti\u015fik olmayan h\u00fccreleri se\u00e7mek i\u00e7in CTRL + T\u0131klama tu\u015flar\u0131n\u0131 kullan\u0131r\u0131z.\",\"breadcrumb\":{\"@id\":\"https:\/\/exceladvisor.org\/tr\/bitisik-olmayan-hucreleri-sec\/#breadcrumb\"},\"inLanguage\":\"tr\",\"potentialAction\":[{\"@type\":\"ReadAction\",\"target\":[\"https:\/\/exceladvisor.org\/tr\/bitisik-olmayan-hucreleri-sec\/\"]}]},{\"@type\":\"ImageObject\",\"inLanguage\":\"tr\",\"@id\":\"https:\/\/exceladvisor.org\/tr\/bitisik-olmayan-hucreleri-sec\/#primaryimage\",\"url\":\"https:\/\/exceladvisor.org\/wp-content\/uploads\/2023\/08\/Selectionnez-les-cellules-non-adjacentes-sans-maintenir-la-touche-Ctrl-1.png\",\"contentUrl\":\"https:\/\/exceladvisor.org\/wp-content\/uploads\/2023\/08\/Selectionnez-les-cellules-non-adjacentes-sans-maintenir-la-touche-Ctrl-1.png\"},{\"@type\":\"BreadcrumbList\",\"@id\":\"https:\/\/exceladvisor.org\/tr\/bitisik-olmayan-hucreleri-sec\/#breadcrumb\",\"itemListElement\":[{\"@type\":\"ListItem\",\"position\":1,\"name\":\"Ev\",\"item\":\"https:\/\/exceladvisor.org\/tr\/\"},{\"@type\":\"ListItem\",\"position\":2,\"name\":\"Excel&#39;de biti\u015fik olmayan h\u00fccreler nas\u0131l se\u00e7ilir?\"}]},{\"@type\":\"WebSite\",\"@id\":\"https:\/\/exceladvisor.org\/tr\/#website\",\"url\":\"https:\/\/exceladvisor.org\/tr\/\",\"name\":\"Excel Advisor\",\"description\":\"Veri hakimiyetine y\u00f6nelik nihai rehberiniz!\",\"publisher\":{\"@id\":\"https:\/\/exceladvisor.org\/tr\/#organization\"},\"potentialAction\":[{\"@type\":\"SearchAction\",\"target\":{\"@type\":\"EntryPoint\",\"urlTemplate\":\"https:\/\/exceladvisor.org\/tr\/?s={search_term_string}\"},\"query-input\":{\"@type\":\"PropertyValueSpecification\",\"valueRequired\":true,\"valueName\":\"search_term_string\"}}],\"inLanguage\":\"tr\"},{\"@type\":\"Organization\",\"@id\":\"https:\/\/exceladvisor.org\/tr\/#organization\",\"name\":\"Excel Advisor\",\"url\":\"https:\/\/exceladvisor.org\/tr\/\",\"logo\":{\"@type\":\"ImageObject\",\"inLanguage\":\"tr\",\"@id\":\"https:\/\/exceladvisor.org\/tr\/#\/schema\/logo\/image\/\",\"url\":\"https:\/\/exceladvisor.org\/tr\/wp-content\/uploads\/2023\/12\/exceladvisor.org_.png\",\"contentUrl\":\"https:\/\/exceladvisor.org\/tr\/wp-content\/uploads\/2023\/12\/exceladvisor.org_.png\",\"width\":105,\"height\":36,\"caption\":\"Excel Advisor\"},\"image\":{\"@id\":\"https:\/\/exceladvisor.org\/tr\/#\/schema\/logo\/image\/\"}}]}<\/script>\n<!-- \/ Yoast SEO plugin. -->","yoast_head_json":{"title":"Excel&#39;de biti\u015fik olmayan h\u00fccreler nas\u0131l se\u00e7ilir?","description":"\u00c7o\u011fu zaman Excel \u00e7al\u0131\u015fma sayfam\u0131zda biti\u015fik olmayan h\u00fccreleri se\u00e7mek i\u00e7in CTRL + T\u0131klama tu\u015flar\u0131n\u0131 kullan\u0131r\u0131z.","robots":{"index":"index","follow":"follow","max-snippet":"max-snippet:-1","max-image-preview":"max-image-preview:large","max-video-preview":"max-video-preview:-1"},"canonical":"https:\/\/exceladvisor.org\/tr\/bitisik-olmayan-hucreleri-sec\/","og_locale":"tr_TR","og_type":"article","og_title":"Excel&#39;de biti\u015fik olmayan h\u00fccreler nas\u0131l se\u00e7ilir?","og_description":"\u00c7o\u011fu zaman Excel \u00e7al\u0131\u015fma sayfam\u0131zda biti\u015fik olmayan h\u00fccreleri se\u00e7mek i\u00e7in CTRL + T\u0131klama tu\u015flar\u0131n\u0131 kullan\u0131r\u0131z.","og_url":"https:\/\/exceladvisor.org\/tr\/bitisik-olmayan-hucreleri-sec\/","og_site_name":"Excel Advisor","article_modified_time":"2023-12-10T06:00:54+00:00","og_image":[{"url":"https:\/\/exceladvisor.org\/wp-content\/uploads\/2023\/08\/Selectionnez-les-cellules-non-adjacentes-sans-maintenir-la-touche-Ctrl-1.png","type":"","width":"","height":""}],"twitter_card":"summary_large_image","twitter_misc":{"Tahmini okuma s\u00fcresi":"2 dakika"},"schema":{"@context":"https:\/\/schema.org","@graph":[{"@type":"WebPage","@id":"https:\/\/exceladvisor.org\/tr\/bitisik-olmayan-hucreleri-sec\/","url":"https:\/\/exceladvisor.org\/tr\/bitisik-olmayan-hucreleri-sec\/","name":"Excel&#39;de biti\u015fik olmayan h\u00fccreler nas\u0131l se\u00e7ilir?","isPartOf":{"@id":"https:\/\/exceladvisor.org\/tr\/#website"},"primaryImageOfPage":{"@id":"https:\/\/exceladvisor.org\/tr\/bitisik-olmayan-hucreleri-sec\/#primaryimage"},"image":{"@id":"https:\/\/exceladvisor.org\/tr\/bitisik-olmayan-hucreleri-sec\/#primaryimage"},"thumbnailUrl":"https:\/\/exceladvisor.org\/wp-content\/uploads\/2023\/08\/Selectionnez-les-cellules-non-adjacentes-sans-maintenir-la-touche-Ctrl-1.png","datePublished":"2023-11-16T01:47:03+00:00","dateModified":"2023-12-10T06:00:54+00:00","description":"\u00c7o\u011fu zaman Excel \u00e7al\u0131\u015fma sayfam\u0131zda biti\u015fik olmayan h\u00fccreleri se\u00e7mek i\u00e7in CTRL + T\u0131klama tu\u015flar\u0131n\u0131 kullan\u0131r\u0131z.","breadcrumb":{"@id":"https:\/\/exceladvisor.org\/tr\/bitisik-olmayan-hucreleri-sec\/#breadcrumb"},"inLanguage":"tr","potentialAction":[{"@type":"ReadAction","target":["https:\/\/exceladvisor.org\/tr\/bitisik-olmayan-hucreleri-sec\/"]}]},{"@type":"ImageObject","inLanguage":"tr","@id":"https:\/\/exceladvisor.org\/tr\/bitisik-olmayan-hucreleri-sec\/#primaryimage","url":"https:\/\/exceladvisor.org\/wp-content\/uploads\/2023\/08\/Selectionnez-les-cellules-non-adjacentes-sans-maintenir-la-touche-Ctrl-1.png","contentUrl":"https:\/\/exceladvisor.org\/wp-content\/uploads\/2023\/08\/Selectionnez-les-cellules-non-adjacentes-sans-maintenir-la-touche-Ctrl-1.png"},{"@type":"BreadcrumbList","@id":"https:\/\/exceladvisor.org\/tr\/bitisik-olmayan-hucreleri-sec\/#breadcrumb","itemListElement":[{"@type":"ListItem","position":1,"name":"Ev","item":"https:\/\/exceladvisor.org\/tr\/"},{"@type":"ListItem","position":2,"name":"Excel&#39;de biti\u015fik olmayan h\u00fccreler nas\u0131l se\u00e7ilir?"}]},{"@type":"WebSite","@id":"https:\/\/exceladvisor.org\/tr\/#website","url":"https:\/\/exceladvisor.org\/tr\/","name":"Excel Advisor","description":"Veri hakimiyetine y\u00f6nelik nihai rehberiniz!","publisher":{"@id":"https:\/\/exceladvisor.org\/tr\/#organization"},"potentialAction":[{"@type":"SearchAction","target":{"@type":"EntryPoint","urlTemplate":"https:\/\/exceladvisor.org\/tr\/?s={search_term_string}"},"query-input":{"@type":"PropertyValueSpecification","valueRequired":true,"valueName":"search_term_string"}}],"inLanguage":"tr"},{"@type":"Organization","@id":"https:\/\/exceladvisor.org\/tr\/#organization","name":"Excel Advisor","url":"https:\/\/exceladvisor.org\/tr\/","logo":{"@type":"ImageObject","inLanguage":"tr","@id":"https:\/\/exceladvisor.org\/tr\/#\/schema\/logo\/image\/","url":"https:\/\/exceladvisor.org\/tr\/wp-content\/uploads\/2023\/12\/exceladvisor.org_.png","contentUrl":"https:\/\/exceladvisor.org\/tr\/wp-content\/uploads\/2023\/12\/exceladvisor.org_.png","width":105,"height":36,"caption":"Excel Advisor"},"image":{"@id":"https:\/\/exceladvisor.org\/tr\/#\/schema\/logo\/image\/"}}]}},"yoast_meta":{"yoast_wpseo_title":"","yoast_wpseo_metadesc":"","yoast_wpseo_canonical":""},"_links":{"self":[{"href":"https:\/\/exceladvisor.org\/tr\/wp-json\/wp\/v2\/pages\/1589","targetHints":{"allow":["GET"]}}],"collection":[{"href":"https:\/\/exceladvisor.org\/tr\/wp-json\/wp\/v2\/pages"}],"about":[{"href":"https:\/\/exceladvisor.org\/tr\/wp-json\/wp\/v2\/types\/page"}],"author":[{"embeddable":true,"href":"https:\/\/exceladvisor.org\/tr\/wp-json\/wp\/v2\/users\/1"}],"replies":[{"embeddable":true,"href":"https:\/\/exceladvisor.org\/tr\/wp-json\/wp\/v2\/comments?post=1589"}],"version-history":[{"count":1,"href":"https:\/\/exceladvisor.org\/tr\/wp-json\/wp\/v2\/pages\/1589\/revisions"}],"predecessor-version":[{"id":2445,"href":"https:\/\/exceladvisor.org\/tr\/wp-json\/wp\/v2\/pages\/1589\/revisions\/2445"}],"wp:attachment":[{"href":"https:\/\/exceladvisor.org\/tr\/wp-json\/wp\/v2\/media?parent=1589"}],"curies":[{"name":"wp","href":"https:\/\/api.w.org\/{rel}","templated":true}]}}