{"id":1590,"date":"2023-11-16T01:36:42","date_gmt":"2023-11-16T01:36:42","guid":{"rendered":"https:\/\/exceladvisor.org\/tr\/devrik-2\/"},"modified":"2023-12-10T06:08:00","modified_gmt":"2023-12-10T06:08:00","slug":"devrik-2","status":"publish","type":"page","link":"https:\/\/exceladvisor.org\/tr\/devrik-2\/","title":{"rendered":"Veriler bir excel k\u0131sayolu arac\u0131l\u0131\u011f\u0131yla nas\u0131l aktar\u0131l\u0131r?"},"content":{"rendered":"<div class=\"excel-icerikten-once\" id=\"excel-2902368258\"><script type=\"text\/javascript\">\r\n\tatOptions = {\r\n\t\t'key' : 'c1158f160081d6540a8409e6925dab94',\r\n\t\t'format' : 'iframe',\r\n\t\t'height' : 250,\r\n\t\t'width' : 300,\r\n\t\t'params' : {}\r\n\t};\r\n<\/script>\r\n<script type=\"text\/javascript\" src=\"\/\/www.highperformanceformat.com\/c1158f160081d6540a8409e6925dab94\/invoke.js\"><\/script><\/div> <p>Transpoze, Excel&#8217;deki verileri sat\u0131rlardan s\u00fctunlara ve s\u00fctunlardan sat\u0131rlara aktarman\u0131za olanak tan\u0131yan bir \u00f6zellik ve form\u00fcld\u00fcr.<\/p><p> Verilerle \u00e7al\u0131\u015f\u0131yorsan\u0131z, genellikle verileri sat\u0131rlardan s\u00fctunlara veya s\u00fctunlardan sat\u0131rlara aktarman\u0131z gerekir ve bunu yapman\u0131n en iyi yolu, klavye k\u0131sayolunu aktar se\u00e7ene\u011fini kullanmakt\u0131r.<\/p><p> Verileri transpoze etmenin birka\u00e7 yolu vard\u0131r, ancak bu e\u011fitimde verileri transpoze etmek i\u00e7in transpoze klavye k\u0131sayollar\u0131n\u0131 kullanman\u0131n her iki yolunu da a\u00e7\u0131klad\u0131k.<\/p><h2 class=\"wp-block-heading\"> Excel&#8217;de verileri aktarmak i\u00e7in klavye k\u0131sayolu<\/h2><p> <kbd>Alt<\/kbd> \u2192 <kbd>H<\/kbd> \u2192 <kbd>V<\/kbd> \u2192 <kbd>T<\/kbd> <strong>(\u00f6nerilen)<\/strong> <\/p><div class=\"wp-block-image\"><figure class=\"aligncenter size-full is-resized\"><img loading=\"lazy\" decoding=\"async\" class=\"wp-image-70471\" src=\"https:\/\/exceladvisor.org\/wp-content\/uploads\/2023\/08\/1-raccourci-pour-transposer.png\" sizes=\"auto, \" srcset=\"\" alt=\"devrikle\u015ftirme k\u0131sayolu\" width=\"845\" height=\"331\"><\/figure><\/div><ul><li> <kbd>Ctrl<\/kbd> + <kbd>Alt<\/kbd> + <kbd>V<\/kbd> sonra, <kbd>E<\/kbd> \u2192 <kbd>Enter<\/kbd> (h\u00fccre bi\u00e7imlendirmesi dahil olmak \u00fczere transpoze etmek i\u00e7in)<\/li><li> <kbd>Ctrl<\/kbd> + <kbd>Alt<\/kbd> + <kbd>V<\/kbd> ard\u0131ndan <kbd>E<\/kbd> \u2192 <kbd>V<\/kbd> \u2192 <kbd>Enter<\/kbd> (Verileri yaln\u0131zca de\u011ferlere d\u00f6n\u00fc\u015ft\u00fcrmek i\u00e7in)<\/li><\/ul><h2 class=\"wp-block-heading\"> Klavye K\u0131sayolunu Kullanarak Verileri Transpoze Etme Ad\u0131mlar\u0131<\/h2><ol><li> \u00d6nce transpoze etmek istedi\u011finiz veriyi se\u00e7in, ard\u0131ndan se\u00e7ilen veriyi kopyalamak i\u00e7in \u201cCtrl + C\u201d tu\u015flar\u0131na bas\u0131n. <br><img loading=\"lazy\" decoding=\"async\" title=\"3-veri se\u00e7\" src=\"https:\/\/exceladvisor.org\/wp-content\/uploads\/2023\/08\/3-selectionnez-les-donnees.png\" sizes=\"auto, \" srcset=\"\" alt=\"select-the-data\" width=\"567\" height=\"134\"><\/li><li> Daha sonra kopyalanan veriyi transpoze etmek istedi\u011finiz h\u00fccreye gidin ve s\u0131ras\u0131yla \u201cAlt \u2192 H \u2192 V \u2192 T\u201d tu\u015flar\u0131na bas\u0131n, verileriniz transpoze olarak yap\u0131\u015ft\u0131r\u0131lacakt\u0131r. <br><img loading=\"lazy\" decoding=\"async\" title=\"5-transpoze-veri\" src=\"https:\/\/exceladvisor.org\/wp-content\/uploads\/2023\/08\/5-donnees-transposees.png\" sizes=\"auto, \" srcset=\"\" alt=\"transposed-data\" width=\"583\" height=\"248\"><\/li><li> Veya \u201cCtrl + Alt + V\u201d tu\u015flar\u0131na bast\u0131\u011f\u0131n\u0131zda \u201c\u00d6zel Yap\u0131\u015ft\u0131r\u201d ileti\u015fim kutusunu a\u00e7acaks\u0131n\u0131z.<\/li><li> \u015eimdi \u201cTranspose\u201d se\u00e7ene\u011fini i\u015faretlemek i\u00e7in \u201cE\u201d tu\u015funa bas\u0131n ve ard\u0131ndan \u201cEnter\u201d tu\u015funa bas\u0131n. <em>(Verileri yaln\u0131zca de\u011fer olarak d\u00f6n\u00fc\u015ft\u00fcrmek istiyorsan\u0131z, &#8220;E&#8221;ye bast\u0131ktan sonra &#8220;V&#8221;ye ve ard\u0131ndan &#8220;Enter&#8221;a bas\u0131n) <br><img loading=\"lazy\" decoding=\"async\" title=\"\u00d6zel 4 Yap\u0131\u015ft\u0131r \u0130leti\u015fim Kutusu\" src=\"https:\/\/exceladvisor.org\/wp-content\/uploads\/2023\/08\/4-coller-la-boite-de-dialogue-speciale.png\" sizes=\"auto, \" srcset=\"\" alt=\"paste-special-dialog-box\" width=\"620\" height=\"422\"><\/em> <\/li><\/ol><div class=\"wp-block-group more-tutorials is-layout-flow\"><div class=\"wp-block-group__inner-container\"><h2 class=\"wp-block-heading\"> Daha fazla e\u011fitim <\/h2><div class=\"wp-block-columns is-layout-flex wp-container-23\"><div class=\"wp-block-column is-layout-flow\"><ul><li> <a href=\"https:\/\/exceladvisor.org\/tr\/mutlak-referans\/\">Mutlak referans<\/a><\/li><li> <a href=\"https:\/\/exceladvisor.org\/tr\/kopyala-yapistir\/\">Kopyala ve yap\u0131\u015ft\u0131r<\/a><\/li><li> <a href=\"https:\/\/exceladvisor.org\/tr\/kes-ve-yapistir\/\">Kes ve yap\u0131\u015ft\u0131r<\/a><\/li><\/ul><\/div><div class=\"wp-block-column is-layout-flow\"><ul><li> <a href=\"https:\/\/exceladvisor.org\/tr\/degerleri-yapistir\/\">De\u011ferleri yap\u0131\u015ft\u0131r<\/a><\/li><li> <a href=\"https:\/\/exceladvisor.org\/tr\/bir-satir-sec\/\">Bir sat\u0131r se\u00e7in<\/a><\/li><li> <a href=\"https:\/\/exceladvisor.org\/tr\/gitmek\/\">Git se\u00e7ene\u011fini a\u00e7<\/a><\/li><\/ul><\/div><\/div><p> \u21e0 <a href=\"https:\/\/exceladvisor.org\/tr\/klavye-kisayollari\/\">Excel k\u0131sayollar\u0131na geri d\u00f6n\u00fcn (PDF kopya sayfas\u0131)<\/a><\/p><\/div><\/div>","protected":false},"excerpt":{"rendered":"","protected":false},"author":1,"featured_media":0,"parent":0,"menu_order":0,"comment_status":"open","ping_status":"closed","template":"","meta":{"ub_ctt_via":"","footnotes":""},"class_list":["post-1590","page","type-page","status-publish","hentry"],"featured_image_src":null,"yoast_head":"<!-- This site is optimized with the Yoast SEO plugin v25.4 - https:\/\/yoast.com\/wordpress\/plugins\/seo\/ -->\n<title>\u25b7 Veriler bir Excel k\u0131sayolu arac\u0131l\u0131\u011f\u0131yla nas\u0131l aktar\u0131l\u0131r?<\/title>\n<meta name=\"description\" content=\"Bu e\u011fitimde, Excel&#039;de transpoze etmek i\u00e7in klavye k\u0131sayolunun nas\u0131l kullan\u0131laca\u011f\u0131n\u0131 ve k\u0131sayol tu\u015flar\u0131yla ilgili t\u00fcm bilgileri \u00f6\u011freneceksiniz.\" \/>\n<meta name=\"robots\" content=\"index, follow, max-snippet:-1, max-image-preview:large, max-video-preview:-1\" \/>\n<link rel=\"canonical\" href=\"https:\/\/exceladvisor.org\/tr\/devrik-2\/\" \/>\n<meta property=\"og:locale\" content=\"tr_TR\" \/>\n<meta property=\"og:type\" content=\"article\" \/>\n<meta property=\"og:title\" content=\"\u25b7 Veriler bir Excel k\u0131sayolu arac\u0131l\u0131\u011f\u0131yla nas\u0131l aktar\u0131l\u0131r?\" \/>\n<meta property=\"og:description\" content=\"Bu e\u011fitimde, Excel&#039;de transpoze etmek i\u00e7in klavye k\u0131sayolunun nas\u0131l kullan\u0131laca\u011f\u0131n\u0131 ve k\u0131sayol tu\u015flar\u0131yla ilgili t\u00fcm bilgileri \u00f6\u011freneceksiniz.\" \/>\n<meta property=\"og:url\" content=\"https:\/\/exceladvisor.org\/tr\/devrik-2\/\" \/>\n<meta property=\"og:site_name\" content=\"Excel Advisor\" \/>\n<meta property=\"article:modified_time\" content=\"2023-12-10T06:08:00+00:00\" \/>\n<meta property=\"og:image\" content=\"https:\/\/exceladvisor.org\/wp-content\/uploads\/2023\/08\/1-raccourci-pour-transposer.png\" \/>\n<meta name=\"twitter:card\" content=\"summary_large_image\" \/>\n<meta name=\"twitter:label1\" content=\"Tahmini okuma s\u00fcresi\" \/>\n\t<meta name=\"twitter:data1\" content=\"2 dakika\" \/>\n<script type=\"application\/ld+json\" class=\"yoast-schema-graph\">{\"@context\":\"https:\/\/schema.org\",\"@graph\":[{\"@type\":\"WebPage\",\"@id\":\"https:\/\/exceladvisor.org\/tr\/devrik-2\/\",\"url\":\"https:\/\/exceladvisor.org\/tr\/devrik-2\/\",\"name\":\"\u25b7 Veriler bir Excel k\u0131sayolu arac\u0131l\u0131\u011f\u0131yla nas\u0131l aktar\u0131l\u0131r?\",\"isPartOf\":{\"@id\":\"https:\/\/exceladvisor.org\/tr\/#website\"},\"primaryImageOfPage\":{\"@id\":\"https:\/\/exceladvisor.org\/tr\/devrik-2\/#primaryimage\"},\"image\":{\"@id\":\"https:\/\/exceladvisor.org\/tr\/devrik-2\/#primaryimage\"},\"thumbnailUrl\":\"https:\/\/exceladvisor.org\/wp-content\/uploads\/2023\/08\/1-raccourci-pour-transposer.png\",\"datePublished\":\"2023-11-16T01:36:42+00:00\",\"dateModified\":\"2023-12-10T06:08:00+00:00\",\"description\":\"Bu e\u011fitimde, Excel&#39;de transpoze etmek i\u00e7in klavye k\u0131sayolunun nas\u0131l kullan\u0131laca\u011f\u0131n\u0131 ve k\u0131sayol tu\u015flar\u0131yla ilgili t\u00fcm bilgileri \u00f6\u011freneceksiniz.\",\"breadcrumb\":{\"@id\":\"https:\/\/exceladvisor.org\/tr\/devrik-2\/#breadcrumb\"},\"inLanguage\":\"tr\",\"potentialAction\":[{\"@type\":\"ReadAction\",\"target\":[\"https:\/\/exceladvisor.org\/tr\/devrik-2\/\"]}]},{\"@type\":\"ImageObject\",\"inLanguage\":\"tr\",\"@id\":\"https:\/\/exceladvisor.org\/tr\/devrik-2\/#primaryimage\",\"url\":\"https:\/\/exceladvisor.org\/wp-content\/uploads\/2023\/08\/1-raccourci-pour-transposer.png\",\"contentUrl\":\"https:\/\/exceladvisor.org\/wp-content\/uploads\/2023\/08\/1-raccourci-pour-transposer.png\"},{\"@type\":\"BreadcrumbList\",\"@id\":\"https:\/\/exceladvisor.org\/tr\/devrik-2\/#breadcrumb\",\"itemListElement\":[{\"@type\":\"ListItem\",\"position\":1,\"name\":\"Ev\",\"item\":\"https:\/\/exceladvisor.org\/tr\/\"},{\"@type\":\"ListItem\",\"position\":2,\"name\":\"Veriler bir excel k\u0131sayolu arac\u0131l\u0131\u011f\u0131yla nas\u0131l aktar\u0131l\u0131r?\"}]},{\"@type\":\"WebSite\",\"@id\":\"https:\/\/exceladvisor.org\/tr\/#website\",\"url\":\"https:\/\/exceladvisor.org\/tr\/\",\"name\":\"Excel Advisor\",\"description\":\"Veri hakimiyetine y\u00f6nelik nihai rehberiniz!\",\"publisher\":{\"@id\":\"https:\/\/exceladvisor.org\/tr\/#organization\"},\"potentialAction\":[{\"@type\":\"SearchAction\",\"target\":{\"@type\":\"EntryPoint\",\"urlTemplate\":\"https:\/\/exceladvisor.org\/tr\/?s={search_term_string}\"},\"query-input\":{\"@type\":\"PropertyValueSpecification\",\"valueRequired\":true,\"valueName\":\"search_term_string\"}}],\"inLanguage\":\"tr\"},{\"@type\":\"Organization\",\"@id\":\"https:\/\/exceladvisor.org\/tr\/#organization\",\"name\":\"Excel Advisor\",\"url\":\"https:\/\/exceladvisor.org\/tr\/\",\"logo\":{\"@type\":\"ImageObject\",\"inLanguage\":\"tr\",\"@id\":\"https:\/\/exceladvisor.org\/tr\/#\/schema\/logo\/image\/\",\"url\":\"https:\/\/exceladvisor.org\/tr\/wp-content\/uploads\/2023\/12\/exceladvisor.org_.png\",\"contentUrl\":\"https:\/\/exceladvisor.org\/tr\/wp-content\/uploads\/2023\/12\/exceladvisor.org_.png\",\"width\":105,\"height\":36,\"caption\":\"Excel Advisor\"},\"image\":{\"@id\":\"https:\/\/exceladvisor.org\/tr\/#\/schema\/logo\/image\/\"}}]}<\/script>\n<!-- \/ Yoast SEO plugin. -->","yoast_head_json":{"title":"\u25b7 Veriler bir Excel k\u0131sayolu arac\u0131l\u0131\u011f\u0131yla nas\u0131l aktar\u0131l\u0131r?","description":"Bu e\u011fitimde, Excel&#39;de transpoze etmek i\u00e7in klavye k\u0131sayolunun nas\u0131l kullan\u0131laca\u011f\u0131n\u0131 ve k\u0131sayol tu\u015flar\u0131yla ilgili t\u00fcm bilgileri \u00f6\u011freneceksiniz.","robots":{"index":"index","follow":"follow","max-snippet":"max-snippet:-1","max-image-preview":"max-image-preview:large","max-video-preview":"max-video-preview:-1"},"canonical":"https:\/\/exceladvisor.org\/tr\/devrik-2\/","og_locale":"tr_TR","og_type":"article","og_title":"\u25b7 Veriler bir Excel k\u0131sayolu arac\u0131l\u0131\u011f\u0131yla nas\u0131l aktar\u0131l\u0131r?","og_description":"Bu e\u011fitimde, Excel&#39;de transpoze etmek i\u00e7in klavye k\u0131sayolunun nas\u0131l kullan\u0131laca\u011f\u0131n\u0131 ve k\u0131sayol tu\u015flar\u0131yla ilgili t\u00fcm bilgileri \u00f6\u011freneceksiniz.","og_url":"https:\/\/exceladvisor.org\/tr\/devrik-2\/","og_site_name":"Excel Advisor","article_modified_time":"2023-12-10T06:08:00+00:00","og_image":[{"url":"https:\/\/exceladvisor.org\/wp-content\/uploads\/2023\/08\/1-raccourci-pour-transposer.png","type":"","width":"","height":""}],"twitter_card":"summary_large_image","twitter_misc":{"Tahmini okuma s\u00fcresi":"2 dakika"},"schema":{"@context":"https:\/\/schema.org","@graph":[{"@type":"WebPage","@id":"https:\/\/exceladvisor.org\/tr\/devrik-2\/","url":"https:\/\/exceladvisor.org\/tr\/devrik-2\/","name":"\u25b7 Veriler bir Excel k\u0131sayolu arac\u0131l\u0131\u011f\u0131yla nas\u0131l aktar\u0131l\u0131r?","isPartOf":{"@id":"https:\/\/exceladvisor.org\/tr\/#website"},"primaryImageOfPage":{"@id":"https:\/\/exceladvisor.org\/tr\/devrik-2\/#primaryimage"},"image":{"@id":"https:\/\/exceladvisor.org\/tr\/devrik-2\/#primaryimage"},"thumbnailUrl":"https:\/\/exceladvisor.org\/wp-content\/uploads\/2023\/08\/1-raccourci-pour-transposer.png","datePublished":"2023-11-16T01:36:42+00:00","dateModified":"2023-12-10T06:08:00+00:00","description":"Bu e\u011fitimde, Excel&#39;de transpoze etmek i\u00e7in klavye k\u0131sayolunun nas\u0131l kullan\u0131laca\u011f\u0131n\u0131 ve k\u0131sayol tu\u015flar\u0131yla ilgili t\u00fcm bilgileri \u00f6\u011freneceksiniz.","breadcrumb":{"@id":"https:\/\/exceladvisor.org\/tr\/devrik-2\/#breadcrumb"},"inLanguage":"tr","potentialAction":[{"@type":"ReadAction","target":["https:\/\/exceladvisor.org\/tr\/devrik-2\/"]}]},{"@type":"ImageObject","inLanguage":"tr","@id":"https:\/\/exceladvisor.org\/tr\/devrik-2\/#primaryimage","url":"https:\/\/exceladvisor.org\/wp-content\/uploads\/2023\/08\/1-raccourci-pour-transposer.png","contentUrl":"https:\/\/exceladvisor.org\/wp-content\/uploads\/2023\/08\/1-raccourci-pour-transposer.png"},{"@type":"BreadcrumbList","@id":"https:\/\/exceladvisor.org\/tr\/devrik-2\/#breadcrumb","itemListElement":[{"@type":"ListItem","position":1,"name":"Ev","item":"https:\/\/exceladvisor.org\/tr\/"},{"@type":"ListItem","position":2,"name":"Veriler bir excel k\u0131sayolu arac\u0131l\u0131\u011f\u0131yla nas\u0131l aktar\u0131l\u0131r?"}]},{"@type":"WebSite","@id":"https:\/\/exceladvisor.org\/tr\/#website","url":"https:\/\/exceladvisor.org\/tr\/","name":"Excel Advisor","description":"Veri hakimiyetine y\u00f6nelik nihai rehberiniz!","publisher":{"@id":"https:\/\/exceladvisor.org\/tr\/#organization"},"potentialAction":[{"@type":"SearchAction","target":{"@type":"EntryPoint","urlTemplate":"https:\/\/exceladvisor.org\/tr\/?s={search_term_string}"},"query-input":{"@type":"PropertyValueSpecification","valueRequired":true,"valueName":"search_term_string"}}],"inLanguage":"tr"},{"@type":"Organization","@id":"https:\/\/exceladvisor.org\/tr\/#organization","name":"Excel Advisor","url":"https:\/\/exceladvisor.org\/tr\/","logo":{"@type":"ImageObject","inLanguage":"tr","@id":"https:\/\/exceladvisor.org\/tr\/#\/schema\/logo\/image\/","url":"https:\/\/exceladvisor.org\/tr\/wp-content\/uploads\/2023\/12\/exceladvisor.org_.png","contentUrl":"https:\/\/exceladvisor.org\/tr\/wp-content\/uploads\/2023\/12\/exceladvisor.org_.png","width":105,"height":36,"caption":"Excel Advisor"},"image":{"@id":"https:\/\/exceladvisor.org\/tr\/#\/schema\/logo\/image\/"}}]}},"yoast_meta":{"yoast_wpseo_title":"","yoast_wpseo_metadesc":"","yoast_wpseo_canonical":""},"_links":{"self":[{"href":"https:\/\/exceladvisor.org\/tr\/wp-json\/wp\/v2\/pages\/1590","targetHints":{"allow":["GET"]}}],"collection":[{"href":"https:\/\/exceladvisor.org\/tr\/wp-json\/wp\/v2\/pages"}],"about":[{"href":"https:\/\/exceladvisor.org\/tr\/wp-json\/wp\/v2\/types\/page"}],"author":[{"embeddable":true,"href":"https:\/\/exceladvisor.org\/tr\/wp-json\/wp\/v2\/users\/1"}],"replies":[{"embeddable":true,"href":"https:\/\/exceladvisor.org\/tr\/wp-json\/wp\/v2\/comments?post=1590"}],"version-history":[{"count":1,"href":"https:\/\/exceladvisor.org\/tr\/wp-json\/wp\/v2\/pages\/1590\/revisions"}],"predecessor-version":[{"id":2963,"href":"https:\/\/exceladvisor.org\/tr\/wp-json\/wp\/v2\/pages\/1590\/revisions\/2963"}],"wp:attachment":[{"href":"https:\/\/exceladvisor.org\/tr\/wp-json\/wp\/v2\/media?parent=1590"}],"curies":[{"name":"wp","href":"https:\/\/api.w.org\/{rel}","templated":true}]}}