{"id":1591,"date":"2023-11-15T23:33:52","date_gmt":"2023-11-15T23:33:52","guid":{"rendered":"https:\/\/exceladvisor.org\/tr\/bir-sayfayi-sil\/"},"modified":"2023-12-10T05:59:48","modified_gmt":"2023-12-10T05:59:48","slug":"bir-sayfayi-sil","status":"publish","type":"page","link":"https:\/\/exceladvisor.org\/tr\/bir-sayfayi-sil\/","title":{"rendered":"Excel k\u0131sayolunu kullanarak bir sayfay\u0131 nas\u0131l silebilirim?"},"content":{"rendered":"<div class=\"excel-icerikten-once\" id=\"excel-2540780375\"><script type=\"text\/javascript\">\r\n\tatOptions = {\r\n\t\t'key' : 'c1158f160081d6540a8409e6925dab94',\r\n\t\t'format' : 'iframe',\r\n\t\t'height' : 250,\r\n\t\t'width' : 300,\r\n\t\t'params' : {}\r\n\t};\r\n<\/script>\r\n<script type=\"text\/javascript\" src=\"\/\/www.highperformanceformat.com\/c1158f160081d6540a8409e6925dab94\/invoke.js\"><\/script><\/div> <p>Hepinizin bildi\u011fi gibi \u00e7al\u0131\u015fma kitab\u0131, \u00fczerinde \u00e7al\u0131\u015f\u0131lacak ve i\u00e7indeki verileri yakalay\u0131p y\u00f6netecek elektronik tablolardan olu\u015fan bir dosyad\u0131r. Varsay\u0131lan olarak, 2013 ve 2016&#8217;n\u0131n eski Excel s\u00fcr\u00fcmlerinde \u00fc\u00e7 \u00e7al\u0131\u015fma sayfas\u0131, Excel 2019 ve di\u011fer yeni s\u00fcr\u00fcmlerde ise tek bir sayfa bulacaks\u0131n\u0131z.<\/p><p> Ancak kullan\u0131c\u0131lar tek bir \u00e7al\u0131\u015fma kitab\u0131nda birden fazla \u00e7al\u0131\u015fma sayfas\u0131 olu\u015fturabilir ve gerekirse bunlar\u0131 silebilir. B\u00f6ylece kullan\u0131c\u0131lar \u00e7al\u0131\u015fma kitab\u0131ndaki mevcut \u00e7al\u0131\u015fma sayfalar\u0131ndan baz\u0131lar\u0131na ihtiya\u00e7 duymad\u0131klar\u0131nda, \u00e7al\u0131\u015fma kitab\u0131n\u0131 temizlemek i\u00e7in bunlar\u0131 silebilir.<\/p><h2 class=\"wp-block-heading\"> Excel&#8217;de bir sayfay\u0131 silmek i\u00e7in klavye k\u0131sayolu<\/h2><p> <kbd>Alt<\/kbd> \u2192 <kbd>H<\/kbd> \u2192 <kbd>D<\/kbd> \u2192 <kbd>S<\/kbd> (\u00f6nerilen) <\/p><div class=\"wp-block-image\"><figure class=\"aligncenter size-full is-resized\"><img loading=\"lazy\" decoding=\"async\" class=\"wp-image-70429\" src=\"https:\/\/exceladvisor.org\/wp-content\/uploads\/2023\/08\/1-raccourci-pour-supprimer-la-feuille.png\" sizes=\"auto, \" srcset=\"\" alt=\"sayfay\u0131 silmek i\u00e7in k\u0131sayol\" width=\"770\" height=\"302\"><\/figure><\/div><p> <kbd>Alt<\/kbd> \u2192 <kbd>E<\/kbd> \u2192 <kbd>L<\/kbd> <\/p><div class=\"wp-block-image\"><figure class=\"aligncenter size-full is-resized\"><img loading=\"lazy\" decoding=\"async\" class=\"wp-image-70430\" src=\"https:\/\/exceladvisor.org\/wp-content\/uploads\/2023\/08\/2-anciens-raccourcis-pour-supprimer-la-feuille.png\" sizes=\"auto, \" srcset=\"\" alt=\"sayfay\u0131 silmek i\u00e7in eski k\u0131sayol\" width=\"766\" height=\"300\"><\/figure><\/div><h2 class=\"wp-block-heading\"> Klavye K\u0131sayolu Kullanarak Bir Sayfay\u0131 Silme Ad\u0131mlar\u0131<\/h2><ol><li> Se\u00e7ilen sayfalar\u0131 bir kerede silmek istiyorsan\u0131z, \u00e7al\u0131\u015fma sayfas\u0131na gidin veya birden fazla \u00e7al\u0131\u015fma sayfas\u0131ndaki sekmeleri birlikte se\u00e7in.<\/li><li> Daha sonra \u201cAlt \u2192 H \u2192 D \u2192 S\u201d veya \u201cAlt \u2192 E \u2192 L\u201d tu\u015flar\u0131na s\u0131rayla bast\u0131\u011f\u0131n\u0131zda silinen sayfalara ula\u015facaks\u0131n\u0131z.<\/li><li> Se\u00e7ilen sayfalardan herhangi birinde veya tek sayfada silmek istedi\u011finiz bir de\u011fer varsa, size silme i\u015flemini onaylaman\u0131z i\u00e7in a\u00e7\u0131l\u0131r pencere g\u00f6sterilir ve onaylamak i\u00e7in yaln\u0131zca Enter tu\u015funa basman\u0131z gerekir. <\/li><\/ol><div class=\"wp-block-image\"><figure class=\"aligncenter size-full is-resized\"><img loading=\"lazy\" decoding=\"async\" class=\"wp-image-70431\" src=\"https:\/\/exceladvisor.org\/wp-content\/uploads\/2023\/08\/3-feuille-de-suppression-pop-up.png\" sizes=\"auto, \" srcset=\"\" alt=\"sayfay\u0131 sil a\u00e7\u0131l\u0131r penceresi\" width=\"477\" height=\"133\"><\/figure><\/div><div class=\"wp-block-group more-tutorials is-layout-flow\"><div class=\"wp-block-group__inner-container\"><h2 class=\"wp-block-heading\"> Daha fazla e\u011fitim <\/h2><div class=\"wp-block-columns is-layout-flex wp-container-7\"><div class=\"wp-block-column is-layout-flow\"><ul><li> <a href=\"https:\/\/exceladvisor.org\/tr\/yeni-bir-sayfa-ekle\/\">Yeni bir sayfa ekle<\/a><\/li><li> <a href=\"https:\/\/exceladvisor.org\/tr\/bul-degistir-1\/\">Bul ve De\u011fi\u015ftir<\/a><\/li><li> <a href=\"https:\/\/exceladvisor.org\/tr\/yaklastir-uzaklastir\/\">Yakla\u015ft\u0131r, uzakla\u015ft\u0131r<\/a><\/li><\/ul><\/div><div class=\"wp-block-column is-layout-flow\"><ul><li> <a href=\"https:\/\/exceladvisor.org\/tr\/deklansoru-dondur\/\">Tavay\u0131 dondurun<\/a><\/li><li> <a href=\"https:\/\/exceladvisor.org\/tr\/kopru-2\/\">K\u00f6pr\u00fc<\/a><\/li><\/ul><\/div><\/div><p> \u21e0 <a href=\"https:\/\/exceladvisor.org\/tr\/klavye-kisayollari\/\">Excel k\u0131sayollar\u0131na geri d\u00f6n\u00fcn (PDF kopya sayfas\u0131)<\/a><\/p><\/div><\/div>","protected":false},"excerpt":{"rendered":"","protected":false},"author":1,"featured_media":0,"parent":0,"menu_order":0,"comment_status":"open","ping_status":"closed","template":"","meta":{"ub_ctt_via":"","footnotes":""},"class_list":["post-1591","page","type-page","status-publish","hentry"],"featured_image_src":null,"yoast_head":"<!-- This site is optimized with the Yoast SEO plugin v25.4 - https:\/\/yoast.com\/wordpress\/plugins\/seo\/ -->\n<title>\u25b7 Excel k\u0131sayolunu kullanarak bir sayfay\u0131 nas\u0131l silebilirim?<\/title>\n<meta name=\"description\" content=\"Bu e\u011fitimde, Excel&#039;deki bir sayfay\u0131 ve t\u00fcm bilgileri silmek i\u00e7in klavye k\u0131sayolunun nas\u0131l kullan\u0131laca\u011f\u0131n\u0131 \u00f6\u011freneceksiniz.\" \/>\n<meta name=\"robots\" content=\"index, follow, max-snippet:-1, max-image-preview:large, max-video-preview:-1\" \/>\n<link rel=\"canonical\" href=\"https:\/\/exceladvisor.org\/tr\/bir-sayfayi-sil\/\" \/>\n<meta property=\"og:locale\" content=\"tr_TR\" \/>\n<meta property=\"og:type\" content=\"article\" \/>\n<meta property=\"og:title\" content=\"\u25b7 Excel k\u0131sayolunu kullanarak bir sayfay\u0131 nas\u0131l silebilirim?\" \/>\n<meta property=\"og:description\" content=\"Bu e\u011fitimde, Excel&#039;deki bir sayfay\u0131 ve t\u00fcm bilgileri silmek i\u00e7in klavye k\u0131sayolunun nas\u0131l kullan\u0131laca\u011f\u0131n\u0131 \u00f6\u011freneceksiniz.\" \/>\n<meta property=\"og:url\" content=\"https:\/\/exceladvisor.org\/tr\/bir-sayfayi-sil\/\" \/>\n<meta property=\"og:site_name\" content=\"Excel Advisor\" \/>\n<meta property=\"article:modified_time\" content=\"2023-12-10T05:59:48+00:00\" \/>\n<meta property=\"og:image\" content=\"https:\/\/exceladvisor.org\/wp-content\/uploads\/2023\/08\/1-raccourci-pour-supprimer-la-feuille.png\" \/>\n<meta name=\"twitter:card\" content=\"summary_large_image\" \/>\n<meta name=\"twitter:label1\" content=\"Tahmini okuma s\u00fcresi\" \/>\n\t<meta name=\"twitter:data1\" content=\"1 dakika\" \/>\n<script type=\"application\/ld+json\" class=\"yoast-schema-graph\">{\"@context\":\"https:\/\/schema.org\",\"@graph\":[{\"@type\":\"WebPage\",\"@id\":\"https:\/\/exceladvisor.org\/tr\/bir-sayfayi-sil\/\",\"url\":\"https:\/\/exceladvisor.org\/tr\/bir-sayfayi-sil\/\",\"name\":\"\u25b7 Excel k\u0131sayolunu kullanarak bir sayfay\u0131 nas\u0131l silebilirim?\",\"isPartOf\":{\"@id\":\"https:\/\/exceladvisor.org\/tr\/#website\"},\"primaryImageOfPage\":{\"@id\":\"https:\/\/exceladvisor.org\/tr\/bir-sayfayi-sil\/#primaryimage\"},\"image\":{\"@id\":\"https:\/\/exceladvisor.org\/tr\/bir-sayfayi-sil\/#primaryimage\"},\"thumbnailUrl\":\"https:\/\/exceladvisor.org\/wp-content\/uploads\/2023\/08\/1-raccourci-pour-supprimer-la-feuille.png\",\"datePublished\":\"2023-11-15T23:33:52+00:00\",\"dateModified\":\"2023-12-10T05:59:48+00:00\",\"description\":\"Bu e\u011fitimde, Excel&#39;deki bir sayfay\u0131 ve t\u00fcm bilgileri silmek i\u00e7in klavye k\u0131sayolunun nas\u0131l kullan\u0131laca\u011f\u0131n\u0131 \u00f6\u011freneceksiniz.\",\"breadcrumb\":{\"@id\":\"https:\/\/exceladvisor.org\/tr\/bir-sayfayi-sil\/#breadcrumb\"},\"inLanguage\":\"tr\",\"potentialAction\":[{\"@type\":\"ReadAction\",\"target\":[\"https:\/\/exceladvisor.org\/tr\/bir-sayfayi-sil\/\"]}]},{\"@type\":\"ImageObject\",\"inLanguage\":\"tr\",\"@id\":\"https:\/\/exceladvisor.org\/tr\/bir-sayfayi-sil\/#primaryimage\",\"url\":\"https:\/\/exceladvisor.org\/wp-content\/uploads\/2023\/08\/1-raccourci-pour-supprimer-la-feuille.png\",\"contentUrl\":\"https:\/\/exceladvisor.org\/wp-content\/uploads\/2023\/08\/1-raccourci-pour-supprimer-la-feuille.png\"},{\"@type\":\"BreadcrumbList\",\"@id\":\"https:\/\/exceladvisor.org\/tr\/bir-sayfayi-sil\/#breadcrumb\",\"itemListElement\":[{\"@type\":\"ListItem\",\"position\":1,\"name\":\"Ev\",\"item\":\"https:\/\/exceladvisor.org\/tr\/\"},{\"@type\":\"ListItem\",\"position\":2,\"name\":\"Excel k\u0131sayolunu kullanarak bir sayfay\u0131 nas\u0131l silebilirim?\"}]},{\"@type\":\"WebSite\",\"@id\":\"https:\/\/exceladvisor.org\/tr\/#website\",\"url\":\"https:\/\/exceladvisor.org\/tr\/\",\"name\":\"Excel Advisor\",\"description\":\"Veri hakimiyetine y\u00f6nelik nihai rehberiniz!\",\"publisher\":{\"@id\":\"https:\/\/exceladvisor.org\/tr\/#organization\"},\"potentialAction\":[{\"@type\":\"SearchAction\",\"target\":{\"@type\":\"EntryPoint\",\"urlTemplate\":\"https:\/\/exceladvisor.org\/tr\/?s={search_term_string}\"},\"query-input\":{\"@type\":\"PropertyValueSpecification\",\"valueRequired\":true,\"valueName\":\"search_term_string\"}}],\"inLanguage\":\"tr\"},{\"@type\":\"Organization\",\"@id\":\"https:\/\/exceladvisor.org\/tr\/#organization\",\"name\":\"Excel Advisor\",\"url\":\"https:\/\/exceladvisor.org\/tr\/\",\"logo\":{\"@type\":\"ImageObject\",\"inLanguage\":\"tr\",\"@id\":\"https:\/\/exceladvisor.org\/tr\/#\/schema\/logo\/image\/\",\"url\":\"https:\/\/exceladvisor.org\/tr\/wp-content\/uploads\/2023\/12\/exceladvisor.org_.png\",\"contentUrl\":\"https:\/\/exceladvisor.org\/tr\/wp-content\/uploads\/2023\/12\/exceladvisor.org_.png\",\"width\":105,\"height\":36,\"caption\":\"Excel Advisor\"},\"image\":{\"@id\":\"https:\/\/exceladvisor.org\/tr\/#\/schema\/logo\/image\/\"}}]}<\/script>\n<!-- \/ Yoast SEO plugin. -->","yoast_head_json":{"title":"\u25b7 Excel k\u0131sayolunu kullanarak bir sayfay\u0131 nas\u0131l silebilirim?","description":"Bu e\u011fitimde, Excel&#39;deki bir sayfay\u0131 ve t\u00fcm bilgileri silmek i\u00e7in klavye k\u0131sayolunun nas\u0131l kullan\u0131laca\u011f\u0131n\u0131 \u00f6\u011freneceksiniz.","robots":{"index":"index","follow":"follow","max-snippet":"max-snippet:-1","max-image-preview":"max-image-preview:large","max-video-preview":"max-video-preview:-1"},"canonical":"https:\/\/exceladvisor.org\/tr\/bir-sayfayi-sil\/","og_locale":"tr_TR","og_type":"article","og_title":"\u25b7 Excel k\u0131sayolunu kullanarak bir sayfay\u0131 nas\u0131l silebilirim?","og_description":"Bu e\u011fitimde, Excel&#39;deki bir sayfay\u0131 ve t\u00fcm bilgileri silmek i\u00e7in klavye k\u0131sayolunun nas\u0131l kullan\u0131laca\u011f\u0131n\u0131 \u00f6\u011freneceksiniz.","og_url":"https:\/\/exceladvisor.org\/tr\/bir-sayfayi-sil\/","og_site_name":"Excel Advisor","article_modified_time":"2023-12-10T05:59:48+00:00","og_image":[{"url":"https:\/\/exceladvisor.org\/wp-content\/uploads\/2023\/08\/1-raccourci-pour-supprimer-la-feuille.png","type":"","width":"","height":""}],"twitter_card":"summary_large_image","twitter_misc":{"Tahmini okuma s\u00fcresi":"1 dakika"},"schema":{"@context":"https:\/\/schema.org","@graph":[{"@type":"WebPage","@id":"https:\/\/exceladvisor.org\/tr\/bir-sayfayi-sil\/","url":"https:\/\/exceladvisor.org\/tr\/bir-sayfayi-sil\/","name":"\u25b7 Excel k\u0131sayolunu kullanarak bir sayfay\u0131 nas\u0131l silebilirim?","isPartOf":{"@id":"https:\/\/exceladvisor.org\/tr\/#website"},"primaryImageOfPage":{"@id":"https:\/\/exceladvisor.org\/tr\/bir-sayfayi-sil\/#primaryimage"},"image":{"@id":"https:\/\/exceladvisor.org\/tr\/bir-sayfayi-sil\/#primaryimage"},"thumbnailUrl":"https:\/\/exceladvisor.org\/wp-content\/uploads\/2023\/08\/1-raccourci-pour-supprimer-la-feuille.png","datePublished":"2023-11-15T23:33:52+00:00","dateModified":"2023-12-10T05:59:48+00:00","description":"Bu e\u011fitimde, Excel&#39;deki bir sayfay\u0131 ve t\u00fcm bilgileri silmek i\u00e7in klavye k\u0131sayolunun nas\u0131l kullan\u0131laca\u011f\u0131n\u0131 \u00f6\u011freneceksiniz.","breadcrumb":{"@id":"https:\/\/exceladvisor.org\/tr\/bir-sayfayi-sil\/#breadcrumb"},"inLanguage":"tr","potentialAction":[{"@type":"ReadAction","target":["https:\/\/exceladvisor.org\/tr\/bir-sayfayi-sil\/"]}]},{"@type":"ImageObject","inLanguage":"tr","@id":"https:\/\/exceladvisor.org\/tr\/bir-sayfayi-sil\/#primaryimage","url":"https:\/\/exceladvisor.org\/wp-content\/uploads\/2023\/08\/1-raccourci-pour-supprimer-la-feuille.png","contentUrl":"https:\/\/exceladvisor.org\/wp-content\/uploads\/2023\/08\/1-raccourci-pour-supprimer-la-feuille.png"},{"@type":"BreadcrumbList","@id":"https:\/\/exceladvisor.org\/tr\/bir-sayfayi-sil\/#breadcrumb","itemListElement":[{"@type":"ListItem","position":1,"name":"Ev","item":"https:\/\/exceladvisor.org\/tr\/"},{"@type":"ListItem","position":2,"name":"Excel k\u0131sayolunu kullanarak bir sayfay\u0131 nas\u0131l silebilirim?"}]},{"@type":"WebSite","@id":"https:\/\/exceladvisor.org\/tr\/#website","url":"https:\/\/exceladvisor.org\/tr\/","name":"Excel Advisor","description":"Veri hakimiyetine y\u00f6nelik nihai rehberiniz!","publisher":{"@id":"https:\/\/exceladvisor.org\/tr\/#organization"},"potentialAction":[{"@type":"SearchAction","target":{"@type":"EntryPoint","urlTemplate":"https:\/\/exceladvisor.org\/tr\/?s={search_term_string}"},"query-input":{"@type":"PropertyValueSpecification","valueRequired":true,"valueName":"search_term_string"}}],"inLanguage":"tr"},{"@type":"Organization","@id":"https:\/\/exceladvisor.org\/tr\/#organization","name":"Excel Advisor","url":"https:\/\/exceladvisor.org\/tr\/","logo":{"@type":"ImageObject","inLanguage":"tr","@id":"https:\/\/exceladvisor.org\/tr\/#\/schema\/logo\/image\/","url":"https:\/\/exceladvisor.org\/tr\/wp-content\/uploads\/2023\/12\/exceladvisor.org_.png","contentUrl":"https:\/\/exceladvisor.org\/tr\/wp-content\/uploads\/2023\/12\/exceladvisor.org_.png","width":105,"height":36,"caption":"Excel Advisor"},"image":{"@id":"https:\/\/exceladvisor.org\/tr\/#\/schema\/logo\/image\/"}}]}},"yoast_meta":{"yoast_wpseo_title":"","yoast_wpseo_metadesc":"","yoast_wpseo_canonical":""},"_links":{"self":[{"href":"https:\/\/exceladvisor.org\/tr\/wp-json\/wp\/v2\/pages\/1591","targetHints":{"allow":["GET"]}}],"collection":[{"href":"https:\/\/exceladvisor.org\/tr\/wp-json\/wp\/v2\/pages"}],"about":[{"href":"https:\/\/exceladvisor.org\/tr\/wp-json\/wp\/v2\/types\/page"}],"author":[{"embeddable":true,"href":"https:\/\/exceladvisor.org\/tr\/wp-json\/wp\/v2\/users\/1"}],"replies":[{"embeddable":true,"href":"https:\/\/exceladvisor.org\/tr\/wp-json\/wp\/v2\/comments?post=1591"}],"version-history":[{"count":1,"href":"https:\/\/exceladvisor.org\/tr\/wp-json\/wp\/v2\/pages\/1591\/revisions"}],"predecessor-version":[{"id":2355,"href":"https:\/\/exceladvisor.org\/tr\/wp-json\/wp\/v2\/pages\/1591\/revisions\/2355"}],"wp:attachment":[{"href":"https:\/\/exceladvisor.org\/tr\/wp-json\/wp\/v2\/media?parent=1591"}],"curies":[{"name":"wp","href":"https:\/\/api.w.org\/{rel}","templated":true}]}}