{"id":1592,"date":"2023-11-15T21:59:40","date_gmt":"2023-11-15T21:59:40","guid":{"rendered":"https:\/\/exceladvisor.org\/tr\/dolgu-rengi\/"},"modified":"2023-12-10T06:02:10","modified_gmt":"2023-12-10T06:02:10","slug":"dolgu-rengi","status":"publish","type":"page","link":"https:\/\/exceladvisor.org\/tr\/dolgu-rengi\/","title":{"rendered":"Excel&#39;de renk nas\u0131l doldurulur?"},"content":{"rendered":"<div class=\"excel-icerikten-once\" id=\"excel-3288524550\"><script type=\"text\/javascript\">\r\n\tatOptions = {\r\n\t\t'key' : 'c1158f160081d6540a8409e6925dab94',\r\n\t\t'format' : 'iframe',\r\n\t\t'height' : 250,\r\n\t\t'width' : 300,\r\n\t\t'params' : {}\r\n\t};\r\n<\/script>\r\n<script type=\"text\/javascript\" src=\"\/\/www.highperformanceformat.com\/c1158f160081d6540a8409e6925dab94\/invoke.js\"><\/script><\/div> <p>\u00c7o\u011fu zaman kullan\u0131c\u0131lar belirli h\u00fccrelerin herkes taraf\u0131ndan kolayca g\u00f6r\u00fclebilmesini isterler ve bunun i\u00e7in dolgu rengi se\u00e7ene\u011fini kullanarak bu h\u00fccreleri renklendirerek vurgulamay\u0131 tercih ederler. Excel&#8217;deki dolgu rengi, h\u00fccrelerdeki rengi doldurmak i\u00e7in kullan\u0131l\u0131r. Kullan\u0131c\u0131lar mevcut renklerden herhangi birini se\u00e7ip h\u00fccreleri doldurabilir.<\/p><h2 class=\"wp-block-heading\"> Excel&#8217;de rengi doldurmak i\u00e7in klavye k\u0131sayolu<\/h2><p> <kbd>Alt<\/kbd> \u2192 <kbd>H<\/kbd> \u2192 <kbd>H<\/kbd> <\/p><div class=\"wp-block-image\"><figure class=\"aligncenter size-full is-resized\"><img loading=\"lazy\" decoding=\"async\" class=\"wp-image-72789\" src=\"https:\/\/exceladvisor.org\/wp-content\/uploads\/2023\/08\/1-raccourci-de-couleur-de-remplissage.png\" sizes=\"auto, \" srcset=\"\" alt=\"dolgu rengi k\u0131sayolu\" width=\"774\" height=\"303\"><\/figure><\/div><p> H\u00fccre rengini se\u00e7mek, se\u00e7mek ve doldurmak i\u00e7in do\u011frudan bir klavye k\u0131sayolu yoktur, ancak yine de kullan\u0131c\u0131 do\u011frudan renk se\u00e7im men\u00fcs\u00fcne gidip oradan gerekli rengi se\u00e7erek zamandan tasarruf edebilir.<\/p><h2 class=\"wp-block-heading\"> Klavye k\u0131sayolunu kullanarak rengi doldurma ad\u0131mlar\u0131<\/h2><ol><li> \u0130lk \u00f6nce rengi doldurmak istedi\u011finiz h\u00fccreleri se\u00e7in.<\/li><li> Daha sonra s\u0131ras\u0131yla <kbd>Alt<\/kbd> \u2192 <kbd>H<\/kbd> \u2192 <kbd>H<\/kbd> tu\u015flar\u0131na bast\u0131\u011f\u0131n\u0131zda \u201cTema Renkleri\u201d men\u00fcs\u00fcn\u00fc a\u00e7arak renk se\u00e7imi yapabilirsiniz.<\/li><li> \u015eimdi klavyedeki \u201cSol, Sa\u011f, Yukar\u0131 ve A\u015fa\u011f\u0131\u201d ok tu\u015flar\u0131n\u0131 kullanarak se\u00e7imi doldurmak istedi\u011finiz renge ta\u015f\u0131y\u0131n ve Enter tu\u015funa bas\u0131n. <br><img loading=\"lazy\" decoding=\"async\" title=\"2 renk se\u00e7\" src=\"https:\/\/exceladvisor.org\/wp-content\/uploads\/2023\/08\/2-selectionnez-la-couleur.png\" sizes=\"auto, \" srcset=\"\" alt=\"select-the-color\" width=\"482\" height=\"361\"><\/li><li> Enter tu\u015funa bast\u0131\u011f\u0131n\u0131zda, se\u00e7ilen h\u00fccrelerin o renkle doldurulmas\u0131n\u0131 sa\u011flayabilirsiniz. <br><img loading=\"lazy\" decoding=\"async\" title=\"Se\u00e7ilen renkte 3 h\u00fccre\" src=\"https:\/\/exceladvisor.org\/wp-content\/uploads\/2023\/08\/3-cellules-avec-la-couleur-selectionnee.png\" sizes=\"auto, \" srcset=\"\" alt=\"cells-with-selected-color\" width=\"438\" height=\"188\"><\/li><\/ol><h2 class=\"wp-block-heading\"> Paket servis<\/h2><ol><li> \u201cDolgu Rengi\u201d se\u00e7ene\u011fini kullanarak ekledi\u011finiz renk, siz rengi bilin\u00e7li olarak de\u011fi\u015ftirmedi\u011finiz\/kald\u0131rmad\u0131\u011f\u0131n\u0131z s\u00fcrece de\u011fi\u015ftirilmeyecek\/kald\u0131r\u0131lmayacakt\u0131r. Bu nedenle de\u011fer de\u011fi\u015fikli\u011fi ile rengin de de\u011fi\u015fmesini istiyorsan\u0131z \u201cKo\u015fullu Formatlama\u201d se\u00e7ene\u011fini kullanman\u0131z gerekmektedir. rengi doldurmak i\u00e7in.<\/li><li> Herhangi bir h\u00fccredeki rengi kald\u0131rmak i\u00e7in h\u00fccreyi se\u00e7in ve <kbd>Alt<\/kbd> \u2192 <kbd>H<\/kbd> \u2192 <kbd>H<\/kbd> \u2192 <kbd>N<\/kbd> tu\u015flar\u0131na bas\u0131n; renk kald\u0131r\u0131lacakt\u0131r.<\/li><li> Aralar\u0131ndan se\u00e7im yapabilece\u011finiz daha fazla renk se\u00e7ene\u011fi bulmak i\u00e7in <kbd>Alt<\/kbd> \u2192 <kbd>H<\/kbd> \u2192 <kbd>H<\/kbd> \u2192 <kbd>M<\/kbd> tu\u015flar\u0131na bast\u0131\u011f\u0131n\u0131zda \u201cRenkler\u201d ileti\u015fim kutusunu a\u00e7acaks\u0131n\u0131z. <\/li><\/ol><div class=\"wp-block-image\"><figure class=\"aligncenter size-full is-resized\"><img loading=\"lazy\" decoding=\"async\" class=\"wp-image-72792\" src=\"https:\/\/exceladvisor.org\/wp-content\/uploads\/2023\/08\/Boite-de-dialogue-4-couleurs.png\" sizes=\"auto, \" srcset=\"\" alt=\"renkler ileti\u015fim kutusu\" width=\"316\" height=\"342\"><\/figure><\/div><div class=\"gb-container gb-container-2116538e gb-container-mt\"> <a class=\"gb-button gb-button-f7d2c131 gb-button-text gb-button-mt-button\" href=\"https:\/\/exceladvisor.org\/tr\/klavye-kisayollari\/\">Excel PDF klavye k\u0131sayollar\u0131<\/a><h2 class=\"gb-headline gb-headline-7ed68554 gb-headline-text gb-headline-mt-heading\"> Daha fazla k\u0131sayol <\/h2><div class=\"gb-grid-wrapper gb-grid-wrapper-edeef538 gb-grid-wrapper-mt-grid\"><div class=\"gb-grid-column gb-grid-column-6ab6fbc6\"><div class=\"gb-container gb-container-6ab6fbc6\"><ul><li> <a href=\"https:\/\/exceladvisor.org\/tr\/acik-formatli-hucre-secenekleri\/\">Bi\u00e7im h\u00fccrelerini a\u00e7ma se\u00e7ene\u011fi<\/a><\/li><li> <a href=\"https:\/\/exceladvisor.org\/tr\/otomatik-ayar\/\">Otomatik ayarlama<\/a><\/li><li> <a href=\"https:\/\/exceladvisor.org\/tr\/ressam-formati-1\/\">Ressam format\u0131<\/a><\/li><li> <a href=\"https:\/\/exceladvisor.org\/tr\/metni-sar\/\">Metni kayd\u0131r<\/a><\/li><li> <a href=\"https:\/\/exceladvisor.org\/tr\/yorum-ekle\/\">Yorum ekle<\/a> <\/li><\/ul><\/div><\/div><div class=\"gb-grid-column gb-grid-column-766d598b\"><div class=\"gb-container gb-container-766d598b\"><\/div><\/div><\/div><\/div>","protected":false},"excerpt":{"rendered":"","protected":false},"author":1,"featured_media":0,"parent":0,"menu_order":0,"comment_status":"open","ping_status":"closed","template":"","meta":{"ub_ctt_via":"","footnotes":""},"class_list":["post-1592","page","type-page","status-publish","hentry"],"featured_image_src":null,"yoast_head":"<!-- This site is optimized with the Yoast SEO plugin v25.4 - https:\/\/yoast.com\/wordpress\/plugins\/seo\/ -->\n<title>\u25b7Excel&#039;de renk nas\u0131l doldurulur? (Excel k\u0131sayolu)<\/title>\n<meta name=\"description\" content=\"Bu e\u011fitimde, Excel&#039;de bir h\u00fccreyi renklendirmek ve daha fazla renk elde etmek i\u00e7in kullanabilece\u011finiz klavye k\u0131sayolunu nas\u0131l kullanaca\u011f\u0131n\u0131z\u0131 \u00f6\u011freneceksiniz.\" \/>\n<meta name=\"robots\" content=\"index, follow, max-snippet:-1, max-image-preview:large, max-video-preview:-1\" \/>\n<link rel=\"canonical\" href=\"https:\/\/exceladvisor.org\/tr\/dolgu-rengi\/\" \/>\n<meta property=\"og:locale\" content=\"tr_TR\" \/>\n<meta property=\"og:type\" content=\"article\" \/>\n<meta property=\"og:title\" content=\"\u25b7Excel&#039;de renk nas\u0131l doldurulur? (Excel k\u0131sayolu)\" \/>\n<meta property=\"og:description\" content=\"Bu e\u011fitimde, Excel&#039;de bir h\u00fccreyi renklendirmek ve daha fazla renk elde etmek i\u00e7in kullanabilece\u011finiz klavye k\u0131sayolunu nas\u0131l kullanaca\u011f\u0131n\u0131z\u0131 \u00f6\u011freneceksiniz.\" \/>\n<meta property=\"og:url\" content=\"https:\/\/exceladvisor.org\/tr\/dolgu-rengi\/\" \/>\n<meta property=\"og:site_name\" content=\"Excel Advisor\" \/>\n<meta property=\"article:modified_time\" content=\"2023-12-10T06:02:10+00:00\" \/>\n<meta property=\"og:image\" content=\"https:\/\/exceladvisor.org\/wp-content\/uploads\/2023\/08\/1-raccourci-de-couleur-de-remplissage.png\" \/>\n<meta name=\"twitter:card\" content=\"summary_large_image\" \/>\n<meta name=\"twitter:label1\" content=\"Tahmini okuma s\u00fcresi\" \/>\n\t<meta name=\"twitter:data1\" content=\"2 dakika\" \/>\n<script type=\"application\/ld+json\" class=\"yoast-schema-graph\">{\"@context\":\"https:\/\/schema.org\",\"@graph\":[{\"@type\":\"WebPage\",\"@id\":\"https:\/\/exceladvisor.org\/tr\/dolgu-rengi\/\",\"url\":\"https:\/\/exceladvisor.org\/tr\/dolgu-rengi\/\",\"name\":\"\u25b7Excel&#39;de renk nas\u0131l doldurulur? (Excel k\u0131sayolu)\",\"isPartOf\":{\"@id\":\"https:\/\/exceladvisor.org\/tr\/#website\"},\"primaryImageOfPage\":{\"@id\":\"https:\/\/exceladvisor.org\/tr\/dolgu-rengi\/#primaryimage\"},\"image\":{\"@id\":\"https:\/\/exceladvisor.org\/tr\/dolgu-rengi\/#primaryimage\"},\"thumbnailUrl\":\"https:\/\/exceladvisor.org\/wp-content\/uploads\/2023\/08\/1-raccourci-de-couleur-de-remplissage.png\",\"datePublished\":\"2023-11-15T21:59:40+00:00\",\"dateModified\":\"2023-12-10T06:02:10+00:00\",\"description\":\"Bu e\u011fitimde, Excel&#39;de bir h\u00fccreyi renklendirmek ve daha fazla renk elde etmek i\u00e7in kullanabilece\u011finiz klavye k\u0131sayolunu nas\u0131l kullanaca\u011f\u0131n\u0131z\u0131 \u00f6\u011freneceksiniz.\",\"breadcrumb\":{\"@id\":\"https:\/\/exceladvisor.org\/tr\/dolgu-rengi\/#breadcrumb\"},\"inLanguage\":\"tr\",\"potentialAction\":[{\"@type\":\"ReadAction\",\"target\":[\"https:\/\/exceladvisor.org\/tr\/dolgu-rengi\/\"]}]},{\"@type\":\"ImageObject\",\"inLanguage\":\"tr\",\"@id\":\"https:\/\/exceladvisor.org\/tr\/dolgu-rengi\/#primaryimage\",\"url\":\"https:\/\/exceladvisor.org\/wp-content\/uploads\/2023\/08\/1-raccourci-de-couleur-de-remplissage.png\",\"contentUrl\":\"https:\/\/exceladvisor.org\/wp-content\/uploads\/2023\/08\/1-raccourci-de-couleur-de-remplissage.png\"},{\"@type\":\"BreadcrumbList\",\"@id\":\"https:\/\/exceladvisor.org\/tr\/dolgu-rengi\/#breadcrumb\",\"itemListElement\":[{\"@type\":\"ListItem\",\"position\":1,\"name\":\"Ev\",\"item\":\"https:\/\/exceladvisor.org\/tr\/\"},{\"@type\":\"ListItem\",\"position\":2,\"name\":\"Excel&#39;de renk nas\u0131l doldurulur?\"}]},{\"@type\":\"WebSite\",\"@id\":\"https:\/\/exceladvisor.org\/tr\/#website\",\"url\":\"https:\/\/exceladvisor.org\/tr\/\",\"name\":\"Excel Advisor\",\"description\":\"Veri hakimiyetine y\u00f6nelik nihai rehberiniz!\",\"publisher\":{\"@id\":\"https:\/\/exceladvisor.org\/tr\/#organization\"},\"potentialAction\":[{\"@type\":\"SearchAction\",\"target\":{\"@type\":\"EntryPoint\",\"urlTemplate\":\"https:\/\/exceladvisor.org\/tr\/?s={search_term_string}\"},\"query-input\":{\"@type\":\"PropertyValueSpecification\",\"valueRequired\":true,\"valueName\":\"search_term_string\"}}],\"inLanguage\":\"tr\"},{\"@type\":\"Organization\",\"@id\":\"https:\/\/exceladvisor.org\/tr\/#organization\",\"name\":\"Excel Advisor\",\"url\":\"https:\/\/exceladvisor.org\/tr\/\",\"logo\":{\"@type\":\"ImageObject\",\"inLanguage\":\"tr\",\"@id\":\"https:\/\/exceladvisor.org\/tr\/#\/schema\/logo\/image\/\",\"url\":\"https:\/\/exceladvisor.org\/tr\/wp-content\/uploads\/2023\/12\/exceladvisor.org_.png\",\"contentUrl\":\"https:\/\/exceladvisor.org\/tr\/wp-content\/uploads\/2023\/12\/exceladvisor.org_.png\",\"width\":105,\"height\":36,\"caption\":\"Excel Advisor\"},\"image\":{\"@id\":\"https:\/\/exceladvisor.org\/tr\/#\/schema\/logo\/image\/\"}}]}<\/script>\n<!-- \/ Yoast SEO plugin. -->","yoast_head_json":{"title":"\u25b7Excel&#39;de renk nas\u0131l doldurulur? (Excel k\u0131sayolu)","description":"Bu e\u011fitimde, Excel&#39;de bir h\u00fccreyi renklendirmek ve daha fazla renk elde etmek i\u00e7in kullanabilece\u011finiz klavye k\u0131sayolunu nas\u0131l kullanaca\u011f\u0131n\u0131z\u0131 \u00f6\u011freneceksiniz.","robots":{"index":"index","follow":"follow","max-snippet":"max-snippet:-1","max-image-preview":"max-image-preview:large","max-video-preview":"max-video-preview:-1"},"canonical":"https:\/\/exceladvisor.org\/tr\/dolgu-rengi\/","og_locale":"tr_TR","og_type":"article","og_title":"\u25b7Excel&#39;de renk nas\u0131l doldurulur? (Excel k\u0131sayolu)","og_description":"Bu e\u011fitimde, Excel&#39;de bir h\u00fccreyi renklendirmek ve daha fazla renk elde etmek i\u00e7in kullanabilece\u011finiz klavye k\u0131sayolunu nas\u0131l kullanaca\u011f\u0131n\u0131z\u0131 \u00f6\u011freneceksiniz.","og_url":"https:\/\/exceladvisor.org\/tr\/dolgu-rengi\/","og_site_name":"Excel Advisor","article_modified_time":"2023-12-10T06:02:10+00:00","og_image":[{"url":"https:\/\/exceladvisor.org\/wp-content\/uploads\/2023\/08\/1-raccourci-de-couleur-de-remplissage.png","type":"","width":"","height":""}],"twitter_card":"summary_large_image","twitter_misc":{"Tahmini okuma s\u00fcresi":"2 dakika"},"schema":{"@context":"https:\/\/schema.org","@graph":[{"@type":"WebPage","@id":"https:\/\/exceladvisor.org\/tr\/dolgu-rengi\/","url":"https:\/\/exceladvisor.org\/tr\/dolgu-rengi\/","name":"\u25b7Excel&#39;de renk nas\u0131l doldurulur? (Excel k\u0131sayolu)","isPartOf":{"@id":"https:\/\/exceladvisor.org\/tr\/#website"},"primaryImageOfPage":{"@id":"https:\/\/exceladvisor.org\/tr\/dolgu-rengi\/#primaryimage"},"image":{"@id":"https:\/\/exceladvisor.org\/tr\/dolgu-rengi\/#primaryimage"},"thumbnailUrl":"https:\/\/exceladvisor.org\/wp-content\/uploads\/2023\/08\/1-raccourci-de-couleur-de-remplissage.png","datePublished":"2023-11-15T21:59:40+00:00","dateModified":"2023-12-10T06:02:10+00:00","description":"Bu e\u011fitimde, Excel&#39;de bir h\u00fccreyi renklendirmek ve daha fazla renk elde etmek i\u00e7in kullanabilece\u011finiz klavye k\u0131sayolunu nas\u0131l kullanaca\u011f\u0131n\u0131z\u0131 \u00f6\u011freneceksiniz.","breadcrumb":{"@id":"https:\/\/exceladvisor.org\/tr\/dolgu-rengi\/#breadcrumb"},"inLanguage":"tr","potentialAction":[{"@type":"ReadAction","target":["https:\/\/exceladvisor.org\/tr\/dolgu-rengi\/"]}]},{"@type":"ImageObject","inLanguage":"tr","@id":"https:\/\/exceladvisor.org\/tr\/dolgu-rengi\/#primaryimage","url":"https:\/\/exceladvisor.org\/wp-content\/uploads\/2023\/08\/1-raccourci-de-couleur-de-remplissage.png","contentUrl":"https:\/\/exceladvisor.org\/wp-content\/uploads\/2023\/08\/1-raccourci-de-couleur-de-remplissage.png"},{"@type":"BreadcrumbList","@id":"https:\/\/exceladvisor.org\/tr\/dolgu-rengi\/#breadcrumb","itemListElement":[{"@type":"ListItem","position":1,"name":"Ev","item":"https:\/\/exceladvisor.org\/tr\/"},{"@type":"ListItem","position":2,"name":"Excel&#39;de renk nas\u0131l doldurulur?"}]},{"@type":"WebSite","@id":"https:\/\/exceladvisor.org\/tr\/#website","url":"https:\/\/exceladvisor.org\/tr\/","name":"Excel Advisor","description":"Veri hakimiyetine y\u00f6nelik nihai rehberiniz!","publisher":{"@id":"https:\/\/exceladvisor.org\/tr\/#organization"},"potentialAction":[{"@type":"SearchAction","target":{"@type":"EntryPoint","urlTemplate":"https:\/\/exceladvisor.org\/tr\/?s={search_term_string}"},"query-input":{"@type":"PropertyValueSpecification","valueRequired":true,"valueName":"search_term_string"}}],"inLanguage":"tr"},{"@type":"Organization","@id":"https:\/\/exceladvisor.org\/tr\/#organization","name":"Excel Advisor","url":"https:\/\/exceladvisor.org\/tr\/","logo":{"@type":"ImageObject","inLanguage":"tr","@id":"https:\/\/exceladvisor.org\/tr\/#\/schema\/logo\/image\/","url":"https:\/\/exceladvisor.org\/tr\/wp-content\/uploads\/2023\/12\/exceladvisor.org_.png","contentUrl":"https:\/\/exceladvisor.org\/tr\/wp-content\/uploads\/2023\/12\/exceladvisor.org_.png","width":105,"height":36,"caption":"Excel Advisor"},"image":{"@id":"https:\/\/exceladvisor.org\/tr\/#\/schema\/logo\/image\/"}}]}},"yoast_meta":{"yoast_wpseo_title":"","yoast_wpseo_metadesc":"","yoast_wpseo_canonical":""},"_links":{"self":[{"href":"https:\/\/exceladvisor.org\/tr\/wp-json\/wp\/v2\/pages\/1592","targetHints":{"allow":["GET"]}}],"collection":[{"href":"https:\/\/exceladvisor.org\/tr\/wp-json\/wp\/v2\/pages"}],"about":[{"href":"https:\/\/exceladvisor.org\/tr\/wp-json\/wp\/v2\/types\/page"}],"author":[{"embeddable":true,"href":"https:\/\/exceladvisor.org\/tr\/wp-json\/wp\/v2\/users\/1"}],"replies":[{"embeddable":true,"href":"https:\/\/exceladvisor.org\/tr\/wp-json\/wp\/v2\/comments?post=1592"}],"version-history":[{"count":1,"href":"https:\/\/exceladvisor.org\/tr\/wp-json\/wp\/v2\/pages\/1592\/revisions"}],"predecessor-version":[{"id":2581,"href":"https:\/\/exceladvisor.org\/tr\/wp-json\/wp\/v2\/pages\/1592\/revisions\/2581"}],"wp:attachment":[{"href":"https:\/\/exceladvisor.org\/tr\/wp-json\/wp\/v2\/media?parent=1592"}],"curies":[{"name":"wp","href":"https:\/\/api.w.org\/{rel}","templated":true}]}}