{"id":1593,"date":"2023-11-15T21:48:44","date_gmt":"2023-11-15T21:48:44","guid":{"rendered":"https:\/\/exceladvisor.org\/tr\/hucreyi-sil\/"},"modified":"2023-12-10T05:58:54","modified_gmt":"2023-12-10T05:58:54","slug":"hucreyi-sil","status":"publish","type":"page","link":"https:\/\/exceladvisor.org\/tr\/hucreyi-sil\/","title":{"rendered":"Bir h\u00fccreden excel k\u0131sayolu nas\u0131l kald\u0131r\u0131l\u0131r?"},"content":{"rendered":"<div class=\"excel-icerikten-once\" id=\"excel-471558445\"><script type=\"text\/javascript\">\r\n\tatOptions = {\r\n\t\t'key' : 'c1158f160081d6540a8409e6925dab94',\r\n\t\t'format' : 'iframe',\r\n\t\t'height' : 250,\r\n\t\t'width' : 300,\r\n\t\t'params' : {}\r\n\t};\r\n<\/script>\r\n<script type=\"text\/javascript\" src=\"\/\/www.highperformanceformat.com\/c1158f160081d6540a8409e6925dab94\/invoke.js\"><\/script><\/div> <p>Ad\u0131ndan da anla\u015f\u0131laca\u011f\u0131 gibi h\u00fccreyi sil, h\u00fccrenin silinmesini ifade eder.<\/p><p> Excel ayr\u0131ca t\u00fcm sat\u0131r\u0131 veya s\u00fctunu silmek yerine belirli bir h\u00fccreyi veya h\u00fccre aral\u0131\u011f\u0131n\u0131 silme se\u00e7ene\u011fine de sahiptir.<\/p><p> B\u00f6ylece kullan\u0131c\u0131 \u00e7al\u0131\u015fma sayfas\u0131ndan bir h\u00fccreyi kald\u0131rmak veya silmek istedi\u011finde, o h\u00fccreyi silebilir ve verileri ayarlayabilir.<\/p><h2 class=\"wp-block-heading\"> Excel&#8217;de bir h\u00fccreyi silmek i\u00e7in klavye k\u0131sayolu<\/h2><p> Belirli bir h\u00fccreyi veya h\u00fccre aral\u0131\u011f\u0131n\u0131 silmek i\u00e7in kullan\u0131lan klavye k\u0131sayolu a\u015fa\u011f\u0131da belirtildi\u011fi gibidir:<\/p><p> <kbd>Ctrl<\/kbd> + <kbd>-<\/kbd> <\/p><div class=\"wp-block-image\"><figure class=\"aligncenter size-full is-resized\"><img loading=\"lazy\" decoding=\"async\" class=\"wp-image-72783\" src=\"https:\/\/exceladvisor.org\/wp-content\/uploads\/2023\/08\/1-supprimer-le-raccourci-de-cellule.png\" sizes=\"auto, \" srcset=\"\" alt=\"k\u0131sayol-sil-h\u00fccre\" width=\"748\" height=\"293\"><\/figure><\/div><h2 class=\"wp-block-heading\"> Klavye k\u0131sayolunu kullanarak h\u00fccreyi silme ad\u0131mlar\u0131<\/h2><ol><li> \u00d6ncelikle \u00e7al\u0131\u015fma sayfas\u0131ndan kald\u0131rmak veya kald\u0131rmak istedi\u011finiz h\u00fccreyi\/h\u00fccreleri se\u00e7in.<\/li><li> Bundan sonra <kbd>Ctrl<\/kbd> + <kbd>-<\/kbd> tu\u015flar\u0131na birlikte basman\u0131z yeterlidir; \u201cSil\u201d ileti\u015fim kutusu a\u00e7\u0131lacakt\u0131r.<\/li><li> \u015eimdi, se\u00e7ilen h\u00fccreyi \u00e7al\u0131\u015fma sayfas\u0131na s\u0131\u011facak \u015fekilde de\u011fi\u015ftirmek i\u00e7in geri kalan h\u00fccreleri ta\u015f\u0131mak istedi\u011finiz se\u00e7ene\u011fi se\u00e7in.<\/li><li> Se\u00e7ildikten sonra Enter tu\u015funa bas\u0131n; se\u00e7ti\u011finiz h\u00fccre silinecek ve veriler ayarlanacakt\u0131r. <\/li><\/ol><div class=\"wp-block-image\"><figure class=\"aligncenter size-full\"><img loading=\"lazy\" decoding=\"async\" class=\"wp-image-72784\" src=\"https:\/\/exceladvisor.org\/wp-content\/uploads\/2023\/08\/2-supprimer-la-boite-de-dialogue.png\" sizes=\"auto, \" srcset=\"\" alt=\"ileti\u015fim kutusunu sil\" width=\"216\" height=\"228\"><\/figure><\/div><p class=\"qt-tip\"> Not: Verileriniz tablo aral\u0131\u011f\u0131 bi\u00e7imindeyse ve belirli bir h\u00fccreyi se\u00e7ip <kbd>Ctrl<\/kbd> + <kbd>-<\/kbd> tu\u015flar\u0131na basarsan\u0131z, yaln\u0131zca o belirli h\u00fccre de\u011fil, o sat\u0131r\u0131n tamam\u0131 silinir. <\/p><div class=\"wp-block-group more-tutorials is-layout-flow\"><div class=\"wp-block-group__inner-container\"><h2 class=\"wp-block-heading\"> Daha fazla e\u011fitim <\/h2><div class=\"wp-block-columns is-layout-flex wp-container-139\"><div class=\"wp-block-column is-layout-flow\"><ul><li> <a href=\"https:\/\/exceladvisor.org\/tr\/1.-sutunu-ekle\/\">S\u00fctun ekle<\/a><\/li><li> <a href=\"https:\/\/exceladvisor.org\/tr\/satiri-sil\/\">Sat\u0131rlar\u0131 sil<\/a><\/li><li> <a href=\"https:\/\/exceladvisor.org\/tr\/hucreyi-duzenle\/\">H\u00fccreyi d\u00fczenle<\/a><\/li><li> <a href=\"https:\/\/exceladvisor.org\/tr\/sutunlari-goster\/\">S\u00fctunlar\u0131 g\u00f6ster<\/a><\/li><\/ul><\/div><div class=\"wp-block-column is-layout-flow\"><ul><li> <a href=\"https:\/\/exceladvisor.org\/tr\/hucre-ekle\/\">H\u00fccre ekle<\/a><\/li><li> <a href=\"https:\/\/exceladvisor.org\/tr\/bir-satir-ekle\/\">Ekle \u2013 Sat\u0131r ekle<\/a><\/li><li> <a href=\"https:\/\/exceladvisor.org\/tr\/ayrisan-hucreleri-birlestirme-1\/\">H\u00fccreleri birle\u015ftir-ayr<\/a><\/li><\/ul><\/div><\/div><p> \u21e0 <a href=\"https:\/\/exceladvisor.org\/tr\/klavye-kisayollari\/\">Excel k\u0131sayollar\u0131na geri d\u00f6n\u00fcn (PDF kopya sayfas\u0131)<\/a><\/p><\/div><\/div>","protected":false},"excerpt":{"rendered":"","protected":false},"author":1,"featured_media":0,"parent":0,"menu_order":0,"comment_status":"open","ping_status":"closed","template":"","meta":{"ub_ctt_via":"","footnotes":""},"class_list":["post-1593","page","type-page","status-publish","hentry"],"featured_image_src":null,"yoast_head":"<!-- This site is optimized with the Yoast SEO plugin v25.4 - https:\/\/yoast.com\/wordpress\/plugins\/seo\/ -->\n<title>Excel&#039;de bir h\u00fccre nas\u0131l silinir? (Excel k\u0131sayolu)<\/title>\n<meta name=\"description\" content=\"Bu e\u011fitimde, Excel&#039;de bir h\u00fccreyi silmek ve kazan\u00e7 elde etmek i\u00e7in kullanabilece\u011finiz klavye k\u0131sayolunu nas\u0131l kullanaca\u011f\u0131n\u0131z\u0131 \u00f6\u011freneceksiniz.\" \/>\n<meta name=\"robots\" content=\"index, follow, max-snippet:-1, max-image-preview:large, max-video-preview:-1\" \/>\n<link rel=\"canonical\" href=\"https:\/\/exceladvisor.org\/tr\/hucreyi-sil\/\" \/>\n<meta property=\"og:locale\" content=\"tr_TR\" \/>\n<meta property=\"og:type\" content=\"article\" \/>\n<meta property=\"og:title\" content=\"Excel&#039;de bir h\u00fccre nas\u0131l silinir? (Excel k\u0131sayolu)\" \/>\n<meta property=\"og:description\" content=\"Bu e\u011fitimde, Excel&#039;de bir h\u00fccreyi silmek ve kazan\u00e7 elde etmek i\u00e7in kullanabilece\u011finiz klavye k\u0131sayolunu nas\u0131l kullanaca\u011f\u0131n\u0131z\u0131 \u00f6\u011freneceksiniz.\" \/>\n<meta property=\"og:url\" content=\"https:\/\/exceladvisor.org\/tr\/hucreyi-sil\/\" \/>\n<meta property=\"og:site_name\" content=\"Excel Advisor\" \/>\n<meta property=\"article:modified_time\" content=\"2023-12-10T05:58:54+00:00\" \/>\n<meta property=\"og:image\" content=\"https:\/\/exceladvisor.org\/wp-content\/uploads\/2023\/08\/1-supprimer-le-raccourci-de-cellule.png\" \/>\n<meta name=\"twitter:card\" content=\"summary_large_image\" \/>\n<meta name=\"twitter:label1\" content=\"Tahmini okuma s\u00fcresi\" \/>\n\t<meta name=\"twitter:data1\" content=\"1 dakika\" \/>\n<script type=\"application\/ld+json\" class=\"yoast-schema-graph\">{\"@context\":\"https:\/\/schema.org\",\"@graph\":[{\"@type\":\"WebPage\",\"@id\":\"https:\/\/exceladvisor.org\/tr\/hucreyi-sil\/\",\"url\":\"https:\/\/exceladvisor.org\/tr\/hucreyi-sil\/\",\"name\":\"Excel&#39;de bir h\u00fccre nas\u0131l silinir? (Excel k\u0131sayolu)\",\"isPartOf\":{\"@id\":\"https:\/\/exceladvisor.org\/tr\/#website\"},\"primaryImageOfPage\":{\"@id\":\"https:\/\/exceladvisor.org\/tr\/hucreyi-sil\/#primaryimage\"},\"image\":{\"@id\":\"https:\/\/exceladvisor.org\/tr\/hucreyi-sil\/#primaryimage\"},\"thumbnailUrl\":\"https:\/\/exceladvisor.org\/wp-content\/uploads\/2023\/08\/1-supprimer-le-raccourci-de-cellule.png\",\"datePublished\":\"2023-11-15T21:48:44+00:00\",\"dateModified\":\"2023-12-10T05:58:54+00:00\",\"description\":\"Bu e\u011fitimde, Excel&#39;de bir h\u00fccreyi silmek ve kazan\u00e7 elde etmek i\u00e7in kullanabilece\u011finiz klavye k\u0131sayolunu nas\u0131l kullanaca\u011f\u0131n\u0131z\u0131 \u00f6\u011freneceksiniz.\",\"breadcrumb\":{\"@id\":\"https:\/\/exceladvisor.org\/tr\/hucreyi-sil\/#breadcrumb\"},\"inLanguage\":\"tr\",\"potentialAction\":[{\"@type\":\"ReadAction\",\"target\":[\"https:\/\/exceladvisor.org\/tr\/hucreyi-sil\/\"]}]},{\"@type\":\"ImageObject\",\"inLanguage\":\"tr\",\"@id\":\"https:\/\/exceladvisor.org\/tr\/hucreyi-sil\/#primaryimage\",\"url\":\"https:\/\/exceladvisor.org\/wp-content\/uploads\/2023\/08\/1-supprimer-le-raccourci-de-cellule.png\",\"contentUrl\":\"https:\/\/exceladvisor.org\/wp-content\/uploads\/2023\/08\/1-supprimer-le-raccourci-de-cellule.png\"},{\"@type\":\"BreadcrumbList\",\"@id\":\"https:\/\/exceladvisor.org\/tr\/hucreyi-sil\/#breadcrumb\",\"itemListElement\":[{\"@type\":\"ListItem\",\"position\":1,\"name\":\"Ev\",\"item\":\"https:\/\/exceladvisor.org\/tr\/\"},{\"@type\":\"ListItem\",\"position\":2,\"name\":\"Bir h\u00fccreden excel k\u0131sayolu nas\u0131l kald\u0131r\u0131l\u0131r?\"}]},{\"@type\":\"WebSite\",\"@id\":\"https:\/\/exceladvisor.org\/tr\/#website\",\"url\":\"https:\/\/exceladvisor.org\/tr\/\",\"name\":\"Excel Advisor\",\"description\":\"Veri hakimiyetine y\u00f6nelik nihai rehberiniz!\",\"publisher\":{\"@id\":\"https:\/\/exceladvisor.org\/tr\/#organization\"},\"potentialAction\":[{\"@type\":\"SearchAction\",\"target\":{\"@type\":\"EntryPoint\",\"urlTemplate\":\"https:\/\/exceladvisor.org\/tr\/?s={search_term_string}\"},\"query-input\":{\"@type\":\"PropertyValueSpecification\",\"valueRequired\":true,\"valueName\":\"search_term_string\"}}],\"inLanguage\":\"tr\"},{\"@type\":\"Organization\",\"@id\":\"https:\/\/exceladvisor.org\/tr\/#organization\",\"name\":\"Excel Advisor\",\"url\":\"https:\/\/exceladvisor.org\/tr\/\",\"logo\":{\"@type\":\"ImageObject\",\"inLanguage\":\"tr\",\"@id\":\"https:\/\/exceladvisor.org\/tr\/#\/schema\/logo\/image\/\",\"url\":\"https:\/\/exceladvisor.org\/tr\/wp-content\/uploads\/2023\/12\/exceladvisor.org_.png\",\"contentUrl\":\"https:\/\/exceladvisor.org\/tr\/wp-content\/uploads\/2023\/12\/exceladvisor.org_.png\",\"width\":105,\"height\":36,\"caption\":\"Excel Advisor\"},\"image\":{\"@id\":\"https:\/\/exceladvisor.org\/tr\/#\/schema\/logo\/image\/\"}}]}<\/script>\n<!-- \/ Yoast SEO plugin. -->","yoast_head_json":{"title":"Excel&#39;de bir h\u00fccre nas\u0131l silinir? (Excel k\u0131sayolu)","description":"Bu e\u011fitimde, Excel&#39;de bir h\u00fccreyi silmek ve kazan\u00e7 elde etmek i\u00e7in kullanabilece\u011finiz klavye k\u0131sayolunu nas\u0131l kullanaca\u011f\u0131n\u0131z\u0131 \u00f6\u011freneceksiniz.","robots":{"index":"index","follow":"follow","max-snippet":"max-snippet:-1","max-image-preview":"max-image-preview:large","max-video-preview":"max-video-preview:-1"},"canonical":"https:\/\/exceladvisor.org\/tr\/hucreyi-sil\/","og_locale":"tr_TR","og_type":"article","og_title":"Excel&#39;de bir h\u00fccre nas\u0131l silinir? (Excel k\u0131sayolu)","og_description":"Bu e\u011fitimde, Excel&#39;de bir h\u00fccreyi silmek ve kazan\u00e7 elde etmek i\u00e7in kullanabilece\u011finiz klavye k\u0131sayolunu nas\u0131l kullanaca\u011f\u0131n\u0131z\u0131 \u00f6\u011freneceksiniz.","og_url":"https:\/\/exceladvisor.org\/tr\/hucreyi-sil\/","og_site_name":"Excel Advisor","article_modified_time":"2023-12-10T05:58:54+00:00","og_image":[{"url":"https:\/\/exceladvisor.org\/wp-content\/uploads\/2023\/08\/1-supprimer-le-raccourci-de-cellule.png","type":"","width":"","height":""}],"twitter_card":"summary_large_image","twitter_misc":{"Tahmini okuma s\u00fcresi":"1 dakika"},"schema":{"@context":"https:\/\/schema.org","@graph":[{"@type":"WebPage","@id":"https:\/\/exceladvisor.org\/tr\/hucreyi-sil\/","url":"https:\/\/exceladvisor.org\/tr\/hucreyi-sil\/","name":"Excel&#39;de bir h\u00fccre nas\u0131l silinir? (Excel k\u0131sayolu)","isPartOf":{"@id":"https:\/\/exceladvisor.org\/tr\/#website"},"primaryImageOfPage":{"@id":"https:\/\/exceladvisor.org\/tr\/hucreyi-sil\/#primaryimage"},"image":{"@id":"https:\/\/exceladvisor.org\/tr\/hucreyi-sil\/#primaryimage"},"thumbnailUrl":"https:\/\/exceladvisor.org\/wp-content\/uploads\/2023\/08\/1-supprimer-le-raccourci-de-cellule.png","datePublished":"2023-11-15T21:48:44+00:00","dateModified":"2023-12-10T05:58:54+00:00","description":"Bu e\u011fitimde, Excel&#39;de bir h\u00fccreyi silmek ve kazan\u00e7 elde etmek i\u00e7in kullanabilece\u011finiz klavye k\u0131sayolunu nas\u0131l kullanaca\u011f\u0131n\u0131z\u0131 \u00f6\u011freneceksiniz.","breadcrumb":{"@id":"https:\/\/exceladvisor.org\/tr\/hucreyi-sil\/#breadcrumb"},"inLanguage":"tr","potentialAction":[{"@type":"ReadAction","target":["https:\/\/exceladvisor.org\/tr\/hucreyi-sil\/"]}]},{"@type":"ImageObject","inLanguage":"tr","@id":"https:\/\/exceladvisor.org\/tr\/hucreyi-sil\/#primaryimage","url":"https:\/\/exceladvisor.org\/wp-content\/uploads\/2023\/08\/1-supprimer-le-raccourci-de-cellule.png","contentUrl":"https:\/\/exceladvisor.org\/wp-content\/uploads\/2023\/08\/1-supprimer-le-raccourci-de-cellule.png"},{"@type":"BreadcrumbList","@id":"https:\/\/exceladvisor.org\/tr\/hucreyi-sil\/#breadcrumb","itemListElement":[{"@type":"ListItem","position":1,"name":"Ev","item":"https:\/\/exceladvisor.org\/tr\/"},{"@type":"ListItem","position":2,"name":"Bir h\u00fccreden excel k\u0131sayolu nas\u0131l kald\u0131r\u0131l\u0131r?"}]},{"@type":"WebSite","@id":"https:\/\/exceladvisor.org\/tr\/#website","url":"https:\/\/exceladvisor.org\/tr\/","name":"Excel Advisor","description":"Veri hakimiyetine y\u00f6nelik nihai rehberiniz!","publisher":{"@id":"https:\/\/exceladvisor.org\/tr\/#organization"},"potentialAction":[{"@type":"SearchAction","target":{"@type":"EntryPoint","urlTemplate":"https:\/\/exceladvisor.org\/tr\/?s={search_term_string}"},"query-input":{"@type":"PropertyValueSpecification","valueRequired":true,"valueName":"search_term_string"}}],"inLanguage":"tr"},{"@type":"Organization","@id":"https:\/\/exceladvisor.org\/tr\/#organization","name":"Excel Advisor","url":"https:\/\/exceladvisor.org\/tr\/","logo":{"@type":"ImageObject","inLanguage":"tr","@id":"https:\/\/exceladvisor.org\/tr\/#\/schema\/logo\/image\/","url":"https:\/\/exceladvisor.org\/tr\/wp-content\/uploads\/2023\/12\/exceladvisor.org_.png","contentUrl":"https:\/\/exceladvisor.org\/tr\/wp-content\/uploads\/2023\/12\/exceladvisor.org_.png","width":105,"height":36,"caption":"Excel Advisor"},"image":{"@id":"https:\/\/exceladvisor.org\/tr\/#\/schema\/logo\/image\/"}}]}},"yoast_meta":{"yoast_wpseo_title":"","yoast_wpseo_metadesc":"","yoast_wpseo_canonical":""},"_links":{"self":[{"href":"https:\/\/exceladvisor.org\/tr\/wp-json\/wp\/v2\/pages\/1593","targetHints":{"allow":["GET"]}}],"collection":[{"href":"https:\/\/exceladvisor.org\/tr\/wp-json\/wp\/v2\/pages"}],"about":[{"href":"https:\/\/exceladvisor.org\/tr\/wp-json\/wp\/v2\/types\/page"}],"author":[{"embeddable":true,"href":"https:\/\/exceladvisor.org\/tr\/wp-json\/wp\/v2\/users\/1"}],"replies":[{"embeddable":true,"href":"https:\/\/exceladvisor.org\/tr\/wp-json\/wp\/v2\/comments?post=1593"}],"version-history":[{"count":1,"href":"https:\/\/exceladvisor.org\/tr\/wp-json\/wp\/v2\/pages\/1593\/revisions"}],"predecessor-version":[{"id":2279,"href":"https:\/\/exceladvisor.org\/tr\/wp-json\/wp\/v2\/pages\/1593\/revisions\/2279"}],"wp:attachment":[{"href":"https:\/\/exceladvisor.org\/tr\/wp-json\/wp\/v2\/media?parent=1593"}],"curies":[{"name":"wp","href":"https:\/\/api.w.org\/{rel}","templated":true}]}}