{"id":1594,"date":"2023-11-15T20:03:44","date_gmt":"2023-11-15T20:03:44","guid":{"rendered":"https:\/\/exceladvisor.org\/tr\/silmek\/"},"modified":"2023-12-10T06:01:01","modified_gmt":"2023-12-10T06:01:01","slug":"silmek","status":"publish","type":"page","link":"https:\/\/exceladvisor.org\/tr\/silmek\/","title":{"rendered":"Excel&#39;de h\u00fccre de\u011ferleri nas\u0131l silinir?"},"content":{"rendered":"<div class=\"excel-icerikten-once\" id=\"excel-1295114318\"><script type=\"text\/javascript\">\r\n\tatOptions = {\r\n\t\t'key' : 'c1158f160081d6540a8409e6925dab94',\r\n\t\t'format' : 'iframe',\r\n\t\t'height' : 250,\r\n\t\t'width' : 300,\r\n\t\t'params' : {}\r\n\t};\r\n<\/script>\r\n<script type=\"text\/javascript\" src=\"\/\/www.highperformanceformat.com\/c1158f160081d6540a8409e6925dab94\/invoke.js\"><\/script><\/div> <p>H\u00fccre de\u011ferlerini silmenin en h\u0131zl\u0131 yolu klavyedeki \u201cSil\u201d tu\u015funu kullanmakt\u0131r. Kullan\u0131c\u0131lar \u201cSil\u201d klavye k\u0131sayol tu\u015funu kullanarak h\u00fccrelere girilen de\u011ferleri tamamen silebilir ve h\u00fccreleri bo\u015f hale getirebilirler.<\/p><p> Veya bazen kullan\u0131c\u0131lar h\u00fccreye girilen de\u011ferin yanl\u0131\u015f yaz\u0131ld\u0131\u011f\u0131n\u0131 veya fazladan bir de\u011ferle girildi\u011fini fark ederler ve bu fazladan karakterleri veya de\u011feri kald\u0131rmak i\u00e7in &#8220;Sil&#8221; klavye k\u0131sayol tu\u015funu kullanarak de\u011feri d\u00fczeltebilirler.<\/p><h2 class=\"wp-block-heading\"> Excel&#8217;de silmek i\u00e7in klavye k\u0131sayolu<\/h2><p> De\u011ferleri silmek i\u00e7in kullan\u0131lan klavye k\u0131sayolu a\u015fa\u011f\u0131da belirtilmi\u015ftir:<\/p><p> <kbd>S\u0130LMEK<\/kbd> <\/p><div class=\"wp-block-image\"><figure class=\"aligncenter size-full is-resized\"><img loading=\"lazy\" decoding=\"async\" class=\"wp-image-74576\" src=\"https:\/\/exceladvisor.org\/wp-content\/uploads\/2023\/08\/1-touche-de-suppression-du-clavier.png\" sizes=\"auto, \" srcset=\"\" alt=\"klavyeyi sil\" width=\"839\" height=\"329\"><\/figure><\/div><h2 class=\"wp-block-heading\"> Klavye k\u0131sayolu kullanarak de\u011ferleri silme ad\u0131mlar\u0131<\/h2><ol><li> \u00d6ncelikle de\u011ferlerini kald\u0131rmak istedi\u011finiz h\u00fccreyi\/h\u00fccreleri se\u00e7in. <br><img decoding=\"async\" title=\"2 h\u00fccreli se\u00e7im\" src=\"https:\/\/exceladvisor.org\/wp-content\/uploads\/2023\/08\/2-selection-de-cellules.png\" sizes=\"\" srcset=\"\" alt=\"selection-of-cells\"><\/li><li> Se\u00e7ildikten sonra klavyedeki \u201cSil\u201d tu\u015funa basman\u0131z yeterlidir; de\u011ferler silinecek ve h\u00fccreler bo\u015falacakt\u0131r. <br><img decoding=\"async\" title=\"3-de\u011fer-silme-h\u00fccreleri\" src=\"https:\/\/exceladvisor.org\/wp-content\/uploads\/2023\/08\/3-valeurs-supprimees-des-cellules.png\" sizes=\"\" srcset=\"\" alt=\"values-delete-from-cells\"><\/li><li> Veya \u201cFn + F2\u201d tu\u015flar\u0131n\u0131 kullanarak d\u00fczenleme modunda h\u00fccreyi se\u00e7in ve imleci silmek istedi\u011finiz karakterin soluna getirin. <br><img loading=\"lazy\" decoding=\"async\" title=\"D\u00fczenleme modunda 4 h\u00fccre\" src=\"https:\/\/exceladvisor.org\/wp-content\/uploads\/2023\/08\/4-cellules-en-mode-edition.png\" sizes=\"auto, \" srcset=\"\" alt=\"cell-in-edit-mode\" width=\"539\" height=\"229\"><\/li><li> \u0130\u015finiz bitti\u011finde, \u201cSil\u201d tu\u015funa bas\u0131n; bu, imlecin sa\u011f\u0131na yaz\u0131lan tek bir karakteri siler.<\/li><li> Birden fazla karakteri silmek i\u00e7in \u201cSil\u201d tu\u015funa birka\u00e7 kez bas\u0131n. <br><img loading=\"lazy\" decoding=\"async\" title=\"5-de\u011fer karakterini kald\u0131r\" src=\"https:\/\/exceladvisor.org\/wp-content\/uploads\/2023\/08\/5-supprimer-le-caractere-de-la-valeur.png\" sizes=\"auto, \" srcset=\"\" alt=\"delete-character-from-value\" width=\"547\" height=\"234\"><\/li><\/ol><p> Yukar\u0131daki g\u00f6rselde \u201cSil\u201d tu\u015funa bast\u0131\u011f\u0131m\u0131zda Excel\u2019in imlecin sa\u011f\u0131nda yer alan \u201ct\u201d karakterini sildi\u011fini g\u00f6rebilirsiniz. <\/p><div class=\"wp-block-group more-tutorials is-layout-flow\"><div class=\"wp-block-group__inner-container\"><h2 class=\"wp-block-heading\"> Daha fazla k\u0131sayol <\/h2><div class=\"wp-block-columns is-layout-flex wp-container-122\"><div class=\"wp-block-column is-layout-flow\"><ul><li> <a href=\"https:\/\/exceladvisor.org\/tr\/filtre-1\/\">Filtreyi uygula ve kald\u0131r<\/a><\/li><li> <a href=\"https:\/\/exceladvisor.org\/tr\/otomatik-toplam-2\/\">Otomatik toplam<\/a><\/li><li> <a href=\"https:\/\/exceladvisor.org\/tr\/icerigi-temizle\/\">\u0130\u00e7eri\u011fi temizle<\/a><\/li><\/ul><\/div><div class=\"wp-block-column is-layout-flow\"><ul><li> <a href=\"https:\/\/exceladvisor.org\/tr\/kayip-dusmek\/\">A\u015fag\u0131 kayd\u0131r<\/a><\/li><li> <a href=\"https:\/\/exceladvisor.org\/tr\/formulleri-goster\/\">Form\u00fclleri g\u00f6ster<\/a><\/li><\/ul><\/div><\/div><p> \u21e0 <a href=\"https:\/\/exceladvisor.org\/tr\/klavye-kisayollari\/\">Excel k\u0131sayollar\u0131na geri d\u00f6n\u00fcn (PDF kopya sayfas\u0131)<\/a><\/p><\/div><\/div>","protected":false},"excerpt":{"rendered":"","protected":false},"author":1,"featured_media":0,"parent":0,"menu_order":0,"comment_status":"open","ping_status":"closed","template":"","meta":{"ub_ctt_via":"","footnotes":""},"class_list":["post-1594","page","type-page","status-publish","hentry"],"featured_image_src":null,"yoast_head":"<!-- This site is optimized with the Yoast SEO plugin v25.4 - https:\/\/yoast.com\/wordpress\/plugins\/seo\/ -->\n<title>\u25b7 Excel&#039;de h\u00fccre de\u011ferleri nas\u0131l silinir?<\/title>\n<meta name=\"description\" content=\"Bu derste, bir h\u00fccredeki veya birka\u00e7 h\u00fccre aral\u0131\u011f\u0131ndaki de\u011ferleri silmek i\u00e7in klavye k\u0131sayolunun nas\u0131l kullan\u0131laca\u011f\u0131n\u0131 \u00f6\u011frenece\u011fiz.\" \/>\n<meta name=\"robots\" content=\"index, follow, max-snippet:-1, max-image-preview:large, max-video-preview:-1\" \/>\n<link rel=\"canonical\" href=\"https:\/\/exceladvisor.org\/tr\/silmek\/\" \/>\n<meta property=\"og:locale\" content=\"tr_TR\" \/>\n<meta property=\"og:type\" content=\"article\" \/>\n<meta property=\"og:title\" content=\"\u25b7 Excel&#039;de h\u00fccre de\u011ferleri nas\u0131l silinir?\" \/>\n<meta property=\"og:description\" content=\"Bu derste, bir h\u00fccredeki veya birka\u00e7 h\u00fccre aral\u0131\u011f\u0131ndaki de\u011ferleri silmek i\u00e7in klavye k\u0131sayolunun nas\u0131l kullan\u0131laca\u011f\u0131n\u0131 \u00f6\u011frenece\u011fiz.\" \/>\n<meta property=\"og:url\" content=\"https:\/\/exceladvisor.org\/tr\/silmek\/\" \/>\n<meta property=\"og:site_name\" content=\"Excel Advisor\" \/>\n<meta property=\"article:modified_time\" content=\"2023-12-10T06:01:01+00:00\" \/>\n<meta property=\"og:image\" content=\"https:\/\/exceladvisor.org\/wp-content\/uploads\/2023\/08\/1-touche-de-suppression-du-clavier.png\" \/>\n<meta name=\"twitter:card\" content=\"summary_large_image\" \/>\n<meta name=\"twitter:label1\" content=\"Tahmini okuma s\u00fcresi\" \/>\n\t<meta name=\"twitter:data1\" content=\"1 dakika\" \/>\n<script type=\"application\/ld+json\" class=\"yoast-schema-graph\">{\"@context\":\"https:\/\/schema.org\",\"@graph\":[{\"@type\":\"WebPage\",\"@id\":\"https:\/\/exceladvisor.org\/tr\/silmek\/\",\"url\":\"https:\/\/exceladvisor.org\/tr\/silmek\/\",\"name\":\"\u25b7 Excel&#39;de h\u00fccre de\u011ferleri nas\u0131l silinir?\",\"isPartOf\":{\"@id\":\"https:\/\/exceladvisor.org\/tr\/#website\"},\"primaryImageOfPage\":{\"@id\":\"https:\/\/exceladvisor.org\/tr\/silmek\/#primaryimage\"},\"image\":{\"@id\":\"https:\/\/exceladvisor.org\/tr\/silmek\/#primaryimage\"},\"thumbnailUrl\":\"https:\/\/exceladvisor.org\/wp-content\/uploads\/2023\/08\/1-touche-de-suppression-du-clavier.png\",\"datePublished\":\"2023-11-15T20:03:44+00:00\",\"dateModified\":\"2023-12-10T06:01:01+00:00\",\"description\":\"Bu derste, bir h\u00fccredeki veya birka\u00e7 h\u00fccre aral\u0131\u011f\u0131ndaki de\u011ferleri silmek i\u00e7in klavye k\u0131sayolunun nas\u0131l kullan\u0131laca\u011f\u0131n\u0131 \u00f6\u011frenece\u011fiz.\",\"breadcrumb\":{\"@id\":\"https:\/\/exceladvisor.org\/tr\/silmek\/#breadcrumb\"},\"inLanguage\":\"tr\",\"potentialAction\":[{\"@type\":\"ReadAction\",\"target\":[\"https:\/\/exceladvisor.org\/tr\/silmek\/\"]}]},{\"@type\":\"ImageObject\",\"inLanguage\":\"tr\",\"@id\":\"https:\/\/exceladvisor.org\/tr\/silmek\/#primaryimage\",\"url\":\"https:\/\/exceladvisor.org\/wp-content\/uploads\/2023\/08\/1-touche-de-suppression-du-clavier.png\",\"contentUrl\":\"https:\/\/exceladvisor.org\/wp-content\/uploads\/2023\/08\/1-touche-de-suppression-du-clavier.png\"},{\"@type\":\"BreadcrumbList\",\"@id\":\"https:\/\/exceladvisor.org\/tr\/silmek\/#breadcrumb\",\"itemListElement\":[{\"@type\":\"ListItem\",\"position\":1,\"name\":\"Ev\",\"item\":\"https:\/\/exceladvisor.org\/tr\/\"},{\"@type\":\"ListItem\",\"position\":2,\"name\":\"Excel&#39;de h\u00fccre de\u011ferleri nas\u0131l silinir?\"}]},{\"@type\":\"WebSite\",\"@id\":\"https:\/\/exceladvisor.org\/tr\/#website\",\"url\":\"https:\/\/exceladvisor.org\/tr\/\",\"name\":\"Excel Advisor\",\"description\":\"Veri hakimiyetine y\u00f6nelik nihai rehberiniz!\",\"publisher\":{\"@id\":\"https:\/\/exceladvisor.org\/tr\/#organization\"},\"potentialAction\":[{\"@type\":\"SearchAction\",\"target\":{\"@type\":\"EntryPoint\",\"urlTemplate\":\"https:\/\/exceladvisor.org\/tr\/?s={search_term_string}\"},\"query-input\":{\"@type\":\"PropertyValueSpecification\",\"valueRequired\":true,\"valueName\":\"search_term_string\"}}],\"inLanguage\":\"tr\"},{\"@type\":\"Organization\",\"@id\":\"https:\/\/exceladvisor.org\/tr\/#organization\",\"name\":\"Excel Advisor\",\"url\":\"https:\/\/exceladvisor.org\/tr\/\",\"logo\":{\"@type\":\"ImageObject\",\"inLanguage\":\"tr\",\"@id\":\"https:\/\/exceladvisor.org\/tr\/#\/schema\/logo\/image\/\",\"url\":\"https:\/\/exceladvisor.org\/tr\/wp-content\/uploads\/2023\/12\/exceladvisor.org_.png\",\"contentUrl\":\"https:\/\/exceladvisor.org\/tr\/wp-content\/uploads\/2023\/12\/exceladvisor.org_.png\",\"width\":105,\"height\":36,\"caption\":\"Excel Advisor\"},\"image\":{\"@id\":\"https:\/\/exceladvisor.org\/tr\/#\/schema\/logo\/image\/\"}}]}<\/script>\n<!-- \/ Yoast SEO plugin. -->","yoast_head_json":{"title":"\u25b7 Excel&#39;de h\u00fccre de\u011ferleri nas\u0131l silinir?","description":"Bu derste, bir h\u00fccredeki veya birka\u00e7 h\u00fccre aral\u0131\u011f\u0131ndaki de\u011ferleri silmek i\u00e7in klavye k\u0131sayolunun nas\u0131l kullan\u0131laca\u011f\u0131n\u0131 \u00f6\u011frenece\u011fiz.","robots":{"index":"index","follow":"follow","max-snippet":"max-snippet:-1","max-image-preview":"max-image-preview:large","max-video-preview":"max-video-preview:-1"},"canonical":"https:\/\/exceladvisor.org\/tr\/silmek\/","og_locale":"tr_TR","og_type":"article","og_title":"\u25b7 Excel&#39;de h\u00fccre de\u011ferleri nas\u0131l silinir?","og_description":"Bu derste, bir h\u00fccredeki veya birka\u00e7 h\u00fccre aral\u0131\u011f\u0131ndaki de\u011ferleri silmek i\u00e7in klavye k\u0131sayolunun nas\u0131l kullan\u0131laca\u011f\u0131n\u0131 \u00f6\u011frenece\u011fiz.","og_url":"https:\/\/exceladvisor.org\/tr\/silmek\/","og_site_name":"Excel Advisor","article_modified_time":"2023-12-10T06:01:01+00:00","og_image":[{"url":"https:\/\/exceladvisor.org\/wp-content\/uploads\/2023\/08\/1-touche-de-suppression-du-clavier.png","type":"","width":"","height":""}],"twitter_card":"summary_large_image","twitter_misc":{"Tahmini okuma s\u00fcresi":"1 dakika"},"schema":{"@context":"https:\/\/schema.org","@graph":[{"@type":"WebPage","@id":"https:\/\/exceladvisor.org\/tr\/silmek\/","url":"https:\/\/exceladvisor.org\/tr\/silmek\/","name":"\u25b7 Excel&#39;de h\u00fccre de\u011ferleri nas\u0131l silinir?","isPartOf":{"@id":"https:\/\/exceladvisor.org\/tr\/#website"},"primaryImageOfPage":{"@id":"https:\/\/exceladvisor.org\/tr\/silmek\/#primaryimage"},"image":{"@id":"https:\/\/exceladvisor.org\/tr\/silmek\/#primaryimage"},"thumbnailUrl":"https:\/\/exceladvisor.org\/wp-content\/uploads\/2023\/08\/1-touche-de-suppression-du-clavier.png","datePublished":"2023-11-15T20:03:44+00:00","dateModified":"2023-12-10T06:01:01+00:00","description":"Bu derste, bir h\u00fccredeki veya birka\u00e7 h\u00fccre aral\u0131\u011f\u0131ndaki de\u011ferleri silmek i\u00e7in klavye k\u0131sayolunun nas\u0131l kullan\u0131laca\u011f\u0131n\u0131 \u00f6\u011frenece\u011fiz.","breadcrumb":{"@id":"https:\/\/exceladvisor.org\/tr\/silmek\/#breadcrumb"},"inLanguage":"tr","potentialAction":[{"@type":"ReadAction","target":["https:\/\/exceladvisor.org\/tr\/silmek\/"]}]},{"@type":"ImageObject","inLanguage":"tr","@id":"https:\/\/exceladvisor.org\/tr\/silmek\/#primaryimage","url":"https:\/\/exceladvisor.org\/wp-content\/uploads\/2023\/08\/1-touche-de-suppression-du-clavier.png","contentUrl":"https:\/\/exceladvisor.org\/wp-content\/uploads\/2023\/08\/1-touche-de-suppression-du-clavier.png"},{"@type":"BreadcrumbList","@id":"https:\/\/exceladvisor.org\/tr\/silmek\/#breadcrumb","itemListElement":[{"@type":"ListItem","position":1,"name":"Ev","item":"https:\/\/exceladvisor.org\/tr\/"},{"@type":"ListItem","position":2,"name":"Excel&#39;de h\u00fccre de\u011ferleri nas\u0131l silinir?"}]},{"@type":"WebSite","@id":"https:\/\/exceladvisor.org\/tr\/#website","url":"https:\/\/exceladvisor.org\/tr\/","name":"Excel Advisor","description":"Veri hakimiyetine y\u00f6nelik nihai rehberiniz!","publisher":{"@id":"https:\/\/exceladvisor.org\/tr\/#organization"},"potentialAction":[{"@type":"SearchAction","target":{"@type":"EntryPoint","urlTemplate":"https:\/\/exceladvisor.org\/tr\/?s={search_term_string}"},"query-input":{"@type":"PropertyValueSpecification","valueRequired":true,"valueName":"search_term_string"}}],"inLanguage":"tr"},{"@type":"Organization","@id":"https:\/\/exceladvisor.org\/tr\/#organization","name":"Excel Advisor","url":"https:\/\/exceladvisor.org\/tr\/","logo":{"@type":"ImageObject","inLanguage":"tr","@id":"https:\/\/exceladvisor.org\/tr\/#\/schema\/logo\/image\/","url":"https:\/\/exceladvisor.org\/tr\/wp-content\/uploads\/2023\/12\/exceladvisor.org_.png","contentUrl":"https:\/\/exceladvisor.org\/tr\/wp-content\/uploads\/2023\/12\/exceladvisor.org_.png","width":105,"height":36,"caption":"Excel Advisor"},"image":{"@id":"https:\/\/exceladvisor.org\/tr\/#\/schema\/logo\/image\/"}}]}},"yoast_meta":{"yoast_wpseo_title":"","yoast_wpseo_metadesc":"","yoast_wpseo_canonical":""},"_links":{"self":[{"href":"https:\/\/exceladvisor.org\/tr\/wp-json\/wp\/v2\/pages\/1594","targetHints":{"allow":["GET"]}}],"collection":[{"href":"https:\/\/exceladvisor.org\/tr\/wp-json\/wp\/v2\/pages"}],"about":[{"href":"https:\/\/exceladvisor.org\/tr\/wp-json\/wp\/v2\/types\/page"}],"author":[{"embeddable":true,"href":"https:\/\/exceladvisor.org\/tr\/wp-json\/wp\/v2\/users\/1"}],"replies":[{"embeddable":true,"href":"https:\/\/exceladvisor.org\/tr\/wp-json\/wp\/v2\/comments?post=1594"}],"version-history":[{"count":1,"href":"https:\/\/exceladvisor.org\/tr\/wp-json\/wp\/v2\/pages\/1594\/revisions"}],"predecessor-version":[{"id":2457,"href":"https:\/\/exceladvisor.org\/tr\/wp-json\/wp\/v2\/pages\/1594\/revisions\/2457"}],"wp:attachment":[{"href":"https:\/\/exceladvisor.org\/tr\/wp-json\/wp\/v2\/media?parent=1594"}],"curies":[{"name":"wp","href":"https:\/\/api.w.org\/{rel}","templated":true}]}}