{"id":1595,"date":"2023-11-15T18:44:47","date_gmt":"2023-11-15T18:44:47","guid":{"rendered":"https:\/\/exceladvisor.org\/tr\/kes-ve-yapistir\/"},"modified":"2023-12-10T06:01:26","modified_gmt":"2023-12-10T06:01:26","slug":"kes-ve-yapistir","status":"publish","type":"page","link":"https:\/\/exceladvisor.org\/tr\/kes-ve-yapistir\/","title":{"rendered":"Excel&#39;de kesme ve yap\u0131\u015ft\u0131rma nas\u0131l yap\u0131l\u0131r?"},"content":{"rendered":"<div class=\"excel-icerikten-once\" id=\"excel-1307240253\"><script type=\"text\/javascript\">\r\n\tatOptions = {\r\n\t\t'key' : 'c1158f160081d6540a8409e6925dab94',\r\n\t\t'format' : 'iframe',\r\n\t\t'height' : 250,\r\n\t\t'width' : 300,\r\n\t\t'params' : {}\r\n\t};\r\n<\/script>\r\n<script type=\"text\/javascript\" src=\"\/\/www.highperformanceformat.com\/c1158f160081d6540a8409e6925dab94\/invoke.js\"><\/script><\/div> <p>Excel&#8217;de kopyala yap\u0131\u015ft\u0131r fonksiyonu ile kullan\u0131c\u0131 yaln\u0131zca bir yerden veriyi kopyalay\u0131p ba\u015fka bir yere yap\u0131\u015ft\u0131rabilir, bu da yap\u0131\u015ft\u0131rma sonras\u0131 verinin her iki yerde de mevcut olaca\u011f\u0131 anlam\u0131na gelir.<\/p><p> Ancak kesme i\u015flevi, veriyi bulundu\u011fu yerden kesip ba\u015fka bir yere ta\u015f\u0131mak i\u00e7in kullan\u0131l\u0131r; bu, verileri ta\u015f\u0131mak i\u00e7in kesme se\u00e7ene\u011fini kulland\u0131\u011f\u0131n\u0131zda, verileri kesti\u011finiz h\u00fccre(ler) yap\u0131\u015ft\u0131rd\u0131ktan sonra bo\u015falacakt\u0131r. bu veriler ba\u015fka yerde.<\/p><p> Bu dersimizde verileri bir yerden ba\u015fka bir yere kesip yap\u0131\u015ft\u0131rmak i\u00e7in klavye k\u0131sayolunun nas\u0131l kullan\u0131laca\u011f\u0131n\u0131 anlatt\u0131k.<\/p><h2 class=\"wp-block-heading\"> Excel&#8217;de kesmek ve yap\u0131\u015ft\u0131rmak i\u00e7in klavye k\u0131sayolu<\/h2><p> <kbd>Ctrl<\/kbd> + <kbd>X<\/kbd> <\/p><div class=\"wp-block-image\"><figure class=\"aligncenter size-full is-resized\"><img loading=\"lazy\" decoding=\"async\" class=\"wp-image-69429\" src=\"https:\/\/exceladvisor.org\/wp-content\/uploads\/2023\/08\/1-couper-le-raccourci-clavier.png\" sizes=\"auto, \" srcset=\"\" alt=\"k\u0131sayol-klavye-k\u0131sayol\" width=\"812\" height=\"318\"><\/figure><\/div><p> <kbd>Ctrl<\/kbd> + <kbd>V<\/kbd> veya <kbd>Enter<\/kbd> <\/p><div class=\"wp-block-image\"><figure class=\"aligncenter size-full is-resized\"><img loading=\"lazy\" decoding=\"async\" class=\"wp-image-69430\" src=\"https:\/\/exceladvisor.org\/wp-content\/uploads\/2023\/08\/2-coller-le-raccourci-clavier.png\" sizes=\"auto, \" srcset=\"\" alt=\"k\u0131sayol klavye yap\u0131\u015ft\u0131rma\" width=\"810\" height=\"318\"><\/figure><\/div><h2 class=\"wp-block-heading\"> Klavye K\u0131sayolunu Kullanarak Kesme ve Yap\u0131\u015ft\u0131rma Ad\u0131mlar\u0131<\/h2><ul><li> \u00d6ncelikle veriyi kesmek istedi\u011finiz h\u00fccreye gidin veya h\u00fccre aral\u0131\u011f\u0131n\u0131 se\u00e7in ve ard\u0131ndan \u201cCtrl + X\u201d tu\u015flar\u0131na bas\u0131n. <br><img decoding=\"async\" title=\"Klavye k\u0131sayolunu kullanan 3 h\u00fccreli kesim\" src=\"https:\/\/exceladvisor.org\/wp-content\/uploads\/2023\/08\/3-cellules-coupees-a-laide-dun-raccourci-clavier.png\" sizes=\"\" srcset=\"\" alt=\"cut-cells-using-keyboard-shortcut\"><\/li><li> Daha sonra bu verileri ta\u015f\u0131mak istedi\u011finiz h\u00fccreye gidin ve \u201cEnter\u201d tu\u015funa veya \u201cCtrl + V\u201d tu\u015flar\u0131na bas\u0131n, verileriniz oraya ta\u015f\u0131nacakt\u0131r. <br><img decoding=\"async\" title=\"4-kesim verilerini yap\u0131\u015ft\u0131r\u0131n\" src=\"https:\/\/exceladvisor.org\/wp-content\/uploads\/2023\/08\/4-coller-les-donnees-coupees.png\" sizes=\"\" srcset=\"\" alt=\"paste-the-cut-data\"><\/li><\/ul><p> Yukar\u0131daki g\u00f6rselde &#8220;F2&#8221; h\u00fccresinde &#8220;Enter&#8221; veya &#8220;Ctrl + V&#8221; tu\u015funa bast\u0131\u011f\u0131m\u0131zda verilerin oraya ta\u015f\u0131nd\u0131\u011f\u0131n\u0131 ve verilerden kopyalad\u0131\u011f\u0131m\u0131z h\u00fccrelerin bo\u015fald\u0131\u011f\u0131n\u0131, bu da verilerin silindi\u011fini g\u00f6stermektedir. bir yerden di\u011ferine ta\u015f\u0131nd\u0131. <\/p><div class=\"wp-block-group more-tutorials is-layout-flow\"><div class=\"wp-block-group__inner-container\"><h2 class=\"wp-block-heading\"> Daha fazla e\u011fitim <\/h2><div class=\"wp-block-columns is-layout-flex wp-container-15\"><div class=\"wp-block-column is-layout-flow\"><ul><li> <a href=\"https:\/\/exceladvisor.org\/tr\/mutlak-referans\/\">Mutlak referans<\/a><\/li><li> <a href=\"https:\/\/exceladvisor.org\/tr\/kopyala-yapistir\/\">Kopyala ve yap\u0131\u015ft\u0131r<\/a><\/li><li> H\u00fccreleri kilitle<\/li><\/ul><\/div><div class=\"wp-block-column is-layout-flow\"><ul><li> <a href=\"https:\/\/exceladvisor.org\/tr\/degerleri-yapistir\/\">De\u011ferleri yap\u0131\u015ft\u0131r<\/a><\/li><li> <a href=\"https:\/\/exceladvisor.org\/tr\/bir-satir-sec\/\">Bir sat\u0131r se\u00e7in<\/a><\/li><li> <a href=\"https:\/\/exceladvisor.org\/tr\/devrik-2\/\">Transpoze<\/a><\/li><\/ul><\/div><\/div><p> \u21e0 <a href=\"https:\/\/exceladvisor.org\/tr\/klavye-kisayollari\/\">Excel k\u0131sayollar\u0131na geri d\u00f6n\u00fcn (PDF kopya sayfas\u0131)<\/a><\/p><\/div><\/div>","protected":false},"excerpt":{"rendered":"","protected":false},"author":1,"featured_media":0,"parent":0,"menu_order":0,"comment_status":"open","ping_status":"closed","template":"","meta":{"ub_ctt_via":"","footnotes":""},"class_list":["post-1595","page","type-page","status-publish","hentry"],"featured_image_src":null,"yoast_head":"<!-- This site is optimized with the Yoast SEO plugin v25.4 - https:\/\/yoast.com\/wordpress\/plugins\/seo\/ -->\n<title>\u25b7Excel&#039;de kesme ve yap\u0131\u015ft\u0131rma nas\u0131l yap\u0131l\u0131r? (Excel k\u0131sayolu)<\/title>\n<meta name=\"description\" content=\"Bu e\u011fitimde, Excel&#039;de kopyalama ve yap\u0131\u015ft\u0131rma i\u015flemlerini uygulamak i\u00e7in klavye k\u0131sayolunu nas\u0131l kullanaca\u011f\u0131n\u0131z\u0131 \u00f6\u011freneceksiniz. \u015eimdi bu k\u0131sayol\" \/>\n<meta name=\"robots\" content=\"index, follow, max-snippet:-1, max-image-preview:large, max-video-preview:-1\" \/>\n<link rel=\"canonical\" href=\"https:\/\/exceladvisor.org\/tr\/kes-ve-yapistir\/\" \/>\n<meta property=\"og:locale\" content=\"tr_TR\" \/>\n<meta property=\"og:type\" content=\"article\" \/>\n<meta property=\"og:title\" content=\"\u25b7Excel&#039;de kesme ve yap\u0131\u015ft\u0131rma nas\u0131l yap\u0131l\u0131r? (Excel k\u0131sayolu)\" \/>\n<meta property=\"og:description\" content=\"Bu e\u011fitimde, Excel&#039;de kopyalama ve yap\u0131\u015ft\u0131rma i\u015flemlerini uygulamak i\u00e7in klavye k\u0131sayolunu nas\u0131l kullanaca\u011f\u0131n\u0131z\u0131 \u00f6\u011freneceksiniz. \u015eimdi bu k\u0131sayol\" \/>\n<meta property=\"og:url\" content=\"https:\/\/exceladvisor.org\/tr\/kes-ve-yapistir\/\" \/>\n<meta property=\"og:site_name\" content=\"Excel Advisor\" \/>\n<meta property=\"article:modified_time\" content=\"2023-12-10T06:01:26+00:00\" \/>\n<meta property=\"og:image\" content=\"https:\/\/exceladvisor.org\/wp-content\/uploads\/2023\/08\/1-couper-le-raccourci-clavier.png\" \/>\n<meta name=\"twitter:card\" content=\"summary_large_image\" \/>\n<meta name=\"twitter:label1\" content=\"Tahmini okuma s\u00fcresi\" \/>\n\t<meta name=\"twitter:data1\" content=\"1 dakika\" \/>\n<script type=\"application\/ld+json\" class=\"yoast-schema-graph\">{\"@context\":\"https:\/\/schema.org\",\"@graph\":[{\"@type\":\"WebPage\",\"@id\":\"https:\/\/exceladvisor.org\/tr\/kes-ve-yapistir\/\",\"url\":\"https:\/\/exceladvisor.org\/tr\/kes-ve-yapistir\/\",\"name\":\"\u25b7Excel&#39;de kesme ve yap\u0131\u015ft\u0131rma nas\u0131l yap\u0131l\u0131r? (Excel k\u0131sayolu)\",\"isPartOf\":{\"@id\":\"https:\/\/exceladvisor.org\/tr\/#website\"},\"primaryImageOfPage\":{\"@id\":\"https:\/\/exceladvisor.org\/tr\/kes-ve-yapistir\/#primaryimage\"},\"image\":{\"@id\":\"https:\/\/exceladvisor.org\/tr\/kes-ve-yapistir\/#primaryimage\"},\"thumbnailUrl\":\"https:\/\/exceladvisor.org\/wp-content\/uploads\/2023\/08\/1-couper-le-raccourci-clavier.png\",\"datePublished\":\"2023-11-15T18:44:47+00:00\",\"dateModified\":\"2023-12-10T06:01:26+00:00\",\"description\":\"Bu e\u011fitimde, Excel&#39;de kopyalama ve yap\u0131\u015ft\u0131rma i\u015flemlerini uygulamak i\u00e7in klavye k\u0131sayolunu nas\u0131l kullanaca\u011f\u0131n\u0131z\u0131 \u00f6\u011freneceksiniz. \u015eimdi bu k\u0131sayol\",\"breadcrumb\":{\"@id\":\"https:\/\/exceladvisor.org\/tr\/kes-ve-yapistir\/#breadcrumb\"},\"inLanguage\":\"tr\",\"potentialAction\":[{\"@type\":\"ReadAction\",\"target\":[\"https:\/\/exceladvisor.org\/tr\/kes-ve-yapistir\/\"]}]},{\"@type\":\"ImageObject\",\"inLanguage\":\"tr\",\"@id\":\"https:\/\/exceladvisor.org\/tr\/kes-ve-yapistir\/#primaryimage\",\"url\":\"https:\/\/exceladvisor.org\/wp-content\/uploads\/2023\/08\/1-couper-le-raccourci-clavier.png\",\"contentUrl\":\"https:\/\/exceladvisor.org\/wp-content\/uploads\/2023\/08\/1-couper-le-raccourci-clavier.png\"},{\"@type\":\"BreadcrumbList\",\"@id\":\"https:\/\/exceladvisor.org\/tr\/kes-ve-yapistir\/#breadcrumb\",\"itemListElement\":[{\"@type\":\"ListItem\",\"position\":1,\"name\":\"Ev\",\"item\":\"https:\/\/exceladvisor.org\/tr\/\"},{\"@type\":\"ListItem\",\"position\":2,\"name\":\"Excel&#39;de kesme ve yap\u0131\u015ft\u0131rma nas\u0131l yap\u0131l\u0131r?\"}]},{\"@type\":\"WebSite\",\"@id\":\"https:\/\/exceladvisor.org\/tr\/#website\",\"url\":\"https:\/\/exceladvisor.org\/tr\/\",\"name\":\"Excel Advisor\",\"description\":\"Veri hakimiyetine y\u00f6nelik nihai rehberiniz!\",\"publisher\":{\"@id\":\"https:\/\/exceladvisor.org\/tr\/#organization\"},\"potentialAction\":[{\"@type\":\"SearchAction\",\"target\":{\"@type\":\"EntryPoint\",\"urlTemplate\":\"https:\/\/exceladvisor.org\/tr\/?s={search_term_string}\"},\"query-input\":{\"@type\":\"PropertyValueSpecification\",\"valueRequired\":true,\"valueName\":\"search_term_string\"}}],\"inLanguage\":\"tr\"},{\"@type\":\"Organization\",\"@id\":\"https:\/\/exceladvisor.org\/tr\/#organization\",\"name\":\"Excel Advisor\",\"url\":\"https:\/\/exceladvisor.org\/tr\/\",\"logo\":{\"@type\":\"ImageObject\",\"inLanguage\":\"tr\",\"@id\":\"https:\/\/exceladvisor.org\/tr\/#\/schema\/logo\/image\/\",\"url\":\"https:\/\/exceladvisor.org\/tr\/wp-content\/uploads\/2023\/12\/exceladvisor.org_.png\",\"contentUrl\":\"https:\/\/exceladvisor.org\/tr\/wp-content\/uploads\/2023\/12\/exceladvisor.org_.png\",\"width\":105,\"height\":36,\"caption\":\"Excel Advisor\"},\"image\":{\"@id\":\"https:\/\/exceladvisor.org\/tr\/#\/schema\/logo\/image\/\"}}]}<\/script>\n<!-- \/ Yoast SEO plugin. -->","yoast_head_json":{"title":"\u25b7Excel&#39;de kesme ve yap\u0131\u015ft\u0131rma nas\u0131l yap\u0131l\u0131r? (Excel k\u0131sayolu)","description":"Bu e\u011fitimde, Excel&#39;de kopyalama ve yap\u0131\u015ft\u0131rma i\u015flemlerini uygulamak i\u00e7in klavye k\u0131sayolunu nas\u0131l kullanaca\u011f\u0131n\u0131z\u0131 \u00f6\u011freneceksiniz. \u015eimdi bu k\u0131sayol","robots":{"index":"index","follow":"follow","max-snippet":"max-snippet:-1","max-image-preview":"max-image-preview:large","max-video-preview":"max-video-preview:-1"},"canonical":"https:\/\/exceladvisor.org\/tr\/kes-ve-yapistir\/","og_locale":"tr_TR","og_type":"article","og_title":"\u25b7Excel&#39;de kesme ve yap\u0131\u015ft\u0131rma nas\u0131l yap\u0131l\u0131r? (Excel k\u0131sayolu)","og_description":"Bu e\u011fitimde, Excel&#39;de kopyalama ve yap\u0131\u015ft\u0131rma i\u015flemlerini uygulamak i\u00e7in klavye k\u0131sayolunu nas\u0131l kullanaca\u011f\u0131n\u0131z\u0131 \u00f6\u011freneceksiniz. \u015eimdi bu k\u0131sayol","og_url":"https:\/\/exceladvisor.org\/tr\/kes-ve-yapistir\/","og_site_name":"Excel Advisor","article_modified_time":"2023-12-10T06:01:26+00:00","og_image":[{"url":"https:\/\/exceladvisor.org\/wp-content\/uploads\/2023\/08\/1-couper-le-raccourci-clavier.png","type":"","width":"","height":""}],"twitter_card":"summary_large_image","twitter_misc":{"Tahmini okuma s\u00fcresi":"1 dakika"},"schema":{"@context":"https:\/\/schema.org","@graph":[{"@type":"WebPage","@id":"https:\/\/exceladvisor.org\/tr\/kes-ve-yapistir\/","url":"https:\/\/exceladvisor.org\/tr\/kes-ve-yapistir\/","name":"\u25b7Excel&#39;de kesme ve yap\u0131\u015ft\u0131rma nas\u0131l yap\u0131l\u0131r? (Excel k\u0131sayolu)","isPartOf":{"@id":"https:\/\/exceladvisor.org\/tr\/#website"},"primaryImageOfPage":{"@id":"https:\/\/exceladvisor.org\/tr\/kes-ve-yapistir\/#primaryimage"},"image":{"@id":"https:\/\/exceladvisor.org\/tr\/kes-ve-yapistir\/#primaryimage"},"thumbnailUrl":"https:\/\/exceladvisor.org\/wp-content\/uploads\/2023\/08\/1-couper-le-raccourci-clavier.png","datePublished":"2023-11-15T18:44:47+00:00","dateModified":"2023-12-10T06:01:26+00:00","description":"Bu e\u011fitimde, Excel&#39;de kopyalama ve yap\u0131\u015ft\u0131rma i\u015flemlerini uygulamak i\u00e7in klavye k\u0131sayolunu nas\u0131l kullanaca\u011f\u0131n\u0131z\u0131 \u00f6\u011freneceksiniz. \u015eimdi bu k\u0131sayol","breadcrumb":{"@id":"https:\/\/exceladvisor.org\/tr\/kes-ve-yapistir\/#breadcrumb"},"inLanguage":"tr","potentialAction":[{"@type":"ReadAction","target":["https:\/\/exceladvisor.org\/tr\/kes-ve-yapistir\/"]}]},{"@type":"ImageObject","inLanguage":"tr","@id":"https:\/\/exceladvisor.org\/tr\/kes-ve-yapistir\/#primaryimage","url":"https:\/\/exceladvisor.org\/wp-content\/uploads\/2023\/08\/1-couper-le-raccourci-clavier.png","contentUrl":"https:\/\/exceladvisor.org\/wp-content\/uploads\/2023\/08\/1-couper-le-raccourci-clavier.png"},{"@type":"BreadcrumbList","@id":"https:\/\/exceladvisor.org\/tr\/kes-ve-yapistir\/#breadcrumb","itemListElement":[{"@type":"ListItem","position":1,"name":"Ev","item":"https:\/\/exceladvisor.org\/tr\/"},{"@type":"ListItem","position":2,"name":"Excel&#39;de kesme ve yap\u0131\u015ft\u0131rma nas\u0131l yap\u0131l\u0131r?"}]},{"@type":"WebSite","@id":"https:\/\/exceladvisor.org\/tr\/#website","url":"https:\/\/exceladvisor.org\/tr\/","name":"Excel Advisor","description":"Veri hakimiyetine y\u00f6nelik nihai rehberiniz!","publisher":{"@id":"https:\/\/exceladvisor.org\/tr\/#organization"},"potentialAction":[{"@type":"SearchAction","target":{"@type":"EntryPoint","urlTemplate":"https:\/\/exceladvisor.org\/tr\/?s={search_term_string}"},"query-input":{"@type":"PropertyValueSpecification","valueRequired":true,"valueName":"search_term_string"}}],"inLanguage":"tr"},{"@type":"Organization","@id":"https:\/\/exceladvisor.org\/tr\/#organization","name":"Excel Advisor","url":"https:\/\/exceladvisor.org\/tr\/","logo":{"@type":"ImageObject","inLanguage":"tr","@id":"https:\/\/exceladvisor.org\/tr\/#\/schema\/logo\/image\/","url":"https:\/\/exceladvisor.org\/tr\/wp-content\/uploads\/2023\/12\/exceladvisor.org_.png","contentUrl":"https:\/\/exceladvisor.org\/tr\/wp-content\/uploads\/2023\/12\/exceladvisor.org_.png","width":105,"height":36,"caption":"Excel Advisor"},"image":{"@id":"https:\/\/exceladvisor.org\/tr\/#\/schema\/logo\/image\/"}}]}},"yoast_meta":{"yoast_wpseo_title":"","yoast_wpseo_metadesc":"","yoast_wpseo_canonical":""},"_links":{"self":[{"href":"https:\/\/exceladvisor.org\/tr\/wp-json\/wp\/v2\/pages\/1595","targetHints":{"allow":["GET"]}}],"collection":[{"href":"https:\/\/exceladvisor.org\/tr\/wp-json\/wp\/v2\/pages"}],"about":[{"href":"https:\/\/exceladvisor.org\/tr\/wp-json\/wp\/v2\/types\/page"}],"author":[{"embeddable":true,"href":"https:\/\/exceladvisor.org\/tr\/wp-json\/wp\/v2\/users\/1"}],"replies":[{"embeddable":true,"href":"https:\/\/exceladvisor.org\/tr\/wp-json\/wp\/v2\/comments?post=1595"}],"version-history":[{"count":1,"href":"https:\/\/exceladvisor.org\/tr\/wp-json\/wp\/v2\/pages\/1595\/revisions"}],"predecessor-version":[{"id":2521,"href":"https:\/\/exceladvisor.org\/tr\/wp-json\/wp\/v2\/pages\/1595\/revisions\/2521"}],"wp:attachment":[{"href":"https:\/\/exceladvisor.org\/tr\/wp-json\/wp\/v2\/media?parent=1595"}],"curies":[{"name":"wp","href":"https:\/\/api.w.org\/{rel}","templated":true}]}}