{"id":1596,"date":"2023-11-15T15:30:00","date_gmt":"2023-11-15T15:30:00","guid":{"rendered":"https:\/\/exceladvisor.org\/tr\/kopyalari-kaldir\/"},"modified":"2023-12-10T06:04:12","modified_gmt":"2023-12-10T06:04:12","slug":"kopyalari-kaldir","status":"publish","type":"page","link":"https:\/\/exceladvisor.org\/tr\/kopyalari-kaldir\/","title":{"rendered":"Power query kullanarak kopyalar nas\u0131l kald\u0131r\u0131l\u0131r?"},"content":{"rendered":"<div class=\"excel-icerikten-once\" id=\"excel-2618170708\"><script type=\"text\/javascript\">\r\n\tatOptions = {\r\n\t\t'key' : 'c1158f160081d6540a8409e6925dab94',\r\n\t\t'format' : 'iframe',\r\n\t\t'height' : 250,\r\n\t\t'width' : 300,\r\n\t\t'params' : {}\r\n\t};\r\n<\/script>\r\n<script type=\"text\/javascript\" src=\"\/\/www.highperformanceformat.com\/c1158f160081d6540a8409e6925dab94\/invoke.js\"><\/script><\/div> <p>Power Query, t\u0131pk\u0131 Excel&#8217;de oldu\u011fu gibi verilerdeki kopyalar\u0131 kald\u0131rman\u0131za olanak tan\u0131r. Ve bu derste yinelenen de\u011ferleri verilerden nas\u0131l kald\u0131raca\u011f\u0131m\u0131z\u0131 \u00f6\u011frenece\u011fiz.<\/p><h2 class=\"wp-block-heading\"> Power Query ile kopyalar\u0131 kald\u0131rma ad\u0131mlar\u0131<\/h2><p> A\u015fa\u011f\u0131da yinelenen adlara sahip oldu\u011fumuz adlar\u0131n bir listesi bulunmaktad\u0131r ve \u015fimdi bu yinelenen de\u011ferleri kald\u0131rmak i\u00e7in PowerQuery&#8217;yi kullanman\u0131z gerekir. <\/p><div class=\"wp-block-image\"><figure class=\"aligncenter size-full is-resized\"><img loading=\"lazy\" decoding=\"async\" class=\"wp-image-88958\" src=\"https:\/\/exceladvisor.org\/wp-content\/uploads\/2023\/08\/1-supprimer-les-doublons-a-laide-de-power-query.png\" sizes=\"auto, \" srcset=\"\" alt=\"power-query kullanarak kopyalar\u0131 kald\u0131r\u0131n\" width=\"446\" height=\"261\"><\/figure><\/div><p> A\u015fa\u011f\u0131daki ad\u0131mlar\u0131 kullanabilirsiniz:<\/p><ol><li> \u00d6nce verileri se\u00e7in, ard\u0131ndan Veri sekmesi &gt; Veri Al ve D\u00f6n\u00fc\u015ft\u00fcr &gt; Veri Al &gt; Di\u011fer Kaynaklardan &gt; Tablodan\/Aral\u0131ktan&#8217;a gidin. <br><img loading=\"lazy\" decoding=\"async\" title=\"2-tablo aral\u0131\u011f\u0131ndan-veri al\" src=\"https:\/\/exceladvisor.org\/wp-content\/uploads\/2023\/08\/2-obtenir-des-donnees-a-partir-de-la-plage-de-la-table.png\" sizes=\"auto, \" srcset=\"\" alt=\"get-data-from-table-range\" width=\"507\" height=\"342\"><\/li><li> Bundan sonra, verilerinizi bir Excel tablosuna d\u00f6n\u00fc\u015ft\u00fcrmek i\u00e7in Tamam&#8217;\u0131 t\u0131klay\u0131n (zaten bir Excel tablosu de\u011filse). <br><img loading=\"lazy\" decoding=\"async\" title=\"3-veriyi-excel-tabloya-d\u00f6n\u00fc\u015ft\u00fcrme\" src=\"https:\/\/exceladvisor.org\/wp-content\/uploads\/2023\/08\/3-convertir-les-donnees-en-tableau-excel.png\" sizes=\"auto, \" srcset=\"\" alt=\"convert-the-data-into-excel-table\" width=\"425\" height=\"159\"><\/li><li> Art\u0131k Tamam&#8217;\u0131 t\u0131klad\u0131\u011f\u0131n\u0131zda Power Query d\u00fczenleyicisi a\u00e7\u0131l\u0131r ve veriler oraya y\u00fcklenir. <br><img loading=\"lazy\" decoding=\"async\" title=\"4-veriyi-g\u00fc\u00e7-sorgu-d\u00fczenleyicisine y\u00fckleme\" src=\"https:\/\/exceladvisor.org\/wp-content\/uploads\/2023\/08\/4-chargez-les-donnees-dans-lediteur-de-requetes-puissant.png\" sizes=\"auto, \" srcset=\"\" alt=\"load-the-data-into-power-query-editor\" width=\"718\" height=\"304\"><\/li><li> Bundan sonra, Ana Sayfa sekmesinde \u201cSat\u0131rlar\u0131 Sil\u201d a\u00e7\u0131l\u0131r men\u00fcs\u00fcne t\u0131klay\u0131n ve ard\u0131ndan \u201cKopyalar\u0131 Kald\u0131r\u201d se\u00e7ene\u011fine t\u0131klay\u0131n. <br><img loading=\"lazy\" decoding=\"async\" title=\"5-kopyalar\u0131 kald\u0131rma se\u00e7ene\u011fini se\u00e7in\" src=\"https:\/\/exceladvisor.org\/wp-content\/uploads\/2023\/08\/5-choisissez-loption-de-suppression-des-doublons.png\" sizes=\"auto, \" srcset=\"\" alt=\"choose-remove-duplicates-option\" width=\"562\" height=\"280\"><\/li><\/ol><p> \u00dczerine t\u0131klad\u0131\u011f\u0131n\u0131zda, yinelenen adlar\u0131 listeden kald\u0131r\u0131r ve size yaln\u0131zca benzersiz adlar b\u0131rak\u0131r. <\/p><div class=\"wp-block-image\"><figure class=\"aligncenter size-full is-resized\"><img loading=\"lazy\" decoding=\"async\" class=\"wp-image-88963\" src=\"https:\/\/exceladvisor.org\/wp-content\/uploads\/2023\/08\/6-ne-laisse-que-les-valeurs-uniques.png\" sizes=\"auto, \" srcset=\"\" alt=\"yaln\u0131zca benzersiz de\u011ferleri b\u0131rak\u0131n\" width=\"490\" height=\"289\"><\/figure><\/div><p> Yukar\u0131daki durum \u00e7ubu\u011fu, yinelenen de\u011ferlere sahip olan ve olmayan sat\u0131rlar\u0131n say\u0131s\u0131n\u0131 g\u00f6r\u00fcnt\u00fcler. \u201cAna Sayfa\u201d sekmesinin yan\u0131 s\u0131ra, s\u00fctun ba\u015fl\u0131\u011f\u0131na sa\u011f t\u0131klay\u0131p \u201cYinelenenleri Kald\u0131r\u201d se\u00e7ene\u011fine t\u0131klayabilirsiniz. <\/p><div class=\"wp-block-image\"><figure class=\"aligncenter size-full is-resized\"><img loading=\"lazy\" decoding=\"async\" class=\"wp-image-88964\" src=\"https:\/\/exceladvisor.org\/wp-content\/uploads\/2023\/08\/7-la-barre-detat-affiche-le-nombre-de-lignes-avec-et-sans-valeurs-en-double.png\" sizes=\"auto, \" srcset=\"\" alt=\"durum \u00e7ubu\u011fu, yinelenen de\u011ferlere sahip olan ve olmayan sat\u0131rlar\u0131n say\u0131s\u0131n\u0131 g\u00f6sterir\" width=\"420\" height=\"256\"><\/figure><\/div><p> Bu, yukar\u0131daki ad\u0131mlarda kulland\u0131\u011f\u0131n\u0131z se\u00e7ene\u011fin ayn\u0131s\u0131d\u0131r ve tam olarak bunu yapar.<\/p><h2 class=\"wp-block-heading\"> Birden fazla s\u00fctununuz oldu\u011funda kopyalar\u0131 kald\u0131rma<\/h2><p> Birden fazla veri s\u00fctununuz varsa Geli\u015fmi\u015f Sorgu, yinelenen de\u011ferleri kald\u0131rman\u0131z i\u00e7in size iki farkl\u0131 yol sunar.<\/p><p> A\u015fa\u011f\u0131daki \u00f6rnekte iki s\u00fctununuz, adlar\u0131n\u0131z ve puanlar\u0131n\u0131z var. <\/p><div class=\"wp-block-image\"><figure class=\"aligncenter size-full is-resized\"><img loading=\"lazy\" decoding=\"async\" class=\"wp-image-88965\" src=\"https:\/\/exceladvisor.org\/wp-content\/uploads\/2023\/08\/8-supprimer-les-doublons-lorsquil-y-a-plusieurs-colonnes.png\" sizes=\"auto, \" srcset=\"\" alt=\"birden fazla s\u00fctuna sahip olduklar\u0131nda kopyalar\u0131 kald\u0131r\" width=\"488\" height=\"244\"><\/figure><\/div><p> Art\u0131k her iki s\u00fctunun kopyalar\u0131n\u0131 dikkate alarak kopyalar\u0131 kald\u0131rmak istiyorsan\u0131z, her iki s\u00fctunu da se\u00e7ip \u201cKopyalar\u0131 Kald\u0131r\u201d se\u00e7ene\u011fini kullanman\u0131z gerekir. <\/p><div class=\"wp-block-image\"><figure class=\"aligncenter size-full is-resized\"><img loading=\"lazy\" decoding=\"async\" class=\"wp-image-88966\" src=\"https:\/\/exceladvisor.org\/wp-content\/uploads\/2023\/08\/9-selectionnez-les-deux-colonnes-et-cliquez-sur-supprimer-les-colonnes-en-double.png\" sizes=\"auto, \" srcset=\"\" alt=\"her iki s\u00fctunu da se\u00e7in ve yinelenen s\u00fctunlar\u0131-sil'e t\u0131klay\u0131n\" width=\"770\" height=\"361\"><\/figure><\/div><p> Ve s\u00fctunlar\u0131 se\u00e7erek de\u011ferlendirdi\u011fimizde yaln\u0131zca bir yinelenen sat\u0131r g\u00f6rebilirsiniz.<\/p><h2 class=\"wp-block-heading\"> Yinelenen de\u011ferler hakk\u0131nda bilgi<\/h2><p> Power Query&#8217;de yinelenen de\u011ferlerin say\u0131s\u0131n\u0131 almak i\u00e7in veri g\u00f6r\u00fcn\u00fcm\u00fcn\u00fc de de\u011fi\u015ftirebilirsiniz. G\u00f6r\u00fcn\u00fcm sekmesi &gt; S\u00fctun D\u00f6k\u00fcm\u00fc&#8217;ne gidin. <\/p><div class=\"wp-block-image\"><figure class=\"aligncenter size-full is-resized\"><img loading=\"lazy\" decoding=\"async\" class=\"wp-image-88967\" src=\"https:\/\/exceladvisor.org\/wp-content\/uploads\/2023\/08\/10-informations-sur-les-valeurs-en-double.png\" sizes=\"auto, \" srcset=\"\" alt=\"yinelenen de\u011ferler hakk\u0131nda bilgi\" width=\"618\" height=\"322\"><\/figure><\/div><p> Yukar\u0131da her s\u00fctunda ka\u00e7 tane benzersiz ve farkl\u0131 de\u011fere sahip oldu\u011funuzu g\u00f6rebilirsiniz.<\/p><h2 class=\"wp-block-heading\"> Yinelenen de\u011ferleri koru<\/h2><p> Kopyalar\u0131 saklaman\u0131za ve benzersiz de\u011ferleri kald\u0131rman\u0131za olanak tan\u0131yan bir se\u00e7enek vard\u0131r. Ana Sayfa sekmesi &gt; Sat\u0131rlar\u0131 Koru &gt; Kopyalar\u0131 Tut. <\/p><div class=\"wp-block-image\"><figure class=\"aligncenter size-full is-resized\"><img loading=\"lazy\" decoding=\"async\" class=\"wp-image-88968\" src=\"https:\/\/exceladvisor.org\/wp-content\/uploads\/2023\/08\/11-conserver-les-valeurs-en-double.png\" sizes=\"auto, \" srcset=\"\" alt=\"yinelenen de\u011ferleri koru\" width=\"548\" height=\"273\"><\/figure><\/div><div class=\"gb-container gb-container-9e2850fe gb-container-mt\"> <a class=\"gb-button gb-button-71636faa gb-button-text gb-button-mt-button\" href=\"https:\/\/exceladvisor.org\/tr\/guc-talebi\/\">Excel&#8217;de Power Query (E\u011fitim)<\/a><h2 class=\"gb-headline gb-headline-c566b2ed gb-headline-text gb-headline-mt-heading\"> \u0130lgili e\u011fitimler <\/h2><div class=\"gb-grid-wrapper gb-grid-wrapper-b15ed1bf gb-grid-wrapper-mt-grid\"><div class=\"gb-grid-column gb-grid-column-6e9de105\"><div class=\"gb-container gb-container-6e9de105\"><ul><li> <a href=\"https:\/\/exceladvisor.org\/tr\/aramav-2\/\">Excel&#8217;deki Power Query&#8217;de D\u00dc\u015eEYARA ger\u00e7ekle\u015ftirme<\/a><\/li><li> <a href=\"https:\/\/exceladvisor.org\/tr\/zincir\/\">Power Query: de\u011ferleri (metin ve say\u0131lar) birle\u015ftirin<\/a><\/li><li> <a href=\"https:\/\/exceladvisor.org\/tr\/tarih-farki\/\">G\u00fc\u00e7 Sorgusu: Tarih fark\u0131<\/a> <\/li><\/ul><\/div><\/div><div class=\"gb-grid-column gb-grid-column-4eaecde3\"><div class=\"gb-container gb-container-4eaecde3\"><ul><li> <a href=\"https:\/\/exceladvisor.org\/tr\/fonksiyon-formulleri\/\">Power Query: i\u015flevler ve form\u00fcller<\/a><\/li><li> <a href=\"https:\/\/exceladvisor.org\/tr\/metin-icerir\/\">Power Query: Metin \u015funlar\u0131 i\u00e7eriyorsa<\/a><\/li><li> <a href=\"https:\/\/exceladvisor.org\/tr\/bugunun-tarihi\/\">Power Query: bug\u00fcn\u00fcn tarihini al\u0131n<\/a><\/li><\/ul><\/div><\/div><\/div><\/div>","protected":false},"excerpt":{"rendered":"","protected":false},"author":1,"featured_media":0,"parent":0,"menu_order":0,"comment_status":"open","ping_status":"closed","template":"","meta":{"ub_ctt_via":"","footnotes":""},"class_list":["post-1596","page","type-page","status-publish","hentry"],"featured_image_src":null,"yoast_head":"<!-- This site is optimized with the Yoast SEO plugin v25.4 - https:\/\/yoast.com\/wordpress\/plugins\/seo\/ -->\n<title>\u25b7 Power Query kullan\u0131larak kopyalar nas\u0131l kald\u0131r\u0131l\u0131r?<\/title>\n<meta name=\"description\" content=\"Power Query, t\u0131pk\u0131 Excel&#039;de oldu\u011fu gibi verilerdeki kopyalar\u0131 kald\u0131rman\u0131za olanak tan\u0131r. Ve bu e\u011fitimde, nas\u0131l yap\u0131laca\u011f\u0131n\u0131 \u00f6\u011frenece\u011fiz...\" \/>\n<meta name=\"robots\" content=\"index, follow, max-snippet:-1, max-image-preview:large, max-video-preview:-1\" \/>\n<link rel=\"canonical\" href=\"https:\/\/exceladvisor.org\/tr\/kopyalari-kaldir\/\" \/>\n<meta property=\"og:locale\" content=\"tr_TR\" \/>\n<meta property=\"og:type\" content=\"article\" \/>\n<meta property=\"og:title\" content=\"\u25b7 Power Query kullan\u0131larak kopyalar nas\u0131l kald\u0131r\u0131l\u0131r?\" \/>\n<meta property=\"og:description\" content=\"Power Query, t\u0131pk\u0131 Excel&#039;de oldu\u011fu gibi verilerdeki kopyalar\u0131 kald\u0131rman\u0131za olanak tan\u0131r. Ve bu e\u011fitimde, nas\u0131l yap\u0131laca\u011f\u0131n\u0131 \u00f6\u011frenece\u011fiz...\" \/>\n<meta property=\"og:url\" content=\"https:\/\/exceladvisor.org\/tr\/kopyalari-kaldir\/\" \/>\n<meta property=\"og:site_name\" content=\"Excel Advisor\" \/>\n<meta property=\"article:modified_time\" content=\"2023-12-10T06:04:12+00:00\" \/>\n<meta property=\"og:image\" content=\"https:\/\/exceladvisor.org\/wp-content\/uploads\/2023\/08\/1-supprimer-les-doublons-a-laide-de-power-query.png\" \/>\n<meta name=\"twitter:card\" content=\"summary_large_image\" \/>\n<meta name=\"twitter:label1\" content=\"Tahmini okuma s\u00fcresi\" \/>\n\t<meta name=\"twitter:data1\" content=\"2 dakika\" \/>\n<script type=\"application\/ld+json\" class=\"yoast-schema-graph\">{\"@context\":\"https:\/\/schema.org\",\"@graph\":[{\"@type\":\"WebPage\",\"@id\":\"https:\/\/exceladvisor.org\/tr\/kopyalari-kaldir\/\",\"url\":\"https:\/\/exceladvisor.org\/tr\/kopyalari-kaldir\/\",\"name\":\"\u25b7 Power Query kullan\u0131larak kopyalar nas\u0131l kald\u0131r\u0131l\u0131r?\",\"isPartOf\":{\"@id\":\"https:\/\/exceladvisor.org\/tr\/#website\"},\"primaryImageOfPage\":{\"@id\":\"https:\/\/exceladvisor.org\/tr\/kopyalari-kaldir\/#primaryimage\"},\"image\":{\"@id\":\"https:\/\/exceladvisor.org\/tr\/kopyalari-kaldir\/#primaryimage\"},\"thumbnailUrl\":\"https:\/\/exceladvisor.org\/wp-content\/uploads\/2023\/08\/1-supprimer-les-doublons-a-laide-de-power-query.png\",\"datePublished\":\"2023-11-15T15:30:00+00:00\",\"dateModified\":\"2023-12-10T06:04:12+00:00\",\"description\":\"Power Query, t\u0131pk\u0131 Excel&#39;de oldu\u011fu gibi verilerdeki kopyalar\u0131 kald\u0131rman\u0131za olanak tan\u0131r. Ve bu e\u011fitimde, nas\u0131l yap\u0131laca\u011f\u0131n\u0131 \u00f6\u011frenece\u011fiz...\",\"breadcrumb\":{\"@id\":\"https:\/\/exceladvisor.org\/tr\/kopyalari-kaldir\/#breadcrumb\"},\"inLanguage\":\"tr\",\"potentialAction\":[{\"@type\":\"ReadAction\",\"target\":[\"https:\/\/exceladvisor.org\/tr\/kopyalari-kaldir\/\"]}]},{\"@type\":\"ImageObject\",\"inLanguage\":\"tr\",\"@id\":\"https:\/\/exceladvisor.org\/tr\/kopyalari-kaldir\/#primaryimage\",\"url\":\"https:\/\/exceladvisor.org\/wp-content\/uploads\/2023\/08\/1-supprimer-les-doublons-a-laide-de-power-query.png\",\"contentUrl\":\"https:\/\/exceladvisor.org\/wp-content\/uploads\/2023\/08\/1-supprimer-les-doublons-a-laide-de-power-query.png\"},{\"@type\":\"BreadcrumbList\",\"@id\":\"https:\/\/exceladvisor.org\/tr\/kopyalari-kaldir\/#breadcrumb\",\"itemListElement\":[{\"@type\":\"ListItem\",\"position\":1,\"name\":\"Ev\",\"item\":\"https:\/\/exceladvisor.org\/tr\/\"},{\"@type\":\"ListItem\",\"position\":2,\"name\":\"Power query kullanarak kopyalar nas\u0131l kald\u0131r\u0131l\u0131r?\"}]},{\"@type\":\"WebSite\",\"@id\":\"https:\/\/exceladvisor.org\/tr\/#website\",\"url\":\"https:\/\/exceladvisor.org\/tr\/\",\"name\":\"Excel Advisor\",\"description\":\"Veri hakimiyetine y\u00f6nelik nihai rehberiniz!\",\"publisher\":{\"@id\":\"https:\/\/exceladvisor.org\/tr\/#organization\"},\"potentialAction\":[{\"@type\":\"SearchAction\",\"target\":{\"@type\":\"EntryPoint\",\"urlTemplate\":\"https:\/\/exceladvisor.org\/tr\/?s={search_term_string}\"},\"query-input\":{\"@type\":\"PropertyValueSpecification\",\"valueRequired\":true,\"valueName\":\"search_term_string\"}}],\"inLanguage\":\"tr\"},{\"@type\":\"Organization\",\"@id\":\"https:\/\/exceladvisor.org\/tr\/#organization\",\"name\":\"Excel Advisor\",\"url\":\"https:\/\/exceladvisor.org\/tr\/\",\"logo\":{\"@type\":\"ImageObject\",\"inLanguage\":\"tr\",\"@id\":\"https:\/\/exceladvisor.org\/tr\/#\/schema\/logo\/image\/\",\"url\":\"https:\/\/exceladvisor.org\/tr\/wp-content\/uploads\/2023\/12\/exceladvisor.org_.png\",\"contentUrl\":\"https:\/\/exceladvisor.org\/tr\/wp-content\/uploads\/2023\/12\/exceladvisor.org_.png\",\"width\":105,\"height\":36,\"caption\":\"Excel Advisor\"},\"image\":{\"@id\":\"https:\/\/exceladvisor.org\/tr\/#\/schema\/logo\/image\/\"}}]}<\/script>\n<!-- \/ Yoast SEO plugin. -->","yoast_head_json":{"title":"\u25b7 Power Query kullan\u0131larak kopyalar nas\u0131l kald\u0131r\u0131l\u0131r?","description":"Power Query, t\u0131pk\u0131 Excel&#39;de oldu\u011fu gibi verilerdeki kopyalar\u0131 kald\u0131rman\u0131za olanak tan\u0131r. Ve bu e\u011fitimde, nas\u0131l yap\u0131laca\u011f\u0131n\u0131 \u00f6\u011frenece\u011fiz...","robots":{"index":"index","follow":"follow","max-snippet":"max-snippet:-1","max-image-preview":"max-image-preview:large","max-video-preview":"max-video-preview:-1"},"canonical":"https:\/\/exceladvisor.org\/tr\/kopyalari-kaldir\/","og_locale":"tr_TR","og_type":"article","og_title":"\u25b7 Power Query kullan\u0131larak kopyalar nas\u0131l kald\u0131r\u0131l\u0131r?","og_description":"Power Query, t\u0131pk\u0131 Excel&#39;de oldu\u011fu gibi verilerdeki kopyalar\u0131 kald\u0131rman\u0131za olanak tan\u0131r. Ve bu e\u011fitimde, nas\u0131l yap\u0131laca\u011f\u0131n\u0131 \u00f6\u011frenece\u011fiz...","og_url":"https:\/\/exceladvisor.org\/tr\/kopyalari-kaldir\/","og_site_name":"Excel Advisor","article_modified_time":"2023-12-10T06:04:12+00:00","og_image":[{"url":"https:\/\/exceladvisor.org\/wp-content\/uploads\/2023\/08\/1-supprimer-les-doublons-a-laide-de-power-query.png","type":"","width":"","height":""}],"twitter_card":"summary_large_image","twitter_misc":{"Tahmini okuma s\u00fcresi":"2 dakika"},"schema":{"@context":"https:\/\/schema.org","@graph":[{"@type":"WebPage","@id":"https:\/\/exceladvisor.org\/tr\/kopyalari-kaldir\/","url":"https:\/\/exceladvisor.org\/tr\/kopyalari-kaldir\/","name":"\u25b7 Power Query kullan\u0131larak kopyalar nas\u0131l kald\u0131r\u0131l\u0131r?","isPartOf":{"@id":"https:\/\/exceladvisor.org\/tr\/#website"},"primaryImageOfPage":{"@id":"https:\/\/exceladvisor.org\/tr\/kopyalari-kaldir\/#primaryimage"},"image":{"@id":"https:\/\/exceladvisor.org\/tr\/kopyalari-kaldir\/#primaryimage"},"thumbnailUrl":"https:\/\/exceladvisor.org\/wp-content\/uploads\/2023\/08\/1-supprimer-les-doublons-a-laide-de-power-query.png","datePublished":"2023-11-15T15:30:00+00:00","dateModified":"2023-12-10T06:04:12+00:00","description":"Power Query, t\u0131pk\u0131 Excel&#39;de oldu\u011fu gibi verilerdeki kopyalar\u0131 kald\u0131rman\u0131za olanak tan\u0131r. Ve bu e\u011fitimde, nas\u0131l yap\u0131laca\u011f\u0131n\u0131 \u00f6\u011frenece\u011fiz...","breadcrumb":{"@id":"https:\/\/exceladvisor.org\/tr\/kopyalari-kaldir\/#breadcrumb"},"inLanguage":"tr","potentialAction":[{"@type":"ReadAction","target":["https:\/\/exceladvisor.org\/tr\/kopyalari-kaldir\/"]}]},{"@type":"ImageObject","inLanguage":"tr","@id":"https:\/\/exceladvisor.org\/tr\/kopyalari-kaldir\/#primaryimage","url":"https:\/\/exceladvisor.org\/wp-content\/uploads\/2023\/08\/1-supprimer-les-doublons-a-laide-de-power-query.png","contentUrl":"https:\/\/exceladvisor.org\/wp-content\/uploads\/2023\/08\/1-supprimer-les-doublons-a-laide-de-power-query.png"},{"@type":"BreadcrumbList","@id":"https:\/\/exceladvisor.org\/tr\/kopyalari-kaldir\/#breadcrumb","itemListElement":[{"@type":"ListItem","position":1,"name":"Ev","item":"https:\/\/exceladvisor.org\/tr\/"},{"@type":"ListItem","position":2,"name":"Power query kullanarak kopyalar nas\u0131l kald\u0131r\u0131l\u0131r?"}]},{"@type":"WebSite","@id":"https:\/\/exceladvisor.org\/tr\/#website","url":"https:\/\/exceladvisor.org\/tr\/","name":"Excel Advisor","description":"Veri hakimiyetine y\u00f6nelik nihai rehberiniz!","publisher":{"@id":"https:\/\/exceladvisor.org\/tr\/#organization"},"potentialAction":[{"@type":"SearchAction","target":{"@type":"EntryPoint","urlTemplate":"https:\/\/exceladvisor.org\/tr\/?s={search_term_string}"},"query-input":{"@type":"PropertyValueSpecification","valueRequired":true,"valueName":"search_term_string"}}],"inLanguage":"tr"},{"@type":"Organization","@id":"https:\/\/exceladvisor.org\/tr\/#organization","name":"Excel Advisor","url":"https:\/\/exceladvisor.org\/tr\/","logo":{"@type":"ImageObject","inLanguage":"tr","@id":"https:\/\/exceladvisor.org\/tr\/#\/schema\/logo\/image\/","url":"https:\/\/exceladvisor.org\/tr\/wp-content\/uploads\/2023\/12\/exceladvisor.org_.png","contentUrl":"https:\/\/exceladvisor.org\/tr\/wp-content\/uploads\/2023\/12\/exceladvisor.org_.png","width":105,"height":36,"caption":"Excel Advisor"},"image":{"@id":"https:\/\/exceladvisor.org\/tr\/#\/schema\/logo\/image\/"}}]}},"yoast_meta":{"yoast_wpseo_title":"","yoast_wpseo_metadesc":"","yoast_wpseo_canonical":""},"_links":{"self":[{"href":"https:\/\/exceladvisor.org\/tr\/wp-json\/wp\/v2\/pages\/1596","targetHints":{"allow":["GET"]}}],"collection":[{"href":"https:\/\/exceladvisor.org\/tr\/wp-json\/wp\/v2\/pages"}],"about":[{"href":"https:\/\/exceladvisor.org\/tr\/wp-json\/wp\/v2\/types\/page"}],"author":[{"embeddable":true,"href":"https:\/\/exceladvisor.org\/tr\/wp-json\/wp\/v2\/users\/1"}],"replies":[{"embeddable":true,"href":"https:\/\/exceladvisor.org\/tr\/wp-json\/wp\/v2\/comments?post=1596"}],"version-history":[{"count":1,"href":"https:\/\/exceladvisor.org\/tr\/wp-json\/wp\/v2\/pages\/1596\/revisions"}],"predecessor-version":[{"id":2699,"href":"https:\/\/exceladvisor.org\/tr\/wp-json\/wp\/v2\/pages\/1596\/revisions\/2699"}],"wp:attachment":[{"href":"https:\/\/exceladvisor.org\/tr\/wp-json\/wp\/v2\/media?parent=1596"}],"curies":[{"name":"wp","href":"https:\/\/api.w.org\/{rel}","templated":true}]}}