{"id":1597,"date":"2023-11-15T14:55:11","date_gmt":"2023-11-15T14:55:11","guid":{"rendered":"https:\/\/exceladvisor.org\/tr\/sayfayi-yeniden-adlandir\/"},"modified":"2023-12-10T06:02:54","modified_gmt":"2023-12-10T06:02:54","slug":"sayfayi-yeniden-adlandir","status":"publish","type":"page","link":"https:\/\/exceladvisor.org\/tr\/sayfayi-yeniden-adlandir\/","title":{"rendered":"Excel&#39;de vba kullanarak bir sayfay\u0131 nas\u0131l yeniden adland\u0131rabilirim?"},"content":{"rendered":"<div class=\"excel-icerikten-once\" id=\"excel-3717692815\"><script type=\"text\/javascript\">\r\n\tatOptions = {\r\n\t\t'key' : 'c1158f160081d6540a8409e6925dab94',\r\n\t\t'format' : 'iframe',\r\n\t\t'height' : 250,\r\n\t\t'width' : 300,\r\n\t\t'params' : {}\r\n\t};\r\n<\/script>\r\n<script type=\"text\/javascript\" src=\"\/\/www.highperformanceformat.com\/c1158f160081d6540a8409e6925dab94\/invoke.js\"><\/script><\/div> <p>\u00c7al\u0131\u015fma kitab\u0131na yeni bir sayfa ekledi\u011finizde, bunu adland\u0131rma se\u00e7ene\u011finiz vard\u0131r. Ancak \u00e7al\u0131\u015fma sayfas\u0131n\u0131n name \u00f6zelli\u011fini kullanarak istedi\u011finiz zaman yeniden adland\u0131rabilirsiniz. Bu \u00f6\u011freticide, VBA kodunu kullanarak bir sayfay\u0131 veya birden \u00e7ok sayfay\u0131 yeniden adland\u0131rman\u0131n farkl\u0131 yollar\u0131na bakaca\u011f\u0131z.<\/p><h2 class=\"wp-block-heading\"> VBA kodunu kullanarak bir sayfay\u0131 yeniden adland\u0131rma ad\u0131mlar\u0131<\/h2><ol type=\"1\"><li> \u00d6ncelikle, \u00e7al\u0131\u015fma sayfas\u0131 nesnesini kullanarak yeniden adland\u0131rmak istedi\u011finiz sayfay\u0131 tan\u0131mlay\u0131n.<\/li><li> Bundan sonra de\u011fi\u015ftirmek istedi\u011finiz name \u00f6zelli\u011fine eri\u015fmek i\u00e7in (.Name) kullanman\u0131z gerekir.<\/li><li> Ard\u0131ndan, VBA&#8217;ya sayfay\u0131 yeniden adland\u0131rmak i\u00e7in kullanmak istedi\u011finiz de\u011feri belirtmek \u00fczere e\u015fittir i\u015fareti yaz\u0131n.<\/li><li> Sonunda kullanmak istedi\u011finiz sayfan\u0131n ad\u0131n\u0131 yaz\u0131n. <\/li><\/ol><div class=\"wp-block-image\"><figure class=\"aligncenter size-large is-resized\"><img loading=\"lazy\" decoding=\"async\" class=\"wp-image-52084\" src=\"https:\/\/exceladvisor.org\/wp-content\/uploads\/2023\/08\/1-definir-la-feuille-que-vous-souhaitez-renommer.png\" sizes=\"auto, \" srcset=\"\" alt=\"yeniden adland\u0131rmak istedi\u011finiz sayfay\u0131 tan\u0131mlay\u0131n\" width=\"448\" height=\"220\"><\/figure><\/div><p class=\"content-box-grey\"> <em>Yararl\u0131 ba\u011flant\u0131lar: <a href=\"https:\/\/exceladvisor.org\/tr\/makro-2yi-calistir\/\">Makro \u00e7al\u0131\u015ft\u0131rma<\/a> \u2013 <a href=\"https:\/\/exceladvisor.org\/tr\/makro-kaydet\/\">Makro kaydedici<\/a> \u2013 <a href=\"https:\/\/exceladvisor.org\/tr\/temel-gorsel-duzenleyici\/\">Visual Basic D\u00fczenleyici<\/a> \u2013 <a href=\"https:\/\/exceladvisor.org\/tr\/kisisel-makro-not-defteri\/\">Ki\u015fisel Makrolar El Kitab\u0131<\/a><\/em><\/p><h2 class=\"wp-block-heading\"> Etkin sayfay\u0131 yeniden adland\u0131r<\/h2><p> Etkin sayfay\u0131 yeniden adland\u0131rmak istiyorsan\u0131z bu durumda sayfa ad\u0131n\u0131 ayarlaman\u0131za gerek yoktur; bunun yerine VBA&#8217;ya \u015fu anda etkin sayfaya ba\u015fvurmas\u0131n\u0131 s\u00f6yleyen ActiveSheet nesnesini kullanman\u0131z gerekir. \u0130\u015fte kod. <\/p><pre class=\"wp-block-code\"> <code class=\"language-visual-basic\" lang=\"visual-basic\">Activesheet.Name = \"mySheet\"<\/code><\/pre><div class=\"wp-block-image\"><figure class=\"aligncenter size-large is-resized\"><img loading=\"lazy\" decoding=\"async\" class=\"wp-image-52085\" src=\"https:\/\/exceladvisor.org\/wp-content\/uploads\/2023\/08\/2-renommer-la-feuille-active.png\" sizes=\"auto, \" srcset=\"\" alt=\"etkin sayfay\u0131 yeniden adland\u0131r\" width=\"319\" height=\"166\"><\/figure><\/div><p class=\"qt-tip\"> <strong>Not:<\/strong> Bir sayfay\u0131 yeniden adland\u0131rmak i\u00e7in onu etkinle\u015ftirmenize gerek yoktur.<\/p><h2 class=\"wp-block-heading\"> Sayfa numaras\u0131n\u0131 kullanarak bir sayfay\u0131 yeniden adland\u0131r\u0131n<\/h2><p> Bildi\u011finiz gibi her sayfan\u0131n \u00e7al\u0131\u015fma kitab\u0131ndaki konumuna g\u00f6re bir numaras\u0131 vard\u0131r. Diyelim ki be\u015finci numaradaki sayfan\u0131z\u0131 yeniden adland\u0131rmak istiyorsunuz, kod \u015f\u00f6yle olacakt\u0131r. <\/p><pre class=\"wp-block-code\"> <code class=\"language-visual-basic\" lang=\"visual-basic\">Sheets(5).Name = \"mySheet5\"<\/code><\/pre><div class=\"wp-block-image\"><figure class=\"aligncenter size-large is-resized\"><img loading=\"lazy\" decoding=\"async\" class=\"wp-image-52086\" src=\"https:\/\/exceladvisor.org\/wp-content\/uploads\/2023\/08\/3-renommer-une-feuille-en-utilisant-le-numero-de-feuille.png\" sizes=\"auto, \" srcset=\"\" alt=\"sayfa numaras\u0131n\u0131 kullanarak bir sayfay\u0131 yeniden adland\u0131r\u0131n\" width=\"335\" height=\"169\"><\/figure><\/div><p> <a href=\"https:\/\/exceladvisor.org\/tr\/makro-2yi-calistir\/\">Yukar\u0131daki makroyu \u00e7al\u0131\u015ft\u0131rd\u0131\u011f\u0131n\u0131zda<\/a> be\u015finci numaradaki sayfay\u0131 yeniden adland\u0131r\u0131r. <\/p><div class=\"wp-block-image\"><figure class=\"aligncenter size-large is-resized\"><img loading=\"lazy\" decoding=\"async\" class=\"wp-image-52087\" src=\"https:\/\/exceladvisor.org\/wp-content\/uploads\/2023\/08\/4-renommer-la-feuille-selon-le-numero.png\" sizes=\"auto, \" srcset=\"\" alt=\"sayfay\u0131 numaraya g\u00f6re yeniden adland\u0131r\" width=\"322\" height=\"43\"><\/figure><\/div><h2 class=\"wp-block-heading\"> Yeniden adland\u0131rmadan \u00f6nce sayfan\u0131n mevcut olup olmad\u0131\u011f\u0131n\u0131 kontrol edin<\/h2><p> Var olmayan bir \u00e7al\u0131\u015fma sayfas\u0131n\u0131 yeniden adland\u0131rmaya \u00e7al\u0131\u015f\u0131rsan\u0131z VBA size a\u015fa\u011f\u0131daki gibi bir hata g\u00f6sterecektir. <\/p><div class=\"wp-block-image\"><figure class=\"aligncenter size-large is-resized\"><img loading=\"lazy\" decoding=\"async\" class=\"wp-image-52088\" src=\"https:\/\/exceladvisor.org\/wp-content\/uploads\/2023\/08\/5-verifier-si-la-feuille-existe-avant-de-renommer.png\" sizes=\"auto, \" srcset=\"\" alt=\"yeniden adland\u0131rmadan \u00f6nce sayfan\u0131n mevcut olup olmad\u0131\u011f\u0131n\u0131 kontrol edin\" width=\"572\" height=\"394\"><\/figure><\/div><p> Bu sorunun \u00e7\u00f6z\u00fcm\u00fc, tan\u0131mlad\u0131\u011f\u0131n\u0131z sayfay\u0131 bulmak ve ard\u0131ndan bu sayfay\u0131 yeniden adland\u0131rmak i\u00e7in <a href=\"https:\/\/exceladvisor.org\/tr\/dongu-yapraklari\/\">t\u00fcm \u00e7al\u0131\u015fma sayfalar\u0131nda dola\u015fabilen<\/a> <a href=\"https:\/\/exceladvisor.org\/tr\/dongu-icin\/\">FOR EACH<\/a> kullanan a\u015fa\u011f\u0131daki koddur.<\/p><pre class=\"wp-block-code\"> <code class=\"language-visual-basic\" lang=\"visual-basic\">Sub check_sheet_rename() Dim ws As Worksheet Dim mySheet As String Dim SheetName As String mySheet = InputBox(\"enter the name of the sheet that you want to rename.\") SheetName = InputBox(\"Enter new name for the sheet.\") For Each ws In ThisWorkbook.Worksheets If mySheet = ws.Name Then ws.Name = SheetName End If Next ws End Sub<\/code><\/pre><h2 class=\"wp-block-heading\"> Bir h\u00fccrenin veya aral\u0131\u011f\u0131n de\u011ferini kullanarak sayfay\u0131 yeniden adland\u0131r\u0131n<\/h2><p> Ayr\u0131ca bir h\u00fccrenin de\u011ferini alarak bir sayfay\u0131 yeniden adland\u0131rabilirsiniz. De\u011ferin A1 h\u00fccresinde oldu\u011funu varsayal\u0131m.<\/p><pre class=\"wp-block-code\"> <code class=\"language-visual-basic\" lang=\"visual-basic\">Sheets(\"Sheet1\").name = Range(\"A1\").Value<\/code><\/pre><p> Ancak diyelim ki birden fazla sayfay\u0131 bir h\u00fccre aral\u0131\u011f\u0131ndaki de\u011ferlere g\u00f6re adland\u0131rmak istiyorsunuz. Bu durumda a\u015fa\u011f\u0131daki gibi bir koda sahip olman\u0131z gerekir.<\/p><pre class=\"wp-block-code\"> <code class=\"language-visual-basic\" lang=\"visual-basic\">Sub vba_sheet_rename_multiple() Dim wsCount As Long Dim rCount As Long Dim ws As Worksheet Dim name As Range Dim i As Long wsCount = ThisWorkbook.Worksheets.Count rCount = Range(\"A1:A10\").Rows.Count 'Checks if the count of the names provided is less _ or more than the sheets in the workbook If wsCount &lt;&gt; rCount Then MsgBox \"There's some problem with the names provided.\" Exit Sub Else 'Check if any of the cells in the name range is empty. For Each name In Range(\"A1:A10\") If IsEmpty(name) = True Then i = i + 1 End If Next name If i &gt; 0 Then MsgBox \"There's is a blank cell in the names range.\" Exit Sub End If End If 'rename each sheet using the value from the range cell by cell. i = 1 For Each ws In ThisWorkbook.Worksheets ws.name = Range(\"A1:A10\").Cells(i, 1).Value i = 1 + i Next ws End Sub<\/code><\/pre><p> Bu VBA kodunu \u00e7al\u0131\u015ft\u0131rd\u0131\u011f\u0131n\u0131zda, \u00f6ncelikle aral\u0131ktaki h\u00fccrelerin \u00e7al\u0131\u015fma kitab\u0131ndaki sayfa say\u0131s\u0131na e\u015fit olup olmad\u0131\u011f\u0131n\u0131 kontrol eder. Bundan sonra belirtti\u011finiz aral\u0131ktaki t\u00fcm h\u00fccrelerin de\u011ferlerinin olup olmad\u0131\u011f\u0131n\u0131 kontrol edecektir. Ve sonunda t\u00fcm sayfalar\u0131 bu adlar\u0131 kullanarak yeniden adland\u0131r\u0131n.<\/p><p> <a href=\"https:\/\/exceladvisor.org\/tr\/eger-2\/\">IF THEN ELSE<\/a> kullanarak iki ko\u015fulu kontrol edecek ve ard\u0131ndan t\u00fcm sayfalar\u0131 yeniden adland\u0131racakt\u0131r.<\/p><div class=\"gb-container gb-container-4db6181c gb-container-mt\"> <a class=\"gb-button gb-button-c5897111 gb-button-text gb-button-mt-button\" href=\"https:\/\/exceladvisor.org\/tr\/vba\/\">VBA nedir<\/a><h2 class=\"gb-headline gb-headline-665e5f6b gb-headline-text gb-headline-mt-heading\"> \u0130lgili e\u011fitimler <\/h2><div class=\"gb-grid-wrapper gb-grid-wrapper-a20baf7c gb-grid-wrapper-mt-grid\"><div class=\"gb-grid-column gb-grid-column-65ddf67e\"><div class=\"gb-container gb-container-65ddf67e\"><ul><li> <a href=\"https:\/\/exceladvisor.org\/tr\/temiz-sayfa\/\">Excel&#8217;de VBA kullanarak bir sayfan\u0131n tamam\u0131n\u0131 TEM\u0130ZLEY\u0130N<\/a><\/li><li> <a href=\"https:\/\/exceladvisor.org\/tr\/sayfayi-kopyala\/\">VBA&#8217;y\u0131 kullanarak Excel&#8217;de bir sayfay\u0131 kopyalay\u0131n ve ta\u015f\u0131y\u0131n<\/a><\/li><li> <a href=\"https:\/\/exceladvisor.org\/tr\/yapraklari-say\/\">Excel&#8217;de VBA kullanan COUNT Sayfa<\/a><\/li><li> <a href=\"https:\/\/exceladvisor.org\/tr\/bir-sayfayi-sil-1\/\">Excel&#8217;de VBA kullanarak bir SAYFAYI S\u0130L\u0130N<\/a><\/li><li> <a href=\"https:\/\/exceladvisor.org\/tr\/sayfayi-gizle\/\">Excel&#8217;de VBA kullanarak bir sayfay\u0131 gizleme ve g\u00f6sterme<\/a> <\/li><\/ul><\/div><\/div><div class=\"gb-grid-column gb-grid-column-50067b57\"><div class=\"gb-container gb-container-50067b57\"><\/div><\/div><\/div><\/div>","protected":false},"excerpt":{"rendered":"","protected":false},"author":1,"featured_media":0,"parent":0,"menu_order":0,"comment_status":"open","ping_status":"closed","template":"","meta":{"ub_ctt_via":"","footnotes":""},"class_list":["post-1597","page","type-page","status-publish","hentry"],"featured_image_src":null,"yoast_head":"<!-- This site is optimized with the Yoast SEO plugin v25.4 - https:\/\/yoast.com\/wordpress\/plugins\/seo\/ -->\n<title>Excel&#039;de VBA kullanarak bir sayfay\u0131 nas\u0131l yeniden adland\u0131rabilirim?<\/title>\n<meta name=\"description\" content=\"Bu e\u011fitim, VBA kodunu kullanarak Excel&#039;de bir sayfay\u0131 nas\u0131l yeniden adland\u0131raca\u011f\u0131n\u0131z\u0131 \u00f6\u011frenmenize yard\u0131mc\u0131 olur. Bir de\u011fer kullanma se\u00e7ene\u011finiz vard\u0131r\" \/>\n<meta name=\"robots\" content=\"index, follow, max-snippet:-1, max-image-preview:large, max-video-preview:-1\" \/>\n<link rel=\"canonical\" href=\"https:\/\/exceladvisor.org\/tr\/sayfayi-yeniden-adlandir\/\" \/>\n<meta property=\"og:locale\" content=\"tr_TR\" \/>\n<meta property=\"og:type\" content=\"article\" \/>\n<meta property=\"og:title\" content=\"Excel&#039;de VBA kullanarak bir sayfay\u0131 nas\u0131l yeniden adland\u0131rabilirim?\" \/>\n<meta property=\"og:description\" content=\"Bu e\u011fitim, VBA kodunu kullanarak Excel&#039;de bir sayfay\u0131 nas\u0131l yeniden adland\u0131raca\u011f\u0131n\u0131z\u0131 \u00f6\u011frenmenize yard\u0131mc\u0131 olur. Bir de\u011fer kullanma se\u00e7ene\u011finiz vard\u0131r\" \/>\n<meta property=\"og:url\" content=\"https:\/\/exceladvisor.org\/tr\/sayfayi-yeniden-adlandir\/\" \/>\n<meta property=\"og:site_name\" content=\"Excel Advisor\" \/>\n<meta property=\"article:modified_time\" content=\"2023-12-10T06:02:54+00:00\" \/>\n<meta property=\"og:image\" content=\"https:\/\/exceladvisor.org\/wp-content\/uploads\/2023\/08\/1-definir-la-feuille-que-vous-souhaitez-renommer.png\" \/>\n<meta name=\"twitter:card\" content=\"summary_large_image\" \/>\n<meta name=\"twitter:label1\" content=\"Tahmini okuma s\u00fcresi\" \/>\n\t<meta name=\"twitter:data1\" content=\"4 dakika\" \/>\n<script type=\"application\/ld+json\" class=\"yoast-schema-graph\">{\"@context\":\"https:\/\/schema.org\",\"@graph\":[{\"@type\":\"WebPage\",\"@id\":\"https:\/\/exceladvisor.org\/tr\/sayfayi-yeniden-adlandir\/\",\"url\":\"https:\/\/exceladvisor.org\/tr\/sayfayi-yeniden-adlandir\/\",\"name\":\"Excel&#39;de VBA kullanarak bir sayfay\u0131 nas\u0131l yeniden adland\u0131rabilirim?\",\"isPartOf\":{\"@id\":\"https:\/\/exceladvisor.org\/tr\/#website\"},\"primaryImageOfPage\":{\"@id\":\"https:\/\/exceladvisor.org\/tr\/sayfayi-yeniden-adlandir\/#primaryimage\"},\"image\":{\"@id\":\"https:\/\/exceladvisor.org\/tr\/sayfayi-yeniden-adlandir\/#primaryimage\"},\"thumbnailUrl\":\"https:\/\/exceladvisor.org\/wp-content\/uploads\/2023\/08\/1-definir-la-feuille-que-vous-souhaitez-renommer.png\",\"datePublished\":\"2023-11-15T14:55:11+00:00\",\"dateModified\":\"2023-12-10T06:02:54+00:00\",\"description\":\"Bu e\u011fitim, VBA kodunu kullanarak Excel&#39;de bir sayfay\u0131 nas\u0131l yeniden adland\u0131raca\u011f\u0131n\u0131z\u0131 \u00f6\u011frenmenize yard\u0131mc\u0131 olur. Bir de\u011fer kullanma se\u00e7ene\u011finiz vard\u0131r\",\"breadcrumb\":{\"@id\":\"https:\/\/exceladvisor.org\/tr\/sayfayi-yeniden-adlandir\/#breadcrumb\"},\"inLanguage\":\"tr\",\"potentialAction\":[{\"@type\":\"ReadAction\",\"target\":[\"https:\/\/exceladvisor.org\/tr\/sayfayi-yeniden-adlandir\/\"]}]},{\"@type\":\"ImageObject\",\"inLanguage\":\"tr\",\"@id\":\"https:\/\/exceladvisor.org\/tr\/sayfayi-yeniden-adlandir\/#primaryimage\",\"url\":\"https:\/\/exceladvisor.org\/wp-content\/uploads\/2023\/08\/1-definir-la-feuille-que-vous-souhaitez-renommer.png\",\"contentUrl\":\"https:\/\/exceladvisor.org\/wp-content\/uploads\/2023\/08\/1-definir-la-feuille-que-vous-souhaitez-renommer.png\"},{\"@type\":\"BreadcrumbList\",\"@id\":\"https:\/\/exceladvisor.org\/tr\/sayfayi-yeniden-adlandir\/#breadcrumb\",\"itemListElement\":[{\"@type\":\"ListItem\",\"position\":1,\"name\":\"Ev\",\"item\":\"https:\/\/exceladvisor.org\/tr\/\"},{\"@type\":\"ListItem\",\"position\":2,\"name\":\"Excel&#39;de vba kullanarak bir sayfay\u0131 nas\u0131l yeniden adland\u0131rabilirim?\"}]},{\"@type\":\"WebSite\",\"@id\":\"https:\/\/exceladvisor.org\/tr\/#website\",\"url\":\"https:\/\/exceladvisor.org\/tr\/\",\"name\":\"Excel Advisor\",\"description\":\"Veri hakimiyetine y\u00f6nelik nihai rehberiniz!\",\"publisher\":{\"@id\":\"https:\/\/exceladvisor.org\/tr\/#organization\"},\"potentialAction\":[{\"@type\":\"SearchAction\",\"target\":{\"@type\":\"EntryPoint\",\"urlTemplate\":\"https:\/\/exceladvisor.org\/tr\/?s={search_term_string}\"},\"query-input\":{\"@type\":\"PropertyValueSpecification\",\"valueRequired\":true,\"valueName\":\"search_term_string\"}}],\"inLanguage\":\"tr\"},{\"@type\":\"Organization\",\"@id\":\"https:\/\/exceladvisor.org\/tr\/#organization\",\"name\":\"Excel Advisor\",\"url\":\"https:\/\/exceladvisor.org\/tr\/\",\"logo\":{\"@type\":\"ImageObject\",\"inLanguage\":\"tr\",\"@id\":\"https:\/\/exceladvisor.org\/tr\/#\/schema\/logo\/image\/\",\"url\":\"https:\/\/exceladvisor.org\/tr\/wp-content\/uploads\/2023\/12\/exceladvisor.org_.png\",\"contentUrl\":\"https:\/\/exceladvisor.org\/tr\/wp-content\/uploads\/2023\/12\/exceladvisor.org_.png\",\"width\":105,\"height\":36,\"caption\":\"Excel Advisor\"},\"image\":{\"@id\":\"https:\/\/exceladvisor.org\/tr\/#\/schema\/logo\/image\/\"}}]}<\/script>\n<!-- \/ Yoast SEO plugin. -->","yoast_head_json":{"title":"Excel&#39;de VBA kullanarak bir sayfay\u0131 nas\u0131l yeniden adland\u0131rabilirim?","description":"Bu e\u011fitim, VBA kodunu kullanarak Excel&#39;de bir sayfay\u0131 nas\u0131l yeniden adland\u0131raca\u011f\u0131n\u0131z\u0131 \u00f6\u011frenmenize yard\u0131mc\u0131 olur. Bir de\u011fer kullanma se\u00e7ene\u011finiz vard\u0131r","robots":{"index":"index","follow":"follow","max-snippet":"max-snippet:-1","max-image-preview":"max-image-preview:large","max-video-preview":"max-video-preview:-1"},"canonical":"https:\/\/exceladvisor.org\/tr\/sayfayi-yeniden-adlandir\/","og_locale":"tr_TR","og_type":"article","og_title":"Excel&#39;de VBA kullanarak bir sayfay\u0131 nas\u0131l yeniden adland\u0131rabilirim?","og_description":"Bu e\u011fitim, VBA kodunu kullanarak Excel&#39;de bir sayfay\u0131 nas\u0131l yeniden adland\u0131raca\u011f\u0131n\u0131z\u0131 \u00f6\u011frenmenize yard\u0131mc\u0131 olur. Bir de\u011fer kullanma se\u00e7ene\u011finiz vard\u0131r","og_url":"https:\/\/exceladvisor.org\/tr\/sayfayi-yeniden-adlandir\/","og_site_name":"Excel Advisor","article_modified_time":"2023-12-10T06:02:54+00:00","og_image":[{"url":"https:\/\/exceladvisor.org\/wp-content\/uploads\/2023\/08\/1-definir-la-feuille-que-vous-souhaitez-renommer.png","type":"","width":"","height":""}],"twitter_card":"summary_large_image","twitter_misc":{"Tahmini okuma s\u00fcresi":"4 dakika"},"schema":{"@context":"https:\/\/schema.org","@graph":[{"@type":"WebPage","@id":"https:\/\/exceladvisor.org\/tr\/sayfayi-yeniden-adlandir\/","url":"https:\/\/exceladvisor.org\/tr\/sayfayi-yeniden-adlandir\/","name":"Excel&#39;de VBA kullanarak bir sayfay\u0131 nas\u0131l yeniden adland\u0131rabilirim?","isPartOf":{"@id":"https:\/\/exceladvisor.org\/tr\/#website"},"primaryImageOfPage":{"@id":"https:\/\/exceladvisor.org\/tr\/sayfayi-yeniden-adlandir\/#primaryimage"},"image":{"@id":"https:\/\/exceladvisor.org\/tr\/sayfayi-yeniden-adlandir\/#primaryimage"},"thumbnailUrl":"https:\/\/exceladvisor.org\/wp-content\/uploads\/2023\/08\/1-definir-la-feuille-que-vous-souhaitez-renommer.png","datePublished":"2023-11-15T14:55:11+00:00","dateModified":"2023-12-10T06:02:54+00:00","description":"Bu e\u011fitim, VBA kodunu kullanarak Excel&#39;de bir sayfay\u0131 nas\u0131l yeniden adland\u0131raca\u011f\u0131n\u0131z\u0131 \u00f6\u011frenmenize yard\u0131mc\u0131 olur. Bir de\u011fer kullanma se\u00e7ene\u011finiz vard\u0131r","breadcrumb":{"@id":"https:\/\/exceladvisor.org\/tr\/sayfayi-yeniden-adlandir\/#breadcrumb"},"inLanguage":"tr","potentialAction":[{"@type":"ReadAction","target":["https:\/\/exceladvisor.org\/tr\/sayfayi-yeniden-adlandir\/"]}]},{"@type":"ImageObject","inLanguage":"tr","@id":"https:\/\/exceladvisor.org\/tr\/sayfayi-yeniden-adlandir\/#primaryimage","url":"https:\/\/exceladvisor.org\/wp-content\/uploads\/2023\/08\/1-definir-la-feuille-que-vous-souhaitez-renommer.png","contentUrl":"https:\/\/exceladvisor.org\/wp-content\/uploads\/2023\/08\/1-definir-la-feuille-que-vous-souhaitez-renommer.png"},{"@type":"BreadcrumbList","@id":"https:\/\/exceladvisor.org\/tr\/sayfayi-yeniden-adlandir\/#breadcrumb","itemListElement":[{"@type":"ListItem","position":1,"name":"Ev","item":"https:\/\/exceladvisor.org\/tr\/"},{"@type":"ListItem","position":2,"name":"Excel&#39;de vba kullanarak bir sayfay\u0131 nas\u0131l yeniden adland\u0131rabilirim?"}]},{"@type":"WebSite","@id":"https:\/\/exceladvisor.org\/tr\/#website","url":"https:\/\/exceladvisor.org\/tr\/","name":"Excel Advisor","description":"Veri hakimiyetine y\u00f6nelik nihai rehberiniz!","publisher":{"@id":"https:\/\/exceladvisor.org\/tr\/#organization"},"potentialAction":[{"@type":"SearchAction","target":{"@type":"EntryPoint","urlTemplate":"https:\/\/exceladvisor.org\/tr\/?s={search_term_string}"},"query-input":{"@type":"PropertyValueSpecification","valueRequired":true,"valueName":"search_term_string"}}],"inLanguage":"tr"},{"@type":"Organization","@id":"https:\/\/exceladvisor.org\/tr\/#organization","name":"Excel Advisor","url":"https:\/\/exceladvisor.org\/tr\/","logo":{"@type":"ImageObject","inLanguage":"tr","@id":"https:\/\/exceladvisor.org\/tr\/#\/schema\/logo\/image\/","url":"https:\/\/exceladvisor.org\/tr\/wp-content\/uploads\/2023\/12\/exceladvisor.org_.png","contentUrl":"https:\/\/exceladvisor.org\/tr\/wp-content\/uploads\/2023\/12\/exceladvisor.org_.png","width":105,"height":36,"caption":"Excel Advisor"},"image":{"@id":"https:\/\/exceladvisor.org\/tr\/#\/schema\/logo\/image\/"}}]}},"yoast_meta":{"yoast_wpseo_title":"","yoast_wpseo_metadesc":"","yoast_wpseo_canonical":""},"_links":{"self":[{"href":"https:\/\/exceladvisor.org\/tr\/wp-json\/wp\/v2\/pages\/1597","targetHints":{"allow":["GET"]}}],"collection":[{"href":"https:\/\/exceladvisor.org\/tr\/wp-json\/wp\/v2\/pages"}],"about":[{"href":"https:\/\/exceladvisor.org\/tr\/wp-json\/wp\/v2\/types\/page"}],"author":[{"embeddable":true,"href":"https:\/\/exceladvisor.org\/tr\/wp-json\/wp\/v2\/users\/1"}],"replies":[{"embeddable":true,"href":"https:\/\/exceladvisor.org\/tr\/wp-json\/wp\/v2\/comments?post=1597"}],"version-history":[{"count":1,"href":"https:\/\/exceladvisor.org\/tr\/wp-json\/wp\/v2\/pages\/1597\/revisions"}],"predecessor-version":[{"id":2624,"href":"https:\/\/exceladvisor.org\/tr\/wp-json\/wp\/v2\/pages\/1597\/revisions\/2624"}],"wp:attachment":[{"href":"https:\/\/exceladvisor.org\/tr\/wp-json\/wp\/v2\/media?parent=1597"}],"curies":[{"name":"wp","href":"https:\/\/api.w.org\/{rel}","templated":true}]}}