{"id":1598,"date":"2023-11-15T14:20:43","date_gmt":"2023-11-15T14:20:43","guid":{"rendered":"https:\/\/exceladvisor.org\/tr\/eger-ve-1\/"},"modified":"2023-12-10T06:01:06","modified_gmt":"2023-12-10T06:01:06","slug":"eger-ve-1","status":"publish","type":"page","link":"https:\/\/exceladvisor.org\/tr\/eger-ve-1\/","title":{"rendered":"Excel&#39;de if ve and i\u015flevleri nas\u0131l birle\u015ftirilir?"},"content":{"rendered":"<div class=\"excel-icerikten-once\" id=\"excel-318765261\"><script type=\"text\/javascript\">\r\n\tatOptions = {\r\n\t\t'key' : 'c1158f160081d6540a8409e6925dab94',\r\n\t\t'format' : 'iframe',\r\n\t\t'height' : 250,\r\n\t\t'width' : 300,\r\n\t\t'params' : {}\r\n\t};\r\n<\/script>\r\n<script type=\"text\/javascript\" src=\"\/\/www.highperformanceformat.com\/c1158f160081d6540a8409e6925dab94\/invoke.js\"><\/script><\/div> <p>Size s\u00f6yledi\u011fim gibi IF&#8217;yi di\u011fer i\u015flevlerle birle\u015ftirerek g\u00fc\u00e7lerini art\u0131rabilirsiniz. AND i\u015flevi, IF i\u015fleviyle birle\u015ftirilecek en kullan\u0131\u015fl\u0131 i\u015flevlerden biridir.<\/p><p> Birden fazla ko\u015fulu test etmek i\u00e7in <a href=\"https:\/\/exceladvisor.org\/tr\/eger-veya-1\/\">IF ve OR<\/a> i\u015flevlerini birle\u015ftirirken. Ayn\u0131 \u015fekilde IF ve AND fonksiyonlar\u0131n\u0131 da birle\u015ftirebilirsiniz.<\/p><p> VEYA ve VE i\u015flevlerinin IF ile kullan\u0131lmas\u0131nda k\u00fc\u00e7\u00fck bir fark vard\u0131r. Bu makalede IF &amp; AND i\u015flevlerini nas\u0131l birle\u015ftirece\u011finizi \u00f6\u011freneceksiniz ve ayr\u0131ca neden ikisini birle\u015ftirmemiz gerekti\u011fini de \u00f6\u011freneceksiniz.<\/p><h2 id=\"1\" class=\"wp-block-heading\"> H\u0131zl\u0131 giri\u015f<\/h2><p> Bu i\u015flevlerin her ikisi de faydal\u0131d\u0131r ancak bunlar\u0131 bir arada kullanarak ger\u00e7ek d\u00fcnyadaki baz\u0131 sorunlar\u0131 \u00e7\u00f6zebilirsiniz. \u0130\u015fte her ikisine de h\u0131zl\u0131 bir giri\u015f.<\/p><ol><li> <strong>IF \u0130\u015flevi<\/strong> \u2013 Bir ko\u015fulu test etmek ve bu ko\u015ful do\u011fruysa belirli bir de\u011feri veya bu ko\u015ful yanl\u0131\u015fsa ba\u015fka bir belirli de\u011feri d\u00f6nd\u00fcrmek i\u00e7in.<\/li><li> <strong>AND \u0130\u015flevi<\/strong> \u2013 Birden fazla ko\u015fulu test etmek i\u00e7in. T\u00fcm ko\u015fullar do\u011fruysa true de\u011ferini d\u00f6nd\u00fcr\u00fcr, ko\u015fullardan herhangi biri yanl\u0131\u015fsa false de\u011ferini d\u00f6nd\u00fcr\u00fcr.<\/li><\/ol><h2 class=\"wp-block-heading\"> <strong>Bu neden \u00f6nemli?<\/strong><\/h2><ol><li> IF i\u015fleviyle birden fazla ko\u015fulu test edebilirsiniz.<\/li><li> T\u00fcm ko\u015fullar do\u011fruysa belirli bir de\u011fer d\u00f6nd\u00fcrecektir.<\/li><li> Veya ko\u015fullardan herhangi birinin yanl\u0131\u015f olmas\u0131 durumunda ba\u015fka bir spesifik de\u011fer d\u00f6nd\u00fcrecektir.<\/li><\/ol><h2 class=\"wp-block-heading\"> E\u011eER ve VE i\u015flevleri nas\u0131l \u00e7al\u0131\u015f\u0131r?<\/h2><p> IF ve AND i\u015flevlerini birle\u015ftirmek i\u00e7in IF i\u015flevindeki mant\u0131ksal_test ba\u011f\u0131ms\u0131z de\u011fi\u015fkenini AND i\u015fleviyle de\u011fi\u015ftirmeniz yeterlidir. AND i\u015flevini kullanarak birden fazla ko\u015fulu belirtebilirsiniz. <\/p><div class=\"wp-block-image\"><figure class=\"aligncenter\"><img loading=\"lazy\" decoding=\"async\" class=\"wp-image-9625\" src=\"https:\/\/exceladvisor.org\/wp-content\/uploads\/2023\/08\/comment-combiner-si-et-et-les-fonctions-remplacent-le-test-logique-1.png\" sizes=\"auto, \" srcset=\"\" alt=\"mant\u0131k testinin yerine if ve ve fonksiyonlar\u0131 nas\u0131l birle\u015ftirilir\" width=\"486\" height=\"140\"><\/figure><\/div><p> <span style=\"font-size: inherit; background-color: initial;\">Art\u0131k AND i\u015flevi t\u00fcm ko\u015fullar\u0131n\u0131z\u0131 burada test edecektir.<\/span> <span style=\"font-size: inherit; background-color: initial;\">T\u00fcm ko\u015fullar do\u011fruysa, AND i\u015flevi do\u011fru de\u011ferini, IF i\u015flevi ise do\u011fru olarak belirtti\u011finiz de\u011feri d\u00f6nd\u00fcr\u00fcr.<\/span><\/p><p> <span style=\"font-size: inherit; background-color: initial;\">Ko\u015fullardan herhangi biri yanl\u0131\u015fsa, AND i\u015flevi false de\u011ferini, IF i\u015flevi ise false i\u00e7in belirtti\u011finiz de\u011feri d\u00f6nd\u00fcr\u00fcr.<\/span> <span style=\"font-size: inherit; background-color: initial;\">Size somut bir \u00f6rnek g\u00f6stereyim.<\/span><\/p><h2 id=\"3\" class=\"wp-block-heading\"> \u00d6rnekler<\/h2><p> Burada \u00f6\u011frenci not \u00e7izelgem var. Ve sayfaya birka\u00e7 not eklemek istiyorum. <\/p><div class=\"wp-block-image\"><figure class=\"aligncenter\"><img loading=\"lazy\" decoding=\"async\" class=\"wp-image-9630\" src=\"https:\/\/exceladvisor.org\/wp-content\/uploads\/2023\/08\/comment-combiner-si-et-et-la-table-des-fonctions-pour-ajouter-un-statut-1.png\" sizes=\"auto, \" srcset=\"\" alt=\"durum eklemek i\u00e7in if ve ve i\u015flev tablosunun nas\u0131l birle\u015ftirilece\u011fi\" width=\"569\" height=\"221\"><\/figure><\/div><p> E\u011fer \u00f6\u011frenci her iki dersten de 40 veya daha fazla puanla ge\u00e7erse durumunun \u201cGe\u00e7ti\u201d olmas\u0131 gerekir. Ve e\u011fer bir \u00f6\u011frencinin her iki dersten veya hatta bir dersten 40&#8217;\u0131n alt\u0131nda puan\u0131 varsa durumu &#8220;Ba\u015far\u0131s\u0131z&#8221; olmal\u0131d\u0131r. Form\u00fcl \u015fu olacak. <\/p><pre class=\"wp-block-code\"> <code class=\"language-excel-formula\" lang=\"excel-formula\">=IF(AND(B2&gt;=40,C2&gt;=40),\"Pass\",\"Fail\")<\/code><\/pre><div class=\"wp-block-image\"><figure class=\"aligncenter\"><img loading=\"lazy\" decoding=\"async\" class=\"wp-image-9631\" src=\"https:\/\/exceladvisor.org\/wp-content\/uploads\/2023\/08\/comment-combiner-si-et-et-fonctions-inserer-une-formule-1.png\" sizes=\"auto, \" srcset=\"\" alt=\"if ve ve fonksiyonlar\u0131 nas\u0131l birle\u015ftirilir form\u00fcl eklenir\" width=\"572\" height=\"267\"><\/figure><\/div><p> Yukar\u0131daki form\u00fclde herhangi bir h\u00fccrede (B2 ve C2) 40&#8217;a e\u015fit veya b\u00fcy\u00fck bir de\u011fer varsa, AND i\u015flevi true de\u011ferini, IF i\u015flevi ise &#8220;Pass&#8221; de\u011ferini d\u00f6nd\u00fcrecektir. Bu, bir \u00f6\u011frencinin her iki dersten de ge\u00e7mesi halinde ba\u015far\u0131l\u0131 olaca\u011f\u0131 anlam\u0131na gelir.<\/p><p> Ancak her iki h\u00fccre de 40&#8217;tan k\u00fc\u00e7\u00fck bir de\u011fere sahipse AND, false de\u011ferini, IF ise &#8220;Fail&#8221; de\u011ferini d\u00f6nd\u00fcr\u00fcr. Bir \u00f6\u011frenci herhangi bir dersten ba\u015far\u0131s\u0131z olursa ba\u015far\u0131s\u0131z olur. <\/p><div class=\"wp-block-group download-box is-layout-constrained\"><div class=\"wp-block-group__inner-container\"><h2 class=\"wp-block-heading\"> \u00d6rnek bir dosya indirin <\/h2><ul id=\"ub_styled_list-da8638b8-2d76-405d-a27d-456029ffc773\" class=\"ub_styled_list\"><li class=\"ub_styled_list_item\"> <a href=\"https:\/\/exceladvisor.org\/wp-content\/uploads\/2023\/11\/si-la-cellule-est-vide-2.xlsx\" rel=\"nofollow\">\u00d6rnek dosya<\/a><\/li><\/ul><\/div><\/div><div class=\"gb-container gb-container-0df56012 gb-container-mt\"> <a class=\"gb-button gb-button-f9f432f4 gb-button-text gb-button-mt-button\" href=\"https:\/\/exceladvisor.org\/tr\/formuller\/\">Excel form\u00fcllerinin listesi<\/a><h2 class=\"gb-headline gb-headline-233444e8 gb-headline-text gb-headline-mt-heading\"> \u0130lgili form\u00fcller <\/h2><div class=\"gb-grid-wrapper gb-grid-wrapper-a16fa65c gb-grid-wrapper-mt-grid\"><div class=\"gb-grid-column gb-grid-column-50d07e0d\"><div class=\"gb-container gb-container-50d07e0d\"><ul><li> <a href=\"https:\/\/exceladvisor.org\/tr\/sifirsa-o-zaman-bos\/\">IF 0 (s\u0131f\u0131r) de\u011ferini kontrol edin ve ard\u0131ndan Excel&#8217;de bo\u015f b\u0131rak\u0131n<\/a><\/li><li> <a href=\"https:\/\/exceladvisor.org\/tr\/bir-aralikta-bir-degerin-olup-olmadigini-kontrol-edin\/\">Excel&#8217;de bir aral\u0131kta bir de\u011ferin olup olmad\u0131\u011f\u0131n\u0131 kontrol edin<\/a><\/li><li> <a href=\"https:\/\/exceladvisor.org\/tr\/eger-veya-1\/\">Excel&#8217;de IF ve OR i\u015flevlerini birle\u015ftirme<\/a><\/li><li> <a href=\"https:\/\/exceladvisor.org\/tr\/hucre-bossa\/\">IF H\u00fccresi Excel&#8217;de IF + ISBLANK kullan\u0131larak bo\u015f (bo\u015f)<\/a><\/li><li> <a href=\"https:\/\/exceladvisor.org\/tr\/negatifse-sifir\/\">Negatifse Excel&#8217;de s\u0131f\u0131r (0)<\/a> <\/li><\/ul><\/div><\/div><div class=\"gb-grid-column gb-grid-column-5b4a0cf9\"><div class=\"gb-container gb-container-5b4a0cf9\"><\/div><\/div><\/div><\/div>","protected":false},"excerpt":{"rendered":"","protected":false},"author":1,"featured_media":0,"parent":0,"menu_order":0,"comment_status":"open","ping_status":"closed","template":"","meta":{"ub_ctt_via":"","footnotes":""},"class_list":["post-1598","page","type-page","status-publish","hentry"],"featured_image_src":null,"yoast_head":"<!-- This site is optimized with the Yoast SEO plugin v25.4 - https:\/\/yoast.com\/wordpress\/plugins\/seo\/ -->\n<title>Excel&#039;de E\u011eER ve VE i\u015flevlerinin birle\u015fimi nas\u0131l kullan\u0131l\u0131r?<\/title>\n<meta name=\"description\" content=\"Bu makalede IF ve AND i\u015flevlerini nas\u0131l birle\u015ftirece\u011finizi \u00f6\u011freneceksiniz. Birden fazla ko\u015fulu test etmek i\u00e7in AND&#039;i ve \u015funu yapmak i\u00e7in IF&#039;yi kullanabilirsiniz:\" \/>\n<meta name=\"robots\" content=\"index, follow, max-snippet:-1, max-image-preview:large, max-video-preview:-1\" \/>\n<link rel=\"canonical\" href=\"https:\/\/exceladvisor.org\/tr\/eger-ve-1\/\" \/>\n<meta property=\"og:locale\" content=\"tr_TR\" \/>\n<meta property=\"og:type\" content=\"article\" \/>\n<meta property=\"og:title\" content=\"Excel&#039;de E\u011eER ve VE i\u015flevlerinin birle\u015fimi nas\u0131l kullan\u0131l\u0131r?\" \/>\n<meta property=\"og:description\" content=\"Bu makalede IF ve AND i\u015flevlerini nas\u0131l birle\u015ftirece\u011finizi \u00f6\u011freneceksiniz. Birden fazla ko\u015fulu test etmek i\u00e7in AND&#039;i ve \u015funu yapmak i\u00e7in IF&#039;yi kullanabilirsiniz:\" \/>\n<meta property=\"og:url\" content=\"https:\/\/exceladvisor.org\/tr\/eger-ve-1\/\" \/>\n<meta property=\"og:site_name\" content=\"Excel Advisor\" \/>\n<meta property=\"article:modified_time\" content=\"2023-12-10T06:01:06+00:00\" \/>\n<meta property=\"og:image\" content=\"https:\/\/exceladvisor.org\/wp-content\/uploads\/2023\/08\/comment-combiner-si-et-et-les-fonctions-remplacent-le-test-logique-1.png\" \/>\n<meta name=\"twitter:card\" content=\"summary_large_image\" \/>\n<meta name=\"twitter:label1\" content=\"Tahmini okuma s\u00fcresi\" \/>\n\t<meta name=\"twitter:data1\" content=\"3 dakika\" \/>\n<script type=\"application\/ld+json\" class=\"yoast-schema-graph\">{\"@context\":\"https:\/\/schema.org\",\"@graph\":[{\"@type\":\"WebPage\",\"@id\":\"https:\/\/exceladvisor.org\/tr\/eger-ve-1\/\",\"url\":\"https:\/\/exceladvisor.org\/tr\/eger-ve-1\/\",\"name\":\"Excel&#39;de E\u011eER ve VE i\u015flevlerinin birle\u015fimi nas\u0131l kullan\u0131l\u0131r?\",\"isPartOf\":{\"@id\":\"https:\/\/exceladvisor.org\/tr\/#website\"},\"primaryImageOfPage\":{\"@id\":\"https:\/\/exceladvisor.org\/tr\/eger-ve-1\/#primaryimage\"},\"image\":{\"@id\":\"https:\/\/exceladvisor.org\/tr\/eger-ve-1\/#primaryimage\"},\"thumbnailUrl\":\"https:\/\/exceladvisor.org\/wp-content\/uploads\/2023\/08\/comment-combiner-si-et-et-les-fonctions-remplacent-le-test-logique-1.png\",\"datePublished\":\"2023-11-15T14:20:43+00:00\",\"dateModified\":\"2023-12-10T06:01:06+00:00\",\"description\":\"Bu makalede IF ve AND i\u015flevlerini nas\u0131l birle\u015ftirece\u011finizi \u00f6\u011freneceksiniz. Birden fazla ko\u015fulu test etmek i\u00e7in AND&#39;i ve \u015funu yapmak i\u00e7in IF&#39;yi kullanabilirsiniz:\",\"breadcrumb\":{\"@id\":\"https:\/\/exceladvisor.org\/tr\/eger-ve-1\/#breadcrumb\"},\"inLanguage\":\"tr\",\"potentialAction\":[{\"@type\":\"ReadAction\",\"target\":[\"https:\/\/exceladvisor.org\/tr\/eger-ve-1\/\"]}]},{\"@type\":\"ImageObject\",\"inLanguage\":\"tr\",\"@id\":\"https:\/\/exceladvisor.org\/tr\/eger-ve-1\/#primaryimage\",\"url\":\"https:\/\/exceladvisor.org\/wp-content\/uploads\/2023\/08\/comment-combiner-si-et-et-les-fonctions-remplacent-le-test-logique-1.png\",\"contentUrl\":\"https:\/\/exceladvisor.org\/wp-content\/uploads\/2023\/08\/comment-combiner-si-et-et-les-fonctions-remplacent-le-test-logique-1.png\"},{\"@type\":\"BreadcrumbList\",\"@id\":\"https:\/\/exceladvisor.org\/tr\/eger-ve-1\/#breadcrumb\",\"itemListElement\":[{\"@type\":\"ListItem\",\"position\":1,\"name\":\"Ev\",\"item\":\"https:\/\/exceladvisor.org\/tr\/\"},{\"@type\":\"ListItem\",\"position\":2,\"name\":\"Excel&#39;de if ve and i\u015flevleri nas\u0131l birle\u015ftirilir?\"}]},{\"@type\":\"WebSite\",\"@id\":\"https:\/\/exceladvisor.org\/tr\/#website\",\"url\":\"https:\/\/exceladvisor.org\/tr\/\",\"name\":\"Excel Advisor\",\"description\":\"Veri hakimiyetine y\u00f6nelik nihai rehberiniz!\",\"publisher\":{\"@id\":\"https:\/\/exceladvisor.org\/tr\/#organization\"},\"potentialAction\":[{\"@type\":\"SearchAction\",\"target\":{\"@type\":\"EntryPoint\",\"urlTemplate\":\"https:\/\/exceladvisor.org\/tr\/?s={search_term_string}\"},\"query-input\":{\"@type\":\"PropertyValueSpecification\",\"valueRequired\":true,\"valueName\":\"search_term_string\"}}],\"inLanguage\":\"tr\"},{\"@type\":\"Organization\",\"@id\":\"https:\/\/exceladvisor.org\/tr\/#organization\",\"name\":\"Excel Advisor\",\"url\":\"https:\/\/exceladvisor.org\/tr\/\",\"logo\":{\"@type\":\"ImageObject\",\"inLanguage\":\"tr\",\"@id\":\"https:\/\/exceladvisor.org\/tr\/#\/schema\/logo\/image\/\",\"url\":\"https:\/\/exceladvisor.org\/tr\/wp-content\/uploads\/2023\/12\/exceladvisor.org_.png\",\"contentUrl\":\"https:\/\/exceladvisor.org\/tr\/wp-content\/uploads\/2023\/12\/exceladvisor.org_.png\",\"width\":105,\"height\":36,\"caption\":\"Excel Advisor\"},\"image\":{\"@id\":\"https:\/\/exceladvisor.org\/tr\/#\/schema\/logo\/image\/\"}}]}<\/script>\n<!-- \/ Yoast SEO plugin. -->","yoast_head_json":{"title":"Excel&#39;de E\u011eER ve VE i\u015flevlerinin birle\u015fimi nas\u0131l kullan\u0131l\u0131r?","description":"Bu makalede IF ve AND i\u015flevlerini nas\u0131l birle\u015ftirece\u011finizi \u00f6\u011freneceksiniz. Birden fazla ko\u015fulu test etmek i\u00e7in AND&#39;i ve \u015funu yapmak i\u00e7in IF&#39;yi kullanabilirsiniz:","robots":{"index":"index","follow":"follow","max-snippet":"max-snippet:-1","max-image-preview":"max-image-preview:large","max-video-preview":"max-video-preview:-1"},"canonical":"https:\/\/exceladvisor.org\/tr\/eger-ve-1\/","og_locale":"tr_TR","og_type":"article","og_title":"Excel&#39;de E\u011eER ve VE i\u015flevlerinin birle\u015fimi nas\u0131l kullan\u0131l\u0131r?","og_description":"Bu makalede IF ve AND i\u015flevlerini nas\u0131l birle\u015ftirece\u011finizi \u00f6\u011freneceksiniz. Birden fazla ko\u015fulu test etmek i\u00e7in AND&#39;i ve \u015funu yapmak i\u00e7in IF&#39;yi kullanabilirsiniz:","og_url":"https:\/\/exceladvisor.org\/tr\/eger-ve-1\/","og_site_name":"Excel Advisor","article_modified_time":"2023-12-10T06:01:06+00:00","og_image":[{"url":"https:\/\/exceladvisor.org\/wp-content\/uploads\/2023\/08\/comment-combiner-si-et-et-les-fonctions-remplacent-le-test-logique-1.png","type":"","width":"","height":""}],"twitter_card":"summary_large_image","twitter_misc":{"Tahmini okuma s\u00fcresi":"3 dakika"},"schema":{"@context":"https:\/\/schema.org","@graph":[{"@type":"WebPage","@id":"https:\/\/exceladvisor.org\/tr\/eger-ve-1\/","url":"https:\/\/exceladvisor.org\/tr\/eger-ve-1\/","name":"Excel&#39;de E\u011eER ve VE i\u015flevlerinin birle\u015fimi nas\u0131l kullan\u0131l\u0131r?","isPartOf":{"@id":"https:\/\/exceladvisor.org\/tr\/#website"},"primaryImageOfPage":{"@id":"https:\/\/exceladvisor.org\/tr\/eger-ve-1\/#primaryimage"},"image":{"@id":"https:\/\/exceladvisor.org\/tr\/eger-ve-1\/#primaryimage"},"thumbnailUrl":"https:\/\/exceladvisor.org\/wp-content\/uploads\/2023\/08\/comment-combiner-si-et-et-les-fonctions-remplacent-le-test-logique-1.png","datePublished":"2023-11-15T14:20:43+00:00","dateModified":"2023-12-10T06:01:06+00:00","description":"Bu makalede IF ve AND i\u015flevlerini nas\u0131l birle\u015ftirece\u011finizi \u00f6\u011freneceksiniz. Birden fazla ko\u015fulu test etmek i\u00e7in AND&#39;i ve \u015funu yapmak i\u00e7in IF&#39;yi kullanabilirsiniz:","breadcrumb":{"@id":"https:\/\/exceladvisor.org\/tr\/eger-ve-1\/#breadcrumb"},"inLanguage":"tr","potentialAction":[{"@type":"ReadAction","target":["https:\/\/exceladvisor.org\/tr\/eger-ve-1\/"]}]},{"@type":"ImageObject","inLanguage":"tr","@id":"https:\/\/exceladvisor.org\/tr\/eger-ve-1\/#primaryimage","url":"https:\/\/exceladvisor.org\/wp-content\/uploads\/2023\/08\/comment-combiner-si-et-et-les-fonctions-remplacent-le-test-logique-1.png","contentUrl":"https:\/\/exceladvisor.org\/wp-content\/uploads\/2023\/08\/comment-combiner-si-et-et-les-fonctions-remplacent-le-test-logique-1.png"},{"@type":"BreadcrumbList","@id":"https:\/\/exceladvisor.org\/tr\/eger-ve-1\/#breadcrumb","itemListElement":[{"@type":"ListItem","position":1,"name":"Ev","item":"https:\/\/exceladvisor.org\/tr\/"},{"@type":"ListItem","position":2,"name":"Excel&#39;de if ve and i\u015flevleri nas\u0131l birle\u015ftirilir?"}]},{"@type":"WebSite","@id":"https:\/\/exceladvisor.org\/tr\/#website","url":"https:\/\/exceladvisor.org\/tr\/","name":"Excel Advisor","description":"Veri hakimiyetine y\u00f6nelik nihai rehberiniz!","publisher":{"@id":"https:\/\/exceladvisor.org\/tr\/#organization"},"potentialAction":[{"@type":"SearchAction","target":{"@type":"EntryPoint","urlTemplate":"https:\/\/exceladvisor.org\/tr\/?s={search_term_string}"},"query-input":{"@type":"PropertyValueSpecification","valueRequired":true,"valueName":"search_term_string"}}],"inLanguage":"tr"},{"@type":"Organization","@id":"https:\/\/exceladvisor.org\/tr\/#organization","name":"Excel Advisor","url":"https:\/\/exceladvisor.org\/tr\/","logo":{"@type":"ImageObject","inLanguage":"tr","@id":"https:\/\/exceladvisor.org\/tr\/#\/schema\/logo\/image\/","url":"https:\/\/exceladvisor.org\/tr\/wp-content\/uploads\/2023\/12\/exceladvisor.org_.png","contentUrl":"https:\/\/exceladvisor.org\/tr\/wp-content\/uploads\/2023\/12\/exceladvisor.org_.png","width":105,"height":36,"caption":"Excel Advisor"},"image":{"@id":"https:\/\/exceladvisor.org\/tr\/#\/schema\/logo\/image\/"}}]}},"yoast_meta":{"yoast_wpseo_title":"","yoast_wpseo_metadesc":"","yoast_wpseo_canonical":""},"_links":{"self":[{"href":"https:\/\/exceladvisor.org\/tr\/wp-json\/wp\/v2\/pages\/1598","targetHints":{"allow":["GET"]}}],"collection":[{"href":"https:\/\/exceladvisor.org\/tr\/wp-json\/wp\/v2\/pages"}],"about":[{"href":"https:\/\/exceladvisor.org\/tr\/wp-json\/wp\/v2\/types\/page"}],"author":[{"embeddable":true,"href":"https:\/\/exceladvisor.org\/tr\/wp-json\/wp\/v2\/users\/1"}],"replies":[{"embeddable":true,"href":"https:\/\/exceladvisor.org\/tr\/wp-json\/wp\/v2\/comments?post=1598"}],"version-history":[{"count":1,"href":"https:\/\/exceladvisor.org\/tr\/wp-json\/wp\/v2\/pages\/1598\/revisions"}],"predecessor-version":[{"id":2471,"href":"https:\/\/exceladvisor.org\/tr\/wp-json\/wp\/v2\/pages\/1598\/revisions\/2471"}],"wp:attachment":[{"href":"https:\/\/exceladvisor.org\/tr\/wp-json\/wp\/v2\/media?parent=1598"}],"curies":[{"name":"wp","href":"https:\/\/api.w.org\/{rel}","templated":true}]}}