{"id":1599,"date":"2023-11-15T14:06:42","date_gmt":"2023-11-15T14:06:42","guid":{"rendered":"https:\/\/exceladvisor.org\/tr\/cift-yonlu-arama\/"},"modified":"2023-12-10T06:01:12","modified_gmt":"2023-12-10T06:01:12","slug":"cift-yonlu-arama","status":"publish","type":"page","link":"https:\/\/exceladvisor.org\/tr\/cift-yonlu-arama\/","title":{"rendered":"Excel&#39;de iki y\u00f6nl\u00fc arama nas\u0131l yap\u0131l\u0131r?"},"content":{"rendered":"<div class=\"excel-icerikten-once\" id=\"excel-3681869421\"><script type=\"text\/javascript\">\r\n\tatOptions = {\r\n\t\t'key' : 'c1158f160081d6540a8409e6925dab94',\r\n\t\t'format' : 'iframe',\r\n\t\t'height' : 250,\r\n\t\t'width' : 300,\r\n\t\t'params' : {}\r\n\t};\r\n<\/script>\r\n<script type=\"text\/javascript\" src=\"\/\/www.highperformanceformat.com\/c1158f160081d6540a8409e6925dab94\/invoke.js\"><\/script><\/div> <p class=\"has-text-align-left\">Bu bazen bir tabloda sat\u0131r ba\u015fl\u0131\u011f\u0131 ve s\u00fctun ba\u015fl\u0131\u011f\u0131na g\u00f6re bir de\u011fer aramam\u0131z gerekti\u011finde meydana gelir. <\/p><div class=\"wp-block-image\"><figure class=\"aligncenter\"><img decoding=\"async\" src=\"https:\/\/exceladvisor.org\/wp-content\/uploads\/2023\/08\/comment-effectuer-une-recherche-bidirectionnelle-dans-un-tableau-a-deux-dimensions-Excel-1.png\" sizes=\"\" srcset=\"\" alt=\"Excel'de iki boyutlu bir tabloda \u00e7ift y\u00f6nl\u00fc arama nas\u0131l yap\u0131l\u0131r\"><\/figure><\/div><p> Belirli bir ay ve b\u00f6lge i\u00e7in yukar\u0131daki tablodan de\u011ferleri alman\u0131z gerekti\u011fini varsayal\u0131m. Burada bu durumda iki y\u00f6nl\u00fc aramay\u0131 kullanabilirsiniz.<\/p><p> \u00c7ift y\u00f6nl\u00fc bir arama ger\u00e7ekle\u015ftirmek, iki boyutlu bir tablodan bir de\u011fer elde etmeyi i\u00e7erir. Bu, tablodaki herhangi bir h\u00fccreden de\u011fer alabilece\u011finiz anlam\u0131na gelir.<\/p><p> Bunun i\u00e7in <a style=\"outline: none;\" href=\"https:\/\/exceladvisor.org\/tr\/vssearch-eslesmesi\/\">e\u015fle\u015fme i\u015flevini D\u00dc\u015eEYARA ile birle\u015ftirmeniz<\/a> gerekir.<\/p><p> Bildi\u011finiz gibi normal bir D\u00dc\u015eEYARA ayn\u0131 anda yaln\u0131zca bir s\u00fctuna bakarak de\u011fer d\u00f6nd\u00fcrebilir.<\/p><p> Bunun nedeni, D\u00dc\u015eEYARA&#8217;n\u0131n col_index arg\u00fcman\u0131n\u0131n statik bir de\u011fer olmas\u0131d\u0131r. Ancak e\u015fle\u015ftirme i\u015flevini D\u00dc\u015eEYARA ile birle\u015ftirirseniz dinamik hale getirebilirsiniz.<\/p><h2 id=\"h-how-to-use-vlookup-match-for-a-two-way-lookup\" class=\"wp-block-heading\"> \u0130ki y\u00f6nl\u00fc ARAMA i\u00e7in D\u00dc\u015eEYARA + E\u015eLE\u015eT\u0130RME nas\u0131l kullan\u0131l\u0131r?<\/h2><p> \u00d6rne\u011fimize d\u00f6nelim. Bir \u015firketin d\u00f6rt farkl\u0131 alan\u0131na ait ayl\u0131k sat\u0131\u015f miktarlar\u0131n\u0131 g\u00f6steren bir tablomuz var. <\/p><div class=\"wp-block-image\"><figure class=\"aligncenter\"><img decoding=\"async\" src=\"https:\/\/exceladvisor.org\/wp-content\/uploads\/2023\/08\/comment-effectuer-une-recherche-bidirectionnelle-dans-un-tableau-a-deux-dimensions-Excel-1.png\" sizes=\"\" srcset=\"\" alt=\"Excel'de iki boyutlu bir tabloda \u00e7ift y\u00f6nl\u00fc arama nas\u0131l yap\u0131l\u0131r\"><\/figure><\/div><p> \u015eimdi patronunuzun belirli bir ay i\u00e7in bir b\u00f6lgenin miktar\u0131n\u0131 kontrol etmek istedi\u011fini varsayal\u0131m (\u00f6rne\u011fin: Eyl\u00fcl ve kuzey b\u00f6lgesi). Ve bunun i\u00e7in masaya bakmay\u0131 sevmiyor ve i\u015fte form\u00fcl: <\/p><pre class=\"wp-block-code\"> <code class=\"language-excel-formula\" lang=\"excel-formula\">=VLOOKUP(month,table,MATCH(zone,heading_row,0),0)<\/code><\/pre><div class=\"wp-block-image\"><figure class=\"aligncenter\"><img decoding=\"async\" src=\"https:\/\/exceladvisor.org\/wp-content\/uploads\/2023\/08\/comment-effectuer-une-recherche-bidirectionnelle-dans-la-formule-Excel-dans-le-tableau-1.png\" sizes=\"\" srcset=\"\" alt=\"tablodaki excel form\u00fcl\u00fcnde iki y\u00f6nl\u00fc arama nas\u0131l yap\u0131l\u0131r\"><\/figure><\/div><h3 id=\"h-how-it-works\" class=\"wp-block-heading\"> Nas\u0131l \u00e7al\u0131\u015f\u0131r<\/h3><p> Daha \u00f6nce de s\u00f6yledi\u011fim gibi col_index&#8217;i dinamik hale getirmek i\u00e7in bir match fonksiyonuna ihtiyac\u0131m\u0131z var. Bu form\u00fcl iki k\u0131s\u0131mda \u00e7al\u0131\u015f\u0131r. Alan\u0131 se\u00e7ti\u011finizde, e\u015fle\u015ftirme i\u015flevi alan\u0131n ba\u015fl\u0131k sat\u0131r\u0131ndaki konumunu d\u00f6nd\u00fcr\u00fcr. <\/p><div class=\"wp-block-image\"><figure class=\"aligncenter\"><img decoding=\"async\" src=\"https:\/\/exceladvisor.org\/wp-content\/uploads\/2023\/08\/comment-effectuer-une-recherche-bidirectionnelle-fonction-de-correspondance-inexcel-pour-lindex-col-1.gif\" sizes=\"\" srcset=\"\" alt=\"s\u00fctun dizini i\u00e7in excel ma\u00e7 i\u015flevinde iki y\u00f6nl\u00fc arama nas\u0131l yap\u0131l\u0131r\"><\/figure><\/div><p> Ve daha sonra D\u00dc\u015eEYARA, bu s\u00fctunun de\u011ferini almak i\u00e7in bu konumu kullan\u0131r. <\/p><div class=\"wp-block-image\"><figure class=\"aligncenter\"><img decoding=\"async\" src=\"https:\/\/exceladvisor.org\/wp-content\/uploads\/2023\/08\/comment-effectuer-une-recherche-bidirectionnelle-dans-excel-comment-ca-marche-1.png\" sizes=\"\" srcset=\"\" alt=\"excel'de \u00e7ift y\u00f6nl\u00fc arama nas\u0131l yap\u0131l\u0131r nas\u0131l \u00e7al\u0131\u015f\u0131r\"><\/figure><\/div><p> Ay\u0131 ve b\u00f6lgeyi her se\u00e7ti\u011finizde sat\u0131r ve s\u00fctunun kesi\u015fimindeki de\u011fer d\u00f6nd\u00fcr\u00fclecektir. Mesele \u015fu ki, D\u00dc\u015eEYARA ile farkl\u0131 s\u00fctunlardan de\u011ferler alman\u0131za olanak tan\u0131yan dinamik bir col_index&#8217;iniz var. <\/p><div class=\"gb-container gb-container-bafb25cc gb-container-download-2\"><div class=\"gb-grid-wrapper gb-grid-wrapper-91201309\"><div class=\"gb-grid-column gb-grid-column-15a917ef\"><div class=\"gb-container gb-container-15a917ef\"><h2 class=\"gb-headline gb-headline-f2deb261 gb-headline-text gb-headline-download-2\"> Excel dosyas\u0131n\u0131 al\u0131n <\/h2><\/div><\/div><div class=\"gb-grid-column gb-grid-column-18357188\"><div class=\"gb-container gb-container-18357188\"><div class=\"gb-container gb-container-76cbe15e\"> <a class=\"gb-button gb-button-cb63d00a gb-button-text gb-button-download-2\" href=\"https:\/\/exceladvisor.org\/wp-content\/uploads\/2023\/11\/recherche-bidirectionnelle-dans-excel.xlsx\" rel=\"nofollow\">\u0130ndirmek<\/a><\/div><\/div><\/div><\/div><\/div><div class=\"gb-container gb-container-0df56012 gb-container-mt\"> <a class=\"gb-button gb-button-f9f432f4 gb-button-text gb-button-mt-button\" href=\"https:\/\/exceladvisor.org\/tr\/formuller\/\">Excel form\u00fcllerinin listesi<\/a><h2 class=\"gb-headline gb-headline-233444e8 gb-headline-text gb-headline-mt-heading\"> \u0130lgili form\u00fcller <\/h2><div class=\"gb-grid-wrapper gb-grid-wrapper-a16fa65c gb-grid-wrapper-mt-grid\"><div class=\"gb-grid-column gb-grid-column-50d07e0d\"><div class=\"gb-container gb-container-50d07e0d\"><ul><li> <a href=\"https:\/\/exceladvisor.org\/tr\/iferror-gorunumu\/\">Excel&#8217;de #YOK yerine D\u00dc\u015eEYARA i\u00e7eren E\u011eERHATA<\/a><\/li><li> <a href=\"https:\/\/exceladvisor.org\/tr\/geriye-dogru-arama\/\">Excel&#8217;de D\u00dc\u015eEYARA&#8217;y\u0131 ters \u00e7evirme (geriye do\u011fru: sa\u011fdan sola)<\/a><\/li><li> <a href=\"https:\/\/exceladvisor.org\/tr\/vssearch-eslesmesi\/\">Excel&#8217;de D\u00dc\u015eEYARA E\u015eLE\u015eT\u0130RME&#8217;yi birle\u015ftirme<\/a><\/li><li> <a href=\"https:\/\/exceladvisor.org\/tr\/birden-fazla-kritere-goz-atma\/\">Excel&#8217;de birden \u00e7ok \u00f6l\u00e7\u00fctle D\u00dc\u015eEYARA<\/a><\/li><li> <a href=\"https:\/\/exceladvisor.org\/tr\/vlookup-ozellikli-joker-karakterler\/\">Excel&#8217;de D\u00dc\u015eEYARA i\u00e7eren joker karakterler<\/a><\/li><\/ul><\/div><\/div><\/div><\/div>","protected":false},"excerpt":{"rendered":"","protected":false},"author":1,"featured_media":0,"parent":0,"menu_order":0,"comment_status":"open","ping_status":"closed","template":"","meta":{"ub_ctt_via":"","footnotes":""},"class_list":["post-1599","page","type-page","status-publish","hentry"],"featured_image_src":null,"yoast_head":"<!-- This site is optimized with the Yoast SEO plugin v25.4 - https:\/\/yoast.com\/wordpress\/plugins\/seo\/ -->\n<title>Excel&#039;de iki y\u00f6nl\u00fc arama nas\u0131l yap\u0131l\u0131r?<\/title>\n<meta name=\"description\" content=\"Bu makalede \u00e7ift y\u00f6nl\u00fc arama hakk\u0131nda bilgi edineceksiniz. \u0130ki y\u00f6nl\u00fc bir arama ger\u00e7ekle\u015ftirmek, bir de\u011fer elde etmeyi i\u00e7erir.\" \/>\n<meta name=\"robots\" content=\"index, follow, max-snippet:-1, max-image-preview:large, max-video-preview:-1\" \/>\n<link rel=\"canonical\" href=\"https:\/\/exceladvisor.org\/tr\/cift-yonlu-arama\/\" \/>\n<meta property=\"og:locale\" content=\"tr_TR\" \/>\n<meta property=\"og:type\" content=\"article\" \/>\n<meta property=\"og:title\" content=\"Excel&#039;de iki y\u00f6nl\u00fc arama nas\u0131l yap\u0131l\u0131r?\" \/>\n<meta property=\"og:description\" content=\"Bu makalede \u00e7ift y\u00f6nl\u00fc arama hakk\u0131nda bilgi edineceksiniz. \u0130ki y\u00f6nl\u00fc bir arama ger\u00e7ekle\u015ftirmek, bir de\u011fer elde etmeyi i\u00e7erir.\" \/>\n<meta property=\"og:url\" content=\"https:\/\/exceladvisor.org\/tr\/cift-yonlu-arama\/\" \/>\n<meta property=\"og:site_name\" content=\"Excel Advisor\" \/>\n<meta property=\"article:modified_time\" content=\"2023-12-10T06:01:12+00:00\" \/>\n<meta property=\"og:image\" content=\"https:\/\/exceladvisor.org\/wp-content\/uploads\/2023\/08\/comment-effectuer-une-recherche-bidirectionnelle-dans-un-tableau-a-deux-dimensions-Excel-1.png\" \/>\n<meta name=\"twitter:card\" content=\"summary_large_image\" \/>\n<meta name=\"twitter:label1\" content=\"Tahmini okuma s\u00fcresi\" \/>\n\t<meta name=\"twitter:data1\" content=\"2 dakika\" \/>\n<script type=\"application\/ld+json\" class=\"yoast-schema-graph\">{\"@context\":\"https:\/\/schema.org\",\"@graph\":[{\"@type\":\"WebPage\",\"@id\":\"https:\/\/exceladvisor.org\/tr\/cift-yonlu-arama\/\",\"url\":\"https:\/\/exceladvisor.org\/tr\/cift-yonlu-arama\/\",\"name\":\"Excel&#39;de iki y\u00f6nl\u00fc arama nas\u0131l yap\u0131l\u0131r?\",\"isPartOf\":{\"@id\":\"https:\/\/exceladvisor.org\/tr\/#website\"},\"primaryImageOfPage\":{\"@id\":\"https:\/\/exceladvisor.org\/tr\/cift-yonlu-arama\/#primaryimage\"},\"image\":{\"@id\":\"https:\/\/exceladvisor.org\/tr\/cift-yonlu-arama\/#primaryimage\"},\"thumbnailUrl\":\"https:\/\/exceladvisor.org\/wp-content\/uploads\/2023\/08\/comment-effectuer-une-recherche-bidirectionnelle-dans-un-tableau-a-deux-dimensions-Excel-1.png\",\"datePublished\":\"2023-11-15T14:06:42+00:00\",\"dateModified\":\"2023-12-10T06:01:12+00:00\",\"description\":\"Bu makalede \u00e7ift y\u00f6nl\u00fc arama hakk\u0131nda bilgi edineceksiniz. \u0130ki y\u00f6nl\u00fc bir arama ger\u00e7ekle\u015ftirmek, bir de\u011fer elde etmeyi i\u00e7erir.\",\"breadcrumb\":{\"@id\":\"https:\/\/exceladvisor.org\/tr\/cift-yonlu-arama\/#breadcrumb\"},\"inLanguage\":\"tr\",\"potentialAction\":[{\"@type\":\"ReadAction\",\"target\":[\"https:\/\/exceladvisor.org\/tr\/cift-yonlu-arama\/\"]}]},{\"@type\":\"ImageObject\",\"inLanguage\":\"tr\",\"@id\":\"https:\/\/exceladvisor.org\/tr\/cift-yonlu-arama\/#primaryimage\",\"url\":\"https:\/\/exceladvisor.org\/wp-content\/uploads\/2023\/08\/comment-effectuer-une-recherche-bidirectionnelle-dans-un-tableau-a-deux-dimensions-Excel-1.png\",\"contentUrl\":\"https:\/\/exceladvisor.org\/wp-content\/uploads\/2023\/08\/comment-effectuer-une-recherche-bidirectionnelle-dans-un-tableau-a-deux-dimensions-Excel-1.png\"},{\"@type\":\"BreadcrumbList\",\"@id\":\"https:\/\/exceladvisor.org\/tr\/cift-yonlu-arama\/#breadcrumb\",\"itemListElement\":[{\"@type\":\"ListItem\",\"position\":1,\"name\":\"Ev\",\"item\":\"https:\/\/exceladvisor.org\/tr\/\"},{\"@type\":\"ListItem\",\"position\":2,\"name\":\"Excel&#39;de iki y\u00f6nl\u00fc arama nas\u0131l yap\u0131l\u0131r?\"}]},{\"@type\":\"WebSite\",\"@id\":\"https:\/\/exceladvisor.org\/tr\/#website\",\"url\":\"https:\/\/exceladvisor.org\/tr\/\",\"name\":\"Excel Advisor\",\"description\":\"Veri hakimiyetine y\u00f6nelik nihai rehberiniz!\",\"publisher\":{\"@id\":\"https:\/\/exceladvisor.org\/tr\/#organization\"},\"potentialAction\":[{\"@type\":\"SearchAction\",\"target\":{\"@type\":\"EntryPoint\",\"urlTemplate\":\"https:\/\/exceladvisor.org\/tr\/?s={search_term_string}\"},\"query-input\":{\"@type\":\"PropertyValueSpecification\",\"valueRequired\":true,\"valueName\":\"search_term_string\"}}],\"inLanguage\":\"tr\"},{\"@type\":\"Organization\",\"@id\":\"https:\/\/exceladvisor.org\/tr\/#organization\",\"name\":\"Excel Advisor\",\"url\":\"https:\/\/exceladvisor.org\/tr\/\",\"logo\":{\"@type\":\"ImageObject\",\"inLanguage\":\"tr\",\"@id\":\"https:\/\/exceladvisor.org\/tr\/#\/schema\/logo\/image\/\",\"url\":\"https:\/\/exceladvisor.org\/tr\/wp-content\/uploads\/2023\/12\/exceladvisor.org_.png\",\"contentUrl\":\"https:\/\/exceladvisor.org\/tr\/wp-content\/uploads\/2023\/12\/exceladvisor.org_.png\",\"width\":105,\"height\":36,\"caption\":\"Excel Advisor\"},\"image\":{\"@id\":\"https:\/\/exceladvisor.org\/tr\/#\/schema\/logo\/image\/\"}}]}<\/script>\n<!-- \/ Yoast SEO plugin. -->","yoast_head_json":{"title":"Excel&#39;de iki y\u00f6nl\u00fc arama nas\u0131l yap\u0131l\u0131r?","description":"Bu makalede \u00e7ift y\u00f6nl\u00fc arama hakk\u0131nda bilgi edineceksiniz. \u0130ki y\u00f6nl\u00fc bir arama ger\u00e7ekle\u015ftirmek, bir de\u011fer elde etmeyi i\u00e7erir.","robots":{"index":"index","follow":"follow","max-snippet":"max-snippet:-1","max-image-preview":"max-image-preview:large","max-video-preview":"max-video-preview:-1"},"canonical":"https:\/\/exceladvisor.org\/tr\/cift-yonlu-arama\/","og_locale":"tr_TR","og_type":"article","og_title":"Excel&#39;de iki y\u00f6nl\u00fc arama nas\u0131l yap\u0131l\u0131r?","og_description":"Bu makalede \u00e7ift y\u00f6nl\u00fc arama hakk\u0131nda bilgi edineceksiniz. \u0130ki y\u00f6nl\u00fc bir arama ger\u00e7ekle\u015ftirmek, bir de\u011fer elde etmeyi i\u00e7erir.","og_url":"https:\/\/exceladvisor.org\/tr\/cift-yonlu-arama\/","og_site_name":"Excel Advisor","article_modified_time":"2023-12-10T06:01:12+00:00","og_image":[{"url":"https:\/\/exceladvisor.org\/wp-content\/uploads\/2023\/08\/comment-effectuer-une-recherche-bidirectionnelle-dans-un-tableau-a-deux-dimensions-Excel-1.png","type":"","width":"","height":""}],"twitter_card":"summary_large_image","twitter_misc":{"Tahmini okuma s\u00fcresi":"2 dakika"},"schema":{"@context":"https:\/\/schema.org","@graph":[{"@type":"WebPage","@id":"https:\/\/exceladvisor.org\/tr\/cift-yonlu-arama\/","url":"https:\/\/exceladvisor.org\/tr\/cift-yonlu-arama\/","name":"Excel&#39;de iki y\u00f6nl\u00fc arama nas\u0131l yap\u0131l\u0131r?","isPartOf":{"@id":"https:\/\/exceladvisor.org\/tr\/#website"},"primaryImageOfPage":{"@id":"https:\/\/exceladvisor.org\/tr\/cift-yonlu-arama\/#primaryimage"},"image":{"@id":"https:\/\/exceladvisor.org\/tr\/cift-yonlu-arama\/#primaryimage"},"thumbnailUrl":"https:\/\/exceladvisor.org\/wp-content\/uploads\/2023\/08\/comment-effectuer-une-recherche-bidirectionnelle-dans-un-tableau-a-deux-dimensions-Excel-1.png","datePublished":"2023-11-15T14:06:42+00:00","dateModified":"2023-12-10T06:01:12+00:00","description":"Bu makalede \u00e7ift y\u00f6nl\u00fc arama hakk\u0131nda bilgi edineceksiniz. \u0130ki y\u00f6nl\u00fc bir arama ger\u00e7ekle\u015ftirmek, bir de\u011fer elde etmeyi i\u00e7erir.","breadcrumb":{"@id":"https:\/\/exceladvisor.org\/tr\/cift-yonlu-arama\/#breadcrumb"},"inLanguage":"tr","potentialAction":[{"@type":"ReadAction","target":["https:\/\/exceladvisor.org\/tr\/cift-yonlu-arama\/"]}]},{"@type":"ImageObject","inLanguage":"tr","@id":"https:\/\/exceladvisor.org\/tr\/cift-yonlu-arama\/#primaryimage","url":"https:\/\/exceladvisor.org\/wp-content\/uploads\/2023\/08\/comment-effectuer-une-recherche-bidirectionnelle-dans-un-tableau-a-deux-dimensions-Excel-1.png","contentUrl":"https:\/\/exceladvisor.org\/wp-content\/uploads\/2023\/08\/comment-effectuer-une-recherche-bidirectionnelle-dans-un-tableau-a-deux-dimensions-Excel-1.png"},{"@type":"BreadcrumbList","@id":"https:\/\/exceladvisor.org\/tr\/cift-yonlu-arama\/#breadcrumb","itemListElement":[{"@type":"ListItem","position":1,"name":"Ev","item":"https:\/\/exceladvisor.org\/tr\/"},{"@type":"ListItem","position":2,"name":"Excel&#39;de iki y\u00f6nl\u00fc arama nas\u0131l yap\u0131l\u0131r?"}]},{"@type":"WebSite","@id":"https:\/\/exceladvisor.org\/tr\/#website","url":"https:\/\/exceladvisor.org\/tr\/","name":"Excel Advisor","description":"Veri hakimiyetine y\u00f6nelik nihai rehberiniz!","publisher":{"@id":"https:\/\/exceladvisor.org\/tr\/#organization"},"potentialAction":[{"@type":"SearchAction","target":{"@type":"EntryPoint","urlTemplate":"https:\/\/exceladvisor.org\/tr\/?s={search_term_string}"},"query-input":{"@type":"PropertyValueSpecification","valueRequired":true,"valueName":"search_term_string"}}],"inLanguage":"tr"},{"@type":"Organization","@id":"https:\/\/exceladvisor.org\/tr\/#organization","name":"Excel Advisor","url":"https:\/\/exceladvisor.org\/tr\/","logo":{"@type":"ImageObject","inLanguage":"tr","@id":"https:\/\/exceladvisor.org\/tr\/#\/schema\/logo\/image\/","url":"https:\/\/exceladvisor.org\/tr\/wp-content\/uploads\/2023\/12\/exceladvisor.org_.png","contentUrl":"https:\/\/exceladvisor.org\/tr\/wp-content\/uploads\/2023\/12\/exceladvisor.org_.png","width":105,"height":36,"caption":"Excel Advisor"},"image":{"@id":"https:\/\/exceladvisor.org\/tr\/#\/schema\/logo\/image\/"}}]}},"yoast_meta":{"yoast_wpseo_title":"","yoast_wpseo_metadesc":"","yoast_wpseo_canonical":""},"_links":{"self":[{"href":"https:\/\/exceladvisor.org\/tr\/wp-json\/wp\/v2\/pages\/1599","targetHints":{"allow":["GET"]}}],"collection":[{"href":"https:\/\/exceladvisor.org\/tr\/wp-json\/wp\/v2\/pages"}],"about":[{"href":"https:\/\/exceladvisor.org\/tr\/wp-json\/wp\/v2\/types\/page"}],"author":[{"embeddable":true,"href":"https:\/\/exceladvisor.org\/tr\/wp-json\/wp\/v2\/users\/1"}],"replies":[{"embeddable":true,"href":"https:\/\/exceladvisor.org\/tr\/wp-json\/wp\/v2\/comments?post=1599"}],"version-history":[{"count":1,"href":"https:\/\/exceladvisor.org\/tr\/wp-json\/wp\/v2\/pages\/1599\/revisions"}],"predecessor-version":[{"id":2487,"href":"https:\/\/exceladvisor.org\/tr\/wp-json\/wp\/v2\/pages\/1599\/revisions\/2487"}],"wp:attachment":[{"href":"https:\/\/exceladvisor.org\/tr\/wp-json\/wp\/v2\/media?parent=1599"}],"curies":[{"name":"wp","href":"https:\/\/api.w.org\/{rel}","templated":true}]}}